{"id":15341,"date":"2021-11-26T09:12:37","date_gmt":"2021-11-25T10:10:34","guid":{"rendered":"https:\/\/idecesos.com\/seguros\/companias\/banco-bpi\/telefono\/"},"modified":"2022-04-03T17:27:30","modified_gmt":"2022-04-03T17:27:30","slug":"telefono","status":"publish","type":"page","link":"https:\/\/idecesos.com\/seguros\/companias\/banco-bpi\/telefono\/","title":{"rendered":"Atenci\u00f3n al cliente BPI: telefono gratuito, e-mail"},"content":{"rendered":"<div id=\"ez-toc-container\" class=\"ez-toc-v2_0_82_2 ez-toc-wrap-center counter-hierarchy ez-toc-counter ez-toc-custom ez-toc-container-direction\">\n<div class=\"ez-toc-title-container\">\n<p class=\"ez-toc-title\" style=\"cursor:inherit\">Tabla de Contenido<\/p>\n<span class=\"ez-toc-title-toggle\"><a href=\"#\" class=\"ez-toc-pull-right ez-toc-btn ez-toc-btn-xs ez-toc-btn-default ez-toc-toggle\" aria-label=\"Alternar tabla de contenidos\"><span class=\"ez-toc-js-icon-con\"><span class=\"\"><span class=\"eztoc-hide\" style=\"display:none;\">Toggle<\/span><span class=\"ez-toc-icon-toggle-span\"><svg style=\"fill: #db6415;color:#db6415\" xmlns=\"http:\/\/www.w3.org\/2000\/svg\" class=\"list-377408\" width=\"20px\" height=\"20px\" viewBox=\"0 0 24 24\" fill=\"none\"><path d=\"M6 6H4v2h2V6zm14 0H8v2h12V6zM4 11h2v2H4v-2zm16 0H8v2h12v-2zM4 16h2v2H4v-2zm16 0H8v2h12v-2z\" fill=\"currentColor\"><\/path><\/svg><svg style=\"fill: #db6415;color:#db6415\" class=\"arrow-unsorted-368013\" xmlns=\"http:\/\/www.w3.org\/2000\/svg\" width=\"10px\" height=\"10px\" viewBox=\"0 0 24 24\" version=\"1.2\" baseProfile=\"tiny\"><path d=\"M18.2 9.3l-6.2-6.3-6.2 6.3c-.2.2-.3.4-.3.7s.1.5.3.7c.2.2.4.3.7.3h11c.3 0 .5-.1.7-.3.2-.2.3-.5.3-.7s-.1-.5-.3-.7zM5.8 14.7l6.2 6.3 6.2-6.3c.2-.2.3-.5.3-.7s-.1-.5-.3-.7c-.2-.2-.4-.3-.7-.3h-11c-.3 0-.5.1-.7.3-.2.2-.3.5-.3.7s.1.5.3.7z\"\/><\/svg><\/span><\/span><\/span><\/a><\/span><\/div>\n<nav><ul class='ez-toc-list ez-toc-list-level-1 ' ><ul class='ez-toc-list-level-4' ><li class='ez-toc-heading-level-4'><ul class='ez-toc-list-level-4' ><li class='ez-toc-heading-level-4'><a class=\"ez-toc-link ez-toc-heading-1\" href=\"https:\/\/idecesos.com\/seguros\/companias\/banco-bpi\/telefono\/#Telefono_Contrataciones_951_127_403\" >Tel\u00e9fono Contrataciones \n951 127 403<\/a><\/li><\/ul><\/li><\/ul><\/li><li class='ez-toc-page-1 ez-toc-heading-level-2'><a class=\"ez-toc-link ez-toc-heading-2\" href=\"https:\/\/idecesos.com\/seguros\/companias\/banco-bpi\/telefono\/#%C2%BFComo_contactar_con_BPI\" >\u00bfC\u00f3mo contactar con BPI?<\/a><ul class='ez-toc-list-level-3' ><li class='ez-toc-heading-level-3'><a class=\"ez-toc-link ez-toc-heading-3\" href=\"https:\/\/idecesos.com\/seguros\/companias\/banco-bpi\/telefono\/#Telefono_gratuito_de_BPI\" >Tel\u00e9fono gratuito de BPI<\/a><\/li><li class='ez-toc-page-1 ez-toc-heading-level-3'><a class=\"ez-toc-link ez-toc-heading-4\" href=\"https:\/\/idecesos.com\/seguros\/companias\/banco-bpi\/telefono\/#Horario_de_atencion_al_cliente_de_BPI\" >Horario de atenci\u00f3n al cliente de BPI<\/a><\/li><li class='ez-toc-page-1 ez-toc-heading-level-3'><a class=\"ez-toc-link ez-toc-heading-5\" href=\"https:\/\/idecesos.com\/seguros\/companias\/banco-bpi\/telefono\/#Correo_electronico_de_BPI\" >Correo electr\u00f3nico de BPI<\/a><\/li><li class='ez-toc-page-1 ez-toc-heading-level-3'><a class=\"ez-toc-link ez-toc-heading-6\" href=\"https:\/\/idecesos.com\/seguros\/companias\/banco-bpi\/telefono\/#Formulario_en_el_sitio_Web_de_BPI\" >Formulario en el sitio Web de BPI<\/a><\/li><li class='ez-toc-page-1 ez-toc-heading-level-3'><a class=\"ez-toc-link ez-toc-heading-7\" href=\"https:\/\/idecesos.com\/seguros\/companias\/banco-bpi\/telefono\/#Redes_sociales_de_BPI\" >Redes sociales de BPI<\/a><\/li><li class='ez-toc-page-1 ez-toc-heading-level-3'><a class=\"ez-toc-link ez-toc-heading-8\" href=\"https:\/\/idecesos.com\/seguros\/companias\/banco-bpi\/telefono\/#Paginas_relacionadas\" >P\u00e1ginas relacionadas<\/a><\/li><\/ul><\/li><\/ul><\/nav><\/div>\n\n<div class=\"caja\">\n<div class=\"cajaIcono2 \"  ><div class=\"cuadro\" style=\"box-shadow: inset 0 0 0 3px #ff790e\"><div class=\"iconoCircular\" style=\"border: 3px solid #ff790e\">\t\t\n\t\t\t\t\t<div class=\"iconoCirculo\">\n\t\t\t\t\t  <i class=\"fas fa-phone-volume\"><\/i>\n\t\t\t\t\t<\/div>\n\t\t\t\t<\/div><div class=\"\">\n<h4 style=\"text-align: center;\"><span class=\"ez-toc-section\" id=\"Telefono_Contrataciones_951_127_403\"><\/span><strong>Tel\u00e9fono Contrataciones<br \/>\n951 127 403<\/strong><span class=\"ez-toc-section-end\"><\/span><\/h4>\n<p><\/div><\/div><\/div><br \/>\nBPI presenta una pluralidad de m\u00e9todos, plenamente gratuitos, a fin de que pueda tener la informaci\u00f3n necesaria sobre la compa\u00f1\u00eda, de forma f\u00e1cil y f\u00e1cil. Si quiere saber o bien ser informado sobre los aspectos y prestaciones que ofrece de su seguro de decesos, como por servirnos de un ejemplo la asistencia en viaje y\/o despu\u00e9s de la hospitalizaci\u00f3n, el coste de la urna o bien ata\u00fad, el camposanto elegido, y otros m\u00e1s, ser\u00e1 a trav\u00e9s del servicio de atenci\u00f3n al usuario. As\u00ed, todo estar\u00e1 cerrado cuando llegue el d\u00eda tan complicado del entierro de un familiar y, no va a deber inquietar por nada en torno a su seguro. Recibir\u00e1 el mayor respeto posible por parte de los profesionales.<br \/>\n<\/div><\/p>\n<div class=\"colorf \"  ><div class=\"container clearfix\"><div class=\"col-md-7\"><\/p>\n<h2><span class=\"ez-toc-section\" id=\"%C2%BFComo_contactar_con_BPI\"><\/span>\u00bfC\u00f3mo contactar con BPI?<span class=\"ez-toc-section-end\"><\/span><\/h2>\n<p>Gratuitamente, puede contactar con BPI, enviando un e-mail a la direcci\u00f3n de correo que ofrecen, llamando al n\u00famero de contacto en horario de atenci\u00f3n al usuario, rellenando un formulario en su web y mediante los perfiles en sus redes sociales.<br \/>\n<\/div><\/div><\/div>\n<h3><span class=\"ez-toc-section\" id=\"Telefono_gratuito_de_BPI\"><\/span>Tel\u00e9fono gratuito de BPI<span class=\"ez-toc-section-end\"><\/span><\/h3>\n<p>A fin de que le sea sencillo localizar respuestas a sus preguntas, cuestiones, etc\u00e9teraEn torno a su seguro de decesos, se le dar\u00e1 un n\u00famero de contacto y de esta forma dialogar con la compa\u00f1\u00eda. No sabiendo cu\u00e1nto puede durar la charla, sus dudas o explicaciones, es la manera m\u00e1s sencilla de mantener contacto con el profesional y, de este modo, va a tener una comunicaci\u00f3n m\u00e1s cercana. Se acabaron las esperas, BPI da el siguiente tel\u00e9fono gratis <strong>915 77 89 74<\/strong> con el que podr\u00e1s contactar con los especialistas sin desplazarse hasta alguna oficina.<br \/>\n<div class=\"colorf\"><div class=\"container clearfix\"><div class=\"col-md-7\"><\/p>\n<div class=\"cabecera_tabla_ajustada \"  style=\"width:80%\" ><div class=\"row\"><\/div>\n<div class=\"fila_tabla4 \"  ><div class=\"row\"><div class=\"col-8 nosepara izq\"><p><strong>Tel\u00e9fono para contrataciones<\/strong><\/p><\/div><div class=\"col-4 nosepara centro\">951 127 403<\/div><\/div><\/div>\n<div class=\"pie_tabla \"  ><div class=\"row\"><div class=\"col-12 \"><\/div><\/div><\/div><\/div>\n<\/div><\/div><\/div>\n<h3><span class=\"ez-toc-section\" id=\"Horario_de_atencion_al_cliente_de_BPI\"><\/span>Horario de atenci\u00f3n al cliente de BPI<span class=\"ez-toc-section-end\"><\/span><\/h3>\n<p>Para que puedas resolver sus inquietudes, BPI pone a su predisposici\u00f3n un horario flexible de atenci\u00f3n al usuario. De este modo, va a tener m\u00e1s posibilidad de poder realizar la llamada durante el d\u00eda. La persona de atenci\u00f3n al usuario se pondr\u00e1 a su total disposici\u00f3n para asistirle en lo que necesite. Si la llamada lo precisa, ser\u00e1 desviado a uno de los asesores especialistas de la compa\u00f1\u00eda. Este podr\u00e1 resolverle sus dudas y preguntas que desee saber sobre su seguro de decesos. Finalizada la llamada, va a tener contestaci\u00f3n a sus preguntas y estar\u00e1 contento con el trato recibido por la parte del personal.<br \/>\n<div class=\"colorf\"><div class=\"container clearfix\"><div class=\"col-md-7\"><\/p>\n<h3><span class=\"ez-toc-section\" id=\"Correo_electronico_de_BPI\"><\/span>Correo electr\u00f3nico de BPI<span class=\"ez-toc-section-end\"><\/span><\/h3>\n<p>Una gran parte de la poblaci\u00f3n es consciente de la influencia e importancia que tiene Internet, por lo que tienen perfiles en las plataformas de Hotmail, Gmail, etc. para poder hacer diferentes tr\u00e1mites, env\u00edos de ficheros, consultas. En consecuencia, es uno de los instrumentos m\u00e1s f\u00e1ciles y \u00fatiles para el recibo de datos sobre su seguro de decesos. El correo electr\u00f3nico de BPI es <strong>gestao.reclamacoes@bancobpi.pt<\/strong>\u00a0y tendr\u00e1 la posibilidad de mandarle un mensaje con la cuesti\u00f3n que desee saber sobre, por ejemplo, su p\u00f3liza. Al desempe\u00f1ar la funci\u00f3n del env\u00edo de un e-mail, la respuesta que obtenga ser\u00e1 la mejor y, terminante, para poder aclarar sus ideas.<br \/>\n<\/div><\/div><\/div><\/p>\n<h3><span class=\"ez-toc-section\" id=\"Formulario_en_el_sitio_Web_de_BPI\"><\/span>Formulario en el sitio Web de BPI<span class=\"ez-toc-section-end\"><\/span><\/h3>\n<p>Acudir a los motores de b\u00fasqueda de Internet para encontrar contestaciones a tus preguntas es, en la actualidad, uno de los actos m\u00e1s frecuentes. Esto es de este modo por la globalizaci\u00f3n de la plataforma y por el enorme alance que tiene. Con lo que todo el planeta la usa. Gracias al buscador, poniendo BPI vas a poder hallar toda la informaci\u00f3n sobre su seguro de decesos en su web <strong>www.bancobpi.pt\/<\/strong>. La informaci\u00f3n que encontrar\u00e1s en su p\u00e1gina web te va a ser \u00fatil para informarte sobre los servicios que ofrecen, precios, ventajas y considerablemente m\u00e1s, para que de esta forma tengas una idea clara de sus servicios. All\u00e1 podr\u00e1 hallar un apartado con un formulario que deber\u00e1 rellenar con sus datos a fin de que posteriormente un agente se ponga en contacto con usted lo m\u00e1s r\u00e1pido posible para resolverle sus dudas sobre el tema que le all\u00e1 preguntado.<br \/>\n<div class=\"colorf\"><div class=\"container clearfix\"><div class=\"col-md-7\"><\/p>\n<h3><span class=\"ez-toc-section\" id=\"Redes_sociales_de_BPI\"><\/span>Redes sociales de BPI<span class=\"ez-toc-section-end\"><\/span><\/h3>\n<p>En nuestros d\u00edas, las redes sociales como Twitter, Facebook, Instagram\u2026 tienen gran relevancia para la mayor parte de la poblaci\u00f3n y es, una de las herramientas con m\u00e1s difusi\u00f3n y alcance del planeta. Su utilidad hace que las personas cuenten cuando menos con una de ellas o hasta con las cuatro. BPI tiene su perfil en alguna de estas redes sociales. BPI comparte en sus redes sociales ofertas, im\u00e1genes, v\u00eddeos, links y mucho m\u00e1s a sus clientes que pueden gozar de todo ello con gran sencillez. Aun, en alguna de ellas, es posible ponerte en contacto con la compa\u00f1\u00eda, sin tener la necesidad de llamar o enviar un correo si as\u00ed lo desea.<br \/>\n<\/div><\/div><\/div><br \/>\n<\/div><\/p>\n<p><div class=\"oficinas\"> <h3><span class=\"ez-toc-section\" id=\"Paginas_relacionadas\"><\/span>P\u00e1ginas relacionadas<span class=\"ez-toc-section-end\"><\/span><\/h3><div class=\"enlazado\"><ul> <li><a href=\"https:\/\/idecesos.com\/seguros\/companias\/banco-bpi\/opiniones\/\">Opiniones BPI<\/a><\/li> <li><a href=\"https:\/\/idecesos.com\/seguros\/companias\/banco-bpi\/precio\/\">Precio seguro BPI<\/a><\/li> <li><a href=\"https:\/\/idecesos.com\/seguros\/companias\/banco-bpi\/prima-mixta\/\">BPI Prima Mixta<\/a><\/li> <li><a href=\"https:\/\/idecesos.com\/seguros\/companias\/banco-bpi\/prima-natural\/\">BPI Prima Natural<\/a><\/li> <li><a href=\"https:\/\/idecesos.com\/seguros\/companias\/banco-bpi\/prima-nivelada\/\">BPI Prima Nivelada<\/a><\/li> <li><a href=\"https:\/\/idecesos.com\/seguros\/companias\/banco-bpi\/prima-unica\/\">BPI Prima \u00danica<\/a><\/li> <li><a href=\"https:\/\/idecesos.com\/seguros\/companias\/banco-bpi\/repatriacion\/\">BPI Repatriaci\u00f3n<\/a><\/li> <li><a href=\"https:\/\/idecesos.com\/seguros\/companias\/banco-bpi\/telefono\/\">Tel\u00e9fono Gratuito BPI<\/a><\/li><\/ul><\/div> <\/div><\/p>\n","protected":false},"excerpt":{"rendered":"<p>BPI presenta una pluralidad de m\u00e9todos, plenamente gratuitos, a fin de que pueda tener la informaci\u00f3n necesaria sobre la compa\u00f1\u00eda, de forma f\u00e1cil y f\u00e1cil. Si quiere saber o bien ser informado sobre los aspectos y prestaciones que ofrece de su seguro de decesos, como por servirnos de un ejemplo la asistencia en viaje y\/o&hellip; <\/p>\n","protected":false},"author":1,"featured_media":0,"parent":273,"menu_order":0,"comment_status":"closed","ping_status":"closed","template":"single.php","meta":{"footnotes":""},"class_list":["post-15341","page","type-page","status-publish","hentry"],"yoast_head":"<!-- This site is optimized with the Yoast SEO plugin v27.3 - https:\/\/yoast.com\/product\/yoast-seo-wordpress\/ -->\n<title>Tel\u00e9fono Gratuito BPI \u25b7Atenci\u00f3n Cliente, Email, RRSS, Web<\/title>\n<meta name=\"description\" content=\"Busca aqu\u00ed\u3010BPI seguros tel\u00e9fono gratuito\u3011BPI Decesos tel\u00e9fono gratis: atenci\u00f3n al cliente y contrataciones \u2611\ufe0fVerificado en 2026\" \/>\n<meta name=\"robots\" content=\"index, follow, max-snippet:-1, max-image-preview:large, max-video-preview:-1\" \/>\n<link rel=\"canonical\" href=\"https:\/\/idecesos.com\/seguros\/companias\/banco-bpi\/telefono\/\" \/>\n<meta property=\"og:locale\" content=\"es_ES\" \/>\n<meta property=\"og:type\" content=\"article\" \/>\n<meta property=\"og:title\" content=\"Tel\u00e9fono Gratuito BPI \u25b7Atenci\u00f3n Cliente, Email, RRSS, Web\" \/>\n<meta property=\"og:description\" content=\"Busca aqu\u00ed\u3010BPI seguros tel\u00e9fono gratuito\u3011BPI Decesos tel\u00e9fono gratis: atenci\u00f3n al cliente y contrataciones \u2611\ufe0fVerificado en 2026\" \/>\n<meta property=\"og:url\" content=\"https:\/\/idecesos.com\/seguros\/companias\/banco-bpi\/telefono\/\" \/>\n<meta property=\"article:modified_time\" content=\"2022-04-03T17:27:30+00:00\" \/>\n<meta name=\"twitter:card\" content=\"summary_large_image\" \/>\n<meta name=\"twitter:label1\" content=\"Tiempo de lectura\" \/>\n\t<meta name=\"twitter:data1\" content=\"4 minutos\" \/>\n<script type=\"application\/ld+json\" class=\"yoast-schema-graph\">{\"@context\":\"https:\\\/\\\/schema.org\",\"@graph\":[{\"@type\":\"WebPage\",\"@id\":\"https:\\\/\\\/idecesos.com\\\/seguros\\\/companias\\\/banco-bpi\\\/telefono\\\/\",\"url\":\"https:\\\/\\\/idecesos.com\\\/seguros\\\/companias\\\/banco-bpi\\\/telefono\\\/\",\"name\":\"Tel\u00e9fono Gratuito BPI \u25b7Atenci\u00f3n Cliente, Email, RRSS, Web\",\"isPartOf\":{\"@id\":\"https:\\\/\\\/idecesos.com\\\/seguros\\\/#website\"},\"datePublished\":\"2021-11-25T10:10:34+00:00\",\"dateModified\":\"2022-04-03T17:27:30+00:00\",\"description\":\"Busca aqu\u00ed\u3010BPI seguros tel\u00e9fono gratuito\u3011BPI Decesos tel\u00e9fono gratis: atenci\u00f3n al cliente y contrataciones \u2611\ufe0fVerificado en 2026\",\"breadcrumb\":{\"@id\":\"https:\\\/\\\/idecesos.com\\\/seguros\\\/companias\\\/banco-bpi\\\/telefono\\\/#breadcrumb\"},\"inLanguage\":\"es\",\"potentialAction\":[{\"@type\":\"ReadAction\",\"target\":[\"https:\\\/\\\/idecesos.com\\\/seguros\\\/companias\\\/banco-bpi\\\/telefono\\\/\"]}]},{\"@type\":\"BreadcrumbList\",\"@id\":\"https:\\\/\\\/idecesos.com\\\/seguros\\\/companias\\\/banco-bpi\\\/telefono\\\/#breadcrumb\",\"itemListElement\":[{\"@type\":\"ListItem\",\"position\":1,\"name\":\"Portada\",\"item\":\"https:\\\/\\\/idecesos.com\\\/seguros\\\/\"},{\"@type\":\"ListItem\",\"position\":2,\"name\":\"Compa\u00f1\u00edas de Seguros de Decesos en Espa\u00f1a\",\"item\":\"https:\\\/\\\/idecesos.com\\\/seguros\\\/companias\\\/\"},{\"@type\":\"ListItem\",\"position\":3,\"name\":\"Seguro de decesos BPI\",\"item\":\"https:\\\/\\\/idecesos.com\\\/seguros\\\/companias\\\/banco-bpi\\\/\"},{\"@type\":\"ListItem\",\"position\":4,\"name\":\"Atenci\u00f3n al cliente BPI: telefono gratuito, e-mail\"}]},{\"@type\":\"WebSite\",\"@id\":\"https:\\\/\\\/idecesos.com\\\/seguros\\\/#website\",\"url\":\"https:\\\/\\\/idecesos.com\\\/seguros\\\/\",\"name\":\"\",\"description\":\"\",\"potentialAction\":[{\"@type\":\"SearchAction\",\"target\":{\"@type\":\"EntryPoint\",\"urlTemplate\":\"https:\\\/\\\/idecesos.com\\\/seguros\\\/?s={search_term_string}\"},\"query-input\":{\"@type\":\"PropertyValueSpecification\",\"valueRequired\":true,\"valueName\":\"search_term_string\"}}],\"inLanguage\":\"es\"}]}<\/script>\n<!-- \/ Yoast SEO plugin. -->","yoast_head_json":{"title":"Tel\u00e9fono Gratuito BPI \u25b7Atenci\u00f3n Cliente, Email, RRSS, Web","description":"Busca aqu\u00ed\u3010BPI seguros tel\u00e9fono gratuito\u3011BPI Decesos tel\u00e9fono gratis: atenci\u00f3n al cliente y contrataciones \u2611\ufe0fVerificado en 2026","robots":{"index":"index","follow":"follow","max-snippet":"max-snippet:-1","max-image-preview":"max-image-preview:large","max-video-preview":"max-video-preview:-1"},"canonical":"https:\/\/idecesos.com\/seguros\/companias\/banco-bpi\/telefono\/","og_locale":"es_ES","og_type":"article","og_title":"Tel\u00e9fono Gratuito BPI \u25b7Atenci\u00f3n Cliente, Email, RRSS, Web","og_description":"Busca aqu\u00ed\u3010BPI seguros tel\u00e9fono gratuito\u3011BPI Decesos tel\u00e9fono gratis: atenci\u00f3n al cliente y contrataciones \u2611\ufe0fVerificado en 2026","og_url":"https:\/\/idecesos.com\/seguros\/companias\/banco-bpi\/telefono\/","article_modified_time":"2022-04-03T17:27:30+00:00","twitter_card":"summary_large_image","twitter_misc":{"Tiempo de lectura":"4 minutos"},"schema":{"@context":"https:\/\/schema.org","@graph":[{"@type":"WebPage","@id":"https:\/\/idecesos.com\/seguros\/companias\/banco-bpi\/telefono\/","url":"https:\/\/idecesos.com\/seguros\/companias\/banco-bpi\/telefono\/","name":"Tel\u00e9fono Gratuito BPI \u25b7Atenci\u00f3n Cliente, Email, RRSS, Web","isPartOf":{"@id":"https:\/\/idecesos.com\/seguros\/#website"},"datePublished":"2021-11-25T10:10:34+00:00","dateModified":"2022-04-03T17:27:30+00:00","description":"Busca aqu\u00ed\u3010BPI seguros tel\u00e9fono gratuito\u3011BPI Decesos tel\u00e9fono gratis: atenci\u00f3n al cliente y contrataciones \u2611\ufe0fVerificado en 2026","breadcrumb":{"@id":"https:\/\/idecesos.com\/seguros\/companias\/banco-bpi\/telefono\/#breadcrumb"},"inLanguage":"es","potentialAction":[{"@type":"ReadAction","target":["https:\/\/idecesos.com\/seguros\/companias\/banco-bpi\/telefono\/"]}]},{"@type":"BreadcrumbList","@id":"https:\/\/idecesos.com\/seguros\/companias\/banco-bpi\/telefono\/#breadcrumb","itemListElement":[{"@type":"ListItem","position":1,"name":"Portada","item":"https:\/\/idecesos.com\/seguros\/"},{"@type":"ListItem","position":2,"name":"Compa\u00f1\u00edas de Seguros de Decesos en Espa\u00f1a","item":"https:\/\/idecesos.com\/seguros\/companias\/"},{"@type":"ListItem","position":3,"name":"Seguro de decesos BPI","item":"https:\/\/idecesos.com\/seguros\/companias\/banco-bpi\/"},{"@type":"ListItem","position":4,"name":"Atenci\u00f3n al cliente BPI: telefono gratuito, e-mail"}]},{"@type":"WebSite","@id":"https:\/\/idecesos.com\/seguros\/#website","url":"https:\/\/idecesos.com\/seguros\/","name":"","description":"","potentialAction":[{"@type":"SearchAction","target":{"@type":"EntryPoint","urlTemplate":"https:\/\/idecesos.com\/seguros\/?s={search_term_string}"},"query-input":{"@type":"PropertyValueSpecification","valueRequired":true,"valueName":"search_term_string"}}],"inLanguage":"es"}]}},"_links":{"self":[{"href":"https:\/\/idecesos.com\/seguros\/wp-json\/wp\/v2\/pages\/15341","targetHints":{"allow":["GET"]}}],"collection":[{"href":"https:\/\/idecesos.com\/seguros\/wp-json\/wp\/v2\/pages"}],"about":[{"href":"https:\/\/idecesos.com\/seguros\/wp-json\/wp\/v2\/types\/page"}],"author":[{"embeddable":true,"href":"https:\/\/idecesos.com\/seguros\/wp-json\/wp\/v2\/users\/1"}],"replies":[{"embeddable":true,"href":"https:\/\/idecesos.com\/seguros\/wp-json\/wp\/v2\/comments?post=15341"}],"version-history":[{"count":9,"href":"https:\/\/idecesos.com\/seguros\/wp-json\/wp\/v2\/pages\/15341\/revisions"}],"predecessor-version":[{"id":20925,"href":"https:\/\/idecesos.com\/seguros\/wp-json\/wp\/v2\/pages\/15341\/revisions\/20925"}],"up":[{"embeddable":true,"href":"https:\/\/idecesos.com\/seguros\/wp-json\/wp\/v2\/pages\/273"}],"wp:attachment":[{"href":"https:\/\/idecesos.com\/seguros\/wp-json\/wp\/v2\/media?parent=15341"}],"curies":[{"name":"wp","href":"https:\/\/api.w.org\/{rel}","templated":true}]}}