{"id":15342,"date":"2021-11-26T09:12:38","date_gmt":"2021-11-25T10:10:34","guid":{"rendered":"https:\/\/idecesos.com\/seguros\/companias\/banco-targobank\/telefono\/"},"modified":"2022-04-07T08:32:51","modified_gmt":"2022-04-07T08:32:51","slug":"telefono","status":"publish","type":"page","link":"https:\/\/idecesos.com\/seguros\/companias\/banco-targobank\/telefono\/","title":{"rendered":"Atenci\u00f3n al cliente Targobank: telefono gratuito, e-mail"},"content":{"rendered":"<div id=\"ez-toc-container\" class=\"ez-toc-v2_0_82_2 ez-toc-wrap-center counter-hierarchy ez-toc-counter ez-toc-custom ez-toc-container-direction\">\n<div class=\"ez-toc-title-container\">\n<p class=\"ez-toc-title\" style=\"cursor:inherit\">Tabla de Contenido<\/p>\n<span class=\"ez-toc-title-toggle\"><a href=\"#\" class=\"ez-toc-pull-right ez-toc-btn ez-toc-btn-xs ez-toc-btn-default ez-toc-toggle\" aria-label=\"Alternar tabla de contenidos\"><span class=\"ez-toc-js-icon-con\"><span class=\"\"><span class=\"eztoc-hide\" style=\"display:none;\">Toggle<\/span><span class=\"ez-toc-icon-toggle-span\"><svg style=\"fill: #db6415;color:#db6415\" xmlns=\"http:\/\/www.w3.org\/2000\/svg\" class=\"list-377408\" width=\"20px\" height=\"20px\" viewBox=\"0 0 24 24\" fill=\"none\"><path d=\"M6 6H4v2h2V6zm14 0H8v2h12V6zM4 11h2v2H4v-2zm16 0H8v2h12v-2zM4 16h2v2H4v-2zm16 0H8v2h12v-2z\" fill=\"currentColor\"><\/path><\/svg><svg style=\"fill: #db6415;color:#db6415\" class=\"arrow-unsorted-368013\" xmlns=\"http:\/\/www.w3.org\/2000\/svg\" width=\"10px\" height=\"10px\" viewBox=\"0 0 24 24\" version=\"1.2\" baseProfile=\"tiny\"><path d=\"M18.2 9.3l-6.2-6.3-6.2 6.3c-.2.2-.3.4-.3.7s.1.5.3.7c.2.2.4.3.7.3h11c.3 0 .5-.1.7-.3.2-.2.3-.5.3-.7s-.1-.5-.3-.7zM5.8 14.7l6.2 6.3 6.2-6.3c.2-.2.3-.5.3-.7s-.1-.5-.3-.7c-.2-.2-.4-.3-.7-.3h-11c-.3 0-.5.1-.7.3-.2.2-.3.5-.3.7s.1.5.3.7z\"\/><\/svg><\/span><\/span><\/span><\/a><\/span><\/div>\n<nav><ul class='ez-toc-list ez-toc-list-level-1 ' ><ul class='ez-toc-list-level-4' ><li class='ez-toc-heading-level-4'><ul class='ez-toc-list-level-4' ><li class='ez-toc-heading-level-4'><a class=\"ez-toc-link ez-toc-heading-1\" href=\"https:\/\/idecesos.com\/seguros\/companias\/banco-targobank\/telefono\/#Telefono_Contrataciones_951_127_403\" >Tel\u00e9fono Contrataciones \n951 127 403<\/a><\/li><\/ul><\/li><\/ul><\/li><li class='ez-toc-page-1 ez-toc-heading-level-2'><a class=\"ez-toc-link ez-toc-heading-2\" href=\"https:\/\/idecesos.com\/seguros\/companias\/banco-targobank\/telefono\/#%C2%BFComo_contactar_con_Targobank\" >\u00bfC\u00f3mo contactar con Targobank?<\/a><ul class='ez-toc-list-level-3' ><li class='ez-toc-heading-level-3'><a class=\"ez-toc-link ez-toc-heading-3\" href=\"https:\/\/idecesos.com\/seguros\/companias\/banco-targobank\/telefono\/#Telefono_gratuito_de_Targobank\" >Tel\u00e9fono gratuito de Targobank<\/a><\/li><li class='ez-toc-page-1 ez-toc-heading-level-3'><a class=\"ez-toc-link ez-toc-heading-4\" href=\"https:\/\/idecesos.com\/seguros\/companias\/banco-targobank\/telefono\/#Horario_de_atencion_al_cliente_de_Targobank\" >Horario de atenci\u00f3n al cliente de Targobank<\/a><\/li><li class='ez-toc-page-1 ez-toc-heading-level-3'><a class=\"ez-toc-link ez-toc-heading-5\" href=\"https:\/\/idecesos.com\/seguros\/companias\/banco-targobank\/telefono\/#Correo_electronico_de_Targobank\" >Correo electr\u00f3nico de Targobank<\/a><\/li><li class='ez-toc-page-1 ez-toc-heading-level-3'><a class=\"ez-toc-link ez-toc-heading-6\" href=\"https:\/\/idecesos.com\/seguros\/companias\/banco-targobank\/telefono\/#Formulario_en_el_sitio_Web_de_Targobank\" >Formulario en el sitio Web de Targobank<\/a><\/li><li class='ez-toc-page-1 ez-toc-heading-level-3'><a class=\"ez-toc-link ez-toc-heading-7\" href=\"https:\/\/idecesos.com\/seguros\/companias\/banco-targobank\/telefono\/#Redes_sociales_de_Targobank\" >Redes sociales de Targobank<\/a><\/li><li class='ez-toc-page-1 ez-toc-heading-level-3'><a class=\"ez-toc-link ez-toc-heading-8\" href=\"https:\/\/idecesos.com\/seguros\/companias\/banco-targobank\/telefono\/#Paginas_relacionadas\" >P\u00e1ginas relacionadas<\/a><\/li><\/ul><\/li><\/ul><\/nav><\/div>\n\n<div class=\"caja\">\n<div class=\"cajaIcono2 \"  ><div class=\"cuadro\" style=\"box-shadow: inset 0 0 0 3px #ff790e\"><div class=\"iconoCircular\" style=\"border: 3px solid #ff790e\">\t\t\n\t\t\t\t\t<div class=\"iconoCirculo\">\n\t\t\t\t\t  <i class=\"fas fa-phone-volume\"><\/i>\n\t\t\t\t\t<\/div>\n\t\t\t\t<\/div><div class=\"\">\n<h4 style=\"text-align: center;\"><span class=\"ez-toc-section\" id=\"Telefono_Contrataciones_951_127_403\"><\/span><strong>Tel\u00e9fono Contrataciones<br \/>\n951 127 403<\/strong><span class=\"ez-toc-section-end\"><\/span><\/h4>\n<p><\/div><\/div><\/div><br \/>\nEs accesible a todo aquel desee, los m\u00e9todos de contacto que ofrece Targobank para poder localizar la informaci\u00f3n necesaria f\u00e1cilmente. Con todas y cada una ellas, no va a tener la necesidad de desplazarse si no le resulta posible y, conseguir\u00e1 una r\u00e1pida y sencilla respuesta por la parte del consultor especialista en seguros de decesos. Todas las dudas y preguntas se van a tratar con el mayor respeto posible, adem\u00e1s de estar todo cerrado y listo para cuando llegue el complejo d\u00eda de la p\u00e9rdida del familiar, en tanto que es un instante dur\u00edsimo y no es posible estar en buenas condiciones para poder realizar tr\u00e1mites y cuestiones. Va a estar a su predisposici\u00f3n toda la informaci\u00f3n precisa en torno a las coberturas de su seguro, como por ejemplo, la ayuda psicol\u00f3gica que pueda recibir, diferentes servicios disponibles, el seguro bucal o bien de traslado, etc.<br \/>\n<\/div><\/p>\n<div class=\"colorf \"  ><div class=\"container clearfix\"><div class=\"col-md-7\"><\/p>\n<h2><span class=\"ez-toc-section\" id=\"%C2%BFComo_contactar_con_Targobank\"><\/span>\u00bfC\u00f3mo contactar con Targobank?<span class=\"ez-toc-section-end\"><\/span><\/h2>\n<p>La forma gratuita de contactar con Targobank es mediante su tel\u00e9fono de contacto gratis, perfil en redes sociales, web y direcci\u00f3n de e mail.<br \/>\n<\/div><\/div><\/div>\n<h3><span class=\"ez-toc-section\" id=\"Telefono_gratuito_de_Targobank\"><\/span>Tel\u00e9fono gratuito de Targobank<span class=\"ez-toc-section-end\"><\/span><\/h3>\n<p>Este es el tel\u00e9fono de contacto <strong>930 039 696<\/strong>. Targobank no deseas que pierdas tu tiempo y te facilita esta alternativa a fin de que puedas contactar con ellos de forma r\u00e1pida y f\u00e1cil. Ellos ser\u00e1n los encargados de resolverte cualquier duda o cuesti\u00f3n por medio de esta v\u00eda. La llamada no tiene ning\u00fan g\u00e9nero de costo, el tiempo que transcurra desde el principio hasta el final no corre a cargo suya por lo que puedes estar totalmente tranquilo. En todo momento, le atender\u00e1 un consultor y especialista en seguros de decesos para que de este modo pueda quedar satisfecho tras concluir la llamada.<br \/>\n<div class=\"colorf\"><div class=\"container clearfix\"><div class=\"col-md-7\"><\/p>\n<div class=\"cabecera_tabla_ajustada \"  style=\"width:80%\" ><div class=\"row\"><\/div>\n<p><div class=\"fila_tabla4 \"  ><div class=\"row\"><div class=\"col-8 nosepara izq\"><p><strong>Tel\u00e9fono para contrataciones<\/strong><\/p><\/div><div class=\"col-4 nosepara centro\">951 127 403<\/div><\/div><\/div><div class=\"fila_tabla4 \"  ><div class=\"row\"><div class=\"col-8 nosepara izq\"><p><strong>Tel\u00e9fono informaci\u00f3n<\/strong><\/p><\/div><div class=\"col-4 nosepara centro\">919 023 131<\/div><\/div><\/div><\/p>\n<div class=\"pie_tabla \"  ><div class=\"row\"><div class=\"col-12 \"><\/div><\/div><\/div><\/div>\n<\/div><\/div><\/div>\n<h3><span class=\"ez-toc-section\" id=\"Horario_de_atencion_al_cliente_de_Targobank\"><\/span>Horario de atenci\u00f3n al cliente de Targobank<span class=\"ez-toc-section-end\"><\/span><\/h3>\n<p>Targobank tiene disponible un horario de atenci\u00f3n al cliente para poder contestar de manera r\u00e1pida. Conseguir\u00e1 la posibilidad de hablar con la persona al cargo de este servicio o bien con uno de los profesionales especialistas siempre que llame al tel\u00e9fono. Lo m\u00e1s importante es que quede complacido con los datos proporcionados y el trato ofrecido por la compa\u00f1\u00eda, puesto que en todo momento se le resolver\u00e1n pl\u00e1cidamente las cuestiones que desee saber sobre su seguro de decesos. A fin de que puedas contar con del suficiente tiempo libre para poder realizar la llamada, queda a su disposici\u00f3n el siguiente horario <strong>horario Targobank<\/strong>.<br \/>\n<div class=\"colorf\"><div class=\"container clearfix\"><div class=\"col-md-7\"><\/p>\n<h3><span class=\"ez-toc-section\" id=\"Correo_electronico_de_Targobank\"><\/span>Correo electr\u00f3nico de Targobank<span class=\"ez-toc-section-end\"><\/span><\/h3>\n<p>Gran parte de la poblaci\u00f3n es consciente de la influencia y tambi\u00e9n importancia que tiene Internet, por lo que tienen perfiles en las plataformas de Hotmail, Gmail, etc. para poder llevar a cabo diferentes tr\u00e1mites, env\u00edos de archivos, consultas. Con la intenci\u00f3n de percibir datos en torno a su seguro de decesos, es de las herramientas m\u00e1s beneficiosas y convenientes. El pr\u00f3ximo mail <strong>atencionaclientes@targobank.es<\/strong> pertenece a Targobank, con el que podr\u00e1 preguntar lo que quiera sobre su prima, p\u00f3liza\u2026Al desempe\u00f1ar la funci\u00f3n del env\u00edo de un mail, la contestaci\u00f3n que obtenga ser\u00e1 la mejor y, terminante, para poder aclarar sus ideas.<br \/>\n<\/div><\/div><\/div><\/p>\n<h3><span class=\"ez-toc-section\" id=\"Formulario_en_el_sitio_Web_de_Targobank\"><\/span>Formulario en el sitio Web de Targobank<span class=\"ez-toc-section-end\"><\/span><\/h3>\n<p>La plataforma m\u00e1s codiciada, a d\u00eda de hoy, son los buscadores de Internet y la poblaci\u00f3n tiene f\u00e1cil acceso a ellos. Todas y cada una de las contestaciones a sus preguntas las hallar\u00e1 tecleando una simple palabra. Targobank le ofrece informaci\u00f3n sobre aspectos relacionados con su seguro de decesos como, por ejemplo, los servicios que presentan, por medio de su p\u00e1gina. De esta forma, recoger\u00e1 amplias notas para un asesoramiento de cara al futuro. La informaci\u00f3n que podr\u00e1 ver es de car\u00e1cter general, se le adaptar\u00e1n las mejores garant\u00edas a sus necesidades. Su p\u00e1gina web es <strong>www.tomamosimpulso.com\/<\/strong>.<br \/>\n<div class=\"colorf\"><div class=\"container clearfix\"><div class=\"col-md-7\"><\/p>\n<h3><span class=\"ez-toc-section\" id=\"Redes_sociales_de_Targobank\"><\/span>Redes sociales de Targobank<span class=\"ez-toc-section-end\"><\/span><\/h3>\n<p>Redes sociales como Twitter, Instagram y Fb propagan sus contenidos a miles y miles de personas diariamente, con lo que son de gran importancia. Targobank es conocedora del gran impacto y repercusi\u00f3n que tienen estas plataformas, con lo que dispone de un perfil en ellas. Acceder a \u00e9l es muy sencillo, solo deber\u00e1 buscar el nombre de Targobank en tales aplicaciones. Informaci\u00f3n esencial sobre su seguro de decesos como peculiaridades, ofertas o bien enlace a p\u00e1gina es lo que hallar\u00e1 en el perfil de Targobank. Adem\u00e1s de esto, en algunas de las aplicaciones le ser\u00e1 posible ponerse en contacto con la compa\u00f1\u00eda si de esta forma lo precisa.<br \/>\n<\/div><\/div><\/div><\/p>\n<\/div>\n<p><div class=\"oficinas\"> <h3><span class=\"ez-toc-section\" id=\"Paginas_relacionadas\"><\/span>P\u00e1ginas relacionadas<span class=\"ez-toc-section-end\"><\/span><\/h3><div class=\"enlazado\"><ul> <li><a href=\"https:\/\/idecesos.com\/seguros\/companias\/banco-targobank\/opiniones\/\">Opiniones Targobank<\/a><\/li> <li><a href=\"https:\/\/idecesos.com\/seguros\/companias\/banco-targobank\/precio\/\">Precio seguro Targobank<\/a><\/li> <li><a href=\"https:\/\/idecesos.com\/seguros\/companias\/banco-targobank\/prima-mixta\/\">Targobank Prima Mixta<\/a><\/li> <li><a href=\"https:\/\/idecesos.com\/seguros\/companias\/banco-targobank\/prima-natural\/\">Targobank Prima Natural<\/a><\/li> <li><a href=\"https:\/\/idecesos.com\/seguros\/companias\/banco-targobank\/prima-nivelada\/\">Targobank Prima Nivelada<\/a><\/li> <li><a href=\"https:\/\/idecesos.com\/seguros\/companias\/banco-targobank\/prima-unica\/\">Targobank Prima \u00danica<\/a><\/li> <li><a href=\"https:\/\/idecesos.com\/seguros\/companias\/banco-targobank\/repatriacion\/\">Targobank Repatriaci\u00f3n<\/a><\/li> <li><a href=\"https:\/\/idecesos.com\/seguros\/companias\/banco-targobank\/telefono\/\">Tel\u00e9fono Gratuito Targobank<\/a><\/li><\/ul><\/div> <\/div><\/p>\n","protected":false},"excerpt":{"rendered":"<p>Es accesible a todo aquel desee, los m\u00e9todos de contacto que ofrece Targobank para poder localizar la informaci\u00f3n necesaria f\u00e1cilmente. Con todas y cada una ellas, no va a tener la necesidad de desplazarse si no le resulta posible y, conseguir\u00e1 una r\u00e1pida y sencilla respuesta por la parte del consultor especialista en seguros de&hellip; <\/p>\n","protected":false},"author":1,"featured_media":0,"parent":279,"menu_order":0,"comment_status":"closed","ping_status":"closed","template":"single.php","meta":{"footnotes":""},"class_list":["post-15342","page","type-page","status-publish","hentry"],"yoast_head":"<!-- This site is optimized with the Yoast SEO plugin v27.5 - https:\/\/yoast.com\/product\/yoast-seo-wordpress\/ -->\n<title>Tel\u00e9fono Gratuito Targobank \u25b7Atenci\u00f3n Cliente, Email, RRSS, Web<\/title>\n<meta name=\"description\" content=\"Busca aqu\u00ed\u3010Targobank seguros tel\u00e9fono gratuito\u3011Targobank Decesos tel\u00e9fono gratis: atenci\u00f3n al cliente y contrataciones \u2611\ufe0fVerificado en 2026\" \/>\n<meta name=\"robots\" content=\"index, follow, max-snippet:-1, max-image-preview:large, max-video-preview:-1\" \/>\n<link rel=\"canonical\" href=\"https:\/\/idecesos.com\/seguros\/companias\/banco-targobank\/telefono\/\" \/>\n<meta property=\"og:locale\" content=\"es_ES\" \/>\n<meta property=\"og:type\" content=\"article\" \/>\n<meta property=\"og:title\" content=\"Tel\u00e9fono Gratuito Targobank \u25b7Atenci\u00f3n Cliente, Email, RRSS, Web\" \/>\n<meta property=\"og:description\" content=\"Busca aqu\u00ed\u3010Targobank seguros tel\u00e9fono gratuito\u3011Targobank Decesos tel\u00e9fono gratis: atenci\u00f3n al cliente y contrataciones \u2611\ufe0fVerificado en 2026\" \/>\n<meta property=\"og:url\" content=\"https:\/\/idecesos.com\/seguros\/companias\/banco-targobank\/telefono\/\" \/>\n<meta property=\"article:modified_time\" content=\"2022-04-07T08:32:51+00:00\" \/>\n<meta name=\"twitter:card\" content=\"summary_large_image\" \/>\n<meta name=\"twitter:label1\" content=\"Tiempo de lectura\" \/>\n\t<meta name=\"twitter:data1\" content=\"4 minutos\" \/>\n<script type=\"application\/ld+json\" class=\"yoast-schema-graph\">{\"@context\":\"https:\\\/\\\/schema.org\",\"@graph\":[{\"@type\":\"WebPage\",\"@id\":\"https:\\\/\\\/idecesos.com\\\/seguros\\\/companias\\\/banco-targobank\\\/telefono\\\/\",\"url\":\"https:\\\/\\\/idecesos.com\\\/seguros\\\/companias\\\/banco-targobank\\\/telefono\\\/\",\"name\":\"Tel\u00e9fono Gratuito Targobank \u25b7Atenci\u00f3n Cliente, Email, RRSS, Web\",\"isPartOf\":{\"@id\":\"https:\\\/\\\/idecesos.com\\\/seguros\\\/#website\"},\"datePublished\":\"2021-11-25T10:10:34+00:00\",\"dateModified\":\"2022-04-07T08:32:51+00:00\",\"description\":\"Busca aqu\u00ed\u3010Targobank seguros tel\u00e9fono gratuito\u3011Targobank Decesos tel\u00e9fono gratis: atenci\u00f3n al cliente y contrataciones \u2611\ufe0fVerificado en 2026\",\"breadcrumb\":{\"@id\":\"https:\\\/\\\/idecesos.com\\\/seguros\\\/companias\\\/banco-targobank\\\/telefono\\\/#breadcrumb\"},\"inLanguage\":\"es\",\"potentialAction\":[{\"@type\":\"ReadAction\",\"target\":[\"https:\\\/\\\/idecesos.com\\\/seguros\\\/companias\\\/banco-targobank\\\/telefono\\\/\"]}]},{\"@type\":\"BreadcrumbList\",\"@id\":\"https:\\\/\\\/idecesos.com\\\/seguros\\\/companias\\\/banco-targobank\\\/telefono\\\/#breadcrumb\",\"itemListElement\":[{\"@type\":\"ListItem\",\"position\":1,\"name\":\"Portada\",\"item\":\"https:\\\/\\\/idecesos.com\\\/seguros\\\/\"},{\"@type\":\"ListItem\",\"position\":2,\"name\":\"Compa\u00f1\u00edas de Seguros de Decesos en Espa\u00f1a\",\"item\":\"https:\\\/\\\/idecesos.com\\\/seguros\\\/companias\\\/\"},{\"@type\":\"ListItem\",\"position\":3,\"name\":\"Seguro de decesos Targobank\",\"item\":\"https:\\\/\\\/idecesos.com\\\/seguros\\\/companias\\\/banco-targobank\\\/\"},{\"@type\":\"ListItem\",\"position\":4,\"name\":\"Atenci\u00f3n al cliente Targobank: telefono gratuito, e-mail\"}]},{\"@type\":\"WebSite\",\"@id\":\"https:\\\/\\\/idecesos.com\\\/seguros\\\/#website\",\"url\":\"https:\\\/\\\/idecesos.com\\\/seguros\\\/\",\"name\":\"\",\"description\":\"\",\"potentialAction\":[{\"@type\":\"SearchAction\",\"target\":{\"@type\":\"EntryPoint\",\"urlTemplate\":\"https:\\\/\\\/idecesos.com\\\/seguros\\\/?s={search_term_string}\"},\"query-input\":{\"@type\":\"PropertyValueSpecification\",\"valueRequired\":true,\"valueName\":\"search_term_string\"}}],\"inLanguage\":\"es\"}]}<\/script>\n<!-- \/ Yoast SEO plugin. -->","yoast_head_json":{"title":"Tel\u00e9fono Gratuito Targobank \u25b7Atenci\u00f3n Cliente, Email, RRSS, Web","description":"Busca aqu\u00ed\u3010Targobank seguros tel\u00e9fono gratuito\u3011Targobank Decesos tel\u00e9fono gratis: atenci\u00f3n al cliente y contrataciones \u2611\ufe0fVerificado en 2026","robots":{"index":"index","follow":"follow","max-snippet":"max-snippet:-1","max-image-preview":"max-image-preview:large","max-video-preview":"max-video-preview:-1"},"canonical":"https:\/\/idecesos.com\/seguros\/companias\/banco-targobank\/telefono\/","og_locale":"es_ES","og_type":"article","og_title":"Tel\u00e9fono Gratuito Targobank \u25b7Atenci\u00f3n Cliente, Email, RRSS, Web","og_description":"Busca aqu\u00ed\u3010Targobank seguros tel\u00e9fono gratuito\u3011Targobank Decesos tel\u00e9fono gratis: atenci\u00f3n al cliente y contrataciones \u2611\ufe0fVerificado en 2026","og_url":"https:\/\/idecesos.com\/seguros\/companias\/banco-targobank\/telefono\/","article_modified_time":"2022-04-07T08:32:51+00:00","twitter_card":"summary_large_image","twitter_misc":{"Tiempo de lectura":"4 minutos"},"schema":{"@context":"https:\/\/schema.org","@graph":[{"@type":"WebPage","@id":"https:\/\/idecesos.com\/seguros\/companias\/banco-targobank\/telefono\/","url":"https:\/\/idecesos.com\/seguros\/companias\/banco-targobank\/telefono\/","name":"Tel\u00e9fono Gratuito Targobank \u25b7Atenci\u00f3n Cliente, Email, RRSS, Web","isPartOf":{"@id":"https:\/\/idecesos.com\/seguros\/#website"},"datePublished":"2021-11-25T10:10:34+00:00","dateModified":"2022-04-07T08:32:51+00:00","description":"Busca aqu\u00ed\u3010Targobank seguros tel\u00e9fono gratuito\u3011Targobank Decesos tel\u00e9fono gratis: atenci\u00f3n al cliente y contrataciones \u2611\ufe0fVerificado en 2026","breadcrumb":{"@id":"https:\/\/idecesos.com\/seguros\/companias\/banco-targobank\/telefono\/#breadcrumb"},"inLanguage":"es","potentialAction":[{"@type":"ReadAction","target":["https:\/\/idecesos.com\/seguros\/companias\/banco-targobank\/telefono\/"]}]},{"@type":"BreadcrumbList","@id":"https:\/\/idecesos.com\/seguros\/companias\/banco-targobank\/telefono\/#breadcrumb","itemListElement":[{"@type":"ListItem","position":1,"name":"Portada","item":"https:\/\/idecesos.com\/seguros\/"},{"@type":"ListItem","position":2,"name":"Compa\u00f1\u00edas de Seguros de Decesos en Espa\u00f1a","item":"https:\/\/idecesos.com\/seguros\/companias\/"},{"@type":"ListItem","position":3,"name":"Seguro de decesos Targobank","item":"https:\/\/idecesos.com\/seguros\/companias\/banco-targobank\/"},{"@type":"ListItem","position":4,"name":"Atenci\u00f3n al cliente Targobank: telefono gratuito, e-mail"}]},{"@type":"WebSite","@id":"https:\/\/idecesos.com\/seguros\/#website","url":"https:\/\/idecesos.com\/seguros\/","name":"","description":"","potentialAction":[{"@type":"SearchAction","target":{"@type":"EntryPoint","urlTemplate":"https:\/\/idecesos.com\/seguros\/?s={search_term_string}"},"query-input":{"@type":"PropertyValueSpecification","valueRequired":true,"valueName":"search_term_string"}}],"inLanguage":"es"}]}},"_links":{"self":[{"href":"https:\/\/idecesos.com\/seguros\/wp-json\/wp\/v2\/pages\/15342","targetHints":{"allow":["GET"]}}],"collection":[{"href":"https:\/\/idecesos.com\/seguros\/wp-json\/wp\/v2\/pages"}],"about":[{"href":"https:\/\/idecesos.com\/seguros\/wp-json\/wp\/v2\/types\/page"}],"author":[{"embeddable":true,"href":"https:\/\/idecesos.com\/seguros\/wp-json\/wp\/v2\/users\/1"}],"replies":[{"embeddable":true,"href":"https:\/\/idecesos.com\/seguros\/wp-json\/wp\/v2\/comments?post=15342"}],"version-history":[{"count":9,"href":"https:\/\/idecesos.com\/seguros\/wp-json\/wp\/v2\/pages\/15342\/revisions"}],"predecessor-version":[{"id":21051,"href":"https:\/\/idecesos.com\/seguros\/wp-json\/wp\/v2\/pages\/15342\/revisions\/21051"}],"up":[{"embeddable":true,"href":"https:\/\/idecesos.com\/seguros\/wp-json\/wp\/v2\/pages\/279"}],"wp:attachment":[{"href":"https:\/\/idecesos.com\/seguros\/wp-json\/wp\/v2\/media?parent=15342"}],"curies":[{"name":"wp","href":"https:\/\/api.w.org\/{rel}","templated":true}]}}