{"id":15393,"date":"2021-11-26T09:12:39","date_gmt":"2021-11-25T10:17:25","guid":{"rendered":"https:\/\/idecesos.com\/seguros\/companias\/banco-albacete\/telefono\/"},"modified":"2022-04-03T17:46:25","modified_gmt":"2022-04-03T17:46:25","slug":"telefono","status":"publish","type":"page","link":"https:\/\/idecesos.com\/seguros\/companias\/banco-albacete\/telefono\/","title":{"rendered":"Atenci\u00f3n al cliente Banco Albacete: telefono gratuito, e-mail"},"content":{"rendered":"<div id=\"ez-toc-container\" class=\"ez-toc-v2_0_82_2 ez-toc-wrap-center counter-hierarchy ez-toc-counter ez-toc-custom ez-toc-container-direction\">\n<div class=\"ez-toc-title-container\">\n<p class=\"ez-toc-title\" style=\"cursor:inherit\">Tabla de Contenido<\/p>\n<span class=\"ez-toc-title-toggle\"><a href=\"#\" class=\"ez-toc-pull-right ez-toc-btn ez-toc-btn-xs ez-toc-btn-default ez-toc-toggle\" aria-label=\"Alternar tabla de contenidos\"><span class=\"ez-toc-js-icon-con\"><span class=\"\"><span class=\"eztoc-hide\" style=\"display:none;\">Toggle<\/span><span class=\"ez-toc-icon-toggle-span\"><svg style=\"fill: #db6415;color:#db6415\" xmlns=\"http:\/\/www.w3.org\/2000\/svg\" class=\"list-377408\" width=\"20px\" height=\"20px\" viewBox=\"0 0 24 24\" fill=\"none\"><path d=\"M6 6H4v2h2V6zm14 0H8v2h12V6zM4 11h2v2H4v-2zm16 0H8v2h12v-2zM4 16h2v2H4v-2zm16 0H8v2h12v-2z\" fill=\"currentColor\"><\/path><\/svg><svg style=\"fill: #db6415;color:#db6415\" class=\"arrow-unsorted-368013\" xmlns=\"http:\/\/www.w3.org\/2000\/svg\" width=\"10px\" height=\"10px\" viewBox=\"0 0 24 24\" version=\"1.2\" baseProfile=\"tiny\"><path d=\"M18.2 9.3l-6.2-6.3-6.2 6.3c-.2.2-.3.4-.3.7s.1.5.3.7c.2.2.4.3.7.3h11c.3 0 .5-.1.7-.3.2-.2.3-.5.3-.7s-.1-.5-.3-.7zM5.8 14.7l6.2 6.3 6.2-6.3c.2-.2.3-.5.3-.7s-.1-.5-.3-.7c-.2-.2-.4-.3-.7-.3h-11c-.3 0-.5.1-.7.3-.2.2-.3.5-.3.7s.1.5.3.7z\"\/><\/svg><\/span><\/span><\/span><\/a><\/span><\/div>\n<nav><ul class='ez-toc-list ez-toc-list-level-1 ' ><ul class='ez-toc-list-level-4' ><li class='ez-toc-heading-level-4'><ul class='ez-toc-list-level-4' ><li class='ez-toc-heading-level-4'><a class=\"ez-toc-link ez-toc-heading-1\" href=\"https:\/\/idecesos.com\/seguros\/companias\/banco-albacete\/telefono\/#Telefono_Contrataciones_951_127_403\" >Tel\u00e9fono Contrataciones \n951 127 403<\/a><\/li><\/ul><\/li><\/ul><\/li><li class='ez-toc-page-1 ez-toc-heading-level-2'><a class=\"ez-toc-link ez-toc-heading-2\" href=\"https:\/\/idecesos.com\/seguros\/companias\/banco-albacete\/telefono\/#%C2%BFComo_contactar_con_Banco_Albacete\" >\u00bfC\u00f3mo contactar con Banco Albacete?<\/a><ul class='ez-toc-list-level-3' ><li class='ez-toc-heading-level-3'><a class=\"ez-toc-link ez-toc-heading-3\" href=\"https:\/\/idecesos.com\/seguros\/companias\/banco-albacete\/telefono\/#Telefono_gratuito_de_Banco_Albacete\" >Tel\u00e9fono gratuito de Banco Albacete<\/a><\/li><li class='ez-toc-page-1 ez-toc-heading-level-3'><a class=\"ez-toc-link ez-toc-heading-4\" href=\"https:\/\/idecesos.com\/seguros\/companias\/banco-albacete\/telefono\/#Horario_de_atencion_al_cliente_de_Banco_Albacete\" >Horario de atenci\u00f3n al cliente de Banco Albacete<\/a><\/li><li class='ez-toc-page-1 ez-toc-heading-level-3'><a class=\"ez-toc-link ez-toc-heading-5\" href=\"https:\/\/idecesos.com\/seguros\/companias\/banco-albacete\/telefono\/#Correo_electronico_de_Banco_Albacete\" >Correo electr\u00f3nico de Banco Albacete<\/a><\/li><li class='ez-toc-page-1 ez-toc-heading-level-3'><a class=\"ez-toc-link ez-toc-heading-6\" href=\"https:\/\/idecesos.com\/seguros\/companias\/banco-albacete\/telefono\/#Formulario_en_el_sitio_Web_de_Banco_Albacete\" >Formulario en el sitio Web de Banco Albacete<\/a><\/li><li class='ez-toc-page-1 ez-toc-heading-level-3'><a class=\"ez-toc-link ez-toc-heading-7\" href=\"https:\/\/idecesos.com\/seguros\/companias\/banco-albacete\/telefono\/#Redes_sociales_de_Banco_Albacete\" >Redes sociales de Banco Albacete<\/a><\/li><li class='ez-toc-page-1 ez-toc-heading-level-3'><a class=\"ez-toc-link ez-toc-heading-8\" href=\"https:\/\/idecesos.com\/seguros\/companias\/banco-albacete\/telefono\/#Paginas_relacionadas\" >P\u00e1ginas relacionadas<\/a><\/li><\/ul><\/li><\/ul><\/nav><\/div>\n\n<div class=\"caja\">\n<div class=\"cajaIcono2 \"  ><div class=\"cuadro\" style=\"box-shadow: inset 0 0 0 3px #ff790e\"><div class=\"iconoCircular\" style=\"border: 3px solid #ff790e\">\t\t\n\t\t\t\t\t<div class=\"iconoCirculo\">\n\t\t\t\t\t  <i class=\"fas fa-phone-volume\"><\/i>\n\t\t\t\t\t<\/div>\n\t\t\t\t<\/div><div class=\"\">\n<h4 style=\"text-align: center;\"><span class=\"ez-toc-section\" id=\"Telefono_Contrataciones_951_127_403\"><\/span><strong>Tel\u00e9fono Contrataciones<br \/>\n951 127 403<\/strong><span class=\"ez-toc-section-end\"><\/span><\/h4>\n<p><\/div><\/div><\/div><br \/>\nPara que pueda tener acceso a informaci\u00f3n sobre Banco Albacete, tiene libre m\u00faltiples m\u00e9todos gratis, simples y sencillos. Brinda la oportunidad de poder ser informado, a trav\u00e9s de una persona al cargo del servicio de atenci\u00f3n al cliente, sobre los gastos que pueda conllevar cualquier tr\u00e1mite funerario, las orientaciones m\u00e9dicas libres, los diferentes cementerios disponibles y, otros m\u00e1s. Es por esta raz\u00f3n que, los especialistas se ocupar\u00e1 de que todo est\u00e9 aclarado, gestiones y tr\u00e1mites cerrados, para cuando toque vivir el instante tan dif\u00edcil de la muerte de un familiar. Va a recibir el mayor respeto posible por parte de los profesionales.<br \/>\n<\/div><\/p>\n<div class=\"colorf \"  ><div class=\"container clearfix\"><div class=\"col-md-7\"><\/p>\n<h2><span class=\"ez-toc-section\" id=\"%C2%BFComo_contactar_con_Banco_Albacete\"><\/span>\u00bfC\u00f3mo contactar con Banco Albacete?<span class=\"ez-toc-section-end\"><\/span><\/h2>\n<p>Banco Albacete te ofrece varias maneras f\u00e1ciles de contactar con ellos. Tiene m\u00faltiples opciones de contacto: tel\u00e9fono gratis, correo electr\u00f3nico, un formulario que vas a poder rellenar a trav\u00e9s de su p\u00e1gina web o sus redes sociales.<br \/>\n<\/div><\/div><\/div>\n<h3><span class=\"ez-toc-section\" id=\"Telefono_gratuito_de_Banco_Albacete\"><\/span>Tel\u00e9fono gratuito de Banco Albacete<span class=\"ez-toc-section-end\"><\/span><\/h3>\n<p>El usuario debe tener la facilidad de poder sostener una conversaci\u00f3n directa con la compa\u00f1\u00eda y, es por esta raz\u00f3n que, se le facilita el siguiente tel\u00e9fono de contacto, absolutamente gratuito, <strong>967 21 45 04<\/strong>. Con el mero hecho de efectuar una llamada, conseguir\u00e1 todas y cada una de las respuestas que necesite sobre su seguro de decesos y las peculiaridades que requieren sus necesidades. Es de gran importancia que sea siendo consciente del nulo costo que le va a suponer efectuar la llamada. Es uno de los m\u00e9todos m\u00e1s f\u00e1ciles y provechosos, debido a la fluidez que se genera en el contacto directo con el experto sin tener la necesidad de mucha planificaci\u00f3n.<br \/>\n<div class=\"colorf\"><div class=\"container clearfix\"><div class=\"col-md-7\"><\/p>\n<div class=\"cabecera_tabla_ajustada \"  style=\"width:80%\" ><div class=\"row\"><\/div>\n<div class=\"fila_tabla4 \"  ><div class=\"row\"><div class=\"col-8 nosepara izq\"><p><strong>Tel\u00e9fono para contrataciones<\/strong><\/p><\/div><div class=\"col-4 nosepara centro\">951 127 403<\/div><\/div><\/div>\n<div class=\"pie_tabla \"  ><div class=\"row\"><div class=\"col-12 \"><\/div><\/div><\/div><\/div>\n<\/div><\/div><\/div>\n<h3><span class=\"ez-toc-section\" id=\"Horario_de_atencion_al_cliente_de_Banco_Albacete\"><\/span>Horario de atenci\u00f3n al cliente de Banco Albacete<span class=\"ez-toc-section-end\"><\/span><\/h3>\n<p>Banco Albacete, pensando en usted, considera de suma importancia contar con de un horario de atenci\u00f3n al usuario para poder atenderle lo m\u00e1s r\u00e1pido posible. Una persona estar\u00e1 del otro lado del tel\u00e9fono siempre y cuando realice una llamada, para de esta forma poder ofrecerle la informaci\u00f3n que necesite o concertar cita con los expertos. Toda la informaci\u00f3n que quiera recibir sobre su seguro de decesos, como por servirnos de un ejemplo los costes, va a ser dada de la mejor manera posible, para que de esta forma pueda quedar contento con el trato ofrecido por la compa\u00f1\u00eda. El tiempo libre de cada persona es relativo, con lo que la compa\u00f1\u00eda ofrece el pr\u00f3ximo horario <strong>horario Banco Albacete<\/strong> y as\u00ed, poder comunicarse con ella en diferentes horas.<br \/>\n<div class=\"colorf\"><div class=\"container clearfix\"><div class=\"col-md-7\"><\/p>\n<h3><span class=\"ez-toc-section\" id=\"Correo_electronico_de_Banco_Albacete\"><\/span>Correo electr\u00f3nico de Banco Albacete<span class=\"ez-toc-section-end\"><\/span><\/h3>\n<p>Tras la llegada de Internet, la creaci\u00f3n de perfiles en plataformas como Hotmail o Gmail, hacen sencillo el env\u00edo y recibo de mensajes y documentos. Por ende, Banco Albacete ha creado la pr\u00f3xima direcci\u00f3n de e-mail <strong>contacto@bancodealbacete.es<\/strong> para que pueda establecer una buena conexi\u00f3n con los profesionales que van a estar a su disposici\u00f3n. Se le responder\u00e1 lo m\u00e1s veloz posible, reflejando en todas y cada una de sus palabras, la profesionalidad, experiencia y respeto hacia sus inquietudes sobre cualquier factor acerca de su seguro de decesos.<br \/>\n<\/div><\/div><\/div><\/p>\n<h3><span class=\"ez-toc-section\" id=\"Formulario_en_el_sitio_Web_de_Banco_Albacete\"><\/span>Formulario en el sitio Web de Banco Albacete<span class=\"ez-toc-section-end\"><\/span><\/h3>\n<p>La plataforma m\u00e1s codiciada, hoy, son los motores de b\u00fasqueda de Internet y la poblaci\u00f3n tiene simple acceso a ellos. Con solo teclear una palabra, el usuario podr\u00e1 entrar en un mundo lleno de contestaciones. Banco Albacete le ofrece informaci\u00f3n sobre aspectos relacionados con su seguro de decesos como, por poner un ejemplo, los servicios que presentan, por medio de su p\u00e1gina. De este modo, dispondr\u00e1 de datos suficientes, anteriores a un asesoramiento. En dependencia de las peculiaridades que desee obtener, va a tener unas garant\u00edas u otras, en tanto que la informaci\u00f3n dada en la web es general. La p\u00e1gina web es la siguiente <strong>www.bancodealbacete.es\/<\/strong>.<br \/>\n<div class=\"colorf\"><div class=\"container clearfix\"><div class=\"col-md-7\"><\/p>\n<h3><span class=\"ez-toc-section\" id=\"Redes_sociales_de_Banco_Albacete\"><\/span>Redes sociales de Banco Albacete<span class=\"ez-toc-section-end\"><\/span><\/h3>\n<p>Las redes sociales, Instagram, Twitter o bien Facebook, establecen una gran conexi\u00f3n con la poblaci\u00f3n y pertenecen a las herramientas con m\u00e1s difusi\u00f3n y alcance. Banco Albacete no iba a ser menos. Saber qui\u00e9nes forman parte de la empresa, contactar o bien encontrar informaci\u00f3n podr\u00e1 hacerlo a trav\u00e9s de sus plataformas disponibles. Tecleando Banco Albacete hallar\u00e1 el perfil de la compa\u00f1\u00eda y va a poder acceder a sus datos. Gracias a \u00e9l, tendr\u00e1 acceso a los datos, como enlace de web, caracter\u00edsticas\u2026 que postee la compa\u00f1\u00eda sobre su seguro de decesos y tambi\u00e9n, va a poder mandar un mensaje para comunicarse en el futuro con sus profesionales.<br \/>\n<\/div><\/div><\/div><\/p>\n<\/div>\n<p><div class=\"oficinas\"> <h3><span class=\"ez-toc-section\" id=\"Paginas_relacionadas\"><\/span>P\u00e1ginas relacionadas<span class=\"ez-toc-section-end\"><\/span><\/h3><div class=\"enlazado\"><ul> <li><a href=\"https:\/\/idecesos.com\/seguros\/companias\/banco-albacete\/opiniones\/\">Opiniones Banco Albacete<\/a><\/li> <li><a href=\"https:\/\/idecesos.com\/seguros\/companias\/banco-albacete\/precio\/\">Precio seguro Banco Albacete<\/a><\/li> <li><a href=\"https:\/\/idecesos.com\/seguros\/companias\/banco-albacete\/prima-mixta\/\">Banco Albacete Prima Mixta<\/a><\/li> <li><a href=\"https:\/\/idecesos.com\/seguros\/companias\/banco-albacete\/prima-natural\/\">Banco Albacete Prima Natural<\/a><\/li> <li><a href=\"https:\/\/idecesos.com\/seguros\/companias\/banco-albacete\/prima-nivelada\/\">Banco Albacete Prima Nivelada<\/a><\/li> <li><a href=\"https:\/\/idecesos.com\/seguros\/companias\/banco-albacete\/prima-unica\/\">Banco Albacete Prima \u00danica<\/a><\/li> <li><a href=\"https:\/\/idecesos.com\/seguros\/companias\/banco-albacete\/repatriacion\/\">Banco Albacete Repatriaci\u00f3n<\/a><\/li> <li><a href=\"https:\/\/idecesos.com\/seguros\/companias\/banco-albacete\/telefono\/\">Tel\u00e9fono Gratuito Banco Albacete<\/a><\/li><\/ul><\/div> <\/div><\/p>\n","protected":false},"excerpt":{"rendered":"<p>Para que pueda tener acceso a informaci\u00f3n sobre Banco Albacete, tiene libre m\u00faltiples m\u00e9todos gratis, simples y sencillos. Brinda la oportunidad de poder ser informado, a trav\u00e9s de una persona al cargo del servicio de atenci\u00f3n al cliente, sobre los gastos que pueda conllevar cualquier tr\u00e1mite funerario, las orientaciones m\u00e9dicas libres, los diferentes cementerios disponibles&hellip; <\/p>\n","protected":false},"author":1,"featured_media":0,"parent":283,"menu_order":0,"comment_status":"closed","ping_status":"closed","template":"single.php","meta":{"footnotes":""},"class_list":["post-15393","page","type-page","status-publish","hentry"],"yoast_head":"<!-- This site is optimized with the Yoast SEO plugin v27.3 - https:\/\/yoast.com\/product\/yoast-seo-wordpress\/ -->\n<title>Tel\u00e9fono Gratuito Banco Albacete \u25b7Atenci\u00f3n Cliente, Email, RRSS, Web<\/title>\n<meta name=\"description\" content=\"Busca aqu\u00ed\u3010Banco Albacete seguros tel\u00e9fono gratuito\u3011Banco Albacete Decesos tel\u00e9fono gratis: atenci\u00f3n al cliente y contrataciones \u2611\ufe0fVerificado en 2026\" \/>\n<meta name=\"robots\" content=\"index, follow, max-snippet:-1, max-image-preview:large, max-video-preview:-1\" \/>\n<link rel=\"canonical\" href=\"https:\/\/idecesos.com\/seguros\/companias\/banco-albacete\/telefono\/\" \/>\n<meta property=\"og:locale\" content=\"es_ES\" \/>\n<meta property=\"og:type\" content=\"article\" \/>\n<meta property=\"og:title\" content=\"Tel\u00e9fono Gratuito Banco Albacete \u25b7Atenci\u00f3n Cliente, Email, RRSS, Web\" \/>\n<meta property=\"og:description\" content=\"Busca aqu\u00ed\u3010Banco Albacete seguros tel\u00e9fono gratuito\u3011Banco Albacete Decesos tel\u00e9fono gratis: atenci\u00f3n al cliente y contrataciones \u2611\ufe0fVerificado en 2026\" \/>\n<meta property=\"og:url\" content=\"https:\/\/idecesos.com\/seguros\/companias\/banco-albacete\/telefono\/\" \/>\n<meta property=\"article:modified_time\" content=\"2022-04-03T17:46:25+00:00\" \/>\n<meta name=\"twitter:card\" content=\"summary_large_image\" \/>\n<meta name=\"twitter:label1\" content=\"Tiempo de lectura\" \/>\n\t<meta name=\"twitter:data1\" content=\"4 minutos\" \/>\n<script type=\"application\/ld+json\" class=\"yoast-schema-graph\">{\"@context\":\"https:\\\/\\\/schema.org\",\"@graph\":[{\"@type\":\"WebPage\",\"@id\":\"https:\\\/\\\/idecesos.com\\\/seguros\\\/companias\\\/banco-albacete\\\/telefono\\\/\",\"url\":\"https:\\\/\\\/idecesos.com\\\/seguros\\\/companias\\\/banco-albacete\\\/telefono\\\/\",\"name\":\"Tel\u00e9fono Gratuito Banco Albacete \u25b7Atenci\u00f3n Cliente, Email, RRSS, Web\",\"isPartOf\":{\"@id\":\"https:\\\/\\\/idecesos.com\\\/seguros\\\/#website\"},\"datePublished\":\"2021-11-25T10:17:25+00:00\",\"dateModified\":\"2022-04-03T17:46:25+00:00\",\"description\":\"Busca aqu\u00ed\u3010Banco Albacete seguros tel\u00e9fono gratuito\u3011Banco Albacete Decesos tel\u00e9fono gratis: atenci\u00f3n al cliente y contrataciones \u2611\ufe0fVerificado en 2026\",\"breadcrumb\":{\"@id\":\"https:\\\/\\\/idecesos.com\\\/seguros\\\/companias\\\/banco-albacete\\\/telefono\\\/#breadcrumb\"},\"inLanguage\":\"es\",\"potentialAction\":[{\"@type\":\"ReadAction\",\"target\":[\"https:\\\/\\\/idecesos.com\\\/seguros\\\/companias\\\/banco-albacete\\\/telefono\\\/\"]}]},{\"@type\":\"BreadcrumbList\",\"@id\":\"https:\\\/\\\/idecesos.com\\\/seguros\\\/companias\\\/banco-albacete\\\/telefono\\\/#breadcrumb\",\"itemListElement\":[{\"@type\":\"ListItem\",\"position\":1,\"name\":\"Portada\",\"item\":\"https:\\\/\\\/idecesos.com\\\/seguros\\\/\"},{\"@type\":\"ListItem\",\"position\":2,\"name\":\"Compa\u00f1\u00edas de Seguros de Decesos en Espa\u00f1a\",\"item\":\"https:\\\/\\\/idecesos.com\\\/seguros\\\/companias\\\/\"},{\"@type\":\"ListItem\",\"position\":3,\"name\":\"Seguro de decesos Banco Albacete\",\"item\":\"https:\\\/\\\/idecesos.com\\\/seguros\\\/companias\\\/banco-albacete\\\/\"},{\"@type\":\"ListItem\",\"position\":4,\"name\":\"Atenci\u00f3n al cliente Banco Albacete: telefono gratuito, e-mail\"}]},{\"@type\":\"WebSite\",\"@id\":\"https:\\\/\\\/idecesos.com\\\/seguros\\\/#website\",\"url\":\"https:\\\/\\\/idecesos.com\\\/seguros\\\/\",\"name\":\"\",\"description\":\"\",\"potentialAction\":[{\"@type\":\"SearchAction\",\"target\":{\"@type\":\"EntryPoint\",\"urlTemplate\":\"https:\\\/\\\/idecesos.com\\\/seguros\\\/?s={search_term_string}\"},\"query-input\":{\"@type\":\"PropertyValueSpecification\",\"valueRequired\":true,\"valueName\":\"search_term_string\"}}],\"inLanguage\":\"es\"}]}<\/script>\n<!-- \/ Yoast SEO plugin. -->","yoast_head_json":{"title":"Tel\u00e9fono Gratuito Banco Albacete \u25b7Atenci\u00f3n Cliente, Email, RRSS, Web","description":"Busca aqu\u00ed\u3010Banco Albacete seguros tel\u00e9fono gratuito\u3011Banco Albacete Decesos tel\u00e9fono gratis: atenci\u00f3n al cliente y contrataciones \u2611\ufe0fVerificado en 2026","robots":{"index":"index","follow":"follow","max-snippet":"max-snippet:-1","max-image-preview":"max-image-preview:large","max-video-preview":"max-video-preview:-1"},"canonical":"https:\/\/idecesos.com\/seguros\/companias\/banco-albacete\/telefono\/","og_locale":"es_ES","og_type":"article","og_title":"Tel\u00e9fono Gratuito Banco Albacete \u25b7Atenci\u00f3n Cliente, Email, RRSS, Web","og_description":"Busca aqu\u00ed\u3010Banco Albacete seguros tel\u00e9fono gratuito\u3011Banco Albacete Decesos tel\u00e9fono gratis: atenci\u00f3n al cliente y contrataciones \u2611\ufe0fVerificado en 2026","og_url":"https:\/\/idecesos.com\/seguros\/companias\/banco-albacete\/telefono\/","article_modified_time":"2022-04-03T17:46:25+00:00","twitter_card":"summary_large_image","twitter_misc":{"Tiempo de lectura":"4 minutos"},"schema":{"@context":"https:\/\/schema.org","@graph":[{"@type":"WebPage","@id":"https:\/\/idecesos.com\/seguros\/companias\/banco-albacete\/telefono\/","url":"https:\/\/idecesos.com\/seguros\/companias\/banco-albacete\/telefono\/","name":"Tel\u00e9fono Gratuito Banco Albacete \u25b7Atenci\u00f3n Cliente, Email, RRSS, Web","isPartOf":{"@id":"https:\/\/idecesos.com\/seguros\/#website"},"datePublished":"2021-11-25T10:17:25+00:00","dateModified":"2022-04-03T17:46:25+00:00","description":"Busca aqu\u00ed\u3010Banco Albacete seguros tel\u00e9fono gratuito\u3011Banco Albacete Decesos tel\u00e9fono gratis: atenci\u00f3n al cliente y contrataciones \u2611\ufe0fVerificado en 2026","breadcrumb":{"@id":"https:\/\/idecesos.com\/seguros\/companias\/banco-albacete\/telefono\/#breadcrumb"},"inLanguage":"es","potentialAction":[{"@type":"ReadAction","target":["https:\/\/idecesos.com\/seguros\/companias\/banco-albacete\/telefono\/"]}]},{"@type":"BreadcrumbList","@id":"https:\/\/idecesos.com\/seguros\/companias\/banco-albacete\/telefono\/#breadcrumb","itemListElement":[{"@type":"ListItem","position":1,"name":"Portada","item":"https:\/\/idecesos.com\/seguros\/"},{"@type":"ListItem","position":2,"name":"Compa\u00f1\u00edas de Seguros de Decesos en Espa\u00f1a","item":"https:\/\/idecesos.com\/seguros\/companias\/"},{"@type":"ListItem","position":3,"name":"Seguro de decesos Banco Albacete","item":"https:\/\/idecesos.com\/seguros\/companias\/banco-albacete\/"},{"@type":"ListItem","position":4,"name":"Atenci\u00f3n al cliente Banco Albacete: telefono gratuito, e-mail"}]},{"@type":"WebSite","@id":"https:\/\/idecesos.com\/seguros\/#website","url":"https:\/\/idecesos.com\/seguros\/","name":"","description":"","potentialAction":[{"@type":"SearchAction","target":{"@type":"EntryPoint","urlTemplate":"https:\/\/idecesos.com\/seguros\/?s={search_term_string}"},"query-input":{"@type":"PropertyValueSpecification","valueRequired":true,"valueName":"search_term_string"}}],"inLanguage":"es"}]}},"_links":{"self":[{"href":"https:\/\/idecesos.com\/seguros\/wp-json\/wp\/v2\/pages\/15393","targetHints":{"allow":["GET"]}}],"collection":[{"href":"https:\/\/idecesos.com\/seguros\/wp-json\/wp\/v2\/pages"}],"about":[{"href":"https:\/\/idecesos.com\/seguros\/wp-json\/wp\/v2\/types\/page"}],"author":[{"embeddable":true,"href":"https:\/\/idecesos.com\/seguros\/wp-json\/wp\/v2\/users\/1"}],"replies":[{"embeddable":true,"href":"https:\/\/idecesos.com\/seguros\/wp-json\/wp\/v2\/comments?post=15393"}],"version-history":[{"count":8,"href":"https:\/\/idecesos.com\/seguros\/wp-json\/wp\/v2\/pages\/15393\/revisions"}],"predecessor-version":[{"id":20928,"href":"https:\/\/idecesos.com\/seguros\/wp-json\/wp\/v2\/pages\/15393\/revisions\/20928"}],"up":[{"embeddable":true,"href":"https:\/\/idecesos.com\/seguros\/wp-json\/wp\/v2\/pages\/283"}],"wp:attachment":[{"href":"https:\/\/idecesos.com\/seguros\/wp-json\/wp\/v2\/media?parent=15393"}],"curies":[{"name":"wp","href":"https:\/\/api.w.org\/{rel}","templated":true}]}}