{"id":15394,"date":"2021-11-26T09:12:40","date_gmt":"2021-11-25T10:17:26","guid":{"rendered":"https:\/\/idecesos.com\/seguros\/companias\/banco-inversis\/telefono\/"},"modified":"2022-04-03T18:34:05","modified_gmt":"2022-04-03T18:34:05","slug":"telefono","status":"publish","type":"page","link":"https:\/\/idecesos.com\/seguros\/companias\/banco-inversis\/telefono\/","title":{"rendered":"Atenci\u00f3n al cliente Banco Inversis: telefono gratuito, e-mail"},"content":{"rendered":"<div id=\"ez-toc-container\" class=\"ez-toc-v2_0_82_2 ez-toc-wrap-center counter-hierarchy ez-toc-counter ez-toc-custom ez-toc-container-direction\">\n<div class=\"ez-toc-title-container\">\n<p class=\"ez-toc-title\" style=\"cursor:inherit\">Tabla de Contenido<\/p>\n<span class=\"ez-toc-title-toggle\"><a href=\"#\" class=\"ez-toc-pull-right ez-toc-btn ez-toc-btn-xs ez-toc-btn-default ez-toc-toggle\" aria-label=\"Alternar tabla de contenidos\"><span class=\"ez-toc-js-icon-con\"><span class=\"\"><span class=\"eztoc-hide\" style=\"display:none;\">Toggle<\/span><span class=\"ez-toc-icon-toggle-span\"><svg style=\"fill: #db6415;color:#db6415\" xmlns=\"http:\/\/www.w3.org\/2000\/svg\" class=\"list-377408\" width=\"20px\" height=\"20px\" viewBox=\"0 0 24 24\" fill=\"none\"><path d=\"M6 6H4v2h2V6zm14 0H8v2h12V6zM4 11h2v2H4v-2zm16 0H8v2h12v-2zM4 16h2v2H4v-2zm16 0H8v2h12v-2z\" fill=\"currentColor\"><\/path><\/svg><svg style=\"fill: #db6415;color:#db6415\" class=\"arrow-unsorted-368013\" xmlns=\"http:\/\/www.w3.org\/2000\/svg\" width=\"10px\" height=\"10px\" viewBox=\"0 0 24 24\" version=\"1.2\" baseProfile=\"tiny\"><path d=\"M18.2 9.3l-6.2-6.3-6.2 6.3c-.2.2-.3.4-.3.7s.1.5.3.7c.2.2.4.3.7.3h11c.3 0 .5-.1.7-.3.2-.2.3-.5.3-.7s-.1-.5-.3-.7zM5.8 14.7l6.2 6.3 6.2-6.3c.2-.2.3-.5.3-.7s-.1-.5-.3-.7c-.2-.2-.4-.3-.7-.3h-11c-.3 0-.5.1-.7.3-.2.2-.3.5-.3.7s.1.5.3.7z\"\/><\/svg><\/span><\/span><\/span><\/a><\/span><\/div>\n<nav><ul class='ez-toc-list ez-toc-list-level-1 ' ><ul class='ez-toc-list-level-4' ><li class='ez-toc-heading-level-4'><ul class='ez-toc-list-level-4' ><li class='ez-toc-heading-level-4'><a class=\"ez-toc-link ez-toc-heading-1\" href=\"https:\/\/idecesos.com\/seguros\/companias\/banco-inversis\/telefono\/#Telefono_Contrataciones_951_127_403\" >Tel\u00e9fono Contrataciones \n951 127 403<\/a><\/li><\/ul><\/li><\/ul><\/li><li class='ez-toc-page-1 ez-toc-heading-level-2'><a class=\"ez-toc-link ez-toc-heading-2\" href=\"https:\/\/idecesos.com\/seguros\/companias\/banco-inversis\/telefono\/#%C2%BFComo_contactar_con_Banco_Inversis\" >\u00bfC\u00f3mo contactar con Banco Inversis?<\/a><ul class='ez-toc-list-level-3' ><li class='ez-toc-heading-level-3'><a class=\"ez-toc-link ez-toc-heading-3\" href=\"https:\/\/idecesos.com\/seguros\/companias\/banco-inversis\/telefono\/#Telefono_gratuito_de_Banco_Inversis\" >Tel\u00e9fono gratuito de Banco Inversis<\/a><\/li><li class='ez-toc-page-1 ez-toc-heading-level-3'><a class=\"ez-toc-link ez-toc-heading-4\" href=\"https:\/\/idecesos.com\/seguros\/companias\/banco-inversis\/telefono\/#Horario_de_atencion_al_cliente_de_Banco_Inversis\" >Horario de atenci\u00f3n al cliente de Banco Inversis<\/a><\/li><li class='ez-toc-page-1 ez-toc-heading-level-3'><a class=\"ez-toc-link ez-toc-heading-5\" href=\"https:\/\/idecesos.com\/seguros\/companias\/banco-inversis\/telefono\/#Correo_electronico_de_Banco_Inversis\" >Correo electr\u00f3nico de Banco Inversis<\/a><\/li><li class='ez-toc-page-1 ez-toc-heading-level-3'><a class=\"ez-toc-link ez-toc-heading-6\" href=\"https:\/\/idecesos.com\/seguros\/companias\/banco-inversis\/telefono\/#Formulario_en_el_sitio_Web_de_Banco_Inversis\" >Formulario en el sitio Web de Banco Inversis<\/a><\/li><li class='ez-toc-page-1 ez-toc-heading-level-3'><a class=\"ez-toc-link ez-toc-heading-7\" href=\"https:\/\/idecesos.com\/seguros\/companias\/banco-inversis\/telefono\/#Redes_sociales_de_Banco_Inversis\" >Redes sociales de Banco Inversis<\/a><\/li><li class='ez-toc-page-1 ez-toc-heading-level-3'><a class=\"ez-toc-link ez-toc-heading-8\" href=\"https:\/\/idecesos.com\/seguros\/companias\/banco-inversis\/telefono\/#Paginas_relacionadas\" >P\u00e1ginas relacionadas<\/a><\/li><\/ul><\/li><\/ul><\/nav><\/div>\n\n<div class=\"caja\">\n<div class=\"cajaIcono2 \"  ><div class=\"cuadro\" style=\"box-shadow: inset 0 0 0 3px #ff790e\"><div class=\"iconoCircular\" style=\"border: 3px solid #ff790e\">\t\t\n\t\t\t\t\t<div class=\"iconoCirculo\">\n\t\t\t\t\t  <i class=\"fas fa-phone-volume\"><\/i>\n\t\t\t\t\t<\/div>\n\t\t\t\t<\/div><div class=\"\">\n<h4 style=\"text-align: center;\"><span class=\"ez-toc-section\" id=\"Telefono_Contrataciones_951_127_403\"><\/span><strong>Tel\u00e9fono Contrataciones<br \/>\n951 127 403<\/strong><span class=\"ez-toc-section-end\"><\/span><\/h4>\n<p><\/div><\/div><\/div><br \/>\nBanco Inversis dispone de un abanico de posibilidades a fin de que pueda conseguir informaci\u00f3n gratis, simple y f\u00e1cil, alcanzable para todo el planeta. Si quiere saber o ser informado sobre los aspectos y posibilidades que ofrece de su seguro de decesos, como por servirnos de un ejemplo la asistencia en viaje y\/o despu\u00e9s de la hospitalizaci\u00f3n, el coste de la urna o bien ata\u00fad, el camposanto elegido, y otros m\u00e1s, ser\u00e1 a trav\u00e9s del servicio de atenci\u00f3n al usuario. Cualquier tr\u00e1mite o bien administraci\u00f3n va a estar cerrado de cara al momento del entierro del ser querido y, para su calma, no tendr\u00e1n que estar preocupados por solamente all\u00ed. Sentir\u00e1 el \u00e1nimo y respeto merecido en todos y cada instante del proceso.<br \/>\n<\/div><\/p>\n<div class=\"colorf \"  ><div class=\"container clearfix\"><div class=\"col-md-7\"><\/p>\n<h2><span class=\"ez-toc-section\" id=\"%C2%BFComo_contactar_con_Banco_Inversis\"><\/span>\u00bfC\u00f3mo contactar con Banco Inversis?<span class=\"ez-toc-section-end\"><\/span><\/h2>\n<p>Para contactar con Banco Inversis, dispone de un tel\u00e9fono gratuito de contacto, e mail, p\u00e1gina web, en la que se le facilitar\u00e1 un formulario y, para finalizar, perfiles en diferentes redes sociales.<br \/>\n<\/div><\/div><\/div>\n<h3><span class=\"ez-toc-section\" id=\"Telefono_gratuito_de_Banco_Inversis\"><\/span>Tel\u00e9fono gratuito de Banco Inversis<span class=\"ez-toc-section-end\"><\/span><\/h3>\n<p>Su tel\u00e9fono de contacto es absolutamente gratuito. El n\u00famero es el: <strong>914 00 14 00<\/strong>. La llamada efectuada por sus agentes o por el usuario no tendr\u00e1 ning\u00fan costo en su factura telef\u00f3nica. Este procedimiento es simple y f\u00e1cil de usar. Hoy d\u00eda todo el mundo dispone de un tel\u00e9fono m\u00f3vil que te va a dar la facilidad de no tener que ir a ninguna oficina de Banco Inversis pudiendo hacer todos y cada uno de los tr\u00e1mites sobre su seguro de decesos desde su sof\u00e1. El servicio que Banco Inversis te ofrece atrav\u00e9s de sus agentes te resolver\u00e1 todas las cuestiones y tambi\u00e9n inquietudes que tenga al acabar la llamada. Gracias a su gran profesionalidad quedar\u00e1 satisfecho con sus servicios.<br \/>\n<div class=\"colorf\"><div class=\"container clearfix\"><div class=\"col-md-7\"><\/p>\n<div class=\"cabecera_tabla_ajustada \"  style=\"width:80%\" ><div class=\"row\"><\/div>\n<p><div class=\"fila_tabla4 \"  ><div class=\"row\"><div class=\"col-8 nosepara izq\"><p><strong>Tel\u00e9fono para contrataciones<\/strong><\/p><\/div><div class=\"col-4 nosepara centro\">951 127 403<\/div><\/div><\/div><div class=\"fila_tabla4 \"  ><div class=\"row\"><div class=\"col-8 nosepara izq\"><p><strong>Tel\u00e9fono informaci\u00f3n<\/strong><\/p><\/div><div class=\"col-4 nosepara centro\">900 10 19 04<\/div><\/div><\/div><\/p>\n<div class=\"pie_tabla \"  ><div class=\"row\"><div class=\"col-12 \"><\/div><\/div><\/div><\/div>\n<\/div><\/div><\/div>\n<h3><span class=\"ez-toc-section\" id=\"Horario_de_atencion_al_cliente_de_Banco_Inversis\"><\/span>Horario de atenci\u00f3n al cliente de Banco Inversis<span class=\"ez-toc-section-end\"><\/span><\/h3>\n<p>Banco Inversis tiene disponible un horario de atenci\u00f3n al usuario para poder responder de manera r\u00e1pida. Conseguir\u00e1 la posibilidad de hablar con la persona a cargo de este servicio o con uno de los profesionales expertos siempre y cuando llame al tel\u00e9fono. Toda cuesti\u00f3n que quiera saber sobre su seguro de decesos y, por consecuencia, coberturas, precios\u2026 se le resolver\u00e1 de la forma m\u00e1s clara y breve posible, a fin de que cuando cuelgue la llamada, quede completamente satisfecho con el trato y los datos facilitados. El pr\u00f3ximo horario <strong>horario Banco Inversis<\/strong> est\u00e1 concebido para que la persona que desee establecer una conversaci\u00f3n con la compa\u00f1\u00eda pueda hacerlo durante el d\u00eda.<br \/>\n<div class=\"colorf\"><div class=\"container clearfix\"><div class=\"col-md-7\"><\/p>\n<h3><span class=\"ez-toc-section\" id=\"Correo_electronico_de_Banco_Inversis\"><\/span>Correo electr\u00f3nico de Banco Inversis<span class=\"ez-toc-section-end\"><\/span><\/h3>\n<p>Es verdad que Internet est\u00e1 a la orden del d\u00eda y, es ah\u00ed donde se hallan las plataformas de correo r\u00e1pida como Hotmail y Gmail. Es por este motivo que Banco Inversis tiene a su predisposici\u00f3n un mail <strong>info@bancoinversis.es<\/strong>, que servir\u00e1 de conexi\u00f3n entre el usuario y uno de los profesionales, que va a estar a su total disposici\u00f3n en todo momento. Cada profesional le responder\u00e1 velozmente, reflejando la experiencia que tienen y el respeto cara el tema que quiera tratar en torno a sus seguro de decesos.<br \/>\n<\/div><\/div><\/div><\/p>\n<h3><span class=\"ez-toc-section\" id=\"Formulario_en_el_sitio_Web_de_Banco_Inversis\"><\/span>Formulario en el sitio Web de Banco Inversis<span class=\"ez-toc-section-end\"><\/span><\/h3>\n<p>Los buscadores web pertenecientes a Internet son considerados la mayor plataforma para toda la poblaci\u00f3n. Podr\u00e1s localizar todo g\u00e9nero de respuestas con el sencillo acto de teclear cualquier palabra. Banco Inversis tiene a predisposici\u00f3n del usuario su web, en la que estar\u00e1 plasmada toda la informaci\u00f3n necesaria sobre el seguro de decesos, como por ejemplo costes o servicios. y, de esta forma, contar con de los datos b\u00e1sicos para un futuro asesoramiento. La informaci\u00f3n libre que encontrar\u00e1 es general, dependiendo de sus necesidades o bien caracter\u00edsticas, se le ajustar\u00e1 a su medida las mejores garant\u00edas. La p\u00e1gina web de la compa\u00f1\u00eda es <strong>www.inversis.com\/<\/strong>.<br \/>\n<div class=\"colorf\"><div class=\"container clearfix\"><div class=\"col-md-7\"><\/p>\n<h3><span class=\"ez-toc-section\" id=\"Redes_sociales_de_Banco_Inversis\"><\/span>Redes sociales de Banco Inversis<span class=\"ez-toc-section-end\"><\/span><\/h3>\n<p>Las redes sociales con m\u00e1s relevancia y difusi\u00f3n entre todas las personas del planeta son: Twitter, Instagram y\/o Fb. Al estar al tanto del gran impacto que tienen, Banco Inversis dispone de un perfil en estas plataformas. Es suficiente con teclear Banco Inversis en la aplicaci\u00f3n para acceder a \u00e9l. En el perfil vas a poder ver im\u00e1genes publicitarias, enlace directo a su web, informaci\u00f3n b\u00e1sica sobre las peculiaridades que posee su seguro de decesos, si disponen de alguna oferta en ese momento, etc. Asimismo va a tener la posibilidad de contactar con los profesionales a trav\u00e9s de este m\u00e9todo.<br \/>\n<\/div><\/div><\/div><\/p>\n<\/div>\n<p><div class=\"oficinas\"> <h3><span class=\"ez-toc-section\" id=\"Paginas_relacionadas\"><\/span>P\u00e1ginas relacionadas<span class=\"ez-toc-section-end\"><\/span><\/h3><div class=\"enlazado\"><ul> <li><a href=\"https:\/\/idecesos.com\/seguros\/companias\/banco-inversis\/opiniones\/\">Opiniones Banco Inversis<\/a><\/li> <li><a href=\"https:\/\/idecesos.com\/seguros\/companias\/banco-inversis\/precio\/\">Precio seguro Banco Inversis<\/a><\/li> <li><a href=\"https:\/\/idecesos.com\/seguros\/companias\/banco-inversis\/prima-mixta\/\">Banco Inversis Prima Mixta<\/a><\/li> <li><a href=\"https:\/\/idecesos.com\/seguros\/companias\/banco-inversis\/prima-natural\/\">Banco Inversis Prima Natural<\/a><\/li> <li><a href=\"https:\/\/idecesos.com\/seguros\/companias\/banco-inversis\/prima-nivelada\/\">Banco Inversis Prima Nivelada<\/a><\/li> <li><a href=\"https:\/\/idecesos.com\/seguros\/companias\/banco-inversis\/prima-unica\/\">Banco Inversis Prima \u00danica<\/a><\/li> <li><a href=\"https:\/\/idecesos.com\/seguros\/companias\/banco-inversis\/repatriacion\/\">Banco Inversis Repatriaci\u00f3n<\/a><\/li> <li><a href=\"https:\/\/idecesos.com\/seguros\/companias\/banco-inversis\/telefono\/\">Tel\u00e9fono Gratuito Banco Inversis<\/a><\/li><\/ul><\/div> <\/div><\/p>\n","protected":false},"excerpt":{"rendered":"<p>Banco Inversis dispone de un abanico de posibilidades a fin de que pueda conseguir informaci\u00f3n gratis, simple y f\u00e1cil, alcanzable para todo el planeta. Si quiere saber o ser informado sobre los aspectos y posibilidades que ofrece de su seguro de decesos, como por servirnos de un ejemplo la asistencia en viaje y\/o despu\u00e9s de&hellip; <\/p>\n","protected":false},"author":1,"featured_media":0,"parent":290,"menu_order":0,"comment_status":"closed","ping_status":"closed","template":"single.php","meta":{"footnotes":""},"class_list":["post-15394","page","type-page","status-publish","hentry"],"yoast_head":"<!-- This site is optimized with the Yoast SEO plugin v27.5 - https:\/\/yoast.com\/product\/yoast-seo-wordpress\/ -->\n<title>Tel\u00e9fono Gratuito Banco Inversis \u25b7Atenci\u00f3n Cliente, Email, RRSS, Web<\/title>\n<meta name=\"description\" content=\"Busca aqu\u00ed\u3010Banco Inversis seguros tel\u00e9fono gratuito\u3011Banco Inversis Decesos tel\u00e9fono gratis: atenci\u00f3n al cliente y contrataciones \u2611\ufe0fVerificado en 2026\" \/>\n<meta name=\"robots\" content=\"index, follow, max-snippet:-1, max-image-preview:large, max-video-preview:-1\" \/>\n<link rel=\"canonical\" href=\"https:\/\/idecesos.com\/seguros\/companias\/banco-inversis\/telefono\/\" \/>\n<meta property=\"og:locale\" content=\"es_ES\" \/>\n<meta property=\"og:type\" content=\"article\" \/>\n<meta property=\"og:title\" content=\"Tel\u00e9fono Gratuito Banco Inversis \u25b7Atenci\u00f3n Cliente, Email, RRSS, Web\" \/>\n<meta property=\"og:description\" content=\"Busca aqu\u00ed\u3010Banco Inversis seguros tel\u00e9fono gratuito\u3011Banco Inversis Decesos tel\u00e9fono gratis: atenci\u00f3n al cliente y contrataciones \u2611\ufe0fVerificado en 2026\" \/>\n<meta property=\"og:url\" content=\"https:\/\/idecesos.com\/seguros\/companias\/banco-inversis\/telefono\/\" \/>\n<meta property=\"article:modified_time\" content=\"2022-04-03T18:34:05+00:00\" \/>\n<meta name=\"twitter:card\" content=\"summary_large_image\" \/>\n<meta name=\"twitter:label1\" content=\"Tiempo de lectura\" \/>\n\t<meta name=\"twitter:data1\" content=\"4 minutos\" \/>\n<script type=\"application\/ld+json\" class=\"yoast-schema-graph\">{\"@context\":\"https:\\\/\\\/schema.org\",\"@graph\":[{\"@type\":\"WebPage\",\"@id\":\"https:\\\/\\\/idecesos.com\\\/seguros\\\/companias\\\/banco-inversis\\\/telefono\\\/\",\"url\":\"https:\\\/\\\/idecesos.com\\\/seguros\\\/companias\\\/banco-inversis\\\/telefono\\\/\",\"name\":\"Tel\u00e9fono Gratuito Banco Inversis \u25b7Atenci\u00f3n Cliente, Email, RRSS, Web\",\"isPartOf\":{\"@id\":\"https:\\\/\\\/idecesos.com\\\/seguros\\\/#website\"},\"datePublished\":\"2021-11-25T10:17:26+00:00\",\"dateModified\":\"2022-04-03T18:34:05+00:00\",\"description\":\"Busca aqu\u00ed\u3010Banco Inversis seguros tel\u00e9fono gratuito\u3011Banco Inversis Decesos tel\u00e9fono gratis: atenci\u00f3n al cliente y contrataciones \u2611\ufe0fVerificado en 2026\",\"breadcrumb\":{\"@id\":\"https:\\\/\\\/idecesos.com\\\/seguros\\\/companias\\\/banco-inversis\\\/telefono\\\/#breadcrumb\"},\"inLanguage\":\"es\",\"potentialAction\":[{\"@type\":\"ReadAction\",\"target\":[\"https:\\\/\\\/idecesos.com\\\/seguros\\\/companias\\\/banco-inversis\\\/telefono\\\/\"]}]},{\"@type\":\"BreadcrumbList\",\"@id\":\"https:\\\/\\\/idecesos.com\\\/seguros\\\/companias\\\/banco-inversis\\\/telefono\\\/#breadcrumb\",\"itemListElement\":[{\"@type\":\"ListItem\",\"position\":1,\"name\":\"Portada\",\"item\":\"https:\\\/\\\/idecesos.com\\\/seguros\\\/\"},{\"@type\":\"ListItem\",\"position\":2,\"name\":\"Compa\u00f1\u00edas de Seguros de Decesos en Espa\u00f1a\",\"item\":\"https:\\\/\\\/idecesos.com\\\/seguros\\\/companias\\\/\"},{\"@type\":\"ListItem\",\"position\":3,\"name\":\"Seguro de decesos Banco Inversis\",\"item\":\"https:\\\/\\\/idecesos.com\\\/seguros\\\/companias\\\/banco-inversis\\\/\"},{\"@type\":\"ListItem\",\"position\":4,\"name\":\"Atenci\u00f3n al cliente Banco Inversis: telefono gratuito, e-mail\"}]},{\"@type\":\"WebSite\",\"@id\":\"https:\\\/\\\/idecesos.com\\\/seguros\\\/#website\",\"url\":\"https:\\\/\\\/idecesos.com\\\/seguros\\\/\",\"name\":\"\",\"description\":\"\",\"potentialAction\":[{\"@type\":\"SearchAction\",\"target\":{\"@type\":\"EntryPoint\",\"urlTemplate\":\"https:\\\/\\\/idecesos.com\\\/seguros\\\/?s={search_term_string}\"},\"query-input\":{\"@type\":\"PropertyValueSpecification\",\"valueRequired\":true,\"valueName\":\"search_term_string\"}}],\"inLanguage\":\"es\"}]}<\/script>\n<!-- \/ Yoast SEO plugin. -->","yoast_head_json":{"title":"Tel\u00e9fono Gratuito Banco Inversis \u25b7Atenci\u00f3n Cliente, Email, RRSS, Web","description":"Busca aqu\u00ed\u3010Banco Inversis seguros tel\u00e9fono gratuito\u3011Banco Inversis Decesos tel\u00e9fono gratis: atenci\u00f3n al cliente y contrataciones \u2611\ufe0fVerificado en 2026","robots":{"index":"index","follow":"follow","max-snippet":"max-snippet:-1","max-image-preview":"max-image-preview:large","max-video-preview":"max-video-preview:-1"},"canonical":"https:\/\/idecesos.com\/seguros\/companias\/banco-inversis\/telefono\/","og_locale":"es_ES","og_type":"article","og_title":"Tel\u00e9fono Gratuito Banco Inversis \u25b7Atenci\u00f3n Cliente, Email, RRSS, Web","og_description":"Busca aqu\u00ed\u3010Banco Inversis seguros tel\u00e9fono gratuito\u3011Banco Inversis Decesos tel\u00e9fono gratis: atenci\u00f3n al cliente y contrataciones \u2611\ufe0fVerificado en 2026","og_url":"https:\/\/idecesos.com\/seguros\/companias\/banco-inversis\/telefono\/","article_modified_time":"2022-04-03T18:34:05+00:00","twitter_card":"summary_large_image","twitter_misc":{"Tiempo de lectura":"4 minutos"},"schema":{"@context":"https:\/\/schema.org","@graph":[{"@type":"WebPage","@id":"https:\/\/idecesos.com\/seguros\/companias\/banco-inversis\/telefono\/","url":"https:\/\/idecesos.com\/seguros\/companias\/banco-inversis\/telefono\/","name":"Tel\u00e9fono Gratuito Banco Inversis \u25b7Atenci\u00f3n Cliente, Email, RRSS, Web","isPartOf":{"@id":"https:\/\/idecesos.com\/seguros\/#website"},"datePublished":"2021-11-25T10:17:26+00:00","dateModified":"2022-04-03T18:34:05+00:00","description":"Busca aqu\u00ed\u3010Banco Inversis seguros tel\u00e9fono gratuito\u3011Banco Inversis Decesos tel\u00e9fono gratis: atenci\u00f3n al cliente y contrataciones \u2611\ufe0fVerificado en 2026","breadcrumb":{"@id":"https:\/\/idecesos.com\/seguros\/companias\/banco-inversis\/telefono\/#breadcrumb"},"inLanguage":"es","potentialAction":[{"@type":"ReadAction","target":["https:\/\/idecesos.com\/seguros\/companias\/banco-inversis\/telefono\/"]}]},{"@type":"BreadcrumbList","@id":"https:\/\/idecesos.com\/seguros\/companias\/banco-inversis\/telefono\/#breadcrumb","itemListElement":[{"@type":"ListItem","position":1,"name":"Portada","item":"https:\/\/idecesos.com\/seguros\/"},{"@type":"ListItem","position":2,"name":"Compa\u00f1\u00edas de Seguros de Decesos en Espa\u00f1a","item":"https:\/\/idecesos.com\/seguros\/companias\/"},{"@type":"ListItem","position":3,"name":"Seguro de decesos Banco Inversis","item":"https:\/\/idecesos.com\/seguros\/companias\/banco-inversis\/"},{"@type":"ListItem","position":4,"name":"Atenci\u00f3n al cliente Banco Inversis: telefono gratuito, e-mail"}]},{"@type":"WebSite","@id":"https:\/\/idecesos.com\/seguros\/#website","url":"https:\/\/idecesos.com\/seguros\/","name":"","description":"","potentialAction":[{"@type":"SearchAction","target":{"@type":"EntryPoint","urlTemplate":"https:\/\/idecesos.com\/seguros\/?s={search_term_string}"},"query-input":{"@type":"PropertyValueSpecification","valueRequired":true,"valueName":"search_term_string"}}],"inLanguage":"es"}]}},"_links":{"self":[{"href":"https:\/\/idecesos.com\/seguros\/wp-json\/wp\/v2\/pages\/15394","targetHints":{"allow":["GET"]}}],"collection":[{"href":"https:\/\/idecesos.com\/seguros\/wp-json\/wp\/v2\/pages"}],"about":[{"href":"https:\/\/idecesos.com\/seguros\/wp-json\/wp\/v2\/types\/page"}],"author":[{"embeddable":true,"href":"https:\/\/idecesos.com\/seguros\/wp-json\/wp\/v2\/users\/1"}],"replies":[{"embeddable":true,"href":"https:\/\/idecesos.com\/seguros\/wp-json\/wp\/v2\/comments?post=15394"}],"version-history":[{"count":8,"href":"https:\/\/idecesos.com\/seguros\/wp-json\/wp\/v2\/pages\/15394\/revisions"}],"predecessor-version":[{"id":20931,"href":"https:\/\/idecesos.com\/seguros\/wp-json\/wp\/v2\/pages\/15394\/revisions\/20931"}],"up":[{"embeddable":true,"href":"https:\/\/idecesos.com\/seguros\/wp-json\/wp\/v2\/pages\/290"}],"wp:attachment":[{"href":"https:\/\/idecesos.com\/seguros\/wp-json\/wp\/v2\/media?parent=15394"}],"curies":[{"name":"wp","href":"https:\/\/api.w.org\/{rel}","templated":true}]}}