{"id":15395,"date":"2021-11-26T09:12:40","date_gmt":"2021-11-25T10:17:26","guid":{"rendered":"https:\/\/idecesos.com\/seguros\/companias\/banco-mutua-madrilena\/telefono\/"},"modified":"2022-04-05T11:28:02","modified_gmt":"2022-04-05T11:28:02","slug":"telefono","status":"publish","type":"page","link":"https:\/\/idecesos.com\/seguros\/companias\/banco-mutua-madrilena\/telefono\/","title":{"rendered":"Atenci\u00f3n al cliente Mutua Madrile\u00f1a: telefono gratuito, e-mail"},"content":{"rendered":"<div id=\"ez-toc-container\" class=\"ez-toc-v2_0_82_2 ez-toc-wrap-center counter-hierarchy ez-toc-counter ez-toc-custom ez-toc-container-direction\">\n<div class=\"ez-toc-title-container\">\n<p class=\"ez-toc-title\" style=\"cursor:inherit\">Tabla de Contenido<\/p>\n<span class=\"ez-toc-title-toggle\"><a href=\"#\" class=\"ez-toc-pull-right ez-toc-btn ez-toc-btn-xs ez-toc-btn-default ez-toc-toggle\" aria-label=\"Alternar tabla de contenidos\"><span class=\"ez-toc-js-icon-con\"><span class=\"\"><span class=\"eztoc-hide\" style=\"display:none;\">Toggle<\/span><span class=\"ez-toc-icon-toggle-span\"><svg style=\"fill: #db6415;color:#db6415\" xmlns=\"http:\/\/www.w3.org\/2000\/svg\" class=\"list-377408\" width=\"20px\" height=\"20px\" viewBox=\"0 0 24 24\" fill=\"none\"><path d=\"M6 6H4v2h2V6zm14 0H8v2h12V6zM4 11h2v2H4v-2zm16 0H8v2h12v-2zM4 16h2v2H4v-2zm16 0H8v2h12v-2z\" fill=\"currentColor\"><\/path><\/svg><svg style=\"fill: #db6415;color:#db6415\" class=\"arrow-unsorted-368013\" xmlns=\"http:\/\/www.w3.org\/2000\/svg\" width=\"10px\" height=\"10px\" viewBox=\"0 0 24 24\" version=\"1.2\" baseProfile=\"tiny\"><path d=\"M18.2 9.3l-6.2-6.3-6.2 6.3c-.2.2-.3.4-.3.7s.1.5.3.7c.2.2.4.3.7.3h11c.3 0 .5-.1.7-.3.2-.2.3-.5.3-.7s-.1-.5-.3-.7zM5.8 14.7l6.2 6.3 6.2-6.3c.2-.2.3-.5.3-.7s-.1-.5-.3-.7c-.2-.2-.4-.3-.7-.3h-11c-.3 0-.5.1-.7.3-.2.2-.3.5-.3.7s.1.5.3.7z\"\/><\/svg><\/span><\/span><\/span><\/a><\/span><\/div>\n<nav><ul class='ez-toc-list ez-toc-list-level-1 ' ><ul class='ez-toc-list-level-4' ><li class='ez-toc-heading-level-4'><ul class='ez-toc-list-level-4' ><li class='ez-toc-heading-level-4'><a class=\"ez-toc-link ez-toc-heading-1\" href=\"https:\/\/idecesos.com\/seguros\/companias\/banco-mutua-madrilena\/telefono\/#Telefono_Contrataciones_951_127_403\" >Tel\u00e9fono Contrataciones \n951 127 403<\/a><\/li><\/ul><\/li><\/ul><\/li><li class='ez-toc-page-1 ez-toc-heading-level-2'><a class=\"ez-toc-link ez-toc-heading-2\" href=\"https:\/\/idecesos.com\/seguros\/companias\/banco-mutua-madrilena\/telefono\/#%C2%BFComo_contactar_con_Mutua_Madrilena\" >\u00bfC\u00f3mo contactar con Mutua Madrile\u00f1a?<\/a><ul class='ez-toc-list-level-3' ><li class='ez-toc-heading-level-3'><a class=\"ez-toc-link ez-toc-heading-3\" href=\"https:\/\/idecesos.com\/seguros\/companias\/banco-mutua-madrilena\/telefono\/#Telefono_gratuito_de_Mutua_Madrilena\" >Tel\u00e9fono gratuito de Mutua Madrile\u00f1a<\/a><\/li><li class='ez-toc-page-1 ez-toc-heading-level-3'><a class=\"ez-toc-link ez-toc-heading-4\" href=\"https:\/\/idecesos.com\/seguros\/companias\/banco-mutua-madrilena\/telefono\/#Horario_de_atencion_al_cliente_de_Mutua_Madrilena\" >Horario de atenci\u00f3n al cliente de Mutua Madrile\u00f1a<\/a><\/li><li class='ez-toc-page-1 ez-toc-heading-level-3'><a class=\"ez-toc-link ez-toc-heading-5\" href=\"https:\/\/idecesos.com\/seguros\/companias\/banco-mutua-madrilena\/telefono\/#Correo_electronico_de_Mutua_Madrilena\" >Correo electr\u00f3nico de Mutua Madrile\u00f1a<\/a><\/li><li class='ez-toc-page-1 ez-toc-heading-level-3'><a class=\"ez-toc-link ez-toc-heading-6\" href=\"https:\/\/idecesos.com\/seguros\/companias\/banco-mutua-madrilena\/telefono\/#Formulario_en_el_sitio_Web_de_Mutua_Madrilena\" >Formulario en el sitio Web de Mutua Madrile\u00f1a<\/a><\/li><li class='ez-toc-page-1 ez-toc-heading-level-3'><a class=\"ez-toc-link ez-toc-heading-7\" href=\"https:\/\/idecesos.com\/seguros\/companias\/banco-mutua-madrilena\/telefono\/#Redes_sociales_de_Mutua_Madrilena\" >Redes sociales de Mutua Madrile\u00f1a<\/a><\/li><li class='ez-toc-page-1 ez-toc-heading-level-3'><a class=\"ez-toc-link ez-toc-heading-8\" href=\"https:\/\/idecesos.com\/seguros\/companias\/banco-mutua-madrilena\/telefono\/#Paginas_relacionadas\" >P\u00e1ginas relacionadas<\/a><\/li><\/ul><\/li><\/ul><\/nav><\/div>\n\n<div class=\"caja\">\n<div class=\"cajaIcono2 \"  ><div class=\"cuadro\" style=\"box-shadow: inset 0 0 0 3px #ff790e\"><div class=\"iconoCircular\" style=\"border: 3px solid #ff790e\">\t\t\n\t\t\t\t\t<div class=\"iconoCirculo\">\n\t\t\t\t\t  <i class=\"fas fa-phone-volume\"><\/i>\n\t\t\t\t\t<\/div>\n\t\t\t\t<\/div><div class=\"\">\n<h4 style=\"text-align: center;\"><span class=\"ez-toc-section\" id=\"Telefono_Contrataciones_951_127_403\"><\/span><strong>Tel\u00e9fono Contrataciones<br \/>\n951 127 403<\/strong><span class=\"ez-toc-section-end\"><\/span><\/h4>\n<p><\/div><\/div><\/div><br \/>\nMutua Madrile\u00f1a dispone de un horario de atenci\u00f3n al usuario y, en las horas estimadas, le atender\u00e1 un profesional para facilitarle la informaci\u00f3n precisa sobre su seguro de decesos y aspectos como la ayuda sicol\u00f3gica que requiera, la libre elecci\u00f3n del camposanto donde el asegurado desee ser inhumado, la administraci\u00f3n sobre la tramitaci\u00f3n funeraria, el servicio f\u00fanebre y de testamento, la corona floral que quiera elegir, el tanatorio que desee, los gastos de ata\u00fad y sanitarios, la cobertura de traslado tanto nacional como internacional del fallecido, en accidentes y del seguro bucal, la posibilidad que tiene de preservar el ADN, la orientaci\u00f3n m\u00e9dica telef\u00f3nica libre 24 horas y otros muchos m\u00e1s. Mutua Madrile\u00f1a se encargar\u00e1 de tener todo gestionado y cerrado correctamente apoyando a la familia en el peor momento facilitandoles toda la calma que precisan. Sus especialistas tratar\u00e1n su situaci\u00f3n con toda la profesionalidad y delicadeza que merecen.<br \/>\n<\/div><\/p>\n<div class=\"colorf \"  ><div class=\"container clearfix\"><div class=\"col-md-7\"><\/p>\n<h2><span class=\"ez-toc-section\" id=\"%C2%BFComo_contactar_con_Mutua_Madrilena\"><\/span>\u00bfC\u00f3mo contactar con Mutua Madrile\u00f1a?<span class=\"ez-toc-section-end\"><\/span><\/h2>\n<p>Contactar con Mutua Madrile\u00f1a es muy sencillo. Ofrece m\u00faltiples m\u00e9todos para contactar con ellos: tel\u00e9fono gratuito, correo electr\u00f3nico, un formulario que podr\u00e1s rellenar a trav\u00e9s de su p\u00e1gina web o mediante sus redes sociales.<br \/>\n<\/div><\/div><\/div>\n<h3><span class=\"ez-toc-section\" id=\"Telefono_gratuito_de_Mutua_Madrilena\"><\/span>Tel\u00e9fono gratuito de Mutua Madrile\u00f1a<span class=\"ez-toc-section-end\"><\/span><\/h3>\n<p>Este es el tel\u00e9fono de contacto <strong>902 555 777<\/strong>. Mutua Madrile\u00f1a est\u00e1 al tanto de que es uno de los m\u00e9todos m\u00e1s r\u00e1pidos, sencillos y eficaces, hoy en d\u00eda, para cualquier g\u00e9nero de cuesti\u00f3n y duda que tenga el usuario, sin precisar desplazarse o dejar las tareas que se lo impidan. La llamada no tiene ning\u00fan g\u00e9nero de coste, el tiempo que transcurra desde el comienzo hasta el final no corre a cargo suya por lo que puedes estar absolutamente apacible. Le atender\u00e1 un asesor especialista en seguro de decesos a fin de que de este modo pueda resolver sus dudas durante la llamada.<br \/>\n<div class=\"colorf\"><div class=\"container clearfix\"><div class=\"col-md-7\"><\/p>\n<div class=\"cabecera_tabla_ajustada \"  style=\"width:80%\" ><div class=\"row\"><\/div>\n<p><div class=\"fila_tabla4 \"  ><div class=\"row\"><div class=\"col-8 nosepara izq\"><p><strong>Tel\u00e9fono para contrataciones<\/strong><\/p><\/div><div class=\"col-4 nosepara centro\">951 127 403<\/div><\/div><\/div><div class=\"fila_tabla4 \"  ><div class=\"row\"><div class=\"col-8 nosepara izq\"><p><strong>Tel\u00e9fono Atenci\u00f3n al cliente<\/strong><\/p><\/div><div class=\"col-4 nosepara centro\">91 342 07 58<\/div><\/div><\/div><\/p>\n<div class=\"pie_tabla \"  ><div class=\"row\"><div class=\"col-12 \"><\/div><\/div><\/div><\/div>\n<\/div><\/div><\/div>\n<h3><span class=\"ez-toc-section\" id=\"Horario_de_atencion_al_cliente_de_Mutua_Madrilena\"><\/span>Horario de atenci\u00f3n al cliente de Mutua Madrile\u00f1a<span class=\"ez-toc-section-end\"><\/span><\/h3>\n<p>La compa\u00f1\u00eda al no ser consciente del tiempo libre que dispone cada persona para poder realizar la llamada telef\u00f3nica o bien ponerse en contacto, ofrece un horario espec\u00edfico y concreto, tanto de ma\u00f1ana como de tarde, para que puedan tener flexibilidad a la hora de comunicarse con la empresa. La persona que coja su llamada le va a pasar con un agente experto en el tema a fin de que pueda solucionar sus dudas y problemas sobre su seguro de decesos. De este modo, las dudas y cuestiones que le hab\u00edan hecho llamar a Mutua Madrile\u00f1a quedar\u00e1n resueltas a la mayor brevedad posible.<br \/>\n<div class=\"colorf\"><div class=\"container clearfix\"><div class=\"col-md-7\"><\/p>\n<h3><span class=\"ez-toc-section\" id=\"Correo_electronico_de_Mutua_Madrilena\"><\/span>Correo electr\u00f3nico de Mutua Madrile\u00f1a<span class=\"ez-toc-section-end\"><\/span><\/h3>\n<p>Hoy en d\u00eda, vivimos en la era de Internet y, la forma m\u00e1s r\u00e1pida y f\u00e1cil de percibir y mandar informaci\u00f3n es por medio de la creaci\u00f3n de un perfil en Hotmail, Gmail y otras m\u00e1s. Por ende, Mutua Madrile\u00f1a ha creado la siguiente direcci\u00f3n de mail <strong>reclamaciones@mutua.es<\/strong> para que pueda establecer una buena conexi\u00f3n con los profesionales que estar\u00e1n a su predisposici\u00f3n. En todos y cada palabra que reciba del especialista, podr\u00e1 ver la profesionalidad y experiencia que tienen, aparte de mostrarle respeto en todo instante hacia sus inquietudes con respecto al seguro de decesos.<br \/>\n<\/div><\/div><\/div><\/p>\n<h3><span class=\"ez-toc-section\" id=\"Formulario_en_el_sitio_Web_de_Mutua_Madrilena\"><\/span>Formulario en el sitio Web de Mutua Madrile\u00f1a<span class=\"ez-toc-section-end\"><\/span><\/h3>\n<p>Con el f\u00e1cil acto de preguntarle a un buscador de Internet lo que desees saber, te lo resolver\u00e1 en ese instante. Teniendo esto en cuenta, podr\u00eda decirse que es la plataforma m\u00e1s esencial y con un gran acceso de las personas. Mutua Madrile\u00f1a no iba a ser menos, tiene disponible una p\u00e1gina propia <strong>www.mutua.es\/<\/strong>. En tal p\u00e1gina, se le va a facilitar un formulario el que tendr\u00e1 que rellenar los pr\u00f3ximos campos: nombre, apellidos, tel\u00e9fono de contacto, correo electr\u00f3nico\u2026Tras este paso, un experto contactar\u00e1 con usted para asistirle en todo cuanto necesite.<br \/>\n<div class=\"colorf\"><div class=\"container clearfix\"><div class=\"col-md-7\"><\/p>\n<h3><span class=\"ez-toc-section\" id=\"Redes_sociales_de_Mutua_Madrilena\"><\/span>Redes sociales de Mutua Madrile\u00f1a<span class=\"ez-toc-section-end\"><\/span><\/h3>\n<p>Las redes sociales est\u00e1n a la orden del d\u00eda: Instagram, Fb, Twitter\u2026 Son una herramienta muy \u00fatil que llega, diariamente, a miles y miles de personas. Mutua Madrile\u00f1a dispone de algunas de estas cuentas a fin de que sus clientes del servicio est\u00e9n al tanto de sus novedades y ofertas. Adem\u00e1s de esto, en ellas podr\u00e1 encontrar un link directo cara su lugar web o bien conseguir informaci\u00f3n sobre d\u00f3nde est\u00e1 su sede oficial o ver ciertas im\u00e1genes de su trabajo. Ciertos perfiles de Mutua Madrile\u00f1a te permiten contactar con ellos para que pueda solucionar cualquier tipo de duda o pueda ampliar la informaci\u00f3n que dan en su perfil.<br \/>\n<\/div><\/div><\/div><\/p>\n<\/div>\n<p><div class=\"oficinas\"> <h3><span class=\"ez-toc-section\" id=\"Paginas_relacionadas\"><\/span>P\u00e1ginas relacionadas<span class=\"ez-toc-section-end\"><\/span><\/h3><div class=\"enlazado\"><ul> <li><a href=\"https:\/\/idecesos.com\/seguros\/companias\/banco-mutua-madrilena\/opiniones\/\">Opiniones Mutua Madrile\u00f1a<\/a><\/li> <li><a href=\"https:\/\/idecesos.com\/seguros\/companias\/banco-mutua-madrilena\/precio\/\">Precio seguro Mutua Madrile\u00f1a<\/a><\/li> <li><a href=\"https:\/\/idecesos.com\/seguros\/companias\/banco-mutua-madrilena\/prima-mixta\/\">Mutua Madrile\u00f1a Prima Mixta<\/a><\/li> <li><a href=\"https:\/\/idecesos.com\/seguros\/companias\/banco-mutua-madrilena\/prima-natural\/\">Mutua Madrile\u00f1a Prima Natural<\/a><\/li> <li><a href=\"https:\/\/idecesos.com\/seguros\/companias\/banco-mutua-madrilena\/prima-nivelada\/\">Mutua Madrile\u00f1a Prima Nivelada<\/a><\/li> <li><a href=\"https:\/\/idecesos.com\/seguros\/companias\/banco-mutua-madrilena\/prima-unica\/\">Mutua Madrile\u00f1a Prima \u00danica<\/a><\/li> <li><a href=\"https:\/\/idecesos.com\/seguros\/companias\/banco-mutua-madrilena\/repatriacion\/\">Mutua Madrile\u00f1a Repatriaci\u00f3n<\/a><\/li> <li><a href=\"https:\/\/idecesos.com\/seguros\/companias\/banco-mutua-madrilena\/telefono\/\">Tel\u00e9fono Gratuito Mutua Madrile\u00f1a<\/a><\/li><\/ul><\/div> <\/div><\/p>\n","protected":false},"excerpt":{"rendered":"<p>Mutua Madrile\u00f1a dispone de un horario de atenci\u00f3n al usuario y, en las horas estimadas, le atender\u00e1 un profesional para facilitarle la informaci\u00f3n precisa sobre su seguro de decesos y aspectos como la ayuda sicol\u00f3gica que requiera, la libre elecci\u00f3n del camposanto donde el asegurado desee ser inhumado, la administraci\u00f3n sobre la tramitaci\u00f3n funeraria, el&hellip; <\/p>\n","protected":false},"author":1,"featured_media":0,"parent":294,"menu_order":0,"comment_status":"closed","ping_status":"closed","template":"single.php","meta":{"footnotes":""},"class_list":["post-15395","page","type-page","status-publish","hentry"],"yoast_head":"<!-- This site is optimized with the Yoast SEO plugin v27.3 - https:\/\/yoast.com\/product\/yoast-seo-wordpress\/ -->\n<title>Tel\u00e9fono Gratuito Mutua Madrile\u00f1a \u25b7Atenci\u00f3n Cliente, Email, RRSS, Web<\/title>\n<meta name=\"description\" content=\"Busca aqu\u00ed\u3010Mutua Madrile\u00f1a seguros tel\u00e9fono gratuito\u3011Mutua Madrile\u00f1a Decesos tel\u00e9fono gratis: atenci\u00f3n al cliente y contrataciones \u2611\ufe0fVerificado en 2026\" \/>\n<meta name=\"robots\" content=\"index, follow, max-snippet:-1, max-image-preview:large, max-video-preview:-1\" \/>\n<link rel=\"canonical\" href=\"https:\/\/idecesos.com\/seguros\/companias\/banco-mutua-madrilena\/telefono\/\" \/>\n<meta property=\"og:locale\" content=\"es_ES\" \/>\n<meta property=\"og:type\" content=\"article\" \/>\n<meta property=\"og:title\" content=\"Tel\u00e9fono Gratuito Mutua Madrile\u00f1a \u25b7Atenci\u00f3n Cliente, Email, RRSS, Web\" \/>\n<meta property=\"og:description\" content=\"Busca aqu\u00ed\u3010Mutua Madrile\u00f1a seguros tel\u00e9fono gratuito\u3011Mutua Madrile\u00f1a Decesos tel\u00e9fono gratis: atenci\u00f3n al cliente y contrataciones \u2611\ufe0fVerificado en 2026\" \/>\n<meta property=\"og:url\" content=\"https:\/\/idecesos.com\/seguros\/companias\/banco-mutua-madrilena\/telefono\/\" \/>\n<meta property=\"article:modified_time\" content=\"2022-04-05T11:28:02+00:00\" \/>\n<meta name=\"twitter:card\" content=\"summary_large_image\" \/>\n<meta name=\"twitter:label1\" content=\"Tiempo de lectura\" \/>\n\t<meta name=\"twitter:data1\" content=\"4 minutos\" \/>\n<script type=\"application\/ld+json\" class=\"yoast-schema-graph\">{\"@context\":\"https:\\\/\\\/schema.org\",\"@graph\":[{\"@type\":\"WebPage\",\"@id\":\"https:\\\/\\\/idecesos.com\\\/seguros\\\/companias\\\/banco-mutua-madrilena\\\/telefono\\\/\",\"url\":\"https:\\\/\\\/idecesos.com\\\/seguros\\\/companias\\\/banco-mutua-madrilena\\\/telefono\\\/\",\"name\":\"Tel\u00e9fono Gratuito Mutua Madrile\u00f1a \u25b7Atenci\u00f3n Cliente, Email, RRSS, Web\",\"isPartOf\":{\"@id\":\"https:\\\/\\\/idecesos.com\\\/seguros\\\/#website\"},\"datePublished\":\"2021-11-25T10:17:26+00:00\",\"dateModified\":\"2022-04-05T11:28:02+00:00\",\"description\":\"Busca aqu\u00ed\u3010Mutua Madrile\u00f1a seguros tel\u00e9fono gratuito\u3011Mutua Madrile\u00f1a Decesos tel\u00e9fono gratis: atenci\u00f3n al cliente y contrataciones \u2611\ufe0fVerificado en 2026\",\"breadcrumb\":{\"@id\":\"https:\\\/\\\/idecesos.com\\\/seguros\\\/companias\\\/banco-mutua-madrilena\\\/telefono\\\/#breadcrumb\"},\"inLanguage\":\"es\",\"potentialAction\":[{\"@type\":\"ReadAction\",\"target\":[\"https:\\\/\\\/idecesos.com\\\/seguros\\\/companias\\\/banco-mutua-madrilena\\\/telefono\\\/\"]}]},{\"@type\":\"BreadcrumbList\",\"@id\":\"https:\\\/\\\/idecesos.com\\\/seguros\\\/companias\\\/banco-mutua-madrilena\\\/telefono\\\/#breadcrumb\",\"itemListElement\":[{\"@type\":\"ListItem\",\"position\":1,\"name\":\"Portada\",\"item\":\"https:\\\/\\\/idecesos.com\\\/seguros\\\/\"},{\"@type\":\"ListItem\",\"position\":2,\"name\":\"Compa\u00f1\u00edas de Seguros de Decesos en Espa\u00f1a\",\"item\":\"https:\\\/\\\/idecesos.com\\\/seguros\\\/companias\\\/\"},{\"@type\":\"ListItem\",\"position\":3,\"name\":\"Seguro de decesos Mutua Madrile\u00f1a\",\"item\":\"https:\\\/\\\/idecesos.com\\\/seguros\\\/companias\\\/banco-mutua-madrilena\\\/\"},{\"@type\":\"ListItem\",\"position\":4,\"name\":\"Atenci\u00f3n al cliente Mutua Madrile\u00f1a: telefono gratuito, e-mail\"}]},{\"@type\":\"WebSite\",\"@id\":\"https:\\\/\\\/idecesos.com\\\/seguros\\\/#website\",\"url\":\"https:\\\/\\\/idecesos.com\\\/seguros\\\/\",\"name\":\"\",\"description\":\"\",\"potentialAction\":[{\"@type\":\"SearchAction\",\"target\":{\"@type\":\"EntryPoint\",\"urlTemplate\":\"https:\\\/\\\/idecesos.com\\\/seguros\\\/?s={search_term_string}\"},\"query-input\":{\"@type\":\"PropertyValueSpecification\",\"valueRequired\":true,\"valueName\":\"search_term_string\"}}],\"inLanguage\":\"es\"}]}<\/script>\n<!-- \/ Yoast SEO plugin. -->","yoast_head_json":{"title":"Tel\u00e9fono Gratuito Mutua Madrile\u00f1a \u25b7Atenci\u00f3n Cliente, Email, RRSS, Web","description":"Busca aqu\u00ed\u3010Mutua Madrile\u00f1a seguros tel\u00e9fono gratuito\u3011Mutua Madrile\u00f1a Decesos tel\u00e9fono gratis: atenci\u00f3n al cliente y contrataciones \u2611\ufe0fVerificado en 2026","robots":{"index":"index","follow":"follow","max-snippet":"max-snippet:-1","max-image-preview":"max-image-preview:large","max-video-preview":"max-video-preview:-1"},"canonical":"https:\/\/idecesos.com\/seguros\/companias\/banco-mutua-madrilena\/telefono\/","og_locale":"es_ES","og_type":"article","og_title":"Tel\u00e9fono Gratuito Mutua Madrile\u00f1a \u25b7Atenci\u00f3n Cliente, Email, RRSS, Web","og_description":"Busca aqu\u00ed\u3010Mutua Madrile\u00f1a seguros tel\u00e9fono gratuito\u3011Mutua Madrile\u00f1a Decesos tel\u00e9fono gratis: atenci\u00f3n al cliente y contrataciones \u2611\ufe0fVerificado en 2026","og_url":"https:\/\/idecesos.com\/seguros\/companias\/banco-mutua-madrilena\/telefono\/","article_modified_time":"2022-04-05T11:28:02+00:00","twitter_card":"summary_large_image","twitter_misc":{"Tiempo de lectura":"4 minutos"},"schema":{"@context":"https:\/\/schema.org","@graph":[{"@type":"WebPage","@id":"https:\/\/idecesos.com\/seguros\/companias\/banco-mutua-madrilena\/telefono\/","url":"https:\/\/idecesos.com\/seguros\/companias\/banco-mutua-madrilena\/telefono\/","name":"Tel\u00e9fono Gratuito Mutua Madrile\u00f1a \u25b7Atenci\u00f3n Cliente, Email, RRSS, Web","isPartOf":{"@id":"https:\/\/idecesos.com\/seguros\/#website"},"datePublished":"2021-11-25T10:17:26+00:00","dateModified":"2022-04-05T11:28:02+00:00","description":"Busca aqu\u00ed\u3010Mutua Madrile\u00f1a seguros tel\u00e9fono gratuito\u3011Mutua Madrile\u00f1a Decesos tel\u00e9fono gratis: atenci\u00f3n al cliente y contrataciones \u2611\ufe0fVerificado en 2026","breadcrumb":{"@id":"https:\/\/idecesos.com\/seguros\/companias\/banco-mutua-madrilena\/telefono\/#breadcrumb"},"inLanguage":"es","potentialAction":[{"@type":"ReadAction","target":["https:\/\/idecesos.com\/seguros\/companias\/banco-mutua-madrilena\/telefono\/"]}]},{"@type":"BreadcrumbList","@id":"https:\/\/idecesos.com\/seguros\/companias\/banco-mutua-madrilena\/telefono\/#breadcrumb","itemListElement":[{"@type":"ListItem","position":1,"name":"Portada","item":"https:\/\/idecesos.com\/seguros\/"},{"@type":"ListItem","position":2,"name":"Compa\u00f1\u00edas de Seguros de Decesos en Espa\u00f1a","item":"https:\/\/idecesos.com\/seguros\/companias\/"},{"@type":"ListItem","position":3,"name":"Seguro de decesos Mutua Madrile\u00f1a","item":"https:\/\/idecesos.com\/seguros\/companias\/banco-mutua-madrilena\/"},{"@type":"ListItem","position":4,"name":"Atenci\u00f3n al cliente Mutua Madrile\u00f1a: telefono gratuito, e-mail"}]},{"@type":"WebSite","@id":"https:\/\/idecesos.com\/seguros\/#website","url":"https:\/\/idecesos.com\/seguros\/","name":"","description":"","potentialAction":[{"@type":"SearchAction","target":{"@type":"EntryPoint","urlTemplate":"https:\/\/idecesos.com\/seguros\/?s={search_term_string}"},"query-input":{"@type":"PropertyValueSpecification","valueRequired":true,"valueName":"search_term_string"}}],"inLanguage":"es"}]}},"_links":{"self":[{"href":"https:\/\/idecesos.com\/seguros\/wp-json\/wp\/v2\/pages\/15395","targetHints":{"allow":["GET"]}}],"collection":[{"href":"https:\/\/idecesos.com\/seguros\/wp-json\/wp\/v2\/pages"}],"about":[{"href":"https:\/\/idecesos.com\/seguros\/wp-json\/wp\/v2\/types\/page"}],"author":[{"embeddable":true,"href":"https:\/\/idecesos.com\/seguros\/wp-json\/wp\/v2\/users\/1"}],"replies":[{"embeddable":true,"href":"https:\/\/idecesos.com\/seguros\/wp-json\/wp\/v2\/comments?post=15395"}],"version-history":[{"count":8,"href":"https:\/\/idecesos.com\/seguros\/wp-json\/wp\/v2\/pages\/15395\/revisions"}],"predecessor-version":[{"id":21014,"href":"https:\/\/idecesos.com\/seguros\/wp-json\/wp\/v2\/pages\/15395\/revisions\/21014"}],"up":[{"embeddable":true,"href":"https:\/\/idecesos.com\/seguros\/wp-json\/wp\/v2\/pages\/294"}],"wp:attachment":[{"href":"https:\/\/idecesos.com\/seguros\/wp-json\/wp\/v2\/media?parent=15395"}],"curies":[{"name":"wp","href":"https:\/\/api.w.org\/{rel}","templated":true}]}}