{"id":15396,"date":"2021-11-26T09:12:41","date_gmt":"2021-11-25T10:17:27","guid":{"rendered":"https:\/\/idecesos.com\/seguros\/companias\/mapfre\/telefono\/"},"modified":"2022-04-05T11:11:39","modified_gmt":"2022-04-05T11:11:39","slug":"telefono","status":"publish","type":"page","link":"https:\/\/idecesos.com\/seguros\/companias\/mapfre\/telefono\/","title":{"rendered":"Atenci\u00f3n al cliente Mapfre: telefono gratuito, e-mail"},"content":{"rendered":"<div id=\"ez-toc-container\" class=\"ez-toc-v2_0_82_2 ez-toc-wrap-center counter-hierarchy ez-toc-counter ez-toc-custom ez-toc-container-direction\">\n<div class=\"ez-toc-title-container\">\n<p class=\"ez-toc-title\" style=\"cursor:inherit\">Tabla de Contenido<\/p>\n<span class=\"ez-toc-title-toggle\"><a href=\"#\" class=\"ez-toc-pull-right ez-toc-btn ez-toc-btn-xs ez-toc-btn-default ez-toc-toggle\" aria-label=\"Alternar tabla de contenidos\"><span class=\"ez-toc-js-icon-con\"><span class=\"\"><span class=\"eztoc-hide\" style=\"display:none;\">Toggle<\/span><span class=\"ez-toc-icon-toggle-span\"><svg style=\"fill: #db6415;color:#db6415\" xmlns=\"http:\/\/www.w3.org\/2000\/svg\" class=\"list-377408\" width=\"20px\" height=\"20px\" viewBox=\"0 0 24 24\" fill=\"none\"><path d=\"M6 6H4v2h2V6zm14 0H8v2h12V6zM4 11h2v2H4v-2zm16 0H8v2h12v-2zM4 16h2v2H4v-2zm16 0H8v2h12v-2z\" fill=\"currentColor\"><\/path><\/svg><svg style=\"fill: #db6415;color:#db6415\" class=\"arrow-unsorted-368013\" xmlns=\"http:\/\/www.w3.org\/2000\/svg\" width=\"10px\" height=\"10px\" viewBox=\"0 0 24 24\" version=\"1.2\" baseProfile=\"tiny\"><path d=\"M18.2 9.3l-6.2-6.3-6.2 6.3c-.2.2-.3.4-.3.7s.1.5.3.7c.2.2.4.3.7.3h11c.3 0 .5-.1.7-.3.2-.2.3-.5.3-.7s-.1-.5-.3-.7zM5.8 14.7l6.2 6.3 6.2-6.3c.2-.2.3-.5.3-.7s-.1-.5-.3-.7c-.2-.2-.4-.3-.7-.3h-11c-.3 0-.5.1-.7.3-.2.2-.3.5-.3.7s.1.5.3.7z\"\/><\/svg><\/span><\/span><\/span><\/a><\/span><\/div>\n<nav><ul class='ez-toc-list ez-toc-list-level-1 ' ><ul class='ez-toc-list-level-4' ><li class='ez-toc-heading-level-4'><ul class='ez-toc-list-level-4' ><li class='ez-toc-heading-level-4'><a class=\"ez-toc-link ez-toc-heading-1\" href=\"https:\/\/idecesos.com\/seguros\/companias\/mapfre\/telefono\/#Telefono_Contrataciones_951_127_403\" >Tel\u00e9fono Contrataciones \n951 127 403<\/a><\/li><\/ul><\/li><\/ul><\/li><li class='ez-toc-page-1 ez-toc-heading-level-2'><a class=\"ez-toc-link ez-toc-heading-2\" href=\"https:\/\/idecesos.com\/seguros\/companias\/mapfre\/telefono\/#%C2%BFComo_contactar_con_Mapfre\" >\u00bfC\u00f3mo contactar con Mapfre?<\/a><ul class='ez-toc-list-level-3' ><li class='ez-toc-heading-level-3'><a class=\"ez-toc-link ez-toc-heading-3\" href=\"https:\/\/idecesos.com\/seguros\/companias\/mapfre\/telefono\/#Telefono_gratuito_de_Mapfre\" >Tel\u00e9fono gratuito de Mapfre<\/a><\/li><li class='ez-toc-page-1 ez-toc-heading-level-3'><a class=\"ez-toc-link ez-toc-heading-4\" href=\"https:\/\/idecesos.com\/seguros\/companias\/mapfre\/telefono\/#Horario_de_atencion_al_cliente_de_Mapfre\" >Horario de atenci\u00f3n al cliente de Mapfre<\/a><\/li><li class='ez-toc-page-1 ez-toc-heading-level-3'><a class=\"ez-toc-link ez-toc-heading-5\" href=\"https:\/\/idecesos.com\/seguros\/companias\/mapfre\/telefono\/#Correo_electronico_de_Mapfre\" >Correo electr\u00f3nico de Mapfre<\/a><\/li><li class='ez-toc-page-1 ez-toc-heading-level-3'><a class=\"ez-toc-link ez-toc-heading-6\" href=\"https:\/\/idecesos.com\/seguros\/companias\/mapfre\/telefono\/#Formulario_en_el_sitio_Web_de_Mapfre\" >Formulario en el sitio Web de Mapfre<\/a><\/li><li class='ez-toc-page-1 ez-toc-heading-level-3'><a class=\"ez-toc-link ez-toc-heading-7\" href=\"https:\/\/idecesos.com\/seguros\/companias\/mapfre\/telefono\/#Redes_sociales_de_Mapfre\" >Redes sociales de Mapfre<\/a><\/li><li class='ez-toc-page-1 ez-toc-heading-level-3'><a class=\"ez-toc-link ez-toc-heading-8\" href=\"https:\/\/idecesos.com\/seguros\/companias\/mapfre\/telefono\/#Paginas_relacionadas\" >P\u00e1ginas relacionadas<\/a><\/li><\/ul><\/li><\/ul><\/nav><\/div>\n\n<div class=\"caja\">\n<div class=\"cajaIcono2 \"  ><div class=\"cuadro\" style=\"box-shadow: inset 0 0 0 3px #ff790e\"><div class=\"iconoCircular\" style=\"border: 3px solid #ff790e\">\t\t\n\t\t\t\t\t<div class=\"iconoCirculo\">\n\t\t\t\t\t  <i class=\"fas fa-phone-volume\"><\/i>\n\t\t\t\t\t<\/div>\n\t\t\t\t<\/div><div class=\"\">\n<h4 style=\"text-align: center;\"><span class=\"ez-toc-section\" id=\"Telefono_Contrataciones_951_127_403\"><\/span><strong>Tel\u00e9fono Contrataciones<br \/>\n951 127 403<\/strong><span class=\"ez-toc-section-end\"><\/span><\/h4>\n<p><\/div><\/div><\/div><br \/>\nContar con Mapfre es f\u00e1cil y no requiere ninguna dificultad gracias a los m\u00e9todos de contacto que tiene a su disposici\u00f3n. Sin tener que desplazarse, va a poder obtener con todos y cada uno de los m\u00e9todos disponibles las mejores contestaciones por la parte de los especialistas en su seguro de decesos. Perder a un familiar o bien ser querido es una ocasi\u00f3n muy dura y complicada, con lo que todos los miembros de la compa\u00f1\u00eda respetar\u00e1n cada instante del proceso y, sobre todo, finalizar\u00e1n todos los tr\u00e1mites ya antes de la data. Se le dar\u00e1 toda la informaci\u00f3n respectiva a su seguro, como coberturas, la indemnizaci\u00f3n que pueda recibir por la hospitalizaci\u00f3n, los servicios de testamento y f\u00fanebre, y m\u00e1s.<br \/>\n<\/div><\/p>\n<div class=\"colorf \"  ><div class=\"container clearfix\"><div class=\"col-md-7\"><\/p>\n<h2><span class=\"ez-toc-section\" id=\"%C2%BFComo_contactar_con_Mapfre\"><\/span>\u00bfC\u00f3mo contactar con Mapfre?<span class=\"ez-toc-section-end\"><\/span><\/h2>\n<p>Adem\u00e1s de esto, Mapfre te ofrece m\u00faltiples formas de contacto. Tiene varias opciones de contacto: tel\u00e9fono gratuito, e-mail, un formulario que vas a poder rellenar a trav\u00e9s de su p\u00e1gina web o sus redes sociales.<br \/>\n<\/div><\/div><\/div>\n<h3><span class=\"ez-toc-section\" id=\"Telefono_gratuito_de_Mapfre\"><\/span>Tel\u00e9fono gratuito de Mapfre<span class=\"ez-toc-section-end\"><\/span><\/h3>\n<p>Ac\u00e1 tiene el tel\u00e9fono de contacto de Mapfre <strong>918 366 240<\/strong>. Mapfre est\u00e1 al tanto de que es uno de los m\u00e9todos m\u00e1s r\u00e1pidos, f\u00e1ciles y eficaces, hoy d\u00eda, para cualquier clase de cuesti\u00f3n y duda que tenga el usuario, sin necesidad de desplazarse o dejar las labores que se lo impidan. La llamada no tiene ning\u00fan tipo de coste, el tiempo que transcurra desde el comienzo hasta el final no corre a cargo suya por lo que puedes estar absolutamente apacible. La atenci\u00f3n al usuario especialista en seguro de decesos de Mapfre le atender\u00e1 para que pueda resolver sus cuestiones y no le quede nada en el tintero.<br \/>\n<div class=\"colorf\"><div class=\"container clearfix\"><div class=\"col-md-7\"><\/p>\n<div class=\"cabecera_tabla_ajustada \"  style=\"width:80%\" ><div class=\"row\"><\/div>\n<p><div class=\"fila_tabla4 \"  ><div class=\"row\"><div class=\"col-8 nosepara izq\"><p><strong>Tel\u00e9fono para contrataciones<\/strong><\/p><\/div><div class=\"col-4 nosepara centro\">951 127 403<\/div><\/div><\/div><div class=\"fila_tabla4 \"  ><div class=\"row\"><div class=\"col-8 nosepara izq\"><p><strong>Informaci\u00f3n seguros decesos<\/strong><\/p><\/div><div class=\"col-4 nosepara centro\">918 366 181<\/div><\/div><\/div><\/p>\n<div class=\"pie_tabla \"  ><div class=\"row\"><div class=\"col-12 \"><\/div><\/div><\/div><\/div>\n<\/div><\/div><\/div>\n<h3><span class=\"ez-toc-section\" id=\"Horario_de_atencion_al_cliente_de_Mapfre\"><\/span>Horario de atenci\u00f3n al cliente de Mapfre<span class=\"ez-toc-section-end\"><\/span><\/h3>\n<p>La compa\u00f1\u00eda al no ser siendo consciente del tiempo libre que dispone cada persona para poder realizar la llamada telef\u00f3nica o ponerse en contacto, ofrece un horario espec\u00edfico y concreto, tanto de ma\u00f1ana como de tarde, para que puedan tener flexibilidad en el momento de comunicarse con la empresa. Ser\u00e1 atendido por una persona que le pasar\u00e1 con un agente especialista en seguro de decesos con el que va a poder solucionar todas y cada una de las cuestiones que se le ocurran y que le va a ayudar a solventar todos sus inconvenientes. As\u00ed, quedar\u00e1n resueltas las dudas o cuestiones que le hab\u00edan llevado a contactar con la Mapfre.<br \/>\n<div class=\"colorf\"><div class=\"container clearfix\"><div class=\"col-md-7\"><\/p>\n<h3><span class=\"ez-toc-section\" id=\"Correo_electronico_de_Mapfre\"><\/span>Correo electr\u00f3nico de Mapfre<span class=\"ez-toc-section-end\"><\/span><\/h3>\n<p>La poblaci\u00f3n est\u00e1 al tanto de lo importante que es, en los tiempos que vivimos, Internet, con lo que disponen de perfiles en plataformas de mensajer\u00eda como Hotmail o Gmail. Y as\u00ed, efectuar diferentes tr\u00e1mites como por poner un ejemplo, env\u00edos o recibos de ficheros. Por ende, es uno de los instrumentos m\u00e1s sencillos y \u00fatiles para el recibo de datos sobre su seguro de decesos. El correo de Mapfre es <strong>atencioncliente.mapgen@mapfre.com<\/strong>\u00a0y va a tener la posibilidad de mandarle un mensaje con la cuesti\u00f3n que desee saber sobre, por ejemplo, su p\u00f3liza. Al enviar un correo electr\u00f3nico con lo que desee saber, se le responder\u00e1 de la manera m\u00e1s clara y breve, para un buen comprensi\u00f3n, cubriendo de esta forma sus necesidades y ofreci\u00e9ndole las mejores contestaciones posibles.<br \/>\n<\/div><\/div><\/div><\/p>\n<h3><span class=\"ez-toc-section\" id=\"Formulario_en_el_sitio_Web_de_Mapfre\"><\/span>Formulario en el sitio Web de Mapfre<span class=\"ez-toc-section-end\"><\/span><\/h3>\n<p>Internet se ha convertida en la herramienta m\u00e1s empleada por todo el mundo. Buscar informaci\u00f3n nunca hab\u00eda sido tan f\u00e1cil. Con solo teclear una palabra miles y miles de art\u00edculos y webs se ponen a tu disposici\u00f3n. Con solo poner en su terminal <strong>www.mapfre.es\/seguros\/particulares\/<\/strong> hallar\u00e1 el sitio web de Mapfre. En esta p\u00e1gina hallar\u00e1 toda la informaci\u00f3n que busca sobre el seguro de decesos de Mapfre donde podr\u00e1 ver los servicios, costos, ventajas&#8230; que ofrecen para que se pueda hacer una idea. La aseguradora te facilita un usuario que podr\u00e1 rellenar f\u00e1cilmente poniendo a su disposici\u00f3n su nombre y apellidos, e mail, tel\u00e9fono, etc\u00e9teraUna vez enviado, un agente experto se pondr\u00e1 nuevamente en contacto con resolviendo todas las preguntas o bien cuestiones que le haya formulado.<br \/>\n<div class=\"colorf\"><div class=\"container clearfix\"><div class=\"col-md-7\"><\/p>\n<h3><span class=\"ez-toc-section\" id=\"Redes_sociales_de_Mapfre\"><\/span>Redes sociales de Mapfre<span class=\"ez-toc-section-end\"><\/span><\/h3>\n<p>Instagram, Twitter, TikTok o Facebook son una de las apps m\u00e1s utilizadas en nuestros d\u00edas y donde sus usuarios pasan m\u00e1s tiempo. Son una herramienta \u00fatil para mandar informaci\u00f3n de manera sencilla a miles de personas. Mapfre cuenta con alguna de estas redes sociales para que puedas proseguirlos y enterarte de todas las novedades y ofertas que tienen a su disposici\u00f3n sobre su seguro de decesos. En ellas podr\u00e1s ver la localizaci\u00f3n de su sede, c\u00f3mo trabajan, servicios que ofrecen, etc. Adem\u00e1s de esto tienen un link directo a su p\u00e1gina web a fin de que puedas ampliar todo esto. Algunos perfiles de Mapfre en las redes, dejan ponerse en contacto para un posible futuro asesoramiento o bien cuesti\u00f3n que le interese saber en ese instante.<br \/>\n<\/div><\/div><\/div><\/p>\n<\/div>\n<p><div class=\"oficinas\"> <h3><span class=\"ez-toc-section\" id=\"Paginas_relacionadas\"><\/span>P\u00e1ginas relacionadas<span class=\"ez-toc-section-end\"><\/span><\/h3><div class=\"enlazado\"><ul> <li><a href=\"https:\/\/idecesos.com\/seguros\/companias\/mapfre\/asistencia\/\">Mapfre Asistencia Decesos<\/a><\/li> <li><a href=\"https:\/\/idecesos.com\/seguros\/companias\/mapfre\/coberturas\/\">Coberturas Mapfre<\/a><\/li> <li><a href=\"https:\/\/idecesos.com\/seguros\/companias\/mapfre\/esencial\/\">Mapfre Esencial<\/a><\/li> <li><a href=\"https:\/\/idecesos.com\/seguros\/companias\/mapfre\/opiniones\/\">Opiniones MAPFRE<\/a><\/li> <li><a href=\"https:\/\/idecesos.com\/seguros\/companias\/mapfre\/precio\/\">Precio seguro Mapfre<\/a><\/li> <li><a href=\"https:\/\/idecesos.com\/seguros\/companias\/mapfre\/prima-mixta\/\">Mapfre Prima Mixta<\/a><\/li> <li><a href=\"https:\/\/idecesos.com\/seguros\/companias\/mapfre\/prima-natural\/\">Mapfre Prima Natural<\/a><\/li> <li><a href=\"https:\/\/idecesos.com\/seguros\/companias\/mapfre\/prima-nivelada\/\">Mapfre Prima Nivelada<\/a><\/li> <li><a href=\"https:\/\/idecesos.com\/seguros\/companias\/mapfre\/prima-unica\/\">Mapfre Prima \u00danica<\/a><\/li> <li><a href=\"https:\/\/idecesos.com\/seguros\/companias\/mapfre\/quejas\/\">Quejas Mapfre<\/a><\/li> <li><a href=\"https:\/\/idecesos.com\/seguros\/companias\/mapfre\/repatriacion\/\">Mapfre Repatriaci\u00f3n<\/a><\/li> <li><a href=\"https:\/\/idecesos.com\/seguros\/companias\/mapfre\/telefono\/\">Tel\u00e9fono Gratuito Mapfre<\/a><\/li> <li><a href=\"https:\/\/idecesos.com\/seguros\/companias\/mapfre\/universal\/\">Seguro de Decesos Universal Mapfre<\/a><\/li><\/ul><\/div> <\/div><\/p>\n","protected":false},"excerpt":{"rendered":"<p>Contar con Mapfre es f\u00e1cil y no requiere ninguna dificultad gracias a los m\u00e9todos de contacto que tiene a su disposici\u00f3n. Sin tener que desplazarse, va a poder obtener con todos y cada uno de los m\u00e9todos disponibles las mejores contestaciones por la parte de los especialistas en su seguro de decesos. Perder a un&hellip; <\/p>\n","protected":false},"author":1,"featured_media":0,"parent":414,"menu_order":0,"comment_status":"closed","ping_status":"closed","template":"single.php","meta":{"footnotes":""},"class_list":["post-15396","page","type-page","status-publish","hentry"],"yoast_head":"<!-- This site is optimized with the Yoast SEO plugin v27.3 - https:\/\/yoast.com\/product\/yoast-seo-wordpress\/ -->\n<title>Tel\u00e9fono Gratuito Mapfre \u25b7Atenci\u00f3n Cliente, Email, RRSS, Web<\/title>\n<meta name=\"description\" content=\"Busca aqu\u00ed\u3010Mapfre seguros tel\u00e9fono gratuito\u3011Mapfre Decesos tel\u00e9fono gratis: atenci\u00f3n al cliente y contrataciones \u2611\ufe0fVerificado en 2026\" \/>\n<meta name=\"robots\" content=\"index, follow, max-snippet:-1, max-image-preview:large, max-video-preview:-1\" \/>\n<link rel=\"canonical\" href=\"https:\/\/idecesos.com\/seguros\/companias\/mapfre\/telefono\/\" \/>\n<meta property=\"og:locale\" content=\"es_ES\" \/>\n<meta property=\"og:type\" content=\"article\" \/>\n<meta property=\"og:title\" content=\"Tel\u00e9fono Gratuito Mapfre \u25b7Atenci\u00f3n Cliente, Email, RRSS, Web\" \/>\n<meta property=\"og:description\" content=\"Busca aqu\u00ed\u3010Mapfre seguros tel\u00e9fono gratuito\u3011Mapfre Decesos tel\u00e9fono gratis: atenci\u00f3n al cliente y contrataciones \u2611\ufe0fVerificado en 2026\" \/>\n<meta property=\"og:url\" content=\"https:\/\/idecesos.com\/seguros\/companias\/mapfre\/telefono\/\" \/>\n<meta property=\"article:modified_time\" content=\"2022-04-05T11:11:39+00:00\" \/>\n<meta name=\"twitter:card\" content=\"summary_large_image\" \/>\n<meta name=\"twitter:label1\" content=\"Tiempo de lectura\" \/>\n\t<meta name=\"twitter:data1\" content=\"4 minutos\" \/>\n<script type=\"application\/ld+json\" class=\"yoast-schema-graph\">{\"@context\":\"https:\\\/\\\/schema.org\",\"@graph\":[{\"@type\":\"WebPage\",\"@id\":\"https:\\\/\\\/idecesos.com\\\/seguros\\\/companias\\\/mapfre\\\/telefono\\\/\",\"url\":\"https:\\\/\\\/idecesos.com\\\/seguros\\\/companias\\\/mapfre\\\/telefono\\\/\",\"name\":\"Tel\u00e9fono Gratuito Mapfre \u25b7Atenci\u00f3n Cliente, Email, RRSS, Web\",\"isPartOf\":{\"@id\":\"https:\\\/\\\/idecesos.com\\\/seguros\\\/#website\"},\"datePublished\":\"2021-11-25T10:17:27+00:00\",\"dateModified\":\"2022-04-05T11:11:39+00:00\",\"description\":\"Busca aqu\u00ed\u3010Mapfre seguros tel\u00e9fono gratuito\u3011Mapfre Decesos tel\u00e9fono gratis: atenci\u00f3n al cliente y contrataciones \u2611\ufe0fVerificado en 2026\",\"breadcrumb\":{\"@id\":\"https:\\\/\\\/idecesos.com\\\/seguros\\\/companias\\\/mapfre\\\/telefono\\\/#breadcrumb\"},\"inLanguage\":\"es\",\"potentialAction\":[{\"@type\":\"ReadAction\",\"target\":[\"https:\\\/\\\/idecesos.com\\\/seguros\\\/companias\\\/mapfre\\\/telefono\\\/\"]}]},{\"@type\":\"BreadcrumbList\",\"@id\":\"https:\\\/\\\/idecesos.com\\\/seguros\\\/companias\\\/mapfre\\\/telefono\\\/#breadcrumb\",\"itemListElement\":[{\"@type\":\"ListItem\",\"position\":1,\"name\":\"Portada\",\"item\":\"https:\\\/\\\/idecesos.com\\\/seguros\\\/\"},{\"@type\":\"ListItem\",\"position\":2,\"name\":\"Compa\u00f1\u00edas de Seguros de Decesos en Espa\u00f1a\",\"item\":\"https:\\\/\\\/idecesos.com\\\/seguros\\\/companias\\\/\"},{\"@type\":\"ListItem\",\"position\":3,\"name\":\"Seguro de decesos Mapfre\",\"item\":\"https:\\\/\\\/idecesos.com\\\/seguros\\\/companias\\\/mapfre\\\/\"},{\"@type\":\"ListItem\",\"position\":4,\"name\":\"Atenci\u00f3n al cliente Mapfre: telefono gratuito, e-mail\"}]},{\"@type\":\"WebSite\",\"@id\":\"https:\\\/\\\/idecesos.com\\\/seguros\\\/#website\",\"url\":\"https:\\\/\\\/idecesos.com\\\/seguros\\\/\",\"name\":\"\",\"description\":\"\",\"potentialAction\":[{\"@type\":\"SearchAction\",\"target\":{\"@type\":\"EntryPoint\",\"urlTemplate\":\"https:\\\/\\\/idecesos.com\\\/seguros\\\/?s={search_term_string}\"},\"query-input\":{\"@type\":\"PropertyValueSpecification\",\"valueRequired\":true,\"valueName\":\"search_term_string\"}}],\"inLanguage\":\"es\"}]}<\/script>\n<!-- \/ Yoast SEO plugin. -->","yoast_head_json":{"title":"Tel\u00e9fono Gratuito Mapfre \u25b7Atenci\u00f3n Cliente, Email, RRSS, Web","description":"Busca aqu\u00ed\u3010Mapfre seguros tel\u00e9fono gratuito\u3011Mapfre Decesos tel\u00e9fono gratis: atenci\u00f3n al cliente y contrataciones \u2611\ufe0fVerificado en 2026","robots":{"index":"index","follow":"follow","max-snippet":"max-snippet:-1","max-image-preview":"max-image-preview:large","max-video-preview":"max-video-preview:-1"},"canonical":"https:\/\/idecesos.com\/seguros\/companias\/mapfre\/telefono\/","og_locale":"es_ES","og_type":"article","og_title":"Tel\u00e9fono Gratuito Mapfre \u25b7Atenci\u00f3n Cliente, Email, RRSS, Web","og_description":"Busca aqu\u00ed\u3010Mapfre seguros tel\u00e9fono gratuito\u3011Mapfre Decesos tel\u00e9fono gratis: atenci\u00f3n al cliente y contrataciones \u2611\ufe0fVerificado en 2026","og_url":"https:\/\/idecesos.com\/seguros\/companias\/mapfre\/telefono\/","article_modified_time":"2022-04-05T11:11:39+00:00","twitter_card":"summary_large_image","twitter_misc":{"Tiempo de lectura":"4 minutos"},"schema":{"@context":"https:\/\/schema.org","@graph":[{"@type":"WebPage","@id":"https:\/\/idecesos.com\/seguros\/companias\/mapfre\/telefono\/","url":"https:\/\/idecesos.com\/seguros\/companias\/mapfre\/telefono\/","name":"Tel\u00e9fono Gratuito Mapfre \u25b7Atenci\u00f3n Cliente, Email, RRSS, Web","isPartOf":{"@id":"https:\/\/idecesos.com\/seguros\/#website"},"datePublished":"2021-11-25T10:17:27+00:00","dateModified":"2022-04-05T11:11:39+00:00","description":"Busca aqu\u00ed\u3010Mapfre seguros tel\u00e9fono gratuito\u3011Mapfre Decesos tel\u00e9fono gratis: atenci\u00f3n al cliente y contrataciones \u2611\ufe0fVerificado en 2026","breadcrumb":{"@id":"https:\/\/idecesos.com\/seguros\/companias\/mapfre\/telefono\/#breadcrumb"},"inLanguage":"es","potentialAction":[{"@type":"ReadAction","target":["https:\/\/idecesos.com\/seguros\/companias\/mapfre\/telefono\/"]}]},{"@type":"BreadcrumbList","@id":"https:\/\/idecesos.com\/seguros\/companias\/mapfre\/telefono\/#breadcrumb","itemListElement":[{"@type":"ListItem","position":1,"name":"Portada","item":"https:\/\/idecesos.com\/seguros\/"},{"@type":"ListItem","position":2,"name":"Compa\u00f1\u00edas de Seguros de Decesos en Espa\u00f1a","item":"https:\/\/idecesos.com\/seguros\/companias\/"},{"@type":"ListItem","position":3,"name":"Seguro de decesos Mapfre","item":"https:\/\/idecesos.com\/seguros\/companias\/mapfre\/"},{"@type":"ListItem","position":4,"name":"Atenci\u00f3n al cliente Mapfre: telefono gratuito, e-mail"}]},{"@type":"WebSite","@id":"https:\/\/idecesos.com\/seguros\/#website","url":"https:\/\/idecesos.com\/seguros\/","name":"","description":"","potentialAction":[{"@type":"SearchAction","target":{"@type":"EntryPoint","urlTemplate":"https:\/\/idecesos.com\/seguros\/?s={search_term_string}"},"query-input":{"@type":"PropertyValueSpecification","valueRequired":true,"valueName":"search_term_string"}}],"inLanguage":"es"}]}},"_links":{"self":[{"href":"https:\/\/idecesos.com\/seguros\/wp-json\/wp\/v2\/pages\/15396","targetHints":{"allow":["GET"]}}],"collection":[{"href":"https:\/\/idecesos.com\/seguros\/wp-json\/wp\/v2\/pages"}],"about":[{"href":"https:\/\/idecesos.com\/seguros\/wp-json\/wp\/v2\/types\/page"}],"author":[{"embeddable":true,"href":"https:\/\/idecesos.com\/seguros\/wp-json\/wp\/v2\/users\/1"}],"replies":[{"embeddable":true,"href":"https:\/\/idecesos.com\/seguros\/wp-json\/wp\/v2\/comments?post=15396"}],"version-history":[{"count":8,"href":"https:\/\/idecesos.com\/seguros\/wp-json\/wp\/v2\/pages\/15396\/revisions"}],"predecessor-version":[{"id":21011,"href":"https:\/\/idecesos.com\/seguros\/wp-json\/wp\/v2\/pages\/15396\/revisions\/21011"}],"up":[{"embeddable":true,"href":"https:\/\/idecesos.com\/seguros\/wp-json\/wp\/v2\/pages\/414"}],"wp:attachment":[{"href":"https:\/\/idecesos.com\/seguros\/wp-json\/wp\/v2\/media?parent=15396"}],"curies":[{"name":"wp","href":"https:\/\/api.w.org\/{rel}","templated":true}]}}