{"id":15399,"date":"2021-11-26T09:12:43","date_gmt":"2021-11-25T10:17:28","guid":{"rendered":"https:\/\/idecesos.com\/seguros\/companias\/catalana-occidente\/telefono\/"},"modified":"2022-04-05T09:48:00","modified_gmt":"2022-04-05T09:48:00","slug":"telefono","status":"publish","type":"page","link":"https:\/\/idecesos.com\/seguros\/companias\/catalana-occidente\/telefono\/","title":{"rendered":"Atenci\u00f3n al cliente Catalana Occidente: telefono gratuito, e-mail"},"content":{"rendered":"<div id=\"ez-toc-container\" class=\"ez-toc-v2_0_83 ez-toc-wrap-center counter-hierarchy ez-toc-counter ez-toc-custom ez-toc-container-direction\">\n<div class=\"ez-toc-title-container\">\n<p class=\"ez-toc-title\" style=\"cursor:inherit\">Tabla de Contenido<\/p>\n<span class=\"ez-toc-title-toggle\"><a href=\"#\" class=\"ez-toc-pull-right ez-toc-btn ez-toc-btn-xs ez-toc-btn-default ez-toc-toggle\" aria-label=\"Alternar tabla de contenidos\"><span class=\"ez-toc-js-icon-con\"><span class=\"\"><span class=\"eztoc-hide\" style=\"display:none;\">Toggle<\/span><span class=\"ez-toc-icon-toggle-span\"><svg style=\"fill: #db6415;color:#db6415\" xmlns=\"http:\/\/www.w3.org\/2000\/svg\" class=\"list-377408\" width=\"20px\" height=\"20px\" viewBox=\"0 0 24 24\" fill=\"none\"><path d=\"M6 6H4v2h2V6zm14 0H8v2h12V6zM4 11h2v2H4v-2zm16 0H8v2h12v-2zM4 16h2v2H4v-2zm16 0H8v2h12v-2z\" fill=\"currentColor\"><\/path><\/svg><svg style=\"fill: #db6415;color:#db6415\" class=\"arrow-unsorted-368013\" xmlns=\"http:\/\/www.w3.org\/2000\/svg\" width=\"10px\" height=\"10px\" viewBox=\"0 0 24 24\" version=\"1.2\" baseProfile=\"tiny\"><path d=\"M18.2 9.3l-6.2-6.3-6.2 6.3c-.2.2-.3.4-.3.7s.1.5.3.7c.2.2.4.3.7.3h11c.3 0 .5-.1.7-.3.2-.2.3-.5.3-.7s-.1-.5-.3-.7zM5.8 14.7l6.2 6.3 6.2-6.3c.2-.2.3-.5.3-.7s-.1-.5-.3-.7c-.2-.2-.4-.3-.7-.3h-11c-.3 0-.5.1-.7.3-.2.2-.3.5-.3.7s.1.5.3.7z\"\/><\/svg><\/span><\/span><\/span><\/a><\/span><\/div>\n<nav><ul class='ez-toc-list ez-toc-list-level-1 ' ><ul class='ez-toc-list-level-4' ><li class='ez-toc-heading-level-4'><ul class='ez-toc-list-level-4' ><li class='ez-toc-heading-level-4'><a class=\"ez-toc-link ez-toc-heading-1\" href=\"https:\/\/idecesos.com\/seguros\/companias\/catalana-occidente\/telefono\/#Telefono_Contrataciones_951_127_403\" >Tel\u00e9fono Contrataciones\r\n951 127 403<\/a><\/li><\/ul><\/li><\/ul><\/li><li class='ez-toc-page-1 ez-toc-heading-level-2'><a class=\"ez-toc-link ez-toc-heading-2\" href=\"https:\/\/idecesos.com\/seguros\/companias\/catalana-occidente\/telefono\/#%C2%BFComo_contactar_con_Catalana_Occidente\" >\u00bfC\u00f3mo contactar con Catalana Occidente?<\/a><ul class='ez-toc-list-level-3' ><li class='ez-toc-heading-level-3'><a class=\"ez-toc-link ez-toc-heading-3\" href=\"https:\/\/idecesos.com\/seguros\/companias\/catalana-occidente\/telefono\/#Telefono_gratuito_de_Catalana_Occidente\" >Tel\u00e9fono gratuito de Catalana Occidente<\/a><\/li><li class='ez-toc-page-1 ez-toc-heading-level-3'><a class=\"ez-toc-link ez-toc-heading-4\" href=\"https:\/\/idecesos.com\/seguros\/companias\/catalana-occidente\/telefono\/#Horario_de_atencion_al_cliente_de_Catalana_Occidente\" >Horario de atenci\u00f3n al cliente de Catalana Occidente<\/a><\/li><li class='ez-toc-page-1 ez-toc-heading-level-3'><a class=\"ez-toc-link ez-toc-heading-5\" href=\"https:\/\/idecesos.com\/seguros\/companias\/catalana-occidente\/telefono\/#Correo_electronico_de_Catalana_Occidente\" >Correo electr\u00f3nico de Catalana Occidente<\/a><\/li><li class='ez-toc-page-1 ez-toc-heading-level-3'><a class=\"ez-toc-link ez-toc-heading-6\" href=\"https:\/\/idecesos.com\/seguros\/companias\/catalana-occidente\/telefono\/#Formulario_en_el_sitio_Web_de_Catalana_Occidente\" >Formulario en el sitio Web de Catalana Occidente<\/a><\/li><li class='ez-toc-page-1 ez-toc-heading-level-3'><a class=\"ez-toc-link ez-toc-heading-7\" href=\"https:\/\/idecesos.com\/seguros\/companias\/catalana-occidente\/telefono\/#Redes_sociales_de_Catalana_Occidente\" >Redes sociales de Catalana Occidente<\/a><\/li><\/ul><\/li><\/ul><\/nav><\/div>\n\n<div class=\"caja\">\n<div class=\"cajaIcono2 \"  ><div class=\"cuadro\" style=\"box-shadow: inset 0 0 0 3px #ff790e\"><div class=\"iconoCircular\" style=\"border: 3px solid #ff790e\">\t\t\n\t\t\t\t\t<div class=\"iconoCirculo\">\n\t\t\t\t\t  <i class=\"fas fa-phone-volume\"><\/i>\n\t\t\t\t\t<\/div>\n\t\t\t\t<\/div><div class=\"\">\n<h4 style=\"text-align: center;\"><strong>Tel\u00e9fono Contrataciones<br \/>\n951 127 403<\/strong><\/h4>\n<p><\/div><\/div><\/div><br \/>\nPara que pueda tener acceso a informaci\u00f3n sobre Catalana Occidente, tiene disponible varios m\u00e9todos gratis, f\u00e1ciles y f\u00e1ciles. Brinda la oportunidad de poder ser informado, a trav\u00e9s de una persona al cargo del servicio de atenci\u00f3n al usuario, sobre los gastos que pueda conllevar cualquier tr\u00e1mite funerario, las orientaciones m\u00e9dicas libres, los diferentes camposantos disponibles y, otros m\u00e1s. Cualquier tr\u00e1mite o bien administraci\u00f3n va a estar cerrado de cara al momento del entierro del ser querido y, para su calma, no deber\u00e1n estar preocupados por solamente all\u00e1. Adem\u00e1s de esto, tendr\u00e1 el mayor apoyo posible en tal proceso tan delicado.<br \/>\n<\/div><\/p>\n<div class=\"colorf \"  ><div class=\"container clearfix\"><div class=\"col-md-7\"><\/p>\n<h2><span class=\"ez-toc-section\" id=\"%C2%BFComo_contactar_con_Catalana_Occidente\"><\/span>\u00bfC\u00f3mo contactar con Catalana Occidente?<span class=\"ez-toc-section-end\"><\/span><\/h2>\n<p>Para contactar con Catalana Occidente, dispone de un tel\u00e9fono gratis de contacto, e mail, p\u00e1gina, en la que se le facilitar\u00e1 un formulario y, finalmente, perfiles en diferentes redes sociales.<br \/>\n<\/div><\/div><\/div>\n<h3><span class=\"ez-toc-section\" id=\"Telefono_gratuito_de_Catalana_Occidente\"><\/span>Tel\u00e9fono gratuito de Catalana Occidente<span class=\"ez-toc-section-end\"><\/span><\/h3>\n<p>Para facilitar contestaciones a dudas, cuestiones, asesoramiento, etc. Con respecto a su seguro decesos, es muy importante conocer el tel\u00e9fono de contacto que brinda para poder establecer un v\u00ednculo con el usuario. A d\u00eda de hoy, si su intenci\u00f3n es poder conversar de manera extensa y sin prisas con el experto, es el mejor procedimiento, por su contacto directo y simpleza. Se acabaron las esperas, Catalana Occidente da el siguiente tel\u00e9fono gratuito <strong>932 22 02 12<\/strong>\u00a0con el que vas a poder contactar con los expertos sin desplazarse hasta alguna oficina.<br \/>\n<div class=\"colorf\"><div class=\"container clearfix\"><div class=\"col-md-7\"><\/p>\n<div class=\"cabecera_tabla_ajustada \"  style=\"width:80%\" ><div class=\"row\"><\/div>\n<p><div class=\"fila_tabla4 \"  ><div class=\"row\"><div class=\"col-8 nosepara izq\"><p><strong>Tel\u00e9fono para contrataciones<\/strong><\/p><\/div><div class=\"col-4 nosepara centro\">951 127 403<\/div><\/div><\/div><div class=\"fila_tabla4 \"  ><div class=\"row\"><div class=\"col-8 nosepara izq\"><p><strong>Servicio Integral Decesos<\/strong><\/p><\/div><div class=\"col-4 nosepara centro\">902 344 000<\/div><\/div><\/div><\/p>\n<p>&nbsp;<\/p>\n<div class=\"pie_tabla \"  ><div class=\"row\"><div class=\"col-12 \"><\/div><\/div><\/div><\/div>\n<\/div><\/div><\/div>\n<h3><span class=\"ez-toc-section\" id=\"Horario_de_atencion_al_cliente_de_Catalana_Occidente\"><\/span>Horario de atenci\u00f3n al cliente de Catalana Occidente<span class=\"ez-toc-section-end\"><\/span><\/h3>\n<p>Catalana Occidente tiene un horario muy flexible de atenci\u00f3n al cliente para que llames cuando usted pueda. De este modo podr\u00e1 llamar cuando pueda y sus agentes van a poder ayudarle. El agente que le atender\u00e1 le hablar\u00e1 de forma clara y sencilla para que haya un entendimiento mutuo. En el instante que precise, la llamada va a ser desviada a uno de los aconsejes y expertos de la compa\u00f1\u00eda, que le resolver\u00e1 las preguntas, dudas\u2026 que desee saber sobre su seguro de decesos y cualquier cuesti\u00f3n que le compete. Tras la llamada, todas sus dudas y inquietudes habr\u00e1n sido resueltas y la atenci\u00f3n al usuario recibida va a haber sido la correcta.<br \/>\n<div class=\"colorf\"><div class=\"container clearfix\"><div class=\"col-md-7\"><\/p>\n<h3><span class=\"ez-toc-section\" id=\"Correo_electronico_de_Catalana_Occidente\"><\/span>Correo electr\u00f3nico de Catalana Occidente<span class=\"ez-toc-section-end\"><\/span><\/h3>\n<p>Las digitalizaci\u00f3n es m\u00e1s que un hecho y la poblaci\u00f3n se ha acomodado a los servicios que esta le ofrece. Internet es parte integrante de la vida de la enorme mayor\u00eda de las personas del planeta, con lo que disponen de perfiles en Hotmail, Gmail\u2026 Plataformas precisas para el env\u00edo y recibo de informaci\u00f3n, sin tener la necesidad de desplazarse del sitio, puesto que, pr\u00e1cticamente todo, est\u00e1 digitalizado. Catalana Occidente ha tenido en cuenta todos estos aspectos y ofrece el pr\u00f3ximo e mail <strong>dac@catalanaoccidente.com<\/strong>. Merced a esto podr\u00e1 enviar cualquier duda, petici\u00f3n o inquietud sobre su seguro de decesos. La respuesta que obtenga va a ser minuciosamente estudiada y preparada por uno de los expertos.<br \/>\n<\/div><\/div><\/div><\/p>\n<h3><span class=\"ez-toc-section\" id=\"Formulario_en_el_sitio_Web_de_Catalana_Occidente\"><\/span>Formulario en el sitio Web de Catalana Occidente<span class=\"ez-toc-section-end\"><\/span><\/h3>\n<p>Los buscadores pertenecientes a Internet son considerados la mayor plataforma para toda la poblaci\u00f3n. Vas a poder localizar todo g\u00e9nero de contestaciones con el sencillo acto de teclear cualquier palabra. Catalana Occidente tiene a la predisposici\u00f3n del usuario su p\u00e1gina web, en la que estar\u00e1 plasmada toda la informaci\u00f3n necesaria sobre el seguro de decesos, como por servirnos de un ejemplo costes o servicios. De este modo, dispondr\u00e1 de datos suficientes, previos a un asesoramiento. Dependiendo de las caracter\u00edsticas que desee obtener, tendr\u00e1 unas garant\u00edas o bien otras, ya que la informaci\u00f3n dada en la web es general. La p\u00e1gina web es la siguiente <strong>www.seguroscatalanaoccidente.com\/<\/strong>.<br \/>\n<div class=\"colorf\"><div class=\"container clearfix\"><div class=\"col-md-7\"><\/p>\n<h3><span class=\"ez-toc-section\" id=\"Redes_sociales_de_Catalana_Occidente\"><\/span>Redes sociales de Catalana Occidente<span class=\"ez-toc-section-end\"><\/span><\/h3>\n<p>Miles y miles de personas forman parte de las redes sociales con mayor relevancia y difusi\u00f3n: Instagram, Twitter y Fb. Catalana Occidente es conocedora del gran impacto y repercusi\u00f3n que tienen estas plataformas, con lo que dispone de un perfil en ellas. Acceder a \u00e9l es muy sencillo, solo va a deber buscar el nombre de Catalana Occidente en dichas aplicaciones. Podr\u00e1 hallar en el perfil informaci\u00f3n sobre sus peculiaridades en torno al seguro de decesos, ofertas libres, im\u00e1genes de la compa\u00f1\u00eda y otros m\u00e1s. Este servicio le va a ser de mucha ayuda para sostener contacto con la compa\u00f1\u00eda si de este modo lo desea.<br \/>\n<\/div><\/div><\/div><\/p>\n<\/div>\n<p><div class=\"oficinas\"> <h3>P\u00e1ginas relacionadas<\/h3><div class=\"enlazado\"><ul> <li><a href=\"https:\/\/idecesos.com\/seguros\/companias\/catalana-occidente\/opiniones\/\">Opiniones Catalana Occidente<\/a><\/li> <li><a href=\"https:\/\/idecesos.com\/seguros\/companias\/catalana-occidente\/precio\/\">Precio seguro Catalana Occidente<\/a><\/li> <li><a href=\"https:\/\/idecesos.com\/seguros\/companias\/catalana-occidente\/prima-mixta\/\">Catalana Occidente Prima Mixta<\/a><\/li> <li><a href=\"https:\/\/idecesos.com\/seguros\/companias\/catalana-occidente\/prima-natural\/\">Catalana Occidente Prima Natural<\/a><\/li> <li><a href=\"https:\/\/idecesos.com\/seguros\/companias\/catalana-occidente\/prima-nivelada\/\">Catalana Occidente Prima Nivelada<\/a><\/li> <li><a href=\"https:\/\/idecesos.com\/seguros\/companias\/catalana-occidente\/prima-unica\/\">Catalana Occidente Prima \u00danica<\/a><\/li> <li><a href=\"https:\/\/idecesos.com\/seguros\/companias\/catalana-occidente\/repatriacion\/\">Catalana Occidente Repatriaci\u00f3n<\/a><\/li> <li><a href=\"https:\/\/idecesos.com\/seguros\/companias\/catalana-occidente\/telefono\/\">Tel\u00e9fono Gratuito Catalana Occidente<\/a><\/li><\/ul><\/div> <\/div><\/p>\n","protected":false},"excerpt":{"rendered":"<p>Para que pueda tener acceso a informaci\u00f3n sobre Catalana Occidente, tiene disponible varios m\u00e9todos gratis, f\u00e1ciles y f\u00e1ciles. Brinda la oportunidad de poder ser informado, a trav\u00e9s de una persona al cargo del servicio de atenci\u00f3n al usuario, sobre los gastos que pueda conllevar cualquier tr\u00e1mite funerario, las orientaciones m\u00e9dicas libres, los diferentes camposantos disponibles&hellip; <\/p>\n","protected":false},"author":1,"featured_media":0,"parent":617,"menu_order":0,"comment_status":"closed","ping_status":"closed","template":"single.php","meta":{"footnotes":""},"class_list":["post-15399","page","type-page","status-publish","hentry"],"yoast_head":"<!-- This site is optimized with the Yoast SEO plugin v27.6 - https:\/\/yoast.com\/product\/yoast-seo-wordpress\/ -->\n<title>Tel\u00e9fono Gratuito Catalana Occidente \u25b7Atenci\u00f3n Cliente, Email, RRSS, Web<\/title>\n<meta name=\"description\" content=\"Busca aqu\u00ed\u3010Catalana Occidente seguros tel\u00e9fono gratuito\u3011Catalana Occidente Decesos tel\u00e9fono gratis: atenci\u00f3n al cliente y contrataciones \u2611\ufe0fVerificado en 2026\" \/>\n<meta name=\"robots\" content=\"index, follow, max-snippet:-1, max-image-preview:large, max-video-preview:-1\" \/>\n<link rel=\"canonical\" href=\"https:\/\/idecesos.com\/seguros\/companias\/catalana-occidente\/telefono\/\" \/>\n<meta property=\"og:locale\" content=\"es_ES\" \/>\n<meta property=\"og:type\" content=\"article\" \/>\n<meta property=\"og:title\" content=\"Tel\u00e9fono Gratuito Catalana Occidente \u25b7Atenci\u00f3n Cliente, Email, RRSS, Web\" \/>\n<meta property=\"og:description\" content=\"Busca aqu\u00ed\u3010Catalana Occidente seguros tel\u00e9fono gratuito\u3011Catalana Occidente Decesos tel\u00e9fono gratis: atenci\u00f3n al cliente y contrataciones \u2611\ufe0fVerificado en 2026\" \/>\n<meta property=\"og:url\" content=\"https:\/\/idecesos.com\/seguros\/companias\/catalana-occidente\/telefono\/\" \/>\n<meta property=\"article:modified_time\" content=\"2022-04-05T09:48:00+00:00\" \/>\n<meta name=\"twitter:card\" content=\"summary_large_image\" \/>\n<meta name=\"twitter:label1\" content=\"Tiempo de lectura\" \/>\n\t<meta name=\"twitter:data1\" content=\"4 minutos\" \/>\n<script type=\"application\/ld+json\" class=\"yoast-schema-graph\">{\"@context\":\"https:\\\/\\\/schema.org\",\"@graph\":[{\"@type\":\"WebPage\",\"@id\":\"https:\\\/\\\/idecesos.com\\\/seguros\\\/companias\\\/catalana-occidente\\\/telefono\\\/\",\"url\":\"https:\\\/\\\/idecesos.com\\\/seguros\\\/companias\\\/catalana-occidente\\\/telefono\\\/\",\"name\":\"Tel\u00e9fono Gratuito Catalana Occidente \u25b7Atenci\u00f3n Cliente, Email, RRSS, Web\",\"isPartOf\":{\"@id\":\"https:\\\/\\\/idecesos.com\\\/seguros\\\/#website\"},\"datePublished\":\"2021-11-25T10:17:28+00:00\",\"dateModified\":\"2022-04-05T09:48:00+00:00\",\"description\":\"Busca aqu\u00ed\u3010Catalana Occidente seguros tel\u00e9fono gratuito\u3011Catalana Occidente Decesos tel\u00e9fono gratis: atenci\u00f3n al cliente y contrataciones \u2611\ufe0fVerificado en 2026\",\"breadcrumb\":{\"@id\":\"https:\\\/\\\/idecesos.com\\\/seguros\\\/companias\\\/catalana-occidente\\\/telefono\\\/#breadcrumb\"},\"inLanguage\":\"es\",\"potentialAction\":[{\"@type\":\"ReadAction\",\"target\":[\"https:\\\/\\\/idecesos.com\\\/seguros\\\/companias\\\/catalana-occidente\\\/telefono\\\/\"]}]},{\"@type\":\"BreadcrumbList\",\"@id\":\"https:\\\/\\\/idecesos.com\\\/seguros\\\/companias\\\/catalana-occidente\\\/telefono\\\/#breadcrumb\",\"itemListElement\":[{\"@type\":\"ListItem\",\"position\":1,\"name\":\"Portada\",\"item\":\"https:\\\/\\\/idecesos.com\\\/seguros\\\/\"},{\"@type\":\"ListItem\",\"position\":2,\"name\":\"Compa\u00f1\u00edas de Seguros de Decesos en Espa\u00f1a\",\"item\":\"https:\\\/\\\/idecesos.com\\\/seguros\\\/companias\\\/\"},{\"@type\":\"ListItem\",\"position\":3,\"name\":\"Seguro de decesos Catalana Occidente\",\"item\":\"https:\\\/\\\/idecesos.com\\\/seguros\\\/companias\\\/catalana-occidente\\\/\"},{\"@type\":\"ListItem\",\"position\":4,\"name\":\"Atenci\u00f3n al cliente Catalana Occidente: telefono gratuito, e-mail\"}]},{\"@type\":\"WebSite\",\"@id\":\"https:\\\/\\\/idecesos.com\\\/seguros\\\/#website\",\"url\":\"https:\\\/\\\/idecesos.com\\\/seguros\\\/\",\"name\":\"\",\"description\":\"\",\"potentialAction\":[{\"@type\":\"SearchAction\",\"target\":{\"@type\":\"EntryPoint\",\"urlTemplate\":\"https:\\\/\\\/idecesos.com\\\/seguros\\\/?s={search_term_string}\"},\"query-input\":{\"@type\":\"PropertyValueSpecification\",\"valueRequired\":true,\"valueName\":\"search_term_string\"}}],\"inLanguage\":\"es\"}]}<\/script>\n<!-- \/ Yoast SEO plugin. -->","yoast_head_json":{"title":"Tel\u00e9fono Gratuito Catalana Occidente \u25b7Atenci\u00f3n Cliente, Email, RRSS, Web","description":"Busca aqu\u00ed\u3010Catalana Occidente seguros tel\u00e9fono gratuito\u3011Catalana Occidente Decesos tel\u00e9fono gratis: atenci\u00f3n al cliente y contrataciones \u2611\ufe0fVerificado en 2026","robots":{"index":"index","follow":"follow","max-snippet":"max-snippet:-1","max-image-preview":"max-image-preview:large","max-video-preview":"max-video-preview:-1"},"canonical":"https:\/\/idecesos.com\/seguros\/companias\/catalana-occidente\/telefono\/","og_locale":"es_ES","og_type":"article","og_title":"Tel\u00e9fono Gratuito Catalana Occidente \u25b7Atenci\u00f3n Cliente, Email, RRSS, Web","og_description":"Busca aqu\u00ed\u3010Catalana Occidente seguros tel\u00e9fono gratuito\u3011Catalana Occidente Decesos tel\u00e9fono gratis: atenci\u00f3n al cliente y contrataciones \u2611\ufe0fVerificado en 2026","og_url":"https:\/\/idecesos.com\/seguros\/companias\/catalana-occidente\/telefono\/","article_modified_time":"2022-04-05T09:48:00+00:00","twitter_card":"summary_large_image","twitter_misc":{"Tiempo de lectura":"4 minutos"},"schema":{"@context":"https:\/\/schema.org","@graph":[{"@type":"WebPage","@id":"https:\/\/idecesos.com\/seguros\/companias\/catalana-occidente\/telefono\/","url":"https:\/\/idecesos.com\/seguros\/companias\/catalana-occidente\/telefono\/","name":"Tel\u00e9fono Gratuito Catalana Occidente \u25b7Atenci\u00f3n Cliente, Email, RRSS, Web","isPartOf":{"@id":"https:\/\/idecesos.com\/seguros\/#website"},"datePublished":"2021-11-25T10:17:28+00:00","dateModified":"2022-04-05T09:48:00+00:00","description":"Busca aqu\u00ed\u3010Catalana Occidente seguros tel\u00e9fono gratuito\u3011Catalana Occidente Decesos tel\u00e9fono gratis: atenci\u00f3n al cliente y contrataciones \u2611\ufe0fVerificado en 2026","breadcrumb":{"@id":"https:\/\/idecesos.com\/seguros\/companias\/catalana-occidente\/telefono\/#breadcrumb"},"inLanguage":"es","potentialAction":[{"@type":"ReadAction","target":["https:\/\/idecesos.com\/seguros\/companias\/catalana-occidente\/telefono\/"]}]},{"@type":"BreadcrumbList","@id":"https:\/\/idecesos.com\/seguros\/companias\/catalana-occidente\/telefono\/#breadcrumb","itemListElement":[{"@type":"ListItem","position":1,"name":"Portada","item":"https:\/\/idecesos.com\/seguros\/"},{"@type":"ListItem","position":2,"name":"Compa\u00f1\u00edas de Seguros de Decesos en Espa\u00f1a","item":"https:\/\/idecesos.com\/seguros\/companias\/"},{"@type":"ListItem","position":3,"name":"Seguro de decesos Catalana Occidente","item":"https:\/\/idecesos.com\/seguros\/companias\/catalana-occidente\/"},{"@type":"ListItem","position":4,"name":"Atenci\u00f3n al cliente Catalana Occidente: telefono gratuito, e-mail"}]},{"@type":"WebSite","@id":"https:\/\/idecesos.com\/seguros\/#website","url":"https:\/\/idecesos.com\/seguros\/","name":"","description":"","potentialAction":[{"@type":"SearchAction","target":{"@type":"EntryPoint","urlTemplate":"https:\/\/idecesos.com\/seguros\/?s={search_term_string}"},"query-input":{"@type":"PropertyValueSpecification","valueRequired":true,"valueName":"search_term_string"}}],"inLanguage":"es"}]}},"_links":{"self":[{"href":"https:\/\/idecesos.com\/seguros\/wp-json\/wp\/v2\/pages\/15399","targetHints":{"allow":["GET"]}}],"collection":[{"href":"https:\/\/idecesos.com\/seguros\/wp-json\/wp\/v2\/pages"}],"about":[{"href":"https:\/\/idecesos.com\/seguros\/wp-json\/wp\/v2\/types\/page"}],"author":[{"embeddable":true,"href":"https:\/\/idecesos.com\/seguros\/wp-json\/wp\/v2\/users\/1"}],"replies":[{"embeddable":true,"href":"https:\/\/idecesos.com\/seguros\/wp-json\/wp\/v2\/comments?post=15399"}],"version-history":[{"count":8,"href":"https:\/\/idecesos.com\/seguros\/wp-json\/wp\/v2\/pages\/15399\/revisions"}],"predecessor-version":[{"id":20966,"href":"https:\/\/idecesos.com\/seguros\/wp-json\/wp\/v2\/pages\/15399\/revisions\/20966"}],"up":[{"embeddable":true,"href":"https:\/\/idecesos.com\/seguros\/wp-json\/wp\/v2\/pages\/617"}],"wp:attachment":[{"href":"https:\/\/idecesos.com\/seguros\/wp-json\/wp\/v2\/media?parent=15399"}],"curies":[{"name":"wp","href":"https:\/\/api.w.org\/{rel}","templated":true}]}}