{"id":15400,"date":"2021-11-26T09:12:43","date_gmt":"2021-11-25T10:17:29","guid":{"rendered":"https:\/\/idecesos.com\/seguros\/companias\/generali\/telefono\/"},"modified":"2022-04-05T10:26:54","modified_gmt":"2022-04-05T10:26:54","slug":"telefono","status":"publish","type":"page","link":"https:\/\/idecesos.com\/seguros\/companias\/generali\/telefono\/","title":{"rendered":"Atenci\u00f3n al cliente Generali: telefono gratuito, e-mail"},"content":{"rendered":"<div id=\"ez-toc-container\" class=\"ez-toc-v2_0_83 ez-toc-wrap-center counter-hierarchy ez-toc-counter ez-toc-custom ez-toc-container-direction\">\n<div class=\"ez-toc-title-container\">\n<p class=\"ez-toc-title\" style=\"cursor:inherit\">Tabla de Contenido<\/p>\n<span class=\"ez-toc-title-toggle\"><a href=\"#\" class=\"ez-toc-pull-right ez-toc-btn ez-toc-btn-xs ez-toc-btn-default ez-toc-toggle\" aria-label=\"Alternar tabla de contenidos\"><span class=\"ez-toc-js-icon-con\"><span class=\"\"><span class=\"eztoc-hide\" style=\"display:none;\">Toggle<\/span><span class=\"ez-toc-icon-toggle-span\"><svg style=\"fill: #db6415;color:#db6415\" xmlns=\"http:\/\/www.w3.org\/2000\/svg\" class=\"list-377408\" width=\"20px\" height=\"20px\" viewBox=\"0 0 24 24\" fill=\"none\"><path d=\"M6 6H4v2h2V6zm14 0H8v2h12V6zM4 11h2v2H4v-2zm16 0H8v2h12v-2zM4 16h2v2H4v-2zm16 0H8v2h12v-2z\" fill=\"currentColor\"><\/path><\/svg><svg style=\"fill: #db6415;color:#db6415\" class=\"arrow-unsorted-368013\" xmlns=\"http:\/\/www.w3.org\/2000\/svg\" width=\"10px\" height=\"10px\" viewBox=\"0 0 24 24\" version=\"1.2\" baseProfile=\"tiny\"><path d=\"M18.2 9.3l-6.2-6.3-6.2 6.3c-.2.2-.3.4-.3.7s.1.5.3.7c.2.2.4.3.7.3h11c.3 0 .5-.1.7-.3.2-.2.3-.5.3-.7s-.1-.5-.3-.7zM5.8 14.7l6.2 6.3 6.2-6.3c.2-.2.3-.5.3-.7s-.1-.5-.3-.7c-.2-.2-.4-.3-.7-.3h-11c-.3 0-.5.1-.7.3-.2.2-.3.5-.3.7s.1.5.3.7z\"\/><\/svg><\/span><\/span><\/span><\/a><\/span><\/div>\n<nav><ul class='ez-toc-list ez-toc-list-level-1 ' ><ul class='ez-toc-list-level-4' ><li class='ez-toc-heading-level-4'><ul class='ez-toc-list-level-4' ><li class='ez-toc-heading-level-4'><a class=\"ez-toc-link ez-toc-heading-1\" href=\"https:\/\/idecesos.com\/seguros\/companias\/generali\/telefono\/#Telefono_Contrataciones_951_127_403\" >Tel\u00e9fono Contrataciones\r\n951 127 403<\/a><\/li><\/ul><\/li><\/ul><\/li><li class='ez-toc-page-1 ez-toc-heading-level-2'><a class=\"ez-toc-link ez-toc-heading-2\" href=\"https:\/\/idecesos.com\/seguros\/companias\/generali\/telefono\/#%C2%BFComo_contactar_con_Generali\" >\u00bfC\u00f3mo contactar con Generali?<\/a><ul class='ez-toc-list-level-3' ><li class='ez-toc-heading-level-3'><a class=\"ez-toc-link ez-toc-heading-3\" href=\"https:\/\/idecesos.com\/seguros\/companias\/generali\/telefono\/#Telefono_gratuito_de_Generali\" >Tel\u00e9fono gratuito de Generali<\/a><\/li><li class='ez-toc-page-1 ez-toc-heading-level-3'><a class=\"ez-toc-link ez-toc-heading-4\" href=\"https:\/\/idecesos.com\/seguros\/companias\/generali\/telefono\/#Horario_de_atencion_al_cliente_de_Generali\" >Horario de atenci\u00f3n al cliente de Generali<\/a><\/li><li class='ez-toc-page-1 ez-toc-heading-level-3'><a class=\"ez-toc-link ez-toc-heading-5\" href=\"https:\/\/idecesos.com\/seguros\/companias\/generali\/telefono\/#Correo_electronico_de_Generali\" >Correo electr\u00f3nico de Generali<\/a><\/li><li class='ez-toc-page-1 ez-toc-heading-level-3'><a class=\"ez-toc-link ez-toc-heading-6\" href=\"https:\/\/idecesos.com\/seguros\/companias\/generali\/telefono\/#Formulario_en_el_sitio_Web_de_Generali\" >Formulario en el sitio Web de Generali<\/a><\/li><li class='ez-toc-page-1 ez-toc-heading-level-3'><a class=\"ez-toc-link ez-toc-heading-7\" href=\"https:\/\/idecesos.com\/seguros\/companias\/generali\/telefono\/#Redes_sociales_de_Generali\" >Redes sociales de Generali<\/a><\/li><\/ul><\/li><\/ul><\/nav><\/div>\n\n<div class=\"caja\">\n<div class=\"cajaIcono2 \"  ><div class=\"cuadro\" style=\"box-shadow: inset 0 0 0 3px #ff790e\"><div class=\"iconoCircular\" style=\"border: 3px solid #ff790e\">\t\t\n\t\t\t\t\t<div class=\"iconoCirculo\">\n\t\t\t\t\t  <i class=\"fas fa-phone-volume\"><\/i>\n\t\t\t\t\t<\/div>\n\t\t\t\t<\/div><div class=\"\">\n<h4 style=\"text-align: center;\"><strong>Tel\u00e9fono Contrataciones<br \/>\n951 127 403<\/strong><\/h4>\n<p><\/div><\/div><\/div><br \/>\nGenerali le ofrece una atenci\u00f3n al usuario directa y personalizada que le ayudar\u00e1 a solucionar sus dudas sobre los seguros de decesos. En el procedimiento que escoja para ello, estar\u00e1 al otro lado un consultor y experto en el tema, que podr\u00e1 ayudarle en todas las cuestiones, como los gastos ambiente al ata\u00fad y la sanidad, la indemnizaci\u00f3n diaria que puede recibir por la hospitalizaci\u00f3n, la posibilidad de conservar el ADN, la corona floral, el tanatorio, la esquela\u2026 y otros muchos factores. Siempre se tendr\u00e1 presente la situaci\u00f3n por la que pasa la familia en el instante de p\u00e9rdida del ser querido, en consecuencia, la compa\u00f1\u00eda se encargar\u00e1 de que todos y cada uno de los tr\u00e1mites est\u00e9n en perfectas condiciones y cerrados.<br \/>\n<\/div><\/p>\n<div class=\"colorf \"  ><div class=\"container clearfix\"><div class=\"col-md-7\"><\/p>\n<h2><span class=\"ez-toc-section\" id=\"%C2%BFComo_contactar_con_Generali\"><\/span>\u00bfC\u00f3mo contactar con Generali?<span class=\"ez-toc-section-end\"><\/span><\/h2>\n<p>Generali tiene libre los siguientes m\u00e9todos para poder contactar de forma gratuita: tel\u00e9fono de contacto, formulario en su web, mail y redes sociales.<br \/>\n<\/div><\/div><\/div>\n<h3><span class=\"ez-toc-section\" id=\"Telefono_gratuito_de_Generali\"><\/span>Tel\u00e9fono gratuito de Generali<span class=\"ez-toc-section-end\"><\/span><\/h3>\n<p>La llamada a Generali le saldr\u00e1 absolutamente gratis. El n\u00famero es el:<strong> 91 837 37 07.<\/strong> La llamada con Generali no le va a suponer ning\u00fan costo en su factura, independientemente del tiempo que est\u00e9 online. A trav\u00e9s de este m\u00e9todo vas a poder gozar de todas las comodidades, simple y sencillo de emplear, pudiendo llamar desde su casa sin necesidad de desplazarse a ninguna oficina. El servicio que Generali te ofrece a trav\u00e9s de sus agentes te resolver\u00e1 todas y cada una de las cuestiones y tambi\u00e9n inquietudes que tenga al terminar la llamada. Merced a su gran profesionalidad va a quedar satisfecho con sus servicios.<br \/>\n<div class=\"colorf\"><div class=\"container clearfix\"><div class=\"col-md-7\"><\/p>\n<div class=\"cabecera_tabla_ajustada \"  style=\"width:80%\" ><div class=\"row\"><\/div>\n<p><div class=\"fila_tabla4 \"  ><div class=\"row\"><div class=\"col-8 nosepara izq\"><p><strong>Tel\u00e9fono para contrataciones<\/strong><\/p><\/div><div class=\"col-4 nosepara centro\">951 127 403<\/div><\/div><\/div><div class=\"fila_tabla4 \"  ><div class=\"row\"><div class=\"col-8 nosepara izq\"><p><strong>Tel\u00e9fono seguros de decesos<\/strong><\/p><\/div><div class=\"col-4 nosepara centro\">91 169 78 28<\/div><\/div><\/div><\/p>\n<div class=\"pie_tabla \"  ><div class=\"row\"><div class=\"col-12 \"><\/div><\/div><\/div><\/div>\n<\/div><\/div><\/div>\n<h3><span class=\"ez-toc-section\" id=\"Horario_de_atencion_al_cliente_de_Generali\"><\/span>Horario de atenci\u00f3n al cliente de Generali<span class=\"ez-toc-section-end\"><\/span><\/h3>\n<p>Al usuario se le proporciona por la parte de Generali un horario flexible de atenci\u00f3n al usuario, tanto de ma\u00f1ana como de tarde. De esta forma podr\u00e1 llamar cuando pueda y sus agentes van a poder asistirle. La persona con la que hable le atender\u00e1 con un lenguaje claro y conciso a fin de que los servicios que demanden quede resueltos. En el instante que precise, la llamada ser\u00e1 desviada a uno de los asesores y especialistas de la compa\u00f1\u00eda, que le resolver\u00e1 las preguntas, dudas\u2026 que desee saber sobre su seguro de decesos y cualquier cuesti\u00f3n que le compete. Tras finalizar la llamada, va a haber recabado todos los datos precisos y va a ser de su agrado el trato recibido por parte de la empresa.<br \/>\n<div class=\"colorf\"><div class=\"container clearfix\"><div class=\"col-md-7\"><\/p>\n<h3><span class=\"ez-toc-section\" id=\"Correo_electronico_de_Generali\"><\/span>Correo electr\u00f3nico de Generali<span class=\"ez-toc-section-end\"><\/span><\/h3>\n<p>Tras la llegada de Internet, la creaci\u00f3n de perfiles en plataformas como Hotmail o Gmail, hacen sencillo el env\u00edo y recibo de mensajes y documentos. Poder comunicarse con los expertos y que est\u00e9n disponibles es fundamental, con lo que Generali ofrece el pr\u00f3ximo e mail para que esto ocurra: <strong>servicioatencionalcliente.es@generali.com<\/strong>. Cada profesional le responder\u00e1 r\u00e1pidamente, reflejando la experiencia que tienen y el respeto cara el tema que quiera tratar en torno a sus seguro de decesos.<br \/>\n<\/div><\/div><\/div><\/p>\n<h3><span class=\"ez-toc-section\" id=\"Formulario_en_el_sitio_Web_de_Generali\"><\/span>Formulario en el sitio Web de Generali<span class=\"ez-toc-section-end\"><\/span><\/h3>\n<p>Internet se ha transformada en la herramienta m\u00e1s empleada por todo el planeta. Su simpleza se ha transformado en \u00e9xito. Con teclear una palabra o bien frase encontrar\u00e1s millones de resultados relacionados con su busca. Con solo poner en su terminal <strong>www.generali.es\/<\/strong> hallar\u00e1 el sitio web de Generali. En esta p\u00e1gina hallar\u00e1 toda la informaci\u00f3n que est\u00e1 buscando sobre el seguro de decesos de Generali donde podr\u00e1 ver los servicios, costos, ventajas&#8230; que ofrecen a fin de que usted se pueda hacer una idea. La web te facilita un formulario f\u00e1cil de rellenar en el que deber\u00e1 completar diferentes campos: nombre y apellidos, n\u00famero, correo, etc. Una vez terminado, uno de los expertos de Generali va a ser el encargado de ponerse en contacto con para poder solucionar la duda que ha puesto.<br \/>\n<div class=\"colorf\"><div class=\"container clearfix\"><div class=\"col-md-7\"><\/p>\n<h3><span class=\"ez-toc-section\" id=\"Redes_sociales_de_Generali\"><\/span>Redes sociales de Generali<span class=\"ez-toc-section-end\"><\/span><\/h3>\n<p>Fb, Twitter o Instagram forman parte de las herramientas con m\u00e1s difusi\u00f3n a nivel del mundo y de las que son participantes la mayor\u00eda de personas. Generali no iba a ser menos. Dispone de diferentes plataformas, en las que vas a poder localizar la informaci\u00f3n b\u00e1sica a fin de que pueda ponerse en contacto con ella o bien saber un tanto sobre qui\u00e9nes son. Buscando su nombre, hallar\u00e1 el perfil y acceder\u00e1 a la informaci\u00f3n. Gracias a \u00e9l, tendr\u00e1 acceso a los datos, como link de p\u00e1gina, caracter\u00edsticas\u2026 que postee la compa\u00f1\u00eda sobre su seguro de decesos y asimismo, va a poder enviar un mensaje para comunicarse en el futuro con sus profesionales.<br \/>\n<\/div><\/div><\/div><\/p>\n<\/div>\n<p><div class=\"oficinas\"> <h3>P\u00e1ginas relacionadas<\/h3><div class=\"enlazado\"><ul> <li><a href=\"https:\/\/idecesos.com\/seguros\/companias\/generali\/coberturas\/\">Coberturas Seguro de Decesos Generali<\/a><\/li> <li><a href=\"https:\/\/idecesos.com\/seguros\/companias\/generali\/opiniones\/\">Opiniones Generali<\/a><\/li> <li><a href=\"https:\/\/idecesos.com\/seguros\/companias\/generali\/precio\/\">Precio seguro Generali<\/a><\/li> <li><a href=\"https:\/\/idecesos.com\/seguros\/companias\/generali\/prima-mixta\/\">Generali Prima Mixta<\/a><\/li> <li><a href=\"https:\/\/idecesos.com\/seguros\/companias\/generali\/prima-natural\/\">Generali Prima Natural<\/a><\/li> <li><a href=\"https:\/\/idecesos.com\/seguros\/companias\/generali\/prima-nivelada\/\">Generali Prima Nivelada<\/a><\/li> <li><a href=\"https:\/\/idecesos.com\/seguros\/companias\/generali\/prima-unica\/\">Generali Prima \u00danica<\/a><\/li> <li><a href=\"https:\/\/idecesos.com\/seguros\/companias\/generali\/repatriacion\/\">Generali Repatriaci\u00f3n<\/a><\/li> <li><a href=\"https:\/\/idecesos.com\/seguros\/companias\/generali\/telefono\/\">Tel\u00e9fono Gratuito Generali<\/a><\/li><\/ul><\/div> <\/div><\/p>\n","protected":false},"excerpt":{"rendered":"<p>Generali le ofrece una atenci\u00f3n al usuario directa y personalizada que le ayudar\u00e1 a solucionar sus dudas sobre los seguros de decesos. En el procedimiento que escoja para ello, estar\u00e1 al otro lado un consultor y experto en el tema, que podr\u00e1 ayudarle en todas las cuestiones, como los gastos ambiente al ata\u00fad y la&hellip; <\/p>\n","protected":false},"author":1,"featured_media":0,"parent":634,"menu_order":0,"comment_status":"closed","ping_status":"closed","template":"single.php","meta":{"footnotes":""},"class_list":["post-15400","page","type-page","status-publish","hentry"],"yoast_head":"<!-- This site is optimized with the Yoast SEO plugin v27.5 - https:\/\/yoast.com\/product\/yoast-seo-wordpress\/ -->\n<title>Tel\u00e9fono Gratuito Generali \u25b7Atenci\u00f3n Cliente, Email, RRSS, Web<\/title>\n<meta name=\"description\" content=\"Busca aqu\u00ed\u3010Generali seguros tel\u00e9fono gratuito\u3011Generali Decesos tel\u00e9fono gratis: atenci\u00f3n al cliente y contrataciones \u2611\ufe0fVerificado en 2026\" \/>\n<meta name=\"robots\" content=\"index, follow, max-snippet:-1, max-image-preview:large, max-video-preview:-1\" \/>\n<link rel=\"canonical\" href=\"https:\/\/idecesos.com\/seguros\/companias\/generali\/telefono\/\" \/>\n<meta property=\"og:locale\" content=\"es_ES\" \/>\n<meta property=\"og:type\" content=\"article\" \/>\n<meta property=\"og:title\" content=\"Tel\u00e9fono Gratuito Generali \u25b7Atenci\u00f3n Cliente, Email, RRSS, Web\" \/>\n<meta property=\"og:description\" content=\"Busca aqu\u00ed\u3010Generali seguros tel\u00e9fono gratuito\u3011Generali Decesos tel\u00e9fono gratis: atenci\u00f3n al cliente y contrataciones \u2611\ufe0fVerificado en 2026\" \/>\n<meta property=\"og:url\" content=\"https:\/\/idecesos.com\/seguros\/companias\/generali\/telefono\/\" \/>\n<meta property=\"article:modified_time\" content=\"2022-04-05T10:26:54+00:00\" \/>\n<meta name=\"twitter:card\" content=\"summary_large_image\" \/>\n<meta name=\"twitter:label1\" content=\"Tiempo de lectura\" \/>\n\t<meta name=\"twitter:data1\" content=\"4 minutos\" \/>\n<script type=\"application\/ld+json\" class=\"yoast-schema-graph\">{\"@context\":\"https:\\\/\\\/schema.org\",\"@graph\":[{\"@type\":\"WebPage\",\"@id\":\"https:\\\/\\\/idecesos.com\\\/seguros\\\/companias\\\/generali\\\/telefono\\\/\",\"url\":\"https:\\\/\\\/idecesos.com\\\/seguros\\\/companias\\\/generali\\\/telefono\\\/\",\"name\":\"Tel\u00e9fono Gratuito Generali \u25b7Atenci\u00f3n Cliente, Email, RRSS, Web\",\"isPartOf\":{\"@id\":\"https:\\\/\\\/idecesos.com\\\/seguros\\\/#website\"},\"datePublished\":\"2021-11-25T10:17:29+00:00\",\"dateModified\":\"2022-04-05T10:26:54+00:00\",\"description\":\"Busca aqu\u00ed\u3010Generali seguros tel\u00e9fono gratuito\u3011Generali Decesos tel\u00e9fono gratis: atenci\u00f3n al cliente y contrataciones \u2611\ufe0fVerificado en 2026\",\"breadcrumb\":{\"@id\":\"https:\\\/\\\/idecesos.com\\\/seguros\\\/companias\\\/generali\\\/telefono\\\/#breadcrumb\"},\"inLanguage\":\"es\",\"potentialAction\":[{\"@type\":\"ReadAction\",\"target\":[\"https:\\\/\\\/idecesos.com\\\/seguros\\\/companias\\\/generali\\\/telefono\\\/\"]}]},{\"@type\":\"BreadcrumbList\",\"@id\":\"https:\\\/\\\/idecesos.com\\\/seguros\\\/companias\\\/generali\\\/telefono\\\/#breadcrumb\",\"itemListElement\":[{\"@type\":\"ListItem\",\"position\":1,\"name\":\"Portada\",\"item\":\"https:\\\/\\\/idecesos.com\\\/seguros\\\/\"},{\"@type\":\"ListItem\",\"position\":2,\"name\":\"Compa\u00f1\u00edas de Seguros de Decesos en Espa\u00f1a\",\"item\":\"https:\\\/\\\/idecesos.com\\\/seguros\\\/companias\\\/\"},{\"@type\":\"ListItem\",\"position\":3,\"name\":\"Seguro de decesos Generali\",\"item\":\"https:\\\/\\\/idecesos.com\\\/seguros\\\/companias\\\/generali\\\/\"},{\"@type\":\"ListItem\",\"position\":4,\"name\":\"Atenci\u00f3n al cliente Generali: telefono gratuito, e-mail\"}]},{\"@type\":\"WebSite\",\"@id\":\"https:\\\/\\\/idecesos.com\\\/seguros\\\/#website\",\"url\":\"https:\\\/\\\/idecesos.com\\\/seguros\\\/\",\"name\":\"\",\"description\":\"\",\"potentialAction\":[{\"@type\":\"SearchAction\",\"target\":{\"@type\":\"EntryPoint\",\"urlTemplate\":\"https:\\\/\\\/idecesos.com\\\/seguros\\\/?s={search_term_string}\"},\"query-input\":{\"@type\":\"PropertyValueSpecification\",\"valueRequired\":true,\"valueName\":\"search_term_string\"}}],\"inLanguage\":\"es\"}]}<\/script>\n<!-- \/ Yoast SEO plugin. -->","yoast_head_json":{"title":"Tel\u00e9fono Gratuito Generali \u25b7Atenci\u00f3n Cliente, Email, RRSS, Web","description":"Busca aqu\u00ed\u3010Generali seguros tel\u00e9fono gratuito\u3011Generali Decesos tel\u00e9fono gratis: atenci\u00f3n al cliente y contrataciones \u2611\ufe0fVerificado en 2026","robots":{"index":"index","follow":"follow","max-snippet":"max-snippet:-1","max-image-preview":"max-image-preview:large","max-video-preview":"max-video-preview:-1"},"canonical":"https:\/\/idecesos.com\/seguros\/companias\/generali\/telefono\/","og_locale":"es_ES","og_type":"article","og_title":"Tel\u00e9fono Gratuito Generali \u25b7Atenci\u00f3n Cliente, Email, RRSS, Web","og_description":"Busca aqu\u00ed\u3010Generali seguros tel\u00e9fono gratuito\u3011Generali Decesos tel\u00e9fono gratis: atenci\u00f3n al cliente y contrataciones \u2611\ufe0fVerificado en 2026","og_url":"https:\/\/idecesos.com\/seguros\/companias\/generali\/telefono\/","article_modified_time":"2022-04-05T10:26:54+00:00","twitter_card":"summary_large_image","twitter_misc":{"Tiempo de lectura":"4 minutos"},"schema":{"@context":"https:\/\/schema.org","@graph":[{"@type":"WebPage","@id":"https:\/\/idecesos.com\/seguros\/companias\/generali\/telefono\/","url":"https:\/\/idecesos.com\/seguros\/companias\/generali\/telefono\/","name":"Tel\u00e9fono Gratuito Generali \u25b7Atenci\u00f3n Cliente, Email, RRSS, Web","isPartOf":{"@id":"https:\/\/idecesos.com\/seguros\/#website"},"datePublished":"2021-11-25T10:17:29+00:00","dateModified":"2022-04-05T10:26:54+00:00","description":"Busca aqu\u00ed\u3010Generali seguros tel\u00e9fono gratuito\u3011Generali Decesos tel\u00e9fono gratis: atenci\u00f3n al cliente y contrataciones \u2611\ufe0fVerificado en 2026","breadcrumb":{"@id":"https:\/\/idecesos.com\/seguros\/companias\/generali\/telefono\/#breadcrumb"},"inLanguage":"es","potentialAction":[{"@type":"ReadAction","target":["https:\/\/idecesos.com\/seguros\/companias\/generali\/telefono\/"]}]},{"@type":"BreadcrumbList","@id":"https:\/\/idecesos.com\/seguros\/companias\/generali\/telefono\/#breadcrumb","itemListElement":[{"@type":"ListItem","position":1,"name":"Portada","item":"https:\/\/idecesos.com\/seguros\/"},{"@type":"ListItem","position":2,"name":"Compa\u00f1\u00edas de Seguros de Decesos en Espa\u00f1a","item":"https:\/\/idecesos.com\/seguros\/companias\/"},{"@type":"ListItem","position":3,"name":"Seguro de decesos Generali","item":"https:\/\/idecesos.com\/seguros\/companias\/generali\/"},{"@type":"ListItem","position":4,"name":"Atenci\u00f3n al cliente Generali: telefono gratuito, e-mail"}]},{"@type":"WebSite","@id":"https:\/\/idecesos.com\/seguros\/#website","url":"https:\/\/idecesos.com\/seguros\/","name":"","description":"","potentialAction":[{"@type":"SearchAction","target":{"@type":"EntryPoint","urlTemplate":"https:\/\/idecesos.com\/seguros\/?s={search_term_string}"},"query-input":{"@type":"PropertyValueSpecification","valueRequired":true,"valueName":"search_term_string"}}],"inLanguage":"es"}]}},"_links":{"self":[{"href":"https:\/\/idecesos.com\/seguros\/wp-json\/wp\/v2\/pages\/15400","targetHints":{"allow":["GET"]}}],"collection":[{"href":"https:\/\/idecesos.com\/seguros\/wp-json\/wp\/v2\/pages"}],"about":[{"href":"https:\/\/idecesos.com\/seguros\/wp-json\/wp\/v2\/types\/page"}],"author":[{"embeddable":true,"href":"https:\/\/idecesos.com\/seguros\/wp-json\/wp\/v2\/users\/1"}],"replies":[{"embeddable":true,"href":"https:\/\/idecesos.com\/seguros\/wp-json\/wp\/v2\/comments?post=15400"}],"version-history":[{"count":8,"href":"https:\/\/idecesos.com\/seguros\/wp-json\/wp\/v2\/pages\/15400\/revisions"}],"predecessor-version":[{"id":20995,"href":"https:\/\/idecesos.com\/seguros\/wp-json\/wp\/v2\/pages\/15400\/revisions\/20995"}],"up":[{"embeddable":true,"href":"https:\/\/idecesos.com\/seguros\/wp-json\/wp\/v2\/pages\/634"}],"wp:attachment":[{"href":"https:\/\/idecesos.com\/seguros\/wp-json\/wp\/v2\/media?parent=15400"}],"curies":[{"name":"wp","href":"https:\/\/api.w.org\/{rel}","templated":true}]}}