{"id":15401,"date":"2021-11-26T09:12:44","date_gmt":"2021-11-25T10:17:29","guid":{"rendered":"https:\/\/idecesos.com\/seguros\/companias\/kutxabank\/telefono\/"},"modified":"2022-04-05T10:48:07","modified_gmt":"2022-04-05T10:48:07","slug":"telefono","status":"publish","type":"page","link":"https:\/\/idecesos.com\/seguros\/companias\/kutxabank\/telefono\/","title":{"rendered":"Atenci\u00f3n al cliente Kutxabank: telefono gratuito, e-mail"},"content":{"rendered":"<div id=\"ez-toc-container\" class=\"ez-toc-v2_0_82_2 ez-toc-wrap-center counter-hierarchy ez-toc-counter ez-toc-custom ez-toc-container-direction\">\n<div class=\"ez-toc-title-container\">\n<p class=\"ez-toc-title\" style=\"cursor:inherit\">Tabla de Contenido<\/p>\n<span class=\"ez-toc-title-toggle\"><a href=\"#\" class=\"ez-toc-pull-right ez-toc-btn ez-toc-btn-xs ez-toc-btn-default ez-toc-toggle\" aria-label=\"Alternar tabla de contenidos\"><span class=\"ez-toc-js-icon-con\"><span class=\"\"><span class=\"eztoc-hide\" style=\"display:none;\">Toggle<\/span><span class=\"ez-toc-icon-toggle-span\"><svg style=\"fill: #db6415;color:#db6415\" xmlns=\"http:\/\/www.w3.org\/2000\/svg\" class=\"list-377408\" width=\"20px\" height=\"20px\" viewBox=\"0 0 24 24\" fill=\"none\"><path d=\"M6 6H4v2h2V6zm14 0H8v2h12V6zM4 11h2v2H4v-2zm16 0H8v2h12v-2zM4 16h2v2H4v-2zm16 0H8v2h12v-2z\" fill=\"currentColor\"><\/path><\/svg><svg style=\"fill: #db6415;color:#db6415\" class=\"arrow-unsorted-368013\" xmlns=\"http:\/\/www.w3.org\/2000\/svg\" width=\"10px\" height=\"10px\" viewBox=\"0 0 24 24\" version=\"1.2\" baseProfile=\"tiny\"><path d=\"M18.2 9.3l-6.2-6.3-6.2 6.3c-.2.2-.3.4-.3.7s.1.5.3.7c.2.2.4.3.7.3h11c.3 0 .5-.1.7-.3.2-.2.3-.5.3-.7s-.1-.5-.3-.7zM5.8 14.7l6.2 6.3 6.2-6.3c.2-.2.3-.5.3-.7s-.1-.5-.3-.7c-.2-.2-.4-.3-.7-.3h-11c-.3 0-.5.1-.7.3-.2.2-.3.5-.3.7s.1.5.3.7z\"\/><\/svg><\/span><\/span><\/span><\/a><\/span><\/div>\n<nav><ul class='ez-toc-list ez-toc-list-level-1 ' ><ul class='ez-toc-list-level-4' ><li class='ez-toc-heading-level-4'><ul class='ez-toc-list-level-4' ><li class='ez-toc-heading-level-4'><a class=\"ez-toc-link ez-toc-heading-1\" href=\"https:\/\/idecesos.com\/seguros\/companias\/kutxabank\/telefono\/#Telefono_Contrataciones_951_127_403\" >Tel\u00e9fono Contrataciones \n951 127 403<\/a><\/li><\/ul><\/li><\/ul><\/li><li class='ez-toc-page-1 ez-toc-heading-level-2'><a class=\"ez-toc-link ez-toc-heading-2\" href=\"https:\/\/idecesos.com\/seguros\/companias\/kutxabank\/telefono\/#%C2%BFComo_contactar_con_Kutxabank\" >\u00bfC\u00f3mo contactar con Kutxabank?<\/a><ul class='ez-toc-list-level-3' ><li class='ez-toc-heading-level-3'><a class=\"ez-toc-link ez-toc-heading-3\" href=\"https:\/\/idecesos.com\/seguros\/companias\/kutxabank\/telefono\/#Telefono_gratuito_de_Kutxabank\" >Tel\u00e9fono gratuito de Kutxabank<\/a><\/li><li class='ez-toc-page-1 ez-toc-heading-level-3'><a class=\"ez-toc-link ez-toc-heading-4\" href=\"https:\/\/idecesos.com\/seguros\/companias\/kutxabank\/telefono\/#Horario_de_atencion_al_cliente_de_Kutxabank\" >Horario de atenci\u00f3n al cliente de Kutxabank<\/a><\/li><li class='ez-toc-page-1 ez-toc-heading-level-3'><a class=\"ez-toc-link ez-toc-heading-5\" href=\"https:\/\/idecesos.com\/seguros\/companias\/kutxabank\/telefono\/#Correo_electronico_de_Kutxabank\" >Correo electr\u00f3nico de Kutxabank<\/a><\/li><li class='ez-toc-page-1 ez-toc-heading-level-3'><a class=\"ez-toc-link ez-toc-heading-6\" href=\"https:\/\/idecesos.com\/seguros\/companias\/kutxabank\/telefono\/#Formulario_en_el_sitio_Web_de_Kutxabank\" >Formulario en el sitio Web de Kutxabank<\/a><\/li><li class='ez-toc-page-1 ez-toc-heading-level-3'><a class=\"ez-toc-link ez-toc-heading-7\" href=\"https:\/\/idecesos.com\/seguros\/companias\/kutxabank\/telefono\/#Redes_sociales_de_Kutxabank\" >Redes sociales de Kutxabank<\/a><\/li><li class='ez-toc-page-1 ez-toc-heading-level-3'><a class=\"ez-toc-link ez-toc-heading-8\" href=\"https:\/\/idecesos.com\/seguros\/companias\/kutxabank\/telefono\/#Paginas_relacionadas\" >P\u00e1ginas relacionadas<\/a><\/li><\/ul><\/li><\/ul><\/nav><\/div>\n\n<div class=\"caja\">\n<div class=\"cajaIcono2 \"  ><div class=\"cuadro\" style=\"box-shadow: inset 0 0 0 3px #ff790e\"><div class=\"iconoCircular\" style=\"border: 3px solid #ff790e\">\t\t\n\t\t\t\t\t<div class=\"iconoCirculo\">\n\t\t\t\t\t  <i class=\"fas fa-phone-volume\"><\/i>\n\t\t\t\t\t<\/div>\n\t\t\t\t<\/div><div class=\"\">\n<h4 style=\"text-align: center;\"><span class=\"ez-toc-section\" id=\"Telefono_Contrataciones_951_127_403\"><\/span><strong>Tel\u00e9fono Contrataciones<br \/>\n951 127 403<\/strong><span class=\"ez-toc-section-end\"><\/span><\/h4>\n<p><\/div><\/div><\/div><br \/>\nKutxabank dispone de un horario de atenci\u00f3n al cliente y, en las horas estimadas, le atender\u00e1 un profesional para facilitarle la informaci\u00f3n necesaria sobre su seguro de decesos y aspectos como la ayuda psicol\u00f3gica que requiera, la libre elecci\u00f3n del camposanto donde el asegurado desee ser inhumado, la gesti\u00f3n sobre la tramitaci\u00f3n funeraria, el servicio mortuorio y de testamento, la corona floral que quiera elegir, el tanatorio que desee, los gastos de ata\u00fad y sanitarios, la cobertura de traslado tanto nacional como internacional del fallecido, en accidentes y del seguro bucal, la posibilidad que tiene de conservar el ADN, la orientaci\u00f3n m\u00e9dica telef\u00f3nica disponible veinticuatro horas y muchos otros m\u00e1s. Kutxabank se encargar\u00e1 de tener todo gestionado y cerrado debidamente apoyando a la familia en el peor instante facilitandoles toda la tranquilidad que precisan. Los expertos de Kutxabank tratar\u00e1n su situaci\u00f3n con toda la profesionalidad y respeto que merecen.<br \/>\n<\/div><\/p>\n<div class=\"colorf \"  ><div class=\"container clearfix\"><div class=\"col-md-7\"><\/p>\n<h2><span class=\"ez-toc-section\" id=\"%C2%BFComo_contactar_con_Kutxabank\"><\/span>\u00bfC\u00f3mo contactar con Kutxabank?<span class=\"ez-toc-section-end\"><\/span><\/h2>\n<p>Kutxabank te ofrece varias maneras sencillas de contactar con ellos. Ofrece los siguientes m\u00e9todos para que el usuario pueda comunicarse con la empresa: tel\u00e9fono gratis, correo, formulario a trav\u00e9s de la p\u00e1gina web y, para finalizar, redes sociales.<br \/>\n<\/div><\/div><\/div>\n<h3><span class=\"ez-toc-section\" id=\"Telefono_gratuito_de_Kutxabank\"><\/span>Tel\u00e9fono gratuito de Kutxabank<span class=\"ez-toc-section-end\"><\/span><\/h3>\n<p>Para que los especialistas puedan atenderlo y responderle a sus preguntas, dudas, etc. En torno a su seguro de decesos, se le proporcionar\u00e1 un n\u00famero de contacto y de esta manera charlar con la compa\u00f1\u00eda. Podr\u00eda decirse que, es el procedimiento menos complejo y m\u00e1s simple para hacer una buena y cercana charla con el consultor y poder esclarecer todas las cuestiones. En consecuencia, para poder contactar con Kutxabank de manera r\u00e1pida, gratuita y directa, sin tener la necesidad de desplazarte y sin interrumpir lo que est\u00e9 haciendo en ese preciso instante, se ofrece el pr\u00f3ximo n\u00famero <b>900 44 55 66.<\/b><br \/>\n<div class=\"colorf\"><div class=\"container clearfix\"><div class=\"col-md-7\"><\/p>\n<div class=\"cabecera_tabla_ajustada \"  style=\"width:80%\" ><div class=\"row\"><\/div>\n<p><div class=\"fila_tabla4 \"  ><div class=\"row\"><div class=\"col-8 nosepara izq\"><p><strong>Tel\u00e9fono para contrataciones<\/strong><\/p><\/div><div class=\"col-4 nosepara centro\">951 127 403<\/div><\/div><\/div><div class=\"fila_tabla4 \"  ><div class=\"row\"><div class=\"col-8 nosepara izq\"><p><strong>Tel\u00e9fono Seguros<\/strong><\/p><\/div><div class=\"col-4 nosepara centro\">946 008 635<\/div><\/div><\/div><div class=\"fila_tabla4 \"  ><div class=\"row\"><div class=\"col-8 nosepara izq\"><p><strong>Tel\u00e9fono Decesos<\/strong><\/p><\/div><div class=\"col-4 nosepara centro\">950 184 400<\/div><\/div><\/div><\/p>\n<div class=\"pie_tabla \"  ><div class=\"row\"><div class=\"col-12 \"><\/div><\/div><\/div><\/div>\n<\/div><\/div><\/div>\n<h3><span class=\"ez-toc-section\" id=\"Horario_de_atencion_al_cliente_de_Kutxabank\"><\/span>Horario de atenci\u00f3n al cliente de Kutxabank<span class=\"ez-toc-section-end\"><\/span><\/h3>\n<p>Al cliente se le da por parte de Kutxabank un horario flexible de atenci\u00f3n al cliente a fin de que pueda resolver sus dudas. Gracias a esto, sus agente podr\u00e1n asistirle toda vez que lo necesite. La persona con la que hable le atender\u00e1 con un lenguaje claro y breve para que los servicios que usted demanden quede resueltos. Si la llamada lo necesita, va a ser desviado a uno de los aconsejes expertos de la compa\u00f1\u00eda. Este podr\u00e1 resolverle todas sus dudas y preguntas que desee saber sobre su seguro de decesos. Tras la llamada, todas sus dudas y inquietudes habr\u00e1n sido resueltas y la atenci\u00f3n al cliente recibida va a haber sido la adecuada.<br \/>\n<div class=\"colorf\"><div class=\"container clearfix\"><div class=\"col-md-7\"><\/p>\n<h3><span class=\"ez-toc-section\" id=\"Correo_electronico_de_Kutxabank\"><\/span>Correo electr\u00f3nico de Kutxabank<span class=\"ez-toc-section-end\"><\/span><\/h3>\n<p>Actualmente, nuestra sociedad se halla inmersa en el mundo de las nuevas tecnolog\u00edas e internet. La poblaci\u00f3n es siendo consciente de ello, con lo que tienen en su poder perfiles en diferentes plataformas como Hotmail, Gmail\u2026 Kutxabank no se queda atr\u00e1s, tiene a su predisposici\u00f3n el pr\u00f3ximo correo electr\u00f3nico <b>atencion.cliente@kutxabank.es<\/b>\u00a0Un profesional especialista en seguro de decesos se va a poner en contacto con para resolverle sus dudas y le va a mandar toda la informaci\u00f3n que crea necesaria para solventar sus cuestiones. Un servicio r\u00e1pido y eficaz que le ayudar\u00e1 en cualquier inconveniente que tenga.<br \/>\n<\/div><\/div><\/div><\/p>\n<h3><span class=\"ez-toc-section\" id=\"Formulario_en_el_sitio_Web_de_Kutxabank\"><\/span>Formulario en el sitio Web de Kutxabank<span class=\"ez-toc-section-end\"><\/span><\/h3>\n<p>Buscar en la red de redes es la manera m\u00e1s f\u00e1cil y pr\u00e1ctica que tenemos hoy d\u00eda para buscar informaci\u00f3n. Con una disponible completa para todo el mundo y un acceso gratis, Internet es la plataforma l\u00edder del mercado en buscas. Merced al buscador, poniendo Kutxabank vas a poder hallar toda la informaci\u00f3n sobre su seguro de decesos en su web <strong>portal.kutxabank.es\/cs\/Satellite\/kb\/es\/particulares<\/strong>. Toda la informaci\u00f3n que encontrar\u00e1s girar\u00e1 en torno a las diferentes coberturas, costes y ventajas que tienen sus servicios a fin de que puedas conseguir toda la informaci\u00f3n precisa antes del asesoramiento. All\u00ed podr\u00e1 encontrar un apartado con un formulario que va a deber rellenar con sus datos para que m\u00e1s tarde un agente se ponga en contacto con usted lo m\u00e1s r\u00e1pido posible para resolverle sus dudas sobre el tema que le all\u00e1 preguntado.<br \/>\n<div class=\"colorf\"><div class=\"container clearfix\"><div class=\"col-md-7\"><\/p>\n<h3><span class=\"ez-toc-section\" id=\"Redes_sociales_de_Kutxabank\"><\/span>Redes sociales de Kutxabank<span class=\"ez-toc-section-end\"><\/span><\/h3>\n<p>Redes sociales como Twitter, Instagram, Facebook o TikTok se han transformado en uno de los primordiales medios de las personas, es por esto que es una de las herramientas con mayor alcance y difusi\u00f3n que existen hoy en d\u00eda. Es normal que cada persona est\u00e9 registrado en alguna de estas apps si no es en las 4. Kutxabank tiene una cuenta propia en alguna de estas redes sociales. En cada perfil, podr\u00e1s hallar informaci\u00f3n ofertas, localizaci\u00f3n de la sede central, im\u00e1genes, v\u00eddeos y contenido adicional sobre la compa\u00f1\u00eda. En ciertas redes sociales puedes ponerte en contacto con Kutxabank para que de esta forma puedas mantener el contacto con ellos sin buscar ning\u00fan tel\u00e9fono o correo.<br \/>\n<\/div><\/div><\/div><\/p>\n<\/div>\n<p><div class=\"oficinas\"> <h3><span class=\"ez-toc-section\" id=\"Paginas_relacionadas\"><\/span>P\u00e1ginas relacionadas<span class=\"ez-toc-section-end\"><\/span><\/h3><div class=\"enlazado\"><ul> <li><a href=\"https:\/\/idecesos.com\/seguros\/companias\/kutxabank\/laboral\/\">Seguro de Decesos Kutxabank LABORAL<\/a><\/li> <li><a href=\"https:\/\/idecesos.com\/seguros\/companias\/kutxabank\/opiniones\/\">Opiniones Kutxabank<\/a><\/li> <li><a href=\"https:\/\/idecesos.com\/seguros\/companias\/kutxabank\/precio\/\">Precio seguro Kutxabank<\/a><\/li> <li><a href=\"https:\/\/idecesos.com\/seguros\/companias\/kutxabank\/prima-mixta\/\">Kutxabank Prima Mixta<\/a><\/li> <li><a href=\"https:\/\/idecesos.com\/seguros\/companias\/kutxabank\/prima-natural\/\">Kutxabank Prima Natural<\/a><\/li> <li><a href=\"https:\/\/idecesos.com\/seguros\/companias\/kutxabank\/prima-nivelada\/\">Kutxabank Prima Nivelada<\/a><\/li> <li><a href=\"https:\/\/idecesos.com\/seguros\/companias\/kutxabank\/prima-unica\/\">Kutxabank Prima \u00danica<\/a><\/li> <li><a href=\"https:\/\/idecesos.com\/seguros\/companias\/kutxabank\/repatriacion\/\">Kutxabank Repatriaci\u00f3n<\/a><\/li> <li><a href=\"https:\/\/idecesos.com\/seguros\/companias\/kutxabank\/telefono\/\">Tel\u00e9fono Gratuito Kutxabank<\/a><\/li><\/ul><\/div> <\/div><\/p>\n","protected":false},"excerpt":{"rendered":"<p>Kutxabank dispone de un horario de atenci\u00f3n al cliente y, en las horas estimadas, le atender\u00e1 un profesional para facilitarle la informaci\u00f3n necesaria sobre su seguro de decesos y aspectos como la ayuda psicol\u00f3gica que requiera, la libre elecci\u00f3n del camposanto donde el asegurado desee ser inhumado, la gesti\u00f3n sobre la tramitaci\u00f3n funeraria, el servicio&hellip; <\/p>\n","protected":false},"author":1,"featured_media":0,"parent":1079,"menu_order":0,"comment_status":"closed","ping_status":"closed","template":"single.php","meta":{"footnotes":""},"class_list":["post-15401","page","type-page","status-publish","hentry"],"yoast_head":"<!-- This site is optimized with the Yoast SEO plugin v27.3 - https:\/\/yoast.com\/product\/yoast-seo-wordpress\/ -->\n<title>Tel\u00e9fono Gratuito Kutxabank \u25b7Atenci\u00f3n Cliente, Email, RRSS, Web<\/title>\n<meta name=\"description\" content=\"Busca aqu\u00ed\u3010Kutxabank seguros tel\u00e9fono gratuito\u3011Kutxabank Decesos tel\u00e9fono gratis: atenci\u00f3n al cliente y contrataciones \u2611\ufe0fVerificado en 2026\" \/>\n<meta name=\"robots\" content=\"index, follow, max-snippet:-1, max-image-preview:large, max-video-preview:-1\" \/>\n<link rel=\"canonical\" href=\"https:\/\/idecesos.com\/seguros\/companias\/kutxabank\/telefono\/\" \/>\n<meta property=\"og:locale\" content=\"es_ES\" \/>\n<meta property=\"og:type\" content=\"article\" \/>\n<meta property=\"og:title\" content=\"Tel\u00e9fono Gratuito Kutxabank \u25b7Atenci\u00f3n Cliente, Email, RRSS, Web\" \/>\n<meta property=\"og:description\" content=\"Busca aqu\u00ed\u3010Kutxabank seguros tel\u00e9fono gratuito\u3011Kutxabank Decesos tel\u00e9fono gratis: atenci\u00f3n al cliente y contrataciones \u2611\ufe0fVerificado en 2026\" \/>\n<meta property=\"og:url\" content=\"https:\/\/idecesos.com\/seguros\/companias\/kutxabank\/telefono\/\" \/>\n<meta property=\"article:modified_time\" content=\"2022-04-05T10:48:07+00:00\" \/>\n<meta name=\"twitter:card\" content=\"summary_large_image\" \/>\n<meta name=\"twitter:label1\" content=\"Tiempo de lectura\" \/>\n\t<meta name=\"twitter:data1\" content=\"4 minutos\" \/>\n<script type=\"application\/ld+json\" class=\"yoast-schema-graph\">{\"@context\":\"https:\\\/\\\/schema.org\",\"@graph\":[{\"@type\":\"WebPage\",\"@id\":\"https:\\\/\\\/idecesos.com\\\/seguros\\\/companias\\\/kutxabank\\\/telefono\\\/\",\"url\":\"https:\\\/\\\/idecesos.com\\\/seguros\\\/companias\\\/kutxabank\\\/telefono\\\/\",\"name\":\"Tel\u00e9fono Gratuito Kutxabank \u25b7Atenci\u00f3n Cliente, Email, RRSS, Web\",\"isPartOf\":{\"@id\":\"https:\\\/\\\/idecesos.com\\\/seguros\\\/#website\"},\"datePublished\":\"2021-11-25T10:17:29+00:00\",\"dateModified\":\"2022-04-05T10:48:07+00:00\",\"description\":\"Busca aqu\u00ed\u3010Kutxabank seguros tel\u00e9fono gratuito\u3011Kutxabank Decesos tel\u00e9fono gratis: atenci\u00f3n al cliente y contrataciones \u2611\ufe0fVerificado en 2026\",\"breadcrumb\":{\"@id\":\"https:\\\/\\\/idecesos.com\\\/seguros\\\/companias\\\/kutxabank\\\/telefono\\\/#breadcrumb\"},\"inLanguage\":\"es\",\"potentialAction\":[{\"@type\":\"ReadAction\",\"target\":[\"https:\\\/\\\/idecesos.com\\\/seguros\\\/companias\\\/kutxabank\\\/telefono\\\/\"]}]},{\"@type\":\"BreadcrumbList\",\"@id\":\"https:\\\/\\\/idecesos.com\\\/seguros\\\/companias\\\/kutxabank\\\/telefono\\\/#breadcrumb\",\"itemListElement\":[{\"@type\":\"ListItem\",\"position\":1,\"name\":\"Portada\",\"item\":\"https:\\\/\\\/idecesos.com\\\/seguros\\\/\"},{\"@type\":\"ListItem\",\"position\":2,\"name\":\"Compa\u00f1\u00edas de Seguros de Decesos en Espa\u00f1a\",\"item\":\"https:\\\/\\\/idecesos.com\\\/seguros\\\/companias\\\/\"},{\"@type\":\"ListItem\",\"position\":3,\"name\":\"Seguro de decesos Kutxabank\",\"item\":\"https:\\\/\\\/idecesos.com\\\/seguros\\\/companias\\\/kutxabank\\\/\"},{\"@type\":\"ListItem\",\"position\":4,\"name\":\"Atenci\u00f3n al cliente Kutxabank: telefono gratuito, e-mail\"}]},{\"@type\":\"WebSite\",\"@id\":\"https:\\\/\\\/idecesos.com\\\/seguros\\\/#website\",\"url\":\"https:\\\/\\\/idecesos.com\\\/seguros\\\/\",\"name\":\"\",\"description\":\"\",\"potentialAction\":[{\"@type\":\"SearchAction\",\"target\":{\"@type\":\"EntryPoint\",\"urlTemplate\":\"https:\\\/\\\/idecesos.com\\\/seguros\\\/?s={search_term_string}\"},\"query-input\":{\"@type\":\"PropertyValueSpecification\",\"valueRequired\":true,\"valueName\":\"search_term_string\"}}],\"inLanguage\":\"es\"}]}<\/script>\n<!-- \/ Yoast SEO plugin. -->","yoast_head_json":{"title":"Tel\u00e9fono Gratuito Kutxabank \u25b7Atenci\u00f3n Cliente, Email, RRSS, Web","description":"Busca aqu\u00ed\u3010Kutxabank seguros tel\u00e9fono gratuito\u3011Kutxabank Decesos tel\u00e9fono gratis: atenci\u00f3n al cliente y contrataciones \u2611\ufe0fVerificado en 2026","robots":{"index":"index","follow":"follow","max-snippet":"max-snippet:-1","max-image-preview":"max-image-preview:large","max-video-preview":"max-video-preview:-1"},"canonical":"https:\/\/idecesos.com\/seguros\/companias\/kutxabank\/telefono\/","og_locale":"es_ES","og_type":"article","og_title":"Tel\u00e9fono Gratuito Kutxabank \u25b7Atenci\u00f3n Cliente, Email, RRSS, Web","og_description":"Busca aqu\u00ed\u3010Kutxabank seguros tel\u00e9fono gratuito\u3011Kutxabank Decesos tel\u00e9fono gratis: atenci\u00f3n al cliente y contrataciones \u2611\ufe0fVerificado en 2026","og_url":"https:\/\/idecesos.com\/seguros\/companias\/kutxabank\/telefono\/","article_modified_time":"2022-04-05T10:48:07+00:00","twitter_card":"summary_large_image","twitter_misc":{"Tiempo de lectura":"4 minutos"},"schema":{"@context":"https:\/\/schema.org","@graph":[{"@type":"WebPage","@id":"https:\/\/idecesos.com\/seguros\/companias\/kutxabank\/telefono\/","url":"https:\/\/idecesos.com\/seguros\/companias\/kutxabank\/telefono\/","name":"Tel\u00e9fono Gratuito Kutxabank \u25b7Atenci\u00f3n Cliente, Email, RRSS, Web","isPartOf":{"@id":"https:\/\/idecesos.com\/seguros\/#website"},"datePublished":"2021-11-25T10:17:29+00:00","dateModified":"2022-04-05T10:48:07+00:00","description":"Busca aqu\u00ed\u3010Kutxabank seguros tel\u00e9fono gratuito\u3011Kutxabank Decesos tel\u00e9fono gratis: atenci\u00f3n al cliente y contrataciones \u2611\ufe0fVerificado en 2026","breadcrumb":{"@id":"https:\/\/idecesos.com\/seguros\/companias\/kutxabank\/telefono\/#breadcrumb"},"inLanguage":"es","potentialAction":[{"@type":"ReadAction","target":["https:\/\/idecesos.com\/seguros\/companias\/kutxabank\/telefono\/"]}]},{"@type":"BreadcrumbList","@id":"https:\/\/idecesos.com\/seguros\/companias\/kutxabank\/telefono\/#breadcrumb","itemListElement":[{"@type":"ListItem","position":1,"name":"Portada","item":"https:\/\/idecesos.com\/seguros\/"},{"@type":"ListItem","position":2,"name":"Compa\u00f1\u00edas de Seguros de Decesos en Espa\u00f1a","item":"https:\/\/idecesos.com\/seguros\/companias\/"},{"@type":"ListItem","position":3,"name":"Seguro de decesos Kutxabank","item":"https:\/\/idecesos.com\/seguros\/companias\/kutxabank\/"},{"@type":"ListItem","position":4,"name":"Atenci\u00f3n al cliente Kutxabank: telefono gratuito, e-mail"}]},{"@type":"WebSite","@id":"https:\/\/idecesos.com\/seguros\/#website","url":"https:\/\/idecesos.com\/seguros\/","name":"","description":"","potentialAction":[{"@type":"SearchAction","target":{"@type":"EntryPoint","urlTemplate":"https:\/\/idecesos.com\/seguros\/?s={search_term_string}"},"query-input":{"@type":"PropertyValueSpecification","valueRequired":true,"valueName":"search_term_string"}}],"inLanguage":"es"}]}},"_links":{"self":[{"href":"https:\/\/idecesos.com\/seguros\/wp-json\/wp\/v2\/pages\/15401","targetHints":{"allow":["GET"]}}],"collection":[{"href":"https:\/\/idecesos.com\/seguros\/wp-json\/wp\/v2\/pages"}],"about":[{"href":"https:\/\/idecesos.com\/seguros\/wp-json\/wp\/v2\/types\/page"}],"author":[{"embeddable":true,"href":"https:\/\/idecesos.com\/seguros\/wp-json\/wp\/v2\/users\/1"}],"replies":[{"embeddable":true,"href":"https:\/\/idecesos.com\/seguros\/wp-json\/wp\/v2\/comments?post=15401"}],"version-history":[{"count":8,"href":"https:\/\/idecesos.com\/seguros\/wp-json\/wp\/v2\/pages\/15401\/revisions"}],"predecessor-version":[{"id":21000,"href":"https:\/\/idecesos.com\/seguros\/wp-json\/wp\/v2\/pages\/15401\/revisions\/21000"}],"up":[{"embeddable":true,"href":"https:\/\/idecesos.com\/seguros\/wp-json\/wp\/v2\/pages\/1079"}],"wp:attachment":[{"href":"https:\/\/idecesos.com\/seguros\/wp-json\/wp\/v2\/media?parent=15401"}],"curies":[{"name":"wp","href":"https:\/\/api.w.org\/{rel}","templated":true}]}}