{"id":15403,"date":"2021-11-26T09:12:45","date_gmt":"2021-11-25T10:17:30","guid":{"rendered":"https:\/\/idecesos.com\/seguros\/companias\/atlantis\/telefono\/"},"modified":"2022-04-03T17:21:22","modified_gmt":"2022-04-03T17:21:22","slug":"telefono","status":"publish","type":"page","link":"https:\/\/idecesos.com\/seguros\/companias\/atlantis\/telefono\/","title":{"rendered":"Atenci\u00f3n al cliente Atlantis: telefono gratuito, e-mail"},"content":{"rendered":"<div id=\"ez-toc-container\" class=\"ez-toc-v2_0_82_2 ez-toc-wrap-center counter-hierarchy ez-toc-counter ez-toc-custom ez-toc-container-direction\">\n<div class=\"ez-toc-title-container\">\n<p class=\"ez-toc-title\" style=\"cursor:inherit\">Tabla de Contenido<\/p>\n<span class=\"ez-toc-title-toggle\"><a href=\"#\" class=\"ez-toc-pull-right ez-toc-btn ez-toc-btn-xs ez-toc-btn-default ez-toc-toggle\" aria-label=\"Alternar tabla de contenidos\"><span class=\"ez-toc-js-icon-con\"><span class=\"\"><span class=\"eztoc-hide\" style=\"display:none;\">Toggle<\/span><span class=\"ez-toc-icon-toggle-span\"><svg style=\"fill: #db6415;color:#db6415\" xmlns=\"http:\/\/www.w3.org\/2000\/svg\" class=\"list-377408\" width=\"20px\" height=\"20px\" viewBox=\"0 0 24 24\" fill=\"none\"><path d=\"M6 6H4v2h2V6zm14 0H8v2h12V6zM4 11h2v2H4v-2zm16 0H8v2h12v-2zM4 16h2v2H4v-2zm16 0H8v2h12v-2z\" fill=\"currentColor\"><\/path><\/svg><svg style=\"fill: #db6415;color:#db6415\" class=\"arrow-unsorted-368013\" xmlns=\"http:\/\/www.w3.org\/2000\/svg\" width=\"10px\" height=\"10px\" viewBox=\"0 0 24 24\" version=\"1.2\" baseProfile=\"tiny\"><path d=\"M18.2 9.3l-6.2-6.3-6.2 6.3c-.2.2-.3.4-.3.7s.1.5.3.7c.2.2.4.3.7.3h11c.3 0 .5-.1.7-.3.2-.2.3-.5.3-.7s-.1-.5-.3-.7zM5.8 14.7l6.2 6.3 6.2-6.3c.2-.2.3-.5.3-.7s-.1-.5-.3-.7c-.2-.2-.4-.3-.7-.3h-11c-.3 0-.5.1-.7.3-.2.2-.3.5-.3.7s.1.5.3.7z\"\/><\/svg><\/span><\/span><\/span><\/a><\/span><\/div>\n<nav><ul class='ez-toc-list ez-toc-list-level-1 ' ><ul class='ez-toc-list-level-4' ><li class='ez-toc-heading-level-4'><ul class='ez-toc-list-level-4' ><li class='ez-toc-heading-level-4'><a class=\"ez-toc-link ez-toc-heading-1\" href=\"https:\/\/idecesos.com\/seguros\/companias\/atlantis\/telefono\/#Telefono_Contrataciones_951_127_403\" >Tel\u00e9fono Contrataciones \n951 127 403<\/a><\/li><\/ul><\/li><\/ul><\/li><li class='ez-toc-page-1 ez-toc-heading-level-2'><a class=\"ez-toc-link ez-toc-heading-2\" href=\"https:\/\/idecesos.com\/seguros\/companias\/atlantis\/telefono\/#%C2%BFComo_contactar_con_Atlantis\" >\u00bfC\u00f3mo contactar con Atlantis?<\/a><ul class='ez-toc-list-level-3' ><li class='ez-toc-heading-level-3'><a class=\"ez-toc-link ez-toc-heading-3\" href=\"https:\/\/idecesos.com\/seguros\/companias\/atlantis\/telefono\/#Telefono_gratuito_de_Atlantis\" >Tel\u00e9fono gratuito de Atlantis<\/a><\/li><li class='ez-toc-page-1 ez-toc-heading-level-3'><a class=\"ez-toc-link ez-toc-heading-4\" href=\"https:\/\/idecesos.com\/seguros\/companias\/atlantis\/telefono\/#Horario_de_atencion_al_cliente_de_Atlantis\" >Horario de atenci\u00f3n al cliente de Atlantis<\/a><\/li><li class='ez-toc-page-1 ez-toc-heading-level-3'><a class=\"ez-toc-link ez-toc-heading-5\" href=\"https:\/\/idecesos.com\/seguros\/companias\/atlantis\/telefono\/#Correo_electronico_de_Atlantis\" >Correo electr\u00f3nico de Atlantis<\/a><\/li><li class='ez-toc-page-1 ez-toc-heading-level-3'><a class=\"ez-toc-link ez-toc-heading-6\" href=\"https:\/\/idecesos.com\/seguros\/companias\/atlantis\/telefono\/#Formulario_en_el_sitio_Web_de_Atlantis\" >Formulario en el sitio Web de Atlantis<\/a><\/li><li class='ez-toc-page-1 ez-toc-heading-level-3'><a class=\"ez-toc-link ez-toc-heading-7\" href=\"https:\/\/idecesos.com\/seguros\/companias\/atlantis\/telefono\/#Redes_sociales_de_Atlantis\" >Redes sociales de Atlantis<\/a><\/li><li class='ez-toc-page-1 ez-toc-heading-level-3'><a class=\"ez-toc-link ez-toc-heading-8\" href=\"https:\/\/idecesos.com\/seguros\/companias\/atlantis\/telefono\/#Paginas_relacionadas\" >P\u00e1ginas relacionadas<\/a><\/li><\/ul><\/li><\/ul><\/nav><\/div>\n\n<div class=\"caja\">\n<div class=\"cajaIcono2 \"  ><div class=\"cuadro\" style=\"box-shadow: inset 0 0 0 3px #ff790e\"><div class=\"iconoCircular\" style=\"border: 3px solid #ff790e\">\t\t\n\t\t\t\t\t<div class=\"iconoCirculo\">\n\t\t\t\t\t  <i class=\"fas fa-phone-volume\"><\/i>\n\t\t\t\t\t<\/div>\n\t\t\t\t<\/div><div class=\"\">\n<h4 style=\"text-align: center;\"><span class=\"ez-toc-section\" id=\"Telefono_Contrataciones_951_127_403\"><\/span><strong>Tel\u00e9fono Contrataciones<br \/>\n951 127 403<\/strong><span class=\"ez-toc-section-end\"><\/span><\/h4>\n<p><\/div><\/div><\/div><br \/>\nAtlantis tiene un horario de atenci\u00f3n al cliente las 24 horas del d\u00eda, los 365 d\u00edas del a\u00f1o. En pocos minutos le atender\u00e1 un profesional especialista en el tema que le va a facilitar toda la informaci\u00f3n necesaria sobre su seguro de decesos contrato. Temas como la libre elecci\u00f3n del cementerio, ayuda sicol\u00f3gica, servicio l\u00fagubre y de testamento, traslado a su pa\u00eds de origen, gastos sanitarios y de ata\u00fad, la posibilidad de preservar el ADN del fallecido y otras muchas m\u00e1s coberturas ser\u00e1n atendidas por los mejores agentes. Los agentes de Atlantis empatizan con los familiares cuando llegue el instante para que pueda estar tranquilo y pueda ocuparse de lo realmente esencial, su ser querido. Adem\u00e1s de esto, sus agentes tratar\u00e1n esta situaci\u00f3n con la delicadez, respeto y profesionalidad que mereces.<br \/>\n<\/div><\/p>\n<div class=\"colorf \"  ><div class=\"container clearfix\"><div class=\"col-md-7\"><\/p>\n<h2><span class=\"ez-toc-section\" id=\"%C2%BFComo_contactar_con_Atlantis\"><\/span>\u00bfC\u00f3mo contactar con Atlantis?<span class=\"ez-toc-section-end\"><\/span><\/h2>\n<p>Ponerse en contacto con Atlantis es muy f\u00e1cil. Atlantis te ofrece las siguientes formas de contacto: tel\u00e9fono gratis, correo electr\u00f3nico, un formulario a trav\u00e9s de su web o sus redes sociales.<br \/>\n<\/div><\/div><\/div>\n<h3><span class=\"ez-toc-section\" id=\"Telefono_gratuito_de_Atlantis\"><\/span>Tel\u00e9fono gratuito de Atlantis<span class=\"ez-toc-section-end\"><\/span><\/h3>\n<p>El pr\u00f3ximo n\u00famero gratis <strong>934 964 796<\/strong>, est\u00e1 a su predisposici\u00f3n para que pueda sostener un buen di\u00e1logo con la compa\u00f1\u00eda. Pensando en sus necesidades, efectuar esa llamada le va a llevar a un mundo lleno de respuestas, sobre cualquier pregunta que tenga sobre su seguro de decesos. Es de suma importancia que sea consciente del nulo coste que le supondr\u00e1 efectuar la llamada. Es por esta raz\u00f3n que, resulta el procedimiento m\u00e1s provechoso y f\u00e1cil por el contacto directo que se establece con el asesor.<br \/>\n<div class=\"colorf\"><div class=\"container clearfix\"><div class=\"col-md-7\"><\/p>\n<div class=\"cabecera_tabla_ajustada \"  style=\"width:80%\" ><div class=\"row\"><\/div>\n<div class=\"fila_tabla4 \"  ><div class=\"row\"><div class=\"col-8 nosepara izq\"><p><strong>Tel\u00e9fono para contrataciones<\/strong><\/p><\/div><div class=\"col-4 nosepara centro\">951 127 403<\/div><\/div><\/div>\n<div class=\"pie_tabla \"  ><div class=\"row\"><div class=\"col-12 \"><\/div><\/div><\/div><\/div>\n<\/div><\/div><\/div>\n<h3><span class=\"ez-toc-section\" id=\"Horario_de_atencion_al_cliente_de_Atlantis\"><\/span>Horario de atenci\u00f3n al cliente de Atlantis<span class=\"ez-toc-section-end\"><\/span><\/h3>\n<p>Al no saber la disponibilidad de las personas, Atlantis tiene a su disposici\u00f3n un horario, de ma\u00f1ana y de tarde, para que puedas ponerte en contacto. El personal expondr\u00e1 su experiencia, conocimientos y confianza para su satisfacci\u00f3n. Contactar directamente va a ser, de este modo, m\u00e1s f\u00e1cil y f\u00e1cil. Tendr\u00e1 una conversaci\u00f3n armoniosa con uno de los expertos, resolviendo as\u00ed, las dudas que le vayan brotando en el instante. El horario de atenci\u00f3n al cliente de Atlantis es el siguiente: <strong>horario Atlantis<\/strong>.<br \/>\n<div class=\"colorf\"><div class=\"container clearfix\"><div class=\"col-md-7\"><\/p>\n<h3><span class=\"ez-toc-section\" id=\"Correo_electronico_de_Atlantis\"><\/span>Correo electr\u00f3nico de Atlantis<span class=\"ez-toc-section-end\"><\/span><\/h3>\n<p>Las digitalizaci\u00f3n es m\u00e1s que un hecho y la poblaci\u00f3n se ha acomodado a los servicios que esta le ofrece. Gmail y Hotmail han sido una gran revoluci\u00f3n en la red de redes. Estas plataformas han facilitado el env\u00edo y recibo de informaci\u00f3n de todo g\u00e9nero, sin tener la necesidad de desplazarse a ning\u00fan lado. Atlantis ha tenido en cuenta todos estos aspectos y ofrece el pr\u00f3ximo e mail <strong>servitel_atlantis@gacm.es<\/strong>. Podr\u00e1 enviar a esta direcci\u00f3n cualquier cuesti\u00f3n, pregunta, duda o inquietud que le parezca sobre su seguro de decesos. La contestaci\u00f3n que obtenga va a ser meticulosamente estudiada y preparada por uno de los especialistas.<br \/>\n<\/div><\/div><\/div><\/p>\n<h3><span class=\"ez-toc-section\" id=\"Formulario_en_el_sitio_Web_de_Atlantis\"><\/span>Formulario en el sitio Web de Atlantis<span class=\"ez-toc-section-end\"><\/span><\/h3>\n<p>La mayor\u00eda de la poblaci\u00f3n tiene acceso a la plataforma con m\u00e1s repercusi\u00f3n, los buscadores web de Internet. Con solo teclear una palabra, el usuario podr\u00e1 entrar en un planeta lleno de contestaciones. Atlantis le ofrece informaci\u00f3n sobre aspectos relacionados con su seguro de decesos como, por servirnos de un ejemplo, los servicios que presentan, mediante su p\u00e1gina. y, as\u00ed, disponer de los datos b\u00e1sicos para un futuro asesoramiento. Obtendr\u00e1, de car\u00e1cter general, informaci\u00f3n sobre el tema y, en torno a sus caracter\u00edsticas, se le adaptar\u00e1n unas garant\u00edas u otras. <strong>atlantis-seguros.es\/<\/strong> corresponde a la web de Atlantis.<br \/>\n<div class=\"colorf\"><div class=\"container clearfix\"><div class=\"col-md-7\"><\/p>\n<h3><span class=\"ez-toc-section\" id=\"Redes_sociales_de_Atlantis\"><\/span>Redes sociales de Atlantis<span class=\"ez-toc-section-end\"><\/span><\/h3>\n<p>En nuestros d\u00edas, las redes sociales como Twitter, Fb, Instagram\u2026 tienen gran relevancia para la mayor\u00eda de la poblaci\u00f3n y es, una de las herramientas con m\u00e1s difusi\u00f3n y alcance del planeta. Es muy habitual que, cada persona, tenga alguna de ellas o incluso todas y cada una. En alguna de estas aplicaciones Atlantis tiene una cuenta. Atlantis comparte en sus redes sociales ofertas, im\u00e1genes, v\u00eddeos, links y considerablemente m\u00e1s a sus clientes que pueden disfrutar de ello con gran facilidad. En algunas redes sociales puedes ponerte en contacto con Atlantis para que de esta manera puedas mantener el contacto con ellos sin tener que buscar ning\u00fan tel\u00e9fono o bien mail.<br \/>\n<\/div><\/div><\/div><\/p>\n<\/div>\n<p><div class=\"oficinas\"> <h3><span class=\"ez-toc-section\" id=\"Paginas_relacionadas\"><\/span>P\u00e1ginas relacionadas<span class=\"ez-toc-section-end\"><\/span><\/h3><div class=\"enlazado\"><ul> <li><a href=\"https:\/\/idecesos.com\/seguros\/companias\/atlantis\/coberturas\/\">Coberturas Seguro de Decesos Atlantis<\/a><\/li> <li><a href=\"https:\/\/idecesos.com\/seguros\/companias\/atlantis\/opiniones\/\">Opiniones Atlantis<\/a><\/li> <li><a href=\"https:\/\/idecesos.com\/seguros\/companias\/atlantis\/precio\/\">Precio seguro Atlantis<\/a><\/li> <li><a href=\"https:\/\/idecesos.com\/seguros\/companias\/atlantis\/prima-mixta\/\">Atlantis Prima Mixta<\/a><\/li> <li><a href=\"https:\/\/idecesos.com\/seguros\/companias\/atlantis\/prima-natural\/\">Atlantis Prima Natural<\/a><\/li> <li><a href=\"https:\/\/idecesos.com\/seguros\/companias\/atlantis\/prima-nivelada\/\">Atlantis Prima Nivelada<\/a><\/li> <li><a href=\"https:\/\/idecesos.com\/seguros\/companias\/atlantis\/prima-unica\/\">Atlantis Prima \u00danica<\/a><\/li> <li><a href=\"https:\/\/idecesos.com\/seguros\/companias\/atlantis\/repatriacion\/\">Atlantis Repatriaci\u00f3n<\/a><\/li> <li><a href=\"https:\/\/idecesos.com\/seguros\/companias\/atlantis\/telefono\/\">Tel\u00e9fono Gratuito Atlantis<\/a><\/li><\/ul><\/div> <\/div><\/p>\n","protected":false},"excerpt":{"rendered":"<p>Atlantis tiene un horario de atenci\u00f3n al cliente las 24 horas del d\u00eda, los 365 d\u00edas del a\u00f1o. En pocos minutos le atender\u00e1 un profesional especialista en el tema que le va a facilitar toda la informaci\u00f3n necesaria sobre su seguro de decesos contrato. Temas como la libre elecci\u00f3n del cementerio, ayuda sicol\u00f3gica, servicio l\u00fagubre&hellip; <\/p>\n","protected":false},"author":1,"featured_media":0,"parent":233,"menu_order":0,"comment_status":"closed","ping_status":"closed","template":"single.php","meta":{"footnotes":""},"class_list":["post-15403","page","type-page","status-publish","hentry"],"yoast_head":"<!-- This site is optimized with the Yoast SEO plugin v27.3 - https:\/\/yoast.com\/product\/yoast-seo-wordpress\/ -->\n<title>Tel\u00e9fono Gratuito Atlantis \u25b7Atenci\u00f3n Cliente, Email, RRSS, Web<\/title>\n<meta name=\"description\" content=\"Busca aqu\u00ed\u3010Atlantis seguros tel\u00e9fono gratuito\u3011Atlantis Decesos tel\u00e9fono gratis: atenci\u00f3n al cliente y contrataciones \u2611\ufe0fVerificado en 2026\" \/>\n<meta name=\"robots\" content=\"index, follow, max-snippet:-1, max-image-preview:large, max-video-preview:-1\" \/>\n<link rel=\"canonical\" href=\"https:\/\/idecesos.com\/seguros\/companias\/atlantis\/telefono\/\" \/>\n<meta property=\"og:locale\" content=\"es_ES\" \/>\n<meta property=\"og:type\" content=\"article\" \/>\n<meta property=\"og:title\" content=\"Tel\u00e9fono Gratuito Atlantis \u25b7Atenci\u00f3n Cliente, Email, RRSS, Web\" \/>\n<meta property=\"og:description\" content=\"Busca aqu\u00ed\u3010Atlantis seguros tel\u00e9fono gratuito\u3011Atlantis Decesos tel\u00e9fono gratis: atenci\u00f3n al cliente y contrataciones \u2611\ufe0fVerificado en 2026\" \/>\n<meta property=\"og:url\" content=\"https:\/\/idecesos.com\/seguros\/companias\/atlantis\/telefono\/\" \/>\n<meta property=\"article:modified_time\" content=\"2022-04-03T17:21:22+00:00\" \/>\n<meta name=\"twitter:card\" content=\"summary_large_image\" \/>\n<meta name=\"twitter:label1\" content=\"Tiempo de lectura\" \/>\n\t<meta name=\"twitter:data1\" content=\"4 minutos\" \/>\n<script type=\"application\/ld+json\" class=\"yoast-schema-graph\">{\"@context\":\"https:\\\/\\\/schema.org\",\"@graph\":[{\"@type\":\"WebPage\",\"@id\":\"https:\\\/\\\/idecesos.com\\\/seguros\\\/companias\\\/atlantis\\\/telefono\\\/\",\"url\":\"https:\\\/\\\/idecesos.com\\\/seguros\\\/companias\\\/atlantis\\\/telefono\\\/\",\"name\":\"Tel\u00e9fono Gratuito Atlantis \u25b7Atenci\u00f3n Cliente, Email, RRSS, Web\",\"isPartOf\":{\"@id\":\"https:\\\/\\\/idecesos.com\\\/seguros\\\/#website\"},\"datePublished\":\"2021-11-25T10:17:30+00:00\",\"dateModified\":\"2022-04-03T17:21:22+00:00\",\"description\":\"Busca aqu\u00ed\u3010Atlantis seguros tel\u00e9fono gratuito\u3011Atlantis Decesos tel\u00e9fono gratis: atenci\u00f3n al cliente y contrataciones \u2611\ufe0fVerificado en 2026\",\"breadcrumb\":{\"@id\":\"https:\\\/\\\/idecesos.com\\\/seguros\\\/companias\\\/atlantis\\\/telefono\\\/#breadcrumb\"},\"inLanguage\":\"es\",\"potentialAction\":[{\"@type\":\"ReadAction\",\"target\":[\"https:\\\/\\\/idecesos.com\\\/seguros\\\/companias\\\/atlantis\\\/telefono\\\/\"]}]},{\"@type\":\"BreadcrumbList\",\"@id\":\"https:\\\/\\\/idecesos.com\\\/seguros\\\/companias\\\/atlantis\\\/telefono\\\/#breadcrumb\",\"itemListElement\":[{\"@type\":\"ListItem\",\"position\":1,\"name\":\"Portada\",\"item\":\"https:\\\/\\\/idecesos.com\\\/seguros\\\/\"},{\"@type\":\"ListItem\",\"position\":2,\"name\":\"Compa\u00f1\u00edas de Seguros de Decesos en Espa\u00f1a\",\"item\":\"https:\\\/\\\/idecesos.com\\\/seguros\\\/companias\\\/\"},{\"@type\":\"ListItem\",\"position\":3,\"name\":\"Seguro de decesos Atlantis\",\"item\":\"https:\\\/\\\/idecesos.com\\\/seguros\\\/companias\\\/atlantis\\\/\"},{\"@type\":\"ListItem\",\"position\":4,\"name\":\"Atenci\u00f3n al cliente Atlantis: telefono gratuito, e-mail\"}]},{\"@type\":\"WebSite\",\"@id\":\"https:\\\/\\\/idecesos.com\\\/seguros\\\/#website\",\"url\":\"https:\\\/\\\/idecesos.com\\\/seguros\\\/\",\"name\":\"\",\"description\":\"\",\"potentialAction\":[{\"@type\":\"SearchAction\",\"target\":{\"@type\":\"EntryPoint\",\"urlTemplate\":\"https:\\\/\\\/idecesos.com\\\/seguros\\\/?s={search_term_string}\"},\"query-input\":{\"@type\":\"PropertyValueSpecification\",\"valueRequired\":true,\"valueName\":\"search_term_string\"}}],\"inLanguage\":\"es\"}]}<\/script>\n<!-- \/ Yoast SEO plugin. -->","yoast_head_json":{"title":"Tel\u00e9fono Gratuito Atlantis \u25b7Atenci\u00f3n Cliente, Email, RRSS, Web","description":"Busca aqu\u00ed\u3010Atlantis seguros tel\u00e9fono gratuito\u3011Atlantis Decesos tel\u00e9fono gratis: atenci\u00f3n al cliente y contrataciones \u2611\ufe0fVerificado en 2026","robots":{"index":"index","follow":"follow","max-snippet":"max-snippet:-1","max-image-preview":"max-image-preview:large","max-video-preview":"max-video-preview:-1"},"canonical":"https:\/\/idecesos.com\/seguros\/companias\/atlantis\/telefono\/","og_locale":"es_ES","og_type":"article","og_title":"Tel\u00e9fono Gratuito Atlantis \u25b7Atenci\u00f3n Cliente, Email, RRSS, Web","og_description":"Busca aqu\u00ed\u3010Atlantis seguros tel\u00e9fono gratuito\u3011Atlantis Decesos tel\u00e9fono gratis: atenci\u00f3n al cliente y contrataciones \u2611\ufe0fVerificado en 2026","og_url":"https:\/\/idecesos.com\/seguros\/companias\/atlantis\/telefono\/","article_modified_time":"2022-04-03T17:21:22+00:00","twitter_card":"summary_large_image","twitter_misc":{"Tiempo de lectura":"4 minutos"},"schema":{"@context":"https:\/\/schema.org","@graph":[{"@type":"WebPage","@id":"https:\/\/idecesos.com\/seguros\/companias\/atlantis\/telefono\/","url":"https:\/\/idecesos.com\/seguros\/companias\/atlantis\/telefono\/","name":"Tel\u00e9fono Gratuito Atlantis \u25b7Atenci\u00f3n Cliente, Email, RRSS, Web","isPartOf":{"@id":"https:\/\/idecesos.com\/seguros\/#website"},"datePublished":"2021-11-25T10:17:30+00:00","dateModified":"2022-04-03T17:21:22+00:00","description":"Busca aqu\u00ed\u3010Atlantis seguros tel\u00e9fono gratuito\u3011Atlantis Decesos tel\u00e9fono gratis: atenci\u00f3n al cliente y contrataciones \u2611\ufe0fVerificado en 2026","breadcrumb":{"@id":"https:\/\/idecesos.com\/seguros\/companias\/atlantis\/telefono\/#breadcrumb"},"inLanguage":"es","potentialAction":[{"@type":"ReadAction","target":["https:\/\/idecesos.com\/seguros\/companias\/atlantis\/telefono\/"]}]},{"@type":"BreadcrumbList","@id":"https:\/\/idecesos.com\/seguros\/companias\/atlantis\/telefono\/#breadcrumb","itemListElement":[{"@type":"ListItem","position":1,"name":"Portada","item":"https:\/\/idecesos.com\/seguros\/"},{"@type":"ListItem","position":2,"name":"Compa\u00f1\u00edas de Seguros de Decesos en Espa\u00f1a","item":"https:\/\/idecesos.com\/seguros\/companias\/"},{"@type":"ListItem","position":3,"name":"Seguro de decesos Atlantis","item":"https:\/\/idecesos.com\/seguros\/companias\/atlantis\/"},{"@type":"ListItem","position":4,"name":"Atenci\u00f3n al cliente Atlantis: telefono gratuito, e-mail"}]},{"@type":"WebSite","@id":"https:\/\/idecesos.com\/seguros\/#website","url":"https:\/\/idecesos.com\/seguros\/","name":"","description":"","potentialAction":[{"@type":"SearchAction","target":{"@type":"EntryPoint","urlTemplate":"https:\/\/idecesos.com\/seguros\/?s={search_term_string}"},"query-input":{"@type":"PropertyValueSpecification","valueRequired":true,"valueName":"search_term_string"}}],"inLanguage":"es"}]}},"_links":{"self":[{"href":"https:\/\/idecesos.com\/seguros\/wp-json\/wp\/v2\/pages\/15403","targetHints":{"allow":["GET"]}}],"collection":[{"href":"https:\/\/idecesos.com\/seguros\/wp-json\/wp\/v2\/pages"}],"about":[{"href":"https:\/\/idecesos.com\/seguros\/wp-json\/wp\/v2\/types\/page"}],"author":[{"embeddable":true,"href":"https:\/\/idecesos.com\/seguros\/wp-json\/wp\/v2\/users\/1"}],"replies":[{"embeddable":true,"href":"https:\/\/idecesos.com\/seguros\/wp-json\/wp\/v2\/comments?post=15403"}],"version-history":[{"count":7,"href":"https:\/\/idecesos.com\/seguros\/wp-json\/wp\/v2\/pages\/15403\/revisions"}],"predecessor-version":[{"id":20922,"href":"https:\/\/idecesos.com\/seguros\/wp-json\/wp\/v2\/pages\/15403\/revisions\/20922"}],"up":[{"embeddable":true,"href":"https:\/\/idecesos.com\/seguros\/wp-json\/wp\/v2\/pages\/233"}],"wp:attachment":[{"href":"https:\/\/idecesos.com\/seguros\/wp-json\/wp\/v2\/media?parent=15403"}],"curies":[{"name":"wp","href":"https:\/\/api.w.org\/{rel}","templated":true}]}}