{"id":15404,"date":"2021-11-26T09:12:46","date_gmt":"2021-11-25T10:17:31","guid":{"rendered":"https:\/\/idecesos.com\/seguros\/companias\/banca-march\/telefono\/"},"modified":"2022-04-03T17:30:01","modified_gmt":"2022-04-03T17:30:01","slug":"telefono","status":"publish","type":"page","link":"https:\/\/idecesos.com\/seguros\/companias\/banca-march\/telefono\/","title":{"rendered":"Atenci\u00f3n al cliente Banca March: telefono gratuito, e-mail"},"content":{"rendered":"<div id=\"ez-toc-container\" class=\"ez-toc-v2_0_83 ez-toc-wrap-center counter-hierarchy ez-toc-counter ez-toc-custom ez-toc-container-direction\">\n<div class=\"ez-toc-title-container\">\n<p class=\"ez-toc-title\" style=\"cursor:inherit\">Tabla de Contenido<\/p>\n<span class=\"ez-toc-title-toggle\"><a href=\"#\" class=\"ez-toc-pull-right ez-toc-btn ez-toc-btn-xs ez-toc-btn-default ez-toc-toggle\" aria-label=\"Alternar tabla de contenidos\"><span class=\"ez-toc-js-icon-con\"><span class=\"\"><span class=\"eztoc-hide\" style=\"display:none;\">Toggle<\/span><span class=\"ez-toc-icon-toggle-span\"><svg style=\"fill: #db6415;color:#db6415\" xmlns=\"http:\/\/www.w3.org\/2000\/svg\" class=\"list-377408\" width=\"20px\" height=\"20px\" viewBox=\"0 0 24 24\" fill=\"none\"><path d=\"M6 6H4v2h2V6zm14 0H8v2h12V6zM4 11h2v2H4v-2zm16 0H8v2h12v-2zM4 16h2v2H4v-2zm16 0H8v2h12v-2z\" fill=\"currentColor\"><\/path><\/svg><svg style=\"fill: #db6415;color:#db6415\" class=\"arrow-unsorted-368013\" xmlns=\"http:\/\/www.w3.org\/2000\/svg\" width=\"10px\" height=\"10px\" viewBox=\"0 0 24 24\" version=\"1.2\" baseProfile=\"tiny\"><path d=\"M18.2 9.3l-6.2-6.3-6.2 6.3c-.2.2-.3.4-.3.7s.1.5.3.7c.2.2.4.3.7.3h11c.3 0 .5-.1.7-.3.2-.2.3-.5.3-.7s-.1-.5-.3-.7zM5.8 14.7l6.2 6.3 6.2-6.3c.2-.2.3-.5.3-.7s-.1-.5-.3-.7c-.2-.2-.4-.3-.7-.3h-11c-.3 0-.5.1-.7.3-.2.2-.3.5-.3.7s.1.5.3.7z\"\/><\/svg><\/span><\/span><\/span><\/a><\/span><\/div>\n<nav><ul class='ez-toc-list ez-toc-list-level-1 ' ><ul class='ez-toc-list-level-4' ><li class='ez-toc-heading-level-4'><ul class='ez-toc-list-level-4' ><li class='ez-toc-heading-level-4'><a class=\"ez-toc-link ez-toc-heading-1\" href=\"https:\/\/idecesos.com\/seguros\/companias\/banca-march\/telefono\/#Telefono_Contrataciones_951_127_403\" >Tel\u00e9fono Contrataciones\r\n951 127 403<\/a><\/li><\/ul><\/li><\/ul><\/li><li class='ez-toc-page-1 ez-toc-heading-level-2'><a class=\"ez-toc-link ez-toc-heading-2\" href=\"https:\/\/idecesos.com\/seguros\/companias\/banca-march\/telefono\/#%C2%BFComo_contactar_con_Banca_March\" >\u00bfC\u00f3mo contactar con Banca March?<\/a><ul class='ez-toc-list-level-3' ><li class='ez-toc-heading-level-3'><a class=\"ez-toc-link ez-toc-heading-3\" href=\"https:\/\/idecesos.com\/seguros\/companias\/banca-march\/telefono\/#Telefono_gratuito_de_Banca_March\" >Tel\u00e9fono gratuito de Banca March<\/a><\/li><li class='ez-toc-page-1 ez-toc-heading-level-3'><a class=\"ez-toc-link ez-toc-heading-4\" href=\"https:\/\/idecesos.com\/seguros\/companias\/banca-march\/telefono\/#Horario_de_atencion_al_cliente_de_Banca_March\" >Horario de atenci\u00f3n al cliente de Banca March<\/a><\/li><li class='ez-toc-page-1 ez-toc-heading-level-3'><a class=\"ez-toc-link ez-toc-heading-5\" href=\"https:\/\/idecesos.com\/seguros\/companias\/banca-march\/telefono\/#Correo_electronico_de_Banca_March\" >Correo electr\u00f3nico de Banca March<\/a><\/li><li class='ez-toc-page-1 ez-toc-heading-level-3'><a class=\"ez-toc-link ez-toc-heading-6\" href=\"https:\/\/idecesos.com\/seguros\/companias\/banca-march\/telefono\/#Formulario_en_el_sitio_Web_de_Banca_March\" >Formulario en el sitio Web de Banca March<\/a><\/li><li class='ez-toc-page-1 ez-toc-heading-level-3'><a class=\"ez-toc-link ez-toc-heading-7\" href=\"https:\/\/idecesos.com\/seguros\/companias\/banca-march\/telefono\/#Redes_sociales_de_Banca_March\" >Redes sociales de Banca March<\/a><\/li><\/ul><\/li><\/ul><\/nav><\/div>\n\n<div class=\"caja\">\n<div class=\"cajaIcono2 \"  ><div class=\"cuadro\" style=\"box-shadow: inset 0 0 0 3px #ff790e\"><div class=\"iconoCircular\" style=\"border: 3px solid #ff790e\">\t\t\n\t\t\t\t\t<div class=\"iconoCirculo\">\n\t\t\t\t\t  <i class=\"fas fa-phone-volume\"><\/i>\n\t\t\t\t\t<\/div>\n\t\t\t\t<\/div><div class=\"\">\n<h4 style=\"text-align: center;\"><strong>Tel\u00e9fono Contrataciones<br \/>\n951 127 403<\/strong><\/h4>\n<p><\/div><\/div><\/div><br \/>\nBanca March le ofrece una atenci\u00f3n al cliente directa y adaptada que le va a ayudar a resolver sus dudas sobre los seguros de decesos. Tras haber escogido el m\u00e9todo apropiado para usted, un asesor experto en el tema le ayudar\u00e1 en todo lo que necesite. Temas como el los gastos del ata\u00fad, tanatorio, coronas floral, necrol\u00f3gica, atenci\u00f3n psicol\u00f3gica&#8230; todo lo relacionado con las coberturas de su seguro de decesos. Siempre y en toda circunstancia se tendr\u00e1 en cuenta la situaci\u00f3n por la que pasa la familia en el momento de p\u00e9rdida del ser querido, por consiguiente, la compa\u00f1\u00eda se ocupar\u00e1 de que todos y cada uno de los tr\u00e1mites est\u00e9n en perfectas condiciones y cerrados.<br \/>\n<\/div><\/p>\n<div class=\"colorf \"  ><div class=\"container clearfix\"><div class=\"col-md-7\"><\/p>\n<h2><span class=\"ez-toc-section\" id=\"%C2%BFComo_contactar_con_Banca_March\"><\/span>\u00bfC\u00f3mo contactar con Banca March?<span class=\"ez-toc-section-end\"><\/span><\/h2>\n<p>Si desea que Banca March contacte con ahora le mostramos las formas en las que puede hacerlo: v\u00eda tel\u00e9fono, e-mail, mediante el formulario que puedes rellenar en su p\u00e1gina web o bien por los diferentes perfiles de sus redes sociales.<br \/>\n<\/div><\/div><\/div>\n<h3><span class=\"ez-toc-section\" id=\"Telefono_gratuito_de_Banca_March\"><\/span>Tel\u00e9fono gratuito de Banca March<span class=\"ez-toc-section-end\"><\/span><\/h3>\n<p>El usuario debe tener la facilidad de poder mantener una conversaci\u00f3n directa con la compa\u00f1\u00eda y, es por ello que, se le facilita el pr\u00f3ximo tel\u00e9fono de contacto, plenamente gratis, <b>900 102 132.<\/b>\u00a0Haciendo una simple llamada, podr\u00e1 hacer la consulta que desee y solucionar cualquier tipo de duda que tenga o bien le brote en ese preciso momento sobre su seguro de decesos o las caracter\u00edsticas que tiene a fin de que se ajuste a sus necesidades. La llamada que realice a la compa\u00f1\u00eda va a ser absolutamente gratuita, siendo indiferente el tiempo que transcurra. Es uno de los m\u00e9todos m\u00e1s sencillos y provechosos, debido a la fluidez que se produce en el contacto directo con el especialista sin tener la necesidad de mucha planificaci\u00f3n.<br \/>\n<div class=\"colorf\"><div class=\"container clearfix\"><div class=\"col-md-7\"><\/p>\n<div class=\"cabecera_tabla_ajustada \"  style=\"width:80%\" ><div class=\"row\"><\/div>\n<p><div class=\"fila_tabla4 \"  ><div class=\"row\"><div class=\"col-8 nosepara izq\"><p><strong>Tel\u00e9fono para contrataciones<\/strong><\/p><\/div><div class=\"col-4 nosepara centro\">951 127 403<\/div><\/div><\/div><div class=\"fila_tabla4 \"  ><div class=\"row\"><div class=\"col-8 nosepara izq\"><p><strong>Tel\u00e9fono Banca telef\u00f3nica<\/strong><\/p><\/div><div class=\"col-4 nosepara centro\">971 779 111<\/div><\/div><\/div><\/p>\n<div class=\"pie_tabla \"  ><div class=\"row\"><div class=\"col-12 \"><\/div><\/div><\/div><\/div>\n<\/div><\/div><\/div>\n<h3><span class=\"ez-toc-section\" id=\"Horario_de_atencion_al_cliente_de_Banca_March\"><\/span>Horario de atenci\u00f3n al cliente de Banca March<span class=\"ez-toc-section-end\"><\/span><\/h3>\n<p>Banca March tiene disponible un horario de atenci\u00f3n al usuario para poder responder de forma r\u00e1pida. Toda vez que realice una llamada, va a tener la opci\u00f3n de sostener una charla con la persona a cargo o con uno de los especialistas y asesores. Toda cuesti\u00f3n que quiera saber sobre su seguro de decesos y, por consecuencia, coberturas, precios\u2026 se le resolver\u00e1 de la forma m\u00e1s clara y breve posible, para que cuando cuelgue la llamada, quede completamente satisfecho con el trato y los datos facilitados. A fin de que puedas contar con del suficiente tiempo libre para poder realizar la llamada, queda a su predisposici\u00f3n el pr\u00f3ximo horario <strong>horario Banca March<\/strong>.<br \/>\n<div class=\"colorf\"><div class=\"container clearfix\"><div class=\"col-md-7\"><\/p>\n<h3><span class=\"ez-toc-section\" id=\"Correo_electronico_de_Banca_March\"><\/span>Correo electr\u00f3nico de Banca March<span class=\"ez-toc-section-end\"><\/span><\/h3>\n<p>En nuestros d\u00edas, vivimos en la era de Internet y, la forma m\u00e1s r\u00e1pida y f\u00e1cil de recibir y mandar informaci\u00f3n es por medio de la creaci\u00f3n de un perfil en Hotmail, Gmail y otras m\u00e1s. Es por esta raz\u00f3n que Banca March tiene a su disposici\u00f3n un mail <strong>atencion_cliente@bancamarch.es<\/strong>, que servir\u00e1 de conexi\u00f3n entre el usuario y uno de los profesionales, que va a estar a su total predisposici\u00f3n en todo momento. Cada profesional le responder\u00e1 velozmente, reflejando la experiencia que poseen y el respeto hacia el tema que quiera tratar en torno a sus seguro de decesos.<br \/>\n<\/div><\/div><\/div><\/p>\n<h3><span class=\"ez-toc-section\" id=\"Formulario_en_el_sitio_Web_de_Banca_March\"><\/span>Formulario en el sitio Web de Banca March<span class=\"ez-toc-section-end\"><\/span><\/h3>\n<p>Pregunt\u00e1ndole a un buscador de Internet, encontrar\u00e1 la contestaci\u00f3n en un momento. Por esta raz\u00f3n, es la plataforma con m\u00e1s importancia y mayor acceso para las personas. Banca March es consciente de todo esto y ha creado su p\u00e1gina web <strong>www.bancamarch.es\/es\/<\/strong>. En tal p\u00e1gina, se le va a facilitar un formulario el que tendr\u00e1 que rellenar los pr\u00f3ximos campos: nombre, apellidos, tel\u00e9fono de contacto, correo electr\u00f3nico\u2026Ahora, se comunicar\u00e1 con un experto consultor en el tema para brindarle su ayuda y conocimientos.<br \/>\n<div class=\"colorf\"><div class=\"container clearfix\"><div class=\"col-md-7\"><\/p>\n<h3><span class=\"ez-toc-section\" id=\"Redes_sociales_de_Banca_March\"><\/span>Redes sociales de Banca March<span class=\"ez-toc-section-end\"><\/span><\/h3>\n<p>Miles y miles de personas son parte de las redes sociales con mayor importancia y difusi\u00f3n: Instagram, Twitter y Fb. Banca March es siendo consciente de este gran impacto y, es por esta raz\u00f3n, que dispone de un perfil en distintas plataformas. Acceder a \u00e9l es muy sencillo, solo deber\u00e1 buscar el nombre de Banca March en dichas aplicaciones. Informaci\u00f3n esencial sobre su seguro de decesos como peculiaridades, ofertas o enlace a p\u00e1gina es lo que hallar\u00e1 en el perfil de Banca March. La compa\u00f1\u00eda le va a ofrecer la posibilidad de contactar con ella mediante ciertas aplicaciones.<br \/>\n<\/div><\/div><\/div><br \/>\n<\/div><\/p>\n<p><div class=\"oficinas\"> <h3>P\u00e1ginas relacionadas<\/h3><div class=\"enlazado\"><ul> <li><a href=\"https:\/\/idecesos.com\/seguros\/companias\/banca-march\/opiniones\/\">Opiniones Banca March<\/a><\/li> <li><a href=\"https:\/\/idecesos.com\/seguros\/companias\/banca-march\/precio\/\">Precio seguro Banca March<\/a><\/li> <li><a href=\"https:\/\/idecesos.com\/seguros\/companias\/banca-march\/prima-mixta\/\">Banca March Prima Mixta<\/a><\/li> <li><a href=\"https:\/\/idecesos.com\/seguros\/companias\/banca-march\/prima-natural\/\">Banca March Prima Natural<\/a><\/li> <li><a href=\"https:\/\/idecesos.com\/seguros\/companias\/banca-march\/prima-nivelada\/\">Banca March Prima Nivelada<\/a><\/li> <li><a href=\"https:\/\/idecesos.com\/seguros\/companias\/banca-march\/prima-unica\/\">Banca March Prima \u00danica<\/a><\/li> <li><a href=\"https:\/\/idecesos.com\/seguros\/companias\/banca-march\/repatriacion\/\">Banca March Repatriaci\u00f3n<\/a><\/li> <li><a href=\"https:\/\/idecesos.com\/seguros\/companias\/banca-march\/telefono\/\">Tel\u00e9fono Gratuito Banca March<\/a><\/li><\/ul><\/div> <\/div><\/p>\n","protected":false},"excerpt":{"rendered":"<p>Banca March le ofrece una atenci\u00f3n al cliente directa y adaptada que le va a ayudar a resolver sus dudas sobre los seguros de decesos. Tras haber escogido el m\u00e9todo apropiado para usted, un asesor experto en el tema le ayudar\u00e1 en todo lo que necesite. Temas como el los gastos del ata\u00fad, tanatorio, coronas&hellip; <\/p>\n","protected":false},"author":1,"featured_media":0,"parent":271,"menu_order":0,"comment_status":"closed","ping_status":"closed","template":"single.php","meta":{"footnotes":""},"class_list":["post-15404","page","type-page","status-publish","hentry"],"yoast_head":"<!-- This site is optimized with the Yoast SEO plugin v27.6 - https:\/\/yoast.com\/product\/yoast-seo-wordpress\/ -->\n<title>Tel\u00e9fono Gratuito Banca March \u25b7Atenci\u00f3n Cliente, Email, RRSS, Web<\/title>\n<meta name=\"description\" content=\"Busca aqu\u00ed\u3010Banca March seguros tel\u00e9fono gratuito\u3011Banca March Decesos tel\u00e9fono gratis: atenci\u00f3n al cliente y contrataciones \u2611\ufe0fVerificado en 2026\" \/>\n<meta name=\"robots\" content=\"index, follow, max-snippet:-1, max-image-preview:large, max-video-preview:-1\" \/>\n<link rel=\"canonical\" href=\"https:\/\/idecesos.com\/seguros\/companias\/banca-march\/telefono\/\" \/>\n<meta property=\"og:locale\" content=\"es_ES\" \/>\n<meta property=\"og:type\" content=\"article\" \/>\n<meta property=\"og:title\" content=\"Tel\u00e9fono Gratuito Banca March \u25b7Atenci\u00f3n Cliente, Email, RRSS, Web\" \/>\n<meta property=\"og:description\" content=\"Busca aqu\u00ed\u3010Banca March seguros tel\u00e9fono gratuito\u3011Banca March Decesos tel\u00e9fono gratis: atenci\u00f3n al cliente y contrataciones \u2611\ufe0fVerificado en 2026\" \/>\n<meta property=\"og:url\" content=\"https:\/\/idecesos.com\/seguros\/companias\/banca-march\/telefono\/\" \/>\n<meta property=\"article:modified_time\" content=\"2022-04-03T17:30:01+00:00\" \/>\n<meta name=\"twitter:card\" content=\"summary_large_image\" \/>\n<meta name=\"twitter:label1\" content=\"Tiempo de lectura\" \/>\n\t<meta name=\"twitter:data1\" content=\"4 minutos\" \/>\n<script type=\"application\/ld+json\" class=\"yoast-schema-graph\">{\"@context\":\"https:\\\/\\\/schema.org\",\"@graph\":[{\"@type\":\"WebPage\",\"@id\":\"https:\\\/\\\/idecesos.com\\\/seguros\\\/companias\\\/banca-march\\\/telefono\\\/\",\"url\":\"https:\\\/\\\/idecesos.com\\\/seguros\\\/companias\\\/banca-march\\\/telefono\\\/\",\"name\":\"Tel\u00e9fono Gratuito Banca March \u25b7Atenci\u00f3n Cliente, Email, RRSS, Web\",\"isPartOf\":{\"@id\":\"https:\\\/\\\/idecesos.com\\\/seguros\\\/#website\"},\"datePublished\":\"2021-11-25T10:17:31+00:00\",\"dateModified\":\"2022-04-03T17:30:01+00:00\",\"description\":\"Busca aqu\u00ed\u3010Banca March seguros tel\u00e9fono gratuito\u3011Banca March Decesos tel\u00e9fono gratis: atenci\u00f3n al cliente y contrataciones \u2611\ufe0fVerificado en 2026\",\"breadcrumb\":{\"@id\":\"https:\\\/\\\/idecesos.com\\\/seguros\\\/companias\\\/banca-march\\\/telefono\\\/#breadcrumb\"},\"inLanguage\":\"es\",\"potentialAction\":[{\"@type\":\"ReadAction\",\"target\":[\"https:\\\/\\\/idecesos.com\\\/seguros\\\/companias\\\/banca-march\\\/telefono\\\/\"]}]},{\"@type\":\"BreadcrumbList\",\"@id\":\"https:\\\/\\\/idecesos.com\\\/seguros\\\/companias\\\/banca-march\\\/telefono\\\/#breadcrumb\",\"itemListElement\":[{\"@type\":\"ListItem\",\"position\":1,\"name\":\"Portada\",\"item\":\"https:\\\/\\\/idecesos.com\\\/seguros\\\/\"},{\"@type\":\"ListItem\",\"position\":2,\"name\":\"Compa\u00f1\u00edas de Seguros de Decesos en Espa\u00f1a\",\"item\":\"https:\\\/\\\/idecesos.com\\\/seguros\\\/companias\\\/\"},{\"@type\":\"ListItem\",\"position\":3,\"name\":\"Seguro de decesos Banca March\",\"item\":\"https:\\\/\\\/idecesos.com\\\/seguros\\\/companias\\\/banca-march\\\/\"},{\"@type\":\"ListItem\",\"position\":4,\"name\":\"Atenci\u00f3n al cliente Banca March: telefono gratuito, e-mail\"}]},{\"@type\":\"WebSite\",\"@id\":\"https:\\\/\\\/idecesos.com\\\/seguros\\\/#website\",\"url\":\"https:\\\/\\\/idecesos.com\\\/seguros\\\/\",\"name\":\"\",\"description\":\"\",\"potentialAction\":[{\"@type\":\"SearchAction\",\"target\":{\"@type\":\"EntryPoint\",\"urlTemplate\":\"https:\\\/\\\/idecesos.com\\\/seguros\\\/?s={search_term_string}\"},\"query-input\":{\"@type\":\"PropertyValueSpecification\",\"valueRequired\":true,\"valueName\":\"search_term_string\"}}],\"inLanguage\":\"es\"}]}<\/script>\n<!-- \/ Yoast SEO plugin. -->","yoast_head_json":{"title":"Tel\u00e9fono Gratuito Banca March \u25b7Atenci\u00f3n Cliente, Email, RRSS, Web","description":"Busca aqu\u00ed\u3010Banca March seguros tel\u00e9fono gratuito\u3011Banca March Decesos tel\u00e9fono gratis: atenci\u00f3n al cliente y contrataciones \u2611\ufe0fVerificado en 2026","robots":{"index":"index","follow":"follow","max-snippet":"max-snippet:-1","max-image-preview":"max-image-preview:large","max-video-preview":"max-video-preview:-1"},"canonical":"https:\/\/idecesos.com\/seguros\/companias\/banca-march\/telefono\/","og_locale":"es_ES","og_type":"article","og_title":"Tel\u00e9fono Gratuito Banca March \u25b7Atenci\u00f3n Cliente, Email, RRSS, Web","og_description":"Busca aqu\u00ed\u3010Banca March seguros tel\u00e9fono gratuito\u3011Banca March Decesos tel\u00e9fono gratis: atenci\u00f3n al cliente y contrataciones \u2611\ufe0fVerificado en 2026","og_url":"https:\/\/idecesos.com\/seguros\/companias\/banca-march\/telefono\/","article_modified_time":"2022-04-03T17:30:01+00:00","twitter_card":"summary_large_image","twitter_misc":{"Tiempo de lectura":"4 minutos"},"schema":{"@context":"https:\/\/schema.org","@graph":[{"@type":"WebPage","@id":"https:\/\/idecesos.com\/seguros\/companias\/banca-march\/telefono\/","url":"https:\/\/idecesos.com\/seguros\/companias\/banca-march\/telefono\/","name":"Tel\u00e9fono Gratuito Banca March \u25b7Atenci\u00f3n Cliente, Email, RRSS, Web","isPartOf":{"@id":"https:\/\/idecesos.com\/seguros\/#website"},"datePublished":"2021-11-25T10:17:31+00:00","dateModified":"2022-04-03T17:30:01+00:00","description":"Busca aqu\u00ed\u3010Banca March seguros tel\u00e9fono gratuito\u3011Banca March Decesos tel\u00e9fono gratis: atenci\u00f3n al cliente y contrataciones \u2611\ufe0fVerificado en 2026","breadcrumb":{"@id":"https:\/\/idecesos.com\/seguros\/companias\/banca-march\/telefono\/#breadcrumb"},"inLanguage":"es","potentialAction":[{"@type":"ReadAction","target":["https:\/\/idecesos.com\/seguros\/companias\/banca-march\/telefono\/"]}]},{"@type":"BreadcrumbList","@id":"https:\/\/idecesos.com\/seguros\/companias\/banca-march\/telefono\/#breadcrumb","itemListElement":[{"@type":"ListItem","position":1,"name":"Portada","item":"https:\/\/idecesos.com\/seguros\/"},{"@type":"ListItem","position":2,"name":"Compa\u00f1\u00edas de Seguros de Decesos en Espa\u00f1a","item":"https:\/\/idecesos.com\/seguros\/companias\/"},{"@type":"ListItem","position":3,"name":"Seguro de decesos Banca March","item":"https:\/\/idecesos.com\/seguros\/companias\/banca-march\/"},{"@type":"ListItem","position":4,"name":"Atenci\u00f3n al cliente Banca March: telefono gratuito, e-mail"}]},{"@type":"WebSite","@id":"https:\/\/idecesos.com\/seguros\/#website","url":"https:\/\/idecesos.com\/seguros\/","name":"","description":"","potentialAction":[{"@type":"SearchAction","target":{"@type":"EntryPoint","urlTemplate":"https:\/\/idecesos.com\/seguros\/?s={search_term_string}"},"query-input":{"@type":"PropertyValueSpecification","valueRequired":true,"valueName":"search_term_string"}}],"inLanguage":"es"}]}},"_links":{"self":[{"href":"https:\/\/idecesos.com\/seguros\/wp-json\/wp\/v2\/pages\/15404","targetHints":{"allow":["GET"]}}],"collection":[{"href":"https:\/\/idecesos.com\/seguros\/wp-json\/wp\/v2\/pages"}],"about":[{"href":"https:\/\/idecesos.com\/seguros\/wp-json\/wp\/v2\/types\/page"}],"author":[{"embeddable":true,"href":"https:\/\/idecesos.com\/seguros\/wp-json\/wp\/v2\/users\/1"}],"replies":[{"embeddable":true,"href":"https:\/\/idecesos.com\/seguros\/wp-json\/wp\/v2\/comments?post=15404"}],"version-history":[{"count":8,"href":"https:\/\/idecesos.com\/seguros\/wp-json\/wp\/v2\/pages\/15404\/revisions"}],"predecessor-version":[{"id":20926,"href":"https:\/\/idecesos.com\/seguros\/wp-json\/wp\/v2\/pages\/15404\/revisions\/20926"}],"up":[{"embeddable":true,"href":"https:\/\/idecesos.com\/seguros\/wp-json\/wp\/v2\/pages\/271"}],"wp:attachment":[{"href":"https:\/\/idecesos.com\/seguros\/wp-json\/wp\/v2\/media?parent=15404"}],"curies":[{"name":"wp","href":"https:\/\/api.w.org\/{rel}","templated":true}]}}