{"id":15405,"date":"2021-11-26T09:12:47","date_gmt":"2021-11-25T10:17:32","guid":{"rendered":"https:\/\/idecesos.com\/seguros\/companias\/banco-caixa-general\/telefono\/"},"modified":"2022-04-03T18:46:57","modified_gmt":"2022-04-03T18:46:57","slug":"telefono","status":"publish","type":"page","link":"https:\/\/idecesos.com\/seguros\/companias\/banco-caixa-general\/telefono\/","title":{"rendered":"Atenci\u00f3n al cliente Caixa Geral: telefono gratuito, e-mail"},"content":{"rendered":"<div id=\"ez-toc-container\" class=\"ez-toc-v2_0_83 ez-toc-wrap-center counter-hierarchy ez-toc-counter ez-toc-custom ez-toc-container-direction\">\n<div class=\"ez-toc-title-container\">\n<p class=\"ez-toc-title\" style=\"cursor:inherit\">Tabla de Contenido<\/p>\n<span class=\"ez-toc-title-toggle\"><a href=\"#\" class=\"ez-toc-pull-right ez-toc-btn ez-toc-btn-xs ez-toc-btn-default ez-toc-toggle\" aria-label=\"Alternar tabla de contenidos\"><span class=\"ez-toc-js-icon-con\"><span class=\"\"><span class=\"eztoc-hide\" style=\"display:none;\">Toggle<\/span><span class=\"ez-toc-icon-toggle-span\"><svg style=\"fill: #db6415;color:#db6415\" xmlns=\"http:\/\/www.w3.org\/2000\/svg\" class=\"list-377408\" width=\"20px\" height=\"20px\" viewBox=\"0 0 24 24\" fill=\"none\"><path d=\"M6 6H4v2h2V6zm14 0H8v2h12V6zM4 11h2v2H4v-2zm16 0H8v2h12v-2zM4 16h2v2H4v-2zm16 0H8v2h12v-2z\" fill=\"currentColor\"><\/path><\/svg><svg style=\"fill: #db6415;color:#db6415\" class=\"arrow-unsorted-368013\" xmlns=\"http:\/\/www.w3.org\/2000\/svg\" width=\"10px\" height=\"10px\" viewBox=\"0 0 24 24\" version=\"1.2\" baseProfile=\"tiny\"><path d=\"M18.2 9.3l-6.2-6.3-6.2 6.3c-.2.2-.3.4-.3.7s.1.5.3.7c.2.2.4.3.7.3h11c.3 0 .5-.1.7-.3.2-.2.3-.5.3-.7s-.1-.5-.3-.7zM5.8 14.7l6.2 6.3 6.2-6.3c.2-.2.3-.5.3-.7s-.1-.5-.3-.7c-.2-.2-.4-.3-.7-.3h-11c-.3 0-.5.1-.7.3-.2.2-.3.5-.3.7s.1.5.3.7z\"\/><\/svg><\/span><\/span><\/span><\/a><\/span><\/div>\n<nav><ul class='ez-toc-list ez-toc-list-level-1 ' ><ul class='ez-toc-list-level-4' ><li class='ez-toc-heading-level-4'><ul class='ez-toc-list-level-4' ><li class='ez-toc-heading-level-4'><a class=\"ez-toc-link ez-toc-heading-1\" href=\"https:\/\/idecesos.com\/seguros\/companias\/banco-caixa-general\/telefono\/#Telefono_Contrataciones_951_127_403\" >Tel\u00e9fono Contrataciones\r\n951 127 403<\/a><\/li><\/ul><\/li><\/ul><\/li><li class='ez-toc-page-1 ez-toc-heading-level-2'><a class=\"ez-toc-link ez-toc-heading-2\" href=\"https:\/\/idecesos.com\/seguros\/companias\/banco-caixa-general\/telefono\/#%C2%BFComo_contactar_con_Caixa_Geral\" >\u00bfC\u00f3mo contactar con Caixa Geral?<\/a><ul class='ez-toc-list-level-3' ><li class='ez-toc-heading-level-3'><a class=\"ez-toc-link ez-toc-heading-3\" href=\"https:\/\/idecesos.com\/seguros\/companias\/banco-caixa-general\/telefono\/#Telefono_gratuito_de_Caixa_Geral\" >Tel\u00e9fono gratuito de Caixa Geral<\/a><\/li><li class='ez-toc-page-1 ez-toc-heading-level-3'><a class=\"ez-toc-link ez-toc-heading-4\" href=\"https:\/\/idecesos.com\/seguros\/companias\/banco-caixa-general\/telefono\/#Horario_de_atencion_al_cliente_de_Caixa_Geral\" >Horario de atenci\u00f3n al cliente de Caixa Geral<\/a><\/li><li class='ez-toc-page-1 ez-toc-heading-level-3'><a class=\"ez-toc-link ez-toc-heading-5\" href=\"https:\/\/idecesos.com\/seguros\/companias\/banco-caixa-general\/telefono\/#Correo_electronico_de_Caixa_Geral\" >Correo electr\u00f3nico de Caixa Geral<\/a><\/li><li class='ez-toc-page-1 ez-toc-heading-level-3'><a class=\"ez-toc-link ez-toc-heading-6\" href=\"https:\/\/idecesos.com\/seguros\/companias\/banco-caixa-general\/telefono\/#Formulario_en_el_sitio_Web_de_Caixa_Geral\" >Formulario en el sitio Web de Caixa Geral<\/a><\/li><li class='ez-toc-page-1 ez-toc-heading-level-3'><a class=\"ez-toc-link ez-toc-heading-7\" href=\"https:\/\/idecesos.com\/seguros\/companias\/banco-caixa-general\/telefono\/#Redes_sociales_de_Caixa_Geral\" >Redes sociales de Caixa Geral<\/a><\/li><\/ul><\/li><\/ul><\/nav><\/div>\n\n<div class=\"caja\">\n<div class=\"cajaIcono2 \"  ><div class=\"cuadro\" style=\"box-shadow: inset 0 0 0 3px #ff790e\"><div class=\"iconoCircular\" style=\"border: 3px solid #ff790e\">\t\t\n\t\t\t\t\t<div class=\"iconoCirculo\">\n\t\t\t\t\t  <i class=\"fas fa-phone-volume\"><\/i>\n\t\t\t\t\t<\/div>\n\t\t\t\t<\/div><div class=\"\">\n<h4 style=\"text-align: center;\"><strong>Tel\u00e9fono Contrataciones<br \/>\n951 127 403<\/strong><\/h4>\n<p><\/div><\/div><\/div><br \/>\nCaixa Geral dispone de un abanico de opciones a fin de que pueda obtener informaci\u00f3n gratuita, f\u00e1cil y sencilla, alcanzable para todo el mundo. La atenci\u00f3n al cliente que ofrece le informar\u00e1 sobre su seguro de decesos, adem\u00e1s de solucionar cualquier tipo de duda o bien consulta que tenga: elecci\u00f3n del cementerio, gastos de ata\u00fad, diferentes tipos de asistencia (en viaje, post-hospitalizaci\u00f3n), servicio de testamento y f\u00fanebre, orientaci\u00f3n m\u00e9dica, gesti\u00f3n de tramitaci\u00f3n funerario, necrol\u00f3gica y muchos otros m\u00e1s. Cualquier tr\u00e1mite o bien gesti\u00f3n va a estar cerrado de cara al momento del entierro del ser querido y, para su tranquilidad, no tendr\u00e1n que estar preocupados por solamente all\u00ed. Adem\u00e1s de esto, va a tener el mayor apoyo posible en dicho proceso tan delicado.<br \/>\n<\/div><\/p>\n<div class=\"colorf \"  ><div class=\"container clearfix\"><div class=\"col-md-7\"><\/p>\n<h2><span class=\"ez-toc-section\" id=\"%C2%BFComo_contactar_con_Caixa_Geral\"><\/span>\u00bfC\u00f3mo contactar con Caixa Geral?<span class=\"ez-toc-section-end\"><\/span><\/h2>\n<p>Caixa Geral tiene libre los pr\u00f3ximos m\u00e9todos para poder contactar de forma gratuita: tel\u00e9fono de contacto, formulario en su p\u00e1gina, correo y redes sociales.<br \/>\n<\/div><\/div><\/div>\n<h3><span class=\"ez-toc-section\" id=\"Telefono_gratuito_de_Caixa_Geral\"><\/span>Tel\u00e9fono gratuito de Caixa Geral<span class=\"ez-toc-section-end\"><\/span><\/h3>\n<p>A fin de que los especialistas puedan atenderlo y responderle a sus preguntas, dudas, etc. En torno a su seguro de decesos, se le dar\u00e1 un n\u00famero de contacto y as\u00ed dialogar con la compa\u00f1\u00eda. Hoy, si su pretensi\u00f3n es poder conversar de manera extensa y sin prisas con el experto, es el mejor procedimiento, por su contacto directo y simpleza. Con el pr\u00f3ximo tel\u00e9fono <strong>986 828 070<\/strong> no deber\u00e1s moverte de donde est\u00e9s para poder realizar la llamada y hablar con alg\u00fan miembro de Caixa Geral veloz y gratis.<br \/>\n<div class=\"colorf\"><div class=\"container clearfix\"><div class=\"col-md-7\"><\/p>\n<div class=\"cabecera_tabla_ajustada \"  style=\"width:80%\" ><div class=\"row\"><\/div>\n<div class=\"fila_tabla4 \"  ><div class=\"row\"><div class=\"col-8 nosepara izq\"><p><strong>Tel\u00e9fono para contrataciones<\/strong><\/p><\/div><div class=\"col-4 nosepara centro\">951 127 403<\/div><\/div><\/div>\n<div class=\"pie_tabla \"  ><div class=\"row\"><div class=\"col-12 \"><\/div><\/div><\/div><\/div>\n<\/div><\/div><\/div>\n<h3><span class=\"ez-toc-section\" id=\"Horario_de_atencion_al_cliente_de_Caixa_Geral\"><\/span>Horario de atenci\u00f3n al cliente de Caixa Geral<span class=\"ez-toc-section-end\"><\/span><\/h3>\n<p>Caixa Geral tiene disponible un horario de atenci\u00f3n al cliente para poder responder de forma r\u00e1pida. Toda vez que realice una llamada, tendr\u00e1 la opci\u00f3n de sostener una conversaci\u00f3n con la persona a cargo o bien con uno de los expertos y aconsejes. Toda la informaci\u00f3n que quiera percibir sobre su seguro de decesos, como por servirnos de un ejemplo los precios, va a ser dada de la mejor manera posible, para que de esta forma pueda quedar contento con el trato ofrecido por la compa\u00f1\u00eda. A fin de que puedas contar con del suficiente tiempo libre para poder efectuar la llamada, queda a su disposici\u00f3n el siguiente horario <strong>horario Caixa Geral<\/strong>.<br \/>\n<div class=\"colorf\"><div class=\"container clearfix\"><div class=\"col-md-7\"><\/p>\n<h3><span class=\"ez-toc-section\" id=\"Correo_electronico_de_Caixa_Geral\"><\/span>Correo electr\u00f3nico de Caixa Geral<span class=\"ez-toc-section-end\"><\/span><\/h3>\n<p>La poblaci\u00f3n est\u00e1 al tanto de lo esencial que es, en los tiempos que vivimos, Internet, por lo que disponen de perfiles en plataformas de mensajer\u00eda como Hotmail o Gmail. Con este servicio, formar\u00e1n una parte del flujo de informaci\u00f3n que se establezca entre 2 o bien m\u00e1s personas. Por ende, es uno de los instrumentos m\u00e1s sencillos y \u00fatiles para el recibo de datos sobre su seguro de decesos. Con el pr\u00f3ximo mail <strong>serviciodeatencionalcliente@bancocaixageral.es<\/strong>\u00a0de Caixa Geral le va a ser posible mandarle cualquier clase de duda que tenga respecto a su prima, por servirnos de un ejemplo. Al desempe\u00f1ar la funci\u00f3n del env\u00edo de un correo electr\u00f3nico, la respuesta que obtenga ser\u00e1 la mejor y, terminante, para poder aclarar sus ideas.<br \/>\n<\/div><\/div><\/div><\/p>\n<h3><span class=\"ez-toc-section\" id=\"Formulario_en_el_sitio_Web_de_Caixa_Geral\"><\/span>Formulario en el sitio Web de Caixa Geral<span class=\"ez-toc-section-end\"><\/span><\/h3>\n<p>Internet en nuestros d\u00edas es la herramienta m\u00e1s utilizada en la vida rutinaria de la gente. Esto es debido a su simple forma de utilizaci\u00f3n. Con solo poner una palabra tienes a tu disposici\u00f3n miles de resultados. Con solo poner en su terminal <strong>www.abanca.com\/es\/<\/strong> hallar\u00e1 el lugar web de Caixa Geral. Ah\u00ed encontrar\u00e1 la informaci\u00f3n b\u00e1sica sobre el seguro de decesos que tienen a su disposici\u00f3n, sus costos, ventajas, los servicios que ofrecen\u2026 a fin de que pueda tener una idea sobre este. La web te facilita un formulario f\u00e1cil de rellenar en el que tendr\u00e1 que completar diferentes campos: nombre y apellidos, n\u00famero, correo electr\u00f3nico, etc. Finalizado dicho formulario, un agente de Caixa Geral se pondr\u00e1 en contacto con lo antes posible para resolver sus dudas.<br \/>\n<div class=\"colorf\"><div class=\"container clearfix\"><div class=\"col-md-7\"><\/p>\n<h3><span class=\"ez-toc-section\" id=\"Redes_sociales_de_Caixa_Geral\"><\/span>Redes sociales de Caixa Geral<span class=\"ez-toc-section-end\"><\/span><\/h3>\n<p>Redes sociales como Twitter, Instagram, Fb o bien TikTok se han convertido en uno de los primordiales medios de las personas, es por esto que es una de las herramientas con mayor alcance y difusi\u00f3n que existen actualmente. Casi todo el mundo tiene una de estas aplicaciones si no est\u00e1 registrado en todas. Caixa Geral tiene su perfil en alguna de estas redes sociales. En todos y cada perfil, vas a poder encontrar informaci\u00f3n ofertas, ubicaci\u00f3n de la sede central, im\u00e1genes, v\u00eddeos y contenido adicional sobre la compa\u00f1\u00eda. Merced a sus perfiles, puedes contactar con ellos mediante su cuenta. Una gran sencillez que hace que te olvides de correos o bien tel\u00e9fonos.<br \/>\n<\/div><\/div><\/div><\/p>\n<\/div>\n<p><div class=\"oficinas\"> <h3>P\u00e1ginas relacionadas<\/h3><div class=\"enlazado\"><ul> <li><a href=\"https:\/\/idecesos.com\/seguros\/companias\/banco-caixa-general\/opiniones\/\">Opiniones Caixa Geral<\/a><\/li> <li><a href=\"https:\/\/idecesos.com\/seguros\/companias\/banco-caixa-general\/precio\/\">Precio seguro Caixa Geral<\/a><\/li> <li><a href=\"https:\/\/idecesos.com\/seguros\/companias\/banco-caixa-general\/prima-mixta\/\">Caixa Geral Prima Mixta<\/a><\/li> <li><a href=\"https:\/\/idecesos.com\/seguros\/companias\/banco-caixa-general\/prima-natural\/\">Caixa Geral Prima Natural<\/a><\/li> <li><a href=\"https:\/\/idecesos.com\/seguros\/companias\/banco-caixa-general\/prima-nivelada\/\">Caixa Geral Prima Nivelada<\/a><\/li> <li><a href=\"https:\/\/idecesos.com\/seguros\/companias\/banco-caixa-general\/prima-unica\/\">Caixa Geral Prima \u00danica<\/a><\/li> <li><a href=\"https:\/\/idecesos.com\/seguros\/companias\/banco-caixa-general\/repatriacion\/\">Caixa Geral Repatriaci\u00f3n<\/a><\/li> <li><a href=\"https:\/\/idecesos.com\/seguros\/companias\/banco-caixa-general\/telefono\/\">Tel\u00e9fono Gratuito Caixa Geral<\/a><\/li><\/ul><\/div> <\/div><\/p>\n","protected":false},"excerpt":{"rendered":"<p>Caixa Geral dispone de un abanico de opciones a fin de que pueda obtener informaci\u00f3n gratuita, f\u00e1cil y sencilla, alcanzable para todo el mundo. La atenci\u00f3n al cliente que ofrece le informar\u00e1 sobre su seguro de decesos, adem\u00e1s de solucionar cualquier tipo de duda o bien consulta que tenga: elecci\u00f3n del cementerio, gastos de ata\u00fad,&hellip; <\/p>\n","protected":false},"author":1,"featured_media":0,"parent":275,"menu_order":0,"comment_status":"closed","ping_status":"closed","template":"single.php","meta":{"footnotes":""},"class_list":["post-15405","page","type-page","status-publish","hentry"],"yoast_head":"<!-- This site is optimized with the Yoast SEO plugin v27.5 - https:\/\/yoast.com\/product\/yoast-seo-wordpress\/ -->\n<title>Tel\u00e9fono Gratuito Caixa Geral \u25b7Atenci\u00f3n Cliente, Email, RRSS, Web<\/title>\n<meta name=\"description\" content=\"Busca aqu\u00ed\u3010Caixa Geral seguros tel\u00e9fono gratuito\u3011Caixa Geral Decesos tel\u00e9fono gratis: atenci\u00f3n al cliente y contrataciones \u2611\ufe0fVerificado en 2026\" \/>\n<meta name=\"robots\" content=\"index, follow, max-snippet:-1, max-image-preview:large, max-video-preview:-1\" \/>\n<link rel=\"canonical\" href=\"https:\/\/idecesos.com\/seguros\/companias\/banco-caixa-general\/telefono\/\" \/>\n<meta property=\"og:locale\" content=\"es_ES\" \/>\n<meta property=\"og:type\" content=\"article\" \/>\n<meta property=\"og:title\" content=\"Tel\u00e9fono Gratuito Caixa Geral \u25b7Atenci\u00f3n Cliente, Email, RRSS, Web\" \/>\n<meta property=\"og:description\" content=\"Busca aqu\u00ed\u3010Caixa Geral seguros tel\u00e9fono gratuito\u3011Caixa Geral Decesos tel\u00e9fono gratis: atenci\u00f3n al cliente y contrataciones \u2611\ufe0fVerificado en 2026\" \/>\n<meta property=\"og:url\" content=\"https:\/\/idecesos.com\/seguros\/companias\/banco-caixa-general\/telefono\/\" \/>\n<meta property=\"article:modified_time\" content=\"2022-04-03T18:46:57+00:00\" \/>\n<meta name=\"twitter:card\" content=\"summary_large_image\" \/>\n<meta name=\"twitter:label1\" content=\"Tiempo de lectura\" \/>\n\t<meta name=\"twitter:data1\" content=\"4 minutos\" \/>\n<script type=\"application\/ld+json\" class=\"yoast-schema-graph\">{\"@context\":\"https:\\\/\\\/schema.org\",\"@graph\":[{\"@type\":\"WebPage\",\"@id\":\"https:\\\/\\\/idecesos.com\\\/seguros\\\/companias\\\/banco-caixa-general\\\/telefono\\\/\",\"url\":\"https:\\\/\\\/idecesos.com\\\/seguros\\\/companias\\\/banco-caixa-general\\\/telefono\\\/\",\"name\":\"Tel\u00e9fono Gratuito Caixa Geral \u25b7Atenci\u00f3n Cliente, Email, RRSS, Web\",\"isPartOf\":{\"@id\":\"https:\\\/\\\/idecesos.com\\\/seguros\\\/#website\"},\"datePublished\":\"2021-11-25T10:17:32+00:00\",\"dateModified\":\"2022-04-03T18:46:57+00:00\",\"description\":\"Busca aqu\u00ed\u3010Caixa Geral seguros tel\u00e9fono gratuito\u3011Caixa Geral Decesos tel\u00e9fono gratis: atenci\u00f3n al cliente y contrataciones \u2611\ufe0fVerificado en 2026\",\"breadcrumb\":{\"@id\":\"https:\\\/\\\/idecesos.com\\\/seguros\\\/companias\\\/banco-caixa-general\\\/telefono\\\/#breadcrumb\"},\"inLanguage\":\"es\",\"potentialAction\":[{\"@type\":\"ReadAction\",\"target\":[\"https:\\\/\\\/idecesos.com\\\/seguros\\\/companias\\\/banco-caixa-general\\\/telefono\\\/\"]}]},{\"@type\":\"BreadcrumbList\",\"@id\":\"https:\\\/\\\/idecesos.com\\\/seguros\\\/companias\\\/banco-caixa-general\\\/telefono\\\/#breadcrumb\",\"itemListElement\":[{\"@type\":\"ListItem\",\"position\":1,\"name\":\"Portada\",\"item\":\"https:\\\/\\\/idecesos.com\\\/seguros\\\/\"},{\"@type\":\"ListItem\",\"position\":2,\"name\":\"Compa\u00f1\u00edas de Seguros de Decesos en Espa\u00f1a\",\"item\":\"https:\\\/\\\/idecesos.com\\\/seguros\\\/companias\\\/\"},{\"@type\":\"ListItem\",\"position\":3,\"name\":\"Seguro de decesos Caixa Geral\",\"item\":\"https:\\\/\\\/idecesos.com\\\/seguros\\\/companias\\\/banco-caixa-general\\\/\"},{\"@type\":\"ListItem\",\"position\":4,\"name\":\"Atenci\u00f3n al cliente Caixa Geral: telefono gratuito, e-mail\"}]},{\"@type\":\"WebSite\",\"@id\":\"https:\\\/\\\/idecesos.com\\\/seguros\\\/#website\",\"url\":\"https:\\\/\\\/idecesos.com\\\/seguros\\\/\",\"name\":\"\",\"description\":\"\",\"potentialAction\":[{\"@type\":\"SearchAction\",\"target\":{\"@type\":\"EntryPoint\",\"urlTemplate\":\"https:\\\/\\\/idecesos.com\\\/seguros\\\/?s={search_term_string}\"},\"query-input\":{\"@type\":\"PropertyValueSpecification\",\"valueRequired\":true,\"valueName\":\"search_term_string\"}}],\"inLanguage\":\"es\"}]}<\/script>\n<!-- \/ Yoast SEO plugin. -->","yoast_head_json":{"title":"Tel\u00e9fono Gratuito Caixa Geral \u25b7Atenci\u00f3n Cliente, Email, RRSS, Web","description":"Busca aqu\u00ed\u3010Caixa Geral seguros tel\u00e9fono gratuito\u3011Caixa Geral Decesos tel\u00e9fono gratis: atenci\u00f3n al cliente y contrataciones \u2611\ufe0fVerificado en 2026","robots":{"index":"index","follow":"follow","max-snippet":"max-snippet:-1","max-image-preview":"max-image-preview:large","max-video-preview":"max-video-preview:-1"},"canonical":"https:\/\/idecesos.com\/seguros\/companias\/banco-caixa-general\/telefono\/","og_locale":"es_ES","og_type":"article","og_title":"Tel\u00e9fono Gratuito Caixa Geral \u25b7Atenci\u00f3n Cliente, Email, RRSS, Web","og_description":"Busca aqu\u00ed\u3010Caixa Geral seguros tel\u00e9fono gratuito\u3011Caixa Geral Decesos tel\u00e9fono gratis: atenci\u00f3n al cliente y contrataciones \u2611\ufe0fVerificado en 2026","og_url":"https:\/\/idecesos.com\/seguros\/companias\/banco-caixa-general\/telefono\/","article_modified_time":"2022-04-03T18:46:57+00:00","twitter_card":"summary_large_image","twitter_misc":{"Tiempo de lectura":"4 minutos"},"schema":{"@context":"https:\/\/schema.org","@graph":[{"@type":"WebPage","@id":"https:\/\/idecesos.com\/seguros\/companias\/banco-caixa-general\/telefono\/","url":"https:\/\/idecesos.com\/seguros\/companias\/banco-caixa-general\/telefono\/","name":"Tel\u00e9fono Gratuito Caixa Geral \u25b7Atenci\u00f3n Cliente, Email, RRSS, Web","isPartOf":{"@id":"https:\/\/idecesos.com\/seguros\/#website"},"datePublished":"2021-11-25T10:17:32+00:00","dateModified":"2022-04-03T18:46:57+00:00","description":"Busca aqu\u00ed\u3010Caixa Geral seguros tel\u00e9fono gratuito\u3011Caixa Geral Decesos tel\u00e9fono gratis: atenci\u00f3n al cliente y contrataciones \u2611\ufe0fVerificado en 2026","breadcrumb":{"@id":"https:\/\/idecesos.com\/seguros\/companias\/banco-caixa-general\/telefono\/#breadcrumb"},"inLanguage":"es","potentialAction":[{"@type":"ReadAction","target":["https:\/\/idecesos.com\/seguros\/companias\/banco-caixa-general\/telefono\/"]}]},{"@type":"BreadcrumbList","@id":"https:\/\/idecesos.com\/seguros\/companias\/banco-caixa-general\/telefono\/#breadcrumb","itemListElement":[{"@type":"ListItem","position":1,"name":"Portada","item":"https:\/\/idecesos.com\/seguros\/"},{"@type":"ListItem","position":2,"name":"Compa\u00f1\u00edas de Seguros de Decesos en Espa\u00f1a","item":"https:\/\/idecesos.com\/seguros\/companias\/"},{"@type":"ListItem","position":3,"name":"Seguro de decesos Caixa Geral","item":"https:\/\/idecesos.com\/seguros\/companias\/banco-caixa-general\/"},{"@type":"ListItem","position":4,"name":"Atenci\u00f3n al cliente Caixa Geral: telefono gratuito, e-mail"}]},{"@type":"WebSite","@id":"https:\/\/idecesos.com\/seguros\/#website","url":"https:\/\/idecesos.com\/seguros\/","name":"","description":"","potentialAction":[{"@type":"SearchAction","target":{"@type":"EntryPoint","urlTemplate":"https:\/\/idecesos.com\/seguros\/?s={search_term_string}"},"query-input":{"@type":"PropertyValueSpecification","valueRequired":true,"valueName":"search_term_string"}}],"inLanguage":"es"}]}},"_links":{"self":[{"href":"https:\/\/idecesos.com\/seguros\/wp-json\/wp\/v2\/pages\/15405","targetHints":{"allow":["GET"]}}],"collection":[{"href":"https:\/\/idecesos.com\/seguros\/wp-json\/wp\/v2\/pages"}],"about":[{"href":"https:\/\/idecesos.com\/seguros\/wp-json\/wp\/v2\/types\/page"}],"author":[{"embeddable":true,"href":"https:\/\/idecesos.com\/seguros\/wp-json\/wp\/v2\/users\/1"}],"replies":[{"embeddable":true,"href":"https:\/\/idecesos.com\/seguros\/wp-json\/wp\/v2\/comments?post=15405"}],"version-history":[{"count":8,"href":"https:\/\/idecesos.com\/seguros\/wp-json\/wp\/v2\/pages\/15405\/revisions"}],"predecessor-version":[{"id":20937,"href":"https:\/\/idecesos.com\/seguros\/wp-json\/wp\/v2\/pages\/15405\/revisions\/20937"}],"up":[{"embeddable":true,"href":"https:\/\/idecesos.com\/seguros\/wp-json\/wp\/v2\/pages\/275"}],"wp:attachment":[{"href":"https:\/\/idecesos.com\/seguros\/wp-json\/wp\/v2\/media?parent=15405"}],"curies":[{"name":"wp","href":"https:\/\/api.w.org\/{rel}","templated":true}]}}