{"id":15407,"date":"2021-11-26T09:12:48","date_gmt":"2021-11-25T10:17:33","guid":{"rendered":"https:\/\/idecesos.com\/seguros\/companias\/banco-evo\/telefono\/"},"modified":"2022-04-05T10:04:29","modified_gmt":"2022-04-05T10:04:29","slug":"telefono","status":"publish","type":"page","link":"https:\/\/idecesos.com\/seguros\/companias\/banco-evo\/telefono\/","title":{"rendered":"Atenci\u00f3n al cliente EVO: telefono gratuito, e-mail"},"content":{"rendered":"<div id=\"ez-toc-container\" class=\"ez-toc-v2_0_82_2 ez-toc-wrap-center counter-hierarchy ez-toc-counter ez-toc-custom ez-toc-container-direction\">\n<div class=\"ez-toc-title-container\">\n<p class=\"ez-toc-title\" style=\"cursor:inherit\">Tabla de Contenido<\/p>\n<span class=\"ez-toc-title-toggle\"><a href=\"#\" class=\"ez-toc-pull-right ez-toc-btn ez-toc-btn-xs ez-toc-btn-default ez-toc-toggle\" aria-label=\"Alternar tabla de contenidos\"><span class=\"ez-toc-js-icon-con\"><span class=\"\"><span class=\"eztoc-hide\" style=\"display:none;\">Toggle<\/span><span class=\"ez-toc-icon-toggle-span\"><svg style=\"fill: #db6415;color:#db6415\" xmlns=\"http:\/\/www.w3.org\/2000\/svg\" class=\"list-377408\" width=\"20px\" height=\"20px\" viewBox=\"0 0 24 24\" fill=\"none\"><path d=\"M6 6H4v2h2V6zm14 0H8v2h12V6zM4 11h2v2H4v-2zm16 0H8v2h12v-2zM4 16h2v2H4v-2zm16 0H8v2h12v-2z\" fill=\"currentColor\"><\/path><\/svg><svg style=\"fill: #db6415;color:#db6415\" class=\"arrow-unsorted-368013\" xmlns=\"http:\/\/www.w3.org\/2000\/svg\" width=\"10px\" height=\"10px\" viewBox=\"0 0 24 24\" version=\"1.2\" baseProfile=\"tiny\"><path d=\"M18.2 9.3l-6.2-6.3-6.2 6.3c-.2.2-.3.4-.3.7s.1.5.3.7c.2.2.4.3.7.3h11c.3 0 .5-.1.7-.3.2-.2.3-.5.3-.7s-.1-.5-.3-.7zM5.8 14.7l6.2 6.3 6.2-6.3c.2-.2.3-.5.3-.7s-.1-.5-.3-.7c-.2-.2-.4-.3-.7-.3h-11c-.3 0-.5.1-.7.3-.2.2-.3.5-.3.7s.1.5.3.7z\"\/><\/svg><\/span><\/span><\/span><\/a><\/span><\/div>\n<nav><ul class='ez-toc-list ez-toc-list-level-1 ' ><ul class='ez-toc-list-level-4' ><li class='ez-toc-heading-level-4'><ul class='ez-toc-list-level-4' ><li class='ez-toc-heading-level-4'><a class=\"ez-toc-link ez-toc-heading-1\" href=\"https:\/\/idecesos.com\/seguros\/companias\/banco-evo\/telefono\/#Telefono_Contrataciones_951_127_403\" >Tel\u00e9fono Contrataciones \n951 127 403<\/a><\/li><\/ul><\/li><\/ul><\/li><li class='ez-toc-page-1 ez-toc-heading-level-2'><a class=\"ez-toc-link ez-toc-heading-2\" href=\"https:\/\/idecesos.com\/seguros\/companias\/banco-evo\/telefono\/#%C2%BFComo_contactar_con_EVO\" >\u00bfC\u00f3mo contactar con EVO?<\/a><ul class='ez-toc-list-level-3' ><li class='ez-toc-heading-level-3'><a class=\"ez-toc-link ez-toc-heading-3\" href=\"https:\/\/idecesos.com\/seguros\/companias\/banco-evo\/telefono\/#Telefono_gratuito_de_EVO\" >Tel\u00e9fono gratuito de EVO<\/a><\/li><li class='ez-toc-page-1 ez-toc-heading-level-3'><a class=\"ez-toc-link ez-toc-heading-4\" href=\"https:\/\/idecesos.com\/seguros\/companias\/banco-evo\/telefono\/#Horario_de_atencion_al_cliente_de_EVO\" >Horario de atenci\u00f3n al cliente de EVO<\/a><\/li><li class='ez-toc-page-1 ez-toc-heading-level-3'><a class=\"ez-toc-link ez-toc-heading-5\" href=\"https:\/\/idecesos.com\/seguros\/companias\/banco-evo\/telefono\/#Correo_electronico_de_EVO\" >Correo electr\u00f3nico de EVO<\/a><\/li><li class='ez-toc-page-1 ez-toc-heading-level-3'><a class=\"ez-toc-link ez-toc-heading-6\" href=\"https:\/\/idecesos.com\/seguros\/companias\/banco-evo\/telefono\/#Formulario_en_el_sitio_Web_de_EVO\" >Formulario en el sitio Web de EVO<\/a><\/li><li class='ez-toc-page-1 ez-toc-heading-level-3'><a class=\"ez-toc-link ez-toc-heading-7\" href=\"https:\/\/idecesos.com\/seguros\/companias\/banco-evo\/telefono\/#Redes_sociales_de_EVO\" >Redes sociales de EVO<\/a><\/li><li class='ez-toc-page-1 ez-toc-heading-level-3'><a class=\"ez-toc-link ez-toc-heading-8\" href=\"https:\/\/idecesos.com\/seguros\/companias\/banco-evo\/telefono\/#Paginas_relacionadas\" >P\u00e1ginas relacionadas<\/a><\/li><\/ul><\/li><\/ul><\/nav><\/div>\n\n<div class=\"caja\">\n<div class=\"cajaIcono2 \"  ><div class=\"cuadro\" style=\"box-shadow: inset 0 0 0 3px #ff790e\"><div class=\"iconoCircular\" style=\"border: 3px solid #ff790e\">\t\t\n\t\t\t\t\t<div class=\"iconoCirculo\">\n\t\t\t\t\t  <i class=\"fas fa-phone-volume\"><\/i>\n\t\t\t\t\t<\/div>\n\t\t\t\t<\/div><div class=\"\">\n<h4 style=\"text-align: center;\"><span class=\"ez-toc-section\" id=\"Telefono_Contrataciones_951_127_403\"><\/span><strong>Tel\u00e9fono Contrataciones<br \/>\n951 127 403<\/strong><span class=\"ez-toc-section-end\"><\/span><\/h4>\n<p><\/div><\/div><\/div><br \/>\nEVO dispone de un abanico de opciones a fin de que pueda obtener informaci\u00f3n gratuita, simple y f\u00e1cil, accesible para todo el planeta. Si desea saber o ser informado sobre los aspectos y posibilidades que ofrece de su seguro de decesos, como por ejemplo la asistencia en viaje y\/o despu\u00e9s de la hospitalizaci\u00f3n, el costo de la urna o ata\u00fad, el camposanto escogido, y otros m\u00e1s, ser\u00e1 a trav\u00e9s del servicio de atenci\u00f3n al cliente. De este modo, todo estar\u00e1 cerrado cuando llegue el d\u00eda tan complicado del entierro de un familiar y, no va a deber intranquilizarse por nada en torno a su seguro. Adem\u00e1s, tendr\u00e1 el mayor apoyo posible en dicho proceso tan delicado.<br \/>\n<\/div><\/p>\n<div class=\"colorf \"  ><div class=\"container clearfix\"><div class=\"col-md-7\"><\/p>\n<h2><span class=\"ez-toc-section\" id=\"%C2%BFComo_contactar_con_EVO\"><\/span>\u00bfC\u00f3mo contactar con EVO?<span class=\"ez-toc-section-end\"><\/span><\/h2>\n<p>Puede ponerse en contacto de manera gratuita con EVO mediante un tel\u00e9fono de contacto, que le atender\u00e1 en el horario disponible de atenci\u00f3n al cliente, e-mail, formulario en web y redes sociales.<br \/>\n<\/div><\/div><\/div>\n<h3><span class=\"ez-toc-section\" id=\"Telefono_gratuito_de_EVO\"><\/span>Tel\u00e9fono gratuito de EVO<span class=\"ez-toc-section-end\"><\/span><\/h3>\n<p>Para poder aconsejarle y contestar a sus dudas, cuestiones, etc. sobre su seguro de decesos, es preciso tener un n\u00famero de contacto que sirva de uni\u00f3n entre el usuario y la compa\u00f1\u00eda. No sabiendo cu\u00e1nto puede durar la conversaci\u00f3n, sus dudas o bien explicaciones, es la manera m\u00e1s f\u00e1cil de sostener contacto con el profesional y, de este modo, va a tener una comunicaci\u00f3n m\u00e1s pr\u00f3xima. Por lo tanto, para poder contactar con EVO de manera r\u00e1pida, gratis y directa, sin tener la necesidad de desplazarte y sin interrumpir lo que est\u00e9 haciendo en ese momento, se ofrece el pr\u00f3ximo n\u00famero de tel\u00e9fono <b>910 900 900.<\/b><br \/>\n<div class=\"colorf\"><div class=\"container clearfix\"><div class=\"col-md-7\"><\/p>\n<div class=\"cabecera_tabla_ajustada \"  style=\"width:80%\" ><div class=\"row\"><\/div>\n<div class=\"fila_tabla4 \"  ><div class=\"row\"><div class=\"col-8 nosepara izq\"><p><strong>Tel\u00e9fono para contrataciones<\/strong><\/p><\/div><div class=\"col-4 nosepara centro\">951 127 403<\/div><\/div><\/div>\n<div class=\"pie_tabla \"  ><div class=\"row\"><div class=\"col-12 \"><\/div><\/div><\/div><\/div>\n<\/div><\/div><\/div>\n<h3><span class=\"ez-toc-section\" id=\"Horario_de_atencion_al_cliente_de_EVO\"><\/span>Horario de atenci\u00f3n al cliente de EVO<span class=\"ez-toc-section-end\"><\/span><\/h3>\n<p>La compa\u00f1\u00eda al no ser siendo consciente del tiempo libre que dispone cada persona para poder realizar la llamada telef\u00f3nica o bien ponerse en contacto, ofrece un horario concreto y concreto, tanto de ma\u00f1ana como de tarde, a fin de que puedan tener flexibilidad a la hora de comunicarse con la empresa. La persona que coja su llamada le va a pasar con un agente experto en el tema para que pueda solucionar todas sus dudas y problemas sobre su seguro de decesos. Merced a este servicio van a quedar resueltas todas sus dudas.<br \/>\n<div class=\"colorf\"><div class=\"container clearfix\"><div class=\"col-md-7\"><\/p>\n<h3><span class=\"ez-toc-section\" id=\"Correo_electronico_de_EVO\"><\/span>Correo electr\u00f3nico de EVO<span class=\"ez-toc-section-end\"><\/span><\/h3>\n<p>Internet ha creado una nueva era y, es por esta raz\u00f3n que, para poder enviar o percibir informaci\u00f3n lo m\u00e1s veloz posible, se hace mediante plataformas como Gmail y Hotmail. Poder comunicarse con los especialistas y que est\u00e9n disponibles es fundamental, por lo que EVO ofrece el siguiente correo para que esto ocurra: <strong>contactoevo@evobanco.com<\/strong>. En cada palabra que reciba del especialista, va a poder ver la profesionalidad y experiencia que tienen, aparte de mostrarle respeto en todo instante hacia sus inquietudes respecto al seguro de decesos.<br \/>\n<\/div><\/div><\/div><\/p>\n<h3><span class=\"ez-toc-section\" id=\"Formulario_en_el_sitio_Web_de_EVO\"><\/span>Formulario en el sitio Web de EVO<span class=\"ez-toc-section-end\"><\/span><\/h3>\n<p>La plataforma m\u00e1s codiciada, hoy, son los motores de b\u00fasqueda de Internet y la poblaci\u00f3n tiene f\u00e1cil acceso a ellos. Escribiendo sobre tal buscador, descubrir\u00e1 un mundo lleno de contestaciones. EVO, por medio de su p\u00e1gina, le notificar\u00e1 de manera gratuita, sobre diferentes cuestiones en torno a su seguro de decesos: recomendaciones, ventajas\u2026As\u00ed, conseguir\u00e1 la documentaci\u00f3n precisa para su asesoramiento el ma\u00f1ana. Conseguir\u00e1, de car\u00e1cter general, informaci\u00f3n sobre el tema y, en torno a sus caracter\u00edsticas, se le amoldar\u00e1n unas garant\u00edas u otras. La web es la pr\u00f3xima <strong>www.evobanco.com\/<\/strong>.<br \/>\n<div class=\"colorf\"><div class=\"container clearfix\"><div class=\"col-md-7\"><\/p>\n<h3><span class=\"ez-toc-section\" id=\"Redes_sociales_de_EVO\"><\/span>Redes sociales de EVO<span class=\"ez-toc-section-end\"><\/span><\/h3>\n<p>Redes sociales como Twitter, Instagram y Facebook propagan sus contenidos a miles de personas a diario, por lo que son de suma importancia. Al estar al corriente del gran impacto que tienen, EVO dispone de un perfil en estas plataformas. Para poder tener acceso, va a deber teclear EVO en las aplicaciones. Informaci\u00f3n esencial sobre su seguro de decesos como peculiaridades, ofertas o link a p\u00e1gina es lo que hallar\u00e1 en el perfil de EVO. Tambi\u00e9n tendr\u00e1 la posibilidad de contactar con los profesionales por medio de este m\u00e9todo.<br \/>\n<\/div><\/div><\/div><\/p>\n<\/div>\n<p><div class=\"oficinas\"> <h3><span class=\"ez-toc-section\" id=\"Paginas_relacionadas\"><\/span>P\u00e1ginas relacionadas<span class=\"ez-toc-section-end\"><\/span><\/h3><div class=\"enlazado\"><ul> <li><a href=\"https:\/\/idecesos.com\/seguros\/companias\/banco-evo\/opiniones\/\">Opiniones EVO<\/a><\/li> <li><a href=\"https:\/\/idecesos.com\/seguros\/companias\/banco-evo\/precio\/\">Precio seguro EVO<\/a><\/li> <li><a href=\"https:\/\/idecesos.com\/seguros\/companias\/banco-evo\/prima-mixta\/\">EVO Prima Mixta<\/a><\/li> <li><a href=\"https:\/\/idecesos.com\/seguros\/companias\/banco-evo\/prima-natural\/\">EVO Prima Natural<\/a><\/li> <li><a href=\"https:\/\/idecesos.com\/seguros\/companias\/banco-evo\/prima-nivelada\/\">EVO Prima Nivelada<\/a><\/li> <li><a href=\"https:\/\/idecesos.com\/seguros\/companias\/banco-evo\/prima-unica\/\">EVO Prima \u00danica<\/a><\/li> <li><a href=\"https:\/\/idecesos.com\/seguros\/companias\/banco-evo\/repatriacion\/\">EVO Repatriaci\u00f3n<\/a><\/li> <li><a href=\"https:\/\/idecesos.com\/seguros\/companias\/banco-evo\/telefono\/\">Tel\u00e9fono Gratuito EVO<\/a><\/li><\/ul><\/div> <\/div><\/p>\n","protected":false},"excerpt":{"rendered":"<p>EVO dispone de un abanico de opciones a fin de que pueda obtener informaci\u00f3n gratuita, simple y f\u00e1cil, accesible para todo el planeta. Si desea saber o ser informado sobre los aspectos y posibilidades que ofrece de su seguro de decesos, como por ejemplo la asistencia en viaje y\/o despu\u00e9s de la hospitalizaci\u00f3n, el costo&hellip; <\/p>\n","protected":false},"author":1,"featured_media":0,"parent":288,"menu_order":0,"comment_status":"closed","ping_status":"closed","template":"single.php","meta":{"footnotes":""},"class_list":["post-15407","page","type-page","status-publish","hentry"],"yoast_head":"<!-- This site is optimized with the Yoast SEO plugin v27.3 - https:\/\/yoast.com\/product\/yoast-seo-wordpress\/ -->\n<title>Tel\u00e9fono Gratuito EVO \u25b7Atenci\u00f3n Cliente, Email, RRSS, Web<\/title>\n<meta name=\"description\" content=\"Busca aqu\u00ed\u3010EVO seguros tel\u00e9fono gratuito\u3011EVO Decesos tel\u00e9fono gratis: atenci\u00f3n al cliente y contrataciones \u2611\ufe0fVerificado en 2026\" \/>\n<meta name=\"robots\" content=\"index, follow, max-snippet:-1, max-image-preview:large, max-video-preview:-1\" \/>\n<link rel=\"canonical\" href=\"https:\/\/idecesos.com\/seguros\/companias\/banco-evo\/telefono\/\" \/>\n<meta property=\"og:locale\" content=\"es_ES\" \/>\n<meta property=\"og:type\" content=\"article\" \/>\n<meta property=\"og:title\" content=\"Tel\u00e9fono Gratuito EVO \u25b7Atenci\u00f3n Cliente, Email, RRSS, Web\" \/>\n<meta property=\"og:description\" content=\"Busca aqu\u00ed\u3010EVO seguros tel\u00e9fono gratuito\u3011EVO Decesos tel\u00e9fono gratis: atenci\u00f3n al cliente y contrataciones \u2611\ufe0fVerificado en 2026\" \/>\n<meta property=\"og:url\" content=\"https:\/\/idecesos.com\/seguros\/companias\/banco-evo\/telefono\/\" \/>\n<meta property=\"article:modified_time\" content=\"2022-04-05T10:04:29+00:00\" \/>\n<meta name=\"twitter:card\" content=\"summary_large_image\" \/>\n<meta name=\"twitter:label1\" content=\"Tiempo de lectura\" \/>\n\t<meta name=\"twitter:data1\" content=\"4 minutos\" \/>\n<script type=\"application\/ld+json\" class=\"yoast-schema-graph\">{\"@context\":\"https:\\\/\\\/schema.org\",\"@graph\":[{\"@type\":\"WebPage\",\"@id\":\"https:\\\/\\\/idecesos.com\\\/seguros\\\/companias\\\/banco-evo\\\/telefono\\\/\",\"url\":\"https:\\\/\\\/idecesos.com\\\/seguros\\\/companias\\\/banco-evo\\\/telefono\\\/\",\"name\":\"Tel\u00e9fono Gratuito EVO \u25b7Atenci\u00f3n Cliente, Email, RRSS, Web\",\"isPartOf\":{\"@id\":\"https:\\\/\\\/idecesos.com\\\/seguros\\\/#website\"},\"datePublished\":\"2021-11-25T10:17:33+00:00\",\"dateModified\":\"2022-04-05T10:04:29+00:00\",\"description\":\"Busca aqu\u00ed\u3010EVO seguros tel\u00e9fono gratuito\u3011EVO Decesos tel\u00e9fono gratis: atenci\u00f3n al cliente y contrataciones \u2611\ufe0fVerificado en 2026\",\"breadcrumb\":{\"@id\":\"https:\\\/\\\/idecesos.com\\\/seguros\\\/companias\\\/banco-evo\\\/telefono\\\/#breadcrumb\"},\"inLanguage\":\"es\",\"potentialAction\":[{\"@type\":\"ReadAction\",\"target\":[\"https:\\\/\\\/idecesos.com\\\/seguros\\\/companias\\\/banco-evo\\\/telefono\\\/\"]}]},{\"@type\":\"BreadcrumbList\",\"@id\":\"https:\\\/\\\/idecesos.com\\\/seguros\\\/companias\\\/banco-evo\\\/telefono\\\/#breadcrumb\",\"itemListElement\":[{\"@type\":\"ListItem\",\"position\":1,\"name\":\"Portada\",\"item\":\"https:\\\/\\\/idecesos.com\\\/seguros\\\/\"},{\"@type\":\"ListItem\",\"position\":2,\"name\":\"Compa\u00f1\u00edas de Seguros de Decesos en Espa\u00f1a\",\"item\":\"https:\\\/\\\/idecesos.com\\\/seguros\\\/companias\\\/\"},{\"@type\":\"ListItem\",\"position\":3,\"name\":\"Seguro de decesos EVO\",\"item\":\"https:\\\/\\\/idecesos.com\\\/seguros\\\/companias\\\/banco-evo\\\/\"},{\"@type\":\"ListItem\",\"position\":4,\"name\":\"Atenci\u00f3n al cliente EVO: telefono gratuito, e-mail\"}]},{\"@type\":\"WebSite\",\"@id\":\"https:\\\/\\\/idecesos.com\\\/seguros\\\/#website\",\"url\":\"https:\\\/\\\/idecesos.com\\\/seguros\\\/\",\"name\":\"\",\"description\":\"\",\"potentialAction\":[{\"@type\":\"SearchAction\",\"target\":{\"@type\":\"EntryPoint\",\"urlTemplate\":\"https:\\\/\\\/idecesos.com\\\/seguros\\\/?s={search_term_string}\"},\"query-input\":{\"@type\":\"PropertyValueSpecification\",\"valueRequired\":true,\"valueName\":\"search_term_string\"}}],\"inLanguage\":\"es\"}]}<\/script>\n<!-- \/ Yoast SEO plugin. -->","yoast_head_json":{"title":"Tel\u00e9fono Gratuito EVO \u25b7Atenci\u00f3n Cliente, Email, RRSS, Web","description":"Busca aqu\u00ed\u3010EVO seguros tel\u00e9fono gratuito\u3011EVO Decesos tel\u00e9fono gratis: atenci\u00f3n al cliente y contrataciones \u2611\ufe0fVerificado en 2026","robots":{"index":"index","follow":"follow","max-snippet":"max-snippet:-1","max-image-preview":"max-image-preview:large","max-video-preview":"max-video-preview:-1"},"canonical":"https:\/\/idecesos.com\/seguros\/companias\/banco-evo\/telefono\/","og_locale":"es_ES","og_type":"article","og_title":"Tel\u00e9fono Gratuito EVO \u25b7Atenci\u00f3n Cliente, Email, RRSS, Web","og_description":"Busca aqu\u00ed\u3010EVO seguros tel\u00e9fono gratuito\u3011EVO Decesos tel\u00e9fono gratis: atenci\u00f3n al cliente y contrataciones \u2611\ufe0fVerificado en 2026","og_url":"https:\/\/idecesos.com\/seguros\/companias\/banco-evo\/telefono\/","article_modified_time":"2022-04-05T10:04:29+00:00","twitter_card":"summary_large_image","twitter_misc":{"Tiempo de lectura":"4 minutos"},"schema":{"@context":"https:\/\/schema.org","@graph":[{"@type":"WebPage","@id":"https:\/\/idecesos.com\/seguros\/companias\/banco-evo\/telefono\/","url":"https:\/\/idecesos.com\/seguros\/companias\/banco-evo\/telefono\/","name":"Tel\u00e9fono Gratuito EVO \u25b7Atenci\u00f3n Cliente, Email, RRSS, Web","isPartOf":{"@id":"https:\/\/idecesos.com\/seguros\/#website"},"datePublished":"2021-11-25T10:17:33+00:00","dateModified":"2022-04-05T10:04:29+00:00","description":"Busca aqu\u00ed\u3010EVO seguros tel\u00e9fono gratuito\u3011EVO Decesos tel\u00e9fono gratis: atenci\u00f3n al cliente y contrataciones \u2611\ufe0fVerificado en 2026","breadcrumb":{"@id":"https:\/\/idecesos.com\/seguros\/companias\/banco-evo\/telefono\/#breadcrumb"},"inLanguage":"es","potentialAction":[{"@type":"ReadAction","target":["https:\/\/idecesos.com\/seguros\/companias\/banco-evo\/telefono\/"]}]},{"@type":"BreadcrumbList","@id":"https:\/\/idecesos.com\/seguros\/companias\/banco-evo\/telefono\/#breadcrumb","itemListElement":[{"@type":"ListItem","position":1,"name":"Portada","item":"https:\/\/idecesos.com\/seguros\/"},{"@type":"ListItem","position":2,"name":"Compa\u00f1\u00edas de Seguros de Decesos en Espa\u00f1a","item":"https:\/\/idecesos.com\/seguros\/companias\/"},{"@type":"ListItem","position":3,"name":"Seguro de decesos EVO","item":"https:\/\/idecesos.com\/seguros\/companias\/banco-evo\/"},{"@type":"ListItem","position":4,"name":"Atenci\u00f3n al cliente EVO: telefono gratuito, e-mail"}]},{"@type":"WebSite","@id":"https:\/\/idecesos.com\/seguros\/#website","url":"https:\/\/idecesos.com\/seguros\/","name":"","description":"","potentialAction":[{"@type":"SearchAction","target":{"@type":"EntryPoint","urlTemplate":"https:\/\/idecesos.com\/seguros\/?s={search_term_string}"},"query-input":{"@type":"PropertyValueSpecification","valueRequired":true,"valueName":"search_term_string"}}],"inLanguage":"es"}]}},"_links":{"self":[{"href":"https:\/\/idecesos.com\/seguros\/wp-json\/wp\/v2\/pages\/15407","targetHints":{"allow":["GET"]}}],"collection":[{"href":"https:\/\/idecesos.com\/seguros\/wp-json\/wp\/v2\/pages"}],"about":[{"href":"https:\/\/idecesos.com\/seguros\/wp-json\/wp\/v2\/types\/page"}],"author":[{"embeddable":true,"href":"https:\/\/idecesos.com\/seguros\/wp-json\/wp\/v2\/users\/1"}],"replies":[{"embeddable":true,"href":"https:\/\/idecesos.com\/seguros\/wp-json\/wp\/v2\/comments?post=15407"}],"version-history":[{"count":8,"href":"https:\/\/idecesos.com\/seguros\/wp-json\/wp\/v2\/pages\/15407\/revisions"}],"predecessor-version":[{"id":20980,"href":"https:\/\/idecesos.com\/seguros\/wp-json\/wp\/v2\/pages\/15407\/revisions\/20980"}],"up":[{"embeddable":true,"href":"https:\/\/idecesos.com\/seguros\/wp-json\/wp\/v2\/pages\/288"}],"wp:attachment":[{"href":"https:\/\/idecesos.com\/seguros\/wp-json\/wp\/v2\/media?parent=15407"}],"curies":[{"name":"wp","href":"https:\/\/api.w.org\/{rel}","templated":true}]}}