{"id":15408,"date":"2021-11-26T09:12:49","date_gmt":"2021-11-25T10:17:33","guid":{"rendered":"https:\/\/idecesos.com\/seguros\/companias\/divina-pastora\/telefono\/"},"modified":"2022-04-05T10:01:49","modified_gmt":"2022-04-05T10:01:49","slug":"telefono","status":"publish","type":"page","link":"https:\/\/idecesos.com\/seguros\/companias\/divina-pastora\/telefono\/","title":{"rendered":"Atenci\u00f3n al cliente Divina Pastora: telefono gratuito, e-mail"},"content":{"rendered":"<div id=\"ez-toc-container\" class=\"ez-toc-v2_0_82_2 ez-toc-wrap-center counter-hierarchy ez-toc-counter ez-toc-custom ez-toc-container-direction\">\n<div class=\"ez-toc-title-container\">\n<p class=\"ez-toc-title\" style=\"cursor:inherit\">Tabla de Contenido<\/p>\n<span class=\"ez-toc-title-toggle\"><a href=\"#\" class=\"ez-toc-pull-right ez-toc-btn ez-toc-btn-xs ez-toc-btn-default ez-toc-toggle\" aria-label=\"Alternar tabla de contenidos\"><span class=\"ez-toc-js-icon-con\"><span class=\"\"><span class=\"eztoc-hide\" style=\"display:none;\">Toggle<\/span><span class=\"ez-toc-icon-toggle-span\"><svg style=\"fill: #db6415;color:#db6415\" xmlns=\"http:\/\/www.w3.org\/2000\/svg\" class=\"list-377408\" width=\"20px\" height=\"20px\" viewBox=\"0 0 24 24\" fill=\"none\"><path d=\"M6 6H4v2h2V6zm14 0H8v2h12V6zM4 11h2v2H4v-2zm16 0H8v2h12v-2zM4 16h2v2H4v-2zm16 0H8v2h12v-2z\" fill=\"currentColor\"><\/path><\/svg><svg style=\"fill: #db6415;color:#db6415\" class=\"arrow-unsorted-368013\" xmlns=\"http:\/\/www.w3.org\/2000\/svg\" width=\"10px\" height=\"10px\" viewBox=\"0 0 24 24\" version=\"1.2\" baseProfile=\"tiny\"><path d=\"M18.2 9.3l-6.2-6.3-6.2 6.3c-.2.2-.3.4-.3.7s.1.5.3.7c.2.2.4.3.7.3h11c.3 0 .5-.1.7-.3.2-.2.3-.5.3-.7s-.1-.5-.3-.7zM5.8 14.7l6.2 6.3 6.2-6.3c.2-.2.3-.5.3-.7s-.1-.5-.3-.7c-.2-.2-.4-.3-.7-.3h-11c-.3 0-.5.1-.7.3-.2.2-.3.5-.3.7s.1.5.3.7z\"\/><\/svg><\/span><\/span><\/span><\/a><\/span><\/div>\n<nav><ul class='ez-toc-list ez-toc-list-level-1 ' ><ul class='ez-toc-list-level-4' ><li class='ez-toc-heading-level-4'><ul class='ez-toc-list-level-4' ><li class='ez-toc-heading-level-4'><a class=\"ez-toc-link ez-toc-heading-1\" href=\"https:\/\/idecesos.com\/seguros\/companias\/divina-pastora\/telefono\/#Telefono_Contrataciones_951_127_403\" >Tel\u00e9fono Contrataciones \n951 127 403<\/a><\/li><\/ul><\/li><\/ul><\/li><li class='ez-toc-page-1 ez-toc-heading-level-2'><a class=\"ez-toc-link ez-toc-heading-2\" href=\"https:\/\/idecesos.com\/seguros\/companias\/divina-pastora\/telefono\/#%C2%BFComo_contactar_con_Divina_Pastora\" >\u00bfC\u00f3mo contactar con Divina Pastora?<\/a><ul class='ez-toc-list-level-3' ><li class='ez-toc-heading-level-3'><a class=\"ez-toc-link ez-toc-heading-3\" href=\"https:\/\/idecesos.com\/seguros\/companias\/divina-pastora\/telefono\/#Telefono_gratuito_de_Divina_Pastora\" >Tel\u00e9fono gratuito de Divina Pastora<\/a><\/li><li class='ez-toc-page-1 ez-toc-heading-level-3'><a class=\"ez-toc-link ez-toc-heading-4\" href=\"https:\/\/idecesos.com\/seguros\/companias\/divina-pastora\/telefono\/#Horario_de_atencion_al_cliente_de_Divina_Pastora\" >Horario de atenci\u00f3n al cliente de Divina Pastora<\/a><\/li><li class='ez-toc-page-1 ez-toc-heading-level-3'><a class=\"ez-toc-link ez-toc-heading-5\" href=\"https:\/\/idecesos.com\/seguros\/companias\/divina-pastora\/telefono\/#Correo_electronico_de_Divina_Pastora\" >Correo electr\u00f3nico de Divina Pastora<\/a><\/li><li class='ez-toc-page-1 ez-toc-heading-level-3'><a class=\"ez-toc-link ez-toc-heading-6\" href=\"https:\/\/idecesos.com\/seguros\/companias\/divina-pastora\/telefono\/#Formulario_en_el_sitio_Web_de_Divina_Pastora\" >Formulario en el sitio Web de Divina Pastora<\/a><\/li><li class='ez-toc-page-1 ez-toc-heading-level-3'><a class=\"ez-toc-link ez-toc-heading-7\" href=\"https:\/\/idecesos.com\/seguros\/companias\/divina-pastora\/telefono\/#Redes_sociales_de_Divina_Pastora\" >Redes sociales de Divina Pastora<\/a><\/li><li class='ez-toc-page-1 ez-toc-heading-level-3'><a class=\"ez-toc-link ez-toc-heading-8\" href=\"https:\/\/idecesos.com\/seguros\/companias\/divina-pastora\/telefono\/#Paginas_relacionadas\" >P\u00e1ginas relacionadas<\/a><\/li><\/ul><\/li><\/ul><\/nav><\/div>\n\n<div class=\"caja\">\n<div class=\"cajaIcono2 \"  ><div class=\"cuadro\" style=\"box-shadow: inset 0 0 0 3px #ff790e\"><div class=\"iconoCircular\" style=\"border: 3px solid #ff790e\">\t\t\n\t\t\t\t\t<div class=\"iconoCirculo\">\n\t\t\t\t\t  <i class=\"fas fa-phone-volume\"><\/i>\n\t\t\t\t\t<\/div>\n\t\t\t\t<\/div><div class=\"\">\n<h4 style=\"text-align: center;\"><span class=\"ez-toc-section\" id=\"Telefono_Contrataciones_951_127_403\"><\/span><strong>Tel\u00e9fono Contrataciones<br \/>\n951 127 403<\/strong><span class=\"ez-toc-section-end\"><\/span><\/h4>\n<p><\/div><\/div><\/div><br \/>\nLa atenci\u00f3n veinticuatro horas de Divina Pastora los trescientos sesenta y cinco d\u00edas del a\u00f1o hacen que todos tus inconvenientes se solucionen en minutos. Un agente experto en su seguro de decesos le atender\u00e1 y pondr\u00e1 en marcha todos los tr\u00e1mites necesarios para su tranquilidad: elecci\u00f3n del cementerio donde el asegurado quiera ser inhumado, gesti\u00f3n de la tramitaci\u00f3n funeraria, la corona que quiera escoger, los gastos en ata\u00fad y sanitarios, atenci\u00f3n psicol\u00f3gica para la familia y otros muchos servicios de la mano de los mejores profesionales. Divina Pastora simpatiza con los familiares cuando llegue el d\u00eda tan duro como es la p\u00e9rdida de un familiar y, es por este motivo que, todo estar\u00e1 gestionado y cerrado adecuadamente para esas fechas. Sus especialistas tratar\u00e1n su situaci\u00f3n con toda la profesionalidad y delicadeza que merecen.<br \/>\n<\/div><\/p>\n<div class=\"colorf \"  ><div class=\"container clearfix\"><div class=\"col-md-7\"><\/p>\n<h2><span class=\"ez-toc-section\" id=\"%C2%BFComo_contactar_con_Divina_Pastora\"><\/span>\u00bfC\u00f3mo contactar con Divina Pastora?<span class=\"ez-toc-section-end\"><\/span><\/h2>\n<p>Para que Divina Pastora pueda contactar con , le recordamos que tiene a su predisposici\u00f3n un n\u00famero de tel\u00e9fono gratis disponible las 24 horas del d\u00eda, un e-mail, el formulario que puede rellenar en su p\u00e1gina web y sus diferentes perfiles en las redes sociales.<br \/>\n<\/div><\/div><\/div>\n<h3><span class=\"ez-toc-section\" id=\"Telefono_gratuito_de_Divina_Pastora\"><\/span>Tel\u00e9fono gratuito de Divina Pastora<span class=\"ez-toc-section-end\"><\/span><\/h3>\n<p>El siguiente n\u00famero gratuito <strong>963 11 33 40<\/strong>, est\u00e1 a su disposici\u00f3n a fin de que pueda mantener un buen di\u00e1logo con la compa\u00f1\u00eda. Con el simple hecho de efectuar una llamada, conseguir\u00e1 todas las respuestas que necesite sobre su seguro de decesos y las peculiaridades que requieren sus necesidades. La llamada que realice a la compa\u00f1\u00eda va a ser totalmente gratis, siendo indiferente el tiempo que transcurra. Es uno de los m\u00e9todos m\u00e1s sencillos y ventajosos, debido a la fluidez que se produce en el contacto directo con el especialista sin tener la necesidad de mucha planificaci\u00f3n.<br \/>\n<div class=\"colorf\"><div class=\"container clearfix\"><div class=\"col-md-7\"><\/p>\n<div class=\"cabecera_tabla_ajustada \"  style=\"width:80%\" ><div class=\"row\"><\/div>\n<div class=\"fila_tabla4 \"  ><div class=\"row\"><div class=\"col-8 nosepara izq\"><p><strong>Tel\u00e9fono para contrataciones<\/strong><\/p><\/div><div class=\"col-4 nosepara centro\">951 127 403<\/div><\/div><\/div>\n<div class=\"pie_tabla \"  ><div class=\"row\"><div class=\"col-12 \"><\/div><\/div><\/div><\/div>\n<\/div><\/div><\/div>\n<h3><span class=\"ez-toc-section\" id=\"Horario_de_atencion_al_cliente_de_Divina_Pastora\"><\/span>Horario de atenci\u00f3n al cliente de Divina Pastora<span class=\"ez-toc-section-end\"><\/span><\/h3>\n<p>La compa\u00f1\u00eda no es siendo consciente de la disponibilidad horaria de cada persona, en consecuencia, ha creado un horario concreto (ma\u00f1ana y tarde) para que pueda ponerse en contacto toda vez que lo desee. Se le atender\u00e1 con la mayor sabidur\u00eda, confianza y experiencia posible a fin de que el usuario quede satisfecho. De este modo ser\u00e1 m\u00e1s simple establecer conexi\u00f3n directa con la compa\u00f1\u00eda. Va a poder resolver las diferentes dudas que le surjan sobre su posible o bien deseado seguro de decesos en exactamente el mismo instante, sosteniendo una charla fluida con el experto. El horario libre es: <strong>horario Divina Pastora<\/strong><br \/>\n<div class=\"colorf\"><div class=\"container clearfix\"><div class=\"col-md-7\"><\/p>\n<h3><span class=\"ez-toc-section\" id=\"Correo_electronico_de_Divina_Pastora\"><\/span>Correo electr\u00f3nico de Divina Pastora<span class=\"ez-toc-section-end\"><\/span><\/h3>\n<p>Internet ha creado una nueva era y, es por este motivo que, para poder enviar o recibir informaci\u00f3n lo m\u00e1s veloz posible, se hace a trav\u00e9s de plataformas como Gmail y Hotmail. Por tanto, Divina Pastora ha creado la pr\u00f3xima direcci\u00f3n de mail <strong>atencion.clientes@divinapastora.com<\/strong>\u00a0para que pueda establecer una buena conexi\u00f3n con los profesionales que estar\u00e1n a su predisposici\u00f3n. Se le responder\u00e1 lo m\u00e1s veloz posible, reflejando en todas y cada una de sus palabras, la profesionalidad, experiencia y respeto hacia sus inquietudes sobre cualquier factor acerca de su seguro de decesos.<br \/>\n<\/div><\/div><\/div><\/p>\n<h3><span class=\"ez-toc-section\" id=\"Formulario_en_el_sitio_Web_de_Divina_Pastora\"><\/span>Formulario en el sitio Web de Divina Pastora<span class=\"ez-toc-section-end\"><\/span><\/h3>\n<p>Hoy en d\u00eda, internet es el primer buscador de informaci\u00f3n a nivel del mundo. Esto es debido al alcance que tienen y, por ser la mayor plataforma digital que existe, completamente gratuita y disponible para todo el planeta. Tecleando el nombre de Divina Pastora vas a poder hallar todo cuanto quieras saber sobre su seguro de decesos en su p\u00e1gina web <strong>divinaseguros.com\/<\/strong>. La informaci\u00f3n que hallar\u00e1s en su web te ser\u00e1 \u00fatil para informarte sobre los servicios que ofrecen, costes, ventajas y considerablemente m\u00e1s, para que de esta manera tengas una idea clara de sus servicios. En la p\u00e1gina web de Divina Pastora hallar\u00e1s un formulario que vas a deber rellenar con sus datos apartados como nombre y apellidos, correo, n\u00famero de tel\u00e9fono&#8230; a fin de que el agente experto en el tema pueda solventar sus preguntas y cuestiones lo m\u00e1s r\u00e1pido posible.<br \/>\n<div class=\"colorf\"><div class=\"container clearfix\"><div class=\"col-md-7\"><\/p>\n<h3><span class=\"ez-toc-section\" id=\"Redes_sociales_de_Divina_Pastora\"><\/span>Redes sociales de Divina Pastora<span class=\"ez-toc-section-end\"><\/span><\/h3>\n<p>Las redes sociales al lado de internet han globalizado el planeta. Es por esto que son usadas como herramientas para difundir notific\u00f3 y lograr a miles y miles de personas. Es muy normal que cada persona est\u00e9 registrado en alguna de estas aplicaciones si no es en las 4. Divina Pastora tiene una cuenta propia en alguna de estas redes sociales. Divina Pastora comparte en sus redes sociales ofertas, im\u00e1genes, v\u00eddeos, enlaces y mucho m\u00e1s a sus clientes del servicio que pueden disfrutar de ello con gran facilidad. Adem\u00e1s, mediante ellas puedes ponerte en contacto con Divina Pastora sin la necesidad de llamar por tel\u00e9fono, rellenar un formulario o enviar un mail.<br \/>\n<\/div><\/div><\/div><\/p>\n<\/div>\n<p><div class=\"oficinas\"> <h3><span class=\"ez-toc-section\" id=\"Paginas_relacionadas\"><\/span>P\u00e1ginas relacionadas<span class=\"ez-toc-section-end\"><\/span><\/h3><div class=\"enlazado\"><ul> <li><a href=\"https:\/\/idecesos.com\/seguros\/companias\/divina-pastora\/coberturas\/\">Coberturas Seguro de Decesos Divina Pastora<\/a><\/li> <li><a href=\"https:\/\/idecesos.com\/seguros\/companias\/divina-pastora\/opiniones\/\">Opiniones Divina Pastora<\/a><\/li> <li><a href=\"https:\/\/idecesos.com\/seguros\/companias\/divina-pastora\/precio\/\">Precio seguro Divina Pastora<\/a><\/li> <li><a href=\"https:\/\/idecesos.com\/seguros\/companias\/divina-pastora\/prima-mixta\/\">Divina Pastora Prima Mixta<\/a><\/li> <li><a href=\"https:\/\/idecesos.com\/seguros\/companias\/divina-pastora\/prima-natural\/\">Divina Pastora Prima Natural<\/a><\/li> <li><a href=\"https:\/\/idecesos.com\/seguros\/companias\/divina-pastora\/prima-nivelada\/\">Divina Pastora Prima Nivelada<\/a><\/li> <li><a href=\"https:\/\/idecesos.com\/seguros\/companias\/divina-pastora\/prima-unica\/\">Divina Pastora Prima \u00danica<\/a><\/li> <li><a href=\"https:\/\/idecesos.com\/seguros\/companias\/divina-pastora\/repatriacion\/\">Divina Pastora Repatriaci\u00f3n<\/a><\/li> <li><a href=\"https:\/\/idecesos.com\/seguros\/companias\/divina-pastora\/telefono\/\">Tel\u00e9fono Gratuito Divina Pastora<\/a><\/li><\/ul><\/div> <\/div><\/p>\n","protected":false},"excerpt":{"rendered":"<p>La atenci\u00f3n veinticuatro horas de Divina Pastora los trescientos sesenta y cinco d\u00edas del a\u00f1o hacen que todos tus inconvenientes se solucionen en minutos. Un agente experto en su seguro de decesos le atender\u00e1 y pondr\u00e1 en marcha todos los tr\u00e1mites necesarios para su tranquilidad: elecci\u00f3n del cementerio donde el asegurado quiera ser inhumado, gesti\u00f3n&hellip; <\/p>\n","protected":false},"author":1,"featured_media":0,"parent":304,"menu_order":0,"comment_status":"closed","ping_status":"closed","template":"single.php","meta":{"footnotes":""},"class_list":["post-15408","page","type-page","status-publish","hentry"],"yoast_head":"<!-- This site is optimized with the Yoast SEO plugin v27.3 - https:\/\/yoast.com\/product\/yoast-seo-wordpress\/ -->\n<title>Tel\u00e9fono Gratuito Divina Pastora \u25b7Atenci\u00f3n Cliente, Email, RRSS, Web<\/title>\n<meta name=\"description\" content=\"Busca aqu\u00ed\u3010Divina Pastora seguros tel\u00e9fono gratuito\u3011Divina Pastora Decesos tel\u00e9fono gratis: atenci\u00f3n al cliente y contrataciones \u2611\ufe0fVerificado en 2026\" \/>\n<meta name=\"robots\" content=\"index, follow, max-snippet:-1, max-image-preview:large, max-video-preview:-1\" \/>\n<link rel=\"canonical\" href=\"https:\/\/idecesos.com\/seguros\/companias\/divina-pastora\/telefono\/\" \/>\n<meta property=\"og:locale\" content=\"es_ES\" \/>\n<meta property=\"og:type\" content=\"article\" \/>\n<meta property=\"og:title\" content=\"Tel\u00e9fono Gratuito Divina Pastora \u25b7Atenci\u00f3n Cliente, Email, RRSS, Web\" \/>\n<meta property=\"og:description\" content=\"Busca aqu\u00ed\u3010Divina Pastora seguros tel\u00e9fono gratuito\u3011Divina Pastora Decesos tel\u00e9fono gratis: atenci\u00f3n al cliente y contrataciones \u2611\ufe0fVerificado en 2026\" \/>\n<meta property=\"og:url\" content=\"https:\/\/idecesos.com\/seguros\/companias\/divina-pastora\/telefono\/\" \/>\n<meta property=\"article:modified_time\" content=\"2022-04-05T10:01:49+00:00\" \/>\n<meta name=\"twitter:card\" content=\"summary_large_image\" \/>\n<meta name=\"twitter:label1\" content=\"Tiempo de lectura\" \/>\n\t<meta name=\"twitter:data1\" content=\"4 minutos\" \/>\n<script type=\"application\/ld+json\" class=\"yoast-schema-graph\">{\"@context\":\"https:\\\/\\\/schema.org\",\"@graph\":[{\"@type\":\"WebPage\",\"@id\":\"https:\\\/\\\/idecesos.com\\\/seguros\\\/companias\\\/divina-pastora\\\/telefono\\\/\",\"url\":\"https:\\\/\\\/idecesos.com\\\/seguros\\\/companias\\\/divina-pastora\\\/telefono\\\/\",\"name\":\"Tel\u00e9fono Gratuito Divina Pastora \u25b7Atenci\u00f3n Cliente, Email, RRSS, Web\",\"isPartOf\":{\"@id\":\"https:\\\/\\\/idecesos.com\\\/seguros\\\/#website\"},\"datePublished\":\"2021-11-25T10:17:33+00:00\",\"dateModified\":\"2022-04-05T10:01:49+00:00\",\"description\":\"Busca aqu\u00ed\u3010Divina Pastora seguros tel\u00e9fono gratuito\u3011Divina Pastora Decesos tel\u00e9fono gratis: atenci\u00f3n al cliente y contrataciones \u2611\ufe0fVerificado en 2026\",\"breadcrumb\":{\"@id\":\"https:\\\/\\\/idecesos.com\\\/seguros\\\/companias\\\/divina-pastora\\\/telefono\\\/#breadcrumb\"},\"inLanguage\":\"es\",\"potentialAction\":[{\"@type\":\"ReadAction\",\"target\":[\"https:\\\/\\\/idecesos.com\\\/seguros\\\/companias\\\/divina-pastora\\\/telefono\\\/\"]}]},{\"@type\":\"BreadcrumbList\",\"@id\":\"https:\\\/\\\/idecesos.com\\\/seguros\\\/companias\\\/divina-pastora\\\/telefono\\\/#breadcrumb\",\"itemListElement\":[{\"@type\":\"ListItem\",\"position\":1,\"name\":\"Portada\",\"item\":\"https:\\\/\\\/idecesos.com\\\/seguros\\\/\"},{\"@type\":\"ListItem\",\"position\":2,\"name\":\"Compa\u00f1\u00edas de Seguros de Decesos en Espa\u00f1a\",\"item\":\"https:\\\/\\\/idecesos.com\\\/seguros\\\/companias\\\/\"},{\"@type\":\"ListItem\",\"position\":3,\"name\":\"Seguro de decesos Divina Pastora\",\"item\":\"https:\\\/\\\/idecesos.com\\\/seguros\\\/companias\\\/divina-pastora\\\/\"},{\"@type\":\"ListItem\",\"position\":4,\"name\":\"Atenci\u00f3n al cliente Divina Pastora: telefono gratuito, e-mail\"}]},{\"@type\":\"WebSite\",\"@id\":\"https:\\\/\\\/idecesos.com\\\/seguros\\\/#website\",\"url\":\"https:\\\/\\\/idecesos.com\\\/seguros\\\/\",\"name\":\"\",\"description\":\"\",\"potentialAction\":[{\"@type\":\"SearchAction\",\"target\":{\"@type\":\"EntryPoint\",\"urlTemplate\":\"https:\\\/\\\/idecesos.com\\\/seguros\\\/?s={search_term_string}\"},\"query-input\":{\"@type\":\"PropertyValueSpecification\",\"valueRequired\":true,\"valueName\":\"search_term_string\"}}],\"inLanguage\":\"es\"}]}<\/script>\n<!-- \/ Yoast SEO plugin. -->","yoast_head_json":{"title":"Tel\u00e9fono Gratuito Divina Pastora \u25b7Atenci\u00f3n Cliente, Email, RRSS, Web","description":"Busca aqu\u00ed\u3010Divina Pastora seguros tel\u00e9fono gratuito\u3011Divina Pastora Decesos tel\u00e9fono gratis: atenci\u00f3n al cliente y contrataciones \u2611\ufe0fVerificado en 2026","robots":{"index":"index","follow":"follow","max-snippet":"max-snippet:-1","max-image-preview":"max-image-preview:large","max-video-preview":"max-video-preview:-1"},"canonical":"https:\/\/idecesos.com\/seguros\/companias\/divina-pastora\/telefono\/","og_locale":"es_ES","og_type":"article","og_title":"Tel\u00e9fono Gratuito Divina Pastora \u25b7Atenci\u00f3n Cliente, Email, RRSS, Web","og_description":"Busca aqu\u00ed\u3010Divina Pastora seguros tel\u00e9fono gratuito\u3011Divina Pastora Decesos tel\u00e9fono gratis: atenci\u00f3n al cliente y contrataciones \u2611\ufe0fVerificado en 2026","og_url":"https:\/\/idecesos.com\/seguros\/companias\/divina-pastora\/telefono\/","article_modified_time":"2022-04-05T10:01:49+00:00","twitter_card":"summary_large_image","twitter_misc":{"Tiempo de lectura":"4 minutos"},"schema":{"@context":"https:\/\/schema.org","@graph":[{"@type":"WebPage","@id":"https:\/\/idecesos.com\/seguros\/companias\/divina-pastora\/telefono\/","url":"https:\/\/idecesos.com\/seguros\/companias\/divina-pastora\/telefono\/","name":"Tel\u00e9fono Gratuito Divina Pastora \u25b7Atenci\u00f3n Cliente, Email, RRSS, Web","isPartOf":{"@id":"https:\/\/idecesos.com\/seguros\/#website"},"datePublished":"2021-11-25T10:17:33+00:00","dateModified":"2022-04-05T10:01:49+00:00","description":"Busca aqu\u00ed\u3010Divina Pastora seguros tel\u00e9fono gratuito\u3011Divina Pastora Decesos tel\u00e9fono gratis: atenci\u00f3n al cliente y contrataciones \u2611\ufe0fVerificado en 2026","breadcrumb":{"@id":"https:\/\/idecesos.com\/seguros\/companias\/divina-pastora\/telefono\/#breadcrumb"},"inLanguage":"es","potentialAction":[{"@type":"ReadAction","target":["https:\/\/idecesos.com\/seguros\/companias\/divina-pastora\/telefono\/"]}]},{"@type":"BreadcrumbList","@id":"https:\/\/idecesos.com\/seguros\/companias\/divina-pastora\/telefono\/#breadcrumb","itemListElement":[{"@type":"ListItem","position":1,"name":"Portada","item":"https:\/\/idecesos.com\/seguros\/"},{"@type":"ListItem","position":2,"name":"Compa\u00f1\u00edas de Seguros de Decesos en Espa\u00f1a","item":"https:\/\/idecesos.com\/seguros\/companias\/"},{"@type":"ListItem","position":3,"name":"Seguro de decesos Divina Pastora","item":"https:\/\/idecesos.com\/seguros\/companias\/divina-pastora\/"},{"@type":"ListItem","position":4,"name":"Atenci\u00f3n al cliente Divina Pastora: telefono gratuito, e-mail"}]},{"@type":"WebSite","@id":"https:\/\/idecesos.com\/seguros\/#website","url":"https:\/\/idecesos.com\/seguros\/","name":"","description":"","potentialAction":[{"@type":"SearchAction","target":{"@type":"EntryPoint","urlTemplate":"https:\/\/idecesos.com\/seguros\/?s={search_term_string}"},"query-input":{"@type":"PropertyValueSpecification","valueRequired":true,"valueName":"search_term_string"}}],"inLanguage":"es"}]}},"_links":{"self":[{"href":"https:\/\/idecesos.com\/seguros\/wp-json\/wp\/v2\/pages\/15408","targetHints":{"allow":["GET"]}}],"collection":[{"href":"https:\/\/idecesos.com\/seguros\/wp-json\/wp\/v2\/pages"}],"about":[{"href":"https:\/\/idecesos.com\/seguros\/wp-json\/wp\/v2\/types\/page"}],"author":[{"embeddable":true,"href":"https:\/\/idecesos.com\/seguros\/wp-json\/wp\/v2\/users\/1"}],"replies":[{"embeddable":true,"href":"https:\/\/idecesos.com\/seguros\/wp-json\/wp\/v2\/comments?post=15408"}],"version-history":[{"count":8,"href":"https:\/\/idecesos.com\/seguros\/wp-json\/wp\/v2\/pages\/15408\/revisions"}],"predecessor-version":[{"id":20976,"href":"https:\/\/idecesos.com\/seguros\/wp-json\/wp\/v2\/pages\/15408\/revisions\/20976"}],"up":[{"embeddable":true,"href":"https:\/\/idecesos.com\/seguros\/wp-json\/wp\/v2\/pages\/304"}],"wp:attachment":[{"href":"https:\/\/idecesos.com\/seguros\/wp-json\/wp\/v2\/media?parent=15408"}],"curies":[{"name":"wp","href":"https:\/\/api.w.org\/{rel}","templated":true}]}}