{"id":15409,"date":"2021-11-26T09:12:49","date_gmt":"2021-11-25T10:17:34","guid":{"rendered":"https:\/\/idecesos.com\/seguros\/companias\/endesa\/telefono\/"},"modified":"2022-04-05T10:08:16","modified_gmt":"2022-04-05T10:08:16","slug":"telefono","status":"publish","type":"page","link":"https:\/\/idecesos.com\/seguros\/companias\/endesa\/telefono\/","title":{"rendered":"Atenci\u00f3n al cliente Endesa: telefono gratuito, e-mail"},"content":{"rendered":"<div id=\"ez-toc-container\" class=\"ez-toc-v2_0_82_2 ez-toc-wrap-center counter-hierarchy ez-toc-counter ez-toc-custom ez-toc-container-direction\">\n<div class=\"ez-toc-title-container\">\n<p class=\"ez-toc-title\" style=\"cursor:inherit\">Tabla de Contenido<\/p>\n<span class=\"ez-toc-title-toggle\"><a href=\"#\" class=\"ez-toc-pull-right ez-toc-btn ez-toc-btn-xs ez-toc-btn-default ez-toc-toggle\" aria-label=\"Alternar tabla de contenidos\"><span class=\"ez-toc-js-icon-con\"><span class=\"\"><span class=\"eztoc-hide\" style=\"display:none;\">Toggle<\/span><span class=\"ez-toc-icon-toggle-span\"><svg style=\"fill: #db6415;color:#db6415\" xmlns=\"http:\/\/www.w3.org\/2000\/svg\" class=\"list-377408\" width=\"20px\" height=\"20px\" viewBox=\"0 0 24 24\" fill=\"none\"><path d=\"M6 6H4v2h2V6zm14 0H8v2h12V6zM4 11h2v2H4v-2zm16 0H8v2h12v-2zM4 16h2v2H4v-2zm16 0H8v2h12v-2z\" fill=\"currentColor\"><\/path><\/svg><svg style=\"fill: #db6415;color:#db6415\" class=\"arrow-unsorted-368013\" xmlns=\"http:\/\/www.w3.org\/2000\/svg\" width=\"10px\" height=\"10px\" viewBox=\"0 0 24 24\" version=\"1.2\" baseProfile=\"tiny\"><path d=\"M18.2 9.3l-6.2-6.3-6.2 6.3c-.2.2-.3.4-.3.7s.1.5.3.7c.2.2.4.3.7.3h11c.3 0 .5-.1.7-.3.2-.2.3-.5.3-.7s-.1-.5-.3-.7zM5.8 14.7l6.2 6.3 6.2-6.3c.2-.2.3-.5.3-.7s-.1-.5-.3-.7c-.2-.2-.4-.3-.7-.3h-11c-.3 0-.5.1-.7.3-.2.2-.3.5-.3.7s.1.5.3.7z\"\/><\/svg><\/span><\/span><\/span><\/a><\/span><\/div>\n<nav><ul class='ez-toc-list ez-toc-list-level-1 ' ><ul class='ez-toc-list-level-4' ><li class='ez-toc-heading-level-4'><ul class='ez-toc-list-level-4' ><li class='ez-toc-heading-level-4'><a class=\"ez-toc-link ez-toc-heading-1\" href=\"https:\/\/idecesos.com\/seguros\/companias\/endesa\/telefono\/#Telefono_Contrataciones_951_127_403\" >Tel\u00e9fono Contrataciones \n951 127 403<\/a><\/li><\/ul><\/li><\/ul><\/li><li class='ez-toc-page-1 ez-toc-heading-level-2'><a class=\"ez-toc-link ez-toc-heading-2\" href=\"https:\/\/idecesos.com\/seguros\/companias\/endesa\/telefono\/#%C2%BFComo_contactar_con_Endesa\" >\u00bfC\u00f3mo contactar con Endesa?<\/a><ul class='ez-toc-list-level-3' ><li class='ez-toc-heading-level-3'><a class=\"ez-toc-link ez-toc-heading-3\" href=\"https:\/\/idecesos.com\/seguros\/companias\/endesa\/telefono\/#Telefono_gratuito_de_Endesa\" >Tel\u00e9fono gratuito de Endesa<\/a><\/li><li class='ez-toc-page-1 ez-toc-heading-level-3'><a class=\"ez-toc-link ez-toc-heading-4\" href=\"https:\/\/idecesos.com\/seguros\/companias\/endesa\/telefono\/#Horario_de_atencion_al_cliente_de_Endesa\" >Horario de atenci\u00f3n al cliente de Endesa<\/a><\/li><li class='ez-toc-page-1 ez-toc-heading-level-3'><a class=\"ez-toc-link ez-toc-heading-5\" href=\"https:\/\/idecesos.com\/seguros\/companias\/endesa\/telefono\/#Correo_electronico_de_Endesa\" >Correo electr\u00f3nico de Endesa<\/a><\/li><li class='ez-toc-page-1 ez-toc-heading-level-3'><a class=\"ez-toc-link ez-toc-heading-6\" href=\"https:\/\/idecesos.com\/seguros\/companias\/endesa\/telefono\/#Formulario_en_el_sitio_Web_de_Endesa\" >Formulario en el sitio Web de Endesa<\/a><\/li><li class='ez-toc-page-1 ez-toc-heading-level-3'><a class=\"ez-toc-link ez-toc-heading-7\" href=\"https:\/\/idecesos.com\/seguros\/companias\/endesa\/telefono\/#Redes_sociales_de_Endesa\" >Redes sociales de Endesa<\/a><\/li><li class='ez-toc-page-1 ez-toc-heading-level-3'><a class=\"ez-toc-link ez-toc-heading-8\" href=\"https:\/\/idecesos.com\/seguros\/companias\/endesa\/telefono\/#Paginas_relacionadas\" >P\u00e1ginas relacionadas<\/a><\/li><\/ul><\/li><\/ul><\/nav><\/div>\n\n<div class=\"caja\">\n<div class=\"cajaIcono2 \"  ><div class=\"cuadro\" style=\"box-shadow: inset 0 0 0 3px #ff790e\"><div class=\"iconoCircular\" style=\"border: 3px solid #ff790e\">\t\t\n\t\t\t\t\t<div class=\"iconoCirculo\">\n\t\t\t\t\t  <i class=\"fas fa-phone-volume\"><\/i>\n\t\t\t\t\t<\/div>\n\t\t\t\t<\/div><div class=\"\">\n<h4 style=\"text-align: center;\"><span class=\"ez-toc-section\" id=\"Telefono_Contrataciones_951_127_403\"><\/span><strong>Tel\u00e9fono Contrataciones<br \/>\n951 127 403<\/strong><span class=\"ez-toc-section-end\"><\/span><\/h4>\n<p><\/div><\/div><\/div><br \/>\nEndesa le da m\u00faltiples opciones para que pueda ponerse en contacto con ellos y de este modo pueda solucionar sus dudas, consultar todo lo que no entienda y charlar sobre su seguro de decesos. En el procedimiento que elija para ello, va a estar del otro lado un asesor y especialista en el tema, que va a poder asistirle en todas las cuestiones, como los gastos entorno al ata\u00fad y la sanidad, la indemnizaci\u00f3n diaria que puede recibir por la hospitalizaci\u00f3n, la posibilidad de conservar el ADN, la corona floral, el tanatorio, la esquela\u2026 y muchos otros factores. La Endesa se ocupar\u00e1 de ver la situaci\u00f3n en la que se encuentre su familia para que todo est\u00e9 en regla y no deban preocuparse por nada en ese instante tan duro como es la p\u00e9rdida de un ser querido.<br \/>\n<\/div><\/p>\n<div class=\"colorf \"  ><div class=\"container clearfix\"><div class=\"col-md-7\"><\/p>\n<h2><span class=\"ez-toc-section\" id=\"%C2%BFComo_contactar_con_Endesa\"><\/span>\u00bfC\u00f3mo contactar con Endesa?<span class=\"ez-toc-section-end\"><\/span><\/h2>\n<p>Si desea que Endesa contacte con ahora le mostramos las formas en las que puede hacerlo: v\u00eda tel\u00e9fono, e-mail, mediante el formulario que puedes rellenar en su p\u00e1gina o por los diferentes perfiles de sus redes sociales.<br \/>\n<\/div><\/div><\/div>\n<h3><span class=\"ez-toc-section\" id=\"Telefono_gratuito_de_Endesa\"><\/span>Tel\u00e9fono gratuito de Endesa<span class=\"ez-toc-section-end\"><\/span><\/h3>\n<p>A fin de que los expertos puedan atenderlo y responderle a sus preguntas, dudas, etc. sobre su seguro de decesos, es necesario tener un n\u00famero de contacto que sirva de uni\u00f3n entre el usuario y la compa\u00f1\u00eda. Este es, hoy d\u00eda, el proceso m\u00e1s sencillo para para realizar su cometido; sobre todo si su explicaci\u00f3n o bien consulta es algo densa o bien extensa o, sencillamente, prefiere mantener una conversaci\u00f3n m\u00e1s cercana con el experto consultor. Llamando al n\u00famero de tel\u00e9fono <strong>800 76 09 09<\/strong> tendr\u00e1 la posibilidad de comunicarse de modo directo y veloz con Endesa gratuitamente, desde donde est\u00e9s, sin dejar sus tareas.<br \/>\n<div class=\"colorf\"><div class=\"container clearfix\"><div class=\"col-md-7\"><\/p>\n<div class=\"cabecera_tabla_ajustada \"  style=\"width:80%\" ><div class=\"row\"><\/div>\n<div class=\"fila_tabla4 \"  ><div class=\"row\"><div class=\"col-8 nosepara izq\"><p><strong>Tel\u00e9fono para contrataciones<\/strong><\/p><\/div><div class=\"col-4 nosepara centro\">951 127 403<\/div><\/div><\/div>\n<div class=\"pie_tabla \"  ><div class=\"row\"><div class=\"col-12 \"><\/div><\/div><\/div><\/div>\n<\/div><\/div><\/div>\n<h3><span class=\"ez-toc-section\" id=\"Horario_de_atencion_al_cliente_de_Endesa\"><\/span>Horario de atenci\u00f3n al cliente de Endesa<span class=\"ez-toc-section-end\"><\/span><\/h3>\n<p>Debido a la falta de conocimiento sobre el tiempo libre que dispone cada persona, Endesa ofrece un horario espec\u00edfico y flexible a fin de que el usuario pueda contactar en diferentes horas a lo largo del d\u00eda, tanto de ma\u00f1ana como de tarde. El personal expondr\u00e1 su experiencia, conocimientos y confianza para su satisfacci\u00f3n. As\u00ed va a ser m\u00e1s simple establecer conexi\u00f3n directa con la compa\u00f1\u00eda. Va a tener una conversaci\u00f3n armoniosa con uno de los expertos, resolviendo as\u00ed, las dudas que le vayan surgiendo en el momento. Las horas en las que va a poder efectuar la llamada son las siguientes: <strong>horario Endesa.<\/strong><br \/>\n<div class=\"colorf\"><div class=\"container clearfix\"><div class=\"col-md-7\"><\/p>\n<h3><span class=\"ez-toc-section\" id=\"Correo_electronico_de_Endesa\"><\/span>Correo electr\u00f3nico de Endesa<span class=\"ez-toc-section-end\"><\/span><\/h3>\n<p>Internet est\u00e1 a la orden del d\u00eda y la mayor parte de la poblaci\u00f3n dispone de un perfil en las plataformas de Gmail, Hotmail, etc. Y as\u00ed, efectuar diferentes tr\u00e1mites como por servirnos de un ejemplo, env\u00edos o bien recibos de ficheros. Con el fin de recibir datos en torno a su seguro de decesos, es de las herramientas m\u00e1s ventajosas y recomendables. Con el siguiente e mail <strong>atencionalcliente@endesaonline.com<\/strong> de Endesa le va a ser posible enviarle cualquier tipo de duda que tenga con respecto a su prima, por poner un ejemplo. Si remite un mensaje, a trav\u00e9s de su e mail, sobre lo que desee saber, llegar\u00e1 a un buen entendimiento con la persona que le atienda y le ofrecer\u00e1 las mejores contestaciones para, as\u00ed, aclarar cuestiones.<br \/>\n<\/div><\/div><\/div><\/p>\n<h3><span class=\"ez-toc-section\" id=\"Formulario_en_el_sitio_Web_de_Endesa\"><\/span>Formulario en el sitio Web de Endesa<span class=\"ez-toc-section-end\"><\/span><\/h3>\n<p>Entrar en internet para buscar algo es de los actos m\u00e1s comunes que existen actualmente en esta nueva era de la digitalizaci\u00f3n. Esto es debido al alcance que tienen y, por ser la mayor plataforma digital que existe, totalmente gratuita y disponible para todo el planeta. Poniendo en el buscador Endesa podr\u00e1s encontrar todo lo que precisas sobre sus seguro de decesos mediante su p\u00e1gina web <strong>www.endesa.com\/es\/otros-productos\/polizas-de-seguros<\/strong>. La informaci\u00f3n que hallar\u00e1s en su p\u00e1gina web te va a ser \u00fatil para informarte sobre los servicios que ofrecen, costos, ventajas y mucho m\u00e1s, para que de esta forma tengas una idea clara de sus servicios. En la p\u00e1gina web, va a poder localizar un apartado con un formulario en el que deber\u00e1 poner sus datos como nombre y apellidos, tel\u00e9fono, correo&#8230; para que los agentes de Endesa puedan ponerse en contacto con y de esta forma resolverle todas las dudas que le haya puesto en tal documento.<br \/>\n<div class=\"colorf\"><div class=\"container clearfix\"><div class=\"col-md-7\"><\/p>\n<h3><span class=\"ez-toc-section\" id=\"Redes_sociales_de_Endesa\"><\/span>Redes sociales de Endesa<span class=\"ez-toc-section-end\"><\/span><\/h3>\n<p>Miles de personas forman parte de las redes sociales con mayor relevancia y difusi\u00f3n: Instagram, Twitter y Fb. Endesa es conocedora del gran impacto y repercusi\u00f3n que tienen estas plataformas, con lo que dispone de un perfil en ellas. Solo con buscar el nombre de la compa\u00f1\u00eda en la aplicaci\u00f3n tendr\u00e1 acceso a \u00e9l. En el perfil podr\u00e1s ver im\u00e1genes publicitarias, enlace directo a su p\u00e1gina, informaci\u00f3n b\u00e1sica sobre las caracter\u00edsticas que posee su seguro de decesos, si disponen de alguna oferta en ese momento, etc\u00e9teraAdem\u00e1s de esto, en ciertas aplicaciones le va a ser posible ponerse en contacto con la compa\u00f1\u00eda si de esta forma lo precisa.<br \/>\n<\/div><\/div><\/div><\/p>\n<\/div>\n<p><div class=\"oficinas\"> <h3><span class=\"ez-toc-section\" id=\"Paginas_relacionadas\"><\/span>P\u00e1ginas relacionadas<span class=\"ez-toc-section-end\"><\/span><\/h3><div class=\"enlazado\"><ul> <li><a href=\"https:\/\/idecesos.com\/seguros\/companias\/endesa\/coberturas\/\">Coberturas Seguro de Decesos Endesa<\/a><\/li> <li><a href=\"https:\/\/idecesos.com\/seguros\/companias\/endesa\/opiniones\/\">Opiniones Endesa<\/a><\/li> <li><a href=\"https:\/\/idecesos.com\/seguros\/companias\/endesa\/precio\/\">Precio seguro Endesa<\/a><\/li> <li><a href=\"https:\/\/idecesos.com\/seguros\/companias\/endesa\/prima-mixta\/\">Endesa Prima Mixta<\/a><\/li> <li><a href=\"https:\/\/idecesos.com\/seguros\/companias\/endesa\/prima-natural\/\">Endesa Prima Natural<\/a><\/li> <li><a href=\"https:\/\/idecesos.com\/seguros\/companias\/endesa\/prima-nivelada\/\">Endesa Prima Nivelada<\/a><\/li> <li><a href=\"https:\/\/idecesos.com\/seguros\/companias\/endesa\/prima-unica\/\">Endesa Prima \u00danica<\/a><\/li> <li><a href=\"https:\/\/idecesos.com\/seguros\/companias\/endesa\/repatriacion\/\">Endesa Repatriaci\u00f3n<\/a><\/li> <li><a href=\"https:\/\/idecesos.com\/seguros\/companias\/endesa\/telefono\/\">Tel\u00e9fono Gratuito Endesa<\/a><\/li><\/ul><\/div> <\/div><\/p>\n","protected":false},"excerpt":{"rendered":"<p>Endesa le da m\u00faltiples opciones para que pueda ponerse en contacto con ellos y de este modo pueda solucionar sus dudas, consultar todo lo que no entienda y charlar sobre su seguro de decesos. En el procedimiento que elija para ello, va a estar del otro lado un asesor y especialista en el tema, que&hellip; <\/p>\n","protected":false},"author":1,"featured_media":0,"parent":341,"menu_order":0,"comment_status":"closed","ping_status":"closed","template":"single.php","meta":{"footnotes":""},"class_list":["post-15409","page","type-page","status-publish","hentry"],"yoast_head":"<!-- This site is optimized with the Yoast SEO plugin v27.5 - https:\/\/yoast.com\/product\/yoast-seo-wordpress\/ -->\n<title>Tel\u00e9fono Gratuito Endesa \u25b7Atenci\u00f3n Cliente, Email, RRSS, Web<\/title>\n<meta name=\"description\" content=\"Busca aqu\u00ed\u3010Endesa seguros tel\u00e9fono gratuito\u3011Endesa Decesos tel\u00e9fono gratis: atenci\u00f3n al cliente y contrataciones \u2611\ufe0fVerificado en 2026\" \/>\n<meta name=\"robots\" content=\"index, follow, max-snippet:-1, max-image-preview:large, max-video-preview:-1\" \/>\n<link rel=\"canonical\" href=\"https:\/\/idecesos.com\/seguros\/companias\/endesa\/telefono\/\" \/>\n<meta property=\"og:locale\" content=\"es_ES\" \/>\n<meta property=\"og:type\" content=\"article\" \/>\n<meta property=\"og:title\" content=\"Tel\u00e9fono Gratuito Endesa \u25b7Atenci\u00f3n Cliente, Email, RRSS, Web\" \/>\n<meta property=\"og:description\" content=\"Busca aqu\u00ed\u3010Endesa seguros tel\u00e9fono gratuito\u3011Endesa Decesos tel\u00e9fono gratis: atenci\u00f3n al cliente y contrataciones \u2611\ufe0fVerificado en 2026\" \/>\n<meta property=\"og:url\" content=\"https:\/\/idecesos.com\/seguros\/companias\/endesa\/telefono\/\" \/>\n<meta property=\"article:modified_time\" content=\"2022-04-05T10:08:16+00:00\" \/>\n<meta name=\"twitter:card\" content=\"summary_large_image\" \/>\n<meta name=\"twitter:label1\" content=\"Tiempo de lectura\" \/>\n\t<meta name=\"twitter:data1\" content=\"4 minutos\" \/>\n<script type=\"application\/ld+json\" class=\"yoast-schema-graph\">{\"@context\":\"https:\\\/\\\/schema.org\",\"@graph\":[{\"@type\":\"WebPage\",\"@id\":\"https:\\\/\\\/idecesos.com\\\/seguros\\\/companias\\\/endesa\\\/telefono\\\/\",\"url\":\"https:\\\/\\\/idecesos.com\\\/seguros\\\/companias\\\/endesa\\\/telefono\\\/\",\"name\":\"Tel\u00e9fono Gratuito Endesa \u25b7Atenci\u00f3n Cliente, Email, RRSS, Web\",\"isPartOf\":{\"@id\":\"https:\\\/\\\/idecesos.com\\\/seguros\\\/#website\"},\"datePublished\":\"2021-11-25T10:17:34+00:00\",\"dateModified\":\"2022-04-05T10:08:16+00:00\",\"description\":\"Busca aqu\u00ed\u3010Endesa seguros tel\u00e9fono gratuito\u3011Endesa Decesos tel\u00e9fono gratis: atenci\u00f3n al cliente y contrataciones \u2611\ufe0fVerificado en 2026\",\"breadcrumb\":{\"@id\":\"https:\\\/\\\/idecesos.com\\\/seguros\\\/companias\\\/endesa\\\/telefono\\\/#breadcrumb\"},\"inLanguage\":\"es\",\"potentialAction\":[{\"@type\":\"ReadAction\",\"target\":[\"https:\\\/\\\/idecesos.com\\\/seguros\\\/companias\\\/endesa\\\/telefono\\\/\"]}]},{\"@type\":\"BreadcrumbList\",\"@id\":\"https:\\\/\\\/idecesos.com\\\/seguros\\\/companias\\\/endesa\\\/telefono\\\/#breadcrumb\",\"itemListElement\":[{\"@type\":\"ListItem\",\"position\":1,\"name\":\"Portada\",\"item\":\"https:\\\/\\\/idecesos.com\\\/seguros\\\/\"},{\"@type\":\"ListItem\",\"position\":2,\"name\":\"Compa\u00f1\u00edas de Seguros de Decesos en Espa\u00f1a\",\"item\":\"https:\\\/\\\/idecesos.com\\\/seguros\\\/companias\\\/\"},{\"@type\":\"ListItem\",\"position\":3,\"name\":\"Seguro de decesos Endesa\",\"item\":\"https:\\\/\\\/idecesos.com\\\/seguros\\\/companias\\\/endesa\\\/\"},{\"@type\":\"ListItem\",\"position\":4,\"name\":\"Atenci\u00f3n al cliente Endesa: telefono gratuito, e-mail\"}]},{\"@type\":\"WebSite\",\"@id\":\"https:\\\/\\\/idecesos.com\\\/seguros\\\/#website\",\"url\":\"https:\\\/\\\/idecesos.com\\\/seguros\\\/\",\"name\":\"\",\"description\":\"\",\"potentialAction\":[{\"@type\":\"SearchAction\",\"target\":{\"@type\":\"EntryPoint\",\"urlTemplate\":\"https:\\\/\\\/idecesos.com\\\/seguros\\\/?s={search_term_string}\"},\"query-input\":{\"@type\":\"PropertyValueSpecification\",\"valueRequired\":true,\"valueName\":\"search_term_string\"}}],\"inLanguage\":\"es\"}]}<\/script>\n<!-- \/ Yoast SEO plugin. -->","yoast_head_json":{"title":"Tel\u00e9fono Gratuito Endesa \u25b7Atenci\u00f3n Cliente, Email, RRSS, Web","description":"Busca aqu\u00ed\u3010Endesa seguros tel\u00e9fono gratuito\u3011Endesa Decesos tel\u00e9fono gratis: atenci\u00f3n al cliente y contrataciones \u2611\ufe0fVerificado en 2026","robots":{"index":"index","follow":"follow","max-snippet":"max-snippet:-1","max-image-preview":"max-image-preview:large","max-video-preview":"max-video-preview:-1"},"canonical":"https:\/\/idecesos.com\/seguros\/companias\/endesa\/telefono\/","og_locale":"es_ES","og_type":"article","og_title":"Tel\u00e9fono Gratuito Endesa \u25b7Atenci\u00f3n Cliente, Email, RRSS, Web","og_description":"Busca aqu\u00ed\u3010Endesa seguros tel\u00e9fono gratuito\u3011Endesa Decesos tel\u00e9fono gratis: atenci\u00f3n al cliente y contrataciones \u2611\ufe0fVerificado en 2026","og_url":"https:\/\/idecesos.com\/seguros\/companias\/endesa\/telefono\/","article_modified_time":"2022-04-05T10:08:16+00:00","twitter_card":"summary_large_image","twitter_misc":{"Tiempo de lectura":"4 minutos"},"schema":{"@context":"https:\/\/schema.org","@graph":[{"@type":"WebPage","@id":"https:\/\/idecesos.com\/seguros\/companias\/endesa\/telefono\/","url":"https:\/\/idecesos.com\/seguros\/companias\/endesa\/telefono\/","name":"Tel\u00e9fono Gratuito Endesa \u25b7Atenci\u00f3n Cliente, Email, RRSS, Web","isPartOf":{"@id":"https:\/\/idecesos.com\/seguros\/#website"},"datePublished":"2021-11-25T10:17:34+00:00","dateModified":"2022-04-05T10:08:16+00:00","description":"Busca aqu\u00ed\u3010Endesa seguros tel\u00e9fono gratuito\u3011Endesa Decesos tel\u00e9fono gratis: atenci\u00f3n al cliente y contrataciones \u2611\ufe0fVerificado en 2026","breadcrumb":{"@id":"https:\/\/idecesos.com\/seguros\/companias\/endesa\/telefono\/#breadcrumb"},"inLanguage":"es","potentialAction":[{"@type":"ReadAction","target":["https:\/\/idecesos.com\/seguros\/companias\/endesa\/telefono\/"]}]},{"@type":"BreadcrumbList","@id":"https:\/\/idecesos.com\/seguros\/companias\/endesa\/telefono\/#breadcrumb","itemListElement":[{"@type":"ListItem","position":1,"name":"Portada","item":"https:\/\/idecesos.com\/seguros\/"},{"@type":"ListItem","position":2,"name":"Compa\u00f1\u00edas de Seguros de Decesos en Espa\u00f1a","item":"https:\/\/idecesos.com\/seguros\/companias\/"},{"@type":"ListItem","position":3,"name":"Seguro de decesos Endesa","item":"https:\/\/idecesos.com\/seguros\/companias\/endesa\/"},{"@type":"ListItem","position":4,"name":"Atenci\u00f3n al cliente Endesa: telefono gratuito, e-mail"}]},{"@type":"WebSite","@id":"https:\/\/idecesos.com\/seguros\/#website","url":"https:\/\/idecesos.com\/seguros\/","name":"","description":"","potentialAction":[{"@type":"SearchAction","target":{"@type":"EntryPoint","urlTemplate":"https:\/\/idecesos.com\/seguros\/?s={search_term_string}"},"query-input":{"@type":"PropertyValueSpecification","valueRequired":true,"valueName":"search_term_string"}}],"inLanguage":"es"}]}},"_links":{"self":[{"href":"https:\/\/idecesos.com\/seguros\/wp-json\/wp\/v2\/pages\/15409","targetHints":{"allow":["GET"]}}],"collection":[{"href":"https:\/\/idecesos.com\/seguros\/wp-json\/wp\/v2\/pages"}],"about":[{"href":"https:\/\/idecesos.com\/seguros\/wp-json\/wp\/v2\/types\/page"}],"author":[{"embeddable":true,"href":"https:\/\/idecesos.com\/seguros\/wp-json\/wp\/v2\/users\/1"}],"replies":[{"embeddable":true,"href":"https:\/\/idecesos.com\/seguros\/wp-json\/wp\/v2\/comments?post=15409"}],"version-history":[{"count":8,"href":"https:\/\/idecesos.com\/seguros\/wp-json\/wp\/v2\/pages\/15409\/revisions"}],"predecessor-version":[{"id":20982,"href":"https:\/\/idecesos.com\/seguros\/wp-json\/wp\/v2\/pages\/15409\/revisions\/20982"}],"up":[{"embeddable":true,"href":"https:\/\/idecesos.com\/seguros\/wp-json\/wp\/v2\/pages\/341"}],"wp:attachment":[{"href":"https:\/\/idecesos.com\/seguros\/wp-json\/wp\/v2\/media?parent=15409"}],"curies":[{"name":"wp","href":"https:\/\/api.w.org\/{rel}","templated":true}]}}