{"id":15410,"date":"2021-11-26T09:12:50","date_gmt":"2021-11-25T10:17:34","guid":{"rendered":"https:\/\/idecesos.com\/seguros\/companias\/ergo\/telefono\/"},"modified":"2022-04-05T10:09:54","modified_gmt":"2022-04-05T10:09:54","slug":"telefono","status":"publish","type":"page","link":"https:\/\/idecesos.com\/seguros\/companias\/ergo\/telefono\/","title":{"rendered":"Atenci\u00f3n al cliente Ergo: telefono gratuito, e-mail"},"content":{"rendered":"<div id=\"ez-toc-container\" class=\"ez-toc-v2_0_82_2 ez-toc-wrap-center counter-hierarchy ez-toc-counter ez-toc-custom ez-toc-container-direction\">\n<div class=\"ez-toc-title-container\">\n<p class=\"ez-toc-title\" style=\"cursor:inherit\">Tabla de Contenido<\/p>\n<span class=\"ez-toc-title-toggle\"><a href=\"#\" class=\"ez-toc-pull-right ez-toc-btn ez-toc-btn-xs ez-toc-btn-default ez-toc-toggle\" aria-label=\"Alternar tabla de contenidos\"><span class=\"ez-toc-js-icon-con\"><span class=\"\"><span class=\"eztoc-hide\" style=\"display:none;\">Toggle<\/span><span class=\"ez-toc-icon-toggle-span\"><svg style=\"fill: #db6415;color:#db6415\" xmlns=\"http:\/\/www.w3.org\/2000\/svg\" class=\"list-377408\" width=\"20px\" height=\"20px\" viewBox=\"0 0 24 24\" fill=\"none\"><path d=\"M6 6H4v2h2V6zm14 0H8v2h12V6zM4 11h2v2H4v-2zm16 0H8v2h12v-2zM4 16h2v2H4v-2zm16 0H8v2h12v-2z\" fill=\"currentColor\"><\/path><\/svg><svg style=\"fill: #db6415;color:#db6415\" class=\"arrow-unsorted-368013\" xmlns=\"http:\/\/www.w3.org\/2000\/svg\" width=\"10px\" height=\"10px\" viewBox=\"0 0 24 24\" version=\"1.2\" baseProfile=\"tiny\"><path d=\"M18.2 9.3l-6.2-6.3-6.2 6.3c-.2.2-.3.4-.3.7s.1.5.3.7c.2.2.4.3.7.3h11c.3 0 .5-.1.7-.3.2-.2.3-.5.3-.7s-.1-.5-.3-.7zM5.8 14.7l6.2 6.3 6.2-6.3c.2-.2.3-.5.3-.7s-.1-.5-.3-.7c-.2-.2-.4-.3-.7-.3h-11c-.3 0-.5.1-.7.3-.2.2-.3.5-.3.7s.1.5.3.7z\"\/><\/svg><\/span><\/span><\/span><\/a><\/span><\/div>\n<nav><ul class='ez-toc-list ez-toc-list-level-1 ' ><ul class='ez-toc-list-level-4' ><li class='ez-toc-heading-level-4'><ul class='ez-toc-list-level-4' ><li class='ez-toc-heading-level-4'><a class=\"ez-toc-link ez-toc-heading-1\" href=\"https:\/\/idecesos.com\/seguros\/companias\/ergo\/telefono\/#Telefono_Contrataciones_951_127_403\" >Tel\u00e9fono Contrataciones \n951 127 403<\/a><\/li><\/ul><\/li><\/ul><\/li><li class='ez-toc-page-1 ez-toc-heading-level-2'><a class=\"ez-toc-link ez-toc-heading-2\" href=\"https:\/\/idecesos.com\/seguros\/companias\/ergo\/telefono\/#%C2%BFComo_contactar_con_Ergo\" >\u00bfC\u00f3mo contactar con Ergo?<\/a><ul class='ez-toc-list-level-3' ><li class='ez-toc-heading-level-3'><a class=\"ez-toc-link ez-toc-heading-3\" href=\"https:\/\/idecesos.com\/seguros\/companias\/ergo\/telefono\/#Telefono_gratuito_de_Ergo\" >Tel\u00e9fono gratuito de Ergo<\/a><\/li><li class='ez-toc-page-1 ez-toc-heading-level-3'><a class=\"ez-toc-link ez-toc-heading-4\" href=\"https:\/\/idecesos.com\/seguros\/companias\/ergo\/telefono\/#Horario_de_atencion_al_cliente_de_Ergo\" >Horario de atenci\u00f3n al cliente de Ergo<\/a><\/li><li class='ez-toc-page-1 ez-toc-heading-level-3'><a class=\"ez-toc-link ez-toc-heading-5\" href=\"https:\/\/idecesos.com\/seguros\/companias\/ergo\/telefono\/#Correo_electronico_de_Ergo\" >Correo electr\u00f3nico de Ergo<\/a><\/li><li class='ez-toc-page-1 ez-toc-heading-level-3'><a class=\"ez-toc-link ez-toc-heading-6\" href=\"https:\/\/idecesos.com\/seguros\/companias\/ergo\/telefono\/#Formulario_en_el_sitio_Web_de_Ergo\" >Formulario en el sitio Web de Ergo<\/a><\/li><li class='ez-toc-page-1 ez-toc-heading-level-3'><a class=\"ez-toc-link ez-toc-heading-7\" href=\"https:\/\/idecesos.com\/seguros\/companias\/ergo\/telefono\/#Redes_sociales_de_Ergo\" >Redes sociales de Ergo<\/a><\/li><li class='ez-toc-page-1 ez-toc-heading-level-3'><a class=\"ez-toc-link ez-toc-heading-8\" href=\"https:\/\/idecesos.com\/seguros\/companias\/ergo\/telefono\/#Paginas_relacionadas\" >P\u00e1ginas relacionadas<\/a><\/li><\/ul><\/li><\/ul><\/nav><\/div>\n\n<div class=\"caja\">\n<div class=\"cajaIcono2 \"  ><div class=\"cuadro\" style=\"box-shadow: inset 0 0 0 3px #ff790e\"><div class=\"iconoCircular\" style=\"border: 3px solid #ff790e\">\t\t\n\t\t\t\t\t<div class=\"iconoCirculo\">\n\t\t\t\t\t  <i class=\"fas fa-phone-volume\"><\/i>\n\t\t\t\t\t<\/div>\n\t\t\t\t<\/div><div class=\"\">\n<h4 style=\"text-align: center;\"><span class=\"ez-toc-section\" id=\"Telefono_Contrataciones_951_127_403\"><\/span><strong>Tel\u00e9fono Contrataciones<br \/>\n951 127 403<\/strong><span class=\"ez-toc-section-end\"><\/span><\/h4>\n<p><\/div><\/div><\/div><br \/>\nPara ponerse en contacto con Ergo, \u00e9sta le ofrece muchas opciones a fin de facilitar al usuario el contacto directo y poder responder a sus preguntas sobre los seguros de decesos. Despu\u00e9s de seleccionar un procedimiento. Un consultor especialista en el tema le guiar\u00e1 para asistirle en cuestiones relacionadas con su seguro de decesos. Gracias a su servicio personalizado le va a ayudar en cuestiones como el servicio de tanatorio, corona, ata\u00fad, atenci\u00f3n psicol\u00f3gica&#8230; y otras muchas coberturas. La Ergo se ocupar\u00e1 de ver la situaci\u00f3n en la que se encuentre su familia para que todo est\u00e9 en regla y no deban preocuparse por nada en ese momento tan duro como es la p\u00e9rdida de un ser querido.<br \/>\n<\/div><\/p>\n<div class=\"colorf \"  ><div class=\"container clearfix\"><div class=\"col-md-7\"><\/p>\n<h2><span class=\"ez-toc-section\" id=\"%C2%BFComo_contactar_con_Ergo\"><\/span>\u00bfC\u00f3mo contactar con Ergo?<span class=\"ez-toc-section-end\"><\/span><\/h2>\n<p>Direcci\u00f3n de mail, p\u00e1gina con formulario disponible, plataformas como redes sociales y tel\u00e9fono de atenci\u00f3n al usuario, son los medios, plenamente gratis, para poder comunicarse con Ergo.<br \/>\n<\/div><\/div><\/div>\n<h3><span class=\"ez-toc-section\" id=\"Telefono_gratuito_de_Ergo\"><\/span>Tel\u00e9fono gratuito de Ergo<span class=\"ez-toc-section-end\"><\/span><\/h3>\n<p>A fin de que le sea sencillo encontrar contestaciones a sus preguntas, cuestiones, etc. En torno a su seguro de decesos, se le dar\u00e1 un n\u00famero de contacto y de este modo charlar con la compa\u00f1\u00eda. Podr\u00eda decirse que, es el procedimiento menos complejo y m\u00e1s simple para hacer una buena y pr\u00f3xima charla con el asesor y poder aclarar todas las cuestiones. Por lo tanto, para poder contactar con Ergo de manera veloz, gratis y directa, sin tener la necesidad de desplazarte y sin interrumpir lo que est\u00e9 haciendo en ese preciso momento, se ofrece el siguiente n\u00famero de tel\u00e9fono <b>91 344 11 55.<\/b><br \/>\n<div class=\"colorf\"><div class=\"container clearfix\"><div class=\"col-md-7\"><\/p>\n<div class=\"cabecera_tabla_ajustada \"  style=\"width:80%\" ><div class=\"row\"><\/div>\n<p><div class=\"fila_tabla4 \"  ><div class=\"row\"><div class=\"col-8 nosepara izq\"><p><strong>Tel\u00e9fono para contrataciones<\/strong><\/p><\/div><div class=\"col-4 nosepara centro\">951 127 403<\/div><\/div><\/div><div class=\"fila_tabla4 \"  ><div class=\"row\"><div class=\"col-8 nosepara izq\"><p><strong>Tel\u00e9fono Atenci\u00f3n al cliente<\/strong><\/p><\/div><div class=\"col-4 nosepara centro\">91 344 17 37<\/div><\/div><\/div><\/p>\n<div class=\"pie_tabla \"  ><div class=\"row\"><div class=\"col-12 \"><\/div><\/div><\/div><\/div>\n<\/div><\/div><\/div>\n<h3><span class=\"ez-toc-section\" id=\"Horario_de_atencion_al_cliente_de_Ergo\"><\/span>Horario de atenci\u00f3n al cliente de Ergo<span class=\"ez-toc-section-end\"><\/span><\/h3>\n<p>La compa\u00f1\u00eda no es siendo consciente de la disponibilidad horaria de cada persona, por tanto, ha creado un horario concreto (ma\u00f1ana y tarde) para que pueda ponerse en contacto toda vez que lo desee. Tendr\u00e1 la mejor asistencia, caracter\u00edstica de la experiencia y sabidur\u00eda de los profesionales en el tema. As\u00ed, ser\u00e1 m\u00e1s f\u00e1cil el contacto directo con la empresa. El experto le responder\u00e1 a cada una de las preguntas que le vayan surgiendo en el mismo momento, aparte de las que ten\u00eda preparadas. El horario de atenci\u00f3n al cliente que brinda Ergo es: <strong>horario Ergo<\/strong><br \/>\n<div class=\"colorf\"><div class=\"container clearfix\"><div class=\"col-md-7\"><\/p>\n<h3><span class=\"ez-toc-section\" id=\"Correo_electronico_de_Ergo\"><\/span>Correo electr\u00f3nico de Ergo<span class=\"ez-toc-section-end\"><\/span><\/h3>\n<p>Plataformas como Hotmail y Gmail son parte del planeta de Internet y, en consecuencia, la poblaci\u00f3n dispone de perfiles en estas. Y de esta manera, efectuar diferentes tr\u00e1mites como por servirnos de un ejemplo, env\u00edos o recibos de archivos. El empleo de dicha herramienta favorecer\u00e1 el poder recibir datos e informaci\u00f3n sobre su seguro de decesos. El pr\u00f3ximo e-mail <strong>ergoseguros@ergoseguros.com<\/strong> pertenece a Ergo, con el que podr\u00e1 preguntar lo que quiera sobre su prima, p\u00f3liza\u2026Al desempe\u00f1ar la funci\u00f3n del env\u00edo de un e mail, la contestaci\u00f3n que obtenga va a ser la mejor y, terminante, para poder aclarar sus ideas.<br \/>\n<\/div><\/div><\/div><\/p>\n<h3><span class=\"ez-toc-section\" id=\"Formulario_en_el_sitio_Web_de_Ergo\"><\/span>Formulario en el sitio Web de Ergo<span class=\"ez-toc-section-end\"><\/span><\/h3>\n<p>Con el sencillo acto de preguntarle a un buscador de Internet lo que desees saber, te lo resolver\u00e1 en ese mismo momento. Por ese hecho, es la plataforma m\u00e1s importante a la que la mayor parte de las personas del planeta tienen acceso. Ergo no iba a ser menos, tiene libre una web propia <strong>www.ergo-segurosdeviaje.es\/<\/strong>. En dicha p\u00e1gina, se le facilitar\u00e1 un formulario el que tendr\u00e1 que rellenar los siguientes campos: nombre, apellidos, tel\u00e9fono de contacto, correo electr\u00f3nico\u2026M\u00e1s tarde, el consultor pertinente se va a poner en contacto para informarle y ayudarle en cualquier aspecto que le resulte necesario.<br \/>\n<div class=\"colorf\"><div class=\"container clearfix\"><div class=\"col-md-7\"><\/p>\n<h3><span class=\"ez-toc-section\" id=\"Redes_sociales_de_Ergo\"><\/span>Redes sociales de Ergo<span class=\"ez-toc-section-end\"><\/span><\/h3>\n<p>Una de las herramientas con mayor difusi\u00f3n y, de la que dispone una gran parte de la poblaci\u00f3n, son las redes sociales: Instagram, Fb, Twitter. Ergo avanza a pasos desmedidos. Informaci\u00f3n primordial para poder comunicarse con la empresa o saber sobre ella, es lo que encontrar\u00e1 en sus plataformas. Buscando su nombre, encontrar\u00e1 el perfil y va a acceder a la informaci\u00f3n. Gracias a \u00e9l, tendr\u00e1 acceso a los datos, como link de p\u00e1gina web, caracter\u00edsticas\u2026 que postee la compa\u00f1\u00eda sobre su seguro de decesos y asimismo, podr\u00e1 enviar un mensaje para comunicarse en el futuro con sus profesionales.<br \/>\n<\/div><\/div><\/div><\/p>\n<\/div>\n<p><div class=\"oficinas\"> <h3><span class=\"ez-toc-section\" id=\"Paginas_relacionadas\"><\/span>P\u00e1ginas relacionadas<span class=\"ez-toc-section-end\"><\/span><\/h3><div class=\"enlazado\"><ul> <li><a href=\"https:\/\/idecesos.com\/seguros\/companias\/ergo\/opiniones\/\">Opiniones Ergo<\/a><\/li> <li><a href=\"https:\/\/idecesos.com\/seguros\/companias\/ergo\/precio\/\">Precio seguro Ergo<\/a><\/li> <li><a href=\"https:\/\/idecesos.com\/seguros\/companias\/ergo\/prima-mixta\/\">Ergo Prima Mixta<\/a><\/li> <li><a href=\"https:\/\/idecesos.com\/seguros\/companias\/ergo\/prima-natural\/\">Ergo Prima Natural<\/a><\/li> <li><a href=\"https:\/\/idecesos.com\/seguros\/companias\/ergo\/prima-nivelada\/\">Ergo Prima Nivelada<\/a><\/li> <li><a href=\"https:\/\/idecesos.com\/seguros\/companias\/ergo\/prima-unica\/\">Ergo Prima \u00danica<\/a><\/li> <li><a href=\"https:\/\/idecesos.com\/seguros\/companias\/ergo\/repatriacion\/\">Ergo Repatriaci\u00f3n<\/a><\/li> <li><a href=\"https:\/\/idecesos.com\/seguros\/companias\/ergo\/telefono\/\">Tel\u00e9fono Gratuito Ergo<\/a><\/li><\/ul><\/div> <\/div><\/p>\n","protected":false},"excerpt":{"rendered":"<p>Para ponerse en contacto con Ergo, \u00e9sta le ofrece muchas opciones a fin de facilitar al usuario el contacto directo y poder responder a sus preguntas sobre los seguros de decesos. Despu\u00e9s de seleccionar un procedimiento. Un consultor especialista en el tema le guiar\u00e1 para asistirle en cuestiones relacionadas con su seguro de decesos. Gracias&hellip; <\/p>\n","protected":false},"author":1,"featured_media":0,"parent":349,"menu_order":0,"comment_status":"closed","ping_status":"closed","template":"single.php","meta":{"footnotes":""},"class_list":["post-15410","page","type-page","status-publish","hentry"],"yoast_head":"<!-- This site is optimized with the Yoast SEO plugin v27.3 - https:\/\/yoast.com\/product\/yoast-seo-wordpress\/ -->\n<title>Tel\u00e9fono Gratuito Ergo \u25b7Atenci\u00f3n Cliente, Email, RRSS, Web<\/title>\n<meta name=\"description\" content=\"Busca aqu\u00ed\u3010Ergo seguros tel\u00e9fono gratuito\u3011Ergo Decesos tel\u00e9fono gratis: atenci\u00f3n al cliente y contrataciones \u2611\ufe0fVerificado en 2026\" \/>\n<meta name=\"robots\" content=\"index, follow, max-snippet:-1, max-image-preview:large, max-video-preview:-1\" \/>\n<link rel=\"canonical\" href=\"https:\/\/idecesos.com\/seguros\/companias\/ergo\/telefono\/\" \/>\n<meta property=\"og:locale\" content=\"es_ES\" \/>\n<meta property=\"og:type\" content=\"article\" \/>\n<meta property=\"og:title\" content=\"Tel\u00e9fono Gratuito Ergo \u25b7Atenci\u00f3n Cliente, Email, RRSS, Web\" \/>\n<meta property=\"og:description\" content=\"Busca aqu\u00ed\u3010Ergo seguros tel\u00e9fono gratuito\u3011Ergo Decesos tel\u00e9fono gratis: atenci\u00f3n al cliente y contrataciones \u2611\ufe0fVerificado en 2026\" \/>\n<meta property=\"og:url\" content=\"https:\/\/idecesos.com\/seguros\/companias\/ergo\/telefono\/\" \/>\n<meta property=\"article:modified_time\" content=\"2022-04-05T10:09:54+00:00\" \/>\n<meta name=\"twitter:card\" content=\"summary_large_image\" \/>\n<meta name=\"twitter:label1\" content=\"Tiempo de lectura\" \/>\n\t<meta name=\"twitter:data1\" content=\"4 minutos\" \/>\n<script type=\"application\/ld+json\" class=\"yoast-schema-graph\">{\"@context\":\"https:\\\/\\\/schema.org\",\"@graph\":[{\"@type\":\"WebPage\",\"@id\":\"https:\\\/\\\/idecesos.com\\\/seguros\\\/companias\\\/ergo\\\/telefono\\\/\",\"url\":\"https:\\\/\\\/idecesos.com\\\/seguros\\\/companias\\\/ergo\\\/telefono\\\/\",\"name\":\"Tel\u00e9fono Gratuito Ergo \u25b7Atenci\u00f3n Cliente, Email, RRSS, Web\",\"isPartOf\":{\"@id\":\"https:\\\/\\\/idecesos.com\\\/seguros\\\/#website\"},\"datePublished\":\"2021-11-25T10:17:34+00:00\",\"dateModified\":\"2022-04-05T10:09:54+00:00\",\"description\":\"Busca aqu\u00ed\u3010Ergo seguros tel\u00e9fono gratuito\u3011Ergo Decesos tel\u00e9fono gratis: atenci\u00f3n al cliente y contrataciones \u2611\ufe0fVerificado en 2026\",\"breadcrumb\":{\"@id\":\"https:\\\/\\\/idecesos.com\\\/seguros\\\/companias\\\/ergo\\\/telefono\\\/#breadcrumb\"},\"inLanguage\":\"es\",\"potentialAction\":[{\"@type\":\"ReadAction\",\"target\":[\"https:\\\/\\\/idecesos.com\\\/seguros\\\/companias\\\/ergo\\\/telefono\\\/\"]}]},{\"@type\":\"BreadcrumbList\",\"@id\":\"https:\\\/\\\/idecesos.com\\\/seguros\\\/companias\\\/ergo\\\/telefono\\\/#breadcrumb\",\"itemListElement\":[{\"@type\":\"ListItem\",\"position\":1,\"name\":\"Portada\",\"item\":\"https:\\\/\\\/idecesos.com\\\/seguros\\\/\"},{\"@type\":\"ListItem\",\"position\":2,\"name\":\"Compa\u00f1\u00edas de Seguros de Decesos en Espa\u00f1a\",\"item\":\"https:\\\/\\\/idecesos.com\\\/seguros\\\/companias\\\/\"},{\"@type\":\"ListItem\",\"position\":3,\"name\":\"Seguro de decesos Ergo\",\"item\":\"https:\\\/\\\/idecesos.com\\\/seguros\\\/companias\\\/ergo\\\/\"},{\"@type\":\"ListItem\",\"position\":4,\"name\":\"Atenci\u00f3n al cliente Ergo: telefono gratuito, e-mail\"}]},{\"@type\":\"WebSite\",\"@id\":\"https:\\\/\\\/idecesos.com\\\/seguros\\\/#website\",\"url\":\"https:\\\/\\\/idecesos.com\\\/seguros\\\/\",\"name\":\"\",\"description\":\"\",\"potentialAction\":[{\"@type\":\"SearchAction\",\"target\":{\"@type\":\"EntryPoint\",\"urlTemplate\":\"https:\\\/\\\/idecesos.com\\\/seguros\\\/?s={search_term_string}\"},\"query-input\":{\"@type\":\"PropertyValueSpecification\",\"valueRequired\":true,\"valueName\":\"search_term_string\"}}],\"inLanguage\":\"es\"}]}<\/script>\n<!-- \/ Yoast SEO plugin. -->","yoast_head_json":{"title":"Tel\u00e9fono Gratuito Ergo \u25b7Atenci\u00f3n Cliente, Email, RRSS, Web","description":"Busca aqu\u00ed\u3010Ergo seguros tel\u00e9fono gratuito\u3011Ergo Decesos tel\u00e9fono gratis: atenci\u00f3n al cliente y contrataciones \u2611\ufe0fVerificado en 2026","robots":{"index":"index","follow":"follow","max-snippet":"max-snippet:-1","max-image-preview":"max-image-preview:large","max-video-preview":"max-video-preview:-1"},"canonical":"https:\/\/idecesos.com\/seguros\/companias\/ergo\/telefono\/","og_locale":"es_ES","og_type":"article","og_title":"Tel\u00e9fono Gratuito Ergo \u25b7Atenci\u00f3n Cliente, Email, RRSS, Web","og_description":"Busca aqu\u00ed\u3010Ergo seguros tel\u00e9fono gratuito\u3011Ergo Decesos tel\u00e9fono gratis: atenci\u00f3n al cliente y contrataciones \u2611\ufe0fVerificado en 2026","og_url":"https:\/\/idecesos.com\/seguros\/companias\/ergo\/telefono\/","article_modified_time":"2022-04-05T10:09:54+00:00","twitter_card":"summary_large_image","twitter_misc":{"Tiempo de lectura":"4 minutos"},"schema":{"@context":"https:\/\/schema.org","@graph":[{"@type":"WebPage","@id":"https:\/\/idecesos.com\/seguros\/companias\/ergo\/telefono\/","url":"https:\/\/idecesos.com\/seguros\/companias\/ergo\/telefono\/","name":"Tel\u00e9fono Gratuito Ergo \u25b7Atenci\u00f3n Cliente, Email, RRSS, Web","isPartOf":{"@id":"https:\/\/idecesos.com\/seguros\/#website"},"datePublished":"2021-11-25T10:17:34+00:00","dateModified":"2022-04-05T10:09:54+00:00","description":"Busca aqu\u00ed\u3010Ergo seguros tel\u00e9fono gratuito\u3011Ergo Decesos tel\u00e9fono gratis: atenci\u00f3n al cliente y contrataciones \u2611\ufe0fVerificado en 2026","breadcrumb":{"@id":"https:\/\/idecesos.com\/seguros\/companias\/ergo\/telefono\/#breadcrumb"},"inLanguage":"es","potentialAction":[{"@type":"ReadAction","target":["https:\/\/idecesos.com\/seguros\/companias\/ergo\/telefono\/"]}]},{"@type":"BreadcrumbList","@id":"https:\/\/idecesos.com\/seguros\/companias\/ergo\/telefono\/#breadcrumb","itemListElement":[{"@type":"ListItem","position":1,"name":"Portada","item":"https:\/\/idecesos.com\/seguros\/"},{"@type":"ListItem","position":2,"name":"Compa\u00f1\u00edas de Seguros de Decesos en Espa\u00f1a","item":"https:\/\/idecesos.com\/seguros\/companias\/"},{"@type":"ListItem","position":3,"name":"Seguro de decesos Ergo","item":"https:\/\/idecesos.com\/seguros\/companias\/ergo\/"},{"@type":"ListItem","position":4,"name":"Atenci\u00f3n al cliente Ergo: telefono gratuito, e-mail"}]},{"@type":"WebSite","@id":"https:\/\/idecesos.com\/seguros\/#website","url":"https:\/\/idecesos.com\/seguros\/","name":"","description":"","potentialAction":[{"@type":"SearchAction","target":{"@type":"EntryPoint","urlTemplate":"https:\/\/idecesos.com\/seguros\/?s={search_term_string}"},"query-input":{"@type":"PropertyValueSpecification","valueRequired":true,"valueName":"search_term_string"}}],"inLanguage":"es"}]}},"_links":{"self":[{"href":"https:\/\/idecesos.com\/seguros\/wp-json\/wp\/v2\/pages\/15410","targetHints":{"allow":["GET"]}}],"collection":[{"href":"https:\/\/idecesos.com\/seguros\/wp-json\/wp\/v2\/pages"}],"about":[{"href":"https:\/\/idecesos.com\/seguros\/wp-json\/wp\/v2\/types\/page"}],"author":[{"embeddable":true,"href":"https:\/\/idecesos.com\/seguros\/wp-json\/wp\/v2\/users\/1"}],"replies":[{"embeddable":true,"href":"https:\/\/idecesos.com\/seguros\/wp-json\/wp\/v2\/comments?post=15410"}],"version-history":[{"count":8,"href":"https:\/\/idecesos.com\/seguros\/wp-json\/wp\/v2\/pages\/15410\/revisions"}],"predecessor-version":[{"id":20983,"href":"https:\/\/idecesos.com\/seguros\/wp-json\/wp\/v2\/pages\/15410\/revisions\/20983"}],"up":[{"embeddable":true,"href":"https:\/\/idecesos.com\/seguros\/wp-json\/wp\/v2\/pages\/349"}],"wp:attachment":[{"href":"https:\/\/idecesos.com\/seguros\/wp-json\/wp\/v2\/media?parent=15410"}],"curies":[{"name":"wp","href":"https:\/\/api.w.org\/{rel}","templated":true}]}}