{"id":15411,"date":"2021-11-26T09:12:50","date_gmt":"2021-11-25T10:17:35","guid":{"rendered":"https:\/\/idecesos.com\/seguros\/companias\/imq\/telefono\/"},"modified":"2022-04-05T10:30:55","modified_gmt":"2022-04-05T10:30:55","slug":"telefono","status":"publish","type":"page","link":"https:\/\/idecesos.com\/seguros\/companias\/imq\/telefono\/","title":{"rendered":"Atenci\u00f3n al cliente IMQ: telefono gratuito, e-mail"},"content":{"rendered":"<div id=\"ez-toc-container\" class=\"ez-toc-v2_0_82_2 ez-toc-wrap-center counter-hierarchy ez-toc-counter ez-toc-custom ez-toc-container-direction\">\n<div class=\"ez-toc-title-container\">\n<p class=\"ez-toc-title\" style=\"cursor:inherit\">Tabla de Contenido<\/p>\n<span class=\"ez-toc-title-toggle\"><a href=\"#\" class=\"ez-toc-pull-right ez-toc-btn ez-toc-btn-xs ez-toc-btn-default ez-toc-toggle\" aria-label=\"Alternar tabla de contenidos\"><span class=\"ez-toc-js-icon-con\"><span class=\"\"><span class=\"eztoc-hide\" style=\"display:none;\">Toggle<\/span><span class=\"ez-toc-icon-toggle-span\"><svg style=\"fill: #db6415;color:#db6415\" xmlns=\"http:\/\/www.w3.org\/2000\/svg\" class=\"list-377408\" width=\"20px\" height=\"20px\" viewBox=\"0 0 24 24\" fill=\"none\"><path d=\"M6 6H4v2h2V6zm14 0H8v2h12V6zM4 11h2v2H4v-2zm16 0H8v2h12v-2zM4 16h2v2H4v-2zm16 0H8v2h12v-2z\" fill=\"currentColor\"><\/path><\/svg><svg style=\"fill: #db6415;color:#db6415\" class=\"arrow-unsorted-368013\" xmlns=\"http:\/\/www.w3.org\/2000\/svg\" width=\"10px\" height=\"10px\" viewBox=\"0 0 24 24\" version=\"1.2\" baseProfile=\"tiny\"><path d=\"M18.2 9.3l-6.2-6.3-6.2 6.3c-.2.2-.3.4-.3.7s.1.5.3.7c.2.2.4.3.7.3h11c.3 0 .5-.1.7-.3.2-.2.3-.5.3-.7s-.1-.5-.3-.7zM5.8 14.7l6.2 6.3 6.2-6.3c.2-.2.3-.5.3-.7s-.1-.5-.3-.7c-.2-.2-.4-.3-.7-.3h-11c-.3 0-.5.1-.7.3-.2.2-.3.5-.3.7s.1.5.3.7z\"\/><\/svg><\/span><\/span><\/span><\/a><\/span><\/div>\n<nav><ul class='ez-toc-list ez-toc-list-level-1 ' ><ul class='ez-toc-list-level-4' ><li class='ez-toc-heading-level-4'><ul class='ez-toc-list-level-4' ><li class='ez-toc-heading-level-4'><a class=\"ez-toc-link ez-toc-heading-1\" href=\"https:\/\/idecesos.com\/seguros\/companias\/imq\/telefono\/#Telefono_Contrataciones_951_127_403\" >Tel\u00e9fono Contrataciones \n951 127 403<\/a><\/li><\/ul><\/li><\/ul><\/li><li class='ez-toc-page-1 ez-toc-heading-level-2'><a class=\"ez-toc-link ez-toc-heading-2\" href=\"https:\/\/idecesos.com\/seguros\/companias\/imq\/telefono\/#%C2%BFComo_contactar_con_IMQ\" >\u00bfC\u00f3mo contactar con IMQ?<\/a><ul class='ez-toc-list-level-3' ><li class='ez-toc-heading-level-3'><a class=\"ez-toc-link ez-toc-heading-3\" href=\"https:\/\/idecesos.com\/seguros\/companias\/imq\/telefono\/#Telefono_gratuito_de_IMQ\" >Tel\u00e9fono gratuito de IMQ<\/a><\/li><li class='ez-toc-page-1 ez-toc-heading-level-3'><a class=\"ez-toc-link ez-toc-heading-4\" href=\"https:\/\/idecesos.com\/seguros\/companias\/imq\/telefono\/#Horario_de_atencion_al_cliente_de_IMQ\" >Horario de atenci\u00f3n al cliente de IMQ<\/a><\/li><li class='ez-toc-page-1 ez-toc-heading-level-3'><a class=\"ez-toc-link ez-toc-heading-5\" href=\"https:\/\/idecesos.com\/seguros\/companias\/imq\/telefono\/#Correo_electronico_de_IMQ\" >Correo electr\u00f3nico de IMQ<\/a><\/li><li class='ez-toc-page-1 ez-toc-heading-level-3'><a class=\"ez-toc-link ez-toc-heading-6\" href=\"https:\/\/idecesos.com\/seguros\/companias\/imq\/telefono\/#Formulario_en_el_sitio_Web_de_IMQ\" >Formulario en el sitio Web de IMQ<\/a><\/li><li class='ez-toc-page-1 ez-toc-heading-level-3'><a class=\"ez-toc-link ez-toc-heading-7\" href=\"https:\/\/idecesos.com\/seguros\/companias\/imq\/telefono\/#Redes_sociales_de_IMQ\" >Redes sociales de IMQ<\/a><\/li><li class='ez-toc-page-1 ez-toc-heading-level-3'><a class=\"ez-toc-link ez-toc-heading-8\" href=\"https:\/\/idecesos.com\/seguros\/companias\/imq\/telefono\/#Paginas_relacionadas\" >P\u00e1ginas relacionadas<\/a><\/li><\/ul><\/li><\/ul><\/nav><\/div>\n\n<div class=\"caja\">\n<div class=\"cajaIcono2 \"  ><div class=\"cuadro\" style=\"box-shadow: inset 0 0 0 3px #ff790e\"><div class=\"iconoCircular\" style=\"border: 3px solid #ff790e\">\t\t\n\t\t\t\t\t<div class=\"iconoCirculo\">\n\t\t\t\t\t  <i class=\"fas fa-phone-volume\"><\/i>\n\t\t\t\t\t<\/div>\n\t\t\t\t<\/div><div class=\"\">\n<h4 style=\"text-align: center;\"><span class=\"ez-toc-section\" id=\"Telefono_Contrataciones_951_127_403\"><\/span><strong>Tel\u00e9fono Contrataciones<br \/>\n951 127 403<\/strong><span class=\"ez-toc-section-end\"><\/span><\/h4>\n<p><\/div><\/div><\/div><br \/>\nIMQ ofrece diferentes m\u00e9todos de contacto, alcanzables a todo el mundo, para que puedan conseguir informaci\u00f3n sin ning\u00fan g\u00e9nero de complejidad y dificultad. Sin tener que desplazarse, podr\u00e1 obtener con todos y cada uno de los m\u00e9todos libres las mejores contestaciones por parte de los especialistas en su seguro de decesos. Perder a un familiar o ser querido es una ocasi\u00f3n dur\u00edsima y dif\u00edcil, por lo que todos los miembros de la compa\u00f1\u00eda respetar\u00e1n cada instante del proceso y, sobre todo, concluir\u00e1n todos y cada uno de los tr\u00e1mites antes de la fecha. Se le proporcionar\u00e1 toda la informaci\u00f3n respectiva a su seguro, como coberturas, la indemnizaci\u00f3n que pueda recibir por la hospitalizaci\u00f3n, los servicios de testamento y f\u00fanebre, y m\u00e1s.<br \/>\n<\/div><\/p>\n<div class=\"colorf \"  ><div class=\"container clearfix\"><div class=\"col-md-7\"><\/p>\n<h2><span class=\"ez-toc-section\" id=\"%C2%BFComo_contactar_con_IMQ\"><\/span>\u00bfC\u00f3mo contactar con IMQ?<span class=\"ez-toc-section-end\"><\/span><\/h2>\n<p>La forma gratuita de contactar con IMQ es a trav\u00e9s de su tel\u00e9fono de contacto gratis, perfil en redes sociales, web y direcci\u00f3n de mail.<br \/>\n<\/div><\/div><\/div>\n<h3><span class=\"ez-toc-section\" id=\"Telefono_gratuito_de_IMQ\"><\/span>Tel\u00e9fono gratuito de IMQ<span class=\"ez-toc-section-end\"><\/span><\/h3>\n<p>Este es el tel\u00e9fono de contacto <strong>900 81 81 50<\/strong>. IMQ no quieres que pierdas tu tiempo y te facilita esta alternativa a fin de que puedas contactar con ellos de forma veloz y f\u00e1cil. Ellos van a ser los encargados de resolverte cualquier duda o cuesti\u00f3n por medio de esta v\u00eda. Es esencial que sepas que la llamada a IMQ es plenamente gratuita por lo que los minutos que est\u00e9s hablando con ellos no repercutir\u00e1n en tu tarifa. En todo momento, le atender\u00e1 un consultor y experto en seguros de decesos para que de este modo pueda quedar satisfecho tras terminar la llamada.<br \/>\n<div class=\"colorf\"><div class=\"container clearfix\"><div class=\"col-md-7\"><\/p>\n<div class=\"cabecera_tabla_ajustada \"  style=\"width:80%\" ><div class=\"row\"><\/div>\n<div class=\"fila_tabla4 \"  ><div class=\"row\"><div class=\"col-8 nosepara izq\"><p><strong>Tel\u00e9fono para contrataciones<\/strong><\/p><\/div><div class=\"col-4 nosepara centro\">951 127 403<\/div><\/div><\/div>\n<div class=\"pie_tabla \"  ><div class=\"row\"><div class=\"col-12 \"><\/div><\/div><\/div><\/div>\n<\/div><\/div><\/div>\n<h3><span class=\"ez-toc-section\" id=\"Horario_de_atencion_al_cliente_de_IMQ\"><\/span>Horario de atenci\u00f3n al cliente de IMQ<span class=\"ez-toc-section-end\"><\/span><\/h3>\n<p>IMQ es siendo consciente de los diferentes horarios que puedan tener sus clientes del servicio por ellos tienen asistencia en diferentes franjas horarias a fin de que no te debas preocupar por nada y puedas resolver sus dudas sin inconveniente. La persona que coja su llamada le pasar\u00e1 con un agente experto en el tema para que pueda solucionar todas sus dudas y inconvenientes sobre su seguro de decesos. De esta forma, las dudas y cuestiones que le hab\u00edan hecho llamar a IMQ quedar\u00e1n resueltas a la mayor brevedad posible.<br \/>\n<div class=\"colorf\"><div class=\"container clearfix\"><div class=\"col-md-7\"><\/p>\n<h3><span class=\"ez-toc-section\" id=\"Correo_electronico_de_IMQ\"><\/span>Correo electr\u00f3nico de IMQ<span class=\"ez-toc-section-end\"><\/span><\/h3>\n<p>La poblaci\u00f3n est\u00e1 al tanto de lo esencial que es, en los tiempos que vivimos, Internet, con lo que disponen de perfiles en plataformas de mensajer\u00eda como Hotmail o bien Gmail. Con esto, es posible desempe\u00f1ar funciones como recibir o bien mandar informaci\u00f3n, flujo de archivos\u2026Con el objetivo de percibir datos en torno a su seguro de decesos, es de las herramientas m\u00e1s beneficiosas y convenientes. IMQ dispone de la siguiente direcci\u00f3n de correo electr\u00f3nico <strong>imq@imq.es<\/strong> para que pueda hacer llegar cualquier consulta o bien duda que le brote sobre su p\u00f3liza, el tipo de prima, o bien otro tema. Al mandar un mail con lo que desee saber, se le responder\u00e1 de la manera m\u00e1s clara y breve, para un buen entendimiento, cubriendo de esta manera sus necesidades y ofreci\u00e9ndole las mejores respuestas posibles.<br \/>\n<\/div><\/div><\/div><\/p>\n<h3><span class=\"ez-toc-section\" id=\"Formulario_en_el_sitio_Web_de_IMQ\"><\/span>Formulario en el sitio Web de IMQ<span class=\"ez-toc-section-end\"><\/span><\/h3>\n<p>Un buscador de internet, hoy en d\u00eda, es la herramienta m\u00e1s usada por el planeta. Esto se debe a su simple forma de utilizaci\u00f3n. Con tan solo poner una palabra tienes a tu disposici\u00f3n miles de resultados. Con solo poner en su terminal <strong>imq.es\/<\/strong> encontrar\u00e1 el sitio web de IMQ. En su web encontrar\u00e1 una idea general sobre todo sus servicios de su seguro de decesos. Costos, coberturas, ofertas, ventajas&#8230; unos datos que le ayudar\u00e1n a hacerse una idea de la aseguradora. IMQ pone a su predisposici\u00f3n un formulario que debe rellenar con su nombre y apellidos, correo, tel\u00e9fono de contacto, etc\u00e9teraFinalizado dicho formulario, un agente de IMQ se pondr\u00e1 en contacto con usted a la mayor brevedad para solucionar sus dudas.<br \/>\n<div class=\"colorf\"><div class=\"container clearfix\"><div class=\"col-md-7\"><\/p>\n<h3><span class=\"ez-toc-section\" id=\"Redes_sociales_de_IMQ\"><\/span>Redes sociales de IMQ<span class=\"ez-toc-section-end\"><\/span><\/h3>\n<p>Redes sociales como Twitter, Instagram, Fb o TikTok se han transformado en uno de los principales medios de las personas, es precisamente por esto que es una de las herramientas con mayor alcance y difusi\u00f3n que existen hoy en d\u00eda. Pr\u00e1cticamente todo el mundo tiene una de estas aplicaciones si no est\u00e1 registrado en todas y cada una. En alguna de estas aplicaciones IMQ tiene una cuenta. En cada uno de ellos podr\u00e1s hallar informaci\u00f3n sobre qui\u00e9nes son, ofertas disponibles que lanzan, la localizaci\u00f3n exacta de su sede central, enlace a su p\u00e1gina, im\u00e1genes, etc. Adem\u00e1s, mediante ellas puedes contactar con IMQ sin la necesidad de llamar por tel\u00e9fono, rellenar un formulario o mandar un e-mail.<br \/>\n<\/div><\/div><\/div><\/p>\n<\/div>\n<p><div class=\"oficinas\"> <h3><span class=\"ez-toc-section\" id=\"Paginas_relacionadas\"><\/span>P\u00e1ginas relacionadas<span class=\"ez-toc-section-end\"><\/span><\/h3><div class=\"enlazado\"><ul> <li><a href=\"https:\/\/idecesos.com\/seguros\/companias\/imq\/opiniones\/\">Opiniones IMQ<\/a><\/li> <li><a href=\"https:\/\/idecesos.com\/seguros\/companias\/imq\/precio\/\">Precio seguro IMQ<\/a><\/li> <li><a href=\"https:\/\/idecesos.com\/seguros\/companias\/imq\/prima-mixta\/\">IMQ Prima Mixta<\/a><\/li> <li><a href=\"https:\/\/idecesos.com\/seguros\/companias\/imq\/prima-natural\/\">IMQ Prima Natural<\/a><\/li> <li><a href=\"https:\/\/idecesos.com\/seguros\/companias\/imq\/prima-nivelada\/\">IMQ Prima Nivelada<\/a><\/li> <li><a href=\"https:\/\/idecesos.com\/seguros\/companias\/imq\/prima-unica\/\">IMQ Prima \u00danica<\/a><\/li> <li><a href=\"https:\/\/idecesos.com\/seguros\/companias\/imq\/repatriacion\/\">IMQ Repatriaci\u00f3n<\/a><\/li> <li><a href=\"https:\/\/idecesos.com\/seguros\/companias\/imq\/telefono\/\">Tel\u00e9fono Gratuito IMQ<\/a><\/li><\/ul><\/div> <\/div><\/p>\n","protected":false},"excerpt":{"rendered":"<p>IMQ ofrece diferentes m\u00e9todos de contacto, alcanzables a todo el mundo, para que puedan conseguir informaci\u00f3n sin ning\u00fan g\u00e9nero de complejidad y dificultad. Sin tener que desplazarse, podr\u00e1 obtener con todos y cada uno de los m\u00e9todos libres las mejores contestaciones por parte de los especialistas en su seguro de decesos. Perder a un familiar&hellip; <\/p>\n","protected":false},"author":1,"featured_media":0,"parent":372,"menu_order":0,"comment_status":"closed","ping_status":"closed","template":"single.php","meta":{"footnotes":""},"class_list":["post-15411","page","type-page","status-publish","hentry"],"yoast_head":"<!-- This site is optimized with the Yoast SEO plugin v27.4 - https:\/\/yoast.com\/product\/yoast-seo-wordpress\/ -->\n<title>Tel\u00e9fono Gratuito IMQ \u25b7Atenci\u00f3n Cliente, Email, RRSS, Web<\/title>\n<meta name=\"description\" content=\"Busca aqu\u00ed\u3010IMQ seguros tel\u00e9fono gratuito\u3011IMQ Decesos tel\u00e9fono gratis: atenci\u00f3n al cliente y contrataciones \u2611\ufe0fVerificado en 2026\" \/>\n<meta name=\"robots\" content=\"index, follow, max-snippet:-1, max-image-preview:large, max-video-preview:-1\" \/>\n<link rel=\"canonical\" href=\"https:\/\/idecesos.com\/seguros\/companias\/imq\/telefono\/\" \/>\n<meta property=\"og:locale\" content=\"es_ES\" \/>\n<meta property=\"og:type\" content=\"article\" \/>\n<meta property=\"og:title\" content=\"Tel\u00e9fono Gratuito IMQ \u25b7Atenci\u00f3n Cliente, Email, RRSS, Web\" \/>\n<meta property=\"og:description\" content=\"Busca aqu\u00ed\u3010IMQ seguros tel\u00e9fono gratuito\u3011IMQ Decesos tel\u00e9fono gratis: atenci\u00f3n al cliente y contrataciones \u2611\ufe0fVerificado en 2026\" \/>\n<meta property=\"og:url\" content=\"https:\/\/idecesos.com\/seguros\/companias\/imq\/telefono\/\" \/>\n<meta property=\"article:modified_time\" content=\"2022-04-05T10:30:55+00:00\" \/>\n<meta name=\"twitter:card\" content=\"summary_large_image\" \/>\n<meta name=\"twitter:label1\" content=\"Tiempo de lectura\" \/>\n\t<meta name=\"twitter:data1\" content=\"4 minutos\" \/>\n<script type=\"application\/ld+json\" class=\"yoast-schema-graph\">{\"@context\":\"https:\\\/\\\/schema.org\",\"@graph\":[{\"@type\":\"WebPage\",\"@id\":\"https:\\\/\\\/idecesos.com\\\/seguros\\\/companias\\\/imq\\\/telefono\\\/\",\"url\":\"https:\\\/\\\/idecesos.com\\\/seguros\\\/companias\\\/imq\\\/telefono\\\/\",\"name\":\"Tel\u00e9fono Gratuito IMQ \u25b7Atenci\u00f3n Cliente, Email, RRSS, Web\",\"isPartOf\":{\"@id\":\"https:\\\/\\\/idecesos.com\\\/seguros\\\/#website\"},\"datePublished\":\"2021-11-25T10:17:35+00:00\",\"dateModified\":\"2022-04-05T10:30:55+00:00\",\"description\":\"Busca aqu\u00ed\u3010IMQ seguros tel\u00e9fono gratuito\u3011IMQ Decesos tel\u00e9fono gratis: atenci\u00f3n al cliente y contrataciones \u2611\ufe0fVerificado en 2026\",\"breadcrumb\":{\"@id\":\"https:\\\/\\\/idecesos.com\\\/seguros\\\/companias\\\/imq\\\/telefono\\\/#breadcrumb\"},\"inLanguage\":\"es\",\"potentialAction\":[{\"@type\":\"ReadAction\",\"target\":[\"https:\\\/\\\/idecesos.com\\\/seguros\\\/companias\\\/imq\\\/telefono\\\/\"]}]},{\"@type\":\"BreadcrumbList\",\"@id\":\"https:\\\/\\\/idecesos.com\\\/seguros\\\/companias\\\/imq\\\/telefono\\\/#breadcrumb\",\"itemListElement\":[{\"@type\":\"ListItem\",\"position\":1,\"name\":\"Portada\",\"item\":\"https:\\\/\\\/idecesos.com\\\/seguros\\\/\"},{\"@type\":\"ListItem\",\"position\":2,\"name\":\"Compa\u00f1\u00edas de Seguros de Decesos en Espa\u00f1a\",\"item\":\"https:\\\/\\\/idecesos.com\\\/seguros\\\/companias\\\/\"},{\"@type\":\"ListItem\",\"position\":3,\"name\":\"Seguro de decesos IMQ\",\"item\":\"https:\\\/\\\/idecesos.com\\\/seguros\\\/companias\\\/imq\\\/\"},{\"@type\":\"ListItem\",\"position\":4,\"name\":\"Atenci\u00f3n al cliente IMQ: telefono gratuito, e-mail\"}]},{\"@type\":\"WebSite\",\"@id\":\"https:\\\/\\\/idecesos.com\\\/seguros\\\/#website\",\"url\":\"https:\\\/\\\/idecesos.com\\\/seguros\\\/\",\"name\":\"\",\"description\":\"\",\"potentialAction\":[{\"@type\":\"SearchAction\",\"target\":{\"@type\":\"EntryPoint\",\"urlTemplate\":\"https:\\\/\\\/idecesos.com\\\/seguros\\\/?s={search_term_string}\"},\"query-input\":{\"@type\":\"PropertyValueSpecification\",\"valueRequired\":true,\"valueName\":\"search_term_string\"}}],\"inLanguage\":\"es\"}]}<\/script>\n<!-- \/ Yoast SEO plugin. -->","yoast_head_json":{"title":"Tel\u00e9fono Gratuito IMQ \u25b7Atenci\u00f3n Cliente, Email, RRSS, Web","description":"Busca aqu\u00ed\u3010IMQ seguros tel\u00e9fono gratuito\u3011IMQ Decesos tel\u00e9fono gratis: atenci\u00f3n al cliente y contrataciones \u2611\ufe0fVerificado en 2026","robots":{"index":"index","follow":"follow","max-snippet":"max-snippet:-1","max-image-preview":"max-image-preview:large","max-video-preview":"max-video-preview:-1"},"canonical":"https:\/\/idecesos.com\/seguros\/companias\/imq\/telefono\/","og_locale":"es_ES","og_type":"article","og_title":"Tel\u00e9fono Gratuito IMQ \u25b7Atenci\u00f3n Cliente, Email, RRSS, Web","og_description":"Busca aqu\u00ed\u3010IMQ seguros tel\u00e9fono gratuito\u3011IMQ Decesos tel\u00e9fono gratis: atenci\u00f3n al cliente y contrataciones \u2611\ufe0fVerificado en 2026","og_url":"https:\/\/idecesos.com\/seguros\/companias\/imq\/telefono\/","article_modified_time":"2022-04-05T10:30:55+00:00","twitter_card":"summary_large_image","twitter_misc":{"Tiempo de lectura":"4 minutos"},"schema":{"@context":"https:\/\/schema.org","@graph":[{"@type":"WebPage","@id":"https:\/\/idecesos.com\/seguros\/companias\/imq\/telefono\/","url":"https:\/\/idecesos.com\/seguros\/companias\/imq\/telefono\/","name":"Tel\u00e9fono Gratuito IMQ \u25b7Atenci\u00f3n Cliente, Email, RRSS, Web","isPartOf":{"@id":"https:\/\/idecesos.com\/seguros\/#website"},"datePublished":"2021-11-25T10:17:35+00:00","dateModified":"2022-04-05T10:30:55+00:00","description":"Busca aqu\u00ed\u3010IMQ seguros tel\u00e9fono gratuito\u3011IMQ Decesos tel\u00e9fono gratis: atenci\u00f3n al cliente y contrataciones \u2611\ufe0fVerificado en 2026","breadcrumb":{"@id":"https:\/\/idecesos.com\/seguros\/companias\/imq\/telefono\/#breadcrumb"},"inLanguage":"es","potentialAction":[{"@type":"ReadAction","target":["https:\/\/idecesos.com\/seguros\/companias\/imq\/telefono\/"]}]},{"@type":"BreadcrumbList","@id":"https:\/\/idecesos.com\/seguros\/companias\/imq\/telefono\/#breadcrumb","itemListElement":[{"@type":"ListItem","position":1,"name":"Portada","item":"https:\/\/idecesos.com\/seguros\/"},{"@type":"ListItem","position":2,"name":"Compa\u00f1\u00edas de Seguros de Decesos en Espa\u00f1a","item":"https:\/\/idecesos.com\/seguros\/companias\/"},{"@type":"ListItem","position":3,"name":"Seguro de decesos IMQ","item":"https:\/\/idecesos.com\/seguros\/companias\/imq\/"},{"@type":"ListItem","position":4,"name":"Atenci\u00f3n al cliente IMQ: telefono gratuito, e-mail"}]},{"@type":"WebSite","@id":"https:\/\/idecesos.com\/seguros\/#website","url":"https:\/\/idecesos.com\/seguros\/","name":"","description":"","potentialAction":[{"@type":"SearchAction","target":{"@type":"EntryPoint","urlTemplate":"https:\/\/idecesos.com\/seguros\/?s={search_term_string}"},"query-input":{"@type":"PropertyValueSpecification","valueRequired":true,"valueName":"search_term_string"}}],"inLanguage":"es"}]}},"_links":{"self":[{"href":"https:\/\/idecesos.com\/seguros\/wp-json\/wp\/v2\/pages\/15411","targetHints":{"allow":["GET"]}}],"collection":[{"href":"https:\/\/idecesos.com\/seguros\/wp-json\/wp\/v2\/pages"}],"about":[{"href":"https:\/\/idecesos.com\/seguros\/wp-json\/wp\/v2\/types\/page"}],"author":[{"embeddable":true,"href":"https:\/\/idecesos.com\/seguros\/wp-json\/wp\/v2\/users\/1"}],"replies":[{"embeddable":true,"href":"https:\/\/idecesos.com\/seguros\/wp-json\/wp\/v2\/comments?post=15411"}],"version-history":[{"count":8,"href":"https:\/\/idecesos.com\/seguros\/wp-json\/wp\/v2\/pages\/15411\/revisions"}],"predecessor-version":[{"id":20997,"href":"https:\/\/idecesos.com\/seguros\/wp-json\/wp\/v2\/pages\/15411\/revisions\/20997"}],"up":[{"embeddable":true,"href":"https:\/\/idecesos.com\/seguros\/wp-json\/wp\/v2\/pages\/372"}],"wp:attachment":[{"href":"https:\/\/idecesos.com\/seguros\/wp-json\/wp\/v2\/media?parent=15411"}],"curies":[{"name":"wp","href":"https:\/\/api.w.org\/{rel}","templated":true}]}}