{"id":15414,"date":"2021-11-26T09:12:52","date_gmt":"2021-11-25T10:17:36","guid":{"rendered":"https:\/\/idecesos.com\/seguros\/companias\/orbita\/telefono\/"},"modified":"2022-04-07T08:09:13","modified_gmt":"2022-04-07T08:09:13","slug":"telefono","status":"publish","type":"page","link":"https:\/\/idecesos.com\/seguros\/companias\/orbita\/telefono\/","title":{"rendered":"Atenci\u00f3n al cliente Seguros Orbita Decesos: telefono gratuito, e-mail"},"content":{"rendered":"<div id=\"ez-toc-container\" class=\"ez-toc-v2_0_82_2 ez-toc-wrap-center counter-hierarchy ez-toc-counter ez-toc-custom ez-toc-container-direction\">\n<div class=\"ez-toc-title-container\">\n<p class=\"ez-toc-title\" style=\"cursor:inherit\">Tabla de Contenido<\/p>\n<span class=\"ez-toc-title-toggle\"><a href=\"#\" class=\"ez-toc-pull-right ez-toc-btn ez-toc-btn-xs ez-toc-btn-default ez-toc-toggle\" aria-label=\"Alternar tabla de contenidos\"><span class=\"ez-toc-js-icon-con\"><span class=\"\"><span class=\"eztoc-hide\" style=\"display:none;\">Toggle<\/span><span class=\"ez-toc-icon-toggle-span\"><svg style=\"fill: #db6415;color:#db6415\" xmlns=\"http:\/\/www.w3.org\/2000\/svg\" class=\"list-377408\" width=\"20px\" height=\"20px\" viewBox=\"0 0 24 24\" fill=\"none\"><path d=\"M6 6H4v2h2V6zm14 0H8v2h12V6zM4 11h2v2H4v-2zm16 0H8v2h12v-2zM4 16h2v2H4v-2zm16 0H8v2h12v-2z\" fill=\"currentColor\"><\/path><\/svg><svg style=\"fill: #db6415;color:#db6415\" class=\"arrow-unsorted-368013\" xmlns=\"http:\/\/www.w3.org\/2000\/svg\" width=\"10px\" height=\"10px\" viewBox=\"0 0 24 24\" version=\"1.2\" baseProfile=\"tiny\"><path d=\"M18.2 9.3l-6.2-6.3-6.2 6.3c-.2.2-.3.4-.3.7s.1.5.3.7c.2.2.4.3.7.3h11c.3 0 .5-.1.7-.3.2-.2.3-.5.3-.7s-.1-.5-.3-.7zM5.8 14.7l6.2 6.3 6.2-6.3c.2-.2.3-.5.3-.7s-.1-.5-.3-.7c-.2-.2-.4-.3-.7-.3h-11c-.3 0-.5.1-.7.3-.2.2-.3.5-.3.7s.1.5.3.7z\"\/><\/svg><\/span><\/span><\/span><\/a><\/span><\/div>\n<nav><ul class='ez-toc-list ez-toc-list-level-1 ' ><ul class='ez-toc-list-level-4' ><li class='ez-toc-heading-level-4'><ul class='ez-toc-list-level-4' ><li class='ez-toc-heading-level-4'><a class=\"ez-toc-link ez-toc-heading-1\" href=\"https:\/\/idecesos.com\/seguros\/companias\/orbita\/telefono\/#Telefono_Contrataciones_951_127_403\" >Tel\u00e9fono Contrataciones \n951 127 403<\/a><\/li><\/ul><\/li><\/ul><\/li><li class='ez-toc-page-1 ez-toc-heading-level-2'><a class=\"ez-toc-link ez-toc-heading-2\" href=\"https:\/\/idecesos.com\/seguros\/companias\/orbita\/telefono\/#%C2%BFComo_contactar_con_Seguros_Orbita_Decesos\" >\u00bfC\u00f3mo contactar con Seguros Orbita Decesos?<\/a><ul class='ez-toc-list-level-3' ><li class='ez-toc-heading-level-3'><a class=\"ez-toc-link ez-toc-heading-3\" href=\"https:\/\/idecesos.com\/seguros\/companias\/orbita\/telefono\/#Telefono_gratuito_de_Seguros_Orbita_Decesos\" >Tel\u00e9fono gratuito de Seguros Orbita Decesos<\/a><\/li><li class='ez-toc-page-1 ez-toc-heading-level-3'><a class=\"ez-toc-link ez-toc-heading-4\" href=\"https:\/\/idecesos.com\/seguros\/companias\/orbita\/telefono\/#Horario_de_atencion_al_cliente_de_Seguros_Orbita_Decesos\" >Horario de atenci\u00f3n al cliente de Seguros Orbita Decesos<\/a><\/li><li class='ez-toc-page-1 ez-toc-heading-level-3'><a class=\"ez-toc-link ez-toc-heading-5\" href=\"https:\/\/idecesos.com\/seguros\/companias\/orbita\/telefono\/#Correo_electronico_de_Seguros_Orbita_Decesos\" >Correo electr\u00f3nico de Seguros Orbita Decesos<\/a><\/li><li class='ez-toc-page-1 ez-toc-heading-level-3'><a class=\"ez-toc-link ez-toc-heading-6\" href=\"https:\/\/idecesos.com\/seguros\/companias\/orbita\/telefono\/#Formulario_en_el_sitio_Web_de_Seguros_Orbita_Decesos\" >Formulario en el sitio Web de Seguros Orbita Decesos<\/a><\/li><li class='ez-toc-page-1 ez-toc-heading-level-3'><a class=\"ez-toc-link ez-toc-heading-7\" href=\"https:\/\/idecesos.com\/seguros\/companias\/orbita\/telefono\/#Redes_sociales_de_Seguros_Orbita_Decesos\" >Redes sociales de Seguros Orbita Decesos<\/a><\/li><li class='ez-toc-page-1 ez-toc-heading-level-3'><a class=\"ez-toc-link ez-toc-heading-8\" href=\"https:\/\/idecesos.com\/seguros\/companias\/orbita\/telefono\/#Paginas_relacionadas\" >P\u00e1ginas relacionadas<\/a><\/li><\/ul><\/li><\/ul><\/nav><\/div>\n\n<div class=\"caja\">\n<div class=\"cajaIcono2 \"  ><div class=\"cuadro\" style=\"box-shadow: inset 0 0 0 3px #ff790e\"><div class=\"iconoCircular\" style=\"border: 3px solid #ff790e\">\t\t\n\t\t\t\t\t<div class=\"iconoCirculo\">\n\t\t\t\t\t  <i class=\"fas fa-phone-volume\"><\/i>\n\t\t\t\t\t<\/div>\n\t\t\t\t<\/div><div class=\"\">\n<h4 style=\"text-align: center;\"><span class=\"ez-toc-section\" id=\"Telefono_Contrataciones_951_127_403\"><\/span><strong>Tel\u00e9fono Contrataciones<br \/>\n951 127 403<\/strong><span class=\"ez-toc-section-end\"><\/span><\/h4>\n<p><\/div><\/div><\/div><br \/>\nSeguros Orbita Decesos presenta una variedad de m\u00e9todos, absolutamente gratis, para que pueda tener la informaci\u00f3n precisa sobre la compa\u00f1\u00eda, de manera f\u00e1cil y sencilla. Ser\u00e1 informado por la persona que le atienda sobre todo lo que desee saber de su seguro de decesos y, los servicios con relaci\u00f3n al entierro, como los traslados, tr\u00e1mites, elecci\u00f3n y gastos de flores o ata\u00fad, los tipos de asistencia, orientaciones, etc\u00e9teraEs por este motivo que, los expertos se ocupar\u00e1 de que todo est\u00e9 aclarado, gestiones y tr\u00e1mites cerrados, para cuando toque vivir el momento tan dif\u00edcil de la muerte de un familiar. Va a sentir el \u00e1nimo y respeto merecido en todos y cada instante del proceso.<br \/>\n<\/div><\/p>\n<div class=\"colorf \"  ><div class=\"container clearfix\"><div class=\"col-md-7\"><\/p>\n<h2><span class=\"ez-toc-section\" id=\"%C2%BFComo_contactar_con_Seguros_Orbita_Decesos\"><\/span>\u00bfC\u00f3mo contactar con Seguros Orbita Decesos?<span class=\"ez-toc-section-end\"><\/span><\/h2>\n<p>Para contactar con Seguros Orbita Decesos, dispone de un tel\u00e9fono gratis de contacto, correo electr\u00f3nico, web, en la que se le facilitar\u00e1 un formulario y, por \u00faltimo, perfiles en diferentes redes sociales.<br \/>\n<\/div><\/div><\/div>\n<h3><span class=\"ez-toc-section\" id=\"Telefono_gratuito_de_Seguros_Orbita_Decesos\"><\/span>Tel\u00e9fono gratuito de Seguros Orbita Decesos<span class=\"ez-toc-section-end\"><\/span><\/h3>\n<p>La llamada a Seguros Orbita Decesos le va a salir absolutamente sin costo. La llamada realizada por parte del usuario o del profesional, no va a tener ning\u00fan coste, independientemente del tiempo que dure. Este m\u00e9todo es simple y sencillo de utilizar. Actualmente todo el mundo dispone de un m\u00f3vil que te dar\u00e1 la facilidad de no tener que ir a ninguna oficina de Seguros Orbita Decesos pudiendo hacer todos los tr\u00e1mites sobre su seguro de decesos desde su sof\u00e1. La persona con la que hable, ser\u00e1 un experto asesor en tal cuesti\u00f3n a fin de que, tras acabar la llamada, sus dudas quedar\u00e1n resueltas y va a quedar absolutamente satisfecho. El n\u00famero es el: <strong>946 42 12 41.<\/strong><br \/>\n<div class=\"colorf\"><div class=\"container clearfix\"><div class=\"col-md-7\"><\/p>\n<div class=\"cabecera_tabla_ajustada \"  style=\"width:80%\" ><div class=\"row\"><\/div>\n<div class=\"fila_tabla4 \"  ><div class=\"row\"><div class=\"col-8 nosepara izq\"><p><strong>Tel\u00e9fono para contrataciones<\/strong><\/p><\/div><div class=\"col-4 nosepara centro\">951 127 403<\/div><\/div><\/div>\n<div class=\"pie_tabla \"  ><div class=\"row\"><div class=\"col-12 \"><\/div><\/div><\/div><\/div>\n<\/div><\/div><\/div>\n<h3><span class=\"ez-toc-section\" id=\"Horario_de_atencion_al_cliente_de_Seguros_Orbita_Decesos\"><\/span>Horario de atenci\u00f3n al cliente de Seguros Orbita Decesos<span class=\"ez-toc-section-end\"><\/span><\/h3>\n<p>Al usuario se le da por la parte de Seguros Orbita Decesos un horario flexible de atenci\u00f3n al usuario, tanto de ma\u00f1ana como de tarde. Merced a este servicio podr\u00e1 efectuar la llamada durante el d\u00eda. La persona con la que hable le atender\u00e1 con un lenguaje claro y conciso para que los servicios que usted demanden quede resueltos. Si la llamada lo precisa, ser\u00e1 desviado a uno de los asesores especialistas de la compa\u00f1\u00eda. Este podr\u00e1 resolverle todas sus dudas y preguntas que desee saber sobre su seguro de decesos. Tras acabar la llamada, va a haber recabado todos y cada uno de los datos precisos y va a ser de su agrado el trato recibido por parte de la compa\u00f1\u00eda.<br \/>\n<div class=\"colorf\"><div class=\"container clearfix\"><div class=\"col-md-7\"><\/p>\n<h3><span class=\"ez-toc-section\" id=\"Correo_electronico_de_Seguros_Orbita_Decesos\"><\/span>Correo electr\u00f3nico de Seguros Orbita Decesos<span class=\"ez-toc-section-end\"><\/span><\/h3>\n<p>Las nuevas tecnolog\u00edas no paran de avanzar y la sociedad lo hace junto a ellas, agarradas de la mano. La llegada de internet y plataformas como Gmail o bien Hotmail han hecho que la forma de comunicarse a gran distancia sea sencilla y pr\u00e1ctica. En la actualidad casi todo el mundo tiene es usuario de alguna de estas plataformas que han digitalizado casi todo. Seguros Orbita Decesos ha tenido en cuenta esta evoluci\u00f3n de la sociedad por lo que ofrece a sus usuarios un correo electr\u00f3nico para poder contactar con ellos <strong>atencionalcliente@segurosbilbao.com<\/strong>. Una alternativa con la que va a poder enviar cualquier inconveniente, duda o cuesti\u00f3n a Seguros Orbita Decesos a fin de que te asista en ello. La contestaci\u00f3n que consiga ser\u00e1 minuciosamente estudiada y preparada por uno de los especialistas.<br \/>\n<\/div><\/div><\/div><\/p>\n<h3><span class=\"ez-toc-section\" id=\"Formulario_en_el_sitio_Web_de_Seguros_Orbita_Decesos\"><\/span>Formulario en el sitio Web de Seguros Orbita Decesos<span class=\"ez-toc-section-end\"><\/span><\/h3>\n<p>Un buscador de Internet va a tener la sencillez de hacerle saber lo que desee en ese instante. Por ese hecho, es la plataforma m\u00e1s esencial a la que la mayor\u00eda de las personas del planeta tienen acceso. Seguros Orbita Decesos prosigue la tendencia y dispone de la siguiente p\u00e1gina web <strong>www.segurosbilbao.com\/seguros-decesos<\/strong>En tal p\u00e1gina, se le facilitar\u00e1 un formulario el que deber\u00e1 rellenar los pr\u00f3ximos campos: nombre, apellidos, tel\u00e9fono de contacto, correo electr\u00f3nico\u2026Tras este paso, un experto contactar\u00e1 con usted para ayudarle en todo cuanto necesite.<br \/>\n<div class=\"colorf\"><div class=\"container clearfix\"><div class=\"col-md-7\"><\/p>\n<h3><span class=\"ez-toc-section\" id=\"Redes_sociales_de_Seguros_Orbita_Decesos\"><\/span>Redes sociales de Seguros Orbita Decesos<span class=\"ez-toc-section-end\"><\/span><\/h3>\n<p>En la actualidad, redes sociales como Instagram, Fb, Twitter o bien TikTok cubren un gran parte del tiempo de las personas es por ello que son herramientas que tienen una enorme difusi\u00f3n y alcance en todo el planeta. Su utilidad hace que las personas cuenten por lo menos con una de ellas o bien hasta con las cuatro. Seguros Orbita Decesos dispone de su perfil en algunas de estas plataformas. En cada uno de ellos vas a poder localizar informaci\u00f3n sobre qui\u00e9nes son, ofertas disponibles que lanzan, la localizaci\u00f3n exacta de su sede central, enlace a su p\u00e1gina web, im\u00e1genes, etc. En ciertas redes sociales puedes ponerte en contacto con Seguros Orbita Decesos a fin de que de esta manera puedas mantener el contacto con ellos sin tener que buscar ning\u00fan tel\u00e9fono o correo electr\u00f3nico.<br \/>\n<\/div><\/div><\/div><\/p>\n<\/div>\n<p><div class=\"oficinas\"> <h3><span class=\"ez-toc-section\" id=\"Paginas_relacionadas\"><\/span>P\u00e1ginas relacionadas<span class=\"ez-toc-section-end\"><\/span><\/h3><div class=\"enlazado\"><ul> <li><a href=\"https:\/\/idecesos.com\/seguros\/companias\/orbita\/coberturas\/\">Coberturas Seguro de Decesos Orbita<\/a><\/li> <li><a href=\"https:\/\/idecesos.com\/seguros\/companias\/orbita\/opiniones\/\">Opiniones ORBITA<\/a><\/li> <li><a href=\"https:\/\/idecesos.com\/seguros\/companias\/orbita\/precio\/\">Precio seguros Orbita Decesos<\/a><\/li> <li><a href=\"https:\/\/idecesos.com\/seguros\/companias\/orbita\/prima-mixta\/\">Orbita Decesos Prima Mixta<\/a><\/li> <li><a href=\"https:\/\/idecesos.com\/seguros\/companias\/orbita\/prima-natural\/\">Orbita Decesos Prima Natural<\/a><\/li> <li><a href=\"https:\/\/idecesos.com\/seguros\/companias\/orbita\/prima-nivelada\/\">Orbita Decesos Prima Nivelada<\/a><\/li> <li><a href=\"https:\/\/idecesos.com\/seguros\/companias\/orbita\/prima-unica\/\">Orbita Decesos Prima \u00danica<\/a><\/li> <li><a href=\"https:\/\/idecesos.com\/seguros\/companias\/orbita\/repatriacion\/\">Orbita Decesos Repatriaci\u00f3n<\/a><\/li> <li><a href=\"https:\/\/idecesos.com\/seguros\/companias\/orbita\/telefono\/\">Tel\u00e9fono Gratuito Seguros Orbita Decesos<\/a><\/li>   <\/ul><\/div> <\/div><\/p>\n","protected":false},"excerpt":{"rendered":"<p>Seguros Orbita Decesos presenta una variedad de m\u00e9todos, absolutamente gratis, para que pueda tener la informaci\u00f3n precisa sobre la compa\u00f1\u00eda, de manera f\u00e1cil y sencilla. Ser\u00e1 informado por la persona que le atienda sobre todo lo que desee saber de su seguro de decesos y, los servicios con relaci\u00f3n al entierro, como los traslados, tr\u00e1mites,&hellip; <\/p>\n","protected":false},"author":1,"featured_media":0,"parent":435,"menu_order":0,"comment_status":"closed","ping_status":"closed","template":"single.php","meta":{"footnotes":""},"class_list":["post-15414","page","type-page","status-publish","hentry"],"yoast_head":"<!-- This site is optimized with the Yoast SEO plugin v27.3 - https:\/\/yoast.com\/product\/yoast-seo-wordpress\/ -->\n<title>Tel\u00e9fono Gratuito Seguros Orbita Decesos \u25b7Atenci\u00f3n Cliente, Email, RRSS, Web<\/title>\n<meta name=\"description\" content=\"Busca aqu\u00ed\u3010Seguros Orbita Decesos seguros tel\u00e9fono gratuito\u3011Seguros Orbita Decesos Decesos tel\u00e9fono gratis: atenci\u00f3n al cliente y contrataciones \u2611\ufe0fVerificado en 2026\" \/>\n<meta name=\"robots\" content=\"index, follow, max-snippet:-1, max-image-preview:large, max-video-preview:-1\" \/>\n<link rel=\"canonical\" href=\"https:\/\/idecesos.com\/seguros\/companias\/orbita\/telefono\/\" \/>\n<meta property=\"og:locale\" content=\"es_ES\" \/>\n<meta property=\"og:type\" content=\"article\" \/>\n<meta property=\"og:title\" content=\"Tel\u00e9fono Gratuito Seguros Orbita Decesos \u25b7Atenci\u00f3n Cliente, Email, RRSS, Web\" \/>\n<meta property=\"og:description\" content=\"Busca aqu\u00ed\u3010Seguros Orbita Decesos seguros tel\u00e9fono gratuito\u3011Seguros Orbita Decesos Decesos tel\u00e9fono gratis: atenci\u00f3n al cliente y contrataciones \u2611\ufe0fVerificado en 2026\" \/>\n<meta property=\"og:url\" content=\"https:\/\/idecesos.com\/seguros\/companias\/orbita\/telefono\/\" \/>\n<meta property=\"article:modified_time\" content=\"2022-04-07T08:09:13+00:00\" \/>\n<meta name=\"twitter:card\" content=\"summary_large_image\" \/>\n<meta name=\"twitter:label1\" content=\"Tiempo de lectura\" \/>\n\t<meta name=\"twitter:data1\" content=\"4 minutos\" \/>\n<script type=\"application\/ld+json\" class=\"yoast-schema-graph\">{\"@context\":\"https:\\\/\\\/schema.org\",\"@graph\":[{\"@type\":\"WebPage\",\"@id\":\"https:\\\/\\\/idecesos.com\\\/seguros\\\/companias\\\/orbita\\\/telefono\\\/\",\"url\":\"https:\\\/\\\/idecesos.com\\\/seguros\\\/companias\\\/orbita\\\/telefono\\\/\",\"name\":\"Tel\u00e9fono Gratuito Seguros Orbita Decesos \u25b7Atenci\u00f3n Cliente, Email, RRSS, Web\",\"isPartOf\":{\"@id\":\"https:\\\/\\\/idecesos.com\\\/seguros\\\/#website\"},\"datePublished\":\"2021-11-25T10:17:36+00:00\",\"dateModified\":\"2022-04-07T08:09:13+00:00\",\"description\":\"Busca aqu\u00ed\u3010Seguros Orbita Decesos seguros tel\u00e9fono gratuito\u3011Seguros Orbita Decesos Decesos tel\u00e9fono gratis: atenci\u00f3n al cliente y contrataciones \u2611\ufe0fVerificado en 2026\",\"breadcrumb\":{\"@id\":\"https:\\\/\\\/idecesos.com\\\/seguros\\\/companias\\\/orbita\\\/telefono\\\/#breadcrumb\"},\"inLanguage\":\"es\",\"potentialAction\":[{\"@type\":\"ReadAction\",\"target\":[\"https:\\\/\\\/idecesos.com\\\/seguros\\\/companias\\\/orbita\\\/telefono\\\/\"]}]},{\"@type\":\"BreadcrumbList\",\"@id\":\"https:\\\/\\\/idecesos.com\\\/seguros\\\/companias\\\/orbita\\\/telefono\\\/#breadcrumb\",\"itemListElement\":[{\"@type\":\"ListItem\",\"position\":1,\"name\":\"Portada\",\"item\":\"https:\\\/\\\/idecesos.com\\\/seguros\\\/\"},{\"@type\":\"ListItem\",\"position\":2,\"name\":\"Compa\u00f1\u00edas de Seguros de Decesos en Espa\u00f1a\",\"item\":\"https:\\\/\\\/idecesos.com\\\/seguros\\\/companias\\\/\"},{\"@type\":\"ListItem\",\"position\":3,\"name\":\"Seguro de decesos \u00d3rbita\",\"item\":\"https:\\\/\\\/idecesos.com\\\/seguros\\\/companias\\\/orbita\\\/\"},{\"@type\":\"ListItem\",\"position\":4,\"name\":\"Atenci\u00f3n al cliente Seguros Orbita Decesos: telefono gratuito, e-mail\"}]},{\"@type\":\"WebSite\",\"@id\":\"https:\\\/\\\/idecesos.com\\\/seguros\\\/#website\",\"url\":\"https:\\\/\\\/idecesos.com\\\/seguros\\\/\",\"name\":\"\",\"description\":\"\",\"potentialAction\":[{\"@type\":\"SearchAction\",\"target\":{\"@type\":\"EntryPoint\",\"urlTemplate\":\"https:\\\/\\\/idecesos.com\\\/seguros\\\/?s={search_term_string}\"},\"query-input\":{\"@type\":\"PropertyValueSpecification\",\"valueRequired\":true,\"valueName\":\"search_term_string\"}}],\"inLanguage\":\"es\"}]}<\/script>\n<!-- \/ Yoast SEO plugin. -->","yoast_head_json":{"title":"Tel\u00e9fono Gratuito Seguros Orbita Decesos \u25b7Atenci\u00f3n Cliente, Email, RRSS, Web","description":"Busca aqu\u00ed\u3010Seguros Orbita Decesos seguros tel\u00e9fono gratuito\u3011Seguros Orbita Decesos Decesos tel\u00e9fono gratis: atenci\u00f3n al cliente y contrataciones \u2611\ufe0fVerificado en 2026","robots":{"index":"index","follow":"follow","max-snippet":"max-snippet:-1","max-image-preview":"max-image-preview:large","max-video-preview":"max-video-preview:-1"},"canonical":"https:\/\/idecesos.com\/seguros\/companias\/orbita\/telefono\/","og_locale":"es_ES","og_type":"article","og_title":"Tel\u00e9fono Gratuito Seguros Orbita Decesos \u25b7Atenci\u00f3n Cliente, Email, RRSS, Web","og_description":"Busca aqu\u00ed\u3010Seguros Orbita Decesos seguros tel\u00e9fono gratuito\u3011Seguros Orbita Decesos Decesos tel\u00e9fono gratis: atenci\u00f3n al cliente y contrataciones \u2611\ufe0fVerificado en 2026","og_url":"https:\/\/idecesos.com\/seguros\/companias\/orbita\/telefono\/","article_modified_time":"2022-04-07T08:09:13+00:00","twitter_card":"summary_large_image","twitter_misc":{"Tiempo de lectura":"4 minutos"},"schema":{"@context":"https:\/\/schema.org","@graph":[{"@type":"WebPage","@id":"https:\/\/idecesos.com\/seguros\/companias\/orbita\/telefono\/","url":"https:\/\/idecesos.com\/seguros\/companias\/orbita\/telefono\/","name":"Tel\u00e9fono Gratuito Seguros Orbita Decesos \u25b7Atenci\u00f3n Cliente, Email, RRSS, Web","isPartOf":{"@id":"https:\/\/idecesos.com\/seguros\/#website"},"datePublished":"2021-11-25T10:17:36+00:00","dateModified":"2022-04-07T08:09:13+00:00","description":"Busca aqu\u00ed\u3010Seguros Orbita Decesos seguros tel\u00e9fono gratuito\u3011Seguros Orbita Decesos Decesos tel\u00e9fono gratis: atenci\u00f3n al cliente y contrataciones \u2611\ufe0fVerificado en 2026","breadcrumb":{"@id":"https:\/\/idecesos.com\/seguros\/companias\/orbita\/telefono\/#breadcrumb"},"inLanguage":"es","potentialAction":[{"@type":"ReadAction","target":["https:\/\/idecesos.com\/seguros\/companias\/orbita\/telefono\/"]}]},{"@type":"BreadcrumbList","@id":"https:\/\/idecesos.com\/seguros\/companias\/orbita\/telefono\/#breadcrumb","itemListElement":[{"@type":"ListItem","position":1,"name":"Portada","item":"https:\/\/idecesos.com\/seguros\/"},{"@type":"ListItem","position":2,"name":"Compa\u00f1\u00edas de Seguros de Decesos en Espa\u00f1a","item":"https:\/\/idecesos.com\/seguros\/companias\/"},{"@type":"ListItem","position":3,"name":"Seguro de decesos \u00d3rbita","item":"https:\/\/idecesos.com\/seguros\/companias\/orbita\/"},{"@type":"ListItem","position":4,"name":"Atenci\u00f3n al cliente Seguros Orbita Decesos: telefono gratuito, e-mail"}]},{"@type":"WebSite","@id":"https:\/\/idecesos.com\/seguros\/#website","url":"https:\/\/idecesos.com\/seguros\/","name":"","description":"","potentialAction":[{"@type":"SearchAction","target":{"@type":"EntryPoint","urlTemplate":"https:\/\/idecesos.com\/seguros\/?s={search_term_string}"},"query-input":{"@type":"PropertyValueSpecification","valueRequired":true,"valueName":"search_term_string"}}],"inLanguage":"es"}]}},"_links":{"self":[{"href":"https:\/\/idecesos.com\/seguros\/wp-json\/wp\/v2\/pages\/15414","targetHints":{"allow":["GET"]}}],"collection":[{"href":"https:\/\/idecesos.com\/seguros\/wp-json\/wp\/v2\/pages"}],"about":[{"href":"https:\/\/idecesos.com\/seguros\/wp-json\/wp\/v2\/types\/page"}],"author":[{"embeddable":true,"href":"https:\/\/idecesos.com\/seguros\/wp-json\/wp\/v2\/users\/1"}],"replies":[{"embeddable":true,"href":"https:\/\/idecesos.com\/seguros\/wp-json\/wp\/v2\/comments?post=15414"}],"version-history":[{"count":8,"href":"https:\/\/idecesos.com\/seguros\/wp-json\/wp\/v2\/pages\/15414\/revisions"}],"predecessor-version":[{"id":21040,"href":"https:\/\/idecesos.com\/seguros\/wp-json\/wp\/v2\/pages\/15414\/revisions\/21040"}],"up":[{"embeddable":true,"href":"https:\/\/idecesos.com\/seguros\/wp-json\/wp\/v2\/pages\/435"}],"wp:attachment":[{"href":"https:\/\/idecesos.com\/seguros\/wp-json\/wp\/v2\/media?parent=15414"}],"curies":[{"name":"wp","href":"https:\/\/api.w.org\/{rel}","templated":true}]}}