{"id":15415,"date":"2021-11-26T09:12:53","date_gmt":"2021-11-25T10:17:37","guid":{"rendered":"https:\/\/idecesos.com\/seguros\/companias\/patria-hispana\/telefono\/"},"modified":"2022-04-07T08:11:51","modified_gmt":"2022-04-07T08:11:51","slug":"telefono","status":"publish","type":"page","link":"https:\/\/idecesos.com\/seguros\/companias\/patria-hispana\/telefono\/","title":{"rendered":"Atenci\u00f3n al cliente Patria Hispana: telefono gratuito, e-mail"},"content":{"rendered":"<div id=\"ez-toc-container\" class=\"ez-toc-v2_0_83 ez-toc-wrap-center counter-hierarchy ez-toc-counter ez-toc-custom ez-toc-container-direction\">\n<div class=\"ez-toc-title-container\">\n<p class=\"ez-toc-title\" style=\"cursor:inherit\">Tabla de Contenido<\/p>\n<span class=\"ez-toc-title-toggle\"><a href=\"#\" class=\"ez-toc-pull-right ez-toc-btn ez-toc-btn-xs ez-toc-btn-default ez-toc-toggle\" aria-label=\"Alternar tabla de contenidos\"><span class=\"ez-toc-js-icon-con\"><span class=\"\"><span class=\"eztoc-hide\" style=\"display:none;\">Toggle<\/span><span class=\"ez-toc-icon-toggle-span\"><svg style=\"fill: #db6415;color:#db6415\" xmlns=\"http:\/\/www.w3.org\/2000\/svg\" class=\"list-377408\" width=\"20px\" height=\"20px\" viewBox=\"0 0 24 24\" fill=\"none\"><path d=\"M6 6H4v2h2V6zm14 0H8v2h12V6zM4 11h2v2H4v-2zm16 0H8v2h12v-2zM4 16h2v2H4v-2zm16 0H8v2h12v-2z\" fill=\"currentColor\"><\/path><\/svg><svg style=\"fill: #db6415;color:#db6415\" class=\"arrow-unsorted-368013\" xmlns=\"http:\/\/www.w3.org\/2000\/svg\" width=\"10px\" height=\"10px\" viewBox=\"0 0 24 24\" version=\"1.2\" baseProfile=\"tiny\"><path d=\"M18.2 9.3l-6.2-6.3-6.2 6.3c-.2.2-.3.4-.3.7s.1.5.3.7c.2.2.4.3.7.3h11c.3 0 .5-.1.7-.3.2-.2.3-.5.3-.7s-.1-.5-.3-.7zM5.8 14.7l6.2 6.3 6.2-6.3c.2-.2.3-.5.3-.7s-.1-.5-.3-.7c-.2-.2-.4-.3-.7-.3h-11c-.3 0-.5.1-.7.3-.2.2-.3.5-.3.7s.1.5.3.7z\"\/><\/svg><\/span><\/span><\/span><\/a><\/span><\/div>\n<nav><ul class='ez-toc-list ez-toc-list-level-1 ' ><ul class='ez-toc-list-level-4' ><li class='ez-toc-heading-level-4'><ul class='ez-toc-list-level-4' ><li class='ez-toc-heading-level-4'><a class=\"ez-toc-link ez-toc-heading-1\" href=\"https:\/\/idecesos.com\/seguros\/companias\/patria-hispana\/telefono\/#Telefono_Contrataciones_951_127_403\" >Tel\u00e9fono Contrataciones\r\n951 127 403<\/a><\/li><\/ul><\/li><\/ul><\/li><li class='ez-toc-page-1 ez-toc-heading-level-2'><a class=\"ez-toc-link ez-toc-heading-2\" href=\"https:\/\/idecesos.com\/seguros\/companias\/patria-hispana\/telefono\/#%C2%BFComo_contactar_con_Patria_Hispana\" >\u00bfC\u00f3mo contactar con Patria Hispana?<\/a><ul class='ez-toc-list-level-3' ><li class='ez-toc-heading-level-3'><a class=\"ez-toc-link ez-toc-heading-3\" href=\"https:\/\/idecesos.com\/seguros\/companias\/patria-hispana\/telefono\/#Telefono_gratuito_de_Patria_Hispana\" >Tel\u00e9fono gratuito de Patria Hispana<\/a><\/li><li class='ez-toc-page-1 ez-toc-heading-level-3'><a class=\"ez-toc-link ez-toc-heading-4\" href=\"https:\/\/idecesos.com\/seguros\/companias\/patria-hispana\/telefono\/#Horario_de_atencion_al_cliente_de_Patria_Hispana\" >Horario de atenci\u00f3n al cliente de Patria Hispana<\/a><\/li><li class='ez-toc-page-1 ez-toc-heading-level-3'><a class=\"ez-toc-link ez-toc-heading-5\" href=\"https:\/\/idecesos.com\/seguros\/companias\/patria-hispana\/telefono\/#Correo_electronico_de_Patria_Hispana\" >Correo electr\u00f3nico de Patria Hispana<\/a><\/li><li class='ez-toc-page-1 ez-toc-heading-level-3'><a class=\"ez-toc-link ez-toc-heading-6\" href=\"https:\/\/idecesos.com\/seguros\/companias\/patria-hispana\/telefono\/#Formulario_en_el_sitio_Web_de_Patria_Hispana\" >Formulario en el sitio Web de Patria Hispana<\/a><\/li><li class='ez-toc-page-1 ez-toc-heading-level-3'><a class=\"ez-toc-link ez-toc-heading-7\" href=\"https:\/\/idecesos.com\/seguros\/companias\/patria-hispana\/telefono\/#Redes_sociales_de_Patria_Hispana\" >Redes sociales de Patria Hispana<\/a><\/li><\/ul><\/li><\/ul><\/nav><\/div>\n\n<div class=\"caja\">\n<div class=\"cajaIcono2 \"  ><div class=\"cuadro\" style=\"box-shadow: inset 0 0 0 3px #ff790e\"><div class=\"iconoCircular\" style=\"border: 3px solid #ff790e\">\t\t\n\t\t\t\t\t<div class=\"iconoCirculo\">\n\t\t\t\t\t  <i class=\"fas fa-phone-volume\"><\/i>\n\t\t\t\t\t<\/div>\n\t\t\t\t<\/div><div class=\"\">\n<h4 style=\"text-align: center;\"><strong>Tel\u00e9fono Contrataciones<br \/>\n951 127 403<\/strong><\/h4>\n<p><\/div><\/div><\/div><br \/>\nPara que pueda conseguir informaci\u00f3n sin complejidad alguna, Patria Hispana brinda al p\u00fablico diferentes m\u00e9todos para poder contactar. Los asesores y expertos le van a dar respuestas concisas y sencillas, sobre su seguro de decesos, con cada uno de ellos de los m\u00e9todos que escoja y, adem\u00e1s de esto, no va a ser preciso su desplazamiento para esto. Todas y cada una de las dudas y preguntas se tratar\u00e1n con el mayor respeto posible, aparte de estar todo cerrado y listo para cuando llegue el dif\u00edcil d\u00eda de la p\u00e9rdida del familiar, ya que es un momento muy duro y no es posible estar en buenas condiciones para poder realizar tr\u00e1mites y cuestiones. La informaci\u00f3n que se le va a poder facilitar y cubrir sobre su seguro virar\u00e1 en torno a las diferentes coberturas (seguro bucal, de traslado nacional y tambi\u00e9n internacional del fallecido y de accidentes), indemnizaci\u00f3n diaria por hospitalizaci\u00f3n, ayuda sicol\u00f3gica, distintos servicios (de testamento, mortuorio) y otros m\u00e1s.<br \/>\n<\/div><\/p>\n<div class=\"colorf \"  ><div class=\"container clearfix\"><div class=\"col-md-7\"><\/p>\n<h2><span class=\"ez-toc-section\" id=\"%C2%BFComo_contactar_con_Patria_Hispana\"><\/span>\u00bfC\u00f3mo contactar con Patria Hispana?<span class=\"ez-toc-section-end\"><\/span><\/h2>\n<p>Si desea que Patria Hispana contacte con usted a continuaci\u00f3n le mostramos las formas en las que puede hacerlo: v\u00eda tel\u00e9fono, e-mail, a trav\u00e9s de el formulario que puedes rellenar en su p\u00e1gina o bien por los diferentes perfiles de sus redes sociales.<br \/>\n<\/div><\/div><\/div>\n<h3><span class=\"ez-toc-section\" id=\"Telefono_gratuito_de_Patria_Hispana\"><\/span>Tel\u00e9fono gratuito de Patria Hispana<span class=\"ez-toc-section-end\"><\/span><\/h3>\n<p>Para poder asesorarle y responder a sus dudas, cuestiones, etc. Con respecto a su seguro decesos, es fundamental conocer el tel\u00e9fono de contacto que brinda para poder establecer un v\u00ednculo con el usuario. Este es, hoy d\u00eda, el proceso m\u00e1s f\u00e1cil para para hacer su cometido; sobre todo si su explicaci\u00f3n o bien consulta es algo densa o extensa o, sencillamente, prefiere sostener una conversaci\u00f3n m\u00e1s cercana con el experto consultor. Con el pr\u00f3ximo tel\u00e9fono <strong>914 355 500<\/strong>\u00a0no tendr\u00e1s que moverte de donde est\u00e9s para poder realizar la llamada y charlar con alg\u00fan miembro de Patria Hispana veloz y gratuitamente.<br \/>\n<div class=\"colorf\"><div class=\"container clearfix\"><div class=\"col-md-7\"><\/p>\n<div class=\"cabecera_tabla_ajustada \"  style=\"width:80%\" ><div class=\"row\"><\/div>\n<p><div class=\"fila_tabla4 \"  ><div class=\"row\"><div class=\"col-8 nosepara izq\"><p><strong>Tel\u00e9fono para contrataciones<\/strong><\/p><\/div><div class=\"col-4 nosepara centro\">951 127 403<\/div><\/div><\/div><div class=\"fila_tabla4 \"  ><div class=\"row\"><div class=\"col-8 nosepara izq\"><p><strong>Tel\u00e9fono orientaci\u00f3n seguros decesos<\/strong><\/p><\/div><div class=\"col-4 nosepara centro\">91 594 97 40<\/div><\/div><\/div><\/p>\n<div class=\"pie_tabla \"  ><div class=\"row\"><div class=\"col-12 \"><\/div><\/div><\/div><\/div>\n<\/div><\/div><\/div>\n<h3><span class=\"ez-toc-section\" id=\"Horario_de_atencion_al_cliente_de_Patria_Hispana\"><\/span>Horario de atenci\u00f3n al cliente de Patria Hispana<span class=\"ez-toc-section-end\"><\/span><\/h3>\n<p>Al usuario se le da por la parte de Patria Hispana un horario flexible de atenci\u00f3n al cliente, tanto de ma\u00f1ana como de tarde. As\u00ed va a poder llamar cuando pueda y sus agentes van a poder ayudarle. La persona de atenci\u00f3n al cliente se va a poner a su total disposici\u00f3n para asistirle en lo que necesite. En el instante que precise, la llamada ser\u00e1 desviada a uno de los aconsejes y expertos de la compa\u00f1\u00eda, que le resolver\u00e1 las preguntas, dudas\u2026 que desee saber sobre su seguro de decesos y cualquier cuesti\u00f3n que le compete. Con la llamada finalizada ya habr\u00e1 recibido contestaci\u00f3n a sus preguntas y va a ser de su agrado el trato recibido por el agente.<br \/>\n<div class=\"colorf\"><div class=\"container clearfix\"><div class=\"col-md-7\"><\/p>\n<h3><span class=\"ez-toc-section\" id=\"Correo_electronico_de_Patria_Hispana\"><\/span>Correo electr\u00f3nico de Patria Hispana<span class=\"ez-toc-section-end\"><\/span><\/h3>\n<p>Las digitalizaci\u00f3n es m\u00e1s que un hecho y la poblaci\u00f3n se ha acomodado a los servicios que esta le ofrece. Esto ha supuesto que internet lo invada todo y que cualquier ciudadano pueda optar a tenerlo. Plataformas como Gmail o bien Hotmail han hecho que el env\u00edo y recibo de documentos e informaci\u00f3n sea algo f\u00e1cil y pr\u00e1ctico sin desplazarse a ning\u00fan lado. Patria Hispana ha tenido en cuenta esta evoluci\u00f3n de la sociedad con lo que ofrece a sus usuarios un correo electr\u00f3nico para poder contactar con ellos <strong>atencioncliente@patriahispana.com<\/strong>. Merced a esto podr\u00e1 mandar cualquier duda, solicitud o inquietud sobre su seguro de decesos. La respuesta va a haber sido estudiada y preparada por agentes especialistas en el tema.<br \/>\n<\/div><\/div><\/div><\/p>\n<h3><span class=\"ez-toc-section\" id=\"Formulario_en_el_sitio_Web_de_Patria_Hispana\"><\/span>Formulario en el sitio Web de Patria Hispana<span class=\"ez-toc-section-end\"><\/span><\/h3>\n<p>Simplemente pregunt\u00e1ndole al buscador de Internet lo que quieras saber, en ese instante te lo va a hacer saber. Es por este motivo que, las personas la consideran la plataforma m\u00e1s esencial y alcanzable del mundo. Patria Hispana es consciente de todo esto y ha creado su propia web <strong>www.patriahispana.com\/<\/strong>. En la web, va a tener la opci\u00f3n de completar un formulario con sus datos (nombre, primer y segundo apellido, tel\u00e9fono m\u00f3vil de contacto, direcci\u00f3n de correo electr\u00f3nico\u2026)Tras este paso, un especialista contactar\u00e1 con usted para asistirle en todo lo que necesite.<br \/>\n<div class=\"colorf\"><div class=\"container clearfix\"><div class=\"col-md-7\"><\/p>\n<h3><span class=\"ez-toc-section\" id=\"Redes_sociales_de_Patria_Hispana\"><\/span>Redes sociales de Patria Hispana<span class=\"ez-toc-section-end\"><\/span><\/h3>\n<p>Una de las herramientas con mayor difusi\u00f3n y, de la que dispone una gran parte de la poblaci\u00f3n, son las redes sociales: Instagram, Facebook, Twitter. Patria Hispana avanza a pasos agigantados. Dispone de diferentes plataformas, en las que podr\u00e1s localizar la informaci\u00f3n b\u00e1sica para que pueda ponerse en contacto con ella o saber un tanto sobre qui\u00e9nes son. Tecleando Patria Hispana encontrar\u00e1 el perfil de la compa\u00f1\u00eda y podr\u00e1 acceder a sus datos. Si en alg\u00fan instante no puede mandar un mensaje a trav\u00e9s del mail o bien llamar a su tel\u00e9fono de contacto, va a poder hacerlo a trav\u00e9s de sus redes sociales, aparte de tener acceso a su p\u00e1gina, informaci\u00f3n sobre las peculiaridades que tiene su seguro de decesos y m\u00e1s.<br \/>\n<\/div><\/div><\/div><\/p>\n<\/div>\n<p><div class=\"oficinas\"> <h3>P\u00e1ginas relacionadas<\/h3><div class=\"enlazado\"><ul> <li><a href=\"https:\/\/idecesos.com\/seguros\/companias\/patria-hispana\/opiniones\/\">Opiniones Patria Hispana<\/a><\/li> <li><a href=\"https:\/\/idecesos.com\/seguros\/companias\/patria-hispana\/precio\/\">Precio seguro Patria Hispana<\/a><\/li> <li><a href=\"https:\/\/idecesos.com\/seguros\/companias\/patria-hispana\/prima-mixta\/\">Patria Hispana Prima Mixta<\/a><\/li> <li><a href=\"https:\/\/idecesos.com\/seguros\/companias\/patria-hispana\/prima-natural\/\">Patria Hispana Prima Natural<\/a><\/li> <li><a href=\"https:\/\/idecesos.com\/seguros\/companias\/patria-hispana\/prima-nivelada\/\">Patria Hispana Prima Nivelada<\/a><\/li> <li><a href=\"https:\/\/idecesos.com\/seguros\/companias\/patria-hispana\/prima-unica\/\">Patria Hispana Prima \u00danica<\/a><\/li> <li><a href=\"https:\/\/idecesos.com\/seguros\/companias\/patria-hispana\/repatriacion\/\">Patria Hispana Repatriaci\u00f3n<\/a><\/li> <li><a href=\"https:\/\/idecesos.com\/seguros\/companias\/patria-hispana\/telefono\/\">Tel\u00e9fono Gratuito Patria Hispana<\/a><\/li><\/ul><\/div> <\/div><\/p>\n","protected":false},"excerpt":{"rendered":"<p>Para que pueda conseguir informaci\u00f3n sin complejidad alguna, Patria Hispana brinda al p\u00fablico diferentes m\u00e9todos para poder contactar. Los asesores y expertos le van a dar respuestas concisas y sencillas, sobre su seguro de decesos, con cada uno de ellos de los m\u00e9todos que escoja y, adem\u00e1s de esto, no va a ser preciso su&hellip; <\/p>\n","protected":false},"author":1,"featured_media":0,"parent":439,"menu_order":0,"comment_status":"closed","ping_status":"closed","template":"single.php","meta":{"footnotes":""},"class_list":["post-15415","page","type-page","status-publish","hentry"],"yoast_head":"<!-- This site is optimized with the Yoast SEO plugin v27.5 - https:\/\/yoast.com\/product\/yoast-seo-wordpress\/ -->\n<title>Tel\u00e9fono Gratuito Patria Hispana \u25b7Atenci\u00f3n Cliente, Email, RRSS, Web<\/title>\n<meta name=\"description\" content=\"Busca aqu\u00ed\u3010Patria Hispana seguros tel\u00e9fono gratuito\u3011Patria Hispana Decesos tel\u00e9fono gratis: atenci\u00f3n al cliente y contrataciones \u2611\ufe0fVerificado en 2026\" \/>\n<meta name=\"robots\" content=\"index, follow, max-snippet:-1, max-image-preview:large, max-video-preview:-1\" \/>\n<link rel=\"canonical\" href=\"https:\/\/idecesos.com\/seguros\/companias\/patria-hispana\/telefono\/\" \/>\n<meta property=\"og:locale\" content=\"es_ES\" \/>\n<meta property=\"og:type\" content=\"article\" \/>\n<meta property=\"og:title\" content=\"Tel\u00e9fono Gratuito Patria Hispana \u25b7Atenci\u00f3n Cliente, Email, RRSS, Web\" \/>\n<meta property=\"og:description\" content=\"Busca aqu\u00ed\u3010Patria Hispana seguros tel\u00e9fono gratuito\u3011Patria Hispana Decesos tel\u00e9fono gratis: atenci\u00f3n al cliente y contrataciones \u2611\ufe0fVerificado en 2026\" \/>\n<meta property=\"og:url\" content=\"https:\/\/idecesos.com\/seguros\/companias\/patria-hispana\/telefono\/\" \/>\n<meta property=\"article:modified_time\" content=\"2022-04-07T08:11:51+00:00\" \/>\n<meta name=\"twitter:card\" content=\"summary_large_image\" \/>\n<meta name=\"twitter:label1\" content=\"Tiempo de lectura\" \/>\n\t<meta name=\"twitter:data1\" content=\"4 minutos\" \/>\n<script type=\"application\/ld+json\" class=\"yoast-schema-graph\">{\"@context\":\"https:\\\/\\\/schema.org\",\"@graph\":[{\"@type\":\"WebPage\",\"@id\":\"https:\\\/\\\/idecesos.com\\\/seguros\\\/companias\\\/patria-hispana\\\/telefono\\\/\",\"url\":\"https:\\\/\\\/idecesos.com\\\/seguros\\\/companias\\\/patria-hispana\\\/telefono\\\/\",\"name\":\"Tel\u00e9fono Gratuito Patria Hispana \u25b7Atenci\u00f3n Cliente, Email, RRSS, Web\",\"isPartOf\":{\"@id\":\"https:\\\/\\\/idecesos.com\\\/seguros\\\/#website\"},\"datePublished\":\"2021-11-25T10:17:37+00:00\",\"dateModified\":\"2022-04-07T08:11:51+00:00\",\"description\":\"Busca aqu\u00ed\u3010Patria Hispana seguros tel\u00e9fono gratuito\u3011Patria Hispana Decesos tel\u00e9fono gratis: atenci\u00f3n al cliente y contrataciones \u2611\ufe0fVerificado en 2026\",\"breadcrumb\":{\"@id\":\"https:\\\/\\\/idecesos.com\\\/seguros\\\/companias\\\/patria-hispana\\\/telefono\\\/#breadcrumb\"},\"inLanguage\":\"es\",\"potentialAction\":[{\"@type\":\"ReadAction\",\"target\":[\"https:\\\/\\\/idecesos.com\\\/seguros\\\/companias\\\/patria-hispana\\\/telefono\\\/\"]}]},{\"@type\":\"BreadcrumbList\",\"@id\":\"https:\\\/\\\/idecesos.com\\\/seguros\\\/companias\\\/patria-hispana\\\/telefono\\\/#breadcrumb\",\"itemListElement\":[{\"@type\":\"ListItem\",\"position\":1,\"name\":\"Portada\",\"item\":\"https:\\\/\\\/idecesos.com\\\/seguros\\\/\"},{\"@type\":\"ListItem\",\"position\":2,\"name\":\"Compa\u00f1\u00edas de Seguros de Decesos en Espa\u00f1a\",\"item\":\"https:\\\/\\\/idecesos.com\\\/seguros\\\/companias\\\/\"},{\"@type\":\"ListItem\",\"position\":3,\"name\":\"Seguro de Decesos Patria Hispana\",\"item\":\"https:\\\/\\\/idecesos.com\\\/seguros\\\/companias\\\/patria-hispana\\\/\"},{\"@type\":\"ListItem\",\"position\":4,\"name\":\"Atenci\u00f3n al cliente Patria Hispana: telefono gratuito, e-mail\"}]},{\"@type\":\"WebSite\",\"@id\":\"https:\\\/\\\/idecesos.com\\\/seguros\\\/#website\",\"url\":\"https:\\\/\\\/idecesos.com\\\/seguros\\\/\",\"name\":\"\",\"description\":\"\",\"potentialAction\":[{\"@type\":\"SearchAction\",\"target\":{\"@type\":\"EntryPoint\",\"urlTemplate\":\"https:\\\/\\\/idecesos.com\\\/seguros\\\/?s={search_term_string}\"},\"query-input\":{\"@type\":\"PropertyValueSpecification\",\"valueRequired\":true,\"valueName\":\"search_term_string\"}}],\"inLanguage\":\"es\"}]}<\/script>\n<!-- \/ Yoast SEO plugin. -->","yoast_head_json":{"title":"Tel\u00e9fono Gratuito Patria Hispana \u25b7Atenci\u00f3n Cliente, Email, RRSS, Web","description":"Busca aqu\u00ed\u3010Patria Hispana seguros tel\u00e9fono gratuito\u3011Patria Hispana Decesos tel\u00e9fono gratis: atenci\u00f3n al cliente y contrataciones \u2611\ufe0fVerificado en 2026","robots":{"index":"index","follow":"follow","max-snippet":"max-snippet:-1","max-image-preview":"max-image-preview:large","max-video-preview":"max-video-preview:-1"},"canonical":"https:\/\/idecesos.com\/seguros\/companias\/patria-hispana\/telefono\/","og_locale":"es_ES","og_type":"article","og_title":"Tel\u00e9fono Gratuito Patria Hispana \u25b7Atenci\u00f3n Cliente, Email, RRSS, Web","og_description":"Busca aqu\u00ed\u3010Patria Hispana seguros tel\u00e9fono gratuito\u3011Patria Hispana Decesos tel\u00e9fono gratis: atenci\u00f3n al cliente y contrataciones \u2611\ufe0fVerificado en 2026","og_url":"https:\/\/idecesos.com\/seguros\/companias\/patria-hispana\/telefono\/","article_modified_time":"2022-04-07T08:11:51+00:00","twitter_card":"summary_large_image","twitter_misc":{"Tiempo de lectura":"4 minutos"},"schema":{"@context":"https:\/\/schema.org","@graph":[{"@type":"WebPage","@id":"https:\/\/idecesos.com\/seguros\/companias\/patria-hispana\/telefono\/","url":"https:\/\/idecesos.com\/seguros\/companias\/patria-hispana\/telefono\/","name":"Tel\u00e9fono Gratuito Patria Hispana \u25b7Atenci\u00f3n Cliente, Email, RRSS, Web","isPartOf":{"@id":"https:\/\/idecesos.com\/seguros\/#website"},"datePublished":"2021-11-25T10:17:37+00:00","dateModified":"2022-04-07T08:11:51+00:00","description":"Busca aqu\u00ed\u3010Patria Hispana seguros tel\u00e9fono gratuito\u3011Patria Hispana Decesos tel\u00e9fono gratis: atenci\u00f3n al cliente y contrataciones \u2611\ufe0fVerificado en 2026","breadcrumb":{"@id":"https:\/\/idecesos.com\/seguros\/companias\/patria-hispana\/telefono\/#breadcrumb"},"inLanguage":"es","potentialAction":[{"@type":"ReadAction","target":["https:\/\/idecesos.com\/seguros\/companias\/patria-hispana\/telefono\/"]}]},{"@type":"BreadcrumbList","@id":"https:\/\/idecesos.com\/seguros\/companias\/patria-hispana\/telefono\/#breadcrumb","itemListElement":[{"@type":"ListItem","position":1,"name":"Portada","item":"https:\/\/idecesos.com\/seguros\/"},{"@type":"ListItem","position":2,"name":"Compa\u00f1\u00edas de Seguros de Decesos en Espa\u00f1a","item":"https:\/\/idecesos.com\/seguros\/companias\/"},{"@type":"ListItem","position":3,"name":"Seguro de Decesos Patria Hispana","item":"https:\/\/idecesos.com\/seguros\/companias\/patria-hispana\/"},{"@type":"ListItem","position":4,"name":"Atenci\u00f3n al cliente Patria Hispana: telefono gratuito, e-mail"}]},{"@type":"WebSite","@id":"https:\/\/idecesos.com\/seguros\/#website","url":"https:\/\/idecesos.com\/seguros\/","name":"","description":"","potentialAction":[{"@type":"SearchAction","target":{"@type":"EntryPoint","urlTemplate":"https:\/\/idecesos.com\/seguros\/?s={search_term_string}"},"query-input":{"@type":"PropertyValueSpecification","valueRequired":true,"valueName":"search_term_string"}}],"inLanguage":"es"}]}},"_links":{"self":[{"href":"https:\/\/idecesos.com\/seguros\/wp-json\/wp\/v2\/pages\/15415","targetHints":{"allow":["GET"]}}],"collection":[{"href":"https:\/\/idecesos.com\/seguros\/wp-json\/wp\/v2\/pages"}],"about":[{"href":"https:\/\/idecesos.com\/seguros\/wp-json\/wp\/v2\/types\/page"}],"author":[{"embeddable":true,"href":"https:\/\/idecesos.com\/seguros\/wp-json\/wp\/v2\/users\/1"}],"replies":[{"embeddable":true,"href":"https:\/\/idecesos.com\/seguros\/wp-json\/wp\/v2\/comments?post=15415"}],"version-history":[{"count":8,"href":"https:\/\/idecesos.com\/seguros\/wp-json\/wp\/v2\/pages\/15415\/revisions"}],"predecessor-version":[{"id":21041,"href":"https:\/\/idecesos.com\/seguros\/wp-json\/wp\/v2\/pages\/15415\/revisions\/21041"}],"up":[{"embeddable":true,"href":"https:\/\/idecesos.com\/seguros\/wp-json\/wp\/v2\/pages\/439"}],"wp:attachment":[{"href":"https:\/\/idecesos.com\/seguros\/wp-json\/wp\/v2\/media?parent=15415"}],"curies":[{"name":"wp","href":"https:\/\/api.w.org\/{rel}","templated":true}]}}