{"id":15416,"date":"2021-11-26T09:12:53","date_gmt":"2021-11-25T10:17:37","guid":{"rendered":"https:\/\/idecesos.com\/seguros\/companias\/plus-ultra\/telefono\/"},"modified":"2022-04-07T08:16:12","modified_gmt":"2022-04-07T08:16:12","slug":"telefono","status":"publish","type":"page","link":"https:\/\/idecesos.com\/seguros\/companias\/plus-ultra\/telefono\/","title":{"rendered":"Atenci\u00f3n al cliente Plus Ultra: telefono gratuito, e-mail"},"content":{"rendered":"<div id=\"ez-toc-container\" class=\"ez-toc-v2_0_82_2 ez-toc-wrap-center counter-hierarchy ez-toc-counter ez-toc-custom ez-toc-container-direction\">\n<div class=\"ez-toc-title-container\">\n<p class=\"ez-toc-title\" style=\"cursor:inherit\">Tabla de Contenido<\/p>\n<span class=\"ez-toc-title-toggle\"><a href=\"#\" class=\"ez-toc-pull-right ez-toc-btn ez-toc-btn-xs ez-toc-btn-default ez-toc-toggle\" aria-label=\"Alternar tabla de contenidos\"><span class=\"ez-toc-js-icon-con\"><span class=\"\"><span class=\"eztoc-hide\" style=\"display:none;\">Toggle<\/span><span class=\"ez-toc-icon-toggle-span\"><svg style=\"fill: #db6415;color:#db6415\" xmlns=\"http:\/\/www.w3.org\/2000\/svg\" class=\"list-377408\" width=\"20px\" height=\"20px\" viewBox=\"0 0 24 24\" fill=\"none\"><path d=\"M6 6H4v2h2V6zm14 0H8v2h12V6zM4 11h2v2H4v-2zm16 0H8v2h12v-2zM4 16h2v2H4v-2zm16 0H8v2h12v-2z\" fill=\"currentColor\"><\/path><\/svg><svg style=\"fill: #db6415;color:#db6415\" class=\"arrow-unsorted-368013\" xmlns=\"http:\/\/www.w3.org\/2000\/svg\" width=\"10px\" height=\"10px\" viewBox=\"0 0 24 24\" version=\"1.2\" baseProfile=\"tiny\"><path d=\"M18.2 9.3l-6.2-6.3-6.2 6.3c-.2.2-.3.4-.3.7s.1.5.3.7c.2.2.4.3.7.3h11c.3 0 .5-.1.7-.3.2-.2.3-.5.3-.7s-.1-.5-.3-.7zM5.8 14.7l6.2 6.3 6.2-6.3c.2-.2.3-.5.3-.7s-.1-.5-.3-.7c-.2-.2-.4-.3-.7-.3h-11c-.3 0-.5.1-.7.3-.2.2-.3.5-.3.7s.1.5.3.7z\"\/><\/svg><\/span><\/span><\/span><\/a><\/span><\/div>\n<nav><ul class='ez-toc-list ez-toc-list-level-1 ' ><ul class='ez-toc-list-level-4' ><li class='ez-toc-heading-level-4'><ul class='ez-toc-list-level-4' ><li class='ez-toc-heading-level-4'><a class=\"ez-toc-link ez-toc-heading-1\" href=\"https:\/\/idecesos.com\/seguros\/companias\/plus-ultra\/telefono\/#Telefono_Contrataciones_951_127_403\" >Tel\u00e9fono Contrataciones \n951 127 403<\/a><\/li><\/ul><\/li><\/ul><\/li><li class='ez-toc-page-1 ez-toc-heading-level-2'><a class=\"ez-toc-link ez-toc-heading-2\" href=\"https:\/\/idecesos.com\/seguros\/companias\/plus-ultra\/telefono\/#%C2%BFComo_contactar_con_Plus_Ultra\" >\u00bfC\u00f3mo contactar con Plus Ultra?<\/a><ul class='ez-toc-list-level-3' ><li class='ez-toc-heading-level-3'><a class=\"ez-toc-link ez-toc-heading-3\" href=\"https:\/\/idecesos.com\/seguros\/companias\/plus-ultra\/telefono\/#Telefono_gratuito_de_Plus_Ultra\" >Tel\u00e9fono gratuito de Plus Ultra<\/a><\/li><li class='ez-toc-page-1 ez-toc-heading-level-3'><a class=\"ez-toc-link ez-toc-heading-4\" href=\"https:\/\/idecesos.com\/seguros\/companias\/plus-ultra\/telefono\/#Horario_de_atencion_al_cliente_de_Plus_Ultra\" >Horario de atenci\u00f3n al cliente de Plus Ultra<\/a><\/li><li class='ez-toc-page-1 ez-toc-heading-level-3'><a class=\"ez-toc-link ez-toc-heading-5\" href=\"https:\/\/idecesos.com\/seguros\/companias\/plus-ultra\/telefono\/#Correo_electronico_de_Plus_Ultra\" >Correo electr\u00f3nico de Plus Ultra<\/a><\/li><li class='ez-toc-page-1 ez-toc-heading-level-3'><a class=\"ez-toc-link ez-toc-heading-6\" href=\"https:\/\/idecesos.com\/seguros\/companias\/plus-ultra\/telefono\/#Formulario_en_el_sitio_Web_de_Plus_Ultra\" >Formulario en el sitio Web de Plus Ultra<\/a><\/li><li class='ez-toc-page-1 ez-toc-heading-level-3'><a class=\"ez-toc-link ez-toc-heading-7\" href=\"https:\/\/idecesos.com\/seguros\/companias\/plus-ultra\/telefono\/#Redes_sociales_de_Plus_Ultra\" >Redes sociales de Plus Ultra<\/a><\/li><li class='ez-toc-page-1 ez-toc-heading-level-3'><a class=\"ez-toc-link ez-toc-heading-8\" href=\"https:\/\/idecesos.com\/seguros\/companias\/plus-ultra\/telefono\/#Paginas_relacionadas\" >P\u00e1ginas relacionadas<\/a><\/li><\/ul><\/li><\/ul><\/nav><\/div>\n\n<div class=\"caja\">\n<div class=\"cajaIcono2 \"  ><div class=\"cuadro\" style=\"box-shadow: inset 0 0 0 3px #ff790e\"><div class=\"iconoCircular\" style=\"border: 3px solid #ff790e\">\t\t\n\t\t\t\t\t<div class=\"iconoCirculo\">\n\t\t\t\t\t  <i class=\"fas fa-phone-volume\"><\/i>\n\t\t\t\t\t<\/div>\n\t\t\t\t<\/div><div class=\"\">\n<h4 style=\"text-align: center;\"><span class=\"ez-toc-section\" id=\"Telefono_Contrataciones_951_127_403\"><\/span><strong>Tel\u00e9fono Contrataciones<br \/>\n951 127 403<\/strong><span class=\"ez-toc-section-end\"><\/span><\/h4>\n<p><\/div><\/div><\/div><br \/>\nA fin de que pueda obtener informaci\u00f3n sin complejidad alguna, Plus Ultra brinda al p\u00fablico distintos m\u00e9todos para poder contactar. Los aconsejes y especialistas le dar\u00e1n respuestas sucintas y f\u00e1ciles, sobre su seguro de decesos, con cada uno de los m\u00e9todos que elija y, adem\u00e1s de esto, no va a ser necesario su desplazamiento para ello. Todos y cada uno de los tr\u00e1mites estar\u00e1n cerrados cuando llegue el instante de la muerte del ser querido, debido a que la compa\u00f1\u00eda comprende su situaci\u00f3n y va a tratar siempre el tema con el respeto que se merece. Las distintas coberturas que ofrece su seguro de decesos, la ayuda sicol\u00f3gica que requiera, los servicios disponibles\u2026 son ciertos datos que se le van a facilitar.<br \/>\n<\/div><\/p>\n<div class=\"colorf \"  ><div class=\"container clearfix\"><div class=\"col-md-7\"><\/p>\n<h2><span class=\"ez-toc-section\" id=\"%C2%BFComo_contactar_con_Plus_Ultra\"><\/span>\u00bfC\u00f3mo contactar con Plus Ultra?<span class=\"ez-toc-section-end\"><\/span><\/h2>\n<p>Para favorecer la comunicaci\u00f3n con los expertos, Plus Ultra tiene habilitada las pr\u00f3ximas opciones gratuitas: tel\u00e9fono de contacto y servicio de atenci\u00f3n al usuario, p\u00e1gina con un formulario a rellenar, mensajes mediante un e mail y\/o redes sociales.<br \/>\n<\/div><\/div><\/div>\n<h3><span class=\"ez-toc-section\" id=\"Telefono_gratuito_de_Plus_Ultra\"><\/span>Tel\u00e9fono gratuito de Plus Ultra<span class=\"ez-toc-section-end\"><\/span><\/h3>\n<p>Este es el tel\u00e9fono de contacto <strong>917 838 383<\/strong>. Plus Ultra no deseas que pierdas tu tiempo y te facilita esta opci\u00f3n para que puedas contactar con ellos de forma r\u00e1pida y f\u00e1cil. Ellos van a ser los encargados de resolverte cualquier duda o bien cuesti\u00f3n por medio de esta v\u00eda. La llamada que hagas a Plus Ultra no te supondr\u00e1 ning\u00fan tipo de costo, da igual el tiempo que transcurre en ella. Sus gatos son nulos. La atenci\u00f3n al cliente especialista en seguro de decesos de Plus Ultra le atender\u00e1 para que pueda resolver sus cuestiones y no le quede nada en el tintero.<br \/>\n<div class=\"colorf\"><div class=\"container clearfix\"><div class=\"col-md-7\"><\/p>\n<div class=\"cabecera_tabla_ajustada \"  style=\"width:80%\" ><div class=\"row\"><\/div>\n<p><div class=\"fila_tabla4 \"  ><div class=\"row\"><div class=\"col-8 nosepara izq\"><p><strong>Tel\u00e9fono para contrataciones<\/strong><\/p><\/div><div class=\"col-4 nosepara centro\">951 127 403<\/div><\/div><\/div><div class=\"fila_tabla4 \"  ><div class=\"row\"><div class=\"col-8 nosepara izq\"><p><strong>Asistencia integral por decesos<\/strong><\/p><\/div><div class=\"col-4 nosepara centro\">917 838 334<\/div><\/div><\/div><\/p>\n<div class=\"pie_tabla \"  ><div class=\"row\"><div class=\"col-12 \"><\/div><\/div><\/div><\/div>\n<\/div><\/div><\/div>\n<h3><span class=\"ez-toc-section\" id=\"Horario_de_atencion_al_cliente_de_Plus_Ultra\"><\/span>Horario de atenci\u00f3n al cliente de Plus Ultra<span class=\"ez-toc-section-end\"><\/span><\/h3>\n<p>Al no saber la disponibilidad de las personas, Plus Ultra tiene a su disposici\u00f3n un horario, de ma\u00f1ana y de tarde, para que puedas ponerte en contacto. El personal expondr\u00e1 toda su experiencia, conocimientos y confianza para su satisfacci\u00f3n. De esta manera va a ser m\u00e1s simple establecer conexi\u00f3n directa con la compa\u00f1\u00eda. Va a poder resolver las diferentes dudas que le surjan sobre su posible o deseado seguro de decesos en el mismo momento, sosteniendo una conversaci\u00f3n fluida con el especialista. Las horas en las que va a poder realizar la llamada son las siguientes: <strong>horario Plus Ultra<\/strong><br \/>\n<div class=\"colorf\"><div class=\"container clearfix\"><div class=\"col-md-7\"><\/p>\n<h3><span class=\"ez-toc-section\" id=\"Correo_electronico_de_Plus_Ultra\"><\/span>Correo electr\u00f3nico de Plus Ultra<span class=\"ez-toc-section-end\"><\/span><\/h3>\n<p>Gran parte de la poblaci\u00f3n es consciente de la repercusi\u00f3n e importancia que tiene Internet, con lo que tienen perfiles en las plataformas de Hotmail, Gmail, etc. para poder llevar a cabo distintos tr\u00e1mites, env\u00edos de archivos, consultas. El uso de dicha herramienta favorecer\u00e1 el poder recibir datos e informaci\u00f3n sobre su seguro de decesos. El siguiente mail <strong>atencionalcliente@plusultra.es<\/strong> pertenece a Plus Ultra, con el que podr\u00e1 preguntar lo que desee sobre su prima, p\u00f3liza\u2026Al desempe\u00f1ar la funci\u00f3n del env\u00edo de un correo electr\u00f3nico, la contestaci\u00f3n que obtenga ser\u00e1 la mejor y, terminante, para poder aclarar sus ideas.<br \/>\n<\/div><\/div><\/div><\/p>\n<h3><span class=\"ez-toc-section\" id=\"Formulario_en_el_sitio_Web_de_Plus_Ultra\"><\/span>Formulario en el sitio Web de Plus Ultra<span class=\"ez-toc-section-end\"><\/span><\/h3>\n<p>Acudir a los buscadores de Internet para encontrar contestaciones a tus preguntas es, en nuestros d\u00edas, uno de los actos m\u00e1s comunes. Esto es debido al alcance que tienen y, por ser la mayor plataforma digital que existe, absolutamente gratis y libre para todo el planeta. Gracias al buscador, poniendo Plus Ultra vas a poder localizar toda la informaci\u00f3n sobre su seguro de decesos en su web <strong>www.plusultra.es\/<\/strong>. La informaci\u00f3n que encontrar\u00e1s en su p\u00e1gina web te va a ser \u00fatil para informarte sobre los servicios que ofrecen, costes, ventajas y mucho m\u00e1s, para que de esta manera tengas una idea clara de sus servicios. All\u00ed va a poder hallar un apartado con un formulario que va a deber rellenar con sus datos a fin de que posteriormente un agente se ponga en contacto con usted lo m\u00e1s veloz posible para resolverle sus dudas sobre el tema que le haya preguntado.<br \/>\n<div class=\"colorf\"><div class=\"container clearfix\"><div class=\"col-md-7\"><\/p>\n<h3><span class=\"ez-toc-section\" id=\"Redes_sociales_de_Plus_Ultra\"><\/span>Redes sociales de Plus Ultra<span class=\"ez-toc-section-end\"><\/span><\/h3>\n<p>Las redes sociales al lado de internet han globalizado el planeta. Es precisamente por esto que son utilizadas como herramientas para difundir notific\u00f3 y alcanzar a miles de personas. Es normal que cada persona est\u00e9 registrado en alguna de estas apps si no es en las 4. Plus Ultra tiene una cuenta propia en alguna de estas redes sociales. En cada uno de ellos de ellos podr\u00e1s hallar informaci\u00f3n sobre qui\u00e9nes son, ofertas libres que lanzan, la localizaci\u00f3n precisa de su sede central, link a su web, im\u00e1genes, etc. Adem\u00e1s, a trav\u00e9s de ellas puedes contactar con Plus Ultra sin la necesidad de telefonear, rellenar un formulario o bien enviar un correo.<br \/>\n<\/div><\/div><\/div><\/p>\n<\/div>\n<p><div class=\"oficinas\"> <h3><span class=\"ez-toc-section\" id=\"Paginas_relacionadas\"><\/span>P\u00e1ginas relacionadas<span class=\"ez-toc-section-end\"><\/span><\/h3><div class=\"enlazado\"><ul> <li><a href=\"https:\/\/idecesos.com\/seguros\/companias\/plus-ultra\/opiniones\/\">Opiniones Plus Ultra<\/a><\/li> <li><a href=\"https:\/\/idecesos.com\/seguros\/companias\/plus-ultra\/precio\/\">Precio seguro Plus Ultra<\/a><\/li> <li><a href=\"https:\/\/idecesos.com\/seguros\/companias\/plus-ultra\/prima-mixta\/\">Plus Ultra Prima Mixta<\/a><\/li> <li><a href=\"https:\/\/idecesos.com\/seguros\/companias\/plus-ultra\/prima-natural\/\">Plus Ultra Prima Natural<\/a><\/li> <li><a href=\"https:\/\/idecesos.com\/seguros\/companias\/plus-ultra\/prima-nivelada\/\">Plus Ultra Prima Nivelada<\/a><\/li> <li><a href=\"https:\/\/idecesos.com\/seguros\/companias\/plus-ultra\/prima-unica\/\">Plus Ultra Prima \u00danica<\/a><\/li> <li><a href=\"https:\/\/idecesos.com\/seguros\/companias\/plus-ultra\/repatriacion\/\">Plus Ultra Repatriaci\u00f3n<\/a><\/li> <li><a href=\"https:\/\/idecesos.com\/seguros\/companias\/plus-ultra\/telefono\/\">Tel\u00e9fono Gratuito Plus Ultra<\/a><\/li><\/ul><\/div> <\/div><\/p>\n","protected":false},"excerpt":{"rendered":"<p>A fin de que pueda obtener informaci\u00f3n sin complejidad alguna, Plus Ultra brinda al p\u00fablico distintos m\u00e9todos para poder contactar. Los aconsejes y especialistas le dar\u00e1n respuestas sucintas y f\u00e1ciles, sobre su seguro de decesos, con cada uno de los m\u00e9todos que elija y, adem\u00e1s de esto, no va a ser necesario su desplazamiento para&hellip; <\/p>\n","protected":false},"author":1,"featured_media":0,"parent":445,"menu_order":0,"comment_status":"closed","ping_status":"closed","template":"single.php","meta":{"footnotes":""},"class_list":["post-15416","page","type-page","status-publish","hentry"],"yoast_head":"<!-- This site is optimized with the Yoast SEO plugin v27.3 - https:\/\/yoast.com\/product\/yoast-seo-wordpress\/ -->\n<title>Tel\u00e9fono Gratuito Plus Ultra \u25b7Atenci\u00f3n Cliente, Email, RRSS, Web<\/title>\n<meta name=\"description\" content=\"Busca aqu\u00ed\u3010Plus Ultra seguros tel\u00e9fono gratuito\u3011Plus Ultra Decesos tel\u00e9fono gratis: atenci\u00f3n al cliente y contrataciones \u2611\ufe0fVerificado en 2026\" \/>\n<meta name=\"robots\" content=\"index, follow, max-snippet:-1, max-image-preview:large, max-video-preview:-1\" \/>\n<link rel=\"canonical\" href=\"https:\/\/idecesos.com\/seguros\/companias\/plus-ultra\/telefono\/\" \/>\n<meta property=\"og:locale\" content=\"es_ES\" \/>\n<meta property=\"og:type\" content=\"article\" \/>\n<meta property=\"og:title\" content=\"Tel\u00e9fono Gratuito Plus Ultra \u25b7Atenci\u00f3n Cliente, Email, RRSS, Web\" \/>\n<meta property=\"og:description\" content=\"Busca aqu\u00ed\u3010Plus Ultra seguros tel\u00e9fono gratuito\u3011Plus Ultra Decesos tel\u00e9fono gratis: atenci\u00f3n al cliente y contrataciones \u2611\ufe0fVerificado en 2026\" \/>\n<meta property=\"og:url\" content=\"https:\/\/idecesos.com\/seguros\/companias\/plus-ultra\/telefono\/\" \/>\n<meta property=\"article:modified_time\" content=\"2022-04-07T08:16:12+00:00\" \/>\n<meta name=\"twitter:card\" content=\"summary_large_image\" \/>\n<meta name=\"twitter:label1\" content=\"Tiempo de lectura\" \/>\n\t<meta name=\"twitter:data1\" content=\"4 minutos\" \/>\n<script type=\"application\/ld+json\" class=\"yoast-schema-graph\">{\"@context\":\"https:\\\/\\\/schema.org\",\"@graph\":[{\"@type\":\"WebPage\",\"@id\":\"https:\\\/\\\/idecesos.com\\\/seguros\\\/companias\\\/plus-ultra\\\/telefono\\\/\",\"url\":\"https:\\\/\\\/idecesos.com\\\/seguros\\\/companias\\\/plus-ultra\\\/telefono\\\/\",\"name\":\"Tel\u00e9fono Gratuito Plus Ultra \u25b7Atenci\u00f3n Cliente, Email, RRSS, Web\",\"isPartOf\":{\"@id\":\"https:\\\/\\\/idecesos.com\\\/seguros\\\/#website\"},\"datePublished\":\"2021-11-25T10:17:37+00:00\",\"dateModified\":\"2022-04-07T08:16:12+00:00\",\"description\":\"Busca aqu\u00ed\u3010Plus Ultra seguros tel\u00e9fono gratuito\u3011Plus Ultra Decesos tel\u00e9fono gratis: atenci\u00f3n al cliente y contrataciones \u2611\ufe0fVerificado en 2026\",\"breadcrumb\":{\"@id\":\"https:\\\/\\\/idecesos.com\\\/seguros\\\/companias\\\/plus-ultra\\\/telefono\\\/#breadcrumb\"},\"inLanguage\":\"es\",\"potentialAction\":[{\"@type\":\"ReadAction\",\"target\":[\"https:\\\/\\\/idecesos.com\\\/seguros\\\/companias\\\/plus-ultra\\\/telefono\\\/\"]}]},{\"@type\":\"BreadcrumbList\",\"@id\":\"https:\\\/\\\/idecesos.com\\\/seguros\\\/companias\\\/plus-ultra\\\/telefono\\\/#breadcrumb\",\"itemListElement\":[{\"@type\":\"ListItem\",\"position\":1,\"name\":\"Portada\",\"item\":\"https:\\\/\\\/idecesos.com\\\/seguros\\\/\"},{\"@type\":\"ListItem\",\"position\":2,\"name\":\"Compa\u00f1\u00edas de Seguros de Decesos en Espa\u00f1a\",\"item\":\"https:\\\/\\\/idecesos.com\\\/seguros\\\/companias\\\/\"},{\"@type\":\"ListItem\",\"position\":3,\"name\":\"Seguro de decesos Plus Ultra\",\"item\":\"https:\\\/\\\/idecesos.com\\\/seguros\\\/companias\\\/plus-ultra\\\/\"},{\"@type\":\"ListItem\",\"position\":4,\"name\":\"Atenci\u00f3n al cliente Plus Ultra: telefono gratuito, e-mail\"}]},{\"@type\":\"WebSite\",\"@id\":\"https:\\\/\\\/idecesos.com\\\/seguros\\\/#website\",\"url\":\"https:\\\/\\\/idecesos.com\\\/seguros\\\/\",\"name\":\"\",\"description\":\"\",\"potentialAction\":[{\"@type\":\"SearchAction\",\"target\":{\"@type\":\"EntryPoint\",\"urlTemplate\":\"https:\\\/\\\/idecesos.com\\\/seguros\\\/?s={search_term_string}\"},\"query-input\":{\"@type\":\"PropertyValueSpecification\",\"valueRequired\":true,\"valueName\":\"search_term_string\"}}],\"inLanguage\":\"es\"}]}<\/script>\n<!-- \/ Yoast SEO plugin. -->","yoast_head_json":{"title":"Tel\u00e9fono Gratuito Plus Ultra \u25b7Atenci\u00f3n Cliente, Email, RRSS, Web","description":"Busca aqu\u00ed\u3010Plus Ultra seguros tel\u00e9fono gratuito\u3011Plus Ultra Decesos tel\u00e9fono gratis: atenci\u00f3n al cliente y contrataciones \u2611\ufe0fVerificado en 2026","robots":{"index":"index","follow":"follow","max-snippet":"max-snippet:-1","max-image-preview":"max-image-preview:large","max-video-preview":"max-video-preview:-1"},"canonical":"https:\/\/idecesos.com\/seguros\/companias\/plus-ultra\/telefono\/","og_locale":"es_ES","og_type":"article","og_title":"Tel\u00e9fono Gratuito Plus Ultra \u25b7Atenci\u00f3n Cliente, Email, RRSS, Web","og_description":"Busca aqu\u00ed\u3010Plus Ultra seguros tel\u00e9fono gratuito\u3011Plus Ultra Decesos tel\u00e9fono gratis: atenci\u00f3n al cliente y contrataciones \u2611\ufe0fVerificado en 2026","og_url":"https:\/\/idecesos.com\/seguros\/companias\/plus-ultra\/telefono\/","article_modified_time":"2022-04-07T08:16:12+00:00","twitter_card":"summary_large_image","twitter_misc":{"Tiempo de lectura":"4 minutos"},"schema":{"@context":"https:\/\/schema.org","@graph":[{"@type":"WebPage","@id":"https:\/\/idecesos.com\/seguros\/companias\/plus-ultra\/telefono\/","url":"https:\/\/idecesos.com\/seguros\/companias\/plus-ultra\/telefono\/","name":"Tel\u00e9fono Gratuito Plus Ultra \u25b7Atenci\u00f3n Cliente, Email, RRSS, Web","isPartOf":{"@id":"https:\/\/idecesos.com\/seguros\/#website"},"datePublished":"2021-11-25T10:17:37+00:00","dateModified":"2022-04-07T08:16:12+00:00","description":"Busca aqu\u00ed\u3010Plus Ultra seguros tel\u00e9fono gratuito\u3011Plus Ultra Decesos tel\u00e9fono gratis: atenci\u00f3n al cliente y contrataciones \u2611\ufe0fVerificado en 2026","breadcrumb":{"@id":"https:\/\/idecesos.com\/seguros\/companias\/plus-ultra\/telefono\/#breadcrumb"},"inLanguage":"es","potentialAction":[{"@type":"ReadAction","target":["https:\/\/idecesos.com\/seguros\/companias\/plus-ultra\/telefono\/"]}]},{"@type":"BreadcrumbList","@id":"https:\/\/idecesos.com\/seguros\/companias\/plus-ultra\/telefono\/#breadcrumb","itemListElement":[{"@type":"ListItem","position":1,"name":"Portada","item":"https:\/\/idecesos.com\/seguros\/"},{"@type":"ListItem","position":2,"name":"Compa\u00f1\u00edas de Seguros de Decesos en Espa\u00f1a","item":"https:\/\/idecesos.com\/seguros\/companias\/"},{"@type":"ListItem","position":3,"name":"Seguro de decesos Plus Ultra","item":"https:\/\/idecesos.com\/seguros\/companias\/plus-ultra\/"},{"@type":"ListItem","position":4,"name":"Atenci\u00f3n al cliente Plus Ultra: telefono gratuito, e-mail"}]},{"@type":"WebSite","@id":"https:\/\/idecesos.com\/seguros\/#website","url":"https:\/\/idecesos.com\/seguros\/","name":"","description":"","potentialAction":[{"@type":"SearchAction","target":{"@type":"EntryPoint","urlTemplate":"https:\/\/idecesos.com\/seguros\/?s={search_term_string}"},"query-input":{"@type":"PropertyValueSpecification","valueRequired":true,"valueName":"search_term_string"}}],"inLanguage":"es"}]}},"_links":{"self":[{"href":"https:\/\/idecesos.com\/seguros\/wp-json\/wp\/v2\/pages\/15416","targetHints":{"allow":["GET"]}}],"collection":[{"href":"https:\/\/idecesos.com\/seguros\/wp-json\/wp\/v2\/pages"}],"about":[{"href":"https:\/\/idecesos.com\/seguros\/wp-json\/wp\/v2\/types\/page"}],"author":[{"embeddable":true,"href":"https:\/\/idecesos.com\/seguros\/wp-json\/wp\/v2\/users\/1"}],"replies":[{"embeddable":true,"href":"https:\/\/idecesos.com\/seguros\/wp-json\/wp\/v2\/comments?post=15416"}],"version-history":[{"count":8,"href":"https:\/\/idecesos.com\/seguros\/wp-json\/wp\/v2\/pages\/15416\/revisions"}],"predecessor-version":[{"id":21043,"href":"https:\/\/idecesos.com\/seguros\/wp-json\/wp\/v2\/pages\/15416\/revisions\/21043"}],"up":[{"embeddable":true,"href":"https:\/\/idecesos.com\/seguros\/wp-json\/wp\/v2\/pages\/445"}],"wp:attachment":[{"href":"https:\/\/idecesos.com\/seguros\/wp-json\/wp\/v2\/media?parent=15416"}],"curies":[{"name":"wp","href":"https:\/\/api.w.org\/{rel}","templated":true}]}}