{"id":15417,"date":"2021-11-26T09:12:54","date_gmt":"2021-11-25T10:17:38","guid":{"rendered":"https:\/\/idecesos.com\/seguros\/companias\/pueyo\/telefono\/"},"modified":"2022-04-03T17:44:25","modified_gmt":"2022-04-03T17:44:25","slug":"telefono","status":"publish","type":"page","link":"https:\/\/idecesos.com\/seguros\/companias\/pueyo\/telefono\/","title":{"rendered":"Atenci\u00f3n al cliente Banca Pueyo: telefono gratuito, e-mail"},"content":{"rendered":"<div id=\"ez-toc-container\" class=\"ez-toc-v2_0_82_2 ez-toc-wrap-center counter-hierarchy ez-toc-counter ez-toc-custom ez-toc-container-direction\">\n<div class=\"ez-toc-title-container\">\n<p class=\"ez-toc-title\" style=\"cursor:inherit\">Tabla de Contenido<\/p>\n<span class=\"ez-toc-title-toggle\"><a href=\"#\" class=\"ez-toc-pull-right ez-toc-btn ez-toc-btn-xs ez-toc-btn-default ez-toc-toggle\" aria-label=\"Alternar tabla de contenidos\"><span class=\"ez-toc-js-icon-con\"><span class=\"\"><span class=\"eztoc-hide\" style=\"display:none;\">Toggle<\/span><span class=\"ez-toc-icon-toggle-span\"><svg style=\"fill: #db6415;color:#db6415\" xmlns=\"http:\/\/www.w3.org\/2000\/svg\" class=\"list-377408\" width=\"20px\" height=\"20px\" viewBox=\"0 0 24 24\" fill=\"none\"><path d=\"M6 6H4v2h2V6zm14 0H8v2h12V6zM4 11h2v2H4v-2zm16 0H8v2h12v-2zM4 16h2v2H4v-2zm16 0H8v2h12v-2z\" fill=\"currentColor\"><\/path><\/svg><svg style=\"fill: #db6415;color:#db6415\" class=\"arrow-unsorted-368013\" xmlns=\"http:\/\/www.w3.org\/2000\/svg\" width=\"10px\" height=\"10px\" viewBox=\"0 0 24 24\" version=\"1.2\" baseProfile=\"tiny\"><path d=\"M18.2 9.3l-6.2-6.3-6.2 6.3c-.2.2-.3.4-.3.7s.1.5.3.7c.2.2.4.3.7.3h11c.3 0 .5-.1.7-.3.2-.2.3-.5.3-.7s-.1-.5-.3-.7zM5.8 14.7l6.2 6.3 6.2-6.3c.2-.2.3-.5.3-.7s-.1-.5-.3-.7c-.2-.2-.4-.3-.7-.3h-11c-.3 0-.5.1-.7.3-.2.2-.3.5-.3.7s.1.5.3.7z\"\/><\/svg><\/span><\/span><\/span><\/a><\/span><\/div>\n<nav><ul class='ez-toc-list ez-toc-list-level-1 ' ><ul class='ez-toc-list-level-4' ><li class='ez-toc-heading-level-4'><ul class='ez-toc-list-level-4' ><li class='ez-toc-heading-level-4'><a class=\"ez-toc-link ez-toc-heading-1\" href=\"https:\/\/idecesos.com\/seguros\/companias\/pueyo\/telefono\/#Telefono_Contrataciones_951_127_403\" >Tel\u00e9fono Contrataciones \n951 127 403<\/a><\/li><\/ul><\/li><\/ul><\/li><li class='ez-toc-page-1 ez-toc-heading-level-2'><a class=\"ez-toc-link ez-toc-heading-2\" href=\"https:\/\/idecesos.com\/seguros\/companias\/pueyo\/telefono\/#%C2%BFComo_contactar_con_Banca_Pueyo\" >\u00bfC\u00f3mo contactar con Banca Pueyo?<\/a><ul class='ez-toc-list-level-3' ><li class='ez-toc-heading-level-3'><a class=\"ez-toc-link ez-toc-heading-3\" href=\"https:\/\/idecesos.com\/seguros\/companias\/pueyo\/telefono\/#Telefono_gratuito_de_Banca_Pueyo\" >Tel\u00e9fono gratuito de Banca Pueyo<\/a><\/li><li class='ez-toc-page-1 ez-toc-heading-level-3'><a class=\"ez-toc-link ez-toc-heading-4\" href=\"https:\/\/idecesos.com\/seguros\/companias\/pueyo\/telefono\/#Horario_de_atencion_al_cliente_de_Banca_Pueyo\" >Horario de atenci\u00f3n al cliente de Banca Pueyo<\/a><\/li><li class='ez-toc-page-1 ez-toc-heading-level-3'><a class=\"ez-toc-link ez-toc-heading-5\" href=\"https:\/\/idecesos.com\/seguros\/companias\/pueyo\/telefono\/#Correo_electronico_de_Banca_Pueyo\" >Correo electr\u00f3nico de Banca Pueyo<\/a><\/li><li class='ez-toc-page-1 ez-toc-heading-level-3'><a class=\"ez-toc-link ez-toc-heading-6\" href=\"https:\/\/idecesos.com\/seguros\/companias\/pueyo\/telefono\/#Formulario_en_el_sitio_Web_de_Banca_Pueyo\" >Formulario en el sitio Web de Banca Pueyo<\/a><\/li><li class='ez-toc-page-1 ez-toc-heading-level-3'><a class=\"ez-toc-link ez-toc-heading-7\" href=\"https:\/\/idecesos.com\/seguros\/companias\/pueyo\/telefono\/#Redes_sociales_de_Banca_Pueyo\" >Redes sociales de Banca Pueyo<\/a><\/li><li class='ez-toc-page-1 ez-toc-heading-level-3'><a class=\"ez-toc-link ez-toc-heading-8\" href=\"https:\/\/idecesos.com\/seguros\/companias\/pueyo\/telefono\/#Paginas_relacionadas\" >P\u00e1ginas relacionadas<\/a><\/li><\/ul><\/li><\/ul><\/nav><\/div>\n\n<div class=\"caja\">\n<div class=\"cajaIcono2 \"  ><div class=\"cuadro\" style=\"box-shadow: inset 0 0 0 3px #ff790e\"><div class=\"iconoCircular\" style=\"border: 3px solid #ff790e\">\t\t\n\t\t\t\t\t<div class=\"iconoCirculo\">\n\t\t\t\t\t  <i class=\"fas fa-phone-volume\"><\/i>\n\t\t\t\t\t<\/div>\n\t\t\t\t<\/div><div class=\"\">\n<h4 style=\"text-align: center;\"><span class=\"ez-toc-section\" id=\"Telefono_Contrataciones_951_127_403\"><\/span><strong>Tel\u00e9fono Contrataciones<br \/>\n951 127 403<\/strong><span class=\"ez-toc-section-end\"><\/span><\/h4>\n<p><\/div><\/div><\/div><br \/>\nBanca Pueyo le da varias opciones a fin de que pueda ponerse en contacto con ellos y de este modo pueda solucionar todas sus dudas, preguntar todo lo que no comprenda y hablar sobre su seguro de decesos. En el procedimiento que escoja para ello, va a estar del otro lado un asesor y especialista en el tema, que va a poder ayudarle en todas y cada una de las cuestiones, como los gastos entorno al ata\u00fad y la sanidad, la indemnizaci\u00f3n diaria que puede recibir por la hospitalizaci\u00f3n, la posibilidad de preservar el ADN, la corona floral, el tanatorio, la esquela\u2026 y otros muchos factores. La Banca Pueyo se ocupar\u00e1 de ver la situaci\u00f3n en la que se encuentre su familia a fin de que todo est\u00e9 en regla y no tengan que preocuparse por nada en ese instante tan duro como es la p\u00e9rdida de un ser querido.<br \/>\n<\/div><\/p>\n<div class=\"colorf \"  ><div class=\"container clearfix\"><div class=\"col-md-7\"><\/p>\n<h2><span class=\"ez-toc-section\" id=\"%C2%BFComo_contactar_con_Banca_Pueyo\"><\/span>\u00bfC\u00f3mo contactar con Banca Pueyo?<span class=\"ez-toc-section-end\"><\/span><\/h2>\n<p>Para establecer la comunicaci\u00f3n con Banca Pueyo, est\u00e1 libre un tel\u00e9fono de contacto, completamente gratis, una p\u00e1gina web con un formulario a rellenar, correo electr\u00f3nico y redes sociales.<br \/>\n<\/div><\/div><\/div>\n<h3><span class=\"ez-toc-section\" id=\"Telefono_gratuito_de_Banca_Pueyo\"><\/span>Tel\u00e9fono gratuito de Banca Pueyo<span class=\"ez-toc-section-end\"><\/span><\/h3>\n<p>Aqu\u00ed tiene el tel\u00e9fono de contacto de Banca Pueyo <strong>900 170 842<\/strong>. Banca Pueyo no deseas que pierdas tu tiempo y te facilita esta opci\u00f3n para que puedas contactar con ellos de forma r\u00e1pida y f\u00e1cil. Ellos van a ser los encargados de resolverte cualquier duda o cuesti\u00f3n por medio de esta v\u00eda. Es esencial que sepas que la llamada a Banca Pueyo es plenamente gratis con lo que los minutos que est\u00e9s hablando con ellos no repercutir\u00e1n en tu tarifa. La atenci\u00f3n al usuario especialista en seguro de decesos de Banca Pueyo le atender\u00e1 para que pueda solucionar todas sus cuestiones y no le quede nada en el tintero.<br \/>\n<div class=\"colorf\"><div class=\"container clearfix\"><div class=\"col-md-7\"><\/p>\n<div class=\"cabecera_tabla_ajustada \"  style=\"width:80%\" ><div class=\"row\"><\/div>\n<div class=\"fila_tabla4 \"  ><div class=\"row\"><div class=\"col-8 nosepara izq\"><p><strong>Tel\u00e9fono para contrataciones<\/strong><\/p><\/div><div class=\"col-4 nosepara centro\">951 127 403<\/div><\/div><\/div>\n<div class=\"pie_tabla \"  ><div class=\"row\"><div class=\"col-12 \"><\/div><\/div><\/div><\/div>\n<\/div><\/div><\/div>\n<h3><span class=\"ez-toc-section\" id=\"Horario_de_atencion_al_cliente_de_Banca_Pueyo\"><\/span>Horario de atenci\u00f3n al cliente de Banca Pueyo<span class=\"ez-toc-section-end\"><\/span><\/h3>\n<p>Banca Pueyo tiene libre un horario de atenci\u00f3n al cliente para poder responder r\u00e1pidamente. Toda vez que llame, habr\u00e1 una persona al lado del tel\u00e9fono para facilitarle la informaci\u00f3n que necesite y, si lo requiere, pasarle la llamada con uno de los asesores expertos. Toda cuesti\u00f3n que desee saber sobre su seguro de decesos y, por consecuencia, coberturas, precios\u2026 se le resolver\u00e1 de la forma m\u00e1s clara y breve posible, a fin de que cuando cuelgue la llamada, quede absolutamente satisfecho con el trato y los datos facilitados. Para que puedas disponer del suficiente tiempo libre para poder efectuar la llamada, queda a su disposici\u00f3n el siguiente horario <strong>horario Banca Pueyo<\/strong>.<br \/>\n<div class=\"colorf\"><div class=\"container clearfix\"><div class=\"col-md-7\"><\/p>\n<h3><span class=\"ez-toc-section\" id=\"Correo_electronico_de_Banca_Pueyo\"><\/span>Correo electr\u00f3nico de Banca Pueyo<span class=\"ez-toc-section-end\"><\/span><\/h3>\n<p>Tras la llegada de Internet, la creaci\u00f3n de perfiles en plataformas como Hotmail o bien Gmail, hacen f\u00e1cil el env\u00edo y recibo de mensajes y documentos. Poder comunicarse con los especialistas y que est\u00e9n libres es fundamental, por lo que Banca Pueyo ofrece el pr\u00f3ximo e mail para que esto ocurra: <strong>e-pueyo@bancapueyo.es<\/strong>. Cada profesional le responder\u00e1 de manera r\u00e1pida, reflejando la experiencia que tienen y el respeto cara el tema que quiera tratar en torno a sus seguro de decesos.<br \/>\n<\/div><\/div><\/div><\/p>\n<h3><span class=\"ez-toc-section\" id=\"Formulario_en_el_sitio_Web_de_Banca_Pueyo\"><\/span>Formulario en el sitio Web de Banca Pueyo<span class=\"ez-toc-section-end\"><\/span><\/h3>\n<p>Los buscadores web pertenecientes a Internet son considerados la mayor plataforma para toda la poblaci\u00f3n. Escribiendo sobre dicho buscador, descubrir\u00e1 un planeta lleno de respuestas. Banca Pueyo, mediante su p\u00e1gina web, le informar\u00e1 de forma gratuita, sobre diferentes cuestiones en torno a su seguro de decesos: recomendaciones, ventajas\u2026As\u00ed, dispondr\u00e1 de datos suficientes, anteriores a un asesoramiento. En dependencia de las caracter\u00edsticas que desee conseguir, tendr\u00e1 unas garant\u00edas o bien otras, ya que la informaci\u00f3n dada en la web es general. La p\u00e1gina web es la pr\u00f3xima <strong>www.bancapueyo.es\/<\/strong>.<br \/>\n<div class=\"colorf\"><div class=\"container clearfix\"><div class=\"col-md-7\"><\/p>\n<h3><span class=\"ez-toc-section\" id=\"Redes_sociales_de_Banca_Pueyo\"><\/span>Redes sociales de Banca Pueyo<span class=\"ez-toc-section-end\"><\/span><\/h3>\n<p>Las redes sociales, Instagram, Twitter o Fb, establecen una gran conexi\u00f3n con la poblaci\u00f3n y pertenecen a las herramientas con m\u00e1s difusi\u00f3n y alcance. Banca Pueyo est\u00e1 al tanto de esto. Saber qui\u00e9nes forman parte de la compa\u00f1\u00eda, contactar o hallar informaci\u00f3n va a poder hacerlo por medio de sus plataformas disponibles. Tecleando Banca Pueyo encontrar\u00e1 el perfil de la empresa y va a poder acceder a sus datos. Si en alg\u00fan momento no puede mandar un mensaje a trav\u00e9s del correo o llamar a su tel\u00e9fono de contacto, podr\u00e1 hacerlo a trav\u00e9s de sus redes sociales, aparte de tener acceso a su p\u00e1gina, informaci\u00f3n sobre las peculiaridades que tiene su seguro de decesos y m\u00e1s.<br \/>\n<\/div><\/div><\/div><\/p>\n<\/div>\n<p><div class=\"oficinas\"> <h3><span class=\"ez-toc-section\" id=\"Paginas_relacionadas\"><\/span>P\u00e1ginas relacionadas<span class=\"ez-toc-section-end\"><\/span><\/h3><div class=\"enlazado\"><ul> <li><a href=\"https:\/\/idecesos.com\/seguros\/companias\/pueyo\/opiniones\/\">Opiniones Banca Pueyo<\/a><\/li> <li><a href=\"https:\/\/idecesos.com\/seguros\/companias\/pueyo\/precio\/\">Precio seguro Banca Pueyo<\/a><\/li> <li><a href=\"https:\/\/idecesos.com\/seguros\/companias\/pueyo\/prima-mixta\/\">Banca Pueyo Prima Mixta<\/a><\/li> <li><a href=\"https:\/\/idecesos.com\/seguros\/companias\/pueyo\/prima-natural\/\">Banca Pueyo Prima Natural<\/a><\/li> <li><a href=\"https:\/\/idecesos.com\/seguros\/companias\/pueyo\/prima-nivelada\/\">Banca Pueyo Prima Nivelada<\/a><\/li> <li><a href=\"https:\/\/idecesos.com\/seguros\/companias\/pueyo\/prima-unica\/\">Banca Pueyo Prima \u00danica<\/a><\/li> <li><a href=\"https:\/\/idecesos.com\/seguros\/companias\/pueyo\/repatriacion\/\">Banca Pueyo Repatriaci\u00f3n<\/a><\/li> <li><a href=\"https:\/\/idecesos.com\/seguros\/companias\/pueyo\/telefono\/\">Tel\u00e9fono Gratuito Banca Pueyo<\/a><\/li><\/ul><\/div> <\/div><\/p>\n","protected":false},"excerpt":{"rendered":"<p>Banca Pueyo le da varias opciones a fin de que pueda ponerse en contacto con ellos y de este modo pueda solucionar todas sus dudas, preguntar todo lo que no comprenda y hablar sobre su seguro de decesos. En el procedimiento que escoja para ello, va a estar del otro lado un asesor y especialista&hellip; <\/p>\n","protected":false},"author":1,"featured_media":0,"parent":453,"menu_order":0,"comment_status":"closed","ping_status":"closed","template":"single.php","meta":{"footnotes":""},"class_list":["post-15417","page","type-page","status-publish","hentry"],"yoast_head":"<!-- This site is optimized with the Yoast SEO plugin v27.3 - https:\/\/yoast.com\/product\/yoast-seo-wordpress\/ -->\n<title>Tel\u00e9fono Gratuito Banca Pueyo \u25b7Atenci\u00f3n Cliente, Email, RRSS, Web<\/title>\n<meta name=\"description\" content=\"Busca aqu\u00ed\u3010Banca Pueyo seguros tel\u00e9fono gratuito\u3011Banca Pueyo Decesos tel\u00e9fono gratis: atenci\u00f3n al cliente y contrataciones \u2611\ufe0fVerificado en 2026\" \/>\n<meta name=\"robots\" content=\"index, follow, max-snippet:-1, max-image-preview:large, max-video-preview:-1\" \/>\n<link rel=\"canonical\" href=\"https:\/\/idecesos.com\/seguros\/companias\/pueyo\/telefono\/\" \/>\n<meta property=\"og:locale\" content=\"es_ES\" \/>\n<meta property=\"og:type\" content=\"article\" \/>\n<meta property=\"og:title\" content=\"Tel\u00e9fono Gratuito Banca Pueyo \u25b7Atenci\u00f3n Cliente, Email, RRSS, Web\" \/>\n<meta property=\"og:description\" content=\"Busca aqu\u00ed\u3010Banca Pueyo seguros tel\u00e9fono gratuito\u3011Banca Pueyo Decesos tel\u00e9fono gratis: atenci\u00f3n al cliente y contrataciones \u2611\ufe0fVerificado en 2026\" \/>\n<meta property=\"og:url\" content=\"https:\/\/idecesos.com\/seguros\/companias\/pueyo\/telefono\/\" \/>\n<meta property=\"article:modified_time\" content=\"2022-04-03T17:44:25+00:00\" \/>\n<meta name=\"twitter:card\" content=\"summary_large_image\" \/>\n<meta name=\"twitter:label1\" content=\"Tiempo de lectura\" \/>\n\t<meta name=\"twitter:data1\" content=\"4 minutos\" \/>\n<script type=\"application\/ld+json\" class=\"yoast-schema-graph\">{\"@context\":\"https:\\\/\\\/schema.org\",\"@graph\":[{\"@type\":\"WebPage\",\"@id\":\"https:\\\/\\\/idecesos.com\\\/seguros\\\/companias\\\/pueyo\\\/telefono\\\/\",\"url\":\"https:\\\/\\\/idecesos.com\\\/seguros\\\/companias\\\/pueyo\\\/telefono\\\/\",\"name\":\"Tel\u00e9fono Gratuito Banca Pueyo \u25b7Atenci\u00f3n Cliente, Email, RRSS, Web\",\"isPartOf\":{\"@id\":\"https:\\\/\\\/idecesos.com\\\/seguros\\\/#website\"},\"datePublished\":\"2021-11-25T10:17:38+00:00\",\"dateModified\":\"2022-04-03T17:44:25+00:00\",\"description\":\"Busca aqu\u00ed\u3010Banca Pueyo seguros tel\u00e9fono gratuito\u3011Banca Pueyo Decesos tel\u00e9fono gratis: atenci\u00f3n al cliente y contrataciones \u2611\ufe0fVerificado en 2026\",\"breadcrumb\":{\"@id\":\"https:\\\/\\\/idecesos.com\\\/seguros\\\/companias\\\/pueyo\\\/telefono\\\/#breadcrumb\"},\"inLanguage\":\"es\",\"potentialAction\":[{\"@type\":\"ReadAction\",\"target\":[\"https:\\\/\\\/idecesos.com\\\/seguros\\\/companias\\\/pueyo\\\/telefono\\\/\"]}]},{\"@type\":\"BreadcrumbList\",\"@id\":\"https:\\\/\\\/idecesos.com\\\/seguros\\\/companias\\\/pueyo\\\/telefono\\\/#breadcrumb\",\"itemListElement\":[{\"@type\":\"ListItem\",\"position\":1,\"name\":\"Portada\",\"item\":\"https:\\\/\\\/idecesos.com\\\/seguros\\\/\"},{\"@type\":\"ListItem\",\"position\":2,\"name\":\"Compa\u00f1\u00edas de Seguros de Decesos en Espa\u00f1a\",\"item\":\"https:\\\/\\\/idecesos.com\\\/seguros\\\/companias\\\/\"},{\"@type\":\"ListItem\",\"position\":3,\"name\":\"Seguro de decesos Banca Pueyo\",\"item\":\"https:\\\/\\\/idecesos.com\\\/seguros\\\/companias\\\/pueyo\\\/\"},{\"@type\":\"ListItem\",\"position\":4,\"name\":\"Atenci\u00f3n al cliente Banca Pueyo: telefono gratuito, e-mail\"}]},{\"@type\":\"WebSite\",\"@id\":\"https:\\\/\\\/idecesos.com\\\/seguros\\\/#website\",\"url\":\"https:\\\/\\\/idecesos.com\\\/seguros\\\/\",\"name\":\"\",\"description\":\"\",\"potentialAction\":[{\"@type\":\"SearchAction\",\"target\":{\"@type\":\"EntryPoint\",\"urlTemplate\":\"https:\\\/\\\/idecesos.com\\\/seguros\\\/?s={search_term_string}\"},\"query-input\":{\"@type\":\"PropertyValueSpecification\",\"valueRequired\":true,\"valueName\":\"search_term_string\"}}],\"inLanguage\":\"es\"}]}<\/script>\n<!-- \/ Yoast SEO plugin. -->","yoast_head_json":{"title":"Tel\u00e9fono Gratuito Banca Pueyo \u25b7Atenci\u00f3n Cliente, Email, RRSS, Web","description":"Busca aqu\u00ed\u3010Banca Pueyo seguros tel\u00e9fono gratuito\u3011Banca Pueyo Decesos tel\u00e9fono gratis: atenci\u00f3n al cliente y contrataciones \u2611\ufe0fVerificado en 2026","robots":{"index":"index","follow":"follow","max-snippet":"max-snippet:-1","max-image-preview":"max-image-preview:large","max-video-preview":"max-video-preview:-1"},"canonical":"https:\/\/idecesos.com\/seguros\/companias\/pueyo\/telefono\/","og_locale":"es_ES","og_type":"article","og_title":"Tel\u00e9fono Gratuito Banca Pueyo \u25b7Atenci\u00f3n Cliente, Email, RRSS, Web","og_description":"Busca aqu\u00ed\u3010Banca Pueyo seguros tel\u00e9fono gratuito\u3011Banca Pueyo Decesos tel\u00e9fono gratis: atenci\u00f3n al cliente y contrataciones \u2611\ufe0fVerificado en 2026","og_url":"https:\/\/idecesos.com\/seguros\/companias\/pueyo\/telefono\/","article_modified_time":"2022-04-03T17:44:25+00:00","twitter_card":"summary_large_image","twitter_misc":{"Tiempo de lectura":"4 minutos"},"schema":{"@context":"https:\/\/schema.org","@graph":[{"@type":"WebPage","@id":"https:\/\/idecesos.com\/seguros\/companias\/pueyo\/telefono\/","url":"https:\/\/idecesos.com\/seguros\/companias\/pueyo\/telefono\/","name":"Tel\u00e9fono Gratuito Banca Pueyo \u25b7Atenci\u00f3n Cliente, Email, RRSS, Web","isPartOf":{"@id":"https:\/\/idecesos.com\/seguros\/#website"},"datePublished":"2021-11-25T10:17:38+00:00","dateModified":"2022-04-03T17:44:25+00:00","description":"Busca aqu\u00ed\u3010Banca Pueyo seguros tel\u00e9fono gratuito\u3011Banca Pueyo Decesos tel\u00e9fono gratis: atenci\u00f3n al cliente y contrataciones \u2611\ufe0fVerificado en 2026","breadcrumb":{"@id":"https:\/\/idecesos.com\/seguros\/companias\/pueyo\/telefono\/#breadcrumb"},"inLanguage":"es","potentialAction":[{"@type":"ReadAction","target":["https:\/\/idecesos.com\/seguros\/companias\/pueyo\/telefono\/"]}]},{"@type":"BreadcrumbList","@id":"https:\/\/idecesos.com\/seguros\/companias\/pueyo\/telefono\/#breadcrumb","itemListElement":[{"@type":"ListItem","position":1,"name":"Portada","item":"https:\/\/idecesos.com\/seguros\/"},{"@type":"ListItem","position":2,"name":"Compa\u00f1\u00edas de Seguros de Decesos en Espa\u00f1a","item":"https:\/\/idecesos.com\/seguros\/companias\/"},{"@type":"ListItem","position":3,"name":"Seguro de decesos Banca Pueyo","item":"https:\/\/idecesos.com\/seguros\/companias\/pueyo\/"},{"@type":"ListItem","position":4,"name":"Atenci\u00f3n al cliente Banca Pueyo: telefono gratuito, e-mail"}]},{"@type":"WebSite","@id":"https:\/\/idecesos.com\/seguros\/#website","url":"https:\/\/idecesos.com\/seguros\/","name":"","description":"","potentialAction":[{"@type":"SearchAction","target":{"@type":"EntryPoint","urlTemplate":"https:\/\/idecesos.com\/seguros\/?s={search_term_string}"},"query-input":{"@type":"PropertyValueSpecification","valueRequired":true,"valueName":"search_term_string"}}],"inLanguage":"es"}]}},"_links":{"self":[{"href":"https:\/\/idecesos.com\/seguros\/wp-json\/wp\/v2\/pages\/15417","targetHints":{"allow":["GET"]}}],"collection":[{"href":"https:\/\/idecesos.com\/seguros\/wp-json\/wp\/v2\/pages"}],"about":[{"href":"https:\/\/idecesos.com\/seguros\/wp-json\/wp\/v2\/types\/page"}],"author":[{"embeddable":true,"href":"https:\/\/idecesos.com\/seguros\/wp-json\/wp\/v2\/users\/1"}],"replies":[{"embeddable":true,"href":"https:\/\/idecesos.com\/seguros\/wp-json\/wp\/v2\/comments?post=15417"}],"version-history":[{"count":8,"href":"https:\/\/idecesos.com\/seguros\/wp-json\/wp\/v2\/pages\/15417\/revisions"}],"predecessor-version":[{"id":20927,"href":"https:\/\/idecesos.com\/seguros\/wp-json\/wp\/v2\/pages\/15417\/revisions\/20927"}],"up":[{"embeddable":true,"href":"https:\/\/idecesos.com\/seguros\/wp-json\/wp\/v2\/pages\/453"}],"wp:attachment":[{"href":"https:\/\/idecesos.com\/seguros\/wp-json\/wp\/v2\/media?parent=15417"}],"curies":[{"name":"wp","href":"https:\/\/api.w.org\/{rel}","templated":true}]}}