{"id":15418,"date":"2021-11-26T09:12:54","date_gmt":"2021-11-25T10:17:39","guid":{"rendered":"https:\/\/idecesos.com\/seguros\/companias\/racc\/telefono\/"},"modified":"2022-04-07T08:20:11","modified_gmt":"2022-04-07T08:20:11","slug":"telefono","status":"publish","type":"page","link":"https:\/\/idecesos.com\/seguros\/companias\/racc\/telefono\/","title":{"rendered":"Atenci\u00f3n al cliente RACC: telefono gratuito, e-mail"},"content":{"rendered":"<div id=\"ez-toc-container\" class=\"ez-toc-v2_0_82_2 ez-toc-wrap-center counter-hierarchy ez-toc-counter ez-toc-custom ez-toc-container-direction\">\n<div class=\"ez-toc-title-container\">\n<p class=\"ez-toc-title\" style=\"cursor:inherit\">Tabla de Contenido<\/p>\n<span class=\"ez-toc-title-toggle\"><a href=\"#\" class=\"ez-toc-pull-right ez-toc-btn ez-toc-btn-xs ez-toc-btn-default ez-toc-toggle\" aria-label=\"Alternar tabla de contenidos\"><span class=\"ez-toc-js-icon-con\"><span class=\"\"><span class=\"eztoc-hide\" style=\"display:none;\">Toggle<\/span><span class=\"ez-toc-icon-toggle-span\"><svg style=\"fill: #db6415;color:#db6415\" xmlns=\"http:\/\/www.w3.org\/2000\/svg\" class=\"list-377408\" width=\"20px\" height=\"20px\" viewBox=\"0 0 24 24\" fill=\"none\"><path d=\"M6 6H4v2h2V6zm14 0H8v2h12V6zM4 11h2v2H4v-2zm16 0H8v2h12v-2zM4 16h2v2H4v-2zm16 0H8v2h12v-2z\" fill=\"currentColor\"><\/path><\/svg><svg style=\"fill: #db6415;color:#db6415\" class=\"arrow-unsorted-368013\" xmlns=\"http:\/\/www.w3.org\/2000\/svg\" width=\"10px\" height=\"10px\" viewBox=\"0 0 24 24\" version=\"1.2\" baseProfile=\"tiny\"><path d=\"M18.2 9.3l-6.2-6.3-6.2 6.3c-.2.2-.3.4-.3.7s.1.5.3.7c.2.2.4.3.7.3h11c.3 0 .5-.1.7-.3.2-.2.3-.5.3-.7s-.1-.5-.3-.7zM5.8 14.7l6.2 6.3 6.2-6.3c.2-.2.3-.5.3-.7s-.1-.5-.3-.7c-.2-.2-.4-.3-.7-.3h-11c-.3 0-.5.1-.7.3-.2.2-.3.5-.3.7s.1.5.3.7z\"\/><\/svg><\/span><\/span><\/span><\/a><\/span><\/div>\n<nav><ul class='ez-toc-list ez-toc-list-level-1 ' ><ul class='ez-toc-list-level-4' ><li class='ez-toc-heading-level-4'><ul class='ez-toc-list-level-4' ><li class='ez-toc-heading-level-4'><a class=\"ez-toc-link ez-toc-heading-1\" href=\"https:\/\/idecesos.com\/seguros\/companias\/racc\/telefono\/#Telefono_Contrataciones_951_127_403\" >Tel\u00e9fono Contrataciones \n951 127 403<\/a><\/li><\/ul><\/li><\/ul><\/li><li class='ez-toc-page-1 ez-toc-heading-level-2'><a class=\"ez-toc-link ez-toc-heading-2\" href=\"https:\/\/idecesos.com\/seguros\/companias\/racc\/telefono\/#%C2%BFComo_contactar_con_RACC\" >\u00bfC\u00f3mo contactar con RACC?<\/a><ul class='ez-toc-list-level-3' ><li class='ez-toc-heading-level-3'><a class=\"ez-toc-link ez-toc-heading-3\" href=\"https:\/\/idecesos.com\/seguros\/companias\/racc\/telefono\/#Telefono_gratuito_de_RACC\" >Tel\u00e9fono gratuito de RACC<\/a><\/li><li class='ez-toc-page-1 ez-toc-heading-level-3'><a class=\"ez-toc-link ez-toc-heading-4\" href=\"https:\/\/idecesos.com\/seguros\/companias\/racc\/telefono\/#Horario_de_atencion_al_cliente_de_RACC\" >Horario de atenci\u00f3n al cliente de RACC<\/a><\/li><li class='ez-toc-page-1 ez-toc-heading-level-3'><a class=\"ez-toc-link ez-toc-heading-5\" href=\"https:\/\/idecesos.com\/seguros\/companias\/racc\/telefono\/#Correo_electronico_de_RACC\" >Correo electr\u00f3nico de RACC<\/a><\/li><li class='ez-toc-page-1 ez-toc-heading-level-3'><a class=\"ez-toc-link ez-toc-heading-6\" href=\"https:\/\/idecesos.com\/seguros\/companias\/racc\/telefono\/#Formulario_en_el_sitio_Web_de_RACC\" >Formulario en el sitio Web de RACC<\/a><\/li><li class='ez-toc-page-1 ez-toc-heading-level-3'><a class=\"ez-toc-link ez-toc-heading-7\" href=\"https:\/\/idecesos.com\/seguros\/companias\/racc\/telefono\/#Redes_sociales_de_RACC\" >Redes sociales de RACC<\/a><\/li><li class='ez-toc-page-1 ez-toc-heading-level-3'><a class=\"ez-toc-link ez-toc-heading-8\" href=\"https:\/\/idecesos.com\/seguros\/companias\/racc\/telefono\/#Paginas_relacionadas\" >P\u00e1ginas relacionadas<\/a><\/li><\/ul><\/li><\/ul><\/nav><\/div>\n\n<div class=\"caja\">\n<div class=\"cajaIcono2 \"  ><div class=\"cuadro\" style=\"box-shadow: inset 0 0 0 3px #ff790e\"><div class=\"iconoCircular\" style=\"border: 3px solid #ff790e\">\t\t\n\t\t\t\t\t<div class=\"iconoCirculo\">\n\t\t\t\t\t  <i class=\"fas fa-phone-volume\"><\/i>\n\t\t\t\t\t<\/div>\n\t\t\t\t<\/div><div class=\"\">\n<h4 style=\"text-align: center;\"><span class=\"ez-toc-section\" id=\"Telefono_Contrataciones_951_127_403\"><\/span><strong>Tel\u00e9fono Contrataciones<br \/>\n951 127 403<\/strong><span class=\"ez-toc-section-end\"><\/span><\/h4>\n<p><\/div><\/div><\/div><br \/>\nRACC dispone de un abanico de posibilidades a fin de que pueda obtener informaci\u00f3n gratuita, simple y sencilla, accesible para todo el planeta. La atenci\u00f3n al cliente que ofrece le notificar\u00e1 sobre su seguro de decesos, aparte de solucionar cualquier tipo de duda o consulta que tenga: elecci\u00f3n del camposanto, gastos de ata\u00fad, diferentes tipos de asistencia (en viaje, art\u00edculo-hospitalizaci\u00f3n), servicio de testamento y mortuorio, orientaci\u00f3n m\u00e9dica, administraci\u00f3n de tramitaci\u00f3n funerario, esquela y muchos otros m\u00e1s. As\u00ed, cuando llegue el instante tan complicado y duro, como es la p\u00e9rdida de un ser querido, no deber\u00e1 preocuparse por ninguna administraci\u00f3n y tr\u00e1mite, en tanto que todo va a estar cubierto. Va a recibir el mayor respeto posible por la parte de los profesionales.<br \/>\n<\/div><\/p>\n<div class=\"colorf \"  ><div class=\"container clearfix\"><div class=\"col-md-7\"><\/p>\n<h2><span class=\"ez-toc-section\" id=\"%C2%BFComo_contactar_con_RACC\"><\/span>\u00bfC\u00f3mo contactar con RACC?<span class=\"ez-toc-section-end\"><\/span><\/h2>\n<p>Direcci\u00f3n de e mail, web con formulario disponible, plataformas como redes sociales y tel\u00e9fono de atenci\u00f3n al cliente, son los medios, absolutamente gratuitos, para poder comunicarse con RACC.<br \/>\n<\/div><\/div><\/div>\n<h3><span class=\"ez-toc-section\" id=\"Telefono_gratuito_de_RACC\"><\/span>Tel\u00e9fono gratuito de RACC<span class=\"ez-toc-section-end\"><\/span><\/h3>\n<p>Para que los especialistas puedan atenderlo y responderle a sus preguntas, dudas, etc. Con respecto a su seguro decesos, es muy importante conocer el tel\u00e9fono de contacto que brinda para poder establecer un v\u00ednculo con el usuario. Hoy, si su intenci\u00f3n es poder dialogar de forma extensa y sin prisas con el especialista, es el mejor m\u00e9todo, por su contacto directo y simpleza. Se terminaron las esperas, RACC proporciona el siguiente tel\u00e9fono gratuito <strong>900 357 357<\/strong>\u00a0con el que vas a poder contactar con los expertos sin desplazarse hasta alguna oficina.<br \/>\n<div class=\"colorf\"><div class=\"container clearfix\"><div class=\"col-md-7\"><\/p>\n<div class=\"cabecera_tabla_ajustada \"  style=\"width:80%\" ><div class=\"row\"><\/div>\n<p><div class=\"fila_tabla4 \"  ><div class=\"row\"><div class=\"col-8 nosepara izq\"><p><strong>Tel\u00e9fono para contrataciones<\/strong><\/p><\/div><div class=\"col-4 nosepara centro\">951 127 403<\/div><\/div><\/div><div class=\"fila_tabla4 \"  ><div class=\"row\"><div class=\"col-8 nosepara izq\"><p><strong>Tel\u00e9fono informaci\u00f3n whatsapp<\/strong><\/p><\/div><div class=\"col-4 nosepara centro\">696 861 660<\/div><\/div><\/div><\/p>\n<div class=\"pie_tabla \"  ><div class=\"row\"><div class=\"col-12 \"><\/div><\/div><\/div><\/div>\n<\/div><\/div><\/div>\n<h3><span class=\"ez-toc-section\" id=\"Horario_de_atencion_al_cliente_de_RACC\"><\/span>Horario de atenci\u00f3n al cliente de RACC<span class=\"ez-toc-section-end\"><\/span><\/h3>\n<p>RACC tiene disponible un horario de atenci\u00f3n al usuario para poder contestar velozmente. Conseguir\u00e1 la posibilidad de charlar con la persona al mando de este servicio o con uno de los profesionales expertos siempre y cuando llame al tel\u00e9fono. Toda la informaci\u00f3n que desee recibir sobre su seguro de decesos, como por servirnos de un ejemplo los precios, ser\u00e1 dada de la mejor manera posible, para que de este modo pueda quedar contento con el trato ofrecido por la compa\u00f1\u00eda. Es un horario est\u00e1ndar <strong>horario RACC<\/strong>, pensado para que el usuario tenga suficiente disponibilidad y tiempo libre a lo largo del d\u00eda para poder efectuar la llamada.<br \/>\n<div class=\"colorf\"><div class=\"container clearfix\"><div class=\"col-md-7\"><\/p>\n<h3><span class=\"ez-toc-section\" id=\"Correo_electronico_de_RACC\"><\/span>Correo electr\u00f3nico de RACC<span class=\"ez-toc-section-end\"><\/span><\/h3>\n<p>Tras la llegada de Internet, la creaci\u00f3n de perfiles en plataformas como Hotmail o Gmail, hacen f\u00e1cil el env\u00edo y recibo de mensajes y documentos. En consecuencia, RACC ha creado la siguiente direcci\u00f3n de correo electr\u00f3nico <strong>inforacc@racc.es<\/strong> para que pueda establecer una buena conexi\u00f3n con los profesionales que van a estar a su disposici\u00f3n. Cada profesional le responder\u00e1 de forma r\u00e1pida, reflejando la experiencia que tienen y el respeto cara el tema que desee tratar en torno a sus seguro de decesos.<br \/>\n<\/div><\/div><\/div><\/p>\n<h3><span class=\"ez-toc-section\" id=\"Formulario_en_el_sitio_Web_de_RACC\"><\/span>Formulario en el sitio Web de RACC<span class=\"ez-toc-section-end\"><\/span><\/h3>\n<p>Internet ha hecho que nuestras vidas cambien y se ha transformado en la plataforma m\u00e1s empleada. Esto es debido a su simpleza, solo con teclear una palabra o bien pregunta que desee saber, este se la va a dar en unos segundos. Con solo poner en su terminal <strong>www.racc.es\/<\/strong> encontrar\u00e1 el sitio web de RACC. Ah\u00ed hallar\u00e1 la informaci\u00f3n base sobre el seguro de decesos se esta compa\u00f1\u00eda. Costos, coberturas, ventajas, promociones&#8230; una breve descripci\u00f3n que le va a ayudar a hacerse una idea de lo que ofertan. Se le facilita un formulario que puede rellenar, completando los distintos campos: nombre y apellidos, e mail, tel\u00e9fono de contacto, etc\u00e9teraFinalizado dicho formulario, un agente de RACC se va a poner en contacto con cuanto antes para resolver sus dudas.<br \/>\n<div class=\"colorf\"><div class=\"container clearfix\"><div class=\"col-md-7\"><\/p>\n<h3><span class=\"ez-toc-section\" id=\"Redes_sociales_de_RACC\"><\/span>Redes sociales de RACC<span class=\"ez-toc-section-end\"><\/span><\/h3>\n<p>La mayor parte de la poblaci\u00f3n tiene creados perfiles en plataformas de redes sociales como Fb, Twitter o bien Instagram. RACC no se queda atr\u00e1s. Saber qui\u00e9nes son parte de la compa\u00f1\u00eda, contactar o encontrar informaci\u00f3n podr\u00e1 hacerlo a trav\u00e9s de sus plataformas libres. Tecleando RACC hallar\u00e1 el perfil de la compa\u00f1\u00eda y podr\u00e1 acceder a sus datos. En \u00e9l, le va a ser posible ver im\u00e1genes, conocer la localizaci\u00f3n de su sede oficial, acceder al link directo de su p\u00e1gina y contactar con la compa\u00f1\u00eda, sin mandar un e mail o llamar si no desea hacerlo en el instante.<br \/>\n<\/div><\/div><\/div><\/p>\n<\/div>\n<p><div class=\"oficinas\"> <h3><span class=\"ez-toc-section\" id=\"Paginas_relacionadas\"><\/span>P\u00e1ginas relacionadas<span class=\"ez-toc-section-end\"><\/span><\/h3><div class=\"enlazado\"><ul> <li><a href=\"https:\/\/idecesos.com\/seguros\/companias\/racc\/coberturas\/\">Coberturas Seguro de Decesos RACC<\/a><\/li> <li><a href=\"https:\/\/idecesos.com\/seguros\/companias\/racc\/opiniones\/\">Opiniones RACC<\/a><\/li> <li><a href=\"https:\/\/idecesos.com\/seguros\/companias\/racc\/precio\/\">Precio seguro RACC<\/a><\/li> <li><a href=\"https:\/\/idecesos.com\/seguros\/companias\/racc\/prima-mixta\/\">RACC Prima Mixta<\/a><\/li> <li><a href=\"https:\/\/idecesos.com\/seguros\/companias\/racc\/prima-natural\/\">RACC Prima Natural<\/a><\/li> <li><a href=\"https:\/\/idecesos.com\/seguros\/companias\/racc\/prima-nivelada\/\">RACC Prima Nivelada<\/a><\/li> <li><a href=\"https:\/\/idecesos.com\/seguros\/companias\/racc\/prima-unica\/\">RACC Prima \u00danica<\/a><\/li> <li><a href=\"https:\/\/idecesos.com\/seguros\/companias\/racc\/repatriacion\/\">RACC Repatriaci\u00f3n<\/a><\/li> <li><a href=\"https:\/\/idecesos.com\/seguros\/companias\/racc\/telefono\/\">Tel\u00e9fono Gratuito RACC<\/a><\/li>   <\/ul><\/div> <\/div><\/p>\n","protected":false},"excerpt":{"rendered":"<p>RACC dispone de un abanico de posibilidades a fin de que pueda obtener informaci\u00f3n gratuita, simple y sencilla, accesible para todo el planeta. La atenci\u00f3n al cliente que ofrece le notificar\u00e1 sobre su seguro de decesos, aparte de solucionar cualquier tipo de duda o consulta que tenga: elecci\u00f3n del camposanto, gastos de ata\u00fad, diferentes tipos&hellip; <\/p>\n","protected":false},"author":1,"featured_media":0,"parent":455,"menu_order":0,"comment_status":"closed","ping_status":"closed","template":"single.php","meta":{"footnotes":""},"class_list":["post-15418","page","type-page","status-publish","hentry"],"yoast_head":"<!-- This site is optimized with the Yoast SEO plugin v27.3 - https:\/\/yoast.com\/product\/yoast-seo-wordpress\/ -->\n<title>Tel\u00e9fono Gratuito RACC \u25b7Atenci\u00f3n Cliente, Email, RRSS, Web<\/title>\n<meta name=\"description\" content=\"Busca aqu\u00ed\u3010RACC seguros tel\u00e9fono gratuito\u3011RACC Decesos tel\u00e9fono gratis: atenci\u00f3n al cliente y contrataciones \u2611\ufe0fVerificado en 2026\" \/>\n<meta name=\"robots\" content=\"index, follow, max-snippet:-1, max-image-preview:large, max-video-preview:-1\" \/>\n<link rel=\"canonical\" href=\"https:\/\/idecesos.com\/seguros\/companias\/racc\/telefono\/\" \/>\n<meta property=\"og:locale\" content=\"es_ES\" \/>\n<meta property=\"og:type\" content=\"article\" \/>\n<meta property=\"og:title\" content=\"Tel\u00e9fono Gratuito RACC \u25b7Atenci\u00f3n Cliente, Email, RRSS, Web\" \/>\n<meta property=\"og:description\" content=\"Busca aqu\u00ed\u3010RACC seguros tel\u00e9fono gratuito\u3011RACC Decesos tel\u00e9fono gratis: atenci\u00f3n al cliente y contrataciones \u2611\ufe0fVerificado en 2026\" \/>\n<meta property=\"og:url\" content=\"https:\/\/idecesos.com\/seguros\/companias\/racc\/telefono\/\" \/>\n<meta property=\"article:modified_time\" content=\"2022-04-07T08:20:11+00:00\" \/>\n<meta name=\"twitter:card\" content=\"summary_large_image\" \/>\n<meta name=\"twitter:label1\" content=\"Tiempo de lectura\" \/>\n\t<meta name=\"twitter:data1\" content=\"4 minutos\" \/>\n<script type=\"application\/ld+json\" class=\"yoast-schema-graph\">{\"@context\":\"https:\\\/\\\/schema.org\",\"@graph\":[{\"@type\":\"WebPage\",\"@id\":\"https:\\\/\\\/idecesos.com\\\/seguros\\\/companias\\\/racc\\\/telefono\\\/\",\"url\":\"https:\\\/\\\/idecesos.com\\\/seguros\\\/companias\\\/racc\\\/telefono\\\/\",\"name\":\"Tel\u00e9fono Gratuito RACC \u25b7Atenci\u00f3n Cliente, Email, RRSS, Web\",\"isPartOf\":{\"@id\":\"https:\\\/\\\/idecesos.com\\\/seguros\\\/#website\"},\"datePublished\":\"2021-11-25T10:17:39+00:00\",\"dateModified\":\"2022-04-07T08:20:11+00:00\",\"description\":\"Busca aqu\u00ed\u3010RACC seguros tel\u00e9fono gratuito\u3011RACC Decesos tel\u00e9fono gratis: atenci\u00f3n al cliente y contrataciones \u2611\ufe0fVerificado en 2026\",\"breadcrumb\":{\"@id\":\"https:\\\/\\\/idecesos.com\\\/seguros\\\/companias\\\/racc\\\/telefono\\\/#breadcrumb\"},\"inLanguage\":\"es\",\"potentialAction\":[{\"@type\":\"ReadAction\",\"target\":[\"https:\\\/\\\/idecesos.com\\\/seguros\\\/companias\\\/racc\\\/telefono\\\/\"]}]},{\"@type\":\"BreadcrumbList\",\"@id\":\"https:\\\/\\\/idecesos.com\\\/seguros\\\/companias\\\/racc\\\/telefono\\\/#breadcrumb\",\"itemListElement\":[{\"@type\":\"ListItem\",\"position\":1,\"name\":\"Portada\",\"item\":\"https:\\\/\\\/idecesos.com\\\/seguros\\\/\"},{\"@type\":\"ListItem\",\"position\":2,\"name\":\"Compa\u00f1\u00edas de Seguros de Decesos en Espa\u00f1a\",\"item\":\"https:\\\/\\\/idecesos.com\\\/seguros\\\/companias\\\/\"},{\"@type\":\"ListItem\",\"position\":3,\"name\":\"Seguro de decesos RACC\",\"item\":\"https:\\\/\\\/idecesos.com\\\/seguros\\\/companias\\\/racc\\\/\"},{\"@type\":\"ListItem\",\"position\":4,\"name\":\"Atenci\u00f3n al cliente RACC: telefono gratuito, e-mail\"}]},{\"@type\":\"WebSite\",\"@id\":\"https:\\\/\\\/idecesos.com\\\/seguros\\\/#website\",\"url\":\"https:\\\/\\\/idecesos.com\\\/seguros\\\/\",\"name\":\"\",\"description\":\"\",\"potentialAction\":[{\"@type\":\"SearchAction\",\"target\":{\"@type\":\"EntryPoint\",\"urlTemplate\":\"https:\\\/\\\/idecesos.com\\\/seguros\\\/?s={search_term_string}\"},\"query-input\":{\"@type\":\"PropertyValueSpecification\",\"valueRequired\":true,\"valueName\":\"search_term_string\"}}],\"inLanguage\":\"es\"}]}<\/script>\n<!-- \/ Yoast SEO plugin. -->","yoast_head_json":{"title":"Tel\u00e9fono Gratuito RACC \u25b7Atenci\u00f3n Cliente, Email, RRSS, Web","description":"Busca aqu\u00ed\u3010RACC seguros tel\u00e9fono gratuito\u3011RACC Decesos tel\u00e9fono gratis: atenci\u00f3n al cliente y contrataciones \u2611\ufe0fVerificado en 2026","robots":{"index":"index","follow":"follow","max-snippet":"max-snippet:-1","max-image-preview":"max-image-preview:large","max-video-preview":"max-video-preview:-1"},"canonical":"https:\/\/idecesos.com\/seguros\/companias\/racc\/telefono\/","og_locale":"es_ES","og_type":"article","og_title":"Tel\u00e9fono Gratuito RACC \u25b7Atenci\u00f3n Cliente, Email, RRSS, Web","og_description":"Busca aqu\u00ed\u3010RACC seguros tel\u00e9fono gratuito\u3011RACC Decesos tel\u00e9fono gratis: atenci\u00f3n al cliente y contrataciones \u2611\ufe0fVerificado en 2026","og_url":"https:\/\/idecesos.com\/seguros\/companias\/racc\/telefono\/","article_modified_time":"2022-04-07T08:20:11+00:00","twitter_card":"summary_large_image","twitter_misc":{"Tiempo de lectura":"4 minutos"},"schema":{"@context":"https:\/\/schema.org","@graph":[{"@type":"WebPage","@id":"https:\/\/idecesos.com\/seguros\/companias\/racc\/telefono\/","url":"https:\/\/idecesos.com\/seguros\/companias\/racc\/telefono\/","name":"Tel\u00e9fono Gratuito RACC \u25b7Atenci\u00f3n Cliente, Email, RRSS, Web","isPartOf":{"@id":"https:\/\/idecesos.com\/seguros\/#website"},"datePublished":"2021-11-25T10:17:39+00:00","dateModified":"2022-04-07T08:20:11+00:00","description":"Busca aqu\u00ed\u3010RACC seguros tel\u00e9fono gratuito\u3011RACC Decesos tel\u00e9fono gratis: atenci\u00f3n al cliente y contrataciones \u2611\ufe0fVerificado en 2026","breadcrumb":{"@id":"https:\/\/idecesos.com\/seguros\/companias\/racc\/telefono\/#breadcrumb"},"inLanguage":"es","potentialAction":[{"@type":"ReadAction","target":["https:\/\/idecesos.com\/seguros\/companias\/racc\/telefono\/"]}]},{"@type":"BreadcrumbList","@id":"https:\/\/idecesos.com\/seguros\/companias\/racc\/telefono\/#breadcrumb","itemListElement":[{"@type":"ListItem","position":1,"name":"Portada","item":"https:\/\/idecesos.com\/seguros\/"},{"@type":"ListItem","position":2,"name":"Compa\u00f1\u00edas de Seguros de Decesos en Espa\u00f1a","item":"https:\/\/idecesos.com\/seguros\/companias\/"},{"@type":"ListItem","position":3,"name":"Seguro de decesos RACC","item":"https:\/\/idecesos.com\/seguros\/companias\/racc\/"},{"@type":"ListItem","position":4,"name":"Atenci\u00f3n al cliente RACC: telefono gratuito, e-mail"}]},{"@type":"WebSite","@id":"https:\/\/idecesos.com\/seguros\/#website","url":"https:\/\/idecesos.com\/seguros\/","name":"","description":"","potentialAction":[{"@type":"SearchAction","target":{"@type":"EntryPoint","urlTemplate":"https:\/\/idecesos.com\/seguros\/?s={search_term_string}"},"query-input":{"@type":"PropertyValueSpecification","valueRequired":true,"valueName":"search_term_string"}}],"inLanguage":"es"}]}},"_links":{"self":[{"href":"https:\/\/idecesos.com\/seguros\/wp-json\/wp\/v2\/pages\/15418","targetHints":{"allow":["GET"]}}],"collection":[{"href":"https:\/\/idecesos.com\/seguros\/wp-json\/wp\/v2\/pages"}],"about":[{"href":"https:\/\/idecesos.com\/seguros\/wp-json\/wp\/v2\/types\/page"}],"author":[{"embeddable":true,"href":"https:\/\/idecesos.com\/seguros\/wp-json\/wp\/v2\/users\/1"}],"replies":[{"embeddable":true,"href":"https:\/\/idecesos.com\/seguros\/wp-json\/wp\/v2\/comments?post=15418"}],"version-history":[{"count":8,"href":"https:\/\/idecesos.com\/seguros\/wp-json\/wp\/v2\/pages\/15418\/revisions"}],"predecessor-version":[{"id":21045,"href":"https:\/\/idecesos.com\/seguros\/wp-json\/wp\/v2\/pages\/15418\/revisions\/21045"}],"up":[{"embeddable":true,"href":"https:\/\/idecesos.com\/seguros\/wp-json\/wp\/v2\/pages\/455"}],"wp:attachment":[{"href":"https:\/\/idecesos.com\/seguros\/wp-json\/wp\/v2\/media?parent=15418"}],"curies":[{"name":"wp","href":"https:\/\/api.w.org\/{rel}","templated":true}]}}