{"id":15419,"date":"2021-11-26T09:12:55","date_gmt":"2021-11-25T10:17:39","guid":{"rendered":"https:\/\/idecesos.com\/seguros\/companias\/caixa-rural\/telefono\/"},"modified":"2022-04-03T18:54:52","modified_gmt":"2022-04-03T18:54:52","slug":"telefono","status":"publish","type":"page","link":"https:\/\/idecesos.com\/seguros\/companias\/caixa-rural\/telefono\/","title":{"rendered":"Atenci\u00f3n al cliente Caixa Rural: telefono gratuito, e-mail"},"content":{"rendered":"<div id=\"ez-toc-container\" class=\"ez-toc-v2_0_82_2 ez-toc-wrap-center counter-hierarchy ez-toc-counter ez-toc-custom ez-toc-container-direction\">\n<div class=\"ez-toc-title-container\">\n<p class=\"ez-toc-title\" style=\"cursor:inherit\">Tabla de Contenido<\/p>\n<span class=\"ez-toc-title-toggle\"><a href=\"#\" class=\"ez-toc-pull-right ez-toc-btn ez-toc-btn-xs ez-toc-btn-default ez-toc-toggle\" aria-label=\"Alternar tabla de contenidos\"><span class=\"ez-toc-js-icon-con\"><span class=\"\"><span class=\"eztoc-hide\" style=\"display:none;\">Toggle<\/span><span class=\"ez-toc-icon-toggle-span\"><svg style=\"fill: #db6415;color:#db6415\" xmlns=\"http:\/\/www.w3.org\/2000\/svg\" class=\"list-377408\" width=\"20px\" height=\"20px\" viewBox=\"0 0 24 24\" fill=\"none\"><path d=\"M6 6H4v2h2V6zm14 0H8v2h12V6zM4 11h2v2H4v-2zm16 0H8v2h12v-2zM4 16h2v2H4v-2zm16 0H8v2h12v-2z\" fill=\"currentColor\"><\/path><\/svg><svg style=\"fill: #db6415;color:#db6415\" class=\"arrow-unsorted-368013\" xmlns=\"http:\/\/www.w3.org\/2000\/svg\" width=\"10px\" height=\"10px\" viewBox=\"0 0 24 24\" version=\"1.2\" baseProfile=\"tiny\"><path d=\"M18.2 9.3l-6.2-6.3-6.2 6.3c-.2.2-.3.4-.3.7s.1.5.3.7c.2.2.4.3.7.3h11c.3 0 .5-.1.7-.3.2-.2.3-.5.3-.7s-.1-.5-.3-.7zM5.8 14.7l6.2 6.3 6.2-6.3c.2-.2.3-.5.3-.7s-.1-.5-.3-.7c-.2-.2-.4-.3-.7-.3h-11c-.3 0-.5.1-.7.3-.2.2-.3.5-.3.7s.1.5.3.7z\"\/><\/svg><\/span><\/span><\/span><\/a><\/span><\/div>\n<nav><ul class='ez-toc-list ez-toc-list-level-1 ' ><ul class='ez-toc-list-level-4' ><li class='ez-toc-heading-level-4'><ul class='ez-toc-list-level-4' ><li class='ez-toc-heading-level-4'><a class=\"ez-toc-link ez-toc-heading-1\" href=\"https:\/\/idecesos.com\/seguros\/companias\/caixa-rural\/telefono\/#Telefono_Contrataciones_951_127_403\" >Tel\u00e9fono Contrataciones \n951 127 403<\/a><\/li><\/ul><\/li><\/ul><\/li><li class='ez-toc-page-1 ez-toc-heading-level-2'><a class=\"ez-toc-link ez-toc-heading-2\" href=\"https:\/\/idecesos.com\/seguros\/companias\/caixa-rural\/telefono\/#%C2%BFComo_contactar_con_Caixa_Rural\" >\u00bfC\u00f3mo contactar con Caixa Rural?<\/a><ul class='ez-toc-list-level-3' ><li class='ez-toc-heading-level-3'><a class=\"ez-toc-link ez-toc-heading-3\" href=\"https:\/\/idecesos.com\/seguros\/companias\/caixa-rural\/telefono\/#Telefono_gratuito_de_Caixa_Rural\" >Tel\u00e9fono gratuito de Caixa Rural<\/a><\/li><li class='ez-toc-page-1 ez-toc-heading-level-3'><a class=\"ez-toc-link ez-toc-heading-4\" href=\"https:\/\/idecesos.com\/seguros\/companias\/caixa-rural\/telefono\/#Horario_de_atencion_al_cliente_de_Caixa_Rural\" >Horario de atenci\u00f3n al cliente de Caixa Rural<\/a><\/li><li class='ez-toc-page-1 ez-toc-heading-level-3'><a class=\"ez-toc-link ez-toc-heading-5\" href=\"https:\/\/idecesos.com\/seguros\/companias\/caixa-rural\/telefono\/#Correo_electronico_de_Caixa_Rural\" >Correo electr\u00f3nico de Caixa Rural<\/a><\/li><li class='ez-toc-page-1 ez-toc-heading-level-3'><a class=\"ez-toc-link ez-toc-heading-6\" href=\"https:\/\/idecesos.com\/seguros\/companias\/caixa-rural\/telefono\/#Formulario_en_el_sitio_Web_de_Caixa_Rural\" >Formulario en el sitio Web de Caixa Rural<\/a><\/li><li class='ez-toc-page-1 ez-toc-heading-level-3'><a class=\"ez-toc-link ez-toc-heading-7\" href=\"https:\/\/idecesos.com\/seguros\/companias\/caixa-rural\/telefono\/#Redes_sociales_de_Caixa_Rural\" >Redes sociales de Caixa Rural<\/a><\/li><li class='ez-toc-page-1 ez-toc-heading-level-3'><a class=\"ez-toc-link ez-toc-heading-8\" href=\"https:\/\/idecesos.com\/seguros\/companias\/caixa-rural\/telefono\/#Paginas_relacionadas\" >P\u00e1ginas relacionadas<\/a><\/li><\/ul><\/li><\/ul><\/nav><\/div>\n\n<div class=\"caja\">\n<div class=\"cajaIcono2 \"  ><div class=\"cuadro\" style=\"box-shadow: inset 0 0 0 3px #ff790e\"><div class=\"iconoCircular\" style=\"border: 3px solid #ff790e\">\t\t\n\t\t\t\t\t<div class=\"iconoCirculo\">\n\t\t\t\t\t  <i class=\"fas fa-phone-volume\"><\/i>\n\t\t\t\t\t<\/div>\n\t\t\t\t<\/div><div class=\"\">\n<h4 style=\"text-align: center;\"><span class=\"ez-toc-section\" id=\"Telefono_Contrataciones_951_127_403\"><\/span><strong>Tel\u00e9fono Contrataciones<br \/>\n951 127 403<\/strong><span class=\"ez-toc-section-end\"><\/span><\/h4>\n<p><\/div><\/div><\/div><br \/>\nPara que pueda tener acceso a informaci\u00f3n sobre Caixa Rural, tiene libre varios m\u00e9todos gratis, simples y sencillos. Brinda la oportunidad de poder ser informado, a trav\u00e9s de una persona al cargo del servicio de atenci\u00f3n al usuario, sobre los gastos que pueda conllevar cualquier tr\u00e1mite funerario, las orientaciones m\u00e9dicas libres, los diferentes cementerios libres y, otros m\u00e1s. Cualquier tr\u00e1mite o administraci\u00f3n estar\u00e1 cerrado de cara al momento del entierro del ser querido y, para su calma, no deber\u00e1n estar preocupados por nada m\u00e1s all\u00ed. Va a recibir el mayor respeto posible por parte de los profesionales.<br \/>\n<\/div><\/p>\n<div class=\"colorf \"  ><div class=\"container clearfix\"><div class=\"col-md-7\"><\/p>\n<h2><span class=\"ez-toc-section\" id=\"%C2%BFComo_contactar_con_Caixa_Rural\"><\/span>\u00bfC\u00f3mo contactar con Caixa Rural?<span class=\"ez-toc-section-end\"><\/span><\/h2>\n<p>A fin de que le resulte posible contactar con Caixa Rural, tiene a su predisposici\u00f3n un tel\u00e9fono de contacto, plenamente gratis, un e-mail, p\u00e1gina con un formulario a rellenar y perfiles en diferentes redes sociales.<br \/>\n<\/div><\/div><\/div>\n<h3><span class=\"ez-toc-section\" id=\"Telefono_gratuito_de_Caixa_Rural\"><\/span>Tel\u00e9fono gratuito de Caixa Rural<span class=\"ez-toc-section-end\"><\/span><\/h3>\n<p>Se le facilita el siguiente tel\u00e9fono de contacto <strong>913 346 780<\/strong>. Hoy en d\u00eda el tiempo es fundamental. De ah\u00ed que Caixa Rural est\u00e1 al tanto de que este m\u00e9todo es r\u00e1pido y simple de usar. Adem\u00e1s de esto mediante te van a poder solventar todas tus cuestiones o bien dudas sobre tu seguro. Es importante saber que la llamada no conllevar\u00e1 ning\u00fan g\u00e9nero de coste, es indiferente el tiempo que transcurra desde el principio hasta el final. Le atender\u00e1 un asesor especialista en seguro de decesos para que de este modo pueda solucionar todas sus dudas a lo largo de la llamada.<br \/>\n<div class=\"colorf\"><div class=\"container clearfix\"><div class=\"col-md-7\"><\/p>\n<div class=\"cabecera_tabla_ajustada \"  style=\"width:80%\" ><div class=\"row\"><\/div>\n<div class=\"fila_tabla4 \"  ><div class=\"row\"><div class=\"col-8 nosepara izq\"><p><strong>Tel\u00e9fono para contrataciones<\/strong><\/p><\/div><div class=\"col-4 nosepara centro\">951 127 403<\/div><\/div><\/div>\n<div class=\"pie_tabla \"  ><div class=\"row\"><div class=\"col-12 \"><\/div><\/div><\/div><\/div>\n<\/div><\/div><\/div>\n<h3><span class=\"ez-toc-section\" id=\"Horario_de_atencion_al_cliente_de_Caixa_Rural\"><\/span>Horario de atenci\u00f3n al cliente de Caixa Rural<span class=\"ez-toc-section-end\"><\/span><\/h3>\n<p>Para que puedas solucionar sus inquietudes, Caixa Rural pone a su disposici\u00f3n un horario flexible de atenci\u00f3n al cliente. Merced a esto, sus agente podr\u00e1n ayudarle toda vez que lo necesite. La persona de atenci\u00f3n al cliente se va a poner a su total predisposici\u00f3n para asistirle en lo que necesite. En el momento que precise, la llamada ser\u00e1 desviada a uno de los aconsejes y especialistas de la compa\u00f1\u00eda, que le resolver\u00e1 las preguntas, dudas\u2026 que desee saber sobre su seguro de decesos y cualquier cuesti\u00f3n que le compete. Tras acabar la llamada, va a haber recabado todos y cada uno de los datos precisos y ser\u00e1 de su agrado el trato recibido por parte de la empresa.<br \/>\n<div class=\"colorf\"><div class=\"container clearfix\"><div class=\"col-md-7\"><\/p>\n<h3><span class=\"ez-toc-section\" id=\"Correo_electronico_de_Caixa_Rural\"><\/span>Correo electr\u00f3nico de Caixa Rural<span class=\"ez-toc-section-end\"><\/span><\/h3>\n<p>En la actualidad, nuestra sociedad est\u00e1 inmersa en el mundo de internet. La poblaci\u00f3n es consciente de ello, por lo que tienen en su poder perfiles en diferentes plataformas como Hotmail, Gmail\u2026 Caixa Rural no se queda atr\u00e1s, tiene a su disposici\u00f3n el pr\u00f3ximo mail <strong>ruralvia@cajarural.com<\/strong>. Un profesional experto en seguro de decesos se pondr\u00e1 en contacto con usted para resolverle sus dudas y le va a mandar toda la informaci\u00f3n que crea precisa para solucionar sus cuestiones. Un servicio veloz y eficaz que le va a ayudar en cualquier inconveniente que tenga.<br \/>\n<\/div><\/div><\/div><\/p>\n<h3><span class=\"ez-toc-section\" id=\"Formulario_en_el_sitio_Web_de_Caixa_Rural\"><\/span>Formulario en el sitio Web de Caixa Rural<span class=\"ez-toc-section-end\"><\/span><\/h3>\n<p>Internet hoy en d\u00eda es la herramienta m\u00e1s usada en la vida rutinaria de la gente. Su simpleza se ha convertido en \u00e9xito. Con teclear una palabra o oraci\u00f3n encontrar\u00e1s millones de resultados relacionados con su b\u00fasqueda. Con tan solo poner en Google <strong>www.segurosrga.es\/<\/strong> va a acceder f\u00e1cilmente a la web de Caixa Rural. En su web encontrar\u00e1 una idea general sobre todo sus servicios de su seguro de decesos. Precios, coberturas, ofertas, ventajas&#8230; unos datos que le ayudar\u00e1n a hacerse una ligera idea de la empresa aseguradora. Se le facilita un formulario que puede rellenar, completando los distintos campos: nombre y apellidos, e mail, tel\u00e9fono de contacto, etc\u00e9teraFinalizado dicho formulario, un agente de Caixa Rural se va a poner en contacto con usted a la mayor brevedad para resolver sus dudas.<br \/>\n<div class=\"colorf\"><div class=\"container clearfix\"><div class=\"col-md-7\"><\/p>\n<h3><span class=\"ez-toc-section\" id=\"Redes_sociales_de_Caixa_Rural\"><\/span>Redes sociales de Caixa Rural<span class=\"ez-toc-section-end\"><\/span><\/h3>\n<p>Las redes sociales con m\u00e1s relevancia y difusi\u00f3n entre todas y cada una de las personas del planeta son: Twitter, Instagram y\/o Fb. Caixa Rural es conocedora del gran impacto y repercusi\u00f3n que tienen estas plataformas, con lo que dispone de un perfl en ellas. Basta con teclear Caixa Rural en la aplicaci\u00f3n para acceder a \u00e9l. Informaci\u00f3n esencial sobre su seguro de decesos como caracter\u00edsticas, ofertas o bien enlace a p\u00e1gina es lo que hallar\u00e1 en el perfil de Caixa Rural. Este servicio le ser\u00e1 de mucha ayuda para mantener contacto con la compa\u00f1\u00eda si as\u00ed lo desea.<br \/>\n<\/div><\/div><\/div><\/p>\n<\/div>\n<p><div class=\"oficinas\"> <h3><span class=\"ez-toc-section\" id=\"Paginas_relacionadas\"><\/span>P\u00e1ginas relacionadas<span class=\"ez-toc-section-end\"><\/span><\/h3><div class=\"enlazado\"><ul> <li><a href=\"https:\/\/idecesos.com\/seguros\/companias\/caixa-rural\/opiniones\/\">Opiniones Caixa Rural<\/a><\/li> <li><a href=\"https:\/\/idecesos.com\/seguros\/companias\/caixa-rural\/precio\/\">Precio seguro Caixa Rural<\/a><\/li> <li><a href=\"https:\/\/idecesos.com\/seguros\/companias\/caixa-rural\/prima-mixta\/\">Caixa Rural Prima Mixta<\/a><\/li> <li><a href=\"https:\/\/idecesos.com\/seguros\/companias\/caixa-rural\/prima-natural\/\">Caixa Rural Prima Natural<\/a><\/li> <li><a href=\"https:\/\/idecesos.com\/seguros\/companias\/caixa-rural\/prima-nivelada\/\">Caixa Rural Prima Nivelada<\/a><\/li> <li><a href=\"https:\/\/idecesos.com\/seguros\/companias\/caixa-rural\/prima-unica\/\">Caixa Rural Prima \u00danica<\/a><\/li> <li><a href=\"https:\/\/idecesos.com\/seguros\/companias\/caixa-rural\/repatriacion\/\">Caixa Rural Repatriaci\u00f3n<\/a><\/li> <li><a href=\"https:\/\/idecesos.com\/seguros\/companias\/caixa-rural\/telefono\/\">Tel\u00e9fono Gratuito Caixa Rural<\/a><\/li><\/ul><\/div> <\/div><\/p>\n","protected":false},"excerpt":{"rendered":"<p>Para que pueda tener acceso a informaci\u00f3n sobre Caixa Rural, tiene libre varios m\u00e9todos gratis, simples y sencillos. Brinda la oportunidad de poder ser informado, a trav\u00e9s de una persona al cargo del servicio de atenci\u00f3n al usuario, sobre los gastos que pueda conllevar cualquier tr\u00e1mite funerario, las orientaciones m\u00e9dicas libres, los diferentes cementerios libres&hellip; <\/p>\n","protected":false},"author":1,"featured_media":0,"parent":529,"menu_order":0,"comment_status":"closed","ping_status":"closed","template":"single.php","meta":{"footnotes":""},"class_list":["post-15419","page","type-page","status-publish","hentry"],"yoast_head":"<!-- This site is optimized with the Yoast SEO plugin v27.4 - https:\/\/yoast.com\/product\/yoast-seo-wordpress\/ -->\n<title>Tel\u00e9fono Gratuito Caixa Rural \u25b7Atenci\u00f3n Cliente, Email, RRSS, Web<\/title>\n<meta name=\"description\" content=\"Busca aqu\u00ed\u3010Caixa Rural seguros tel\u00e9fono gratuito\u3011Caixa Rural Decesos tel\u00e9fono gratis: atenci\u00f3n al cliente y contrataciones \u2611\ufe0fVerificado en 2026\" \/>\n<meta name=\"robots\" content=\"index, follow, max-snippet:-1, max-image-preview:large, max-video-preview:-1\" \/>\n<link rel=\"canonical\" href=\"https:\/\/idecesos.com\/seguros\/companias\/caixa-rural\/telefono\/\" \/>\n<meta property=\"og:locale\" content=\"es_ES\" \/>\n<meta property=\"og:type\" content=\"article\" \/>\n<meta property=\"og:title\" content=\"Tel\u00e9fono Gratuito Caixa Rural \u25b7Atenci\u00f3n Cliente, Email, RRSS, Web\" \/>\n<meta property=\"og:description\" content=\"Busca aqu\u00ed\u3010Caixa Rural seguros tel\u00e9fono gratuito\u3011Caixa Rural Decesos tel\u00e9fono gratis: atenci\u00f3n al cliente y contrataciones \u2611\ufe0fVerificado en 2026\" \/>\n<meta property=\"og:url\" content=\"https:\/\/idecesos.com\/seguros\/companias\/caixa-rural\/telefono\/\" \/>\n<meta property=\"article:modified_time\" content=\"2022-04-03T18:54:52+00:00\" \/>\n<meta name=\"twitter:card\" content=\"summary_large_image\" \/>\n<meta name=\"twitter:label1\" content=\"Tiempo de lectura\" \/>\n\t<meta name=\"twitter:data1\" content=\"4 minutos\" \/>\n<script type=\"application\/ld+json\" class=\"yoast-schema-graph\">{\"@context\":\"https:\\\/\\\/schema.org\",\"@graph\":[{\"@type\":\"WebPage\",\"@id\":\"https:\\\/\\\/idecesos.com\\\/seguros\\\/companias\\\/caixa-rural\\\/telefono\\\/\",\"url\":\"https:\\\/\\\/idecesos.com\\\/seguros\\\/companias\\\/caixa-rural\\\/telefono\\\/\",\"name\":\"Tel\u00e9fono Gratuito Caixa Rural \u25b7Atenci\u00f3n Cliente, Email, RRSS, Web\",\"isPartOf\":{\"@id\":\"https:\\\/\\\/idecesos.com\\\/seguros\\\/#website\"},\"datePublished\":\"2021-11-25T10:17:39+00:00\",\"dateModified\":\"2022-04-03T18:54:52+00:00\",\"description\":\"Busca aqu\u00ed\u3010Caixa Rural seguros tel\u00e9fono gratuito\u3011Caixa Rural Decesos tel\u00e9fono gratis: atenci\u00f3n al cliente y contrataciones \u2611\ufe0fVerificado en 2026\",\"breadcrumb\":{\"@id\":\"https:\\\/\\\/idecesos.com\\\/seguros\\\/companias\\\/caixa-rural\\\/telefono\\\/#breadcrumb\"},\"inLanguage\":\"es\",\"potentialAction\":[{\"@type\":\"ReadAction\",\"target\":[\"https:\\\/\\\/idecesos.com\\\/seguros\\\/companias\\\/caixa-rural\\\/telefono\\\/\"]}]},{\"@type\":\"BreadcrumbList\",\"@id\":\"https:\\\/\\\/idecesos.com\\\/seguros\\\/companias\\\/caixa-rural\\\/telefono\\\/#breadcrumb\",\"itemListElement\":[{\"@type\":\"ListItem\",\"position\":1,\"name\":\"Portada\",\"item\":\"https:\\\/\\\/idecesos.com\\\/seguros\\\/\"},{\"@type\":\"ListItem\",\"position\":2,\"name\":\"Compa\u00f1\u00edas de Seguros de Decesos en Espa\u00f1a\",\"item\":\"https:\\\/\\\/idecesos.com\\\/seguros\\\/companias\\\/\"},{\"@type\":\"ListItem\",\"position\":3,\"name\":\"Seguro de decesos Caixa Rural\",\"item\":\"https:\\\/\\\/idecesos.com\\\/seguros\\\/companias\\\/caixa-rural\\\/\"},{\"@type\":\"ListItem\",\"position\":4,\"name\":\"Atenci\u00f3n al cliente Caixa Rural: telefono gratuito, e-mail\"}]},{\"@type\":\"WebSite\",\"@id\":\"https:\\\/\\\/idecesos.com\\\/seguros\\\/#website\",\"url\":\"https:\\\/\\\/idecesos.com\\\/seguros\\\/\",\"name\":\"\",\"description\":\"\",\"potentialAction\":[{\"@type\":\"SearchAction\",\"target\":{\"@type\":\"EntryPoint\",\"urlTemplate\":\"https:\\\/\\\/idecesos.com\\\/seguros\\\/?s={search_term_string}\"},\"query-input\":{\"@type\":\"PropertyValueSpecification\",\"valueRequired\":true,\"valueName\":\"search_term_string\"}}],\"inLanguage\":\"es\"}]}<\/script>\n<!-- \/ Yoast SEO plugin. -->","yoast_head_json":{"title":"Tel\u00e9fono Gratuito Caixa Rural \u25b7Atenci\u00f3n Cliente, Email, RRSS, Web","description":"Busca aqu\u00ed\u3010Caixa Rural seguros tel\u00e9fono gratuito\u3011Caixa Rural Decesos tel\u00e9fono gratis: atenci\u00f3n al cliente y contrataciones \u2611\ufe0fVerificado en 2026","robots":{"index":"index","follow":"follow","max-snippet":"max-snippet:-1","max-image-preview":"max-image-preview:large","max-video-preview":"max-video-preview:-1"},"canonical":"https:\/\/idecesos.com\/seguros\/companias\/caixa-rural\/telefono\/","og_locale":"es_ES","og_type":"article","og_title":"Tel\u00e9fono Gratuito Caixa Rural \u25b7Atenci\u00f3n Cliente, Email, RRSS, Web","og_description":"Busca aqu\u00ed\u3010Caixa Rural seguros tel\u00e9fono gratuito\u3011Caixa Rural Decesos tel\u00e9fono gratis: atenci\u00f3n al cliente y contrataciones \u2611\ufe0fVerificado en 2026","og_url":"https:\/\/idecesos.com\/seguros\/companias\/caixa-rural\/telefono\/","article_modified_time":"2022-04-03T18:54:52+00:00","twitter_card":"summary_large_image","twitter_misc":{"Tiempo de lectura":"4 minutos"},"schema":{"@context":"https:\/\/schema.org","@graph":[{"@type":"WebPage","@id":"https:\/\/idecesos.com\/seguros\/companias\/caixa-rural\/telefono\/","url":"https:\/\/idecesos.com\/seguros\/companias\/caixa-rural\/telefono\/","name":"Tel\u00e9fono Gratuito Caixa Rural \u25b7Atenci\u00f3n Cliente, Email, RRSS, Web","isPartOf":{"@id":"https:\/\/idecesos.com\/seguros\/#website"},"datePublished":"2021-11-25T10:17:39+00:00","dateModified":"2022-04-03T18:54:52+00:00","description":"Busca aqu\u00ed\u3010Caixa Rural seguros tel\u00e9fono gratuito\u3011Caixa Rural Decesos tel\u00e9fono gratis: atenci\u00f3n al cliente y contrataciones \u2611\ufe0fVerificado en 2026","breadcrumb":{"@id":"https:\/\/idecesos.com\/seguros\/companias\/caixa-rural\/telefono\/#breadcrumb"},"inLanguage":"es","potentialAction":[{"@type":"ReadAction","target":["https:\/\/idecesos.com\/seguros\/companias\/caixa-rural\/telefono\/"]}]},{"@type":"BreadcrumbList","@id":"https:\/\/idecesos.com\/seguros\/companias\/caixa-rural\/telefono\/#breadcrumb","itemListElement":[{"@type":"ListItem","position":1,"name":"Portada","item":"https:\/\/idecesos.com\/seguros\/"},{"@type":"ListItem","position":2,"name":"Compa\u00f1\u00edas de Seguros de Decesos en Espa\u00f1a","item":"https:\/\/idecesos.com\/seguros\/companias\/"},{"@type":"ListItem","position":3,"name":"Seguro de decesos Caixa Rural","item":"https:\/\/idecesos.com\/seguros\/companias\/caixa-rural\/"},{"@type":"ListItem","position":4,"name":"Atenci\u00f3n al cliente Caixa Rural: telefono gratuito, e-mail"}]},{"@type":"WebSite","@id":"https:\/\/idecesos.com\/seguros\/#website","url":"https:\/\/idecesos.com\/seguros\/","name":"","description":"","potentialAction":[{"@type":"SearchAction","target":{"@type":"EntryPoint","urlTemplate":"https:\/\/idecesos.com\/seguros\/?s={search_term_string}"},"query-input":{"@type":"PropertyValueSpecification","valueRequired":true,"valueName":"search_term_string"}}],"inLanguage":"es"}]}},"_links":{"self":[{"href":"https:\/\/idecesos.com\/seguros\/wp-json\/wp\/v2\/pages\/15419","targetHints":{"allow":["GET"]}}],"collection":[{"href":"https:\/\/idecesos.com\/seguros\/wp-json\/wp\/v2\/pages"}],"about":[{"href":"https:\/\/idecesos.com\/seguros\/wp-json\/wp\/v2\/types\/page"}],"author":[{"embeddable":true,"href":"https:\/\/idecesos.com\/seguros\/wp-json\/wp\/v2\/users\/1"}],"replies":[{"embeddable":true,"href":"https:\/\/idecesos.com\/seguros\/wp-json\/wp\/v2\/comments?post=15419"}],"version-history":[{"count":7,"href":"https:\/\/idecesos.com\/seguros\/wp-json\/wp\/v2\/pages\/15419\/revisions"}],"predecessor-version":[{"id":20940,"href":"https:\/\/idecesos.com\/seguros\/wp-json\/wp\/v2\/pages\/15419\/revisions\/20940"}],"up":[{"embeddable":true,"href":"https:\/\/idecesos.com\/seguros\/wp-json\/wp\/v2\/pages\/529"}],"wp:attachment":[{"href":"https:\/\/idecesos.com\/seguros\/wp-json\/wp\/v2\/media?parent=15419"}],"curies":[{"name":"wp","href":"https:\/\/api.w.org\/{rel}","templated":true}]}}