{"id":15420,"date":"2021-11-26T09:12:56","date_gmt":"2021-11-25T10:17:40","guid":{"rendered":"https:\/\/idecesos.com\/seguros\/companias\/burriana\/telefono\/"},"modified":"2022-04-03T18:56:31","modified_gmt":"2022-04-03T18:56:31","slug":"telefono","status":"publish","type":"page","link":"https:\/\/idecesos.com\/seguros\/companias\/burriana\/telefono\/","title":{"rendered":"Atenci\u00f3n al cliente Caixa Rural Burriana: telefono gratuito, e-mail"},"content":{"rendered":"<div id=\"ez-toc-container\" class=\"ez-toc-v2_0_82_2 ez-toc-wrap-center counter-hierarchy ez-toc-counter ez-toc-custom ez-toc-container-direction\">\n<div class=\"ez-toc-title-container\">\n<p class=\"ez-toc-title\" style=\"cursor:inherit\">Tabla de Contenido<\/p>\n<span class=\"ez-toc-title-toggle\"><a href=\"#\" class=\"ez-toc-pull-right ez-toc-btn ez-toc-btn-xs ez-toc-btn-default ez-toc-toggle\" aria-label=\"Alternar tabla de contenidos\"><span class=\"ez-toc-js-icon-con\"><span class=\"\"><span class=\"eztoc-hide\" style=\"display:none;\">Toggle<\/span><span class=\"ez-toc-icon-toggle-span\"><svg style=\"fill: #db6415;color:#db6415\" xmlns=\"http:\/\/www.w3.org\/2000\/svg\" class=\"list-377408\" width=\"20px\" height=\"20px\" viewBox=\"0 0 24 24\" fill=\"none\"><path d=\"M6 6H4v2h2V6zm14 0H8v2h12V6zM4 11h2v2H4v-2zm16 0H8v2h12v-2zM4 16h2v2H4v-2zm16 0H8v2h12v-2z\" fill=\"currentColor\"><\/path><\/svg><svg style=\"fill: #db6415;color:#db6415\" class=\"arrow-unsorted-368013\" xmlns=\"http:\/\/www.w3.org\/2000\/svg\" width=\"10px\" height=\"10px\" viewBox=\"0 0 24 24\" version=\"1.2\" baseProfile=\"tiny\"><path d=\"M18.2 9.3l-6.2-6.3-6.2 6.3c-.2.2-.3.4-.3.7s.1.5.3.7c.2.2.4.3.7.3h11c.3 0 .5-.1.7-.3.2-.2.3-.5.3-.7s-.1-.5-.3-.7zM5.8 14.7l6.2 6.3 6.2-6.3c.2-.2.3-.5.3-.7s-.1-.5-.3-.7c-.2-.2-.4-.3-.7-.3h-11c-.3 0-.5.1-.7.3-.2.2-.3.5-.3.7s.1.5.3.7z\"\/><\/svg><\/span><\/span><\/span><\/a><\/span><\/div>\n<nav><ul class='ez-toc-list ez-toc-list-level-1 ' ><ul class='ez-toc-list-level-4' ><li class='ez-toc-heading-level-4'><ul class='ez-toc-list-level-4' ><li class='ez-toc-heading-level-4'><a class=\"ez-toc-link ez-toc-heading-1\" href=\"https:\/\/idecesos.com\/seguros\/companias\/burriana\/telefono\/#Telefono_Contrataciones_951_127_403\" >Tel\u00e9fono Contrataciones \n951 127 403<\/a><\/li><\/ul><\/li><\/ul><\/li><li class='ez-toc-page-1 ez-toc-heading-level-2'><a class=\"ez-toc-link ez-toc-heading-2\" href=\"https:\/\/idecesos.com\/seguros\/companias\/burriana\/telefono\/#%C2%BFComo_contactar_con_Caixa_Rural_Burriana\" >\u00bfC\u00f3mo contactar con Caixa Rural Burriana?<\/a><ul class='ez-toc-list-level-3' ><li class='ez-toc-heading-level-3'><a class=\"ez-toc-link ez-toc-heading-3\" href=\"https:\/\/idecesos.com\/seguros\/companias\/burriana\/telefono\/#Telefono_gratuito_de_Caixa_Rural_Burriana\" >Tel\u00e9fono gratuito de Caixa Rural Burriana<\/a><\/li><li class='ez-toc-page-1 ez-toc-heading-level-3'><a class=\"ez-toc-link ez-toc-heading-4\" href=\"https:\/\/idecesos.com\/seguros\/companias\/burriana\/telefono\/#Horario_de_atencion_al_cliente_de_Caixa_Rural_Burriana\" >Horario de atenci\u00f3n al cliente de Caixa Rural Burriana<\/a><\/li><li class='ez-toc-page-1 ez-toc-heading-level-3'><a class=\"ez-toc-link ez-toc-heading-5\" href=\"https:\/\/idecesos.com\/seguros\/companias\/burriana\/telefono\/#Correo_electronico_de_Caixa_Rural_Burriana\" >Correo electr\u00f3nico de Caixa Rural Burriana<\/a><\/li><li class='ez-toc-page-1 ez-toc-heading-level-3'><a class=\"ez-toc-link ez-toc-heading-6\" href=\"https:\/\/idecesos.com\/seguros\/companias\/burriana\/telefono\/#Formulario_en_el_sitio_Web_de_Caixa_Rural_Burriana\" >Formulario en el sitio Web de Caixa Rural Burriana<\/a><\/li><li class='ez-toc-page-1 ez-toc-heading-level-3'><a class=\"ez-toc-link ez-toc-heading-7\" href=\"https:\/\/idecesos.com\/seguros\/companias\/burriana\/telefono\/#Redes_sociales_de_Caixa_Rural_Burriana\" >Redes sociales de Caixa Rural Burriana<\/a><\/li><li class='ez-toc-page-1 ez-toc-heading-level-3'><a class=\"ez-toc-link ez-toc-heading-8\" href=\"https:\/\/idecesos.com\/seguros\/companias\/burriana\/telefono\/#Paginas_relacionadas\" >P\u00e1ginas relacionadas<\/a><\/li><\/ul><\/li><\/ul><\/nav><\/div>\n\n<div class=\"caja\">\n<div class=\"cajaIcono2 \"  ><div class=\"cuadro\" style=\"box-shadow: inset 0 0 0 3px #ff790e\"><div class=\"iconoCircular\" style=\"border: 3px solid #ff790e\">\t\t\n\t\t\t\t\t<div class=\"iconoCirculo\">\n\t\t\t\t\t  <i class=\"fas fa-phone-volume\"><\/i>\n\t\t\t\t\t<\/div>\n\t\t\t\t<\/div><div class=\"\">\n<h4 style=\"text-align: center;\"><span class=\"ez-toc-section\" id=\"Telefono_Contrataciones_951_127_403\"><\/span><strong>Tel\u00e9fono Contrataciones<br \/>\n951 127 403<\/strong><span class=\"ez-toc-section-end\"><\/span><\/h4>\n<p><\/div><\/div><\/div><br \/>\nCaixa Rural Burriana ofrece m\u00faltiples opciones alternativas para que el usuario pueda recibir informaci\u00f3n f\u00e1cilmente y alcanzable, sencilla y gratuita. La atenci\u00f3n al usuario que ofrece le notificar\u00e1 sobre su seguro de decesos, adem\u00e1s de solucionar cualquier clase de duda o consulta que tenga: elecci\u00f3n del camposanto, gastos de ata\u00fad, diferentes g\u00e9neros de asistencia (en viaje, art\u00edculo-hospitalizaci\u00f3n), servicio de testamento y f\u00fanebre, orientaci\u00f3n m\u00e9dica, gesti\u00f3n de tramitaci\u00f3n funerario, esquela y otros muchos m\u00e1s. Cualquier tr\u00e1mite o gesti\u00f3n va a estar cerrado de cara al instante del entierro del ser querido y, para su tranquilidad, no deber\u00e1n estar preocupados por nada m\u00e1s all\u00e1. Adem\u00e1s, va a tener el mayor apoyo posible en dicho proceso tan delicado.<br \/>\n<\/div><\/p>\n<div class=\"colorf \"  ><div class=\"container clearfix\"><div class=\"col-md-7\"><\/p>\n<h2><span class=\"ez-toc-section\" id=\"%C2%BFComo_contactar_con_Caixa_Rural_Burriana\"><\/span>\u00bfC\u00f3mo contactar con Caixa Rural Burriana?<span class=\"ez-toc-section-end\"><\/span><\/h2>\n<p>Si quiere que Caixa Rural Burriana contacte con ahora le mostramos las formas en las que puede hacerlo: v\u00eda tel\u00e9fono, e mail, mediante el formulario que puedes rellenar en su p\u00e1gina web o por los diferentes perfiles de sus redes sociales.<br \/>\n<\/div><\/div><\/div>\n<h3><span class=\"ez-toc-section\" id=\"Telefono_gratuito_de_Caixa_Rural_Burriana\"><\/span>Tel\u00e9fono gratuito de Caixa Rural Burriana<span class=\"ez-toc-section-end\"><\/span><\/h3>\n<p>A fin de que le resulte f\u00e1cil establecer conexi\u00f3n con la compa\u00f1\u00eda, le ofrece el pr\u00f3ximo n\u00famero de tel\u00e9fono gratuito <b>900 15 10 10.<\/b>\u00a0Con el mero hecho de realizar una llamada, conseguir\u00e1 todas las contestaciones que necesite sobre su seguro de decesos y las peculiaridades que requieren sus necesidades. La llamada que realice a la compa\u00f1\u00eda ser\u00e1 totalmente gratis, siendo indiferente el tiempo que transcurra. La conexi\u00f3n y el contacto que se establece entre el asesor especialista y el cliente del servicio, hace que resulte ser el m\u00e9todo m\u00e1s ventajoso y sencillo posible.<br \/>\n<div class=\"colorf\"><div class=\"container clearfix\"><div class=\"col-md-7\"><\/p>\n<div class=\"cabecera_tabla_ajustada \"  style=\"width:80%\" ><div class=\"row\"><\/div>\n<p><div class=\"fila_tabla4 \"  ><div class=\"row\"><div class=\"col-8 nosepara izq\"><p><strong>Tel\u00e9fono para contrataciones<\/strong><\/p><\/div><div class=\"col-4 nosepara centro\">951 127 403<\/div><\/div><\/div><div class=\"fila_tabla4 \"  ><div class=\"row\"><div class=\"col-8 nosepara izq\"><p><strong>Tel\u00e9fono Seguros<\/strong><\/p><\/div><div class=\"col-4 nosepara centro\">911 69 74 70<\/div><\/div><\/div><\/p>\n<div class=\"pie_tabla \"  ><div class=\"row\"><div class=\"col-12 \"><\/div><\/div><\/div><\/div>\n<\/div><\/div><\/div>\n<h3><span class=\"ez-toc-section\" id=\"Horario_de_atencion_al_cliente_de_Caixa_Rural_Burriana\"><\/span>Horario de atenci\u00f3n al cliente de Caixa Rural Burriana<span class=\"ez-toc-section-end\"><\/span><\/h3>\n<p>Para que puedas resolver sus inquietudes, Caixa Rural Burriana pone a su disposici\u00f3n un horario flexible de atenci\u00f3n al cliente. De esta manera, tendr\u00e1 m\u00e1s posibilidad de poder efectuar la llamada durante el d\u00eda. La persona con la que hable le atender\u00e1 de la mejor forma posible, con un lenguaje claro y conciso para el buen entendimiento. Si la llamada lo precisa, va a ser desviado a uno de los asesores especialistas de la compa\u00f1\u00eda. Este va a poder resolverle sus dudas y preguntas que desee saber sobre su seguro de decesos. Finalizada la llamada, tendr\u00e1 contestaci\u00f3n a todas sus preguntas y estar\u00e1 contento con el trato recibido por la parte del personal.<br \/>\n<div class=\"colorf\"><div class=\"container clearfix\"><div class=\"col-md-7\"><\/p>\n<h3><span class=\"ez-toc-section\" id=\"Correo_electronico_de_Caixa_Rural_Burriana\"><\/span>Correo electr\u00f3nico de Caixa Rural Burriana<span class=\"ez-toc-section-end\"><\/span><\/h3>\n<p>En los tiempos que corren, nuestra sociedad est\u00e1 sumergida en el mundo de Internet. La gente es consciente de ello de ah\u00ed que tienen diferentes cuentas en plataformas como Gmail, Hotmail&#8230; Caixa Rural Burriana asimismo se ha sumado a este movimiento poniendo a su predisposici\u00f3n el pr\u00f3ximo correo <strong>caixaruralburriana@gmail.com<\/strong>. La rapidez y sencillez de este servicio para percibir y mandar informaci\u00f3n hace que cualquier consulta que tenga sobre su seguro de decesos llegue a un profesional del campo. Este se va a poner de nuevo en contacto con usted para resolverle sus dudas con un lenguaje claro y conciso.<br \/>\n<\/div><\/div><\/div><\/p>\n<h3><span class=\"ez-toc-section\" id=\"Formulario_en_el_sitio_Web_de_Caixa_Rural_Burriana\"><\/span>Formulario en el sitio Web de Caixa Rural Burriana<span class=\"ez-toc-section-end\"><\/span><\/h3>\n<p>Los buscadores web pertenecientes a Internet son considerados la mayor plataforma para toda la poblaci\u00f3n. Podr\u00e1s localizar todo g\u00e9nero de contestaciones con el sencillo acto de teclear cualquier palabra. Caixa Rural Burriana dispone de su web, en la que podr\u00e1s hallar todo g\u00e9nero de informaci\u00f3n gratis sobre su seguro de decesos: recomendaciones, servicios, ventajas, precios, etc\u00e9teraAs\u00ed, va a recoger extensas notas para un asesoramiento de cara al futuro. La informaci\u00f3n libre que encontrar\u00e1 es general, dependiendo de sus necesidades o caracter\u00edsticas, se le ajustar\u00e1 a su medida las mejores garant\u00edas. <strong>www.grupocooperativocajamar.es\/<\/strong> corresponde a la p\u00e1gina web de Caixa Rural Burriana.<br \/>\n<div class=\"colorf\"><div class=\"container clearfix\"><div class=\"col-md-7\"><\/p>\n<h3><span class=\"ez-toc-section\" id=\"Redes_sociales_de_Caixa_Rural_Burriana\"><\/span>Redes sociales de Caixa Rural Burriana<span class=\"ez-toc-section-end\"><\/span><\/h3>\n<p>La era de las redes sociales a alterado nuestra forma de comunicarnos. Ahora recibimos por ella todo tipo de informaciones y estamos conectado con millones de personas. Caixa Rural Burriana dispone de ciertas de ellas, para que el usuario est\u00e9 al tanto de las novedades sobre su seguro de decesos, si disponen de alguna oferta en esa fecha, d\u00f3nde est\u00e1 la sede oficial de la compa\u00f1\u00eda\u2026 Asimismo podr\u00e1 hallar un link directo a su p\u00e1gina web, conseguir informaci\u00f3n sobre qui\u00e9nes son y ver ciertas im\u00e1genes. Algunos perfiles de Caixa Rural Burriana en las redes, permiten ponerse en contacto para un posible futuro asesoramiento o cuesti\u00f3n que le interese saber en ese preciso instante.<br \/>\n<\/div><\/div><\/div><\/p>\n<\/div>\n<p><div class=\"oficinas\"> <h3><span class=\"ez-toc-section\" id=\"Paginas_relacionadas\"><\/span>P\u00e1ginas relacionadas<span class=\"ez-toc-section-end\"><\/span><\/h3><div class=\"enlazado\"><ul> <li><a href=\"https:\/\/idecesos.com\/seguros\/companias\/burriana\/opiniones\/\">Opiniones Caixa Rural Burriana<\/a><\/li> <li><a href=\"https:\/\/idecesos.com\/seguros\/companias\/burriana\/precio\/\">Precio seguro Caixa Rural Burriana<\/a><\/li> <li><a href=\"https:\/\/idecesos.com\/seguros\/companias\/burriana\/prima-mixta\/\">Caixa Rural Burriana Prima Mixta<\/a><\/li> <li><a href=\"https:\/\/idecesos.com\/seguros\/companias\/burriana\/prima-natural\/\">Caixa Rural Burriana Prima Natural<\/a><\/li> <li><a href=\"https:\/\/idecesos.com\/seguros\/companias\/burriana\/prima-nivelada\/\">Caixa Rural Burriana Prima Nivelada<\/a><\/li> <li><a href=\"https:\/\/idecesos.com\/seguros\/companias\/burriana\/prima-unica\/\">Caixa Rural Burriana Prima \u00danica<\/a><\/li> <li><a href=\"https:\/\/idecesos.com\/seguros\/companias\/burriana\/repatriacion\/\">Caixa Rural Burriana Repatriaci\u00f3n<\/a><\/li> <li><a href=\"https:\/\/idecesos.com\/seguros\/companias\/burriana\/telefono\/\">Tel\u00e9fono Gratuito Caixa Rural Burriana<\/a><\/li><\/ul><\/div> <\/div><\/p>\n","protected":false},"excerpt":{"rendered":"<p>Caixa Rural Burriana ofrece m\u00faltiples opciones alternativas para que el usuario pueda recibir informaci\u00f3n f\u00e1cilmente y alcanzable, sencilla y gratuita. La atenci\u00f3n al usuario que ofrece le notificar\u00e1 sobre su seguro de decesos, adem\u00e1s de solucionar cualquier clase de duda o consulta que tenga: elecci\u00f3n del camposanto, gastos de ata\u00fad, diferentes g\u00e9neros de asistencia (en&hellip; <\/p>\n","protected":false},"author":1,"featured_media":0,"parent":558,"menu_order":0,"comment_status":"closed","ping_status":"closed","template":"single.php","meta":{"footnotes":""},"class_list":["post-15420","page","type-page","status-publish","hentry"],"yoast_head":"<!-- This site is optimized with the Yoast SEO plugin v27.5 - https:\/\/yoast.com\/product\/yoast-seo-wordpress\/ -->\n<title>Tel\u00e9fono Gratuito Caixa Rural Burriana \u25b7Atenci\u00f3n Cliente, Email, RRSS, Web<\/title>\n<meta name=\"description\" content=\"Busca aqu\u00ed\u3010Caixa Rural Burriana seguros tel\u00e9fono gratuito\u3011Caixa Rural Burriana Decesos tel\u00e9fono gratis: atenci\u00f3n al cliente y contrataciones \u2611\ufe0fVerificado en 2026\" \/>\n<meta name=\"robots\" content=\"index, follow, max-snippet:-1, max-image-preview:large, max-video-preview:-1\" \/>\n<link rel=\"canonical\" href=\"https:\/\/idecesos.com\/seguros\/companias\/burriana\/telefono\/\" \/>\n<meta property=\"og:locale\" content=\"es_ES\" \/>\n<meta property=\"og:type\" content=\"article\" \/>\n<meta property=\"og:title\" content=\"Tel\u00e9fono Gratuito Caixa Rural Burriana \u25b7Atenci\u00f3n Cliente, Email, RRSS, Web\" \/>\n<meta property=\"og:description\" content=\"Busca aqu\u00ed\u3010Caixa Rural Burriana seguros tel\u00e9fono gratuito\u3011Caixa Rural Burriana Decesos tel\u00e9fono gratis: atenci\u00f3n al cliente y contrataciones \u2611\ufe0fVerificado en 2026\" \/>\n<meta property=\"og:url\" content=\"https:\/\/idecesos.com\/seguros\/companias\/burriana\/telefono\/\" \/>\n<meta property=\"article:modified_time\" content=\"2022-04-03T18:56:31+00:00\" \/>\n<meta name=\"twitter:card\" content=\"summary_large_image\" \/>\n<meta name=\"twitter:label1\" content=\"Tiempo de lectura\" \/>\n\t<meta name=\"twitter:data1\" content=\"4 minutos\" \/>\n<script type=\"application\/ld+json\" class=\"yoast-schema-graph\">{\"@context\":\"https:\\\/\\\/schema.org\",\"@graph\":[{\"@type\":\"WebPage\",\"@id\":\"https:\\\/\\\/idecesos.com\\\/seguros\\\/companias\\\/burriana\\\/telefono\\\/\",\"url\":\"https:\\\/\\\/idecesos.com\\\/seguros\\\/companias\\\/burriana\\\/telefono\\\/\",\"name\":\"Tel\u00e9fono Gratuito Caixa Rural Burriana \u25b7Atenci\u00f3n Cliente, Email, RRSS, Web\",\"isPartOf\":{\"@id\":\"https:\\\/\\\/idecesos.com\\\/seguros\\\/#website\"},\"datePublished\":\"2021-11-25T10:17:40+00:00\",\"dateModified\":\"2022-04-03T18:56:31+00:00\",\"description\":\"Busca aqu\u00ed\u3010Caixa Rural Burriana seguros tel\u00e9fono gratuito\u3011Caixa Rural Burriana Decesos tel\u00e9fono gratis: atenci\u00f3n al cliente y contrataciones \u2611\ufe0fVerificado en 2026\",\"breadcrumb\":{\"@id\":\"https:\\\/\\\/idecesos.com\\\/seguros\\\/companias\\\/burriana\\\/telefono\\\/#breadcrumb\"},\"inLanguage\":\"es\",\"potentialAction\":[{\"@type\":\"ReadAction\",\"target\":[\"https:\\\/\\\/idecesos.com\\\/seguros\\\/companias\\\/burriana\\\/telefono\\\/\"]}]},{\"@type\":\"BreadcrumbList\",\"@id\":\"https:\\\/\\\/idecesos.com\\\/seguros\\\/companias\\\/burriana\\\/telefono\\\/#breadcrumb\",\"itemListElement\":[{\"@type\":\"ListItem\",\"position\":1,\"name\":\"Portada\",\"item\":\"https:\\\/\\\/idecesos.com\\\/seguros\\\/\"},{\"@type\":\"ListItem\",\"position\":2,\"name\":\"Compa\u00f1\u00edas de Seguros de Decesos en Espa\u00f1a\",\"item\":\"https:\\\/\\\/idecesos.com\\\/seguros\\\/companias\\\/\"},{\"@type\":\"ListItem\",\"position\":3,\"name\":\"Seguro de decesos Caixa Rural Burriana\",\"item\":\"https:\\\/\\\/idecesos.com\\\/seguros\\\/companias\\\/burriana\\\/\"},{\"@type\":\"ListItem\",\"position\":4,\"name\":\"Atenci\u00f3n al cliente Caixa Rural Burriana: telefono gratuito, e-mail\"}]},{\"@type\":\"WebSite\",\"@id\":\"https:\\\/\\\/idecesos.com\\\/seguros\\\/#website\",\"url\":\"https:\\\/\\\/idecesos.com\\\/seguros\\\/\",\"name\":\"\",\"description\":\"\",\"potentialAction\":[{\"@type\":\"SearchAction\",\"target\":{\"@type\":\"EntryPoint\",\"urlTemplate\":\"https:\\\/\\\/idecesos.com\\\/seguros\\\/?s={search_term_string}\"},\"query-input\":{\"@type\":\"PropertyValueSpecification\",\"valueRequired\":true,\"valueName\":\"search_term_string\"}}],\"inLanguage\":\"es\"}]}<\/script>\n<!-- \/ Yoast SEO plugin. -->","yoast_head_json":{"title":"Tel\u00e9fono Gratuito Caixa Rural Burriana \u25b7Atenci\u00f3n Cliente, Email, RRSS, Web","description":"Busca aqu\u00ed\u3010Caixa Rural Burriana seguros tel\u00e9fono gratuito\u3011Caixa Rural Burriana Decesos tel\u00e9fono gratis: atenci\u00f3n al cliente y contrataciones \u2611\ufe0fVerificado en 2026","robots":{"index":"index","follow":"follow","max-snippet":"max-snippet:-1","max-image-preview":"max-image-preview:large","max-video-preview":"max-video-preview:-1"},"canonical":"https:\/\/idecesos.com\/seguros\/companias\/burriana\/telefono\/","og_locale":"es_ES","og_type":"article","og_title":"Tel\u00e9fono Gratuito Caixa Rural Burriana \u25b7Atenci\u00f3n Cliente, Email, RRSS, Web","og_description":"Busca aqu\u00ed\u3010Caixa Rural Burriana seguros tel\u00e9fono gratuito\u3011Caixa Rural Burriana Decesos tel\u00e9fono gratis: atenci\u00f3n al cliente y contrataciones \u2611\ufe0fVerificado en 2026","og_url":"https:\/\/idecesos.com\/seguros\/companias\/burriana\/telefono\/","article_modified_time":"2022-04-03T18:56:31+00:00","twitter_card":"summary_large_image","twitter_misc":{"Tiempo de lectura":"4 minutos"},"schema":{"@context":"https:\/\/schema.org","@graph":[{"@type":"WebPage","@id":"https:\/\/idecesos.com\/seguros\/companias\/burriana\/telefono\/","url":"https:\/\/idecesos.com\/seguros\/companias\/burriana\/telefono\/","name":"Tel\u00e9fono Gratuito Caixa Rural Burriana \u25b7Atenci\u00f3n Cliente, Email, RRSS, Web","isPartOf":{"@id":"https:\/\/idecesos.com\/seguros\/#website"},"datePublished":"2021-11-25T10:17:40+00:00","dateModified":"2022-04-03T18:56:31+00:00","description":"Busca aqu\u00ed\u3010Caixa Rural Burriana seguros tel\u00e9fono gratuito\u3011Caixa Rural Burriana Decesos tel\u00e9fono gratis: atenci\u00f3n al cliente y contrataciones \u2611\ufe0fVerificado en 2026","breadcrumb":{"@id":"https:\/\/idecesos.com\/seguros\/companias\/burriana\/telefono\/#breadcrumb"},"inLanguage":"es","potentialAction":[{"@type":"ReadAction","target":["https:\/\/idecesos.com\/seguros\/companias\/burriana\/telefono\/"]}]},{"@type":"BreadcrumbList","@id":"https:\/\/idecesos.com\/seguros\/companias\/burriana\/telefono\/#breadcrumb","itemListElement":[{"@type":"ListItem","position":1,"name":"Portada","item":"https:\/\/idecesos.com\/seguros\/"},{"@type":"ListItem","position":2,"name":"Compa\u00f1\u00edas de Seguros de Decesos en Espa\u00f1a","item":"https:\/\/idecesos.com\/seguros\/companias\/"},{"@type":"ListItem","position":3,"name":"Seguro de decesos Caixa Rural Burriana","item":"https:\/\/idecesos.com\/seguros\/companias\/burriana\/"},{"@type":"ListItem","position":4,"name":"Atenci\u00f3n al cliente Caixa Rural Burriana: telefono gratuito, e-mail"}]},{"@type":"WebSite","@id":"https:\/\/idecesos.com\/seguros\/#website","url":"https:\/\/idecesos.com\/seguros\/","name":"","description":"","potentialAction":[{"@type":"SearchAction","target":{"@type":"EntryPoint","urlTemplate":"https:\/\/idecesos.com\/seguros\/?s={search_term_string}"},"query-input":{"@type":"PropertyValueSpecification","valueRequired":true,"valueName":"search_term_string"}}],"inLanguage":"es"}]}},"_links":{"self":[{"href":"https:\/\/idecesos.com\/seguros\/wp-json\/wp\/v2\/pages\/15420","targetHints":{"allow":["GET"]}}],"collection":[{"href":"https:\/\/idecesos.com\/seguros\/wp-json\/wp\/v2\/pages"}],"about":[{"href":"https:\/\/idecesos.com\/seguros\/wp-json\/wp\/v2\/types\/page"}],"author":[{"embeddable":true,"href":"https:\/\/idecesos.com\/seguros\/wp-json\/wp\/v2\/users\/1"}],"replies":[{"embeddable":true,"href":"https:\/\/idecesos.com\/seguros\/wp-json\/wp\/v2\/comments?post=15420"}],"version-history":[{"count":8,"href":"https:\/\/idecesos.com\/seguros\/wp-json\/wp\/v2\/pages\/15420\/revisions"}],"predecessor-version":[{"id":20941,"href":"https:\/\/idecesos.com\/seguros\/wp-json\/wp\/v2\/pages\/15420\/revisions\/20941"}],"up":[{"embeddable":true,"href":"https:\/\/idecesos.com\/seguros\/wp-json\/wp\/v2\/pages\/558"}],"wp:attachment":[{"href":"https:\/\/idecesos.com\/seguros\/wp-json\/wp\/v2\/media?parent=15420"}],"curies":[{"name":"wp","href":"https:\/\/api.w.org\/{rel}","templated":true}]}}