{"id":15421,"date":"2021-11-26T09:12:56","date_gmt":"2021-11-25T10:17:40","guid":{"rendered":"https:\/\/idecesos.com\/seguros\/companias\/caja-laboral\/telefono\/"},"modified":"2022-04-03T19:00:07","modified_gmt":"2022-04-03T19:00:07","slug":"telefono","status":"publish","type":"page","link":"https:\/\/idecesos.com\/seguros\/companias\/caja-laboral\/telefono\/","title":{"rendered":"Atenci\u00f3n al cliente Caja Laboral: telefono gratuito, e-mail"},"content":{"rendered":"<div id=\"ez-toc-container\" class=\"ez-toc-v2_0_82_2 ez-toc-wrap-center counter-hierarchy ez-toc-counter ez-toc-custom ez-toc-container-direction\">\n<div class=\"ez-toc-title-container\">\n<p class=\"ez-toc-title\" style=\"cursor:inherit\">Tabla de Contenido<\/p>\n<span class=\"ez-toc-title-toggle\"><a href=\"#\" class=\"ez-toc-pull-right ez-toc-btn ez-toc-btn-xs ez-toc-btn-default ez-toc-toggle\" aria-label=\"Alternar tabla de contenidos\"><span class=\"ez-toc-js-icon-con\"><span class=\"\"><span class=\"eztoc-hide\" style=\"display:none;\">Toggle<\/span><span class=\"ez-toc-icon-toggle-span\"><svg style=\"fill: #db6415;color:#db6415\" xmlns=\"http:\/\/www.w3.org\/2000\/svg\" class=\"list-377408\" width=\"20px\" height=\"20px\" viewBox=\"0 0 24 24\" fill=\"none\"><path d=\"M6 6H4v2h2V6zm14 0H8v2h12V6zM4 11h2v2H4v-2zm16 0H8v2h12v-2zM4 16h2v2H4v-2zm16 0H8v2h12v-2z\" fill=\"currentColor\"><\/path><\/svg><svg style=\"fill: #db6415;color:#db6415\" class=\"arrow-unsorted-368013\" xmlns=\"http:\/\/www.w3.org\/2000\/svg\" width=\"10px\" height=\"10px\" viewBox=\"0 0 24 24\" version=\"1.2\" baseProfile=\"tiny\"><path d=\"M18.2 9.3l-6.2-6.3-6.2 6.3c-.2.2-.3.4-.3.7s.1.5.3.7c.2.2.4.3.7.3h11c.3 0 .5-.1.7-.3.2-.2.3-.5.3-.7s-.1-.5-.3-.7zM5.8 14.7l6.2 6.3 6.2-6.3c.2-.2.3-.5.3-.7s-.1-.5-.3-.7c-.2-.2-.4-.3-.7-.3h-11c-.3 0-.5.1-.7.3-.2.2-.3.5-.3.7s.1.5.3.7z\"\/><\/svg><\/span><\/span><\/span><\/a><\/span><\/div>\n<nav><ul class='ez-toc-list ez-toc-list-level-1 ' ><ul class='ez-toc-list-level-4' ><li class='ez-toc-heading-level-4'><ul class='ez-toc-list-level-4' ><li class='ez-toc-heading-level-4'><a class=\"ez-toc-link ez-toc-heading-1\" href=\"https:\/\/idecesos.com\/seguros\/companias\/caja-laboral\/telefono\/#Telefono_Contrataciones_951_127_403\" >Tel\u00e9fono Contrataciones \n951 127 403<\/a><\/li><\/ul><\/li><\/ul><\/li><li class='ez-toc-page-1 ez-toc-heading-level-2'><a class=\"ez-toc-link ez-toc-heading-2\" href=\"https:\/\/idecesos.com\/seguros\/companias\/caja-laboral\/telefono\/#%C2%BFComo_contactar_con_Caja_Laboral\" >\u00bfC\u00f3mo contactar con Caja Laboral?<\/a><ul class='ez-toc-list-level-3' ><li class='ez-toc-heading-level-3'><a class=\"ez-toc-link ez-toc-heading-3\" href=\"https:\/\/idecesos.com\/seguros\/companias\/caja-laboral\/telefono\/#Telefono_gratuito_de_Caja_Laboral\" >Tel\u00e9fono gratuito de Caja Laboral<\/a><\/li><li class='ez-toc-page-1 ez-toc-heading-level-3'><a class=\"ez-toc-link ez-toc-heading-4\" href=\"https:\/\/idecesos.com\/seguros\/companias\/caja-laboral\/telefono\/#Horario_de_atencion_al_cliente_de_Caja_Laboral\" >Horario de atenci\u00f3n al cliente de Caja Laboral<\/a><\/li><li class='ez-toc-page-1 ez-toc-heading-level-3'><a class=\"ez-toc-link ez-toc-heading-5\" href=\"https:\/\/idecesos.com\/seguros\/companias\/caja-laboral\/telefono\/#Correo_electronico_de_Caja_Laboral\" >Correo electr\u00f3nico de Caja Laboral<\/a><\/li><li class='ez-toc-page-1 ez-toc-heading-level-3'><a class=\"ez-toc-link ez-toc-heading-6\" href=\"https:\/\/idecesos.com\/seguros\/companias\/caja-laboral\/telefono\/#Formulario_en_el_sitio_Web_de_Caja_Laboral\" >Formulario en el sitio Web de Caja Laboral<\/a><\/li><li class='ez-toc-page-1 ez-toc-heading-level-3'><a class=\"ez-toc-link ez-toc-heading-7\" href=\"https:\/\/idecesos.com\/seguros\/companias\/caja-laboral\/telefono\/#Redes_sociales_de_Caja_Laboral\" >Redes sociales de Caja Laboral<\/a><\/li><li class='ez-toc-page-1 ez-toc-heading-level-3'><a class=\"ez-toc-link ez-toc-heading-8\" href=\"https:\/\/idecesos.com\/seguros\/companias\/caja-laboral\/telefono\/#Paginas_relacionadas\" >P\u00e1ginas relacionadas<\/a><\/li><\/ul><\/li><\/ul><\/nav><\/div>\n\n<div class=\"caja\">\n<div class=\"cajaIcono2 \"  ><div class=\"cuadro\" style=\"box-shadow: inset 0 0 0 3px #ff790e\"><div class=\"iconoCircular\" style=\"border: 3px solid #ff790e\">\t\t\n\t\t\t\t\t<div class=\"iconoCirculo\">\n\t\t\t\t\t  <i class=\"fas fa-phone-volume\"><\/i>\n\t\t\t\t\t<\/div>\n\t\t\t\t<\/div><div class=\"\">\n<h4 style=\"text-align: center;\"><span class=\"ez-toc-section\" id=\"Telefono_Contrataciones_951_127_403\"><\/span><strong>Tel\u00e9fono Contrataciones<br \/>\n951 127 403<\/strong><span class=\"ez-toc-section-end\"><\/span><\/h4>\n<p><\/div><\/div><\/div><br \/>\nCaja Laboral presenta una pluralidad de m\u00e9todos, completamente gratuitos, para que pueda tener la informaci\u00f3n precisa sobre la compa\u00f1\u00eda, de manera f\u00e1cil y sencilla. Va a ser informado por la persona que le atienda sobre todo cuanto desee saber de su seguro de decesos y, los servicios con relaci\u00f3n al entierro, como los traslados, tr\u00e1mites, elecci\u00f3n y gastos de flores o bien ata\u00fad, las clases de asistencia, orientaciones, etc. De esta forma, cuando llegue el instante tan complicado y duro, como es la p\u00e9rdida de un ser querido, no tendr\u00e1 que preocuparse por ninguna administraci\u00f3n y tr\u00e1mite, en tanto que todo va a estar cubierto. Los expertos le van a apoyar en todos y cada paso y resoluci\u00f3n que tome.<br \/>\n<\/div><\/p>\n<div class=\"colorf \"  ><div class=\"container clearfix\"><div class=\"col-md-7\"><\/p>\n<h2><span class=\"ez-toc-section\" id=\"%C2%BFComo_contactar_con_Caja_Laboral\"><\/span>\u00bfC\u00f3mo contactar con Caja Laboral?<span class=\"ez-toc-section-end\"><\/span><\/h2>\n<p>Caja Laboral tiene disponible los pr\u00f3ximos m\u00e9todos para poder contactar de manera gratuita: tel\u00e9fono de contacto, formulario en su p\u00e1gina, e mail y redes sociales.<br \/>\n<\/div><\/div><\/div>\n<h3><span class=\"ez-toc-section\" id=\"Telefono_gratuito_de_Caja_Laboral\"><\/span>Tel\u00e9fono gratuito de Caja Laboral<span class=\"ez-toc-section-end\"><\/span><\/h3>\n<p>El usuario debe tener la sencillez de poder sostener una charla directa con la compa\u00f1\u00eda y, es por ello que, se le facilita el pr\u00f3ximo tel\u00e9fono de contacto, completamente gratuito, <b>900 929 029.<\/b>\u00a0Pensando en sus necesidades, realizar esa llamada le llevar\u00e1 a un mundo lleno de contestaciones, sobre cualquier pregunta que tenga sobre su seguro de decesos. La llamada que realice a la compa\u00f1\u00eda va a ser totalmente gratis, siendo indiferente el tiempo que transcurra. Sin tener que planificar nada, este procedimiento resulta ser el m\u00e1s simple y provechoso, sobre todo por la fluidez que se produce en la charla.<br \/>\n<div class=\"colorf\"><div class=\"container clearfix\"><div class=\"col-md-7\"><\/p>\n<div class=\"cabecera_tabla_ajustada \"  style=\"width:80%\" ><div class=\"row\"><\/div>\n<p><div class=\"fila_tabla4 \"  ><div class=\"row\"><div class=\"col-8 nosepara izq\"><p><strong>Tel\u00e9fono para contrataciones<\/strong><\/p><\/div><div class=\"col-4 nosepara centro\">951 127 403<\/div><\/div><\/div><div class=\"fila_tabla4 \"  ><div class=\"row\"><div class=\"col-8 nosepara izq\"><p><strong>Tel\u00e9fono para seguros<\/strong><\/p><\/div><div class=\"col-4 nosepara centro\">9 46 46 88 88<\/div><\/div><\/div><\/p>\n<div class=\"pie_tabla \"  ><div class=\"row\"><div class=\"col-12 \"><\/div><\/div><\/div><\/div>\n<\/div><\/div><\/div>\n<h3><span class=\"ez-toc-section\" id=\"Horario_de_atencion_al_cliente_de_Caja_Laboral\"><\/span>Horario de atenci\u00f3n al cliente de Caja Laboral<span class=\"ez-toc-section-end\"><\/span><\/h3>\n<p>La compa\u00f1\u00eda al no ser consciente del tiempo libre que dispone cada persona para poder realizar la llamada telef\u00f3nica o bien ponerse en contacto, ofrece un horario concreto y concreto, tanto de ma\u00f1ana como de tarde, para que puedan tener flexibilidad en el momento de comunicarse con la empresa. La persona que le atender\u00e1 pasar\u00e1 su llamada a uno de los expertos de Caja Laboral para que pueda charlar con y pueda solventarle cualquier duda o cuesti\u00f3n que tenga sobre su seguro de decesos contratado. As\u00ed, las dudas y cuestiones que le hab\u00edan hecho llamar a Caja Laboral van a quedar resueltas con la mayor brevedad posible.<br \/>\n<div class=\"colorf\"><div class=\"container clearfix\"><div class=\"col-md-7\"><\/p>\n<h3><span class=\"ez-toc-section\" id=\"Correo_electronico_de_Caja_Laboral\"><\/span>Correo electr\u00f3nico de Caja Laboral<span class=\"ez-toc-section-end\"><\/span><\/h3>\n<p>Hoy d\u00eda, las tecnolog\u00edas han avanzado y la poblaci\u00f3n ha seguido cada paso desmedido que ha dado. Internet es parte integrante de la vida de la gran mayor\u00eda de las personas del mundo, con lo que disponen de perfiles en Hotmail, Gmail\u2026 Plataformas necesarias para el env\u00edo y recibo de informaci\u00f3n, sin tener la necesidad de desplazarse del lugar, en tanto que, casi todo, est\u00e1 digitalizado. Caja Laboral ha tenido en cuenta esta evoluci\u00f3n de la sociedad por lo que ofrece a sus usuarios un correo electr\u00f3nico para poder contactar con ellos <strong>kontaktatu@laboralkutxa.com<\/strong>. Una opci\u00f3n con la que va a poder expedir cualquier inconveniente, duda o bien cuesti\u00f3n a Caja Laboral para que te ayude en ello. La contestaci\u00f3n que le den los agentes va a haber sido estudiada y preparada por los especialistas de Caja Laboral.<br \/>\n<\/div><\/div><\/div><\/p>\n<h3><span class=\"ez-toc-section\" id=\"Formulario_en_el_sitio_Web_de_Caja_Laboral\"><\/span>Formulario en el sitio Web de Caja Laboral<span class=\"ez-toc-section-end\"><\/span><\/h3>\n<p>Hoy en d\u00eda, los buscadores de internet es la mayor plataforma a la que tiene acceso la gran parte de la poblaci\u00f3n. Vas a poder localizar todo tipo de respuestas con el sencillo acto de teclear cualquier palabra. Caja Laboral tiene a predisposici\u00f3n del usuario su web, en la que va a estar plasmada toda la informaci\u00f3n necesaria sobre el seguro de decesos, como por servirnos de un ejemplo costes o bien servicios. y, de este modo, contar con de los datos b\u00e1sicos para un futuro asesoramiento. Obtendr\u00e1, de car\u00e1cter general, informaci\u00f3n sobre el tema y, en torno a sus peculiaridades, se le adaptar\u00e1n unas garant\u00edas o bien otras. <strong>www.laboralkutxa.com\/es\/particulares\/seguros<\/strong> corresponde a el sitio web de Caja Laboral.<br \/>\n<div class=\"colorf\"><div class=\"container clearfix\"><div class=\"col-md-7\"><\/p>\n<h3><span class=\"ez-toc-section\" id=\"Redes_sociales_de_Caja_Laboral\"><\/span>Redes sociales de Caja Laboral<span class=\"ez-toc-section-end\"><\/span><\/h3>\n<p>Instagram, Twitter, TikTok o Facebook son una de las aplicaciones m\u00e1s usadas hoy en d\u00eda y donde sus usuarios pasan m\u00e1s tiempo. Son una herramienta \u00fatil para expedir informaci\u00f3n sencillamente a miles de personas. Caja Laboral dispone de algunas de estas redes sociales para que pueda estar al corriente de todas las novedades de la empresa aseguradora de decesos: ofertas, ubicaci\u00f3n de sus oficinas, de qu\u00e9 manera trabajan, etc. Adem\u00e1s tambi\u00e9n disponen de enlaces directos a su p\u00e1gina web donde puedes continuar ampliando toda esta informaci\u00f3n. Caja Laboral cuenta con algunos perfiles que te dejan ponerte en contactos con ellos para poder resolver cualquier cuesti\u00f3n que te surja en ese instante o hacerte un posible asesoramiento futuro.<br \/>\n<\/div><\/div><\/div><\/p>\n<\/div>\n<p><div class=\"oficinas\"> <h3><span class=\"ez-toc-section\" id=\"Paginas_relacionadas\"><\/span>P\u00e1ginas relacionadas<span class=\"ez-toc-section-end\"><\/span><\/h3><div class=\"enlazado\"><ul> <li><a href=\"https:\/\/idecesos.com\/seguros\/companias\/caja-laboral\/opiniones\/\">Opiniones Caja Laboral<\/a><\/li> <li><a href=\"https:\/\/idecesos.com\/seguros\/companias\/caja-laboral\/precio\/\">Precio seguro Caja Laboral<\/a><\/li> <li><a href=\"https:\/\/idecesos.com\/seguros\/companias\/caja-laboral\/prima-mixta\/\">Caja Laboral Prima Mixta<\/a><\/li> <li><a href=\"https:\/\/idecesos.com\/seguros\/companias\/caja-laboral\/prima-natural\/\">Caja Laboral Prima Natural<\/a><\/li> <li><a href=\"https:\/\/idecesos.com\/seguros\/companias\/caja-laboral\/prima-nivelada\/\">Caja Laboral Prima Nivelada<\/a><\/li> <li><a href=\"https:\/\/idecesos.com\/seguros\/companias\/caja-laboral\/prima-unica\/\">Caja Laboral Prima \u00danica<\/a><\/li> <li><a href=\"https:\/\/idecesos.com\/seguros\/companias\/caja-laboral\/repatriacion\/\">Caja Laboral Repatriaci\u00f3n<\/a><\/li> <li><a href=\"https:\/\/idecesos.com\/seguros\/companias\/caja-laboral\/telefono\/\">Tel\u00e9fono Gratuito Caja Laboral<\/a><\/li><\/ul><\/div> <\/div><\/p>\n","protected":false},"excerpt":{"rendered":"<p>Caja Laboral presenta una pluralidad de m\u00e9todos, completamente gratuitos, para que pueda tener la informaci\u00f3n precisa sobre la compa\u00f1\u00eda, de manera f\u00e1cil y sencilla. Va a ser informado por la persona que le atienda sobre todo cuanto desee saber de su seguro de decesos y, los servicios con relaci\u00f3n al entierro, como los traslados, tr\u00e1mites,&hellip; <\/p>\n","protected":false},"author":1,"featured_media":0,"parent":593,"menu_order":0,"comment_status":"closed","ping_status":"closed","template":"single.php","meta":{"footnotes":""},"class_list":["post-15421","page","type-page","status-publish","hentry"],"yoast_head":"<!-- This site is optimized with the Yoast SEO plugin v27.3 - https:\/\/yoast.com\/product\/yoast-seo-wordpress\/ -->\n<title>Tel\u00e9fono Gratuito Caja Laboral \u25b7Atenci\u00f3n Cliente, Email, RRSS, Web<\/title>\n<meta name=\"description\" content=\"Busca aqu\u00ed\u3010Caja Laboral seguros tel\u00e9fono gratuito\u3011Caja Laboral Decesos tel\u00e9fono gratis: atenci\u00f3n al cliente y contrataciones \u2611\ufe0fVerificado en 2026\" \/>\n<meta name=\"robots\" content=\"index, follow, max-snippet:-1, max-image-preview:large, max-video-preview:-1\" \/>\n<link rel=\"canonical\" href=\"https:\/\/idecesos.com\/seguros\/companias\/caja-laboral\/telefono\/\" \/>\n<meta property=\"og:locale\" content=\"es_ES\" \/>\n<meta property=\"og:type\" content=\"article\" \/>\n<meta property=\"og:title\" content=\"Tel\u00e9fono Gratuito Caja Laboral \u25b7Atenci\u00f3n Cliente, Email, RRSS, Web\" \/>\n<meta property=\"og:description\" content=\"Busca aqu\u00ed\u3010Caja Laboral seguros tel\u00e9fono gratuito\u3011Caja Laboral Decesos tel\u00e9fono gratis: atenci\u00f3n al cliente y contrataciones \u2611\ufe0fVerificado en 2026\" \/>\n<meta property=\"og:url\" content=\"https:\/\/idecesos.com\/seguros\/companias\/caja-laboral\/telefono\/\" \/>\n<meta property=\"article:modified_time\" content=\"2022-04-03T19:00:07+00:00\" \/>\n<meta name=\"twitter:card\" content=\"summary_large_image\" \/>\n<meta name=\"twitter:label1\" content=\"Tiempo de lectura\" \/>\n\t<meta name=\"twitter:data1\" content=\"4 minutos\" \/>\n<script type=\"application\/ld+json\" class=\"yoast-schema-graph\">{\"@context\":\"https:\\\/\\\/schema.org\",\"@graph\":[{\"@type\":\"WebPage\",\"@id\":\"https:\\\/\\\/idecesos.com\\\/seguros\\\/companias\\\/caja-laboral\\\/telefono\\\/\",\"url\":\"https:\\\/\\\/idecesos.com\\\/seguros\\\/companias\\\/caja-laboral\\\/telefono\\\/\",\"name\":\"Tel\u00e9fono Gratuito Caja Laboral \u25b7Atenci\u00f3n Cliente, Email, RRSS, Web\",\"isPartOf\":{\"@id\":\"https:\\\/\\\/idecesos.com\\\/seguros\\\/#website\"},\"datePublished\":\"2021-11-25T10:17:40+00:00\",\"dateModified\":\"2022-04-03T19:00:07+00:00\",\"description\":\"Busca aqu\u00ed\u3010Caja Laboral seguros tel\u00e9fono gratuito\u3011Caja Laboral Decesos tel\u00e9fono gratis: atenci\u00f3n al cliente y contrataciones \u2611\ufe0fVerificado en 2026\",\"breadcrumb\":{\"@id\":\"https:\\\/\\\/idecesos.com\\\/seguros\\\/companias\\\/caja-laboral\\\/telefono\\\/#breadcrumb\"},\"inLanguage\":\"es\",\"potentialAction\":[{\"@type\":\"ReadAction\",\"target\":[\"https:\\\/\\\/idecesos.com\\\/seguros\\\/companias\\\/caja-laboral\\\/telefono\\\/\"]}]},{\"@type\":\"BreadcrumbList\",\"@id\":\"https:\\\/\\\/idecesos.com\\\/seguros\\\/companias\\\/caja-laboral\\\/telefono\\\/#breadcrumb\",\"itemListElement\":[{\"@type\":\"ListItem\",\"position\":1,\"name\":\"Portada\",\"item\":\"https:\\\/\\\/idecesos.com\\\/seguros\\\/\"},{\"@type\":\"ListItem\",\"position\":2,\"name\":\"Compa\u00f1\u00edas de Seguros de Decesos en Espa\u00f1a\",\"item\":\"https:\\\/\\\/idecesos.com\\\/seguros\\\/companias\\\/\"},{\"@type\":\"ListItem\",\"position\":3,\"name\":\"Seguro de decesos Caja Laboral\",\"item\":\"https:\\\/\\\/idecesos.com\\\/seguros\\\/companias\\\/caja-laboral\\\/\"},{\"@type\":\"ListItem\",\"position\":4,\"name\":\"Atenci\u00f3n al cliente Caja Laboral: telefono gratuito, e-mail\"}]},{\"@type\":\"WebSite\",\"@id\":\"https:\\\/\\\/idecesos.com\\\/seguros\\\/#website\",\"url\":\"https:\\\/\\\/idecesos.com\\\/seguros\\\/\",\"name\":\"\",\"description\":\"\",\"potentialAction\":[{\"@type\":\"SearchAction\",\"target\":{\"@type\":\"EntryPoint\",\"urlTemplate\":\"https:\\\/\\\/idecesos.com\\\/seguros\\\/?s={search_term_string}\"},\"query-input\":{\"@type\":\"PropertyValueSpecification\",\"valueRequired\":true,\"valueName\":\"search_term_string\"}}],\"inLanguage\":\"es\"}]}<\/script>\n<!-- \/ Yoast SEO plugin. -->","yoast_head_json":{"title":"Tel\u00e9fono Gratuito Caja Laboral \u25b7Atenci\u00f3n Cliente, Email, RRSS, Web","description":"Busca aqu\u00ed\u3010Caja Laboral seguros tel\u00e9fono gratuito\u3011Caja Laboral Decesos tel\u00e9fono gratis: atenci\u00f3n al cliente y contrataciones \u2611\ufe0fVerificado en 2026","robots":{"index":"index","follow":"follow","max-snippet":"max-snippet:-1","max-image-preview":"max-image-preview:large","max-video-preview":"max-video-preview:-1"},"canonical":"https:\/\/idecesos.com\/seguros\/companias\/caja-laboral\/telefono\/","og_locale":"es_ES","og_type":"article","og_title":"Tel\u00e9fono Gratuito Caja Laboral \u25b7Atenci\u00f3n Cliente, Email, RRSS, Web","og_description":"Busca aqu\u00ed\u3010Caja Laboral seguros tel\u00e9fono gratuito\u3011Caja Laboral Decesos tel\u00e9fono gratis: atenci\u00f3n al cliente y contrataciones \u2611\ufe0fVerificado en 2026","og_url":"https:\/\/idecesos.com\/seguros\/companias\/caja-laboral\/telefono\/","article_modified_time":"2022-04-03T19:00:07+00:00","twitter_card":"summary_large_image","twitter_misc":{"Tiempo de lectura":"4 minutos"},"schema":{"@context":"https:\/\/schema.org","@graph":[{"@type":"WebPage","@id":"https:\/\/idecesos.com\/seguros\/companias\/caja-laboral\/telefono\/","url":"https:\/\/idecesos.com\/seguros\/companias\/caja-laboral\/telefono\/","name":"Tel\u00e9fono Gratuito Caja Laboral \u25b7Atenci\u00f3n Cliente, Email, RRSS, Web","isPartOf":{"@id":"https:\/\/idecesos.com\/seguros\/#website"},"datePublished":"2021-11-25T10:17:40+00:00","dateModified":"2022-04-03T19:00:07+00:00","description":"Busca aqu\u00ed\u3010Caja Laboral seguros tel\u00e9fono gratuito\u3011Caja Laboral Decesos tel\u00e9fono gratis: atenci\u00f3n al cliente y contrataciones \u2611\ufe0fVerificado en 2026","breadcrumb":{"@id":"https:\/\/idecesos.com\/seguros\/companias\/caja-laboral\/telefono\/#breadcrumb"},"inLanguage":"es","potentialAction":[{"@type":"ReadAction","target":["https:\/\/idecesos.com\/seguros\/companias\/caja-laboral\/telefono\/"]}]},{"@type":"BreadcrumbList","@id":"https:\/\/idecesos.com\/seguros\/companias\/caja-laboral\/telefono\/#breadcrumb","itemListElement":[{"@type":"ListItem","position":1,"name":"Portada","item":"https:\/\/idecesos.com\/seguros\/"},{"@type":"ListItem","position":2,"name":"Compa\u00f1\u00edas de Seguros de Decesos en Espa\u00f1a","item":"https:\/\/idecesos.com\/seguros\/companias\/"},{"@type":"ListItem","position":3,"name":"Seguro de decesos Caja Laboral","item":"https:\/\/idecesos.com\/seguros\/companias\/caja-laboral\/"},{"@type":"ListItem","position":4,"name":"Atenci\u00f3n al cliente Caja Laboral: telefono gratuito, e-mail"}]},{"@type":"WebSite","@id":"https:\/\/idecesos.com\/seguros\/#website","url":"https:\/\/idecesos.com\/seguros\/","name":"","description":"","potentialAction":[{"@type":"SearchAction","target":{"@type":"EntryPoint","urlTemplate":"https:\/\/idecesos.com\/seguros\/?s={search_term_string}"},"query-input":{"@type":"PropertyValueSpecification","valueRequired":true,"valueName":"search_term_string"}}],"inLanguage":"es"}]}},"_links":{"self":[{"href":"https:\/\/idecesos.com\/seguros\/wp-json\/wp\/v2\/pages\/15421","targetHints":{"allow":["GET"]}}],"collection":[{"href":"https:\/\/idecesos.com\/seguros\/wp-json\/wp\/v2\/pages"}],"about":[{"href":"https:\/\/idecesos.com\/seguros\/wp-json\/wp\/v2\/types\/page"}],"author":[{"embeddable":true,"href":"https:\/\/idecesos.com\/seguros\/wp-json\/wp\/v2\/users\/1"}],"replies":[{"embeddable":true,"href":"https:\/\/idecesos.com\/seguros\/wp-json\/wp\/v2\/comments?post=15421"}],"version-history":[{"count":8,"href":"https:\/\/idecesos.com\/seguros\/wp-json\/wp\/v2\/pages\/15421\/revisions"}],"predecessor-version":[{"id":20943,"href":"https:\/\/idecesos.com\/seguros\/wp-json\/wp\/v2\/pages\/15421\/revisions\/20943"}],"up":[{"embeddable":true,"href":"https:\/\/idecesos.com\/seguros\/wp-json\/wp\/v2\/pages\/593"}],"wp:attachment":[{"href":"https:\/\/idecesos.com\/seguros\/wp-json\/wp\/v2\/media?parent=15421"}],"curies":[{"name":"wp","href":"https:\/\/api.w.org\/{rel}","templated":true}]}}