{"id":15424,"date":"2021-11-26T09:12:58","date_gmt":"2021-11-25T10:17:42","guid":{"rendered":"https:\/\/idecesos.com\/seguros\/companias\/ges\/telefono\/"},"modified":"2022-04-05T10:24:57","modified_gmt":"2022-04-05T10:24:57","slug":"telefono","status":"publish","type":"page","link":"https:\/\/idecesos.com\/seguros\/companias\/ges\/telefono\/","title":{"rendered":"Atenci\u00f3n al cliente GES: telefono gratuito, e-mail"},"content":{"rendered":"<div id=\"ez-toc-container\" class=\"ez-toc-v2_0_82_2 ez-toc-wrap-center counter-hierarchy ez-toc-counter ez-toc-custom ez-toc-container-direction\">\n<div class=\"ez-toc-title-container\">\n<p class=\"ez-toc-title\" style=\"cursor:inherit\">Tabla de Contenido<\/p>\n<span class=\"ez-toc-title-toggle\"><a href=\"#\" class=\"ez-toc-pull-right ez-toc-btn ez-toc-btn-xs ez-toc-btn-default ez-toc-toggle\" aria-label=\"Alternar tabla de contenidos\"><span class=\"ez-toc-js-icon-con\"><span class=\"\"><span class=\"eztoc-hide\" style=\"display:none;\">Toggle<\/span><span class=\"ez-toc-icon-toggle-span\"><svg style=\"fill: #db6415;color:#db6415\" xmlns=\"http:\/\/www.w3.org\/2000\/svg\" class=\"list-377408\" width=\"20px\" height=\"20px\" viewBox=\"0 0 24 24\" fill=\"none\"><path d=\"M6 6H4v2h2V6zm14 0H8v2h12V6zM4 11h2v2H4v-2zm16 0H8v2h12v-2zM4 16h2v2H4v-2zm16 0H8v2h12v-2z\" fill=\"currentColor\"><\/path><\/svg><svg style=\"fill: #db6415;color:#db6415\" class=\"arrow-unsorted-368013\" xmlns=\"http:\/\/www.w3.org\/2000\/svg\" width=\"10px\" height=\"10px\" viewBox=\"0 0 24 24\" version=\"1.2\" baseProfile=\"tiny\"><path d=\"M18.2 9.3l-6.2-6.3-6.2 6.3c-.2.2-.3.4-.3.7s.1.5.3.7c.2.2.4.3.7.3h11c.3 0 .5-.1.7-.3.2-.2.3-.5.3-.7s-.1-.5-.3-.7zM5.8 14.7l6.2 6.3 6.2-6.3c.2-.2.3-.5.3-.7s-.1-.5-.3-.7c-.2-.2-.4-.3-.7-.3h-11c-.3 0-.5.1-.7.3-.2.2-.3.5-.3.7s.1.5.3.7z\"\/><\/svg><\/span><\/span><\/span><\/a><\/span><\/div>\n<nav><ul class='ez-toc-list ez-toc-list-level-1 ' ><ul class='ez-toc-list-level-4' ><li class='ez-toc-heading-level-4'><ul class='ez-toc-list-level-4' ><li class='ez-toc-heading-level-4'><a class=\"ez-toc-link ez-toc-heading-1\" href=\"https:\/\/idecesos.com\/seguros\/companias\/ges\/telefono\/#Telefono_Contrataciones_951_127_403\" >Tel\u00e9fono Contrataciones \n951 127 403<\/a><\/li><\/ul><\/li><\/ul><\/li><li class='ez-toc-page-1 ez-toc-heading-level-2'><a class=\"ez-toc-link ez-toc-heading-2\" href=\"https:\/\/idecesos.com\/seguros\/companias\/ges\/telefono\/#%C2%BFComo_contactar_con_GES\" >\u00bfC\u00f3mo contactar con GES?<\/a><ul class='ez-toc-list-level-3' ><li class='ez-toc-heading-level-3'><a class=\"ez-toc-link ez-toc-heading-3\" href=\"https:\/\/idecesos.com\/seguros\/companias\/ges\/telefono\/#Telefono_gratuito_de_GES\" >Tel\u00e9fono gratuito de GES<\/a><\/li><li class='ez-toc-page-1 ez-toc-heading-level-3'><a class=\"ez-toc-link ez-toc-heading-4\" href=\"https:\/\/idecesos.com\/seguros\/companias\/ges\/telefono\/#Horario_de_atencion_al_cliente_de_GES\" >Horario de atenci\u00f3n al cliente de GES<\/a><\/li><li class='ez-toc-page-1 ez-toc-heading-level-3'><a class=\"ez-toc-link ez-toc-heading-5\" href=\"https:\/\/idecesos.com\/seguros\/companias\/ges\/telefono\/#Correo_electronico_de_GES\" >Correo electr\u00f3nico de GES<\/a><\/li><li class='ez-toc-page-1 ez-toc-heading-level-3'><a class=\"ez-toc-link ez-toc-heading-6\" href=\"https:\/\/idecesos.com\/seguros\/companias\/ges\/telefono\/#Formulario_en_el_sitio_Web_de_GES\" >Formulario en el sitio Web de GES<\/a><\/li><li class='ez-toc-page-1 ez-toc-heading-level-3'><a class=\"ez-toc-link ez-toc-heading-7\" href=\"https:\/\/idecesos.com\/seguros\/companias\/ges\/telefono\/#Redes_sociales_de_GES\" >Redes sociales de GES<\/a><\/li><li class='ez-toc-page-1 ez-toc-heading-level-3'><a class=\"ez-toc-link ez-toc-heading-8\" href=\"https:\/\/idecesos.com\/seguros\/companias\/ges\/telefono\/#Paginas_relacionadas\" >P\u00e1ginas relacionadas<\/a><\/li><\/ul><\/li><\/ul><\/nav><\/div>\n\n<div class=\"caja\">\n<div class=\"cajaIcono2 \"  ><div class=\"cuadro\" style=\"box-shadow: inset 0 0 0 3px #ff790e\"><div class=\"iconoCircular\" style=\"border: 3px solid #ff790e\">\t\t\n\t\t\t\t\t<div class=\"iconoCirculo\">\n\t\t\t\t\t  <i class=\"fas fa-phone-volume\"><\/i>\n\t\t\t\t\t<\/div>\n\t\t\t\t<\/div><div class=\"\">\n<h4 style=\"text-align: center;\"><span class=\"ez-toc-section\" id=\"Telefono_Contrataciones_951_127_403\"><\/span><strong>Tel\u00e9fono Contrataciones<br \/>\n951 127 403<\/strong><span class=\"ez-toc-section-end\"><\/span><\/h4>\n<p><\/div><\/div><\/div><br \/>\nGES le proporciona varias opciones para que pueda ponerse en contacto con la compa\u00f1\u00eda, y as\u00ed poder resolver sus dudas, consultar sus inquietudes y consultar sobre su seguro de decesos. Elegido el m\u00e9todo que m\u00e1s me amolde a usted, un agente especialista en el tema le ayudar\u00e1 con todas y cada una de las dudas y cuestiones que tenga sobre sus coberturas contratadas. Gastos ambiente al ata\u00fad y la sanidad, la posibilidad de preservar el ADN, el costo de la corona, el tanatorio y la necrol\u00f3gica&#8230; y otros muchos factores en los que necesite su ayuda. La GES se ocupar\u00e1 de ver la situaci\u00f3n en la que se encuentre su familia para que todo est\u00e9 en regla y no deban preocuparse por nada en ese momento tan duro como es la p\u00e9rdida de un ser querido.<br \/>\n<\/div><\/p>\n<div class=\"colorf \"  ><div class=\"container clearfix\"><div class=\"col-md-7\"><\/p>\n<h2><span class=\"ez-toc-section\" id=\"%C2%BFComo_contactar_con_GES\"><\/span>\u00bfC\u00f3mo contactar con GES?<span class=\"ez-toc-section-end\"><\/span><\/h2>\n<p>Puede ponerse en contacto de manera gratuita con GES mediante un tel\u00e9fono de contacto, que le atender\u00e1 en el horario libre de atenci\u00f3n al cliente, correo electr\u00f3nico, formulario en p\u00e1gina y redes sociales.<br \/>\n<\/div><\/div><\/div>\n<h3><span class=\"ez-toc-section\" id=\"Telefono_gratuito_de_GES\"><\/span>Tel\u00e9fono gratuito de GES<span class=\"ez-toc-section-end\"><\/span><\/h3>\n<p>El tel\u00e9fono de contacto que va a estar libre es plenamente gratis. La llamada realizada por la parte del usuario o bien del profesional, no va a tener ning\u00fan costo, con independencia del tiempo que dure. A trav\u00e9s de este procedimiento vas a poder disfrutar de todas y cada una de las comodidades, simple y sencillo de emplear, pudiendo llamar desde su casa sin precisar desplazarse a ninguna oficina. La persona que le atienda va a ser un experto en el tema que tras concluir su conversaci\u00f3n habr\u00e1 resuelto todas y cada una de las dudas y tambi\u00e9n inquietudes que tuviese. El n\u00famero es el: 91330 85 85.<br \/>\n<div class=\"colorf\"><div class=\"container clearfix\"><div class=\"col-md-7\"><\/p>\n<div class=\"cabecera_tabla_ajustada \"  style=\"width:80%\" ><div class=\"row\"><\/div>\n<div class=\"fila_tabla4 \"  ><div class=\"row\"><div class=\"col-8 nosepara izq\"><p><strong>Tel\u00e9fono para contrataciones<\/strong><\/p><\/div><div class=\"col-4 nosepara centro\">951 127 403<\/div><\/div><\/div>\n<div class=\"pie_tabla \"  ><div class=\"row\"><div class=\"col-12 \"><\/div><\/div><\/div><\/div>\n<\/div><\/div><\/div>\n<h3><span class=\"ez-toc-section\" id=\"Horario_de_atencion_al_cliente_de_GES\"><\/span>Horario de atenci\u00f3n al cliente de GES<span class=\"ez-toc-section-end\"><\/span><\/h3>\n<p>GES es consciente de los diferentes horarios que puedan tener sus clientes del servicio por ellos tienen asistencia en diferentes franjas horarias para que no te tengas que preocupar por nada y puedas resolver sus dudas sin ning\u00fan inconveniente. Va a ser atendido por una persona que le pasar\u00e1 con un agente experto en seguro de decesos con el que podr\u00e1 resolver todas las cuestiones que se le ocurran y que le ayudar\u00e1 a solucionar sus problemas. As\u00ed, quedar\u00e1n resueltas las dudas o bien cuestiones que le hab\u00edan llevado a contactar con la GES.<br \/>\n<div class=\"colorf\"><div class=\"container clearfix\"><div class=\"col-md-7\"><\/p>\n<h3><span class=\"ez-toc-section\" id=\"Correo_electronico_de_GES\"><\/span>Correo electr\u00f3nico de GES<span class=\"ez-toc-section-end\"><\/span><\/h3>\n<p>En nuestros d\u00edas, nuestra sociedad est\u00e1 inmersa en el mundo de internet. La poblaci\u00f3n es consciente de ello, por lo que tienen en su poder perfiles en diferentes plataformas como Hotmail, Gmail\u2026 GES no se queda atr\u00e1s, tiene a su disposici\u00f3n el pr\u00f3ximo e-mail <strong>ges@ges.es<\/strong>. La rapidez y sencillez de este servicio para percibir y mandar informaci\u00f3n hace que cualquier consulta que tenga sobre su seguro de decesos llegue a un profesional del \u00e1mbito. Este se va a poner nuevamente en contacto con usted para resolverle sus dudas con un lenguaje claro y conciso.<br \/>\n<\/div><\/div><\/div><\/p>\n<h3><span class=\"ez-toc-section\" id=\"Formulario_en_el_sitio_Web_de_GES\"><\/span>Formulario en el sitio Web de GES<span class=\"ez-toc-section-end\"><\/span><\/h3>\n<p>Con el f\u00e1cil acto de preguntarle a un buscador de Internet lo que desees saber, te lo resolver\u00e1 en ese instante. Por este motivo, es la plataforma con m\u00e1s relevancia y mayor acceso para las personas. GES forma parte de este planeta digital y tiene a su predisposici\u00f3n su web <strong>bienvenido.ges.es\/<\/strong>. En la p\u00e1gina web, va a tener la opci\u00f3n de completar un formulario con sus datos (nombre, primer y segundo apellido, tel\u00e9fono m\u00f3vil de contacto, direcci\u00f3n de correo electr\u00f3nico\u2026)Posteriormente, el consultor pertinente se va a poner en contacto para informarle y asistirle en cualquier aspecto que le resulte necesario.<br \/>\n<div class=\"colorf\"><div class=\"container clearfix\"><div class=\"col-md-7\"><\/p>\n<h3><span class=\"ez-toc-section\" id=\"Redes_sociales_de_GES\"><\/span>Redes sociales de GES<span class=\"ez-toc-section-end\"><\/span><\/h3>\n<p>Instagram, Twitter, TikTok o bien Facebook son una de las apps m\u00e1s usadas en la actualidad y donde sus usuarios pasan m\u00e1s tiempo. Son una herramienta \u00fatil para enviar informaci\u00f3n sencillamente a miles de personas. GES cuenta con alguna de estas redes sociales para que puedas seguirlos y enterarte de todas y cada una de las novedades y ofertas que tienen a su disposici\u00f3n sobre su seguro de decesos. En ellas vas a poder ver la ubicaci\u00f3n de su sede, de qu\u00e9 forma trabajan, servicios que ofrecen, etc\u00e9tera Adem\u00e1s tienen un enlace directo a su p\u00e1gina web para que puedas ampliar todo esto. Ciertos perfiles de GES te dejan contactar con ellos para que pueda resolver cualquier tipo de duda o bien pueda ampliar la informaci\u00f3n que ya dan en su perfil.<br \/>\n<\/div><\/div><\/div><\/p>\n<\/div>\n<p><div class=\"oficinas\"> <h3><span class=\"ez-toc-section\" id=\"Paginas_relacionadas\"><\/span>P\u00e1ginas relacionadas<span class=\"ez-toc-section-end\"><\/span><\/h3><div class=\"enlazado\"><ul> <li><a href=\"https:\/\/idecesos.com\/seguros\/companias\/ges\/opiniones\/\">Opiniones GES<\/a><\/li> <li><a href=\"https:\/\/idecesos.com\/seguros\/companias\/ges\/precio\/\">Precio seguro GES<\/a><\/li> <li><a href=\"https:\/\/idecesos.com\/seguros\/companias\/ges\/prima-mixta\/\">GES Prima Mixta<\/a><\/li> <li><a href=\"https:\/\/idecesos.com\/seguros\/companias\/ges\/prima-natural\/\">GES Prima Natural<\/a><\/li> <li><a href=\"https:\/\/idecesos.com\/seguros\/companias\/ges\/prima-nivelada\/\">GES Prima Nivelada<\/a><\/li> <li><a href=\"https:\/\/idecesos.com\/seguros\/companias\/ges\/prima-unica\/\">GES Prima \u00danica<\/a><\/li> <li><a href=\"https:\/\/idecesos.com\/seguros\/companias\/ges\/repatriacion\/\">GES Repatriaci\u00f3n<\/a><\/li> <li><a href=\"https:\/\/idecesos.com\/seguros\/companias\/ges\/telefono\/\">Tel\u00e9fono Gratuito GES<\/a><\/li><\/ul><\/div> <\/div><\/p>\n","protected":false},"excerpt":{"rendered":"<p>GES le proporciona varias opciones para que pueda ponerse en contacto con la compa\u00f1\u00eda, y as\u00ed poder resolver sus dudas, consultar sus inquietudes y consultar sobre su seguro de decesos. Elegido el m\u00e9todo que m\u00e1s me amolde a usted, un agente especialista en el tema le ayudar\u00e1 con todas y cada una de las dudas&hellip; <\/p>\n","protected":false},"author":1,"featured_media":0,"parent":648,"menu_order":0,"comment_status":"closed","ping_status":"closed","template":"single.php","meta":{"footnotes":""},"class_list":["post-15424","page","type-page","status-publish","hentry"],"yoast_head":"<!-- This site is optimized with the Yoast SEO plugin v27.3 - https:\/\/yoast.com\/product\/yoast-seo-wordpress\/ -->\n<title>Tel\u00e9fono Gratuito GES \u25b7Atenci\u00f3n Cliente, Email, RRSS, Web<\/title>\n<meta name=\"description\" content=\"Busca aqu\u00ed\u3010GES seguros tel\u00e9fono gratuito\u3011GES Decesos tel\u00e9fono gratis: atenci\u00f3n al cliente y contrataciones \u2611\ufe0fVerificado en 2026\" \/>\n<meta name=\"robots\" content=\"index, follow, max-snippet:-1, max-image-preview:large, max-video-preview:-1\" \/>\n<link rel=\"canonical\" href=\"https:\/\/idecesos.com\/seguros\/companias\/ges\/telefono\/\" \/>\n<meta property=\"og:locale\" content=\"es_ES\" \/>\n<meta property=\"og:type\" content=\"article\" \/>\n<meta property=\"og:title\" content=\"Tel\u00e9fono Gratuito GES \u25b7Atenci\u00f3n Cliente, Email, RRSS, Web\" \/>\n<meta property=\"og:description\" content=\"Busca aqu\u00ed\u3010GES seguros tel\u00e9fono gratuito\u3011GES Decesos tel\u00e9fono gratis: atenci\u00f3n al cliente y contrataciones \u2611\ufe0fVerificado en 2026\" \/>\n<meta property=\"og:url\" content=\"https:\/\/idecesos.com\/seguros\/companias\/ges\/telefono\/\" \/>\n<meta property=\"article:modified_time\" content=\"2022-04-05T10:24:57+00:00\" \/>\n<meta name=\"twitter:card\" content=\"summary_large_image\" \/>\n<meta name=\"twitter:label1\" content=\"Tiempo de lectura\" \/>\n\t<meta name=\"twitter:data1\" content=\"4 minutos\" \/>\n<script type=\"application\/ld+json\" class=\"yoast-schema-graph\">{\"@context\":\"https:\\\/\\\/schema.org\",\"@graph\":[{\"@type\":\"WebPage\",\"@id\":\"https:\\\/\\\/idecesos.com\\\/seguros\\\/companias\\\/ges\\\/telefono\\\/\",\"url\":\"https:\\\/\\\/idecesos.com\\\/seguros\\\/companias\\\/ges\\\/telefono\\\/\",\"name\":\"Tel\u00e9fono Gratuito GES \u25b7Atenci\u00f3n Cliente, Email, RRSS, Web\",\"isPartOf\":{\"@id\":\"https:\\\/\\\/idecesos.com\\\/seguros\\\/#website\"},\"datePublished\":\"2021-11-25T10:17:42+00:00\",\"dateModified\":\"2022-04-05T10:24:57+00:00\",\"description\":\"Busca aqu\u00ed\u3010GES seguros tel\u00e9fono gratuito\u3011GES Decesos tel\u00e9fono gratis: atenci\u00f3n al cliente y contrataciones \u2611\ufe0fVerificado en 2026\",\"breadcrumb\":{\"@id\":\"https:\\\/\\\/idecesos.com\\\/seguros\\\/companias\\\/ges\\\/telefono\\\/#breadcrumb\"},\"inLanguage\":\"es\",\"potentialAction\":[{\"@type\":\"ReadAction\",\"target\":[\"https:\\\/\\\/idecesos.com\\\/seguros\\\/companias\\\/ges\\\/telefono\\\/\"]}]},{\"@type\":\"BreadcrumbList\",\"@id\":\"https:\\\/\\\/idecesos.com\\\/seguros\\\/companias\\\/ges\\\/telefono\\\/#breadcrumb\",\"itemListElement\":[{\"@type\":\"ListItem\",\"position\":1,\"name\":\"Portada\",\"item\":\"https:\\\/\\\/idecesos.com\\\/seguros\\\/\"},{\"@type\":\"ListItem\",\"position\":2,\"name\":\"Compa\u00f1\u00edas de Seguros de Decesos en Espa\u00f1a\",\"item\":\"https:\\\/\\\/idecesos.com\\\/seguros\\\/companias\\\/\"},{\"@type\":\"ListItem\",\"position\":3,\"name\":\"Seguro de decesos GES\",\"item\":\"https:\\\/\\\/idecesos.com\\\/seguros\\\/companias\\\/ges\\\/\"},{\"@type\":\"ListItem\",\"position\":4,\"name\":\"Atenci\u00f3n al cliente GES: telefono gratuito, e-mail\"}]},{\"@type\":\"WebSite\",\"@id\":\"https:\\\/\\\/idecesos.com\\\/seguros\\\/#website\",\"url\":\"https:\\\/\\\/idecesos.com\\\/seguros\\\/\",\"name\":\"\",\"description\":\"\",\"potentialAction\":[{\"@type\":\"SearchAction\",\"target\":{\"@type\":\"EntryPoint\",\"urlTemplate\":\"https:\\\/\\\/idecesos.com\\\/seguros\\\/?s={search_term_string}\"},\"query-input\":{\"@type\":\"PropertyValueSpecification\",\"valueRequired\":true,\"valueName\":\"search_term_string\"}}],\"inLanguage\":\"es\"}]}<\/script>\n<!-- \/ Yoast SEO plugin. -->","yoast_head_json":{"title":"Tel\u00e9fono Gratuito GES \u25b7Atenci\u00f3n Cliente, Email, RRSS, Web","description":"Busca aqu\u00ed\u3010GES seguros tel\u00e9fono gratuito\u3011GES Decesos tel\u00e9fono gratis: atenci\u00f3n al cliente y contrataciones \u2611\ufe0fVerificado en 2026","robots":{"index":"index","follow":"follow","max-snippet":"max-snippet:-1","max-image-preview":"max-image-preview:large","max-video-preview":"max-video-preview:-1"},"canonical":"https:\/\/idecesos.com\/seguros\/companias\/ges\/telefono\/","og_locale":"es_ES","og_type":"article","og_title":"Tel\u00e9fono Gratuito GES \u25b7Atenci\u00f3n Cliente, Email, RRSS, Web","og_description":"Busca aqu\u00ed\u3010GES seguros tel\u00e9fono gratuito\u3011GES Decesos tel\u00e9fono gratis: atenci\u00f3n al cliente y contrataciones \u2611\ufe0fVerificado en 2026","og_url":"https:\/\/idecesos.com\/seguros\/companias\/ges\/telefono\/","article_modified_time":"2022-04-05T10:24:57+00:00","twitter_card":"summary_large_image","twitter_misc":{"Tiempo de lectura":"4 minutos"},"schema":{"@context":"https:\/\/schema.org","@graph":[{"@type":"WebPage","@id":"https:\/\/idecesos.com\/seguros\/companias\/ges\/telefono\/","url":"https:\/\/idecesos.com\/seguros\/companias\/ges\/telefono\/","name":"Tel\u00e9fono Gratuito GES \u25b7Atenci\u00f3n Cliente, Email, RRSS, Web","isPartOf":{"@id":"https:\/\/idecesos.com\/seguros\/#website"},"datePublished":"2021-11-25T10:17:42+00:00","dateModified":"2022-04-05T10:24:57+00:00","description":"Busca aqu\u00ed\u3010GES seguros tel\u00e9fono gratuito\u3011GES Decesos tel\u00e9fono gratis: atenci\u00f3n al cliente y contrataciones \u2611\ufe0fVerificado en 2026","breadcrumb":{"@id":"https:\/\/idecesos.com\/seguros\/companias\/ges\/telefono\/#breadcrumb"},"inLanguage":"es","potentialAction":[{"@type":"ReadAction","target":["https:\/\/idecesos.com\/seguros\/companias\/ges\/telefono\/"]}]},{"@type":"BreadcrumbList","@id":"https:\/\/idecesos.com\/seguros\/companias\/ges\/telefono\/#breadcrumb","itemListElement":[{"@type":"ListItem","position":1,"name":"Portada","item":"https:\/\/idecesos.com\/seguros\/"},{"@type":"ListItem","position":2,"name":"Compa\u00f1\u00edas de Seguros de Decesos en Espa\u00f1a","item":"https:\/\/idecesos.com\/seguros\/companias\/"},{"@type":"ListItem","position":3,"name":"Seguro de decesos GES","item":"https:\/\/idecesos.com\/seguros\/companias\/ges\/"},{"@type":"ListItem","position":4,"name":"Atenci\u00f3n al cliente GES: telefono gratuito, e-mail"}]},{"@type":"WebSite","@id":"https:\/\/idecesos.com\/seguros\/#website","url":"https:\/\/idecesos.com\/seguros\/","name":"","description":"","potentialAction":[{"@type":"SearchAction","target":{"@type":"EntryPoint","urlTemplate":"https:\/\/idecesos.com\/seguros\/?s={search_term_string}"},"query-input":{"@type":"PropertyValueSpecification","valueRequired":true,"valueName":"search_term_string"}}],"inLanguage":"es"}]}},"_links":{"self":[{"href":"https:\/\/idecesos.com\/seguros\/wp-json\/wp\/v2\/pages\/15424","targetHints":{"allow":["GET"]}}],"collection":[{"href":"https:\/\/idecesos.com\/seguros\/wp-json\/wp\/v2\/pages"}],"about":[{"href":"https:\/\/idecesos.com\/seguros\/wp-json\/wp\/v2\/types\/page"}],"author":[{"embeddable":true,"href":"https:\/\/idecesos.com\/seguros\/wp-json\/wp\/v2\/users\/1"}],"replies":[{"embeddable":true,"href":"https:\/\/idecesos.com\/seguros\/wp-json\/wp\/v2\/comments?post=15424"}],"version-history":[{"count":7,"href":"https:\/\/idecesos.com\/seguros\/wp-json\/wp\/v2\/pages\/15424\/revisions"}],"predecessor-version":[{"id":20994,"href":"https:\/\/idecesos.com\/seguros\/wp-json\/wp\/v2\/pages\/15424\/revisions\/20994"}],"up":[{"embeddable":true,"href":"https:\/\/idecesos.com\/seguros\/wp-json\/wp\/v2\/pages\/648"}],"wp:attachment":[{"href":"https:\/\/idecesos.com\/seguros\/wp-json\/wp\/v2\/media?parent=15424"}],"curies":[{"name":"wp","href":"https:\/\/api.w.org\/{rel}","templated":true}]}}