{"id":15425,"date":"2021-11-26T09:12:58","date_gmt":"2021-11-25T10:17:42","guid":{"rendered":"https:\/\/idecesos.com\/seguros\/companias\/groupama\/telefono\/"},"modified":"2022-04-05T10:29:01","modified_gmt":"2022-04-05T10:29:01","slug":"telefono","status":"publish","type":"page","link":"https:\/\/idecesos.com\/seguros\/companias\/groupama\/telefono\/","title":{"rendered":"Atenci\u00f3n al cliente Groupama: telefono gratuito, e-mail"},"content":{"rendered":"<div id=\"ez-toc-container\" class=\"ez-toc-v2_0_82_2 ez-toc-wrap-center counter-hierarchy ez-toc-counter ez-toc-custom ez-toc-container-direction\">\n<div class=\"ez-toc-title-container\">\n<p class=\"ez-toc-title\" style=\"cursor:inherit\">Tabla de Contenido<\/p>\n<span class=\"ez-toc-title-toggle\"><a href=\"#\" class=\"ez-toc-pull-right ez-toc-btn ez-toc-btn-xs ez-toc-btn-default ez-toc-toggle\" aria-label=\"Alternar tabla de contenidos\"><span class=\"ez-toc-js-icon-con\"><span class=\"\"><span class=\"eztoc-hide\" style=\"display:none;\">Toggle<\/span><span class=\"ez-toc-icon-toggle-span\"><svg style=\"fill: #db6415;color:#db6415\" xmlns=\"http:\/\/www.w3.org\/2000\/svg\" class=\"list-377408\" width=\"20px\" height=\"20px\" viewBox=\"0 0 24 24\" fill=\"none\"><path d=\"M6 6H4v2h2V6zm14 0H8v2h12V6zM4 11h2v2H4v-2zm16 0H8v2h12v-2zM4 16h2v2H4v-2zm16 0H8v2h12v-2z\" fill=\"currentColor\"><\/path><\/svg><svg style=\"fill: #db6415;color:#db6415\" class=\"arrow-unsorted-368013\" xmlns=\"http:\/\/www.w3.org\/2000\/svg\" width=\"10px\" height=\"10px\" viewBox=\"0 0 24 24\" version=\"1.2\" baseProfile=\"tiny\"><path d=\"M18.2 9.3l-6.2-6.3-6.2 6.3c-.2.2-.3.4-.3.7s.1.5.3.7c.2.2.4.3.7.3h11c.3 0 .5-.1.7-.3.2-.2.3-.5.3-.7s-.1-.5-.3-.7zM5.8 14.7l6.2 6.3 6.2-6.3c.2-.2.3-.5.3-.7s-.1-.5-.3-.7c-.2-.2-.4-.3-.7-.3h-11c-.3 0-.5.1-.7.3-.2.2-.3.5-.3.7s.1.5.3.7z\"\/><\/svg><\/span><\/span><\/span><\/a><\/span><\/div>\n<nav><ul class='ez-toc-list ez-toc-list-level-1 ' ><ul class='ez-toc-list-level-4' ><li class='ez-toc-heading-level-4'><ul class='ez-toc-list-level-4' ><li class='ez-toc-heading-level-4'><a class=\"ez-toc-link ez-toc-heading-1\" href=\"https:\/\/idecesos.com\/seguros\/companias\/groupama\/telefono\/#Telefono_Contrataciones_951_127_403\" >Tel\u00e9fono Contrataciones \n951 127 403<\/a><\/li><\/ul><\/li><\/ul><\/li><li class='ez-toc-page-1 ez-toc-heading-level-2'><a class=\"ez-toc-link ez-toc-heading-2\" href=\"https:\/\/idecesos.com\/seguros\/companias\/groupama\/telefono\/#%C2%BFComo_contactar_con_Groupama\" >\u00bfC\u00f3mo contactar con Groupama?<\/a><ul class='ez-toc-list-level-3' ><li class='ez-toc-heading-level-3'><a class=\"ez-toc-link ez-toc-heading-3\" href=\"https:\/\/idecesos.com\/seguros\/companias\/groupama\/telefono\/#Telefono_gratuito_de_Groupama\" >Tel\u00e9fono gratuito de Groupama<\/a><\/li><li class='ez-toc-page-1 ez-toc-heading-level-3'><a class=\"ez-toc-link ez-toc-heading-4\" href=\"https:\/\/idecesos.com\/seguros\/companias\/groupama\/telefono\/#Horario_de_atencion_al_cliente_de_Groupama\" >Horario de atenci\u00f3n al cliente de Groupama<\/a><\/li><li class='ez-toc-page-1 ez-toc-heading-level-3'><a class=\"ez-toc-link ez-toc-heading-5\" href=\"https:\/\/idecesos.com\/seguros\/companias\/groupama\/telefono\/#Correo_electronico_de_Groupama\" >Correo electr\u00f3nico de Groupama<\/a><\/li><li class='ez-toc-page-1 ez-toc-heading-level-3'><a class=\"ez-toc-link ez-toc-heading-6\" href=\"https:\/\/idecesos.com\/seguros\/companias\/groupama\/telefono\/#Formulario_en_el_sitio_Web_de_Groupama\" >Formulario en el sitio Web de Groupama<\/a><\/li><li class='ez-toc-page-1 ez-toc-heading-level-3'><a class=\"ez-toc-link ez-toc-heading-7\" href=\"https:\/\/idecesos.com\/seguros\/companias\/groupama\/telefono\/#Redes_sociales_de_Groupama\" >Redes sociales de Groupama<\/a><\/li><li class='ez-toc-page-1 ez-toc-heading-level-3'><a class=\"ez-toc-link ez-toc-heading-8\" href=\"https:\/\/idecesos.com\/seguros\/companias\/groupama\/telefono\/#Paginas_relacionadas\" >P\u00e1ginas relacionadas<\/a><\/li><\/ul><\/li><\/ul><\/nav><\/div>\n\n<div class=\"caja\">\n<div class=\"cajaIcono2 \"  ><div class=\"cuadro\" style=\"box-shadow: inset 0 0 0 3px #ff790e\"><div class=\"iconoCircular\" style=\"border: 3px solid #ff790e\">\t\t\n\t\t\t\t\t<div class=\"iconoCirculo\">\n\t\t\t\t\t  <i class=\"fas fa-phone-volume\"><\/i>\n\t\t\t\t\t<\/div>\n\t\t\t\t<\/div><div class=\"\">\n<h4 style=\"text-align: center;\"><span class=\"ez-toc-section\" id=\"Telefono_Contrataciones_951_127_403\"><\/span><strong>Tel\u00e9fono Contrataciones<br \/>\n951 127 403<\/strong><span class=\"ez-toc-section-end\"><\/span><\/h4>\n<p><\/div><\/div><\/div><br \/>\nGroupama presenta una pluralidad de m\u00e9todos, absolutamente gratis, para que pueda tener la informaci\u00f3n necesaria sobre la compa\u00f1\u00eda, de manera f\u00e1cil y sencilla. Ser\u00e1 informado por la persona que le atienda sobre todo lo que desee saber de su seguro de decesos y, los servicios con relaci\u00f3n al entierro, como los traslados, tr\u00e1mites, elecci\u00f3n y gastos de flores o bien ata\u00fad, los tipos de asistencia, orientaciones, etc\u00e9teraCualquier tr\u00e1mite o administraci\u00f3n va a estar cerrado de cara al momento del entierro del ser querido y, para su calma, no tendr\u00e1n que estar preocupados por nada m\u00e1s all\u00ed. Adem\u00e1s, va a tener el mayor apoyo posible en tal proceso tan delicado.<br \/>\n<\/div><\/p>\n<div class=\"colorf \"  ><div class=\"container clearfix\"><div class=\"col-md-7\"><\/p>\n<h2><span class=\"ez-toc-section\" id=\"%C2%BFComo_contactar_con_Groupama\"><\/span>\u00bfC\u00f3mo contactar con Groupama?<span class=\"ez-toc-section-end\"><\/span><\/h2>\n<p>Ponerse en contacto con Groupama es muy f\u00e1cil. Tiene varias opciones de contacto: tel\u00e9fono gratuito, mail, un formulario que vas a poder rellenar mediante su p\u00e1gina web o sus redes sociales.<br \/>\n<\/div><\/div><\/div>\n<h3><span class=\"ez-toc-section\" id=\"Telefono_gratuito_de_Groupama\"><\/span>Tel\u00e9fono gratuito de Groupama<span class=\"ez-toc-section-end\"><\/span><\/h3>\n<p>El tel\u00e9fono de contacto que estar\u00e1 disponible es absolutamente gratuito. Las llamadas a Groupama le saldr\u00e1n plenamente sin coste, llame o le llame un agente, con independencia del tiempo que dure la conversaci\u00f3n. Su seguro de decesos va a estar listo con una simple llamada. Una manera f\u00e1cil y pr\u00e1ctica que te facilita la vida para que no tengas que preocuparte de nada y puedas hacerlo todo desde casa, siempre y en toda circunstancia acompa\u00f1ado de los mejores profesionales. El servicio que Groupama te ofrece a trav\u00e9s de sus agentes te resolver\u00e1 todas y cada una de las cuestiones y tambi\u00e9n inquietudes que tenga al terminar la llamada. Gracias a su gran profesionalidad va a quedar satisfecho con sus servicios. El n\u00famero es el: <strong>91 783 83 84.<\/strong><br \/>\n<div class=\"colorf\"><div class=\"container clearfix\"><div class=\"col-md-7\"><\/p>\n<div class=\"cabecera_tabla_ajustada \"  style=\"width:80%\" ><div class=\"row\"><\/div>\n<p><div class=\"fila_tabla4 \"  ><div class=\"row\"><div class=\"col-8 nosepara izq\"><p><strong>Tel\u00e9fono para contrataciones<\/strong><\/p><\/div><div class=\"col-4 nosepara centro\">951 127 403<\/div><\/div><\/div><div class=\"fila_tabla4 \"  ><div class=\"row\"><div class=\"col-8 nosepara izq\"><p><strong>Tel\u00e9fono informaci\u00f3n<\/strong><\/p><\/div><div class=\"col-4 nosepara centro\">914 184 747<\/div><\/div><\/div><\/p>\n<div class=\"pie_tabla \"  ><div class=\"row\"><div class=\"col-12 \"><\/div><\/div><\/div><\/div>\n<\/div><\/div><\/div>\n<h3><span class=\"ez-toc-section\" id=\"Horario_de_atencion_al_cliente_de_Groupama\"><\/span>Horario de atenci\u00f3n al cliente de Groupama<span class=\"ez-toc-section-end\"><\/span><\/h3>\n<p>La compa\u00f1\u00eda cuenta con que todos sus clientes no tienen exactamente el mismo horario para poder realizar su llamada telef\u00f3nica. Es por esto que ha creado m\u00faltiples horarios en diferentes franjas para poder ser atendido en todo instante cuando lo necesite. La persona que coja su llamada le va a pasar con un agente especialista en el tema para que pueda solventar sus dudas y problemas sobre su seguro de decesos. De esta manera, las dudas y cuestiones que le hab\u00edan hecho llamar a Groupama quedar\u00e1n resueltas con la mayor brevedad posible.<br \/>\n<div class=\"colorf\"><div class=\"container clearfix\"><div class=\"col-md-7\"><\/p>\n<h3><span class=\"ez-toc-section\" id=\"Correo_electronico_de_Groupama\"><\/span>Correo electr\u00f3nico de Groupama<span class=\"ez-toc-section-end\"><\/span><\/h3>\n<p>Es verdad que Internet est\u00e1 a la orden del d\u00eda y, es ah\u00ed donde se encuentran las plataformas de correo veloz como Hotmail y Gmail. En consecuencia, Groupama ha creado la siguiente direcci\u00f3n de correo <strong>atencionalcliente@plusultra.es<\/strong>\u00a0para que pueda establecer una buena conexi\u00f3n con los profesionales que van a estar a su predisposici\u00f3n. Cada profesional le responder\u00e1 de forma r\u00e1pida, reflejando la experiencia que poseen y el respeto hacia el tema que desee tratar en torno a sus seguro de decesos.<br \/>\n<\/div><\/div><\/div><\/p>\n<h3><span class=\"ez-toc-section\" id=\"Formulario_en_el_sitio_Web_de_Groupama\"><\/span>Formulario en el sitio Web de Groupama<span class=\"ez-toc-section-end\"><\/span><\/h3>\n<p>Internet se ha transformada en la herramienta m\u00e1s utilizada por todo el mundo. Su simpleza se ha transformado en \u00e9xito. Con teclear una palabra o frase hallar\u00e1s millones de resultados relacionados con su b\u00fasqueda. Con solo poner en su terminal <strong>www.groupama-am.com\/<\/strong> encontrar\u00e1 el lugar web de Groupama. En esta p\u00e1gina hallar\u00e1 toda la informaci\u00f3n que est\u00e1 buscando sobre el seguro de decesos de Groupama donde podr\u00e1 ver los servicios, costes, ventajas&#8230; que ofrecen a fin de que usted se pueda hacer una idea. La aseguradora te facilita un usuario que podr\u00e1 rellenar f\u00e1cilmente poniendo a su disposici\u00f3n su nombre y apellidos, mail, tel\u00e9fono, etc\u00e9teraUna vez finalizado y mandado, uno de los profesionales de la compa\u00f1\u00eda se va a poner en contacto para poder resolverle cualquier duda o bien cuesti\u00f3n.<br \/>\n<div class=\"colorf\"><div class=\"container clearfix\"><div class=\"col-md-7\"><\/p>\n<h3><span class=\"ez-toc-section\" id=\"Redes_sociales_de_Groupama\"><\/span>Redes sociales de Groupama<span class=\"ez-toc-section-end\"><\/span><\/h3>\n<p>Las redes sociales junto a internet han globalizado el planeta. Es precisamente por esto que son empleadas como herramientas para propagar inform\u00f3 y lograr a miles de personas. Es muy com\u00fan que, cada persona, tenga alguna de ellas o bien aun todas y cada una. Groupama dispone de su propio perfil en ciertas de estas plataformas. En cada perfil, vas a poder localizar informaci\u00f3n ofertas, localizaci\u00f3n de la sede central, im\u00e1genes, v\u00eddeos y contenido auxiliar sobre la compa\u00f1\u00eda. Merced a sus perfiles, puedes contactar con ellos a trav\u00e9s de su cuenta. Una gran facilidad que hace que te olvides de mails o bien n\u00fameros telef\u00f3nicos.<br \/>\n<\/div><\/div><\/div><\/p>\n<\/div>\n<p><div class=\"oficinas\"> <h3><span class=\"ez-toc-section\" id=\"Paginas_relacionadas\"><\/span>P\u00e1ginas relacionadas<span class=\"ez-toc-section-end\"><\/span><\/h3><div class=\"enlazado\"><ul> <li><a href=\"https:\/\/idecesos.com\/seguros\/companias\/groupama\/opiniones\/\">Opiniones Groupama<\/a><\/li> <li><a href=\"https:\/\/idecesos.com\/seguros\/companias\/groupama\/precio\/\">Precio seguro Groupama<\/a><\/li> <li><a href=\"https:\/\/idecesos.com\/seguros\/companias\/groupama\/prima-mixta\/\">Groupama Prima Mixta<\/a><\/li> <li><a href=\"https:\/\/idecesos.com\/seguros\/companias\/groupama\/prima-natural\/\">Groupama Prima Natural<\/a><\/li> <li><a href=\"https:\/\/idecesos.com\/seguros\/companias\/groupama\/prima-nivelada\/\">Groupama Prima Nivelada<\/a><\/li> <li><a href=\"https:\/\/idecesos.com\/seguros\/companias\/groupama\/prima-unica\/\">Groupama Prima \u00danica<\/a><\/li> <li><a href=\"https:\/\/idecesos.com\/seguros\/companias\/groupama\/repatriacion\/\">Groupama Repatriaci\u00f3n<\/a><\/li> <li><a href=\"https:\/\/idecesos.com\/seguros\/companias\/groupama\/telefono\/\">Tel\u00e9fono Gratuito Groupama<\/a><\/li><\/ul><\/div> <\/div><\/p>\n","protected":false},"excerpt":{"rendered":"<p>Groupama presenta una pluralidad de m\u00e9todos, absolutamente gratis, para que pueda tener la informaci\u00f3n necesaria sobre la compa\u00f1\u00eda, de manera f\u00e1cil y sencilla. Ser\u00e1 informado por la persona que le atienda sobre todo lo que desee saber de su seguro de decesos y, los servicios con relaci\u00f3n al entierro, como los traslados, tr\u00e1mites, elecci\u00f3n y&hellip; <\/p>\n","protected":false},"author":1,"featured_media":0,"parent":650,"menu_order":0,"comment_status":"closed","ping_status":"closed","template":"single.php","meta":{"footnotes":""},"class_list":["post-15425","page","type-page","status-publish","hentry"],"yoast_head":"<!-- This site is optimized with the Yoast SEO plugin v27.3 - https:\/\/yoast.com\/product\/yoast-seo-wordpress\/ -->\n<title>Tel\u00e9fono Gratuito Groupama \u25b7Atenci\u00f3n Cliente, Email, RRSS, Web<\/title>\n<meta name=\"description\" content=\"Busca aqu\u00ed\u3010Groupama seguros tel\u00e9fono gratuito\u3011Groupama Decesos tel\u00e9fono gratis: atenci\u00f3n al cliente y contrataciones \u2611\ufe0fVerificado en 2026\" \/>\n<meta name=\"robots\" content=\"index, follow, max-snippet:-1, max-image-preview:large, max-video-preview:-1\" \/>\n<link rel=\"canonical\" href=\"https:\/\/idecesos.com\/seguros\/companias\/groupama\/telefono\/\" \/>\n<meta property=\"og:locale\" content=\"es_ES\" \/>\n<meta property=\"og:type\" content=\"article\" \/>\n<meta property=\"og:title\" content=\"Tel\u00e9fono Gratuito Groupama \u25b7Atenci\u00f3n Cliente, Email, RRSS, Web\" \/>\n<meta property=\"og:description\" content=\"Busca aqu\u00ed\u3010Groupama seguros tel\u00e9fono gratuito\u3011Groupama Decesos tel\u00e9fono gratis: atenci\u00f3n al cliente y contrataciones \u2611\ufe0fVerificado en 2026\" \/>\n<meta property=\"og:url\" content=\"https:\/\/idecesos.com\/seguros\/companias\/groupama\/telefono\/\" \/>\n<meta property=\"article:modified_time\" content=\"2022-04-05T10:29:01+00:00\" \/>\n<meta name=\"twitter:card\" content=\"summary_large_image\" \/>\n<meta name=\"twitter:label1\" content=\"Tiempo de lectura\" \/>\n\t<meta name=\"twitter:data1\" content=\"4 minutos\" \/>\n<script type=\"application\/ld+json\" class=\"yoast-schema-graph\">{\"@context\":\"https:\\\/\\\/schema.org\",\"@graph\":[{\"@type\":\"WebPage\",\"@id\":\"https:\\\/\\\/idecesos.com\\\/seguros\\\/companias\\\/groupama\\\/telefono\\\/\",\"url\":\"https:\\\/\\\/idecesos.com\\\/seguros\\\/companias\\\/groupama\\\/telefono\\\/\",\"name\":\"Tel\u00e9fono Gratuito Groupama \u25b7Atenci\u00f3n Cliente, Email, RRSS, Web\",\"isPartOf\":{\"@id\":\"https:\\\/\\\/idecesos.com\\\/seguros\\\/#website\"},\"datePublished\":\"2021-11-25T10:17:42+00:00\",\"dateModified\":\"2022-04-05T10:29:01+00:00\",\"description\":\"Busca aqu\u00ed\u3010Groupama seguros tel\u00e9fono gratuito\u3011Groupama Decesos tel\u00e9fono gratis: atenci\u00f3n al cliente y contrataciones \u2611\ufe0fVerificado en 2026\",\"breadcrumb\":{\"@id\":\"https:\\\/\\\/idecesos.com\\\/seguros\\\/companias\\\/groupama\\\/telefono\\\/#breadcrumb\"},\"inLanguage\":\"es\",\"potentialAction\":[{\"@type\":\"ReadAction\",\"target\":[\"https:\\\/\\\/idecesos.com\\\/seguros\\\/companias\\\/groupama\\\/telefono\\\/\"]}]},{\"@type\":\"BreadcrumbList\",\"@id\":\"https:\\\/\\\/idecesos.com\\\/seguros\\\/companias\\\/groupama\\\/telefono\\\/#breadcrumb\",\"itemListElement\":[{\"@type\":\"ListItem\",\"position\":1,\"name\":\"Portada\",\"item\":\"https:\\\/\\\/idecesos.com\\\/seguros\\\/\"},{\"@type\":\"ListItem\",\"position\":2,\"name\":\"Compa\u00f1\u00edas de Seguros de Decesos en Espa\u00f1a\",\"item\":\"https:\\\/\\\/idecesos.com\\\/seguros\\\/companias\\\/\"},{\"@type\":\"ListItem\",\"position\":3,\"name\":\"Seguro de decesos Groupama\",\"item\":\"https:\\\/\\\/idecesos.com\\\/seguros\\\/companias\\\/groupama\\\/\"},{\"@type\":\"ListItem\",\"position\":4,\"name\":\"Atenci\u00f3n al cliente Groupama: telefono gratuito, e-mail\"}]},{\"@type\":\"WebSite\",\"@id\":\"https:\\\/\\\/idecesos.com\\\/seguros\\\/#website\",\"url\":\"https:\\\/\\\/idecesos.com\\\/seguros\\\/\",\"name\":\"\",\"description\":\"\",\"potentialAction\":[{\"@type\":\"SearchAction\",\"target\":{\"@type\":\"EntryPoint\",\"urlTemplate\":\"https:\\\/\\\/idecesos.com\\\/seguros\\\/?s={search_term_string}\"},\"query-input\":{\"@type\":\"PropertyValueSpecification\",\"valueRequired\":true,\"valueName\":\"search_term_string\"}}],\"inLanguage\":\"es\"}]}<\/script>\n<!-- \/ Yoast SEO plugin. -->","yoast_head_json":{"title":"Tel\u00e9fono Gratuito Groupama \u25b7Atenci\u00f3n Cliente, Email, RRSS, Web","description":"Busca aqu\u00ed\u3010Groupama seguros tel\u00e9fono gratuito\u3011Groupama Decesos tel\u00e9fono gratis: atenci\u00f3n al cliente y contrataciones \u2611\ufe0fVerificado en 2026","robots":{"index":"index","follow":"follow","max-snippet":"max-snippet:-1","max-image-preview":"max-image-preview:large","max-video-preview":"max-video-preview:-1"},"canonical":"https:\/\/idecesos.com\/seguros\/companias\/groupama\/telefono\/","og_locale":"es_ES","og_type":"article","og_title":"Tel\u00e9fono Gratuito Groupama \u25b7Atenci\u00f3n Cliente, Email, RRSS, Web","og_description":"Busca aqu\u00ed\u3010Groupama seguros tel\u00e9fono gratuito\u3011Groupama Decesos tel\u00e9fono gratis: atenci\u00f3n al cliente y contrataciones \u2611\ufe0fVerificado en 2026","og_url":"https:\/\/idecesos.com\/seguros\/companias\/groupama\/telefono\/","article_modified_time":"2022-04-05T10:29:01+00:00","twitter_card":"summary_large_image","twitter_misc":{"Tiempo de lectura":"4 minutos"},"schema":{"@context":"https:\/\/schema.org","@graph":[{"@type":"WebPage","@id":"https:\/\/idecesos.com\/seguros\/companias\/groupama\/telefono\/","url":"https:\/\/idecesos.com\/seguros\/companias\/groupama\/telefono\/","name":"Tel\u00e9fono Gratuito Groupama \u25b7Atenci\u00f3n Cliente, Email, RRSS, Web","isPartOf":{"@id":"https:\/\/idecesos.com\/seguros\/#website"},"datePublished":"2021-11-25T10:17:42+00:00","dateModified":"2022-04-05T10:29:01+00:00","description":"Busca aqu\u00ed\u3010Groupama seguros tel\u00e9fono gratuito\u3011Groupama Decesos tel\u00e9fono gratis: atenci\u00f3n al cliente y contrataciones \u2611\ufe0fVerificado en 2026","breadcrumb":{"@id":"https:\/\/idecesos.com\/seguros\/companias\/groupama\/telefono\/#breadcrumb"},"inLanguage":"es","potentialAction":[{"@type":"ReadAction","target":["https:\/\/idecesos.com\/seguros\/companias\/groupama\/telefono\/"]}]},{"@type":"BreadcrumbList","@id":"https:\/\/idecesos.com\/seguros\/companias\/groupama\/telefono\/#breadcrumb","itemListElement":[{"@type":"ListItem","position":1,"name":"Portada","item":"https:\/\/idecesos.com\/seguros\/"},{"@type":"ListItem","position":2,"name":"Compa\u00f1\u00edas de Seguros de Decesos en Espa\u00f1a","item":"https:\/\/idecesos.com\/seguros\/companias\/"},{"@type":"ListItem","position":3,"name":"Seguro de decesos Groupama","item":"https:\/\/idecesos.com\/seguros\/companias\/groupama\/"},{"@type":"ListItem","position":4,"name":"Atenci\u00f3n al cliente Groupama: telefono gratuito, e-mail"}]},{"@type":"WebSite","@id":"https:\/\/idecesos.com\/seguros\/#website","url":"https:\/\/idecesos.com\/seguros\/","name":"","description":"","potentialAction":[{"@type":"SearchAction","target":{"@type":"EntryPoint","urlTemplate":"https:\/\/idecesos.com\/seguros\/?s={search_term_string}"},"query-input":{"@type":"PropertyValueSpecification","valueRequired":true,"valueName":"search_term_string"}}],"inLanguage":"es"}]}},"_links":{"self":[{"href":"https:\/\/idecesos.com\/seguros\/wp-json\/wp\/v2\/pages\/15425","targetHints":{"allow":["GET"]}}],"collection":[{"href":"https:\/\/idecesos.com\/seguros\/wp-json\/wp\/v2\/pages"}],"about":[{"href":"https:\/\/idecesos.com\/seguros\/wp-json\/wp\/v2\/types\/page"}],"author":[{"embeddable":true,"href":"https:\/\/idecesos.com\/seguros\/wp-json\/wp\/v2\/users\/1"}],"replies":[{"embeddable":true,"href":"https:\/\/idecesos.com\/seguros\/wp-json\/wp\/v2\/comments?post=15425"}],"version-history":[{"count":8,"href":"https:\/\/idecesos.com\/seguros\/wp-json\/wp\/v2\/pages\/15425\/revisions"}],"predecessor-version":[{"id":20996,"href":"https:\/\/idecesos.com\/seguros\/wp-json\/wp\/v2\/pages\/15425\/revisions\/20996"}],"up":[{"embeddable":true,"href":"https:\/\/idecesos.com\/seguros\/wp-json\/wp\/v2\/pages\/650"}],"wp:attachment":[{"href":"https:\/\/idecesos.com\/seguros\/wp-json\/wp\/v2\/media?parent=15425"}],"curies":[{"name":"wp","href":"https:\/\/api.w.org\/{rel}","templated":true}]}}