{"id":15426,"date":"2021-11-26T09:12:59","date_gmt":"2021-11-25T10:17:43","guid":{"rendered":"https:\/\/idecesos.com\/seguros\/companias\/nuez\/telefono\/"},"modified":"2022-04-07T07:55:31","modified_gmt":"2022-04-07T07:55:31","slug":"telefono","status":"publish","type":"page","link":"https:\/\/idecesos.com\/seguros\/companias\/nuez\/telefono\/","title":{"rendered":"Atenci\u00f3n al cliente Nuez: telefono gratuito, e-mail"},"content":{"rendered":"<div id=\"ez-toc-container\" class=\"ez-toc-v2_0_82_2 ez-toc-wrap-center counter-hierarchy ez-toc-counter ez-toc-custom ez-toc-container-direction\">\n<div class=\"ez-toc-title-container\">\n<p class=\"ez-toc-title\" style=\"cursor:inherit\">Tabla de Contenido<\/p>\n<span class=\"ez-toc-title-toggle\"><a href=\"#\" class=\"ez-toc-pull-right ez-toc-btn ez-toc-btn-xs ez-toc-btn-default ez-toc-toggle\" aria-label=\"Alternar tabla de contenidos\"><span class=\"ez-toc-js-icon-con\"><span class=\"\"><span class=\"eztoc-hide\" style=\"display:none;\">Toggle<\/span><span class=\"ez-toc-icon-toggle-span\"><svg style=\"fill: #db6415;color:#db6415\" xmlns=\"http:\/\/www.w3.org\/2000\/svg\" class=\"list-377408\" width=\"20px\" height=\"20px\" viewBox=\"0 0 24 24\" fill=\"none\"><path d=\"M6 6H4v2h2V6zm14 0H8v2h12V6zM4 11h2v2H4v-2zm16 0H8v2h12v-2zM4 16h2v2H4v-2zm16 0H8v2h12v-2z\" fill=\"currentColor\"><\/path><\/svg><svg style=\"fill: #db6415;color:#db6415\" class=\"arrow-unsorted-368013\" xmlns=\"http:\/\/www.w3.org\/2000\/svg\" width=\"10px\" height=\"10px\" viewBox=\"0 0 24 24\" version=\"1.2\" baseProfile=\"tiny\"><path d=\"M18.2 9.3l-6.2-6.3-6.2 6.3c-.2.2-.3.4-.3.7s.1.5.3.7c.2.2.4.3.7.3h11c.3 0 .5-.1.7-.3.2-.2.3-.5.3-.7s-.1-.5-.3-.7zM5.8 14.7l6.2 6.3 6.2-6.3c.2-.2.3-.5.3-.7s-.1-.5-.3-.7c-.2-.2-.4-.3-.7-.3h-11c-.3 0-.5.1-.7.3-.2.2-.3.5-.3.7s.1.5.3.7z\"\/><\/svg><\/span><\/span><\/span><\/a><\/span><\/div>\n<nav><ul class='ez-toc-list ez-toc-list-level-1 ' ><ul class='ez-toc-list-level-4' ><li class='ez-toc-heading-level-4'><ul class='ez-toc-list-level-4' ><li class='ez-toc-heading-level-4'><a class=\"ez-toc-link ez-toc-heading-1\" href=\"https:\/\/idecesos.com\/seguros\/companias\/nuez\/telefono\/#Telefono_Contrataciones_951_127_403\" >Tel\u00e9fono Contrataciones \n951 127 403<\/a><\/li><\/ul><\/li><\/ul><\/li><li class='ez-toc-page-1 ez-toc-heading-level-2'><a class=\"ez-toc-link ez-toc-heading-2\" href=\"https:\/\/idecesos.com\/seguros\/companias\/nuez\/telefono\/#%C2%BFComo_contactar_con_Nuez\" >\u00bfC\u00f3mo contactar con Nuez?<\/a><ul class='ez-toc-list-level-3' ><li class='ez-toc-heading-level-3'><a class=\"ez-toc-link ez-toc-heading-3\" href=\"https:\/\/idecesos.com\/seguros\/companias\/nuez\/telefono\/#Telefono_gratuito_de_Nuez\" >Tel\u00e9fono gratuito de Nuez<\/a><\/li><li class='ez-toc-page-1 ez-toc-heading-level-3'><a class=\"ez-toc-link ez-toc-heading-4\" href=\"https:\/\/idecesos.com\/seguros\/companias\/nuez\/telefono\/#Horario_de_atencion_al_cliente_de_Nuez\" >Horario de atenci\u00f3n al cliente de Nuez<\/a><\/li><li class='ez-toc-page-1 ez-toc-heading-level-3'><a class=\"ez-toc-link ez-toc-heading-5\" href=\"https:\/\/idecesos.com\/seguros\/companias\/nuez\/telefono\/#Correo_electronico_de_Nuez\" >Correo electr\u00f3nico de Nuez<\/a><\/li><li class='ez-toc-page-1 ez-toc-heading-level-3'><a class=\"ez-toc-link ez-toc-heading-6\" href=\"https:\/\/idecesos.com\/seguros\/companias\/nuez\/telefono\/#Formulario_en_el_sitio_Web_de_Nuez\" >Formulario en el sitio Web de Nuez<\/a><\/li><li class='ez-toc-page-1 ez-toc-heading-level-3'><a class=\"ez-toc-link ez-toc-heading-7\" href=\"https:\/\/idecesos.com\/seguros\/companias\/nuez\/telefono\/#Redes_sociales_de_Nuez\" >Redes sociales de Nuez<\/a><\/li><li class='ez-toc-page-1 ez-toc-heading-level-3'><a class=\"ez-toc-link ez-toc-heading-8\" href=\"https:\/\/idecesos.com\/seguros\/companias\/nuez\/telefono\/#Paginas_relacionadas\" >P\u00e1ginas relacionadas<\/a><\/li><\/ul><\/li><\/ul><\/nav><\/div>\n\n<div class=\"caja\">\n<div class=\"cajaIcono2 \"  ><div class=\"cuadro\" style=\"box-shadow: inset 0 0 0 3px #ff790e\"><div class=\"iconoCircular\" style=\"border: 3px solid #ff790e\">\t\t\n\t\t\t\t\t<div class=\"iconoCirculo\">\n\t\t\t\t\t  <i class=\"fas fa-phone-volume\"><\/i>\n\t\t\t\t\t<\/div>\n\t\t\t\t<\/div><div class=\"\">\n<h4 style=\"text-align: center;\"><span class=\"ez-toc-section\" id=\"Telefono_Contrataciones_951_127_403\"><\/span><strong>Tel\u00e9fono Contrataciones<br \/>\n951 127 403<\/strong><span class=\"ez-toc-section-end\"><\/span><\/h4>\n<p><\/div><\/div><\/div><br \/>\nContar con Nuez es sencillo y no requiere ninguna complejidad gracias a los m\u00e9todos de contacto que tiene a su predisposici\u00f3n. Con cada una de las opciones, tendr\u00e1 una contestaci\u00f3n muy r\u00e1pida por la parte de los expertos asesores en su seguro de decesos y no tendr\u00e1 la necesidad de moverse del sitio. La compa\u00f1\u00eda es consciente del momento tan fr\u00e1gil que es la p\u00e9rdida de un ser querido, por lo que todo estar\u00e1 cerrado para cuando llegue el d\u00eda y cada uno de ellos de los profesionales tratar\u00e1n las cuestiones con la delicadeza y respeto que merece. La informaci\u00f3n que se le podr\u00e1 facilitar y cubrir sobre su seguro virar\u00e1 en torno a las diferentes coberturas (seguro dental, de traslado nacional e internacional del fallecido y de accidentes), indemnizaci\u00f3n diaria por hospitalizaci\u00f3n, ayuda psicol\u00f3gica, distintos servicios (de testamento, l\u00fagubre) y otros m\u00e1s.<br \/>\n<\/div><\/p>\n<div class=\"colorf \"  ><div class=\"container clearfix\"><div class=\"col-md-7\"><\/p>\n<h2><span class=\"ez-toc-section\" id=\"%C2%BFComo_contactar_con_Nuez\"><\/span>\u00bfC\u00f3mo contactar con Nuez?<span class=\"ez-toc-section-end\"><\/span><\/h2>\n<p>La forma gratuita de contactar con Nuez es a trav\u00e9s de su tel\u00e9fono de contacto gratis, perfil en redes sociales, web y direcci\u00f3n de mail.<br \/>\n<\/div><\/div><\/div>\n<h3><span class=\"ez-toc-section\" id=\"Telefono_gratuito_de_Nuez\"><\/span>Tel\u00e9fono gratuito de Nuez<span class=\"ez-toc-section-end\"><\/span><\/h3>\n<p>Para poder aconsejarle y responder a sus dudas, cuestiones, etc\u00e9terasobre su seguro de decesos, es preciso tener un n\u00famero de contacto que sirva de uni\u00f3n entre el usuario y la compa\u00f1\u00eda. Al no saber cu\u00e1nto puede perdurar la conversaci\u00f3n, sus dudas o bien explicaciones, es la manera m\u00e1s f\u00e1cil de sostener contacto con el profesional y, de este modo, va a tener una comunicaci\u00f3n m\u00e1s pr\u00f3xima. Con el siguiente tel\u00e9fono <strong>917 700 700<\/strong> no deber\u00e1s moverte de donde est\u00e9s para poder efectuar la llamada y hablar con alg\u00fan miembro de Nuez r\u00e1pida y gratis.<br \/>\n<div class=\"colorf\"><div class=\"container clearfix\"><div class=\"col-md-7\"><\/p>\n<div class=\"cabecera_tabla_ajustada \"  style=\"width:80%\" ><div class=\"row\"><\/div>\n<p><div class=\"fila_tabla4 \"  ><div class=\"row\"><div class=\"col-8 nosepara izq\"><p><strong>Tel\u00e9fono para contrataciones<\/strong><\/p><\/div><div class=\"col-4 nosepara centro\">951 127 403<\/div><\/div><\/div><div class=\"fila_tabla4 \"  ><div class=\"row\"><div class=\"col-8 nosepara izq\"><p><strong>Tel\u00e9fono Siniestros<\/strong><\/p><\/div><div class=\"col-4 nosepara centro\">900 404 032<\/div><\/div><\/div><\/p>\n<div class=\"pie_tabla \"  ><div class=\"row\"><div class=\"col-12 \"><\/div><\/div><\/div><\/div>\n<\/div><\/div><\/div>\n<h3><span class=\"ez-toc-section\" id=\"Horario_de_atencion_al_cliente_de_Nuez\"><\/span>Horario de atenci\u00f3n al cliente de Nuez<span class=\"ez-toc-section-end\"><\/span><\/h3>\n<p>Al usuario se le da por parte de Nuez un horario flexible de atenci\u00f3n al usuario a fin de que pueda solucionar sus dudas. Gracias a esto, sus agente van a poder asistirle siempre que lo necesite. El agente que le atender\u00e1 le hablar\u00e1 de forma clara y f\u00e1cil a fin de que haya un comprensi\u00f3n mutuo. Cuando lo necesite, la llamada va a ser desviada para solucionar todas sus dudas y preguntas que resolver\u00e1 un agente experto en el tema de seguro de decesos. Finalizada la llamada, tendr\u00e1 contestaci\u00f3n a sus preguntas y va a estar contento con el trato recibido por la parte del personal.<br \/>\n<div class=\"colorf\"><div class=\"container clearfix\"><div class=\"col-md-7\"><\/p>\n<h3><span class=\"ez-toc-section\" id=\"Correo_electronico_de_Nuez\"><\/span>Correo electr\u00f3nico de Nuez<span class=\"ez-toc-section-end\"><\/span><\/h3>\n<p>En la actualidad, nuestra sociedad est\u00e1 sumergida en el planeta de Internet. La gente es siendo consciente de ello de ah\u00ed que tienen diferentes cuentas en plataformas como Gmail, Hotmail&#8230; Nuez asimismo se ha sumado a este movimiento poniendo a su disposici\u00f3n el pr\u00f3ximo correo <strong>gestiondeaccidentes@nuez.es<\/strong>. Debido a que es uno de los m\u00e9todos m\u00e1s veloces y sencillos para enviar y recibir informaci\u00f3n, cualquier consulta o duda que tenga sobre su seguro de decesos, un profesional en el tema de la compa\u00f1\u00eda le atender\u00e1 y responder\u00e1 con un lenguaje claro y breve, con el objetivo de un buen entendimiento y, reflejando de esta forma, la experiencia y profesionalidad que poseen.<br \/>\n<\/div><\/div><\/div><\/p>\n<h3><span class=\"ez-toc-section\" id=\"Formulario_en_el_sitio_Web_de_Nuez\"><\/span>Formulario en el sitio Web de Nuez<span class=\"ez-toc-section-end\"><\/span><\/h3>\n<p>La mayor\u00eda de la poblaci\u00f3n tiene acceso a la plataforma con m\u00e1s repercusi\u00f3n, los buscadores web de Internet. Todas las contestaciones a sus preguntas las hallar\u00e1 tecleando una simple palabra. Nuez, por medio de su p\u00e1gina web, le informar\u00e1 de forma gratuita, sobre diferentes cuestiones en torno a su seguro de decesos: recomendaciones, ventajas\u2026As\u00ed, va a recoger extensas notas para un asesoramiento de cara al futuro. En dependencia de las peculiaridades que desee obtener, tendr\u00e1 unas garant\u00edas u otras, puesto que la informaci\u00f3n dada en la web es general. La web es la siguiente <strong>www.nuez.es\/index.php<\/strong>.<br \/>\n<div class=\"colorf\"><div class=\"container clearfix\"><div class=\"col-md-7\"><\/p>\n<h3><span class=\"ez-toc-section\" id=\"Redes_sociales_de_Nuez\"><\/span>Redes sociales de Nuez<span class=\"ez-toc-section-end\"><\/span><\/h3>\n<p>Actualmente, las redes sociales como Twitter, Facebook, Instagram\u2026 tienen gran relevancia para la mayor\u00eda de la poblaci\u00f3n y es, una de las herramientas con m\u00e1s difusi\u00f3n y alcance del planeta. Es muy habitual que, cada persona, tenga alguna de ellas o bien aun todas. En alguna de estas apps Nuez tiene una cuenta. En cada perfil, vas a poder hallar informaci\u00f3n ofertas, localizaci\u00f3n de la sede central, im\u00e1genes, v\u00eddeos y contenido auxiliar sobre la compa\u00f1\u00eda. Aun, en alguna de ellas, es posible ponerte en contacto con la compa\u00f1\u00eda, sin tener la necesidad de llamar o enviar un e-mail si de esta manera lo desea.<br \/>\n<\/div><\/div><\/div><\/p>\n<\/div>\n<p><div class=\"oficinas\"> <h3><span class=\"ez-toc-section\" id=\"Paginas_relacionadas\"><\/span>P\u00e1ginas relacionadas<span class=\"ez-toc-section-end\"><\/span><\/h3><div class=\"enlazado\"><ul> <li><a href=\"https:\/\/idecesos.com\/seguros\/companias\/nuez\/opiniones\/\">Opiniones Nuez<\/a><\/li> <li><a href=\"https:\/\/idecesos.com\/seguros\/companias\/nuez\/precio\/\">Precio seguro Nuez<\/a><\/li> <li><a href=\"https:\/\/idecesos.com\/seguros\/companias\/nuez\/prima-mixta\/\">Nuez Prima Mixta<\/a><\/li> <li><a href=\"https:\/\/idecesos.com\/seguros\/companias\/nuez\/prima-natural\/\">Nuez Prima Natural<\/a><\/li> <li><a href=\"https:\/\/idecesos.com\/seguros\/companias\/nuez\/prima-nivelada\/\">Nuez Prima Nivelada<\/a><\/li> <li><a href=\"https:\/\/idecesos.com\/seguros\/companias\/nuez\/prima-unica\/\">Nuez Prima \u00danica<\/a><\/li> <li><a href=\"https:\/\/idecesos.com\/seguros\/companias\/nuez\/repatriacion\/\">Nuez Repatriaci\u00f3n<\/a><\/li> <li><a href=\"https:\/\/idecesos.com\/seguros\/companias\/nuez\/telefono\/\">Tel\u00e9fono Gratuito Nuez<\/a><\/li><\/ul><\/div> <\/div><\/p>\n","protected":false},"excerpt":{"rendered":"<p>Contar con Nuez es sencillo y no requiere ninguna complejidad gracias a los m\u00e9todos de contacto que tiene a su predisposici\u00f3n. Con cada una de las opciones, tendr\u00e1 una contestaci\u00f3n muy r\u00e1pida por la parte de los expertos asesores en su seguro de decesos y no tendr\u00e1 la necesidad de moverse del sitio. La compa\u00f1\u00eda&hellip; <\/p>\n","protected":false},"author":1,"featured_media":0,"parent":775,"menu_order":0,"comment_status":"closed","ping_status":"closed","template":"single.php","meta":{"footnotes":""},"class_list":["post-15426","page","type-page","status-publish","hentry"],"yoast_head":"<!-- This site is optimized with the Yoast SEO plugin v27.5 - https:\/\/yoast.com\/product\/yoast-seo-wordpress\/ -->\n<title>Tel\u00e9fono Gratuito Nuez \u25b7Atenci\u00f3n Cliente, Email, RRSS, Web<\/title>\n<meta name=\"description\" content=\"Busca aqu\u00ed\u3010Nuez seguros tel\u00e9fono gratuito\u3011Nuez Decesos tel\u00e9fono gratis: atenci\u00f3n al cliente y contrataciones \u2611\ufe0fVerificado en 2026\" \/>\n<meta name=\"robots\" content=\"index, follow, max-snippet:-1, max-image-preview:large, max-video-preview:-1\" \/>\n<link rel=\"canonical\" href=\"https:\/\/idecesos.com\/seguros\/companias\/nuez\/telefono\/\" \/>\n<meta property=\"og:locale\" content=\"es_ES\" \/>\n<meta property=\"og:type\" content=\"article\" \/>\n<meta property=\"og:title\" content=\"Tel\u00e9fono Gratuito Nuez \u25b7Atenci\u00f3n Cliente, Email, RRSS, Web\" \/>\n<meta property=\"og:description\" content=\"Busca aqu\u00ed\u3010Nuez seguros tel\u00e9fono gratuito\u3011Nuez Decesos tel\u00e9fono gratis: atenci\u00f3n al cliente y contrataciones \u2611\ufe0fVerificado en 2026\" \/>\n<meta property=\"og:url\" content=\"https:\/\/idecesos.com\/seguros\/companias\/nuez\/telefono\/\" \/>\n<meta property=\"article:modified_time\" content=\"2022-04-07T07:55:31+00:00\" \/>\n<meta name=\"twitter:card\" content=\"summary_large_image\" \/>\n<meta name=\"twitter:label1\" content=\"Tiempo de lectura\" \/>\n\t<meta name=\"twitter:data1\" content=\"4 minutos\" \/>\n<script type=\"application\/ld+json\" class=\"yoast-schema-graph\">{\"@context\":\"https:\\\/\\\/schema.org\",\"@graph\":[{\"@type\":\"WebPage\",\"@id\":\"https:\\\/\\\/idecesos.com\\\/seguros\\\/companias\\\/nuez\\\/telefono\\\/\",\"url\":\"https:\\\/\\\/idecesos.com\\\/seguros\\\/companias\\\/nuez\\\/telefono\\\/\",\"name\":\"Tel\u00e9fono Gratuito Nuez \u25b7Atenci\u00f3n Cliente, Email, RRSS, Web\",\"isPartOf\":{\"@id\":\"https:\\\/\\\/idecesos.com\\\/seguros\\\/#website\"},\"datePublished\":\"2021-11-25T10:17:43+00:00\",\"dateModified\":\"2022-04-07T07:55:31+00:00\",\"description\":\"Busca aqu\u00ed\u3010Nuez seguros tel\u00e9fono gratuito\u3011Nuez Decesos tel\u00e9fono gratis: atenci\u00f3n al cliente y contrataciones \u2611\ufe0fVerificado en 2026\",\"breadcrumb\":{\"@id\":\"https:\\\/\\\/idecesos.com\\\/seguros\\\/companias\\\/nuez\\\/telefono\\\/#breadcrumb\"},\"inLanguage\":\"es\",\"potentialAction\":[{\"@type\":\"ReadAction\",\"target\":[\"https:\\\/\\\/idecesos.com\\\/seguros\\\/companias\\\/nuez\\\/telefono\\\/\"]}]},{\"@type\":\"BreadcrumbList\",\"@id\":\"https:\\\/\\\/idecesos.com\\\/seguros\\\/companias\\\/nuez\\\/telefono\\\/#breadcrumb\",\"itemListElement\":[{\"@type\":\"ListItem\",\"position\":1,\"name\":\"Portada\",\"item\":\"https:\\\/\\\/idecesos.com\\\/seguros\\\/\"},{\"@type\":\"ListItem\",\"position\":2,\"name\":\"Compa\u00f1\u00edas de Seguros de Decesos en Espa\u00f1a\",\"item\":\"https:\\\/\\\/idecesos.com\\\/seguros\\\/companias\\\/\"},{\"@type\":\"ListItem\",\"position\":3,\"name\":\"Seguro de decesos Nuez\",\"item\":\"https:\\\/\\\/idecesos.com\\\/seguros\\\/companias\\\/nuez\\\/\"},{\"@type\":\"ListItem\",\"position\":4,\"name\":\"Atenci\u00f3n al cliente Nuez: telefono gratuito, e-mail\"}]},{\"@type\":\"WebSite\",\"@id\":\"https:\\\/\\\/idecesos.com\\\/seguros\\\/#website\",\"url\":\"https:\\\/\\\/idecesos.com\\\/seguros\\\/\",\"name\":\"\",\"description\":\"\",\"potentialAction\":[{\"@type\":\"SearchAction\",\"target\":{\"@type\":\"EntryPoint\",\"urlTemplate\":\"https:\\\/\\\/idecesos.com\\\/seguros\\\/?s={search_term_string}\"},\"query-input\":{\"@type\":\"PropertyValueSpecification\",\"valueRequired\":true,\"valueName\":\"search_term_string\"}}],\"inLanguage\":\"es\"}]}<\/script>\n<!-- \/ Yoast SEO plugin. -->","yoast_head_json":{"title":"Tel\u00e9fono Gratuito Nuez \u25b7Atenci\u00f3n Cliente, Email, RRSS, Web","description":"Busca aqu\u00ed\u3010Nuez seguros tel\u00e9fono gratuito\u3011Nuez Decesos tel\u00e9fono gratis: atenci\u00f3n al cliente y contrataciones \u2611\ufe0fVerificado en 2026","robots":{"index":"index","follow":"follow","max-snippet":"max-snippet:-1","max-image-preview":"max-image-preview:large","max-video-preview":"max-video-preview:-1"},"canonical":"https:\/\/idecesos.com\/seguros\/companias\/nuez\/telefono\/","og_locale":"es_ES","og_type":"article","og_title":"Tel\u00e9fono Gratuito Nuez \u25b7Atenci\u00f3n Cliente, Email, RRSS, Web","og_description":"Busca aqu\u00ed\u3010Nuez seguros tel\u00e9fono gratuito\u3011Nuez Decesos tel\u00e9fono gratis: atenci\u00f3n al cliente y contrataciones \u2611\ufe0fVerificado en 2026","og_url":"https:\/\/idecesos.com\/seguros\/companias\/nuez\/telefono\/","article_modified_time":"2022-04-07T07:55:31+00:00","twitter_card":"summary_large_image","twitter_misc":{"Tiempo de lectura":"4 minutos"},"schema":{"@context":"https:\/\/schema.org","@graph":[{"@type":"WebPage","@id":"https:\/\/idecesos.com\/seguros\/companias\/nuez\/telefono\/","url":"https:\/\/idecesos.com\/seguros\/companias\/nuez\/telefono\/","name":"Tel\u00e9fono Gratuito Nuez \u25b7Atenci\u00f3n Cliente, Email, RRSS, Web","isPartOf":{"@id":"https:\/\/idecesos.com\/seguros\/#website"},"datePublished":"2021-11-25T10:17:43+00:00","dateModified":"2022-04-07T07:55:31+00:00","description":"Busca aqu\u00ed\u3010Nuez seguros tel\u00e9fono gratuito\u3011Nuez Decesos tel\u00e9fono gratis: atenci\u00f3n al cliente y contrataciones \u2611\ufe0fVerificado en 2026","breadcrumb":{"@id":"https:\/\/idecesos.com\/seguros\/companias\/nuez\/telefono\/#breadcrumb"},"inLanguage":"es","potentialAction":[{"@type":"ReadAction","target":["https:\/\/idecesos.com\/seguros\/companias\/nuez\/telefono\/"]}]},{"@type":"BreadcrumbList","@id":"https:\/\/idecesos.com\/seguros\/companias\/nuez\/telefono\/#breadcrumb","itemListElement":[{"@type":"ListItem","position":1,"name":"Portada","item":"https:\/\/idecesos.com\/seguros\/"},{"@type":"ListItem","position":2,"name":"Compa\u00f1\u00edas de Seguros de Decesos en Espa\u00f1a","item":"https:\/\/idecesos.com\/seguros\/companias\/"},{"@type":"ListItem","position":3,"name":"Seguro de decesos Nuez","item":"https:\/\/idecesos.com\/seguros\/companias\/nuez\/"},{"@type":"ListItem","position":4,"name":"Atenci\u00f3n al cliente Nuez: telefono gratuito, e-mail"}]},{"@type":"WebSite","@id":"https:\/\/idecesos.com\/seguros\/#website","url":"https:\/\/idecesos.com\/seguros\/","name":"","description":"","potentialAction":[{"@type":"SearchAction","target":{"@type":"EntryPoint","urlTemplate":"https:\/\/idecesos.com\/seguros\/?s={search_term_string}"},"query-input":{"@type":"PropertyValueSpecification","valueRequired":true,"valueName":"search_term_string"}}],"inLanguage":"es"}]}},"_links":{"self":[{"href":"https:\/\/idecesos.com\/seguros\/wp-json\/wp\/v2\/pages\/15426","targetHints":{"allow":["GET"]}}],"collection":[{"href":"https:\/\/idecesos.com\/seguros\/wp-json\/wp\/v2\/pages"}],"about":[{"href":"https:\/\/idecesos.com\/seguros\/wp-json\/wp\/v2\/types\/page"}],"author":[{"embeddable":true,"href":"https:\/\/idecesos.com\/seguros\/wp-json\/wp\/v2\/users\/1"}],"replies":[{"embeddable":true,"href":"https:\/\/idecesos.com\/seguros\/wp-json\/wp\/v2\/comments?post=15426"}],"version-history":[{"count":8,"href":"https:\/\/idecesos.com\/seguros\/wp-json\/wp\/v2\/pages\/15426\/revisions"}],"predecessor-version":[{"id":21038,"href":"https:\/\/idecesos.com\/seguros\/wp-json\/wp\/v2\/pages\/15426\/revisions\/21038"}],"up":[{"embeddable":true,"href":"https:\/\/idecesos.com\/seguros\/wp-json\/wp\/v2\/pages\/775"}],"wp:attachment":[{"href":"https:\/\/idecesos.com\/seguros\/wp-json\/wp\/v2\/media?parent=15426"}],"curies":[{"name":"wp","href":"https:\/\/api.w.org\/{rel}","templated":true}]}}