{"id":15428,"date":"2021-11-26T09:13:00","date_gmt":"2021-11-25T10:17:44","guid":{"rendered":"https:\/\/idecesos.com\/seguros\/companias\/universal-prevision\/telefono\/"},"modified":"2022-04-07T08:50:02","modified_gmt":"2022-04-07T08:50:02","slug":"telefono","status":"publish","type":"page","link":"https:\/\/idecesos.com\/seguros\/companias\/universal-prevision\/telefono\/","title":{"rendered":"Atenci\u00f3n al cliente Universal Prevision: telefono gratuito, e-mail"},"content":{"rendered":"<div id=\"ez-toc-container\" class=\"ez-toc-v2_0_82_2 ez-toc-wrap-center counter-hierarchy ez-toc-counter ez-toc-custom ez-toc-container-direction\">\n<div class=\"ez-toc-title-container\">\n<p class=\"ez-toc-title\" style=\"cursor:inherit\">Tabla de Contenido<\/p>\n<span class=\"ez-toc-title-toggle\"><a href=\"#\" class=\"ez-toc-pull-right ez-toc-btn ez-toc-btn-xs ez-toc-btn-default ez-toc-toggle\" aria-label=\"Alternar tabla de contenidos\"><span class=\"ez-toc-js-icon-con\"><span class=\"\"><span class=\"eztoc-hide\" style=\"display:none;\">Toggle<\/span><span class=\"ez-toc-icon-toggle-span\"><svg style=\"fill: #db6415;color:#db6415\" xmlns=\"http:\/\/www.w3.org\/2000\/svg\" class=\"list-377408\" width=\"20px\" height=\"20px\" viewBox=\"0 0 24 24\" fill=\"none\"><path d=\"M6 6H4v2h2V6zm14 0H8v2h12V6zM4 11h2v2H4v-2zm16 0H8v2h12v-2zM4 16h2v2H4v-2zm16 0H8v2h12v-2z\" fill=\"currentColor\"><\/path><\/svg><svg style=\"fill: #db6415;color:#db6415\" class=\"arrow-unsorted-368013\" xmlns=\"http:\/\/www.w3.org\/2000\/svg\" width=\"10px\" height=\"10px\" viewBox=\"0 0 24 24\" version=\"1.2\" baseProfile=\"tiny\"><path d=\"M18.2 9.3l-6.2-6.3-6.2 6.3c-.2.2-.3.4-.3.7s.1.5.3.7c.2.2.4.3.7.3h11c.3 0 .5-.1.7-.3.2-.2.3-.5.3-.7s-.1-.5-.3-.7zM5.8 14.7l6.2 6.3 6.2-6.3c.2-.2.3-.5.3-.7s-.1-.5-.3-.7c-.2-.2-.4-.3-.7-.3h-11c-.3 0-.5.1-.7.3-.2.2-.3.5-.3.7s.1.5.3.7z\"\/><\/svg><\/span><\/span><\/span><\/a><\/span><\/div>\n<nav><ul class='ez-toc-list ez-toc-list-level-1 ' ><ul class='ez-toc-list-level-4' ><li class='ez-toc-heading-level-4'><ul class='ez-toc-list-level-4' ><li class='ez-toc-heading-level-4'><a class=\"ez-toc-link ez-toc-heading-1\" href=\"https:\/\/idecesos.com\/seguros\/companias\/universal-prevision\/telefono\/#Telefono_Contrataciones_951_127_403\" >Tel\u00e9fono Contrataciones \n951 127 403<\/a><\/li><\/ul><\/li><\/ul><\/li><li class='ez-toc-page-1 ez-toc-heading-level-2'><a class=\"ez-toc-link ez-toc-heading-2\" href=\"https:\/\/idecesos.com\/seguros\/companias\/universal-prevision\/telefono\/#%C2%BFComo_contactar_con_Universal_Prevision\" >\u00bfC\u00f3mo contactar con Universal Prevision?<\/a><ul class='ez-toc-list-level-3' ><li class='ez-toc-heading-level-3'><a class=\"ez-toc-link ez-toc-heading-3\" href=\"https:\/\/idecesos.com\/seguros\/companias\/universal-prevision\/telefono\/#Telefono_gratuito_de_Universal_Prevision\" >Tel\u00e9fono gratuito de Universal Prevision<\/a><\/li><li class='ez-toc-page-1 ez-toc-heading-level-3'><a class=\"ez-toc-link ez-toc-heading-4\" href=\"https:\/\/idecesos.com\/seguros\/companias\/universal-prevision\/telefono\/#Horario_de_atencion_al_cliente_de_Universal_Prevision\" >Horario de atenci\u00f3n al cliente de Universal Prevision<\/a><\/li><li class='ez-toc-page-1 ez-toc-heading-level-3'><a class=\"ez-toc-link ez-toc-heading-5\" href=\"https:\/\/idecesos.com\/seguros\/companias\/universal-prevision\/telefono\/#Correo_electronico_de_Universal_Prevision\" >Correo electr\u00f3nico de Universal Prevision<\/a><\/li><li class='ez-toc-page-1 ez-toc-heading-level-3'><a class=\"ez-toc-link ez-toc-heading-6\" href=\"https:\/\/idecesos.com\/seguros\/companias\/universal-prevision\/telefono\/#Formulario_en_el_sitio_Web_de_Universal_Prevision\" >Formulario en el sitio Web de Universal Prevision<\/a><\/li><li class='ez-toc-page-1 ez-toc-heading-level-3'><a class=\"ez-toc-link ez-toc-heading-7\" href=\"https:\/\/idecesos.com\/seguros\/companias\/universal-prevision\/telefono\/#Redes_sociales_de_Universal_Prevision\" >Redes sociales de Universal Prevision<\/a><\/li><li class='ez-toc-page-1 ez-toc-heading-level-3'><a class=\"ez-toc-link ez-toc-heading-8\" href=\"https:\/\/idecesos.com\/seguros\/companias\/universal-prevision\/telefono\/#Paginas_relacionadas\" >P\u00e1ginas relacionadas<\/a><\/li><\/ul><\/li><\/ul><\/nav><\/div>\n\n<div class=\"caja\">\n<div class=\"cajaIcono2 \"  ><div class=\"cuadro\" style=\"box-shadow: inset 0 0 0 3px #ff790e\"><div class=\"iconoCircular\" style=\"border: 3px solid #ff790e\">\t\t\n\t\t\t\t\t<div class=\"iconoCirculo\">\n\t\t\t\t\t  <i class=\"fas fa-phone-volume\"><\/i>\n\t\t\t\t\t<\/div>\n\t\t\t\t<\/div><div class=\"\">\n<h4 style=\"text-align: center;\"><span class=\"ez-toc-section\" id=\"Telefono_Contrataciones_951_127_403\"><\/span><strong>Tel\u00e9fono Contrataciones<br \/>\n951 127 403<\/strong><span class=\"ez-toc-section-end\"><\/span><\/h4>\n<p><\/div><\/div><\/div><br \/>\nLa atenci\u00f3n veinticuatro horas de Universal Prevision los 365 d\u00edas del a\u00f1o hacen que todos tus problemas se solucionen en minutos. Un agente experto en su seguro de decesos le atender\u00e1 y pondr\u00e1 en marcha todos y cada uno de los tr\u00e1mites necesarios para su tranquilidad: elecci\u00f3n del camposanto donde el asegurado quiera ser inhumado, administraci\u00f3n de la tramitaci\u00f3n funeraria, la corona que quiera escoger, los gastos en ata\u00fad y sanitarios, atenci\u00f3n sicol\u00f3gica para la familia y otros muchos servicios de la mano de los mejores profesionales. Universal Prevision simpatiza con los familiares cuando llegue el d\u00eda tan duro como es la p\u00e9rdida de un familiar y, es por ello que, todo va a estar gestionado y cerrado adecuadamente para esas datas. Sus expertos van a tratar su situaci\u00f3n con toda la profesionalidad y delicadez que merecen.<br \/>\n<\/div><\/p>\n<div class=\"colorf \"  ><div class=\"container clearfix\"><div class=\"col-md-7\"><\/p>\n<h2><span class=\"ez-toc-section\" id=\"%C2%BFComo_contactar_con_Universal_Prevision\"><\/span>\u00bfC\u00f3mo contactar con Universal Prevision?<span class=\"ez-toc-section-end\"><\/span><\/h2>\n<p>Universal Prevision te ofrece m\u00faltiples formas f\u00e1ciles de contactar con ellos. Tiene varias opciones de contacto: tel\u00e9fono gratuito, mail, un formulario que vas a poder rellenar a trav\u00e9s de su p\u00e1gina web o bien sus redes sociales.<br \/>\n<\/div><\/div><\/div>\n<h3><span class=\"ez-toc-section\" id=\"Telefono_gratuito_de_Universal_Prevision\"><\/span>Tel\u00e9fono gratuito de Universal Prevision<span class=\"ez-toc-section-end\"><\/span><\/h3>\n<p>El usuario debe tener la sencillez de poder sostener una conversaci\u00f3n directa con la compa\u00f1\u00eda y, es por esta raz\u00f3n que, se le facilita el siguiente tel\u00e9fono de contacto, totalmente gratuito, <strong>935 12 61 11<\/strong>. Pensando en sus necesidades, efectuar esa llamada le llevar\u00e1 a un mundo lleno de contestaciones, sobre cualquier pregunta que tenga acerca de su seguro de decesos. No importa el tiempo que transcurra del comienzo de la llamada hasta su final, no tendr\u00e1 ning\u00fan tipo de costo. Es por ello que, resulta el m\u00e9todo m\u00e1s ventajoso y f\u00e1cil por el contacto directo que se establece con el consultor.<br \/>\n<div class=\"colorf\"><div class=\"container clearfix\"><div class=\"col-md-7\"><\/p>\n<div class=\"cabecera_tabla_ajustada \"  style=\"width:80%\" ><div class=\"row\"><\/div>\n<div class=\"fila_tabla4 \"  ><div class=\"row\"><div class=\"col-8 nosepara izq\"><p><strong>Tel\u00e9fono para contrataciones<\/strong><\/p><\/div><div class=\"col-4 nosepara centro\">951 127 403<\/div><\/div><\/div>\n<div class=\"pie_tabla \"  ><div class=\"row\"><div class=\"col-12 \"><\/div><\/div><\/div><\/div>\n<\/div><\/div><\/div>\n<h3><span class=\"ez-toc-section\" id=\"Horario_de_atencion_al_cliente_de_Universal_Prevision\"><\/span>Horario de atenci\u00f3n al cliente de Universal Prevision<span class=\"ez-toc-section-end\"><\/span><\/h3>\n<p>Universal Prevision ofrece un horario variad\u00edsimo para que pueda ponerse en contacto con ellos en cualquier momento del d\u00eda y as\u00ed puede solventar sus dudas en su tiempo libre sin tener que preocuparse por nada. Ser\u00e1 atendido por una persona que le va a pasar con un agente especialista en seguro de decesos con el que va a poder resolver todas las cuestiones que se le ocurran y que le va a ayudar a solventar todos sus inconvenientes. Gracias a este servicio quedar\u00e1n resueltas todas sus dudas.<br \/>\n<div class=\"colorf\"><div class=\"container clearfix\"><div class=\"col-md-7\"><\/p>\n<h3><span class=\"ez-toc-section\" id=\"Correo_electronico_de_Universal_Prevision\"><\/span>Correo electr\u00f3nico de Universal Prevision<span class=\"ez-toc-section-end\"><\/span><\/h3>\n<p>En nuestros d\u00edas, nuestra sociedad est\u00e1 inmersa en el planeta de internet. La poblaci\u00f3n es siendo consciente de ello, por lo que tienen en su poder perfiles en diferentes plataformas como Hotmail, Gmail\u2026 Universal Prevision no se queda atr\u00e1s, tiene a su predisposici\u00f3n el pr\u00f3ximo mail <strong>contacto@universalprevision.com<\/strong>. Gracias a la rapidez y sencillez de mandar un correo, los agentes de Universal Prevision se pondr\u00e1n en contacto con los m\u00e1s veloz posible para resolverle sus dudas sobre su seguro de decesos y mandarle toda la informaci\u00f3n que necesite de la forma m\u00e1s clara y breve que tengan a fin de que ella un buen entendimiento por ambas partes.<br \/>\n<\/div><\/div><\/div><\/p>\n<h3><span class=\"ez-toc-section\" id=\"Formulario_en_el_sitio_Web_de_Universal_Prevision\"><\/span>Formulario en el sitio Web de Universal Prevision<span class=\"ez-toc-section-end\"><\/span><\/h3>\n<p>Acudir a los buscadores web de Internet para localizar respuestas a tus preguntas es, actualmente, uno de los actos m\u00e1s frecuentes. Esto es de este modo por la globalizaci\u00f3n de la plataforma y por el enorme alance que tiene. Por lo que todo el mundo la emplea. Tecleando en Google Universal Prevision podr\u00e1s localizar toda la informaci\u00f3n sobre su seguro de decesos mediante su p\u00e1gina <strong>universalprevision.org\/<\/strong>. Toda la informaci\u00f3n que encontrar\u00e1s virar\u00e1 en torno a las distintas coberturas, precios y ventajas que tienen sus servicios a fin de que puedas conseguir toda la informaci\u00f3n precisa ya antes del asesoramiento. En la p\u00e1gina web de Universal Prevision hallar\u00e1s un formulario que deber\u00e1s rellenar con sus datos apartados como nombre y apellidos, correo electr\u00f3nico, n\u00famero de tel\u00e9fono&#8230; para que el agente especialista en el tema pueda solucionar sus preguntas y cuestiones lo m\u00e1s veloz posible.<br \/>\n<div class=\"colorf\"><div class=\"container clearfix\"><div class=\"col-md-7\"><\/p>\n<h3><span class=\"ez-toc-section\" id=\"Redes_sociales_de_Universal_Prevision\"><\/span>Redes sociales de Universal Prevision<span class=\"ez-toc-section-end\"><\/span><\/h3>\n<p>Fb, Twitter o Instagram son parte de las herramientas con m\u00e1s difusi\u00f3n a nivel del mundo y de las que son part\u00edcipes la mayor parte de personas. Universal Prevision est\u00e1 al tanto de esto. Saber qui\u00e9nes forman parte de la compa\u00f1\u00eda, contactar o bien hallar informaci\u00f3n podr\u00e1 hacerlo a trav\u00e9s de sus plataformas disponibles. Buscando su nombre, hallar\u00e1 el perfil y va a acceder a la informaci\u00f3n. En \u00e9l, le ser\u00e1 posible ver im\u00e1genes, conocer la localizaci\u00f3n de su sede oficial, acceder al link directo de su p\u00e1gina web y contactar con la compa\u00f1\u00eda, sin tener que enviar un e-mail o bien llamar si no desea hacerlo en el instante.<br \/>\n<\/div><\/div><\/div><\/p>\n<\/div>\n<p><div class=\"oficinas\"> <h3><span class=\"ez-toc-section\" id=\"Paginas_relacionadas\"><\/span>P\u00e1ginas relacionadas<span class=\"ez-toc-section-end\"><\/span><\/h3><div class=\"enlazado\"><ul> <li><a href=\"https:\/\/idecesos.com\/seguros\/companias\/universal-prevision\/opiniones\/\">Opiniones Universal Previsi\u00f3n<\/a><\/li> <li><a href=\"https:\/\/idecesos.com\/seguros\/companias\/universal-prevision\/precio\/\">Precio seguro Universal Prevision<\/a><\/li> <li><a href=\"https:\/\/idecesos.com\/seguros\/companias\/universal-prevision\/prima-mixta\/\">Universal Prevision Prima Mixta<\/a><\/li> <li><a href=\"https:\/\/idecesos.com\/seguros\/companias\/universal-prevision\/prima-natural\/\">Universal Prevision Prima Natural<\/a><\/li> <li><a href=\"https:\/\/idecesos.com\/seguros\/companias\/universal-prevision\/prima-nivelada\/\">Universal Prevision Prima Nivelada<\/a><\/li> <li><a href=\"https:\/\/idecesos.com\/seguros\/companias\/universal-prevision\/prima-unica\/\">Universal Prevision Prima \u00danica<\/a><\/li> <li><a href=\"https:\/\/idecesos.com\/seguros\/companias\/universal-prevision\/repatriacion\/\">Universal Prevision Repatriaci\u00f3n<\/a><\/li> <li><a href=\"https:\/\/idecesos.com\/seguros\/companias\/universal-prevision\/telefono\/\">Tel\u00e9fono Gratuito Universal Prevision<\/a><\/li>                                                                                                                                                                                                                                                                                                                                                                                                                                                                                                                                                                                                                                                                                                                                                                                                                                                                                                                                                                                                                                                                                                                                                                                                                                                                                                                                                                                                                                                                                                                                                                                                                                                                                                                                                                                                                                                                                                                                                                                                                                                                                                                                                                                                                                                                                                                                                                                                                                                                                                                                                                                                                                                                                                                                                                                                                                                                                                                                                                                                                                                                                                                              <\/ul><\/div> <\/div><\/p>\n","protected":false},"excerpt":{"rendered":"<p>La atenci\u00f3n veinticuatro horas de Universal Prevision los 365 d\u00edas del a\u00f1o hacen que todos tus problemas se solucionen en minutos. Un agente experto en su seguro de decesos le atender\u00e1 y pondr\u00e1 en marcha todos y cada uno de los tr\u00e1mites necesarios para su tranquilidad: elecci\u00f3n del camposanto donde el asegurado quiera ser inhumado,&hellip; <\/p>\n","protected":false},"author":1,"featured_media":0,"parent":849,"menu_order":0,"comment_status":"closed","ping_status":"closed","template":"single.php","meta":{"footnotes":""},"class_list":["post-15428","page","type-page","status-publish","hentry"],"yoast_head":"<!-- This site is optimized with the Yoast SEO plugin v27.3 - https:\/\/yoast.com\/product\/yoast-seo-wordpress\/ -->\n<title>Tel\u00e9fono Gratuito Universal Prevision \u25b7Atenci\u00f3n Cliente, Email, RRSS, Web<\/title>\n<meta name=\"description\" content=\"Busca aqu\u00ed\u3010Universal Prevision seguros tel\u00e9fono gratuito\u3011Universal Prevision Decesos tel\u00e9fono gratis: atenci\u00f3n al cliente y contrataciones \u2611\ufe0fVerificado en 2026\" \/>\n<meta name=\"robots\" content=\"index, follow, max-snippet:-1, max-image-preview:large, max-video-preview:-1\" \/>\n<link rel=\"canonical\" href=\"https:\/\/idecesos.com\/seguros\/companias\/universal-prevision\/telefono\/\" \/>\n<meta property=\"og:locale\" content=\"es_ES\" \/>\n<meta property=\"og:type\" content=\"article\" \/>\n<meta property=\"og:title\" content=\"Tel\u00e9fono Gratuito Universal Prevision \u25b7Atenci\u00f3n Cliente, Email, RRSS, Web\" \/>\n<meta property=\"og:description\" content=\"Busca aqu\u00ed\u3010Universal Prevision seguros tel\u00e9fono gratuito\u3011Universal Prevision Decesos tel\u00e9fono gratis: atenci\u00f3n al cliente y contrataciones \u2611\ufe0fVerificado en 2026\" \/>\n<meta property=\"og:url\" content=\"https:\/\/idecesos.com\/seguros\/companias\/universal-prevision\/telefono\/\" \/>\n<meta property=\"article:modified_time\" content=\"2022-04-07T08:50:02+00:00\" \/>\n<meta name=\"twitter:card\" content=\"summary_large_image\" \/>\n<meta name=\"twitter:label1\" content=\"Tiempo de lectura\" \/>\n\t<meta name=\"twitter:data1\" content=\"4 minutos\" \/>\n<script type=\"application\/ld+json\" class=\"yoast-schema-graph\">{\"@context\":\"https:\\\/\\\/schema.org\",\"@graph\":[{\"@type\":\"WebPage\",\"@id\":\"https:\\\/\\\/idecesos.com\\\/seguros\\\/companias\\\/universal-prevision\\\/telefono\\\/\",\"url\":\"https:\\\/\\\/idecesos.com\\\/seguros\\\/companias\\\/universal-prevision\\\/telefono\\\/\",\"name\":\"Tel\u00e9fono Gratuito Universal Prevision \u25b7Atenci\u00f3n Cliente, Email, RRSS, Web\",\"isPartOf\":{\"@id\":\"https:\\\/\\\/idecesos.com\\\/seguros\\\/#website\"},\"datePublished\":\"2021-11-25T10:17:44+00:00\",\"dateModified\":\"2022-04-07T08:50:02+00:00\",\"description\":\"Busca aqu\u00ed\u3010Universal Prevision seguros tel\u00e9fono gratuito\u3011Universal Prevision Decesos tel\u00e9fono gratis: atenci\u00f3n al cliente y contrataciones \u2611\ufe0fVerificado en 2026\",\"breadcrumb\":{\"@id\":\"https:\\\/\\\/idecesos.com\\\/seguros\\\/companias\\\/universal-prevision\\\/telefono\\\/#breadcrumb\"},\"inLanguage\":\"es\",\"potentialAction\":[{\"@type\":\"ReadAction\",\"target\":[\"https:\\\/\\\/idecesos.com\\\/seguros\\\/companias\\\/universal-prevision\\\/telefono\\\/\"]}]},{\"@type\":\"BreadcrumbList\",\"@id\":\"https:\\\/\\\/idecesos.com\\\/seguros\\\/companias\\\/universal-prevision\\\/telefono\\\/#breadcrumb\",\"itemListElement\":[{\"@type\":\"ListItem\",\"position\":1,\"name\":\"Portada\",\"item\":\"https:\\\/\\\/idecesos.com\\\/seguros\\\/\"},{\"@type\":\"ListItem\",\"position\":2,\"name\":\"Compa\u00f1\u00edas de Seguros de Decesos en Espa\u00f1a\",\"item\":\"https:\\\/\\\/idecesos.com\\\/seguros\\\/companias\\\/\"},{\"@type\":\"ListItem\",\"position\":3,\"name\":\"Seguro de decesos Universal Previsi\u00f3n\",\"item\":\"https:\\\/\\\/idecesos.com\\\/seguros\\\/companias\\\/universal-prevision\\\/\"},{\"@type\":\"ListItem\",\"position\":4,\"name\":\"Atenci\u00f3n al cliente Universal Prevision: telefono gratuito, e-mail\"}]},{\"@type\":\"WebSite\",\"@id\":\"https:\\\/\\\/idecesos.com\\\/seguros\\\/#website\",\"url\":\"https:\\\/\\\/idecesos.com\\\/seguros\\\/\",\"name\":\"\",\"description\":\"\",\"potentialAction\":[{\"@type\":\"SearchAction\",\"target\":{\"@type\":\"EntryPoint\",\"urlTemplate\":\"https:\\\/\\\/idecesos.com\\\/seguros\\\/?s={search_term_string}\"},\"query-input\":{\"@type\":\"PropertyValueSpecification\",\"valueRequired\":true,\"valueName\":\"search_term_string\"}}],\"inLanguage\":\"es\"}]}<\/script>\n<!-- \/ Yoast SEO plugin. -->","yoast_head_json":{"title":"Tel\u00e9fono Gratuito Universal Prevision \u25b7Atenci\u00f3n Cliente, Email, RRSS, Web","description":"Busca aqu\u00ed\u3010Universal Prevision seguros tel\u00e9fono gratuito\u3011Universal Prevision Decesos tel\u00e9fono gratis: atenci\u00f3n al cliente y contrataciones \u2611\ufe0fVerificado en 2026","robots":{"index":"index","follow":"follow","max-snippet":"max-snippet:-1","max-image-preview":"max-image-preview:large","max-video-preview":"max-video-preview:-1"},"canonical":"https:\/\/idecesos.com\/seguros\/companias\/universal-prevision\/telefono\/","og_locale":"es_ES","og_type":"article","og_title":"Tel\u00e9fono Gratuito Universal Prevision \u25b7Atenci\u00f3n Cliente, Email, RRSS, Web","og_description":"Busca aqu\u00ed\u3010Universal Prevision seguros tel\u00e9fono gratuito\u3011Universal Prevision Decesos tel\u00e9fono gratis: atenci\u00f3n al cliente y contrataciones \u2611\ufe0fVerificado en 2026","og_url":"https:\/\/idecesos.com\/seguros\/companias\/universal-prevision\/telefono\/","article_modified_time":"2022-04-07T08:50:02+00:00","twitter_card":"summary_large_image","twitter_misc":{"Tiempo de lectura":"4 minutos"},"schema":{"@context":"https:\/\/schema.org","@graph":[{"@type":"WebPage","@id":"https:\/\/idecesos.com\/seguros\/companias\/universal-prevision\/telefono\/","url":"https:\/\/idecesos.com\/seguros\/companias\/universal-prevision\/telefono\/","name":"Tel\u00e9fono Gratuito Universal Prevision \u25b7Atenci\u00f3n Cliente, Email, RRSS, Web","isPartOf":{"@id":"https:\/\/idecesos.com\/seguros\/#website"},"datePublished":"2021-11-25T10:17:44+00:00","dateModified":"2022-04-07T08:50:02+00:00","description":"Busca aqu\u00ed\u3010Universal Prevision seguros tel\u00e9fono gratuito\u3011Universal Prevision Decesos tel\u00e9fono gratis: atenci\u00f3n al cliente y contrataciones \u2611\ufe0fVerificado en 2026","breadcrumb":{"@id":"https:\/\/idecesos.com\/seguros\/companias\/universal-prevision\/telefono\/#breadcrumb"},"inLanguage":"es","potentialAction":[{"@type":"ReadAction","target":["https:\/\/idecesos.com\/seguros\/companias\/universal-prevision\/telefono\/"]}]},{"@type":"BreadcrumbList","@id":"https:\/\/idecesos.com\/seguros\/companias\/universal-prevision\/telefono\/#breadcrumb","itemListElement":[{"@type":"ListItem","position":1,"name":"Portada","item":"https:\/\/idecesos.com\/seguros\/"},{"@type":"ListItem","position":2,"name":"Compa\u00f1\u00edas de Seguros de Decesos en Espa\u00f1a","item":"https:\/\/idecesos.com\/seguros\/companias\/"},{"@type":"ListItem","position":3,"name":"Seguro de decesos Universal Previsi\u00f3n","item":"https:\/\/idecesos.com\/seguros\/companias\/universal-prevision\/"},{"@type":"ListItem","position":4,"name":"Atenci\u00f3n al cliente Universal Prevision: telefono gratuito, e-mail"}]},{"@type":"WebSite","@id":"https:\/\/idecesos.com\/seguros\/#website","url":"https:\/\/idecesos.com\/seguros\/","name":"","description":"","potentialAction":[{"@type":"SearchAction","target":{"@type":"EntryPoint","urlTemplate":"https:\/\/idecesos.com\/seguros\/?s={search_term_string}"},"query-input":{"@type":"PropertyValueSpecification","valueRequired":true,"valueName":"search_term_string"}}],"inLanguage":"es"}]}},"_links":{"self":[{"href":"https:\/\/idecesos.com\/seguros\/wp-json\/wp\/v2\/pages\/15428","targetHints":{"allow":["GET"]}}],"collection":[{"href":"https:\/\/idecesos.com\/seguros\/wp-json\/wp\/v2\/pages"}],"about":[{"href":"https:\/\/idecesos.com\/seguros\/wp-json\/wp\/v2\/types\/page"}],"author":[{"embeddable":true,"href":"https:\/\/idecesos.com\/seguros\/wp-json\/wp\/v2\/users\/1"}],"replies":[{"embeddable":true,"href":"https:\/\/idecesos.com\/seguros\/wp-json\/wp\/v2\/comments?post=15428"}],"version-history":[{"count":8,"href":"https:\/\/idecesos.com\/seguros\/wp-json\/wp\/v2\/pages\/15428\/revisions"}],"predecessor-version":[{"id":21057,"href":"https:\/\/idecesos.com\/seguros\/wp-json\/wp\/v2\/pages\/15428\/revisions\/21057"}],"up":[{"embeddable":true,"href":"https:\/\/idecesos.com\/seguros\/wp-json\/wp\/v2\/pages\/849"}],"wp:attachment":[{"href":"https:\/\/idecesos.com\/seguros\/wp-json\/wp\/v2\/media?parent=15428"}],"curies":[{"name":"wp","href":"https:\/\/api.w.org\/{rel}","templated":true}]}}