{"id":15430,"date":"2021-11-26T09:13:01","date_gmt":"2021-11-25T10:17:45","guid":{"rendered":"https:\/\/idecesos.com\/seguros\/companias\/rga\/telefono\/"},"modified":"2022-03-30T01:17:49","modified_gmt":"2022-03-30T01:17:49","slug":"telefono","status":"publish","type":"page","link":"https:\/\/idecesos.com\/seguros\/companias\/rga\/telefono\/","title":{"rendered":"Atenci\u00f3n al cliente RGA: telefono gratuito, e-mail"},"content":{"rendered":"<div id=\"ez-toc-container\" class=\"ez-toc-v2_0_82_2 ez-toc-wrap-center counter-hierarchy ez-toc-counter ez-toc-custom ez-toc-container-direction\">\n<div class=\"ez-toc-title-container\">\n<p class=\"ez-toc-title\" style=\"cursor:inherit\">Tabla de Contenido<\/p>\n<span class=\"ez-toc-title-toggle\"><a href=\"#\" class=\"ez-toc-pull-right ez-toc-btn ez-toc-btn-xs ez-toc-btn-default ez-toc-toggle\" aria-label=\"Alternar tabla de contenidos\"><span class=\"ez-toc-js-icon-con\"><span class=\"\"><span class=\"eztoc-hide\" style=\"display:none;\">Toggle<\/span><span class=\"ez-toc-icon-toggle-span\"><svg style=\"fill: #db6415;color:#db6415\" xmlns=\"http:\/\/www.w3.org\/2000\/svg\" class=\"list-377408\" width=\"20px\" height=\"20px\" viewBox=\"0 0 24 24\" fill=\"none\"><path d=\"M6 6H4v2h2V6zm14 0H8v2h12V6zM4 11h2v2H4v-2zm16 0H8v2h12v-2zM4 16h2v2H4v-2zm16 0H8v2h12v-2z\" fill=\"currentColor\"><\/path><\/svg><svg style=\"fill: #db6415;color:#db6415\" class=\"arrow-unsorted-368013\" xmlns=\"http:\/\/www.w3.org\/2000\/svg\" width=\"10px\" height=\"10px\" viewBox=\"0 0 24 24\" version=\"1.2\" baseProfile=\"tiny\"><path d=\"M18.2 9.3l-6.2-6.3-6.2 6.3c-.2.2-.3.4-.3.7s.1.5.3.7c.2.2.4.3.7.3h11c.3 0 .5-.1.7-.3.2-.2.3-.5.3-.7s-.1-.5-.3-.7zM5.8 14.7l6.2 6.3 6.2-6.3c.2-.2.3-.5.3-.7s-.1-.5-.3-.7c-.2-.2-.4-.3-.7-.3h-11c-.3 0-.5.1-.7.3-.2.2-.3.5-.3.7s.1.5.3.7z\"\/><\/svg><\/span><\/span><\/span><\/a><\/span><\/div>\n<nav><ul class='ez-toc-list ez-toc-list-level-1 ' ><ul class='ez-toc-list-level-4' ><li class='ez-toc-heading-level-4'><ul class='ez-toc-list-level-4' ><li class='ez-toc-heading-level-4'><a class=\"ez-toc-link ez-toc-heading-1\" href=\"https:\/\/idecesos.com\/seguros\/companias\/rga\/telefono\/#Telefono_Contrataciones_951_127_403\" >Tel\u00e9fono Contrataciones \n951 127 403<\/a><\/li><\/ul><\/li><\/ul><\/li><li class='ez-toc-page-1 ez-toc-heading-level-2'><a class=\"ez-toc-link ez-toc-heading-2\" href=\"https:\/\/idecesos.com\/seguros\/companias\/rga\/telefono\/#%C2%BFComo_contactar_con_RGA\" >\u00bfC\u00f3mo contactar con RGA?<\/a><ul class='ez-toc-list-level-3' ><li class='ez-toc-heading-level-3'><a class=\"ez-toc-link ez-toc-heading-3\" href=\"https:\/\/idecesos.com\/seguros\/companias\/rga\/telefono\/#Telefono_gratuito_de_RGA\" >Tel\u00e9fono gratuito de RGA<\/a><\/li><li class='ez-toc-page-1 ez-toc-heading-level-3'><a class=\"ez-toc-link ez-toc-heading-4\" href=\"https:\/\/idecesos.com\/seguros\/companias\/rga\/telefono\/#Horario_de_atencion_al_cliente_de_RGA\" >Horario de atenci\u00f3n al cliente de RGA<\/a><\/li><li class='ez-toc-page-1 ez-toc-heading-level-3'><a class=\"ez-toc-link ez-toc-heading-5\" href=\"https:\/\/idecesos.com\/seguros\/companias\/rga\/telefono\/#Correo_electronico_de_RGA\" >Correo electr\u00f3nico de RGA<\/a><\/li><li class='ez-toc-page-1 ez-toc-heading-level-3'><a class=\"ez-toc-link ez-toc-heading-6\" href=\"https:\/\/idecesos.com\/seguros\/companias\/rga\/telefono\/#Formulario_en_el_sitio_Web_de_RGA\" >Formulario en el sitio Web de RGA<\/a><\/li><li class='ez-toc-page-1 ez-toc-heading-level-3'><a class=\"ez-toc-link ez-toc-heading-7\" href=\"https:\/\/idecesos.com\/seguros\/companias\/rga\/telefono\/#Redes_sociales_de_RGA\" >Redes sociales de RGA<\/a><\/li><li class='ez-toc-page-1 ez-toc-heading-level-3'><a class=\"ez-toc-link ez-toc-heading-8\" href=\"https:\/\/idecesos.com\/seguros\/companias\/rga\/telefono\/#Paginas_relacionadas\" >P\u00e1ginas relacionadas<\/a><\/li><\/ul><\/li><\/ul><\/nav><\/div>\n\n<div class=\"caja\">\n<div class=\"cajaIcono2 \"  ><div class=\"cuadro\" style=\"box-shadow: inset 0 0 0 3px #ff790e\"><div class=\"iconoCircular\" style=\"border: 3px solid #ff790e\">\t\t\n\t\t\t\t\t<div class=\"iconoCirculo\">\n\t\t\t\t\t  <i class=\"fas fa-phone-volume\"><\/i>\n\t\t\t\t\t<\/div>\n\t\t\t\t<\/div><div class=\"\">\n<h4 style=\"text-align: center;\"><span class=\"ez-toc-section\" id=\"Telefono_Contrataciones_951_127_403\"><\/span><strong>Tel\u00e9fono Contrataciones<br \/>\n951 127 403<\/strong><span class=\"ez-toc-section-end\"><\/span><\/h4>\n<p><\/div><\/div><\/div><br \/>\nLa atenci\u00f3n 24 horas de RGA los 365 d\u00edas del a\u00f1o hacen que todos tus problemas se solventen en minutos. Un agente experto en su seguro de decesos le atender\u00e1 y pondr\u00e1 en marcha todos los tr\u00e1mites precisos para su tranquilidad: elecci\u00f3n del camposanto donde el asegurado desee ser inhumado, administraci\u00f3n de la tramitaci\u00f3n funeraria, la corona que usted quiera elegir, los gastos en ata\u00fad y sanitarios, atenci\u00f3n psicol\u00f3gica para la familia y otros muchos servicios de la mano de los mejores profesionales. RGA se ocupar\u00e1 de tener todo gestionado y cerrado correctamente apoyando a la familia en el peor instante facilitandoles toda la calma que precisan. Los expertos de RGA van a tratar su situaci\u00f3n con toda la profesionalidad y respeto que merecen.<br \/>\n<\/div><\/p>\n<div class=\"colorf \"  ><div class=\"container clearfix\"><div class=\"col-md-7\"><\/p>\n<h2><span class=\"ez-toc-section\" id=\"%C2%BFComo_contactar_con_RGA\"><\/span>\u00bfC\u00f3mo contactar con RGA?<span class=\"ez-toc-section-end\"><\/span><\/h2>\n<p>Direcci\u00f3n de mail, p\u00e1gina web con formulario libre, plataformas como redes sociales y tel\u00e9fono de atenci\u00f3n al cliente, son los medios, completamente gratuitos, para poder comunicarse con RGA.<br \/>\n<\/div><\/div><\/div>\n<h3><span class=\"ez-toc-section\" id=\"Telefono_gratuito_de_RGA\"><\/span>Tel\u00e9fono gratuito de RGA<span class=\"ez-toc-section-end\"><\/span><\/h3>\n<p>El tel\u00e9fono de RGA es plenamente gratis. La llamada con RGA no le supondr\u00e1 ning\u00fan coste en su factura, independientemente del tiempo que est\u00e9 online. Mediante este procedimiento podr\u00e1s disfrutar de todas las comodidades, simple y sencillo de utilizar, pudiendo llamar desde su casa sin necesidad de desplazarse a ninguna oficina. El personal responsable de coger su llamada es un experto en seguro de decesos que te va a ayudar a solucionar sus preguntas y dudas quedando completamente satisfecho con su servicio. El n\u00famero es el: <strong>91 700 7000<\/strong>.<br \/>\n<div class=\"colorf\"><div class=\"container clearfix\"><div class=\"col-md-7\"><\/p>\n<div class=\"cabecera_tabla_ajustada \"  style=\"width:80%\" ><div class=\"row\"><\/div>\n<p><div class=\"fila_tabla4 \"  ><div class=\"row\"><div class=\"col-8 nosepara izq\"><p><strong>Tel\u00e9fono para contrataciones<\/strong><\/p><\/div><div class=\"col-4 nosepara centro\">951 127 403<\/div><\/div><\/div><div class=\"fila_tabla4 \"  ><div class=\"row\"><div class=\"col-8 nosepara izq\"><p><strong>Tel\u00e9fono atenci\u00f3n al cliente<\/strong><\/p><\/div><div class=\"col-4 nosepara centro\">900 33 66 00<\/div><\/div><\/div><\/p>\n<div class=\"pie_tabla \"  ><div class=\"row\"><div class=\"col-12 \"><\/div><\/div><\/div><\/div>\n<\/div><\/div><\/div>\n<h3><span class=\"ez-toc-section\" id=\"Horario_de_atencion_al_cliente_de_RGA\"><\/span>Horario de atenci\u00f3n al cliente de RGA<span class=\"ez-toc-section-end\"><\/span><\/h3>\n<p>Al usuario se le proporciona por parte de RGA un horario flexible de atenci\u00f3n al cliente, tanto de ma\u00f1ana como de tarde. As\u00ed va a poder llamar cuando pueda y sus agentes van a poder ayudarle. La persona con la que hable le atender\u00e1 de la mejor forma posible, con un lenguaje claro y conciso para el buen comprensi\u00f3n. Si la llamada lo necesita, ser\u00e1 desviado a uno de los asesores expertos de la compa\u00f1\u00eda. Este podr\u00e1 resolverle todas sus dudas y preguntas que desee saber sobre su seguro de decesos. Tras concluir la llamada, habr\u00e1 recabado todos los datos necesarios y va a ser de su agrado el trato recibido por la parte de la compa\u00f1\u00eda.<br \/>\n<div class=\"colorf\"><div class=\"container clearfix\"><div class=\"col-md-7\"><\/p>\n<h3><span class=\"ez-toc-section\" id=\"Correo_electronico_de_RGA\"><\/span>Correo electr\u00f3nico de RGA<span class=\"ez-toc-section-end\"><\/span><\/h3>\n<p>En la actualidad, las tecnolog\u00edas est\u00e1n avanzados a pasos desmedidos y el planeta las ha seguido sin mirar atr\u00e1s. Esto ha supuesto que internet lo invada todo y que cualquier ciudadano pueda optar a tenerlo. Plataformas como Gmail o bien Hotmail han hecho que el env\u00edo y recibo de documentos e informaci\u00f3n sea algo sencillo y pr\u00e1ctico sin desplazarse a ning\u00fan lado. Teniendo presente todos estos aspectos, RGA ofrece su mail <strong>cat@segurosrga.es<\/strong> para que puedas contactar con ellos. Una opci\u00f3n con la que va a poder enviar cualquier inconveniente, duda o cuesti\u00f3n a RGA para que te ayude en ello. La contestaci\u00f3n que le den los agentes va a haber sido estudiada y preparada por los expertos de RGA.<br \/>\n<\/div><\/div><\/div><\/p>\n<h3><span class=\"ez-toc-section\" id=\"Formulario_en_el_sitio_Web_de_RGA\"><\/span>Formulario en el sitio Web de RGA<span class=\"ez-toc-section-end\"><\/span><\/h3>\n<p>Internet se ha transformada en la herramienta m\u00e1s utilizada por todo el mundo. Su simpleza se ha transformado en \u00e9xito. Con teclear una palabra o oraci\u00f3n encontrar\u00e1s millones de resultados relacionados con su busca. Con solo poner en Google <strong>www.segurosrga.es\/<\/strong> va a acceder f\u00e1cilmente a la web de RGA. Ah\u00ed encontrar\u00e1 la informaci\u00f3n b\u00e1sica sobre el seguro de decesos que tienen a su predisposici\u00f3n, sus costos, ventajas, los servicios que ofrecen\u2026 para que pueda tener una ligera idea sobre este. Se le facilita un formulario que puede rellenar, completando los diferentes campos: nombre y apellidos, correo electr\u00f3nico, tel\u00e9fono de contacto, etc\u00e9teraUna vez finalizado y mandado, uno de los profesionales de la compa\u00f1\u00eda se va a poner en contacto para poder resolverle cualquier duda o bien cuesti\u00f3n.<br \/>\n<div class=\"colorf\"><div class=\"container clearfix\"><div class=\"col-md-7\"><\/p>\n<h3><span class=\"ez-toc-section\" id=\"Redes_sociales_de_RGA\"><\/span>Redes sociales de RGA<span class=\"ez-toc-section-end\"><\/span><\/h3>\n<p>La mayor\u00eda de la poblaci\u00f3n tiene creados perfiles en plataformas de redes sociales como Facebook, Twitter o Instagram. RGA avanza a pasos agigantados. Dispone de diferentes plataformas, en las que podr\u00e1s localizar la informaci\u00f3n b\u00e1sica a fin de que pueda ponerse en contacto con ella o saber un tanto sobre qui\u00e9nes son. Con el simple acto de teclear el nombre de la compa\u00f1\u00eda, le aparecer\u00e1 el perfil y tendr\u00e1 acceso a dicha informaci\u00f3n. Gracias a \u00e9l, va a tener acceso a los datos, como link de p\u00e1gina web, caracter\u00edsticas\u2026 que postee la compa\u00f1\u00eda sobre su seguro de decesos y tambi\u00e9n, podr\u00e1 enviar un mensaje para comunicarse en el futuro con sus profesionales.<br \/>\n<\/div><\/div><\/div><\/p>\n<\/div>\n<p><div class=\"oficinas\"> <h3><span class=\"ez-toc-section\" id=\"Paginas_relacionadas\"><\/span>P\u00e1ginas relacionadas<span class=\"ez-toc-section-end\"><\/span><\/h3><div class=\"enlazado\"><ul> <li><a href=\"https:\/\/idecesos.com\/seguros\/companias\/rga\/opiniones\/\">Opiniones RGA<\/a><\/li> <li><a href=\"https:\/\/idecesos.com\/seguros\/companias\/rga\/precio\/\">Precio seguro RGA<\/a><\/li> <li><a href=\"https:\/\/idecesos.com\/seguros\/companias\/rga\/prima-mixta\/\">RGA Prima Mixta<\/a><\/li> <li><a href=\"https:\/\/idecesos.com\/seguros\/companias\/rga\/prima-natural\/\">RGA Prima Natural<\/a><\/li> <li><a href=\"https:\/\/idecesos.com\/seguros\/companias\/rga\/prima-nivelada\/\">RGA Prima Nivelada<\/a><\/li> <li><a href=\"https:\/\/idecesos.com\/seguros\/companias\/rga\/prima-unica\/\">RGA Prima \u00danica<\/a><\/li> <li><a href=\"https:\/\/idecesos.com\/seguros\/companias\/rga\/repatriacion\/\">RGA Repatriaci\u00f3n<\/a><\/li> <li><a href=\"https:\/\/idecesos.com\/seguros\/companias\/rga\/telefono\/\">Tel\u00e9fono Gratuito RGA<\/a><\/li><\/ul><\/div> <\/div><\/p>\n","protected":false},"excerpt":{"rendered":"<p>La atenci\u00f3n 24 horas de RGA los 365 d\u00edas del a\u00f1o hacen que todos tus problemas se solventen en minutos. Un agente experto en su seguro de decesos le atender\u00e1 y pondr\u00e1 en marcha todos los tr\u00e1mites precisos para su tranquilidad: elecci\u00f3n del camposanto donde el asegurado desee ser inhumado, administraci\u00f3n de la tramitaci\u00f3n funeraria,&hellip; <\/p>\n","protected":false},"author":1,"featured_media":0,"parent":5993,"menu_order":0,"comment_status":"closed","ping_status":"closed","template":"single.php","meta":{"footnotes":""},"class_list":["post-15430","page","type-page","status-publish","hentry"],"yoast_head":"<!-- This site is optimized with the Yoast SEO plugin v27.5 - https:\/\/yoast.com\/product\/yoast-seo-wordpress\/ -->\n<title>Tel\u00e9fono Gratuito RGA \u25b7Atenci\u00f3n Cliente, Email, RRSS, Web<\/title>\n<meta name=\"description\" content=\"Busca aqu\u00ed\u3010RGA seguros tel\u00e9fono gratuito\u3011RGA Decesos tel\u00e9fono gratis: atenci\u00f3n al cliente y contrataciones \u2611\ufe0fVerificado en 2026\" \/>\n<meta name=\"robots\" content=\"index, follow, max-snippet:-1, max-image-preview:large, max-video-preview:-1\" \/>\n<link rel=\"canonical\" href=\"https:\/\/idecesos.com\/seguros\/companias\/rga\/telefono\/\" \/>\n<meta property=\"og:locale\" content=\"es_ES\" \/>\n<meta property=\"og:type\" content=\"article\" \/>\n<meta property=\"og:title\" content=\"Tel\u00e9fono Gratuito RGA \u25b7Atenci\u00f3n Cliente, Email, RRSS, Web\" \/>\n<meta property=\"og:description\" content=\"Busca aqu\u00ed\u3010RGA seguros tel\u00e9fono gratuito\u3011RGA Decesos tel\u00e9fono gratis: atenci\u00f3n al cliente y contrataciones \u2611\ufe0fVerificado en 2026\" \/>\n<meta property=\"og:url\" content=\"https:\/\/idecesos.com\/seguros\/companias\/rga\/telefono\/\" \/>\n<meta property=\"article:modified_time\" content=\"2022-03-30T01:17:49+00:00\" \/>\n<meta name=\"twitter:card\" content=\"summary_large_image\" \/>\n<meta name=\"twitter:label1\" content=\"Tiempo de lectura\" \/>\n\t<meta name=\"twitter:data1\" content=\"4 minutos\" \/>\n<script type=\"application\/ld+json\" class=\"yoast-schema-graph\">{\"@context\":\"https:\\\/\\\/schema.org\",\"@graph\":[{\"@type\":\"WebPage\",\"@id\":\"https:\\\/\\\/idecesos.com\\\/seguros\\\/companias\\\/rga\\\/telefono\\\/\",\"url\":\"https:\\\/\\\/idecesos.com\\\/seguros\\\/companias\\\/rga\\\/telefono\\\/\",\"name\":\"Tel\u00e9fono Gratuito RGA \u25b7Atenci\u00f3n Cliente, Email, RRSS, Web\",\"isPartOf\":{\"@id\":\"https:\\\/\\\/idecesos.com\\\/seguros\\\/#website\"},\"datePublished\":\"2021-11-25T10:17:45+00:00\",\"dateModified\":\"2022-03-30T01:17:49+00:00\",\"description\":\"Busca aqu\u00ed\u3010RGA seguros tel\u00e9fono gratuito\u3011RGA Decesos tel\u00e9fono gratis: atenci\u00f3n al cliente y contrataciones \u2611\ufe0fVerificado en 2026\",\"breadcrumb\":{\"@id\":\"https:\\\/\\\/idecesos.com\\\/seguros\\\/companias\\\/rga\\\/telefono\\\/#breadcrumb\"},\"inLanguage\":\"es\",\"potentialAction\":[{\"@type\":\"ReadAction\",\"target\":[\"https:\\\/\\\/idecesos.com\\\/seguros\\\/companias\\\/rga\\\/telefono\\\/\"]}]},{\"@type\":\"BreadcrumbList\",\"@id\":\"https:\\\/\\\/idecesos.com\\\/seguros\\\/companias\\\/rga\\\/telefono\\\/#breadcrumb\",\"itemListElement\":[{\"@type\":\"ListItem\",\"position\":1,\"name\":\"Portada\",\"item\":\"https:\\\/\\\/idecesos.com\\\/seguros\\\/\"},{\"@type\":\"ListItem\",\"position\":2,\"name\":\"Compa\u00f1\u00edas de Seguros de Decesos en Espa\u00f1a\",\"item\":\"https:\\\/\\\/idecesos.com\\\/seguros\\\/companias\\\/\"},{\"@type\":\"ListItem\",\"position\":3,\"name\":\"Seguro de Decesos RGA\",\"item\":\"https:\\\/\\\/idecesos.com\\\/seguros\\\/companias\\\/rga\\\/\"},{\"@type\":\"ListItem\",\"position\":4,\"name\":\"Atenci\u00f3n al cliente RGA: telefono gratuito, e-mail\"}]},{\"@type\":\"WebSite\",\"@id\":\"https:\\\/\\\/idecesos.com\\\/seguros\\\/#website\",\"url\":\"https:\\\/\\\/idecesos.com\\\/seguros\\\/\",\"name\":\"\",\"description\":\"\",\"potentialAction\":[{\"@type\":\"SearchAction\",\"target\":{\"@type\":\"EntryPoint\",\"urlTemplate\":\"https:\\\/\\\/idecesos.com\\\/seguros\\\/?s={search_term_string}\"},\"query-input\":{\"@type\":\"PropertyValueSpecification\",\"valueRequired\":true,\"valueName\":\"search_term_string\"}}],\"inLanguage\":\"es\"}]}<\/script>\n<!-- \/ Yoast SEO plugin. -->","yoast_head_json":{"title":"Tel\u00e9fono Gratuito RGA \u25b7Atenci\u00f3n Cliente, Email, RRSS, Web","description":"Busca aqu\u00ed\u3010RGA seguros tel\u00e9fono gratuito\u3011RGA Decesos tel\u00e9fono gratis: atenci\u00f3n al cliente y contrataciones \u2611\ufe0fVerificado en 2026","robots":{"index":"index","follow":"follow","max-snippet":"max-snippet:-1","max-image-preview":"max-image-preview:large","max-video-preview":"max-video-preview:-1"},"canonical":"https:\/\/idecesos.com\/seguros\/companias\/rga\/telefono\/","og_locale":"es_ES","og_type":"article","og_title":"Tel\u00e9fono Gratuito RGA \u25b7Atenci\u00f3n Cliente, Email, RRSS, Web","og_description":"Busca aqu\u00ed\u3010RGA seguros tel\u00e9fono gratuito\u3011RGA Decesos tel\u00e9fono gratis: atenci\u00f3n al cliente y contrataciones \u2611\ufe0fVerificado en 2026","og_url":"https:\/\/idecesos.com\/seguros\/companias\/rga\/telefono\/","article_modified_time":"2022-03-30T01:17:49+00:00","twitter_card":"summary_large_image","twitter_misc":{"Tiempo de lectura":"4 minutos"},"schema":{"@context":"https:\/\/schema.org","@graph":[{"@type":"WebPage","@id":"https:\/\/idecesos.com\/seguros\/companias\/rga\/telefono\/","url":"https:\/\/idecesos.com\/seguros\/companias\/rga\/telefono\/","name":"Tel\u00e9fono Gratuito RGA \u25b7Atenci\u00f3n Cliente, Email, RRSS, Web","isPartOf":{"@id":"https:\/\/idecesos.com\/seguros\/#website"},"datePublished":"2021-11-25T10:17:45+00:00","dateModified":"2022-03-30T01:17:49+00:00","description":"Busca aqu\u00ed\u3010RGA seguros tel\u00e9fono gratuito\u3011RGA Decesos tel\u00e9fono gratis: atenci\u00f3n al cliente y contrataciones \u2611\ufe0fVerificado en 2026","breadcrumb":{"@id":"https:\/\/idecesos.com\/seguros\/companias\/rga\/telefono\/#breadcrumb"},"inLanguage":"es","potentialAction":[{"@type":"ReadAction","target":["https:\/\/idecesos.com\/seguros\/companias\/rga\/telefono\/"]}]},{"@type":"BreadcrumbList","@id":"https:\/\/idecesos.com\/seguros\/companias\/rga\/telefono\/#breadcrumb","itemListElement":[{"@type":"ListItem","position":1,"name":"Portada","item":"https:\/\/idecesos.com\/seguros\/"},{"@type":"ListItem","position":2,"name":"Compa\u00f1\u00edas de Seguros de Decesos en Espa\u00f1a","item":"https:\/\/idecesos.com\/seguros\/companias\/"},{"@type":"ListItem","position":3,"name":"Seguro de Decesos RGA","item":"https:\/\/idecesos.com\/seguros\/companias\/rga\/"},{"@type":"ListItem","position":4,"name":"Atenci\u00f3n al cliente RGA: telefono gratuito, e-mail"}]},{"@type":"WebSite","@id":"https:\/\/idecesos.com\/seguros\/#website","url":"https:\/\/idecesos.com\/seguros\/","name":"","description":"","potentialAction":[{"@type":"SearchAction","target":{"@type":"EntryPoint","urlTemplate":"https:\/\/idecesos.com\/seguros\/?s={search_term_string}"},"query-input":{"@type":"PropertyValueSpecification","valueRequired":true,"valueName":"search_term_string"}}],"inLanguage":"es"}]}},"_links":{"self":[{"href":"https:\/\/idecesos.com\/seguros\/wp-json\/wp\/v2\/pages\/15430","targetHints":{"allow":["GET"]}}],"collection":[{"href":"https:\/\/idecesos.com\/seguros\/wp-json\/wp\/v2\/pages"}],"about":[{"href":"https:\/\/idecesos.com\/seguros\/wp-json\/wp\/v2\/types\/page"}],"author":[{"embeddable":true,"href":"https:\/\/idecesos.com\/seguros\/wp-json\/wp\/v2\/users\/1"}],"replies":[{"embeddable":true,"href":"https:\/\/idecesos.com\/seguros\/wp-json\/wp\/v2\/comments?post=15430"}],"version-history":[{"count":8,"href":"https:\/\/idecesos.com\/seguros\/wp-json\/wp\/v2\/pages\/15430\/revisions"}],"predecessor-version":[{"id":20905,"href":"https:\/\/idecesos.com\/seguros\/wp-json\/wp\/v2\/pages\/15430\/revisions\/20905"}],"up":[{"embeddable":true,"href":"https:\/\/idecesos.com\/seguros\/wp-json\/wp\/v2\/pages\/5993"}],"wp:attachment":[{"href":"https:\/\/idecesos.com\/seguros\/wp-json\/wp\/v2\/media?parent=15430"}],"curies":[{"name":"wp","href":"https:\/\/api.w.org\/{rel}","templated":true}]}}