{"id":15431,"date":"2021-11-26T09:13:02","date_gmt":"2021-11-25T10:17:46","guid":{"rendered":"https:\/\/idecesos.com\/seguros\/companias\/union-madrilena\/telefono\/"},"modified":"2022-03-30T01:19:28","modified_gmt":"2022-03-30T01:19:28","slug":"telefono","status":"publish","type":"page","link":"https:\/\/idecesos.com\/seguros\/companias\/union-madrilena\/telefono\/","title":{"rendered":"Atenci\u00f3n al cliente Uni\u00f3n Madrile\u00f1a: telefono gratuito, e-mail"},"content":{"rendered":"<div id=\"ez-toc-container\" class=\"ez-toc-v2_0_82_2 ez-toc-wrap-center counter-hierarchy ez-toc-counter ez-toc-custom ez-toc-container-direction\">\n<div class=\"ez-toc-title-container\">\n<p class=\"ez-toc-title\" style=\"cursor:inherit\">Tabla de Contenido<\/p>\n<span class=\"ez-toc-title-toggle\"><a href=\"#\" class=\"ez-toc-pull-right ez-toc-btn ez-toc-btn-xs ez-toc-btn-default ez-toc-toggle\" aria-label=\"Alternar tabla de contenidos\"><span class=\"ez-toc-js-icon-con\"><span class=\"\"><span class=\"eztoc-hide\" style=\"display:none;\">Toggle<\/span><span class=\"ez-toc-icon-toggle-span\"><svg style=\"fill: #db6415;color:#db6415\" xmlns=\"http:\/\/www.w3.org\/2000\/svg\" class=\"list-377408\" width=\"20px\" height=\"20px\" viewBox=\"0 0 24 24\" fill=\"none\"><path d=\"M6 6H4v2h2V6zm14 0H8v2h12V6zM4 11h2v2H4v-2zm16 0H8v2h12v-2zM4 16h2v2H4v-2zm16 0H8v2h12v-2z\" fill=\"currentColor\"><\/path><\/svg><svg style=\"fill: #db6415;color:#db6415\" class=\"arrow-unsorted-368013\" xmlns=\"http:\/\/www.w3.org\/2000\/svg\" width=\"10px\" height=\"10px\" viewBox=\"0 0 24 24\" version=\"1.2\" baseProfile=\"tiny\"><path d=\"M18.2 9.3l-6.2-6.3-6.2 6.3c-.2.2-.3.4-.3.7s.1.5.3.7c.2.2.4.3.7.3h11c.3 0 .5-.1.7-.3.2-.2.3-.5.3-.7s-.1-.5-.3-.7zM5.8 14.7l6.2 6.3 6.2-6.3c.2-.2.3-.5.3-.7s-.1-.5-.3-.7c-.2-.2-.4-.3-.7-.3h-11c-.3 0-.5.1-.7.3-.2.2-.3.5-.3.7s.1.5.3.7z\"\/><\/svg><\/span><\/span><\/span><\/a><\/span><\/div>\n<nav><ul class='ez-toc-list ez-toc-list-level-1 ' ><ul class='ez-toc-list-level-4' ><li class='ez-toc-heading-level-4'><ul class='ez-toc-list-level-4' ><li class='ez-toc-heading-level-4'><a class=\"ez-toc-link ez-toc-heading-1\" href=\"https:\/\/idecesos.com\/seguros\/companias\/union-madrilena\/telefono\/#Telefono_Contrataciones_951_127_403\" >Tel\u00e9fono Contrataciones \n951 127 403<\/a><\/li><\/ul><\/li><\/ul><\/li><li class='ez-toc-page-1 ez-toc-heading-level-2'><a class=\"ez-toc-link ez-toc-heading-2\" href=\"https:\/\/idecesos.com\/seguros\/companias\/union-madrilena\/telefono\/#%C2%BFComo_contactar_con_Union_Madrilena\" >\u00bfC\u00f3mo contactar con Uni\u00f3n Madrile\u00f1a?<\/a><ul class='ez-toc-list-level-3' ><li class='ez-toc-heading-level-3'><a class=\"ez-toc-link ez-toc-heading-3\" href=\"https:\/\/idecesos.com\/seguros\/companias\/union-madrilena\/telefono\/#Telefono_gratuito_de_Union_Madrilena\" >Tel\u00e9fono gratuito de Uni\u00f3n Madrile\u00f1a<\/a><\/li><li class='ez-toc-page-1 ez-toc-heading-level-3'><a class=\"ez-toc-link ez-toc-heading-4\" href=\"https:\/\/idecesos.com\/seguros\/companias\/union-madrilena\/telefono\/#Horario_de_atencion_al_cliente_de_Union_Madrilena\" >Horario de atenci\u00f3n al cliente de Uni\u00f3n Madrile\u00f1a<\/a><\/li><li class='ez-toc-page-1 ez-toc-heading-level-3'><a class=\"ez-toc-link ez-toc-heading-5\" href=\"https:\/\/idecesos.com\/seguros\/companias\/union-madrilena\/telefono\/#Correo_electronico_de_Union_Madrilena\" >Correo electr\u00f3nico de Uni\u00f3n Madrile\u00f1a<\/a><\/li><li class='ez-toc-page-1 ez-toc-heading-level-3'><a class=\"ez-toc-link ez-toc-heading-6\" href=\"https:\/\/idecesos.com\/seguros\/companias\/union-madrilena\/telefono\/#Formulario_en_el_sitio_Web_de_Union_Madrilena\" >Formulario en el sitio Web de Uni\u00f3n Madrile\u00f1a<\/a><\/li><li class='ez-toc-page-1 ez-toc-heading-level-3'><a class=\"ez-toc-link ez-toc-heading-7\" href=\"https:\/\/idecesos.com\/seguros\/companias\/union-madrilena\/telefono\/#Redes_sociales_de_Union_Madrilena\" >Redes sociales de Uni\u00f3n Madrile\u00f1a<\/a><\/li><li class='ez-toc-page-1 ez-toc-heading-level-3'><a class=\"ez-toc-link ez-toc-heading-8\" href=\"https:\/\/idecesos.com\/seguros\/companias\/union-madrilena\/telefono\/#Paginas_relacionadas\" >P\u00e1ginas relacionadas<\/a><\/li><\/ul><\/li><\/ul><\/nav><\/div>\n\n<div class=\"caja\">\n<div class=\"cajaIcono2 \"  ><div class=\"cuadro\" style=\"box-shadow: inset 0 0 0 3px #ff790e\"><div class=\"iconoCircular\" style=\"border: 3px solid #ff790e\">\t\t\n\t\t\t\t\t<div class=\"iconoCirculo\">\n\t\t\t\t\t  <i class=\"fas fa-phone-volume\"><\/i>\n\t\t\t\t\t<\/div>\n\t\t\t\t<\/div><div class=\"\">\n<h4 style=\"text-align: center;\"><span class=\"ez-toc-section\" id=\"Telefono_Contrataciones_951_127_403\"><\/span><strong>Tel\u00e9fono Contrataciones<br \/>\n951 127 403<\/strong><span class=\"ez-toc-section-end\"><\/span><\/h4>\n<p><\/div><\/div><\/div><br \/>\nUni\u00f3n Madrile\u00f1a ofrece varias opciones alternativas para que el usuario pueda percibir informaci\u00f3n de manera f\u00e1cil y accesible, f\u00e1cil y gratis. Si desea saber o ser informado sobre los aspectos y prestaciones que ofrece de su seguro de decesos, como por ejemplo la asistencia en viaje y\/o tras la hospitalizaci\u00f3n, el costo de la urna o bien ata\u00fad, el camposanto escogido, y otros m\u00e1s, va a ser a trav\u00e9s del servicio de atenci\u00f3n al usuario. Cualquier tr\u00e1mite o administraci\u00f3n estar\u00e1 cerrado de cara al momento del entierro del ser querido y, para su calma, no tendr\u00e1n que estar preocupados por nada m\u00e1s all\u00ed. Adem\u00e1s de esto, tendr\u00e1 el mayor apoyo posible en tal proceso tan delicado.<br \/>\n<\/div><\/p>\n<div class=\"colorf \"  ><div class=\"container clearfix\"><div class=\"col-md-7\"><\/p>\n<h2><span class=\"ez-toc-section\" id=\"%C2%BFComo_contactar_con_Union_Madrilena\"><\/span>\u00bfC\u00f3mo contactar con Uni\u00f3n Madrile\u00f1a?<span class=\"ez-toc-section-end\"><\/span><\/h2>\n<p>Uni\u00f3n Madrile\u00f1a tiene libre los pr\u00f3ximos m\u00e9todos para poder contactar de manera gratuita: tel\u00e9fono de contacto, formulario en su p\u00e1gina web, correo y redes sociales.<br \/>\n<\/div><\/div><\/div>\n<h3><span class=\"ez-toc-section\" id=\"Telefono_gratuito_de_Union_Madrilena\"><\/span>Tel\u00e9fono gratuito de Uni\u00f3n Madrile\u00f1a<span class=\"ez-toc-section-end\"><\/span><\/h3>\n<p>Ahora le mostramos el n\u00famero de tel\u00e9fono para contactar con Uni\u00f3n Madrile\u00f1a <strong>914 477 162<\/strong>. Actualmente el tiempo es muy importante. Por eso Uni\u00f3n Madrile\u00f1a est\u00e1 al tanto de que este procedimiento es veloz y simple de usar. Adem\u00e1s mediante te podr\u00e1n solventar tus cuestiones o bien dudas acerca de tu seguro. La llamada que hagas a Uni\u00f3n Madrile\u00f1a no te supondr\u00e1 ning\u00fan g\u00e9nero de costo, da lo mismo el tiempo que transcurre en ella. Sus gatos son nulos. La atenci\u00f3n al cliente especialista en seguro de decesos de Uni\u00f3n Madrile\u00f1a le atender\u00e1 a fin de que pueda resolver sus cuestiones y no le quede nada en el tintero.<br \/>\n<div class=\"colorf\"><div class=\"container clearfix\"><div class=\"col-md-7\"><\/p>\n<div class=\"cabecera_tabla_ajustada \"  style=\"width:80%\" ><div class=\"row\"><\/div>\n<p><div class=\"fila_tabla4 \"  ><div class=\"row\"><div class=\"col-8 nosepara izq\"><p><strong>Tel\u00e9fono para contrataciones<\/strong><\/p><\/div><div class=\"col-4 nosepara centro\">951 127 403<\/div><\/div><\/div><div class=\"fila_tabla4 \"  ><div class=\"row\"><div class=\"col-8 nosepara izq\"><p><strong>Tel\u00e9fono Atenci\u00f3n al cliente<\/strong><\/p><\/div><div class=\"col-4 nosepara centro\">900 799 148<\/div><\/div><\/div><\/p>\n<div class=\"pie_tabla \"  ><div class=\"row\"><div class=\"col-12 \"><\/div><\/div><\/div><\/div>\n<\/div><\/div><\/div>\n<h3><span class=\"ez-toc-section\" id=\"Horario_de_atencion_al_cliente_de_Union_Madrilena\"><\/span>Horario de atenci\u00f3n al cliente de Uni\u00f3n Madrile\u00f1a<span class=\"ez-toc-section-end\"><\/span><\/h3>\n<p>Uni\u00f3n Madrile\u00f1a tiene un horario muy flexible de atenci\u00f3n al cliente a fin de que llames cuando usted pueda. De esta forma va a poder llamar cuando pueda y sus agentes podr\u00e1n asistirle. El agente que le atender\u00e1 le charlar\u00e1 de forma clara y sencilla a fin de que haya un comprensi\u00f3n mutuo. Si usted lo precisa su llamada va a ser desviada a un agente experto en seguro de decesos que le va a poder ayudar con todas sus cuestiones y dudas acerca de sus servicios contratados. Tras la llamada, sus dudas y inquietudes habr\u00e1n sido resueltas y la atenci\u00f3n al usuario recibida habr\u00e1 sido la adecuada.<br \/>\n<div class=\"colorf\"><div class=\"container clearfix\"><div class=\"col-md-7\"><\/p>\n<h3><span class=\"ez-toc-section\" id=\"Correo_electronico_de_Union_Madrilena\"><\/span>Correo electr\u00f3nico de Uni\u00f3n Madrile\u00f1a<span class=\"ez-toc-section-end\"><\/span><\/h3>\n<p>Tras la llegada de Internet, la creaci\u00f3n de perfiles en plataformas como Hotmail o Gmail, hacen f\u00e1cil el env\u00edo y recibo de mensajes y documentos. Uni\u00f3n Madrile\u00f1a est\u00e1 al tanto y dispone del siguiente e mail <strong>atencionalcliente@unionmadrilena.es<\/strong>\u00a0para que pueda servirle de hilo conductor hacia los profesionales y a la inversa. Se le responder\u00e1 lo m\u00e1s veloz posible, reflejando en todas y cada una de sus palabras, la profesionalidad, experiencia y respeto cara sus inquietudes sobre cualquier factor acerca de su seguro de decesos.<br \/>\n<\/div><\/div><\/div><\/p>\n<h3><span class=\"ez-toc-section\" id=\"Formulario_en_el_sitio_Web_de_Union_Madrilena\"><\/span>Formulario en el sitio Web de Uni\u00f3n Madrile\u00f1a<span class=\"ez-toc-section-end\"><\/span><\/h3>\n<p>En nuestros d\u00edas, internet es el primer buscador de informaci\u00f3n a nivel mundial. Con una libre completa para todo el planeta y un acceso gratuito, Internet es la plataforma l\u00edder del mercado en b\u00fasquedas. Tecleando en Google Uni\u00f3n Madrile\u00f1a vas a poder encontrar toda la informaci\u00f3n sobre su seguro de decesos mediante su p\u00e1gina <strong>unionmadrilena.es\/<\/strong>. La informaci\u00f3n que hallar\u00e1s en su web te va a ser \u00fatil para informarte sobre los servicios que ofrecen, costos, ventajas y considerablemente m\u00e1s, para que de este modo tengas una idea clara de sus servicios. En la p\u00e1gina web, va a poder encontrar un apartado con un formulario en el que deber\u00e1 poner sus datos como nombre y apellidos, tel\u00e9fono, e-mail&#8230; para que los agentes de Uni\u00f3n Madrile\u00f1a puedan ponerse en contacto con y de esta forma resolverle todas las dudas que le haya puesto en tal documento.<br \/>\n<div class=\"colorf\"><div class=\"container clearfix\"><div class=\"col-md-7\"><\/p>\n<h3><span class=\"ez-toc-section\" id=\"Redes_sociales_de_Union_Madrilena\"><\/span>Redes sociales de Uni\u00f3n Madrile\u00f1a<span class=\"ez-toc-section-end\"><\/span><\/h3>\n<p>Miles de personas son parte de las redes sociales con mayor importancia y difusi\u00f3n: Instagram, Twitter y Fb. Al estar al tanto del gran impacto que tienen, Uni\u00f3n Madrile\u00f1a dispone de un perfil en estas plataformas. Solo con buscar el nombre de la compa\u00f1\u00eda en la aplicaci\u00f3n tendr\u00e1 acceso a \u00e9l. Im\u00e1genes, informaci\u00f3n b\u00e1sica, ofertas\u2026 es todo cuanto va a poder encontrar sobre su seguro de decesos en su perfil. Adem\u00e1s de esto, en ciertas aplicaciones le va a ser posible ponerse en contacto con la compa\u00f1\u00eda si de esta manera lo precisa.<br \/>\n<\/div><\/div><\/div><\/p>\n<\/div>\n<p><div class=\"oficinas\"> <h3><span class=\"ez-toc-section\" id=\"Paginas_relacionadas\"><\/span>P\u00e1ginas relacionadas<span class=\"ez-toc-section-end\"><\/span><\/h3><div class=\"enlazado\"><ul> <li><a href=\"https:\/\/idecesos.com\/seguros\/companias\/union-madrilena\/opiniones\/\">Opiniones Uni\u00f3n Madrile\u00f1a<\/a><\/li> <li><a href=\"https:\/\/idecesos.com\/seguros\/companias\/union-madrilena\/precio\/\">Precio seguro Uni\u00f3n Madrile\u00f1a<\/a><\/li> <li><a href=\"https:\/\/idecesos.com\/seguros\/companias\/union-madrilena\/prima-mixta\/\">Uni\u00f3n Madrile\u00f1a Prima Mixta<\/a><\/li> <li><a href=\"https:\/\/idecesos.com\/seguros\/companias\/union-madrilena\/prima-natural\/\">Uni\u00f3n Madrile\u00f1a Prima Natural<\/a><\/li> <li><a href=\"https:\/\/idecesos.com\/seguros\/companias\/union-madrilena\/prima-nivelada\/\">Uni\u00f3n Madrile\u00f1a Prima Nivelada<\/a><\/li> <li><a href=\"https:\/\/idecesos.com\/seguros\/companias\/union-madrilena\/prima-unica\/\">Uni\u00f3n Madrile\u00f1a Prima \u00danica<\/a><\/li> <li><a href=\"https:\/\/idecesos.com\/seguros\/companias\/union-madrilena\/repatriacion\/\">Uni\u00f3n Madrile\u00f1a Repatriaci\u00f3n<\/a><\/li> <li><a href=\"https:\/\/idecesos.com\/seguros\/companias\/union-madrilena\/telefono\/\">Tel\u00e9fono Gratuito Uni\u00f3n Madrile\u00f1a<\/a><\/li>                                                                                                                                                                                                                                                                                                                                                                                                                                                                                                                                                                                                                                                                                                                                                                                                                                                                                                                                                                                                                                                                                                                                                                                                                                                                                                                                                                                                                                                                                                                                                                                                                                                                                                                                                                                                                                                                                                                                                                                                                                                                                                                                                                                                                                                                                                                                                                                                                                                                                                                                                                                                                                                                                                                                                                                                                                                                                                                                                                                                                                                                                                                              <\/ul><\/div> <\/div><\/p>\n","protected":false},"excerpt":{"rendered":"<p>Uni\u00f3n Madrile\u00f1a ofrece varias opciones alternativas para que el usuario pueda percibir informaci\u00f3n de manera f\u00e1cil y accesible, f\u00e1cil y gratis. Si desea saber o ser informado sobre los aspectos y prestaciones que ofrece de su seguro de decesos, como por ejemplo la asistencia en viaje y\/o tras la hospitalizaci\u00f3n, el costo de la urna&hellip; <\/p>\n","protected":false},"author":1,"featured_media":0,"parent":5995,"menu_order":0,"comment_status":"closed","ping_status":"closed","template":"single.php","meta":{"footnotes":""},"class_list":["post-15431","page","type-page","status-publish","hentry"],"yoast_head":"<!-- This site is optimized with the Yoast SEO plugin v27.3 - https:\/\/yoast.com\/product\/yoast-seo-wordpress\/ -->\n<title>Tel\u00e9fono Gratuito Uni\u00f3n Madrile\u00f1a \u25b7Atenci\u00f3n Cliente, Email, RRSS, Web<\/title>\n<meta name=\"description\" content=\"Busca aqu\u00ed\u3010Uni\u00f3n Madrile\u00f1a seguros tel\u00e9fono gratuito\u3011Uni\u00f3n Madrile\u00f1a Decesos tel\u00e9fono gratis: atenci\u00f3n al cliente y contrataciones \u2611\ufe0fVerificado en 2026\" \/>\n<meta name=\"robots\" content=\"index, follow, max-snippet:-1, max-image-preview:large, max-video-preview:-1\" \/>\n<link rel=\"canonical\" href=\"https:\/\/idecesos.com\/seguros\/companias\/union-madrilena\/telefono\/\" \/>\n<meta property=\"og:locale\" content=\"es_ES\" \/>\n<meta property=\"og:type\" content=\"article\" \/>\n<meta property=\"og:title\" content=\"Tel\u00e9fono Gratuito Uni\u00f3n Madrile\u00f1a \u25b7Atenci\u00f3n Cliente, Email, RRSS, Web\" \/>\n<meta property=\"og:description\" content=\"Busca aqu\u00ed\u3010Uni\u00f3n Madrile\u00f1a seguros tel\u00e9fono gratuito\u3011Uni\u00f3n Madrile\u00f1a Decesos tel\u00e9fono gratis: atenci\u00f3n al cliente y contrataciones \u2611\ufe0fVerificado en 2026\" \/>\n<meta property=\"og:url\" content=\"https:\/\/idecesos.com\/seguros\/companias\/union-madrilena\/telefono\/\" \/>\n<meta property=\"article:modified_time\" content=\"2022-03-30T01:19:28+00:00\" \/>\n<meta name=\"twitter:card\" content=\"summary_large_image\" \/>\n<meta name=\"twitter:label1\" content=\"Tiempo de lectura\" \/>\n\t<meta name=\"twitter:data1\" content=\"4 minutos\" \/>\n<script type=\"application\/ld+json\" class=\"yoast-schema-graph\">{\"@context\":\"https:\\\/\\\/schema.org\",\"@graph\":[{\"@type\":\"WebPage\",\"@id\":\"https:\\\/\\\/idecesos.com\\\/seguros\\\/companias\\\/union-madrilena\\\/telefono\\\/\",\"url\":\"https:\\\/\\\/idecesos.com\\\/seguros\\\/companias\\\/union-madrilena\\\/telefono\\\/\",\"name\":\"Tel\u00e9fono Gratuito Uni\u00f3n Madrile\u00f1a \u25b7Atenci\u00f3n Cliente, Email, RRSS, Web\",\"isPartOf\":{\"@id\":\"https:\\\/\\\/idecesos.com\\\/seguros\\\/#website\"},\"datePublished\":\"2021-11-25T10:17:46+00:00\",\"dateModified\":\"2022-03-30T01:19:28+00:00\",\"description\":\"Busca aqu\u00ed\u3010Uni\u00f3n Madrile\u00f1a seguros tel\u00e9fono gratuito\u3011Uni\u00f3n Madrile\u00f1a Decesos tel\u00e9fono gratis: atenci\u00f3n al cliente y contrataciones \u2611\ufe0fVerificado en 2026\",\"breadcrumb\":{\"@id\":\"https:\\\/\\\/idecesos.com\\\/seguros\\\/companias\\\/union-madrilena\\\/telefono\\\/#breadcrumb\"},\"inLanguage\":\"es\",\"potentialAction\":[{\"@type\":\"ReadAction\",\"target\":[\"https:\\\/\\\/idecesos.com\\\/seguros\\\/companias\\\/union-madrilena\\\/telefono\\\/\"]}]},{\"@type\":\"BreadcrumbList\",\"@id\":\"https:\\\/\\\/idecesos.com\\\/seguros\\\/companias\\\/union-madrilena\\\/telefono\\\/#breadcrumb\",\"itemListElement\":[{\"@type\":\"ListItem\",\"position\":1,\"name\":\"Portada\",\"item\":\"https:\\\/\\\/idecesos.com\\\/seguros\\\/\"},{\"@type\":\"ListItem\",\"position\":2,\"name\":\"Compa\u00f1\u00edas de Seguros de Decesos en Espa\u00f1a\",\"item\":\"https:\\\/\\\/idecesos.com\\\/seguros\\\/companias\\\/\"},{\"@type\":\"ListItem\",\"position\":3,\"name\":\"Seguro de Decesos Uni\u00f3n Madrile\u00f1a\",\"item\":\"https:\\\/\\\/idecesos.com\\\/seguros\\\/companias\\\/union-madrilena\\\/\"},{\"@type\":\"ListItem\",\"position\":4,\"name\":\"Atenci\u00f3n al cliente Uni\u00f3n Madrile\u00f1a: telefono gratuito, e-mail\"}]},{\"@type\":\"WebSite\",\"@id\":\"https:\\\/\\\/idecesos.com\\\/seguros\\\/#website\",\"url\":\"https:\\\/\\\/idecesos.com\\\/seguros\\\/\",\"name\":\"\",\"description\":\"\",\"potentialAction\":[{\"@type\":\"SearchAction\",\"target\":{\"@type\":\"EntryPoint\",\"urlTemplate\":\"https:\\\/\\\/idecesos.com\\\/seguros\\\/?s={search_term_string}\"},\"query-input\":{\"@type\":\"PropertyValueSpecification\",\"valueRequired\":true,\"valueName\":\"search_term_string\"}}],\"inLanguage\":\"es\"}]}<\/script>\n<!-- \/ Yoast SEO plugin. -->","yoast_head_json":{"title":"Tel\u00e9fono Gratuito Uni\u00f3n Madrile\u00f1a \u25b7Atenci\u00f3n Cliente, Email, RRSS, Web","description":"Busca aqu\u00ed\u3010Uni\u00f3n Madrile\u00f1a seguros tel\u00e9fono gratuito\u3011Uni\u00f3n Madrile\u00f1a Decesos tel\u00e9fono gratis: atenci\u00f3n al cliente y contrataciones \u2611\ufe0fVerificado en 2026","robots":{"index":"index","follow":"follow","max-snippet":"max-snippet:-1","max-image-preview":"max-image-preview:large","max-video-preview":"max-video-preview:-1"},"canonical":"https:\/\/idecesos.com\/seguros\/companias\/union-madrilena\/telefono\/","og_locale":"es_ES","og_type":"article","og_title":"Tel\u00e9fono Gratuito Uni\u00f3n Madrile\u00f1a \u25b7Atenci\u00f3n Cliente, Email, RRSS, Web","og_description":"Busca aqu\u00ed\u3010Uni\u00f3n Madrile\u00f1a seguros tel\u00e9fono gratuito\u3011Uni\u00f3n Madrile\u00f1a Decesos tel\u00e9fono gratis: atenci\u00f3n al cliente y contrataciones \u2611\ufe0fVerificado en 2026","og_url":"https:\/\/idecesos.com\/seguros\/companias\/union-madrilena\/telefono\/","article_modified_time":"2022-03-30T01:19:28+00:00","twitter_card":"summary_large_image","twitter_misc":{"Tiempo de lectura":"4 minutos"},"schema":{"@context":"https:\/\/schema.org","@graph":[{"@type":"WebPage","@id":"https:\/\/idecesos.com\/seguros\/companias\/union-madrilena\/telefono\/","url":"https:\/\/idecesos.com\/seguros\/companias\/union-madrilena\/telefono\/","name":"Tel\u00e9fono Gratuito Uni\u00f3n Madrile\u00f1a \u25b7Atenci\u00f3n Cliente, Email, RRSS, Web","isPartOf":{"@id":"https:\/\/idecesos.com\/seguros\/#website"},"datePublished":"2021-11-25T10:17:46+00:00","dateModified":"2022-03-30T01:19:28+00:00","description":"Busca aqu\u00ed\u3010Uni\u00f3n Madrile\u00f1a seguros tel\u00e9fono gratuito\u3011Uni\u00f3n Madrile\u00f1a Decesos tel\u00e9fono gratis: atenci\u00f3n al cliente y contrataciones \u2611\ufe0fVerificado en 2026","breadcrumb":{"@id":"https:\/\/idecesos.com\/seguros\/companias\/union-madrilena\/telefono\/#breadcrumb"},"inLanguage":"es","potentialAction":[{"@type":"ReadAction","target":["https:\/\/idecesos.com\/seguros\/companias\/union-madrilena\/telefono\/"]}]},{"@type":"BreadcrumbList","@id":"https:\/\/idecesos.com\/seguros\/companias\/union-madrilena\/telefono\/#breadcrumb","itemListElement":[{"@type":"ListItem","position":1,"name":"Portada","item":"https:\/\/idecesos.com\/seguros\/"},{"@type":"ListItem","position":2,"name":"Compa\u00f1\u00edas de Seguros de Decesos en Espa\u00f1a","item":"https:\/\/idecesos.com\/seguros\/companias\/"},{"@type":"ListItem","position":3,"name":"Seguro de Decesos Uni\u00f3n Madrile\u00f1a","item":"https:\/\/idecesos.com\/seguros\/companias\/union-madrilena\/"},{"@type":"ListItem","position":4,"name":"Atenci\u00f3n al cliente Uni\u00f3n Madrile\u00f1a: telefono gratuito, e-mail"}]},{"@type":"WebSite","@id":"https:\/\/idecesos.com\/seguros\/#website","url":"https:\/\/idecesos.com\/seguros\/","name":"","description":"","potentialAction":[{"@type":"SearchAction","target":{"@type":"EntryPoint","urlTemplate":"https:\/\/idecesos.com\/seguros\/?s={search_term_string}"},"query-input":{"@type":"PropertyValueSpecification","valueRequired":true,"valueName":"search_term_string"}}],"inLanguage":"es"}]}},"_links":{"self":[{"href":"https:\/\/idecesos.com\/seguros\/wp-json\/wp\/v2\/pages\/15431","targetHints":{"allow":["GET"]}}],"collection":[{"href":"https:\/\/idecesos.com\/seguros\/wp-json\/wp\/v2\/pages"}],"about":[{"href":"https:\/\/idecesos.com\/seguros\/wp-json\/wp\/v2\/types\/page"}],"author":[{"embeddable":true,"href":"https:\/\/idecesos.com\/seguros\/wp-json\/wp\/v2\/users\/1"}],"replies":[{"embeddable":true,"href":"https:\/\/idecesos.com\/seguros\/wp-json\/wp\/v2\/comments?post=15431"}],"version-history":[{"count":8,"href":"https:\/\/idecesos.com\/seguros\/wp-json\/wp\/v2\/pages\/15431\/revisions"}],"predecessor-version":[{"id":20906,"href":"https:\/\/idecesos.com\/seguros\/wp-json\/wp\/v2\/pages\/15431\/revisions\/20906"}],"up":[{"embeddable":true,"href":"https:\/\/idecesos.com\/seguros\/wp-json\/wp\/v2\/pages\/5995"}],"wp:attachment":[{"href":"https:\/\/idecesos.com\/seguros\/wp-json\/wp\/v2\/media?parent=15431"}],"curies":[{"name":"wp","href":"https:\/\/api.w.org\/{rel}","templated":true}]}}