{"id":15433,"date":"2021-11-26T09:13:03","date_gmt":"2021-11-25T10:17:47","guid":{"rendered":"https:\/\/idecesos.com\/seguros\/companias\/asociacion-europea\/telefono\/"},"modified":"2022-04-05T09:43:48","modified_gmt":"2022-04-05T09:43:48","slug":"telefono","status":"publish","type":"page","link":"https:\/\/idecesos.com\/seguros\/companias\/asociacion-europea\/telefono\/","title":{"rendered":"Atenci\u00f3n al cliente Asociaci\u00f3n Europea: telefono gratuito, e-mail"},"content":{"rendered":"<div id=\"ez-toc-container\" class=\"ez-toc-v2_0_82_2 ez-toc-wrap-center counter-hierarchy ez-toc-counter ez-toc-custom ez-toc-container-direction\">\n<div class=\"ez-toc-title-container\">\n<p class=\"ez-toc-title\" style=\"cursor:inherit\">Tabla de Contenido<\/p>\n<span class=\"ez-toc-title-toggle\"><a href=\"#\" class=\"ez-toc-pull-right ez-toc-btn ez-toc-btn-xs ez-toc-btn-default ez-toc-toggle\" aria-label=\"Alternar tabla de contenidos\"><span class=\"ez-toc-js-icon-con\"><span class=\"\"><span class=\"eztoc-hide\" style=\"display:none;\">Toggle<\/span><span class=\"ez-toc-icon-toggle-span\"><svg style=\"fill: #db6415;color:#db6415\" xmlns=\"http:\/\/www.w3.org\/2000\/svg\" class=\"list-377408\" width=\"20px\" height=\"20px\" viewBox=\"0 0 24 24\" fill=\"none\"><path d=\"M6 6H4v2h2V6zm14 0H8v2h12V6zM4 11h2v2H4v-2zm16 0H8v2h12v-2zM4 16h2v2H4v-2zm16 0H8v2h12v-2z\" fill=\"currentColor\"><\/path><\/svg><svg style=\"fill: #db6415;color:#db6415\" class=\"arrow-unsorted-368013\" xmlns=\"http:\/\/www.w3.org\/2000\/svg\" width=\"10px\" height=\"10px\" viewBox=\"0 0 24 24\" version=\"1.2\" baseProfile=\"tiny\"><path d=\"M18.2 9.3l-6.2-6.3-6.2 6.3c-.2.2-.3.4-.3.7s.1.5.3.7c.2.2.4.3.7.3h11c.3 0 .5-.1.7-.3.2-.2.3-.5.3-.7s-.1-.5-.3-.7zM5.8 14.7l6.2 6.3 6.2-6.3c.2-.2.3-.5.3-.7s-.1-.5-.3-.7c-.2-.2-.4-.3-.7-.3h-11c-.3 0-.5.1-.7.3-.2.2-.3.5-.3.7s.1.5.3.7z\"\/><\/svg><\/span><\/span><\/span><\/a><\/span><\/div>\n<nav><ul class='ez-toc-list ez-toc-list-level-1 ' ><ul class='ez-toc-list-level-4' ><li class='ez-toc-heading-level-4'><ul class='ez-toc-list-level-4' ><li class='ez-toc-heading-level-4'><a class=\"ez-toc-link ez-toc-heading-1\" href=\"https:\/\/idecesos.com\/seguros\/companias\/asociacion-europea\/telefono\/#Telefono_Contrataciones_951_127_403\" >Tel\u00e9fono Contrataciones \n951 127 403<\/a><\/li><\/ul><\/li><\/ul><\/li><li class='ez-toc-page-1 ez-toc-heading-level-2'><a class=\"ez-toc-link ez-toc-heading-2\" href=\"https:\/\/idecesos.com\/seguros\/companias\/asociacion-europea\/telefono\/#%C2%BFComo_contactar_con_Asociacion_Europea\" >\u00bfC\u00f3mo contactar con Asociaci\u00f3n Europea?<\/a><ul class='ez-toc-list-level-3' ><li class='ez-toc-heading-level-3'><a class=\"ez-toc-link ez-toc-heading-3\" href=\"https:\/\/idecesos.com\/seguros\/companias\/asociacion-europea\/telefono\/#Telefono_gratuito_de_Asociacion_Europea\" >Tel\u00e9fono gratuito de Asociaci\u00f3n Europea<\/a><\/li><li class='ez-toc-page-1 ez-toc-heading-level-3'><a class=\"ez-toc-link ez-toc-heading-4\" href=\"https:\/\/idecesos.com\/seguros\/companias\/asociacion-europea\/telefono\/#Horario_de_atencion_al_cliente_de_Asociacion_Europea\" >Horario de atenci\u00f3n al cliente de Asociaci\u00f3n Europea<\/a><\/li><li class='ez-toc-page-1 ez-toc-heading-level-3'><a class=\"ez-toc-link ez-toc-heading-5\" href=\"https:\/\/idecesos.com\/seguros\/companias\/asociacion-europea\/telefono\/#Correo_electronico_de_Asociacion_Europea\" >Correo electr\u00f3nico de Asociaci\u00f3n Europea<\/a><\/li><li class='ez-toc-page-1 ez-toc-heading-level-3'><a class=\"ez-toc-link ez-toc-heading-6\" href=\"https:\/\/idecesos.com\/seguros\/companias\/asociacion-europea\/telefono\/#Formulario_en_el_sitio_Web_de_Asociacion_Europea\" >Formulario en el sitio Web de Asociaci\u00f3n Europea<\/a><\/li><li class='ez-toc-page-1 ez-toc-heading-level-3'><a class=\"ez-toc-link ez-toc-heading-7\" href=\"https:\/\/idecesos.com\/seguros\/companias\/asociacion-europea\/telefono\/#Redes_sociales_de_Asociacion_Europea\" >Redes sociales de Asociaci\u00f3n Europea<\/a><\/li><li class='ez-toc-page-1 ez-toc-heading-level-3'><a class=\"ez-toc-link ez-toc-heading-8\" href=\"https:\/\/idecesos.com\/seguros\/companias\/asociacion-europea\/telefono\/#Paginas_relacionadas\" >P\u00e1ginas relacionadas<\/a><\/li><\/ul><\/li><\/ul><\/nav><\/div>\n\n<div class=\"caja\">\n<div class=\"cajaIcono2 \"  ><div class=\"cuadro\" style=\"box-shadow: inset 0 0 0 3px #ff790e\"><div class=\"iconoCircular\" style=\"border: 3px solid #ff790e\">\t\t\n\t\t\t\t\t<div class=\"iconoCirculo\">\n\t\t\t\t\t  <i class=\"fas fa-phone-volume\"><\/i>\n\t\t\t\t\t<\/div>\n\t\t\t\t<\/div><div class=\"\">\n<h4 style=\"text-align: center;\"><span class=\"ez-toc-section\" id=\"Telefono_Contrataciones_951_127_403\"><\/span><strong>Tel\u00e9fono Contrataciones<br \/>\n951 127 403<\/strong><span class=\"ez-toc-section-end\"><\/span><\/h4>\n<p><\/div><\/div><\/div><br \/>\nPara que pueda obtener informaci\u00f3n sin dificultad alguna, Asociaci\u00f3n Europea brinda al p\u00fablico distintos m\u00e9todos para poder contactar. Con cada una de las opciones, tendr\u00e1 una respuesta rapid\u00edsima por la parte de los especialistas asesores en su seguro de decesos y no tendr\u00e1 la necesidad de moverse del lugar. Todos los tr\u00e1mites van a estar cerrados cuando llegue el instante de la muerte del ser querido, debido a que la compa\u00f1\u00eda comprende su situaci\u00f3n y tratar\u00e1 siempre y en todo momento el tema con el respeto que se merece. La informaci\u00f3n que se le podr\u00e1 facilitar y cubrir sobre su seguro girar\u00e1 en torno a las distintas coberturas (seguro bucal, de traslado nacional e internacional del fallecido y de accidentes), indemnizaci\u00f3n diaria por hospitalizaci\u00f3n, ayuda sicol\u00f3gica, distintos servicios (de testamento, f\u00fanebre) y otros m\u00e1s.<br \/>\n<\/div><\/p>\n<div class=\"colorf \"  ><div class=\"container clearfix\"><div class=\"col-md-7\"><\/p>\n<h2><span class=\"ez-toc-section\" id=\"%C2%BFComo_contactar_con_Asociacion_Europea\"><\/span>\u00bfC\u00f3mo contactar con Asociaci\u00f3n Europea?<span class=\"ez-toc-section-end\"><\/span><\/h2>\n<p>Asociaci\u00f3n Europea te ofrece varias maneras f\u00e1ciles de contactar con ellos. Asociaci\u00f3n Europea te ofrece las siguientes formas de contacto: tel\u00e9fono gratuito, correo electr\u00f3nico, un formulario a trav\u00e9s de su web o sus redes sociales.<br \/>\n<\/div><\/div><\/div>\n<h3><span class=\"ez-toc-section\" id=\"Telefono_gratuito_de_Asociacion_Europea\"><\/span>Tel\u00e9fono gratuito de Asociaci\u00f3n Europea<span class=\"ez-toc-section-end\"><\/span><\/h3>\n<p>A continuaci\u00f3n le mostramos el n\u00famero de tel\u00e9fono para contactar con Asociaci\u00f3n Europea <strong>915 31 15 90<\/strong>. En la actualidad el tiempo es muy importante. De ah\u00ed que Asociaci\u00f3n Europea est\u00e1 al tanto de que este m\u00e9todo es r\u00e1pido y simple de emplear. Adem\u00e1s mediante te podr\u00e1n solventar todas tus cuestiones o bien dudas acerca de tu seguro. Es esencial que sepas que la llamada a Asociaci\u00f3n Europea es plenamente gratis con lo que los minutos que est\u00e9s hablando con ellos no repercutir\u00e1n en tu tarifa. En todo momento, le atender\u00e1 un asesor y especialista en seguros de decesos a fin de que as\u00ed pueda quedar satisfecho tras acabar la llamada.<br \/>\n<div class=\"colorf\"><div class=\"container clearfix\"><div class=\"col-md-7\"><\/p>\n<div class=\"cabecera_tabla_ajustada \"  style=\"width:80%\" ><div class=\"row\"><\/div>\n<p><div class=\"fila_tabla4 \"  ><div class=\"row\"><div class=\"col-8 nosepara izq\"><p><strong>Tel\u00e9fono para contrataciones<\/strong><\/p><\/div><div class=\"col-4 nosepara centro\">951 127 403<\/div><\/div><\/div><div class=\"fila_tabla4 \"  ><div class=\"row\"><div class=\"col-8 nosepara izq\"><p><strong>Tel\u00e9fono informaci\u00f3n<\/strong><\/p><\/div><div class=\"col-4 nosepara centro\">91 531 20 69<\/div><\/div><\/div><\/p>\n<div class=\"pie_tabla \"  ><div class=\"row\"><div class=\"col-12 \"><\/div><\/div><\/div><\/div>\n<\/div><\/div><\/div>\n<h3><span class=\"ez-toc-section\" id=\"Horario_de_atencion_al_cliente_de_Asociacion_Europea\"><\/span>Horario de atenci\u00f3n al cliente de Asociaci\u00f3n Europea<span class=\"ez-toc-section-end\"><\/span><\/h3>\n<p>Asociaci\u00f3n Europea es consciente de los diferentes horarios que puedan tener sus clientes del servicio por ellos tienen asistencia en diferentes franjas horarias a fin de que no te tengas que preocupar por nada y puedas solucionar sus dudas sin problema. La persona que le atender\u00e1 pasar\u00e1 su llamada a uno de los especialistas de Asociaci\u00f3n Europea a fin de que pueda charlar con usted y pueda solucionarle cualquier duda o cuesti\u00f3n que tenga sobre su seguro de decesos contratado. De este modo, van a quedar resueltas las dudas o bien cuestiones que le hab\u00edan llevado a contactar con la Asociaci\u00f3n Europea.<br \/>\n<div class=\"colorf\"><div class=\"container clearfix\"><div class=\"col-md-7\"><\/p>\n<h3><span class=\"ez-toc-section\" id=\"Correo_electronico_de_Asociacion_Europea\"><\/span>Correo electr\u00f3nico de Asociaci\u00f3n Europea<span class=\"ez-toc-section-end\"><\/span><\/h3>\n<p>Hoy en d\u00eda, las tecnolog\u00edas han avanzado y la poblaci\u00f3n ha seguido cada paso agigantado que ha dado. Internet es parte integrante de la vida de la enorme mayor\u00eda de las personas del mundo, con lo que disponen de perfiles en Hotmail, Gmail\u2026 Plataformas necesarias para el env\u00edo y recibo de informaci\u00f3n, sin tener la necesidad de desplazarse del sitio, en tanto que, pr\u00e1cticamente todo, est\u00e1 digitalizado. Asociaci\u00f3n Europea ha tenido en cuenta esta evoluci\u00f3n de la sociedad por lo que ofrece a sus usuarios un mail para poder contactar con ellos <strong>info@asociacioneuropea.es<\/strong>. Podr\u00e1 mandar a esta direcci\u00f3n cualquier cuesti\u00f3n, pregunta, duda o bien inquietud que le parezca sobre su seguro de decesos. La contestaci\u00f3n que le den los agentes habr\u00e1 sido estudiada y preparada por los especialistas de Asociaci\u00f3n Europea.<br \/>\n<\/div><\/div><\/div><\/p>\n<h3><span class=\"ez-toc-section\" id=\"Formulario_en_el_sitio_Web_de_Asociacion_Europea\"><\/span>Formulario en el sitio Web de Asociaci\u00f3n Europea<span class=\"ez-toc-section-end\"><\/span><\/h3>\n<p>Entrar en la red para buscar algo es de los actos m\u00e1s comunes que existen en la actualidad en esta nueva era de la digitalizaci\u00f3n. Esto es de esta manera por la globalizaci\u00f3n de la plataforma y por el enorme alance que tiene. Con lo que todo el planeta la utiliza. Poniendo en el buscador Asociaci\u00f3n Europea vas a poder localizar todo lo que precisas sobre sus seguro de decesos mediante su web <strong>asociacioneuropea.com\/<\/strong>. La informaci\u00f3n que hallar\u00e1s en su web te ser\u00e1 \u00fatil para informarte sobre los servicios que ofrecen, precios, ventajas y considerablemente m\u00e1s, para que de esta forma tengas una idea clara de sus servicios. En la p\u00e1gina web de Asociaci\u00f3n Europea hallar\u00e1s un formulario que vas a deber rellenar con sus datos apartados como nombre y apellidos, e mail, n\u00famero de tel\u00e9fono&#8230; para que el agente experto en el tema pueda solventar sus preguntas y cuestiones lo m\u00e1s r\u00e1pido posible.<br \/>\n<div class=\"colorf\"><div class=\"container clearfix\"><div class=\"col-md-7\"><\/p>\n<h3><span class=\"ez-toc-section\" id=\"Redes_sociales_de_Asociacion_Europea\"><\/span>Redes sociales de Asociaci\u00f3n Europea<span class=\"ez-toc-section-end\"><\/span><\/h3>\n<p>Hoy en d\u00eda, redes sociales como Instagram, Facebook, Twitter o TikTok cubren un gran parte del tiempo de las personas es por esta raz\u00f3n que son herramientas que tienen una gran difusi\u00f3n y alcance en todo el planeta. Pr\u00e1cticamente todo el planeta tiene una de estas aplicaciones si no est\u00e1 registrado en todas. Asociaci\u00f3n Europea tiene una cuenta propia en alguna de estas redes sociales. En cada uno de ellos podr\u00e1s localizar informaci\u00f3n sobre qui\u00e9nes son, ofertas libres que lanzan, la localizaci\u00f3n exacta de su sede central, link a su p\u00e1gina, im\u00e1genes, etc\u00e9teraEn ciertas redes sociales puedes contactar con Asociaci\u00f3n Europea a fin de que as\u00ed puedas sostener el contacto con ellos sin buscar ning\u00fan tel\u00e9fono o bien correo.<br \/>\n<\/div><\/div><\/div><br \/>\n<\/div><\/p>\n<p><div class=\"oficinas\"> <h3><span class=\"ez-toc-section\" id=\"Paginas_relacionadas\"><\/span>P\u00e1ginas relacionadas<span class=\"ez-toc-section-end\"><\/span><\/h3><div class=\"enlazado\"><ul> <li><a href=\"https:\/\/idecesos.com\/seguros\/companias\/asociacion-europea\/opiniones\/\">Opiniones Asociaci\u00f3n Europea<\/a><\/li> <li><a href=\"https:\/\/idecesos.com\/seguros\/companias\/asociacion-europea\/precio\/\">Precio seguro Asociaci\u00f3n Europea<\/a><\/li> <li><a href=\"https:\/\/idecesos.com\/seguros\/companias\/asociacion-europea\/prima-mixta\/\">Asociaci\u00f3n Europea Prima Mixta<\/a><\/li> <li><a href=\"https:\/\/idecesos.com\/seguros\/companias\/asociacion-europea\/prima-natural\/\">Asociaci\u00f3n Europea Prima Natural<\/a><\/li> <li><a href=\"https:\/\/idecesos.com\/seguros\/companias\/asociacion-europea\/prima-nivelada\/\">Asociaci\u00f3n Europea Prima Nivelada<\/a><\/li> <li><a href=\"https:\/\/idecesos.com\/seguros\/companias\/asociacion-europea\/prima-unica\/\">Asociaci\u00f3n Europea Prima \u00danica<\/a><\/li> <li><a href=\"https:\/\/idecesos.com\/seguros\/companias\/asociacion-europea\/repatriacion\/\">Asociaci\u00f3n Europea Repatriaci\u00f3n<\/a><\/li> <li><a href=\"https:\/\/idecesos.com\/seguros\/companias\/asociacion-europea\/telefono\/\">Tel\u00e9fono Gratuito Asociaci\u00f3n Europea<\/a><\/li><\/ul><\/div> <\/div><\/p>\n","protected":false},"excerpt":{"rendered":"<p>Para que pueda obtener informaci\u00f3n sin dificultad alguna, Asociaci\u00f3n Europea brinda al p\u00fablico distintos m\u00e9todos para poder contactar. Con cada una de las opciones, tendr\u00e1 una respuesta rapid\u00edsima por la parte de los especialistas asesores en su seguro de decesos y no tendr\u00e1 la necesidad de moverse del lugar. Todos los tr\u00e1mites van a estar&hellip; <\/p>\n","protected":false},"author":1,"featured_media":0,"parent":6000,"menu_order":0,"comment_status":"closed","ping_status":"closed","template":"single.php","meta":{"footnotes":""},"class_list":["post-15433","page","type-page","status-publish","hentry"],"yoast_head":"<!-- This site is optimized with the Yoast SEO plugin v27.3 - https:\/\/yoast.com\/product\/yoast-seo-wordpress\/ -->\n<title>Tel\u00e9fono Gratuito Asociaci\u00f3n Europea \u25b7Atenci\u00f3n Cliente, Email, RRSS, Web<\/title>\n<meta name=\"description\" content=\"Busca aqu\u00ed\u3010Asociaci\u00f3n Europea seguros tel\u00e9fono gratuito\u3011Asociaci\u00f3n Europea Decesos tel\u00e9fono gratis: atenci\u00f3n al cliente y contrataciones \u2611\ufe0fVerificado en 2026\" \/>\n<meta name=\"robots\" content=\"index, follow, max-snippet:-1, max-image-preview:large, max-video-preview:-1\" \/>\n<link rel=\"canonical\" href=\"https:\/\/idecesos.com\/seguros\/companias\/asociacion-europea\/telefono\/\" \/>\n<meta property=\"og:locale\" content=\"es_ES\" \/>\n<meta property=\"og:type\" content=\"article\" \/>\n<meta property=\"og:title\" content=\"Tel\u00e9fono Gratuito Asociaci\u00f3n Europea \u25b7Atenci\u00f3n Cliente, Email, RRSS, Web\" \/>\n<meta property=\"og:description\" content=\"Busca aqu\u00ed\u3010Asociaci\u00f3n Europea seguros tel\u00e9fono gratuito\u3011Asociaci\u00f3n Europea Decesos tel\u00e9fono gratis: atenci\u00f3n al cliente y contrataciones \u2611\ufe0fVerificado en 2026\" \/>\n<meta property=\"og:url\" content=\"https:\/\/idecesos.com\/seguros\/companias\/asociacion-europea\/telefono\/\" \/>\n<meta property=\"article:modified_time\" content=\"2022-04-05T09:43:48+00:00\" \/>\n<meta name=\"twitter:card\" content=\"summary_large_image\" \/>\n<meta name=\"twitter:label1\" content=\"Tiempo de lectura\" \/>\n\t<meta name=\"twitter:data1\" content=\"5 minutos\" \/>\n<script type=\"application\/ld+json\" class=\"yoast-schema-graph\">{\"@context\":\"https:\\\/\\\/schema.org\",\"@graph\":[{\"@type\":\"WebPage\",\"@id\":\"https:\\\/\\\/idecesos.com\\\/seguros\\\/companias\\\/asociacion-europea\\\/telefono\\\/\",\"url\":\"https:\\\/\\\/idecesos.com\\\/seguros\\\/companias\\\/asociacion-europea\\\/telefono\\\/\",\"name\":\"Tel\u00e9fono Gratuito Asociaci\u00f3n Europea \u25b7Atenci\u00f3n Cliente, Email, RRSS, Web\",\"isPartOf\":{\"@id\":\"https:\\\/\\\/idecesos.com\\\/seguros\\\/#website\"},\"datePublished\":\"2021-11-25T10:17:47+00:00\",\"dateModified\":\"2022-04-05T09:43:48+00:00\",\"description\":\"Busca aqu\u00ed\u3010Asociaci\u00f3n Europea seguros tel\u00e9fono gratuito\u3011Asociaci\u00f3n Europea Decesos tel\u00e9fono gratis: atenci\u00f3n al cliente y contrataciones \u2611\ufe0fVerificado en 2026\",\"breadcrumb\":{\"@id\":\"https:\\\/\\\/idecesos.com\\\/seguros\\\/companias\\\/asociacion-europea\\\/telefono\\\/#breadcrumb\"},\"inLanguage\":\"es\",\"potentialAction\":[{\"@type\":\"ReadAction\",\"target\":[\"https:\\\/\\\/idecesos.com\\\/seguros\\\/companias\\\/asociacion-europea\\\/telefono\\\/\"]}]},{\"@type\":\"BreadcrumbList\",\"@id\":\"https:\\\/\\\/idecesos.com\\\/seguros\\\/companias\\\/asociacion-europea\\\/telefono\\\/#breadcrumb\",\"itemListElement\":[{\"@type\":\"ListItem\",\"position\":1,\"name\":\"Portada\",\"item\":\"https:\\\/\\\/idecesos.com\\\/seguros\\\/\"},{\"@type\":\"ListItem\",\"position\":2,\"name\":\"Compa\u00f1\u00edas de Seguros de Decesos en Espa\u00f1a\",\"item\":\"https:\\\/\\\/idecesos.com\\\/seguros\\\/companias\\\/\"},{\"@type\":\"ListItem\",\"position\":3,\"name\":\"Seguro de Decesos Asociaci\u00f3n Europea\",\"item\":\"https:\\\/\\\/idecesos.com\\\/seguros\\\/companias\\\/asociacion-europea\\\/\"},{\"@type\":\"ListItem\",\"position\":4,\"name\":\"Atenci\u00f3n al cliente Asociaci\u00f3n Europea: telefono gratuito, e-mail\"}]},{\"@type\":\"WebSite\",\"@id\":\"https:\\\/\\\/idecesos.com\\\/seguros\\\/#website\",\"url\":\"https:\\\/\\\/idecesos.com\\\/seguros\\\/\",\"name\":\"\",\"description\":\"\",\"potentialAction\":[{\"@type\":\"SearchAction\",\"target\":{\"@type\":\"EntryPoint\",\"urlTemplate\":\"https:\\\/\\\/idecesos.com\\\/seguros\\\/?s={search_term_string}\"},\"query-input\":{\"@type\":\"PropertyValueSpecification\",\"valueRequired\":true,\"valueName\":\"search_term_string\"}}],\"inLanguage\":\"es\"}]}<\/script>\n<!-- \/ Yoast SEO plugin. -->","yoast_head_json":{"title":"Tel\u00e9fono Gratuito Asociaci\u00f3n Europea \u25b7Atenci\u00f3n Cliente, Email, RRSS, Web","description":"Busca aqu\u00ed\u3010Asociaci\u00f3n Europea seguros tel\u00e9fono gratuito\u3011Asociaci\u00f3n Europea Decesos tel\u00e9fono gratis: atenci\u00f3n al cliente y contrataciones \u2611\ufe0fVerificado en 2026","robots":{"index":"index","follow":"follow","max-snippet":"max-snippet:-1","max-image-preview":"max-image-preview:large","max-video-preview":"max-video-preview:-1"},"canonical":"https:\/\/idecesos.com\/seguros\/companias\/asociacion-europea\/telefono\/","og_locale":"es_ES","og_type":"article","og_title":"Tel\u00e9fono Gratuito Asociaci\u00f3n Europea \u25b7Atenci\u00f3n Cliente, Email, RRSS, Web","og_description":"Busca aqu\u00ed\u3010Asociaci\u00f3n Europea seguros tel\u00e9fono gratuito\u3011Asociaci\u00f3n Europea Decesos tel\u00e9fono gratis: atenci\u00f3n al cliente y contrataciones \u2611\ufe0fVerificado en 2026","og_url":"https:\/\/idecesos.com\/seguros\/companias\/asociacion-europea\/telefono\/","article_modified_time":"2022-04-05T09:43:48+00:00","twitter_card":"summary_large_image","twitter_misc":{"Tiempo de lectura":"5 minutos"},"schema":{"@context":"https:\/\/schema.org","@graph":[{"@type":"WebPage","@id":"https:\/\/idecesos.com\/seguros\/companias\/asociacion-europea\/telefono\/","url":"https:\/\/idecesos.com\/seguros\/companias\/asociacion-europea\/telefono\/","name":"Tel\u00e9fono Gratuito Asociaci\u00f3n Europea \u25b7Atenci\u00f3n Cliente, Email, RRSS, Web","isPartOf":{"@id":"https:\/\/idecesos.com\/seguros\/#website"},"datePublished":"2021-11-25T10:17:47+00:00","dateModified":"2022-04-05T09:43:48+00:00","description":"Busca aqu\u00ed\u3010Asociaci\u00f3n Europea seguros tel\u00e9fono gratuito\u3011Asociaci\u00f3n Europea Decesos tel\u00e9fono gratis: atenci\u00f3n al cliente y contrataciones \u2611\ufe0fVerificado en 2026","breadcrumb":{"@id":"https:\/\/idecesos.com\/seguros\/companias\/asociacion-europea\/telefono\/#breadcrumb"},"inLanguage":"es","potentialAction":[{"@type":"ReadAction","target":["https:\/\/idecesos.com\/seguros\/companias\/asociacion-europea\/telefono\/"]}]},{"@type":"BreadcrumbList","@id":"https:\/\/idecesos.com\/seguros\/companias\/asociacion-europea\/telefono\/#breadcrumb","itemListElement":[{"@type":"ListItem","position":1,"name":"Portada","item":"https:\/\/idecesos.com\/seguros\/"},{"@type":"ListItem","position":2,"name":"Compa\u00f1\u00edas de Seguros de Decesos en Espa\u00f1a","item":"https:\/\/idecesos.com\/seguros\/companias\/"},{"@type":"ListItem","position":3,"name":"Seguro de Decesos Asociaci\u00f3n Europea","item":"https:\/\/idecesos.com\/seguros\/companias\/asociacion-europea\/"},{"@type":"ListItem","position":4,"name":"Atenci\u00f3n al cliente Asociaci\u00f3n Europea: telefono gratuito, e-mail"}]},{"@type":"WebSite","@id":"https:\/\/idecesos.com\/seguros\/#website","url":"https:\/\/idecesos.com\/seguros\/","name":"","description":"","potentialAction":[{"@type":"SearchAction","target":{"@type":"EntryPoint","urlTemplate":"https:\/\/idecesos.com\/seguros\/?s={search_term_string}"},"query-input":{"@type":"PropertyValueSpecification","valueRequired":true,"valueName":"search_term_string"}}],"inLanguage":"es"}]}},"_links":{"self":[{"href":"https:\/\/idecesos.com\/seguros\/wp-json\/wp\/v2\/pages\/15433","targetHints":{"allow":["GET"]}}],"collection":[{"href":"https:\/\/idecesos.com\/seguros\/wp-json\/wp\/v2\/pages"}],"about":[{"href":"https:\/\/idecesos.com\/seguros\/wp-json\/wp\/v2\/types\/page"}],"author":[{"embeddable":true,"href":"https:\/\/idecesos.com\/seguros\/wp-json\/wp\/v2\/users\/1"}],"replies":[{"embeddable":true,"href":"https:\/\/idecesos.com\/seguros\/wp-json\/wp\/v2\/comments?post=15433"}],"version-history":[{"count":12,"href":"https:\/\/idecesos.com\/seguros\/wp-json\/wp\/v2\/pages\/15433\/revisions"}],"predecessor-version":[{"id":20964,"href":"https:\/\/idecesos.com\/seguros\/wp-json\/wp\/v2\/pages\/15433\/revisions\/20964"}],"up":[{"embeddable":true,"href":"https:\/\/idecesos.com\/seguros\/wp-json\/wp\/v2\/pages\/6000"}],"wp:attachment":[{"href":"https:\/\/idecesos.com\/seguros\/wp-json\/wp\/v2\/media?parent=15433"}],"curies":[{"name":"wp","href":"https:\/\/api.w.org\/{rel}","templated":true}]}}