{"id":15434,"date":"2021-11-26T09:13:04","date_gmt":"2021-11-25T10:17:47","guid":{"rendered":"https:\/\/idecesos.com\/seguros\/companias\/purisima\/telefono\/"},"modified":"2022-03-30T01:14:50","modified_gmt":"2022-03-30T01:14:50","slug":"telefono","status":"publish","type":"page","link":"https:\/\/idecesos.com\/seguros\/companias\/purisima\/telefono\/","title":{"rendered":"Atenci\u00f3n al cliente Pur\u00edsima: telefono gratuito, e-mail"},"content":{"rendered":"<div id=\"ez-toc-container\" class=\"ez-toc-v2_0_82_2 ez-toc-wrap-center counter-hierarchy ez-toc-counter ez-toc-custom ez-toc-container-direction\">\n<div class=\"ez-toc-title-container\">\n<p class=\"ez-toc-title\" style=\"cursor:inherit\">Tabla de Contenido<\/p>\n<span class=\"ez-toc-title-toggle\"><a href=\"#\" class=\"ez-toc-pull-right ez-toc-btn ez-toc-btn-xs ez-toc-btn-default ez-toc-toggle\" aria-label=\"Alternar tabla de contenidos\"><span class=\"ez-toc-js-icon-con\"><span class=\"\"><span class=\"eztoc-hide\" style=\"display:none;\">Toggle<\/span><span class=\"ez-toc-icon-toggle-span\"><svg style=\"fill: #db6415;color:#db6415\" xmlns=\"http:\/\/www.w3.org\/2000\/svg\" class=\"list-377408\" width=\"20px\" height=\"20px\" viewBox=\"0 0 24 24\" fill=\"none\"><path d=\"M6 6H4v2h2V6zm14 0H8v2h12V6zM4 11h2v2H4v-2zm16 0H8v2h12v-2zM4 16h2v2H4v-2zm16 0H8v2h12v-2z\" fill=\"currentColor\"><\/path><\/svg><svg style=\"fill: #db6415;color:#db6415\" class=\"arrow-unsorted-368013\" xmlns=\"http:\/\/www.w3.org\/2000\/svg\" width=\"10px\" height=\"10px\" viewBox=\"0 0 24 24\" version=\"1.2\" baseProfile=\"tiny\"><path d=\"M18.2 9.3l-6.2-6.3-6.2 6.3c-.2.2-.3.4-.3.7s.1.5.3.7c.2.2.4.3.7.3h11c.3 0 .5-.1.7-.3.2-.2.3-.5.3-.7s-.1-.5-.3-.7zM5.8 14.7l6.2 6.3 6.2-6.3c.2-.2.3-.5.3-.7s-.1-.5-.3-.7c-.2-.2-.4-.3-.7-.3h-11c-.3 0-.5.1-.7.3-.2.2-.3.5-.3.7s.1.5.3.7z\"\/><\/svg><\/span><\/span><\/span><\/a><\/span><\/div>\n<nav><ul class='ez-toc-list ez-toc-list-level-1 ' ><ul class='ez-toc-list-level-4' ><li class='ez-toc-heading-level-4'><ul class='ez-toc-list-level-4' ><li class='ez-toc-heading-level-4'><a class=\"ez-toc-link ez-toc-heading-1\" href=\"https:\/\/idecesos.com\/seguros\/companias\/purisima\/telefono\/#Telefono_Contrataciones_951_127_403\" >Tel\u00e9fono Contrataciones \n951 127 403<\/a><\/li><\/ul><\/li><\/ul><\/li><li class='ez-toc-page-1 ez-toc-heading-level-2'><a class=\"ez-toc-link ez-toc-heading-2\" href=\"https:\/\/idecesos.com\/seguros\/companias\/purisima\/telefono\/#%C2%BFComo_contactar_con_Purisima\" >\u00bfC\u00f3mo contactar con Pur\u00edsima?<\/a><ul class='ez-toc-list-level-3' ><li class='ez-toc-heading-level-3'><a class=\"ez-toc-link ez-toc-heading-3\" href=\"https:\/\/idecesos.com\/seguros\/companias\/purisima\/telefono\/#Telefono_gratuito_de_Purisima\" >Tel\u00e9fono gratuito de Pur\u00edsima<\/a><\/li><li class='ez-toc-page-1 ez-toc-heading-level-3'><a class=\"ez-toc-link ez-toc-heading-4\" href=\"https:\/\/idecesos.com\/seguros\/companias\/purisima\/telefono\/#Horario_de_atencion_al_cliente_de_Purisima\" >Horario de atenci\u00f3n al cliente de Pur\u00edsima<\/a><\/li><li class='ez-toc-page-1 ez-toc-heading-level-3'><a class=\"ez-toc-link ez-toc-heading-5\" href=\"https:\/\/idecesos.com\/seguros\/companias\/purisima\/telefono\/#Correo_electronico_de_Purisima\" >Correo electr\u00f3nico de Pur\u00edsima<\/a><\/li><li class='ez-toc-page-1 ez-toc-heading-level-3'><a class=\"ez-toc-link ez-toc-heading-6\" href=\"https:\/\/idecesos.com\/seguros\/companias\/purisima\/telefono\/#Formulario_en_el_sitio_Web_de_Purisima\" >Formulario en el sitio Web de Pur\u00edsima<\/a><\/li><li class='ez-toc-page-1 ez-toc-heading-level-3'><a class=\"ez-toc-link ez-toc-heading-7\" href=\"https:\/\/idecesos.com\/seguros\/companias\/purisima\/telefono\/#Redes_sociales_de_Purisima\" >Redes sociales de Pur\u00edsima<\/a><\/li><li class='ez-toc-page-1 ez-toc-heading-level-3'><a class=\"ez-toc-link ez-toc-heading-8\" href=\"https:\/\/idecesos.com\/seguros\/companias\/purisima\/telefono\/#Paginas_relacionadas\" >P\u00e1ginas relacionadas<\/a><\/li><\/ul><\/li><\/ul><\/nav><\/div>\n\n<div class=\"caja\">\n<div class=\"cajaIcono2 \"  ><div class=\"cuadro\" style=\"box-shadow: inset 0 0 0 3px #ff790e\"><div class=\"iconoCircular\" style=\"border: 3px solid #ff790e\">\t\t\n\t\t\t\t\t<div class=\"iconoCirculo\">\n\t\t\t\t\t  <i class=\"fas fa-phone-volume\"><\/i>\n\t\t\t\t\t<\/div>\n\t\t\t\t<\/div><div class=\"\">\n<h4 style=\"text-align: center;\"><span class=\"ez-toc-section\" id=\"Telefono_Contrataciones_951_127_403\"><\/span><strong>Tel\u00e9fono Contrataciones<br \/>\n951 127 403<\/strong><span class=\"ez-toc-section-end\"><\/span><\/h4>\n<p><\/div><\/div><\/div><br \/>\nPur\u00edsima dispone de un abanico de posibilidades a fin de que pueda conseguir informaci\u00f3n gratuita, simple y sencilla, accesible para todo el planeta. Brinda la oportunidad de poder ser informado, a trav\u00e9s de una persona al cargo del servicio de atenci\u00f3n al usuario, sobre los gastos que pueda acarrear cualquier tr\u00e1mite funerario, las orientaciones m\u00e9dicas libres, los diferentes cementerios libres y, otros m\u00e1s. De esta forma, cuando llegue el instante tan complicado y duro, como es la p\u00e9rdida de un ser querido, no deber\u00e1 preocuparse por ninguna administraci\u00f3n y tr\u00e1mite, en tanto que todo estar\u00e1 cubierto. Los especialistas le van a apoyar en cada paso y resoluci\u00f3n que tome.<br \/>\n<\/div><\/p>\n<div class=\"colorf \"  ><div class=\"container clearfix\"><div class=\"col-md-7\"><\/p>\n<h2><span class=\"ez-toc-section\" id=\"%C2%BFComo_contactar_con_Purisima\"><\/span>\u00bfC\u00f3mo contactar con Pur\u00edsima?<span class=\"ez-toc-section-end\"><\/span><\/h2>\n<p>Contactar con Pur\u00edsima es sencill\u00edsimo. Pur\u00edsima te ofrece las siguientes formas de contacto: tel\u00e9fono gratuito, mail, un formulario por medio de su web o bien sus redes sociales.<br \/>\n<\/div><\/div><\/div>\n<h3><span class=\"ez-toc-section\" id=\"Telefono_gratuito_de_Purisima\"><\/span>Tel\u00e9fono gratuito de Pur\u00edsima<span class=\"ez-toc-section-end\"><\/span><\/h3>\n<p>Se le facilita el siguiente tel\u00e9fono de contacto <strong>915 215 483<\/strong>. En nuestros d\u00edas el tiempo es muy importante. De ah\u00ed que Pur\u00edsima est\u00e1 al tanto de que este m\u00e9todo es r\u00e1pido y f\u00e1cil de usar. Adem\u00e1s de esto a trav\u00e9s de te podr\u00e1n solventar tus cuestiones o dudas acerca de tu seguro. Es esencial que sepas que la llamada a Pur\u00edsima es totalmente gratis por lo que los minutos que est\u00e9s hablando con ellos no repercutir\u00e1n en tu tarifa. En todo momento, le atender\u00e1 un consultor y especialista en seguros de decesos a fin de que as\u00ed pueda quedar satisfecho tras concluir la llamada.<br \/>\n<div class=\"colorf\"><div class=\"container clearfix\"><div class=\"col-md-7\"><\/p>\n<div class=\"cabecera_tabla_ajustada \"  style=\"width:80%\" ><div class=\"row\"><\/div>\n<p><div class=\"fila_tabla4 \"  ><div class=\"row\"><div class=\"col-8 nosepara izq\"><p><strong>Tel\u00e9fono para contrataciones<\/strong><\/p><\/div><div class=\"col-4 nosepara centro\">951 127 403<\/div><\/div><\/div><div class=\"fila_tabla4 \"  ><div class=\"row\"><div class=\"col-8 nosepara izq\"><p><strong>Tel\u00e9fono Atenci\u00f3n Decesos 24h<\/strong><\/p><\/div><div class=\"col-4 nosepara centro\">915 220 522<\/div><\/div><\/div><\/p>\n<div class=\"pie_tabla \"  ><div class=\"row\"><div class=\"col-12 \"><\/div><\/div><\/div><\/div>\n<\/div><\/div><\/div>\n<h3><span class=\"ez-toc-section\" id=\"Horario_de_atencion_al_cliente_de_Purisima\"><\/span>Horario de atenci\u00f3n al cliente de Pur\u00edsima<span class=\"ez-toc-section-end\"><\/span><\/h3>\n<p>Pur\u00edsima tiene un horario muy flexible de atenci\u00f3n al usuario a fin de que llames cuando pueda. Gracias a esto, sus agente podr\u00e1n ayudarle siempre que lo necesite. La persona de atenci\u00f3n al usuario se va a poner a su total predisposici\u00f3n para asistirle en lo que necesite. En el instante que precise, la llamada va a ser desviada a uno de los aconsejes y especialistas de la compa\u00f1\u00eda, que le resolver\u00e1 las preguntas, dudas\u2026 que desee saber sobre su seguro de decesos y cualquier cuesti\u00f3n que le compete. Finalizada la llamada, tendr\u00e1 respuesta a todas sus preguntas y va a estar contento con el trato recibido por la parte del personal.<br \/>\n<div class=\"colorf\"><div class=\"container clearfix\"><div class=\"col-md-7\"><\/p>\n<h3><span class=\"ez-toc-section\" id=\"Correo_electronico_de_Purisima\"><\/span>Correo electr\u00f3nico de Pur\u00edsima<span class=\"ez-toc-section-end\"><\/span><\/h3>\n<p>Internet ha creado una nueva era y, es por esta raz\u00f3n que, para poder mandar o percibir informaci\u00f3n lo m\u00e1s r\u00e1pido posible, se hace mediante plataformas como Gmail y Hotmail. En consecuencia, Pur\u00edsima ha creado la pr\u00f3xima direcci\u00f3n de mail <strong>dpo@purisimaseguros.es<\/strong>\u00a0para que pueda establecer una buena conexi\u00f3n con los profesionales que estar\u00e1n a su disposici\u00f3n. Cada profesional le responder\u00e1 de forma r\u00e1pida, reflejando la experiencia que poseen y el respeto hacia el tema que quiera tratar en torno a sus seguro de decesos.<br \/>\n<\/div><\/div><\/div><\/p>\n<h3><span class=\"ez-toc-section\" id=\"Formulario_en_el_sitio_Web_de_Purisima\"><\/span>Formulario en el sitio Web de Pur\u00edsima<span class=\"ez-toc-section-end\"><\/span><\/h3>\n<p>Internet ha hecho que nuestras vidas cambien y se ha transformado en la plataforma m\u00e1s utilizada. Esto se debe a su simpleza, solo con teclear una palabra o bien pregunta que desee saber, este se la va a dar en unos segundos. Con solo poner en su terminal <strong>www.purisimamps.es\/<\/strong> hallar\u00e1 el sitio web de Pur\u00edsima. Ah\u00ed encontrar\u00e1 la informaci\u00f3n base sobre el seguro de decesos se esta compa\u00f1\u00eda. Precios, coberturas, ventajas, promociones&#8230; una breve descripci\u00f3n que le ayudar\u00e1 a hacerse una idea de lo que ofertan. Se le facilita un formulario que puede rellenar, completando los diferentes campos: nombre y apellidos, e mail, tel\u00e9fono de contacto, etc. Una vez finalizado y mandado, uno de los profesionales de la compa\u00f1\u00eda se va a poner en contacto para poder resolverle cualquier duda o cuesti\u00f3n.<br \/>\n<div class=\"colorf\"><div class=\"container clearfix\"><div class=\"col-md-7\"><\/p>\n<h3><span class=\"ez-toc-section\" id=\"Redes_sociales_de_Purisima\"><\/span>Redes sociales de Pur\u00edsima<span class=\"ez-toc-section-end\"><\/span><\/h3>\n<p>Redes sociales como Twitter, Instagram y Fb propagan sus contenidos a miles y miles de personas a diario, por lo que son de suma importancia. Al estar al tanto del gran impacto que tienen, Pur\u00edsima dispone de un perfil en estas plataformas. Acceder a \u00e9l es sencill\u00edsimo, solo deber\u00e1 buscar el nombre de Pur\u00edsima en dichas aplicaciones. En el perfil vas a poder ver im\u00e1genes publicitarias, enlace directo a su web, informaci\u00f3n b\u00e1sica sobre las caracter\u00edsticas que posee su seguro de decesos, si disponen de alguna oferta en ese momento, etc\u00e9teraEste servicio le va a ser de mucha ayuda para mantener contacto con la compa\u00f1\u00eda si de este modo lo desea.<br \/>\n<\/div><\/div><\/div><br \/>\n<\/div><\/p>\n<p><div class=\"oficinas\"> <h3><span class=\"ez-toc-section\" id=\"Paginas_relacionadas\"><\/span>P\u00e1ginas relacionadas<span class=\"ez-toc-section-end\"><\/span><\/h3><div class=\"enlazado\"><ul> <li><a href=\"https:\/\/idecesos.com\/seguros\/companias\/purisima\/opiniones\/\">Opiniones Pur\u00edsima<\/a><\/li> <li><a href=\"https:\/\/idecesos.com\/seguros\/companias\/purisima\/precio\/\">Precio seguro Pur\u00edsima<\/a><\/li> <li><a href=\"https:\/\/idecesos.com\/seguros\/companias\/purisima\/prima-mixta\/\">Pur\u00edsima Prima Mixta<\/a><\/li> <li><a href=\"https:\/\/idecesos.com\/seguros\/companias\/purisima\/prima-natural\/\">Pur\u00edsima Prima Natural<\/a><\/li> <li><a href=\"https:\/\/idecesos.com\/seguros\/companias\/purisima\/prima-nivelada\/\">Pur\u00edsima Prima Nivelada<\/a><\/li> <li><a href=\"https:\/\/idecesos.com\/seguros\/companias\/purisima\/prima-unica\/\">Pur\u00edsima Prima \u00danica<\/a><\/li> <li><a href=\"https:\/\/idecesos.com\/seguros\/companias\/purisima\/repatriacion\/\">Pur\u00edsima Repatriaci\u00f3n<\/a><\/li> <li><a href=\"https:\/\/idecesos.com\/seguros\/companias\/purisima\/telefono\/\">Tel\u00e9fono Gratuito Pur\u00edsima<\/a><\/li><\/ul><\/div> <\/div><\/p>\n","protected":false},"excerpt":{"rendered":"<p>Pur\u00edsima dispone de un abanico de posibilidades a fin de que pueda conseguir informaci\u00f3n gratuita, simple y sencilla, accesible para todo el planeta. Brinda la oportunidad de poder ser informado, a trav\u00e9s de una persona al cargo del servicio de atenci\u00f3n al usuario, sobre los gastos que pueda acarrear cualquier tr\u00e1mite funerario, las orientaciones m\u00e9dicas&hellip; <\/p>\n","protected":false},"author":1,"featured_media":0,"parent":6005,"menu_order":0,"comment_status":"closed","ping_status":"closed","template":"single.php","meta":{"footnotes":""},"class_list":["post-15434","page","type-page","status-publish","hentry"],"yoast_head":"<!-- This site is optimized with the Yoast SEO plugin v27.3 - https:\/\/yoast.com\/product\/yoast-seo-wordpress\/ -->\n<title>Tel\u00e9fono Gratuito Pur\u00edsima \u25b7Atenci\u00f3n Cliente, Email, RRSS, Web<\/title>\n<meta name=\"description\" content=\"Busca aqu\u00ed\u3010Pur\u00edsima seguros tel\u00e9fono gratuito\u3011Pur\u00edsima Decesos tel\u00e9fono gratis: atenci\u00f3n al cliente y contrataciones \u2611\ufe0fVerificado en 2026\" \/>\n<meta name=\"robots\" content=\"index, follow, max-snippet:-1, max-image-preview:large, max-video-preview:-1\" \/>\n<link rel=\"canonical\" href=\"https:\/\/idecesos.com\/seguros\/companias\/purisima\/telefono\/\" \/>\n<meta property=\"og:locale\" content=\"es_ES\" \/>\n<meta property=\"og:type\" content=\"article\" \/>\n<meta property=\"og:title\" content=\"Tel\u00e9fono Gratuito Pur\u00edsima \u25b7Atenci\u00f3n Cliente, Email, RRSS, Web\" \/>\n<meta property=\"og:description\" content=\"Busca aqu\u00ed\u3010Pur\u00edsima seguros tel\u00e9fono gratuito\u3011Pur\u00edsima Decesos tel\u00e9fono gratis: atenci\u00f3n al cliente y contrataciones \u2611\ufe0fVerificado en 2026\" \/>\n<meta property=\"og:url\" content=\"https:\/\/idecesos.com\/seguros\/companias\/purisima\/telefono\/\" \/>\n<meta property=\"article:modified_time\" content=\"2022-03-30T01:14:50+00:00\" \/>\n<meta name=\"twitter:card\" content=\"summary_large_image\" \/>\n<meta name=\"twitter:label1\" content=\"Tiempo de lectura\" \/>\n\t<meta name=\"twitter:data1\" content=\"4 minutos\" \/>\n<script type=\"application\/ld+json\" class=\"yoast-schema-graph\">{\"@context\":\"https:\\\/\\\/schema.org\",\"@graph\":[{\"@type\":\"WebPage\",\"@id\":\"https:\\\/\\\/idecesos.com\\\/seguros\\\/companias\\\/purisima\\\/telefono\\\/\",\"url\":\"https:\\\/\\\/idecesos.com\\\/seguros\\\/companias\\\/purisima\\\/telefono\\\/\",\"name\":\"Tel\u00e9fono Gratuito Pur\u00edsima \u25b7Atenci\u00f3n Cliente, Email, RRSS, Web\",\"isPartOf\":{\"@id\":\"https:\\\/\\\/idecesos.com\\\/seguros\\\/#website\"},\"datePublished\":\"2021-11-25T10:17:47+00:00\",\"dateModified\":\"2022-03-30T01:14:50+00:00\",\"description\":\"Busca aqu\u00ed\u3010Pur\u00edsima seguros tel\u00e9fono gratuito\u3011Pur\u00edsima Decesos tel\u00e9fono gratis: atenci\u00f3n al cliente y contrataciones \u2611\ufe0fVerificado en 2026\",\"breadcrumb\":{\"@id\":\"https:\\\/\\\/idecesos.com\\\/seguros\\\/companias\\\/purisima\\\/telefono\\\/#breadcrumb\"},\"inLanguage\":\"es\",\"potentialAction\":[{\"@type\":\"ReadAction\",\"target\":[\"https:\\\/\\\/idecesos.com\\\/seguros\\\/companias\\\/purisima\\\/telefono\\\/\"]}]},{\"@type\":\"BreadcrumbList\",\"@id\":\"https:\\\/\\\/idecesos.com\\\/seguros\\\/companias\\\/purisima\\\/telefono\\\/#breadcrumb\",\"itemListElement\":[{\"@type\":\"ListItem\",\"position\":1,\"name\":\"Portada\",\"item\":\"https:\\\/\\\/idecesos.com\\\/seguros\\\/\"},{\"@type\":\"ListItem\",\"position\":2,\"name\":\"Compa\u00f1\u00edas de Seguros de Decesos en Espa\u00f1a\",\"item\":\"https:\\\/\\\/idecesos.com\\\/seguros\\\/companias\\\/\"},{\"@type\":\"ListItem\",\"position\":3,\"name\":\"Seguro de Decesos Pur\u00edsima\",\"item\":\"https:\\\/\\\/idecesos.com\\\/seguros\\\/companias\\\/purisima\\\/\"},{\"@type\":\"ListItem\",\"position\":4,\"name\":\"Atenci\u00f3n al cliente Pur\u00edsima: telefono gratuito, e-mail\"}]},{\"@type\":\"WebSite\",\"@id\":\"https:\\\/\\\/idecesos.com\\\/seguros\\\/#website\",\"url\":\"https:\\\/\\\/idecesos.com\\\/seguros\\\/\",\"name\":\"\",\"description\":\"\",\"potentialAction\":[{\"@type\":\"SearchAction\",\"target\":{\"@type\":\"EntryPoint\",\"urlTemplate\":\"https:\\\/\\\/idecesos.com\\\/seguros\\\/?s={search_term_string}\"},\"query-input\":{\"@type\":\"PropertyValueSpecification\",\"valueRequired\":true,\"valueName\":\"search_term_string\"}}],\"inLanguage\":\"es\"}]}<\/script>\n<!-- \/ Yoast SEO plugin. -->","yoast_head_json":{"title":"Tel\u00e9fono Gratuito Pur\u00edsima \u25b7Atenci\u00f3n Cliente, Email, RRSS, Web","description":"Busca aqu\u00ed\u3010Pur\u00edsima seguros tel\u00e9fono gratuito\u3011Pur\u00edsima Decesos tel\u00e9fono gratis: atenci\u00f3n al cliente y contrataciones \u2611\ufe0fVerificado en 2026","robots":{"index":"index","follow":"follow","max-snippet":"max-snippet:-1","max-image-preview":"max-image-preview:large","max-video-preview":"max-video-preview:-1"},"canonical":"https:\/\/idecesos.com\/seguros\/companias\/purisima\/telefono\/","og_locale":"es_ES","og_type":"article","og_title":"Tel\u00e9fono Gratuito Pur\u00edsima \u25b7Atenci\u00f3n Cliente, Email, RRSS, Web","og_description":"Busca aqu\u00ed\u3010Pur\u00edsima seguros tel\u00e9fono gratuito\u3011Pur\u00edsima Decesos tel\u00e9fono gratis: atenci\u00f3n al cliente y contrataciones \u2611\ufe0fVerificado en 2026","og_url":"https:\/\/idecesos.com\/seguros\/companias\/purisima\/telefono\/","article_modified_time":"2022-03-30T01:14:50+00:00","twitter_card":"summary_large_image","twitter_misc":{"Tiempo de lectura":"4 minutos"},"schema":{"@context":"https:\/\/schema.org","@graph":[{"@type":"WebPage","@id":"https:\/\/idecesos.com\/seguros\/companias\/purisima\/telefono\/","url":"https:\/\/idecesos.com\/seguros\/companias\/purisima\/telefono\/","name":"Tel\u00e9fono Gratuito Pur\u00edsima \u25b7Atenci\u00f3n Cliente, Email, RRSS, Web","isPartOf":{"@id":"https:\/\/idecesos.com\/seguros\/#website"},"datePublished":"2021-11-25T10:17:47+00:00","dateModified":"2022-03-30T01:14:50+00:00","description":"Busca aqu\u00ed\u3010Pur\u00edsima seguros tel\u00e9fono gratuito\u3011Pur\u00edsima Decesos tel\u00e9fono gratis: atenci\u00f3n al cliente y contrataciones \u2611\ufe0fVerificado en 2026","breadcrumb":{"@id":"https:\/\/idecesos.com\/seguros\/companias\/purisima\/telefono\/#breadcrumb"},"inLanguage":"es","potentialAction":[{"@type":"ReadAction","target":["https:\/\/idecesos.com\/seguros\/companias\/purisima\/telefono\/"]}]},{"@type":"BreadcrumbList","@id":"https:\/\/idecesos.com\/seguros\/companias\/purisima\/telefono\/#breadcrumb","itemListElement":[{"@type":"ListItem","position":1,"name":"Portada","item":"https:\/\/idecesos.com\/seguros\/"},{"@type":"ListItem","position":2,"name":"Compa\u00f1\u00edas de Seguros de Decesos en Espa\u00f1a","item":"https:\/\/idecesos.com\/seguros\/companias\/"},{"@type":"ListItem","position":3,"name":"Seguro de Decesos Pur\u00edsima","item":"https:\/\/idecesos.com\/seguros\/companias\/purisima\/"},{"@type":"ListItem","position":4,"name":"Atenci\u00f3n al cliente Pur\u00edsima: telefono gratuito, e-mail"}]},{"@type":"WebSite","@id":"https:\/\/idecesos.com\/seguros\/#website","url":"https:\/\/idecesos.com\/seguros\/","name":"","description":"","potentialAction":[{"@type":"SearchAction","target":{"@type":"EntryPoint","urlTemplate":"https:\/\/idecesos.com\/seguros\/?s={search_term_string}"},"query-input":{"@type":"PropertyValueSpecification","valueRequired":true,"valueName":"search_term_string"}}],"inLanguage":"es"}]}},"_links":{"self":[{"href":"https:\/\/idecesos.com\/seguros\/wp-json\/wp\/v2\/pages\/15434","targetHints":{"allow":["GET"]}}],"collection":[{"href":"https:\/\/idecesos.com\/seguros\/wp-json\/wp\/v2\/pages"}],"about":[{"href":"https:\/\/idecesos.com\/seguros\/wp-json\/wp\/v2\/types\/page"}],"author":[{"embeddable":true,"href":"https:\/\/idecesos.com\/seguros\/wp-json\/wp\/v2\/users\/1"}],"replies":[{"embeddable":true,"href":"https:\/\/idecesos.com\/seguros\/wp-json\/wp\/v2\/comments?post=15434"}],"version-history":[{"count":8,"href":"https:\/\/idecesos.com\/seguros\/wp-json\/wp\/v2\/pages\/15434\/revisions"}],"predecessor-version":[{"id":20904,"href":"https:\/\/idecesos.com\/seguros\/wp-json\/wp\/v2\/pages\/15434\/revisions\/20904"}],"up":[{"embeddable":true,"href":"https:\/\/idecesos.com\/seguros\/wp-json\/wp\/v2\/pages\/6005"}],"wp:attachment":[{"href":"https:\/\/idecesos.com\/seguros\/wp-json\/wp\/v2\/media?parent=15434"}],"curies":[{"name":"wp","href":"https:\/\/api.w.org\/{rel}","templated":true}]}}