{"id":15435,"date":"2021-11-26T09:13:04","date_gmt":"2021-11-25T10:17:48","guid":{"rendered":"https:\/\/idecesos.com\/seguros\/companias\/alianza-espanola\/telefono\/"},"modified":"2022-04-03T17:10:23","modified_gmt":"2022-04-03T17:10:23","slug":"telefono","status":"publish","type":"page","link":"https:\/\/idecesos.com\/seguros\/companias\/alianza-espanola\/telefono\/","title":{"rendered":"Atenci\u00f3n al cliente Alianza Espa\u00f1ola: telefono gratuito, e-mail"},"content":{"rendered":"<div id=\"ez-toc-container\" class=\"ez-toc-v2_0_82_2 ez-toc-wrap-center counter-hierarchy ez-toc-counter ez-toc-custom ez-toc-container-direction\">\n<div class=\"ez-toc-title-container\">\n<p class=\"ez-toc-title\" style=\"cursor:inherit\">Tabla de Contenido<\/p>\n<span class=\"ez-toc-title-toggle\"><a href=\"#\" class=\"ez-toc-pull-right ez-toc-btn ez-toc-btn-xs ez-toc-btn-default ez-toc-toggle\" aria-label=\"Alternar tabla de contenidos\"><span class=\"ez-toc-js-icon-con\"><span class=\"\"><span class=\"eztoc-hide\" style=\"display:none;\">Toggle<\/span><span class=\"ez-toc-icon-toggle-span\"><svg style=\"fill: #db6415;color:#db6415\" xmlns=\"http:\/\/www.w3.org\/2000\/svg\" class=\"list-377408\" width=\"20px\" height=\"20px\" viewBox=\"0 0 24 24\" fill=\"none\"><path d=\"M6 6H4v2h2V6zm14 0H8v2h12V6zM4 11h2v2H4v-2zm16 0H8v2h12v-2zM4 16h2v2H4v-2zm16 0H8v2h12v-2z\" fill=\"currentColor\"><\/path><\/svg><svg style=\"fill: #db6415;color:#db6415\" class=\"arrow-unsorted-368013\" xmlns=\"http:\/\/www.w3.org\/2000\/svg\" width=\"10px\" height=\"10px\" viewBox=\"0 0 24 24\" version=\"1.2\" baseProfile=\"tiny\"><path d=\"M18.2 9.3l-6.2-6.3-6.2 6.3c-.2.2-.3.4-.3.7s.1.5.3.7c.2.2.4.3.7.3h11c.3 0 .5-.1.7-.3.2-.2.3-.5.3-.7s-.1-.5-.3-.7zM5.8 14.7l6.2 6.3 6.2-6.3c.2-.2.3-.5.3-.7s-.1-.5-.3-.7c-.2-.2-.4-.3-.7-.3h-11c-.3 0-.5.1-.7.3-.2.2-.3.5-.3.7s.1.5.3.7z\"\/><\/svg><\/span><\/span><\/span><\/a><\/span><\/div>\n<nav><ul class='ez-toc-list ez-toc-list-level-1 ' ><ul class='ez-toc-list-level-4' ><li class='ez-toc-heading-level-4'><ul class='ez-toc-list-level-4' ><li class='ez-toc-heading-level-4'><a class=\"ez-toc-link ez-toc-heading-1\" href=\"https:\/\/idecesos.com\/seguros\/companias\/alianza-espanola\/telefono\/#Telefono_Contrataciones_951_127_403\" >Tel\u00e9fono Contrataciones \n951 127 403<\/a><\/li><\/ul><\/li><\/ul><\/li><li class='ez-toc-page-1 ez-toc-heading-level-2'><a class=\"ez-toc-link ez-toc-heading-2\" href=\"https:\/\/idecesos.com\/seguros\/companias\/alianza-espanola\/telefono\/#%C2%BFComo_contactar_con_Alianza_Espanola\" >\u00bfC\u00f3mo contactar con Alianza Espa\u00f1ola?<\/a><ul class='ez-toc-list-level-3' ><li class='ez-toc-heading-level-3'><a class=\"ez-toc-link ez-toc-heading-3\" href=\"https:\/\/idecesos.com\/seguros\/companias\/alianza-espanola\/telefono\/#Telefono_gratuito_de_Alianza_Espanola\" >Tel\u00e9fono gratuito de Alianza Espa\u00f1ola<\/a><\/li><li class='ez-toc-page-1 ez-toc-heading-level-3'><a class=\"ez-toc-link ez-toc-heading-4\" href=\"https:\/\/idecesos.com\/seguros\/companias\/alianza-espanola\/telefono\/#Horario_de_atencion_al_cliente_de_Alianza_Espanola\" >Horario de atenci\u00f3n al cliente de Alianza Espa\u00f1ola<\/a><\/li><li class='ez-toc-page-1 ez-toc-heading-level-3'><a class=\"ez-toc-link ez-toc-heading-5\" href=\"https:\/\/idecesos.com\/seguros\/companias\/alianza-espanola\/telefono\/#Correo_electronico_de_Alianza_Espanola\" >Correo electr\u00f3nico de Alianza Espa\u00f1ola<\/a><\/li><li class='ez-toc-page-1 ez-toc-heading-level-3'><a class=\"ez-toc-link ez-toc-heading-6\" href=\"https:\/\/idecesos.com\/seguros\/companias\/alianza-espanola\/telefono\/#Formulario_en_el_sitio_Web_de_Alianza_Espanola\" >Formulario en el sitio Web de Alianza Espa\u00f1ola<\/a><\/li><li class='ez-toc-page-1 ez-toc-heading-level-3'><a class=\"ez-toc-link ez-toc-heading-7\" href=\"https:\/\/idecesos.com\/seguros\/companias\/alianza-espanola\/telefono\/#Redes_sociales_de_Alianza_Espanola\" >Redes sociales de Alianza Espa\u00f1ola<\/a><\/li><li class='ez-toc-page-1 ez-toc-heading-level-3'><a class=\"ez-toc-link ez-toc-heading-8\" href=\"https:\/\/idecesos.com\/seguros\/companias\/alianza-espanola\/telefono\/#Paginas_relacionadas\" >P\u00e1ginas relacionadas<\/a><\/li><\/ul><\/li><\/ul><\/nav><\/div>\n\n<div class=\"caja\">\n<div class=\"cajaIcono2 \"  ><div class=\"cuadro\" style=\"box-shadow: inset 0 0 0 3px #ff790e\"><div class=\"iconoCircular\" style=\"border: 3px solid #ff790e\">\t\t\n\t\t\t\t\t<div class=\"iconoCirculo\">\n\t\t\t\t\t  <i class=\"fas fa-phone-volume\"><\/i>\n\t\t\t\t\t<\/div>\n\t\t\t\t<\/div><div class=\"\">\n<h4 style=\"text-align: center;\"><span class=\"ez-toc-section\" id=\"Telefono_Contrataciones_951_127_403\"><\/span><strong>Tel\u00e9fono Contrataciones<br \/>\n951 127 403<\/strong><span class=\"ez-toc-section-end\"><\/span><\/h4>\n<p><\/div><\/div><\/div><br \/>\nAlianza Espa\u00f1ola ofrece diferentes m\u00e9todos de contacto, accesibles a todas las personas, a fin de que puedan obtener informaci\u00f3n sin ning\u00fan g\u00e9nero de complejidad y dificultad. Los aconsejes y expertos le van a dar contestaciones sucintas y f\u00e1ciles, sobre su seguro de decesos, con cada uno de ellos de los m\u00e9todos que escoja y, adem\u00e1s, no va a ser preciso su desplazamiento para esto. La compa\u00f1\u00eda es consciente del momento tan delicado que es la p\u00e9rdida de un ser querido, por lo que todo estar\u00e1 cerrado para cuando llegue el d\u00eda y cada uno de ellos de los profesionales van a tratar las cuestiones con la delicadez y respeto que merece. Las distintas coberturas que ofrece su seguro de decesos, la ayuda sicol\u00f3gica que requiera, los servicios disponibles\u2026 son algunos de los datos que se le facilitar\u00e1n.<br \/>\n<\/div><\/p>\n<div class=\"colorf \"  ><div class=\"container clearfix\"><div class=\"col-md-7\"><\/p>\n<h2><span class=\"ez-toc-section\" id=\"%C2%BFComo_contactar_con_Alianza_Espanola\"><\/span>\u00bfC\u00f3mo contactar con Alianza Espa\u00f1ola?<span class=\"ez-toc-section-end\"><\/span><\/h2>\n<p>Contactar con Alianza Espa\u00f1ola es muy sencillo. Tiene m\u00faltiples opciones de contacto: tel\u00e9fono gratis, correo, un formulario que podr\u00e1s rellenar a trav\u00e9s de su p\u00e1gina web o bien sus redes sociales.<br \/>\n<\/div><\/div><\/div>\n<h3><span class=\"ez-toc-section\" id=\"Telefono_gratuito_de_Alianza_Espanola\"><\/span>Tel\u00e9fono gratuito de Alianza Espa\u00f1ola<span class=\"ez-toc-section-end\"><\/span><\/h3>\n<p>Para poder asesorarle y contestar a sus dudas, cuestiones, etc\u00e9teraEn torno a su seguro de decesos, se le proporcionar\u00e1 un n\u00famero de contacto y de esta manera dialogar con la compa\u00f1\u00eda. A d\u00eda de hoy, si su pretensi\u00f3n es poder dialogar de forma extensa y sin prisas con el experto, es el mejor m\u00e9todo, por su contacto directo y simpleza. Se acabaron las esperas, Alianza Espa\u00f1ola proporciona el siguiente tel\u00e9fono gratuito <strong>91 435 11 57<\/strong> con el que vas a poder contactar con los expertos sin desplazarse hasta alguna oficina.<br \/>\n<div class=\"colorf\"><div class=\"container clearfix\"><div class=\"col-md-7\"><\/p>\n<div class=\"cabecera_tabla_ajustada \"  style=\"width:80%\" ><div class=\"row\"><\/div>\n<div class=\"fila_tabla4 \"  ><div class=\"row\"><div class=\"col-8 nosepara izq\"><p><strong>Tel\u00e9fono para contrataciones<\/strong><\/p><\/div><div class=\"col-4 nosepara centro\">951 127 403<\/div><\/div><\/div>\n<div class=\"pie_tabla \"  ><div class=\"row\"><div class=\"col-12 \"><\/div><\/div><\/div><\/div>\n<\/div><\/div><\/div>\n<h3><span class=\"ez-toc-section\" id=\"Horario_de_atencion_al_cliente_de_Alianza_Espanola\"><\/span>Horario de atenci\u00f3n al cliente de Alianza Espa\u00f1ola<span class=\"ez-toc-section-end\"><\/span><\/h3>\n<p>No sabiendo la disponibilidad de las personas, Alianza Espa\u00f1ola tiene a su disposici\u00f3n un horario, de ma\u00f1ana y de tarde, para que puedas ponerte en contacto. Va a tener la mejor asistencia, caracter\u00edstica de la experiencia y sabidur\u00eda de los profesionales en el tema. De este modo, ser\u00e1 m\u00e1s sencillo el contacto directo con la empresa. El experto le responder\u00e1 a cada una de las preguntas que le vayan brotando en el mismo momento, aparte de las que ya ten\u00eda preparadas. El horario de atenci\u00f3n al cliente que brinda Alianza Espa\u00f1ola es: <strong>horario Alianza Espa\u00f1ola<\/strong><br \/>\n<div class=\"colorf\"><div class=\"container clearfix\"><div class=\"col-md-7\"><\/p>\n<h3><span class=\"ez-toc-section\" id=\"Correo_electronico_de_Alianza_Espanola\"><\/span>Correo electr\u00f3nico de Alianza Espa\u00f1ola<span class=\"ez-toc-section-end\"><\/span><\/h3>\n<p>Una gran parte de la poblaci\u00f3n es siendo consciente de la influencia y tambi\u00e9n importancia que tiene Internet, con lo que tienen perfiles en las plataformas de Hotmail, Gmail, etc\u00e9teraCon este servicio, formar\u00e1n una parte del flujo de informaci\u00f3n que se establezca entre 2 o bien m\u00e1s personas. Con la intenci\u00f3n de recibir datos en torno a su seguro de decesos, es de las herramientas m\u00e1s ventajosas y convenientes. El pr\u00f3ximo e mail <strong>info@alianzaesp.es<\/strong> pertenece a Alianza Espa\u00f1ola, con el que va a poder consultar lo que quiera sobre su prima, p\u00f3liza\u2026Si remite un mensaje, por medio de su e-mail, sobre lo que quiera saber, llegar\u00e1 a un buen comprensi\u00f3n con la persona que le atienda y le brindar\u00e1 las mejores respuestas para, de esta manera, aclarar cuestiones.<br \/>\n<\/div><\/div><\/div><\/p>\n<h3><span class=\"ez-toc-section\" id=\"Formulario_en_el_sitio_Web_de_Alianza_Espanola\"><\/span>Formulario en el sitio Web de Alianza Espa\u00f1ola<span class=\"ez-toc-section-end\"><\/span><\/h3>\n<p>Internet hoy d\u00eda es la herramienta m\u00e1s utilizada en la vida cotidiana de la gente. Esto se debe a su simpleza, solo con teclear una palabra o pregunta que desee saber, este se la dar\u00e1 en unos segundos. Escriba en su buscador <strong>www.alianzaesp.es\/<\/strong> y va a poder acceder de manera sencilla y r\u00e1pida a la p\u00e1gina web de Alianza Espa\u00f1ola. En esta p\u00e1gina encontrar\u00e1 toda la informaci\u00f3n que busca sobre el seguro de decesos de Alianza Espa\u00f1ola donde podr\u00e1 ver los servicios, costos, ventajas&#8230; que ofrecen para que se pueda hacer una idea. Alianza Espa\u00f1ola pone a su disposici\u00f3n un formulario que debe rellenar con su nombre y apellidos, mail, tel\u00e9fono de contacto, etc\u00e9teraFinalizado dicho formulario, un agente de Alianza Espa\u00f1ola se pondr\u00e1 en contacto con cuanto antes para resolver sus dudas.<br \/>\n<div class=\"colorf\"><div class=\"container clearfix\"><div class=\"col-md-7\"><\/p>\n<h3><span class=\"ez-toc-section\" id=\"Redes_sociales_de_Alianza_Espanola\"><\/span>Redes sociales de Alianza Espa\u00f1ola<span class=\"ez-toc-section-end\"><\/span><\/h3>\n<p>La era de las redes sociales a alterado nuestra forma de comunicarnos. Ahora recibimos por ella todo g\u00e9nero de informaciones y estamos conectado con millones de personas. Alianza Espa\u00f1ola cuenta con alguna de estas redes sociales a fin de que puedas proseguirlos y enterarte de todas y cada una de las novedades y ofertas que tienen a su disposici\u00f3n sobre su seguro de decesos. En ellas podr\u00e1s ver la localizaci\u00f3n de su sede, c\u00f3mo trabajan, servicios que ofrecen, etc\u00e9tera Adem\u00e1s tienen un link directo a su p\u00e1gina web para que puedas ampliar todo esto. Determinados perfiles de Alianza Espa\u00f1ola te permiten contactar con ellos para que pueda solucionar cualquier clase de duda o pueda ampliar la informaci\u00f3n que ya dan en su perfil.<br \/>\n<\/div><\/div><\/div><\/p>\n<\/div>\n<p><div class=\"oficinas\"> <h3><span class=\"ez-toc-section\" id=\"Paginas_relacionadas\"><\/span>P\u00e1ginas relacionadas<span class=\"ez-toc-section-end\"><\/span><\/h3><div class=\"enlazado\"><ul> <li><a href=\"https:\/\/idecesos.com\/seguros\/companias\/alianza-espanola\/opiniones\/\">Opiniones Alianza Espa\u00f1ola<\/a><\/li> <li><a href=\"https:\/\/idecesos.com\/seguros\/companias\/alianza-espanola\/precio\/\">Precio seguro Alianza Espa\u00f1ola<\/a><\/li> <li><a href=\"https:\/\/idecesos.com\/seguros\/companias\/alianza-espanola\/prima-mixta\/\">Alianza Espa\u00f1ola Prima Mixta<\/a><\/li> <li><a href=\"https:\/\/idecesos.com\/seguros\/companias\/alianza-espanola\/prima-natural\/\">Alianza Espa\u00f1ola Prima Natural<\/a><\/li> <li><a href=\"https:\/\/idecesos.com\/seguros\/companias\/alianza-espanola\/prima-nivelada\/\">Alianza Espa\u00f1ola Prima Nivelada<\/a><\/li> <li><a href=\"https:\/\/idecesos.com\/seguros\/companias\/alianza-espanola\/prima-unica\/\">Alianza Espa\u00f1ola Prima \u00danica<\/a><\/li> <li><a href=\"https:\/\/idecesos.com\/seguros\/companias\/alianza-espanola\/repatriacion\/\">Alianza Espa\u00f1ola Repatriaci\u00f3n<\/a><\/li> <li><a href=\"https:\/\/idecesos.com\/seguros\/companias\/alianza-espanola\/telefono\/\">Tel\u00e9fono Gratuito Alianza Espa\u00f1ola<\/a><\/li><\/ul><\/div> <\/div><\/p>\n","protected":false},"excerpt":{"rendered":"<p>Alianza Espa\u00f1ola ofrece diferentes m\u00e9todos de contacto, accesibles a todas las personas, a fin de que puedan obtener informaci\u00f3n sin ning\u00fan g\u00e9nero de complejidad y dificultad. Los aconsejes y expertos le van a dar contestaciones sucintas y f\u00e1ciles, sobre su seguro de decesos, con cada uno de ellos de los m\u00e9todos que escoja y, adem\u00e1s,&hellip; <\/p>\n","protected":false},"author":1,"featured_media":0,"parent":6008,"menu_order":0,"comment_status":"closed","ping_status":"closed","template":"single.php","meta":{"footnotes":""},"class_list":["post-15435","page","type-page","status-publish","hentry"],"yoast_head":"<!-- This site is optimized with the Yoast SEO plugin v27.3 - https:\/\/yoast.com\/product\/yoast-seo-wordpress\/ -->\n<title>Tel\u00e9fono Gratuito Alianza Espa\u00f1ola \u25b7Atenci\u00f3n Cliente, Email, RRSS, Web<\/title>\n<meta name=\"description\" content=\"Busca aqu\u00ed\u3010Alianza Espa\u00f1ola seguros tel\u00e9fono gratuito\u3011Alianza Espa\u00f1ola Decesos tel\u00e9fono gratis: atenci\u00f3n al cliente y contrataciones \u2611\ufe0fVerificado en 2026\" \/>\n<meta name=\"robots\" content=\"index, follow, max-snippet:-1, max-image-preview:large, max-video-preview:-1\" \/>\n<link rel=\"canonical\" href=\"https:\/\/idecesos.com\/seguros\/companias\/alianza-espanola\/telefono\/\" \/>\n<meta property=\"og:locale\" content=\"es_ES\" \/>\n<meta property=\"og:type\" content=\"article\" \/>\n<meta property=\"og:title\" content=\"Tel\u00e9fono Gratuito Alianza Espa\u00f1ola \u25b7Atenci\u00f3n Cliente, Email, RRSS, Web\" \/>\n<meta property=\"og:description\" content=\"Busca aqu\u00ed\u3010Alianza Espa\u00f1ola seguros tel\u00e9fono gratuito\u3011Alianza Espa\u00f1ola Decesos tel\u00e9fono gratis: atenci\u00f3n al cliente y contrataciones \u2611\ufe0fVerificado en 2026\" \/>\n<meta property=\"og:url\" content=\"https:\/\/idecesos.com\/seguros\/companias\/alianza-espanola\/telefono\/\" \/>\n<meta property=\"article:modified_time\" content=\"2022-04-03T17:10:23+00:00\" \/>\n<meta name=\"twitter:card\" content=\"summary_large_image\" \/>\n<meta name=\"twitter:label1\" content=\"Tiempo de lectura\" \/>\n\t<meta name=\"twitter:data1\" content=\"4 minutos\" \/>\n<script type=\"application\/ld+json\" class=\"yoast-schema-graph\">{\"@context\":\"https:\\\/\\\/schema.org\",\"@graph\":[{\"@type\":\"WebPage\",\"@id\":\"https:\\\/\\\/idecesos.com\\\/seguros\\\/companias\\\/alianza-espanola\\\/telefono\\\/\",\"url\":\"https:\\\/\\\/idecesos.com\\\/seguros\\\/companias\\\/alianza-espanola\\\/telefono\\\/\",\"name\":\"Tel\u00e9fono Gratuito Alianza Espa\u00f1ola \u25b7Atenci\u00f3n Cliente, Email, RRSS, Web\",\"isPartOf\":{\"@id\":\"https:\\\/\\\/idecesos.com\\\/seguros\\\/#website\"},\"datePublished\":\"2021-11-25T10:17:48+00:00\",\"dateModified\":\"2022-04-03T17:10:23+00:00\",\"description\":\"Busca aqu\u00ed\u3010Alianza Espa\u00f1ola seguros tel\u00e9fono gratuito\u3011Alianza Espa\u00f1ola Decesos tel\u00e9fono gratis: atenci\u00f3n al cliente y contrataciones \u2611\ufe0fVerificado en 2026\",\"breadcrumb\":{\"@id\":\"https:\\\/\\\/idecesos.com\\\/seguros\\\/companias\\\/alianza-espanola\\\/telefono\\\/#breadcrumb\"},\"inLanguage\":\"es\",\"potentialAction\":[{\"@type\":\"ReadAction\",\"target\":[\"https:\\\/\\\/idecesos.com\\\/seguros\\\/companias\\\/alianza-espanola\\\/telefono\\\/\"]}]},{\"@type\":\"BreadcrumbList\",\"@id\":\"https:\\\/\\\/idecesos.com\\\/seguros\\\/companias\\\/alianza-espanola\\\/telefono\\\/#breadcrumb\",\"itemListElement\":[{\"@type\":\"ListItem\",\"position\":1,\"name\":\"Portada\",\"item\":\"https:\\\/\\\/idecesos.com\\\/seguros\\\/\"},{\"@type\":\"ListItem\",\"position\":2,\"name\":\"Compa\u00f1\u00edas de Seguros de Decesos en Espa\u00f1a\",\"item\":\"https:\\\/\\\/idecesos.com\\\/seguros\\\/companias\\\/\"},{\"@type\":\"ListItem\",\"position\":3,\"name\":\"Seguro de decesos Alianza Espa\u00f1ola\",\"item\":\"https:\\\/\\\/idecesos.com\\\/seguros\\\/companias\\\/alianza-espanola\\\/\"},{\"@type\":\"ListItem\",\"position\":4,\"name\":\"Atenci\u00f3n al cliente Alianza Espa\u00f1ola: telefono gratuito, e-mail\"}]},{\"@type\":\"WebSite\",\"@id\":\"https:\\\/\\\/idecesos.com\\\/seguros\\\/#website\",\"url\":\"https:\\\/\\\/idecesos.com\\\/seguros\\\/\",\"name\":\"\",\"description\":\"\",\"potentialAction\":[{\"@type\":\"SearchAction\",\"target\":{\"@type\":\"EntryPoint\",\"urlTemplate\":\"https:\\\/\\\/idecesos.com\\\/seguros\\\/?s={search_term_string}\"},\"query-input\":{\"@type\":\"PropertyValueSpecification\",\"valueRequired\":true,\"valueName\":\"search_term_string\"}}],\"inLanguage\":\"es\"}]}<\/script>\n<!-- \/ Yoast SEO plugin. -->","yoast_head_json":{"title":"Tel\u00e9fono Gratuito Alianza Espa\u00f1ola \u25b7Atenci\u00f3n Cliente, Email, RRSS, Web","description":"Busca aqu\u00ed\u3010Alianza Espa\u00f1ola seguros tel\u00e9fono gratuito\u3011Alianza Espa\u00f1ola Decesos tel\u00e9fono gratis: atenci\u00f3n al cliente y contrataciones \u2611\ufe0fVerificado en 2026","robots":{"index":"index","follow":"follow","max-snippet":"max-snippet:-1","max-image-preview":"max-image-preview:large","max-video-preview":"max-video-preview:-1"},"canonical":"https:\/\/idecesos.com\/seguros\/companias\/alianza-espanola\/telefono\/","og_locale":"es_ES","og_type":"article","og_title":"Tel\u00e9fono Gratuito Alianza Espa\u00f1ola \u25b7Atenci\u00f3n Cliente, Email, RRSS, Web","og_description":"Busca aqu\u00ed\u3010Alianza Espa\u00f1ola seguros tel\u00e9fono gratuito\u3011Alianza Espa\u00f1ola Decesos tel\u00e9fono gratis: atenci\u00f3n al cliente y contrataciones \u2611\ufe0fVerificado en 2026","og_url":"https:\/\/idecesos.com\/seguros\/companias\/alianza-espanola\/telefono\/","article_modified_time":"2022-04-03T17:10:23+00:00","twitter_card":"summary_large_image","twitter_misc":{"Tiempo de lectura":"4 minutos"},"schema":{"@context":"https:\/\/schema.org","@graph":[{"@type":"WebPage","@id":"https:\/\/idecesos.com\/seguros\/companias\/alianza-espanola\/telefono\/","url":"https:\/\/idecesos.com\/seguros\/companias\/alianza-espanola\/telefono\/","name":"Tel\u00e9fono Gratuito Alianza Espa\u00f1ola \u25b7Atenci\u00f3n Cliente, Email, RRSS, Web","isPartOf":{"@id":"https:\/\/idecesos.com\/seguros\/#website"},"datePublished":"2021-11-25T10:17:48+00:00","dateModified":"2022-04-03T17:10:23+00:00","description":"Busca aqu\u00ed\u3010Alianza Espa\u00f1ola seguros tel\u00e9fono gratuito\u3011Alianza Espa\u00f1ola Decesos tel\u00e9fono gratis: atenci\u00f3n al cliente y contrataciones \u2611\ufe0fVerificado en 2026","breadcrumb":{"@id":"https:\/\/idecesos.com\/seguros\/companias\/alianza-espanola\/telefono\/#breadcrumb"},"inLanguage":"es","potentialAction":[{"@type":"ReadAction","target":["https:\/\/idecesos.com\/seguros\/companias\/alianza-espanola\/telefono\/"]}]},{"@type":"BreadcrumbList","@id":"https:\/\/idecesos.com\/seguros\/companias\/alianza-espanola\/telefono\/#breadcrumb","itemListElement":[{"@type":"ListItem","position":1,"name":"Portada","item":"https:\/\/idecesos.com\/seguros\/"},{"@type":"ListItem","position":2,"name":"Compa\u00f1\u00edas de Seguros de Decesos en Espa\u00f1a","item":"https:\/\/idecesos.com\/seguros\/companias\/"},{"@type":"ListItem","position":3,"name":"Seguro de decesos Alianza Espa\u00f1ola","item":"https:\/\/idecesos.com\/seguros\/companias\/alianza-espanola\/"},{"@type":"ListItem","position":4,"name":"Atenci\u00f3n al cliente Alianza Espa\u00f1ola: telefono gratuito, e-mail"}]},{"@type":"WebSite","@id":"https:\/\/idecesos.com\/seguros\/#website","url":"https:\/\/idecesos.com\/seguros\/","name":"","description":"","potentialAction":[{"@type":"SearchAction","target":{"@type":"EntryPoint","urlTemplate":"https:\/\/idecesos.com\/seguros\/?s={search_term_string}"},"query-input":{"@type":"PropertyValueSpecification","valueRequired":true,"valueName":"search_term_string"}}],"inLanguage":"es"}]}},"_links":{"self":[{"href":"https:\/\/idecesos.com\/seguros\/wp-json\/wp\/v2\/pages\/15435","targetHints":{"allow":["GET"]}}],"collection":[{"href":"https:\/\/idecesos.com\/seguros\/wp-json\/wp\/v2\/pages"}],"about":[{"href":"https:\/\/idecesos.com\/seguros\/wp-json\/wp\/v2\/types\/page"}],"author":[{"embeddable":true,"href":"https:\/\/idecesos.com\/seguros\/wp-json\/wp\/v2\/users\/1"}],"replies":[{"embeddable":true,"href":"https:\/\/idecesos.com\/seguros\/wp-json\/wp\/v2\/comments?post=15435"}],"version-history":[{"count":8,"href":"https:\/\/idecesos.com\/seguros\/wp-json\/wp\/v2\/pages\/15435\/revisions"}],"predecessor-version":[{"id":20919,"href":"https:\/\/idecesos.com\/seguros\/wp-json\/wp\/v2\/pages\/15435\/revisions\/20919"}],"up":[{"embeddable":true,"href":"https:\/\/idecesos.com\/seguros\/wp-json\/wp\/v2\/pages\/6008"}],"wp:attachment":[{"href":"https:\/\/idecesos.com\/seguros\/wp-json\/wp\/v2\/media?parent=15435"}],"curies":[{"name":"wp","href":"https:\/\/api.w.org\/{rel}","templated":true}]}}