{"id":15438,"date":"2021-11-26T09:13:06","date_gmt":"2021-11-25T10:17:49","guid":{"rendered":"https:\/\/idecesos.com\/seguros\/companias\/previsora-bilbaina\/telefono\/"},"modified":"2022-03-30T01:13:09","modified_gmt":"2022-03-30T01:13:09","slug":"telefono","status":"publish","type":"page","link":"https:\/\/idecesos.com\/seguros\/companias\/previsora-bilbaina\/telefono\/","title":{"rendered":"Atenci\u00f3n al cliente Previsora Bilbaina: telefono gratuito, e-mail"},"content":{"rendered":"<div id=\"ez-toc-container\" class=\"ez-toc-v2_0_83 ez-toc-wrap-center counter-hierarchy ez-toc-counter ez-toc-custom ez-toc-container-direction\">\n<div class=\"ez-toc-title-container\">\n<p class=\"ez-toc-title\" style=\"cursor:inherit\">Tabla de Contenido<\/p>\n<span class=\"ez-toc-title-toggle\"><a href=\"#\" class=\"ez-toc-pull-right ez-toc-btn ez-toc-btn-xs ez-toc-btn-default ez-toc-toggle\" aria-label=\"Alternar tabla de contenidos\"><span class=\"ez-toc-js-icon-con\"><span class=\"\"><span class=\"eztoc-hide\" style=\"display:none;\">Toggle<\/span><span class=\"ez-toc-icon-toggle-span\"><svg style=\"fill: #db6415;color:#db6415\" xmlns=\"http:\/\/www.w3.org\/2000\/svg\" class=\"list-377408\" width=\"20px\" height=\"20px\" viewBox=\"0 0 24 24\" fill=\"none\"><path d=\"M6 6H4v2h2V6zm14 0H8v2h12V6zM4 11h2v2H4v-2zm16 0H8v2h12v-2zM4 16h2v2H4v-2zm16 0H8v2h12v-2z\" fill=\"currentColor\"><\/path><\/svg><svg style=\"fill: #db6415;color:#db6415\" class=\"arrow-unsorted-368013\" xmlns=\"http:\/\/www.w3.org\/2000\/svg\" width=\"10px\" height=\"10px\" viewBox=\"0 0 24 24\" version=\"1.2\" baseProfile=\"tiny\"><path d=\"M18.2 9.3l-6.2-6.3-6.2 6.3c-.2.2-.3.4-.3.7s.1.5.3.7c.2.2.4.3.7.3h11c.3 0 .5-.1.7-.3.2-.2.3-.5.3-.7s-.1-.5-.3-.7zM5.8 14.7l6.2 6.3 6.2-6.3c.2-.2.3-.5.3-.7s-.1-.5-.3-.7c-.2-.2-.4-.3-.7-.3h-11c-.3 0-.5.1-.7.3-.2.2-.3.5-.3.7s.1.5.3.7z\"\/><\/svg><\/span><\/span><\/span><\/a><\/span><\/div>\n<nav><ul class='ez-toc-list ez-toc-list-level-1 ' ><ul class='ez-toc-list-level-4' ><li class='ez-toc-heading-level-4'><ul class='ez-toc-list-level-4' ><li class='ez-toc-heading-level-4'><a class=\"ez-toc-link ez-toc-heading-1\" href=\"https:\/\/idecesos.com\/seguros\/companias\/previsora-bilbaina\/telefono\/#Telefono_Contrataciones_951_127_403\" >Tel\u00e9fono Contrataciones\r\n951 127 403<\/a><\/li><\/ul><\/li><\/ul><\/li><li class='ez-toc-page-1 ez-toc-heading-level-2'><a class=\"ez-toc-link ez-toc-heading-2\" href=\"https:\/\/idecesos.com\/seguros\/companias\/previsora-bilbaina\/telefono\/#%C2%BFComo_contactar_con_Previsora_Bilbaina\" >\u00bfC\u00f3mo contactar con Previsora Bilbaina?<\/a><ul class='ez-toc-list-level-3' ><li class='ez-toc-heading-level-3'><a class=\"ez-toc-link ez-toc-heading-3\" href=\"https:\/\/idecesos.com\/seguros\/companias\/previsora-bilbaina\/telefono\/#Telefono_gratuito_de_Previsora_Bilbaina\" >Tel\u00e9fono gratuito de Previsora Bilbaina<\/a><\/li><li class='ez-toc-page-1 ez-toc-heading-level-3'><a class=\"ez-toc-link ez-toc-heading-4\" href=\"https:\/\/idecesos.com\/seguros\/companias\/previsora-bilbaina\/telefono\/#Horario_de_atencion_al_cliente_de_Previsora_Bilbaina\" >Horario de atenci\u00f3n al cliente de Previsora Bilbaina<\/a><\/li><li class='ez-toc-page-1 ez-toc-heading-level-3'><a class=\"ez-toc-link ez-toc-heading-5\" href=\"https:\/\/idecesos.com\/seguros\/companias\/previsora-bilbaina\/telefono\/#Correo_electronico_de_Previsora_Bilbaina\" >Correo electr\u00f3nico de Previsora Bilbaina<\/a><\/li><li class='ez-toc-page-1 ez-toc-heading-level-3'><a class=\"ez-toc-link ez-toc-heading-6\" href=\"https:\/\/idecesos.com\/seguros\/companias\/previsora-bilbaina\/telefono\/#Formulario_en_el_sitio_Web_de_Previsora_Bilbaina\" >Formulario en el sitio Web de Previsora Bilbaina<\/a><\/li><li class='ez-toc-page-1 ez-toc-heading-level-3'><a class=\"ez-toc-link ez-toc-heading-7\" href=\"https:\/\/idecesos.com\/seguros\/companias\/previsora-bilbaina\/telefono\/#Redes_sociales_de_Previsora_Bilbaina\" >Redes sociales de Previsora Bilbaina<\/a><\/li><\/ul><\/li><\/ul><\/nav><\/div>\n\n<div class=\"caja\">\n<div class=\"cajaIcono2 \"  ><div class=\"cuadro\" style=\"box-shadow: inset 0 0 0 3px #ff790e\"><div class=\"iconoCircular\" style=\"border: 3px solid #ff790e\">\t\t\n\t\t\t\t\t<div class=\"iconoCirculo\">\n\t\t\t\t\t  <i class=\"fas fa-phone-volume\"><\/i>\n\t\t\t\t\t<\/div>\n\t\t\t\t<\/div><div class=\"\">\n<h4 style=\"text-align: center;\"><strong>Tel\u00e9fono Contrataciones<br \/>\n951 127 403<\/strong><\/h4>\n<p><\/div><\/div><\/div><br \/>\nPrevisora Bilbaina tiene un extenso horario para atender sus necesidad en los peores instantes. Un agente experto le atender\u00e1 para cubrir todas sus necesidades y se ocupar\u00e1 de todos tr\u00e1mites de su seguro de decesos. La libre elecci\u00f3n del camposanto, tanatorio y corona, la gesti\u00f3n sobre la tramitaci\u00f3n funeraria, los gastos en ata\u00fad y servicios sanitarios, el traslado tanto nacional como internacional del fallecido y otras muchas coberturas que ser\u00e1n atendidas por los agentes expertos de Previsora Bilbaina. Los agentes de Previsora Bilbaina empatizan con los familiares cuando llegue el instante a fin de que pueda estar apacible y pueda ocuparse de lo realmente esencial, su ser querido. Sus expertos tratar\u00e1n su situaci\u00f3n con toda la profesionalidad y delicadeza que merecen.<br \/>\n<\/div><\/p>\n<div class=\"colorf \"  ><div class=\"container clearfix\"><div class=\"col-md-7\"><\/p>\n<h2><span class=\"ez-toc-section\" id=\"%C2%BFComo_contactar_con_Previsora_Bilbaina\"><\/span>\u00bfC\u00f3mo contactar con Previsora Bilbaina?<span class=\"ez-toc-section-end\"><\/span><\/h2>\n<p>Para que Previsora Bilbaina se ponga a su predisposici\u00f3n, le recordamos que tiene a su predisposici\u00f3n un n\u00famero de contacto gratis, un e-mail, un formulario en su p\u00e1gina y las distintas cuentas de Previsora Bilbaina en redes sociales.<br \/>\n<\/div><\/div><\/div>\n<h3><span class=\"ez-toc-section\" id=\"Telefono_gratuito_de_Previsora_Bilbaina\"><\/span>Tel\u00e9fono gratuito de Previsora Bilbaina<span class=\"ez-toc-section-end\"><\/span><\/h3>\n<p>Este es el tel\u00e9fono de contacto <strong>900 33 33 24<\/strong>. En la actualidad el tiempo es fundamental. Por eso Previsora Bilbaina est\u00e1 al tanto de que este procedimiento es r\u00e1pido y f\u00e1cil de usar. Adem\u00e1s de esto a trav\u00e9s de te van a poder solventar tus cuestiones o bien dudas sobre tu seguro. La llamada no tiene ning\u00fan tipo de coste, el tiempo que transcurra desde el principio hasta el final no corre a cargo suya por lo que puedes estar completamente sosegado. Le atender\u00e1 un consultor especialista en seguro de decesos a fin de que de esta manera pueda resolver sus dudas durante la llamada.<br \/>\n<div class=\"colorf\"><div class=\"container clearfix\"><div class=\"col-md-7\"><\/p>\n<div class=\"cabecera_tabla_ajustada \"  style=\"width:80%\" ><div class=\"row\"><\/div>\n<div class=\"fila_tabla4 \"  ><div class=\"row\"><div class=\"col-8 nosepara izq\"><p><strong>Tel\u00e9fono para contrataciones<\/strong><\/p><\/div><div class=\"col-4 nosepara centro\">951 127 403<\/div><\/div><\/div>\n<div class=\"pie_tabla \"  ><div class=\"row\"><div class=\"col-12 \"><\/div><\/div><\/div><\/div>\n<\/div><\/div><\/div>\n<h3><span class=\"ez-toc-section\" id=\"Horario_de_atencion_al_cliente_de_Previsora_Bilbaina\"><\/span>Horario de atenci\u00f3n al cliente de Previsora Bilbaina<span class=\"ez-toc-section-end\"><\/span><\/h3>\n<p>La compa\u00f1\u00eda al no ser siendo consciente del tiempo libre que dispone cada persona para poder realizar la llamada telef\u00f3nica o ponerse en contacto, ofrece un horario concreto y espec\u00edfico, tanto de ma\u00f1ana como de tarde, para que puedan tener flexibilidad a la hora de comunicarse con la empresa. La persona que le atender\u00e1, pasar\u00e1 la llamada a uno de los profesionales y especialistas asesores a fin de que pueda hablar largo y tendido sobre su seguro de decesos o cualquier aspecto que le compete. As\u00ed, las dudas y cuestiones que le hab\u00edan hecho llamar a Previsora Bilbaina van a quedar resueltas con la mayor brevedad posible.<br \/>\n<div class=\"colorf\"><div class=\"container clearfix\"><div class=\"col-md-7\"><\/p>\n<h3><span class=\"ez-toc-section\" id=\"Correo_electronico_de_Previsora_Bilbaina\"><\/span>Correo electr\u00f3nico de Previsora Bilbaina<span class=\"ez-toc-section-end\"><\/span><\/h3>\n<p>Tras la llegada de Internet, la creaci\u00f3n de perfiles en plataformas como Hotmail o Gmail, hacen f\u00e1cil el env\u00edo y recibo de mensajes y documentos. Poder comunicarse con los expertos y que est\u00e9n libres es muy importante, con lo que Previsora Bilbaina ofrece el siguiente e-mail a fin de que esto ocurra: <strong>info@previsorabilbaina.com<\/strong>. Cada profesional le responder\u00e1 velozmente, reflejando la experiencia que poseen y el respeto cara el tema que quiera tratar en torno a sus seguro de decesos.<br \/>\n<\/div><\/div><\/div><\/p>\n<h3><span class=\"ez-toc-section\" id=\"Formulario_en_el_sitio_Web_de_Previsora_Bilbaina\"><\/span>Formulario en el sitio Web de Previsora Bilbaina<span class=\"ez-toc-section-end\"><\/span><\/h3>\n<p>Internet ha hecho que nuestras vidas cambien y se ha convertido en la plataforma m\u00e1s empleada. Buscar informaci\u00f3n nunca hab\u00eda sido tan simple. Con solo teclear una palabra miles de art\u00edculos y webs se ponen a tu disposici\u00f3n. Con tan solo poner en Google <strong>www.previsorabilbaina.com\/<\/strong> va a acceder f\u00e1cilmente a la web de Previsora Bilbaina. En su web hallar\u00e1 una idea general sobre todo sus servicios de su seguro de decesos. Costes, coberturas, ofertas, ventajas&#8230; unos datos que le ayudar\u00e1n a hacerse una idea de la empresa de seguros. La compa\u00f1\u00eda aseguradora te facilita un usuario que va a poder rellenar f\u00e1cilmente poniendo a su disposici\u00f3n su nombre y apellidos, correo, tel\u00e9fono, etc\u00e9teraUna vez terminado, uno de los especialistas de Previsora Bilbaina va a ser el encargado de ponerse en contacto con para poder resolver la duda que ha puesto.<br \/>\n<div class=\"colorf\"><div class=\"container clearfix\"><div class=\"col-md-7\"><\/p>\n<h3><span class=\"ez-toc-section\" id=\"Redes_sociales_de_Previsora_Bilbaina\"><\/span>Redes sociales de Previsora Bilbaina<span class=\"ez-toc-section-end\"><\/span><\/h3>\n<p>Las redes sociales, Instagram, Twitter o bien Fb, establecen una enorme conexi\u00f3n con la poblaci\u00f3n y pertenecen a las herramientas con m\u00e1s difusi\u00f3n y alcance. Previsora Bilbaina avanza a pasos desmedidos. Saber qui\u00e9nes forman parte de la empresa, contactar o hallar informaci\u00f3n podr\u00e1 hacerlo por medio de sus plataformas disponibles. Con el simple acto de teclear el nombre de la compa\u00f1\u00eda, le aparecer\u00e1 el perfil y tendr\u00e1 acceso a dicha informaci\u00f3n. Si en alg\u00fan momento no puede mandar un mensaje a trav\u00e9s del correo o llamar a su tel\u00e9fono de contacto, podr\u00e1 hacerlo mediante sus redes sociales, aparte de tener acceso a su web, informaci\u00f3n sobre las caracter\u00edsticas que posee su seguro de decesos y m\u00e1s.<br \/>\n<\/div><\/div><\/div><\/p>\n<\/div>\n<p><div class=\"oficinas\"> <h3>P\u00e1ginas relacionadas<\/h3><div class=\"enlazado\"><ul> <li><a href=\"https:\/\/idecesos.com\/seguros\/companias\/previsora-bilbaina\/opiniones\/\">Opiniones de Seguro Decesos Previsora Bilbaina \u25b7Foro<\/a><\/li> <li><a href=\"https:\/\/idecesos.com\/seguros\/companias\/previsora-bilbaina\/precio\/\">Precio seguro Previsora Bilbaina<\/a><\/li> <li><a href=\"https:\/\/idecesos.com\/seguros\/companias\/previsora-bilbaina\/prima-mixta\/\">Previsora Bilbaina Prima Mixta<\/a><\/li> <li><a href=\"https:\/\/idecesos.com\/seguros\/companias\/previsora-bilbaina\/prima-natural\/\">Previsora Bilbaina Prima Natural<\/a><\/li> <li><a href=\"https:\/\/idecesos.com\/seguros\/companias\/previsora-bilbaina\/prima-nivelada\/\">Previsora Bilbaina Prima Nivelada<\/a><\/li> <li><a href=\"https:\/\/idecesos.com\/seguros\/companias\/previsora-bilbaina\/prima-unica\/\">Previsora Bilbaina Prima \u00danica<\/a><\/li> <li><a href=\"https:\/\/idecesos.com\/seguros\/companias\/previsora-bilbaina\/repatriacion\/\">Previsora Bilbaina Repatriaci\u00f3n<\/a><\/li> <li><a href=\"https:\/\/idecesos.com\/seguros\/companias\/previsora-bilbaina\/telefono\/\">Tel\u00e9fono Gratuito Previsora Bilbaina<\/a><\/li><\/ul><\/div> <\/div><\/p>\n","protected":false},"excerpt":{"rendered":"<p>Previsora Bilbaina tiene un extenso horario para atender sus necesidad en los peores instantes. Un agente experto le atender\u00e1 para cubrir todas sus necesidades y se ocupar\u00e1 de todos tr\u00e1mites de su seguro de decesos. La libre elecci\u00f3n del camposanto, tanatorio y corona, la gesti\u00f3n sobre la tramitaci\u00f3n funeraria, los gastos en ata\u00fad y servicios&hellip; <\/p>\n","protected":false},"author":1,"featured_media":0,"parent":6380,"menu_order":0,"comment_status":"closed","ping_status":"closed","template":"single.php","meta":{"footnotes":""},"class_list":["post-15438","page","type-page","status-publish","hentry"],"yoast_head":"<!-- This site is optimized with the Yoast SEO plugin v27.5 - https:\/\/yoast.com\/product\/yoast-seo-wordpress\/ -->\n<title>Tel\u00e9fono Gratuito Previsora Bilbaina \u25b7Atenci\u00f3n Cliente, Email, RRSS, Web<\/title>\n<meta name=\"description\" content=\"Busca aqu\u00ed\u3010Previsora Bilbaina seguros tel\u00e9fono gratuito\u3011Previsora Bilbaina Decesos tel\u00e9fono gratis: atenci\u00f3n al cliente y contrataciones \u2611\ufe0fVerificado en 2026\" \/>\n<meta name=\"robots\" content=\"index, follow, max-snippet:-1, max-image-preview:large, max-video-preview:-1\" \/>\n<link rel=\"canonical\" href=\"https:\/\/idecesos.com\/seguros\/companias\/previsora-bilbaina\/telefono\/\" \/>\n<meta property=\"og:locale\" content=\"es_ES\" \/>\n<meta property=\"og:type\" content=\"article\" \/>\n<meta property=\"og:title\" content=\"Tel\u00e9fono Gratuito Previsora Bilbaina \u25b7Atenci\u00f3n Cliente, Email, RRSS, Web\" \/>\n<meta property=\"og:description\" content=\"Busca aqu\u00ed\u3010Previsora Bilbaina seguros tel\u00e9fono gratuito\u3011Previsora Bilbaina Decesos tel\u00e9fono gratis: atenci\u00f3n al cliente y contrataciones \u2611\ufe0fVerificado en 2026\" \/>\n<meta property=\"og:url\" content=\"https:\/\/idecesos.com\/seguros\/companias\/previsora-bilbaina\/telefono\/\" \/>\n<meta property=\"article:modified_time\" content=\"2022-03-30T01:13:09+00:00\" \/>\n<meta name=\"twitter:card\" content=\"summary_large_image\" \/>\n<meta name=\"twitter:label1\" content=\"Tiempo de lectura\" \/>\n\t<meta name=\"twitter:data1\" content=\"4 minutos\" \/>\n<script type=\"application\/ld+json\" class=\"yoast-schema-graph\">{\"@context\":\"https:\\\/\\\/schema.org\",\"@graph\":[{\"@type\":\"WebPage\",\"@id\":\"https:\\\/\\\/idecesos.com\\\/seguros\\\/companias\\\/previsora-bilbaina\\\/telefono\\\/\",\"url\":\"https:\\\/\\\/idecesos.com\\\/seguros\\\/companias\\\/previsora-bilbaina\\\/telefono\\\/\",\"name\":\"Tel\u00e9fono Gratuito Previsora Bilbaina \u25b7Atenci\u00f3n Cliente, Email, RRSS, Web\",\"isPartOf\":{\"@id\":\"https:\\\/\\\/idecesos.com\\\/seguros\\\/#website\"},\"datePublished\":\"2021-11-25T10:17:49+00:00\",\"dateModified\":\"2022-03-30T01:13:09+00:00\",\"description\":\"Busca aqu\u00ed\u3010Previsora Bilbaina seguros tel\u00e9fono gratuito\u3011Previsora Bilbaina Decesos tel\u00e9fono gratis: atenci\u00f3n al cliente y contrataciones \u2611\ufe0fVerificado en 2026\",\"breadcrumb\":{\"@id\":\"https:\\\/\\\/idecesos.com\\\/seguros\\\/companias\\\/previsora-bilbaina\\\/telefono\\\/#breadcrumb\"},\"inLanguage\":\"es\",\"potentialAction\":[{\"@type\":\"ReadAction\",\"target\":[\"https:\\\/\\\/idecesos.com\\\/seguros\\\/companias\\\/previsora-bilbaina\\\/telefono\\\/\"]}]},{\"@type\":\"BreadcrumbList\",\"@id\":\"https:\\\/\\\/idecesos.com\\\/seguros\\\/companias\\\/previsora-bilbaina\\\/telefono\\\/#breadcrumb\",\"itemListElement\":[{\"@type\":\"ListItem\",\"position\":1,\"name\":\"Portada\",\"item\":\"https:\\\/\\\/idecesos.com\\\/seguros\\\/\"},{\"@type\":\"ListItem\",\"position\":2,\"name\":\"Compa\u00f1\u00edas de Seguros de Decesos en Espa\u00f1a\",\"item\":\"https:\\\/\\\/idecesos.com\\\/seguros\\\/companias\\\/\"},{\"@type\":\"ListItem\",\"position\":3,\"name\":\"Seguro de Decesos Previsora Bilba\u00edna\",\"item\":\"https:\\\/\\\/idecesos.com\\\/seguros\\\/companias\\\/previsora-bilbaina\\\/\"},{\"@type\":\"ListItem\",\"position\":4,\"name\":\"Atenci\u00f3n al cliente Previsora Bilbaina: telefono gratuito, e-mail\"}]},{\"@type\":\"WebSite\",\"@id\":\"https:\\\/\\\/idecesos.com\\\/seguros\\\/#website\",\"url\":\"https:\\\/\\\/idecesos.com\\\/seguros\\\/\",\"name\":\"\",\"description\":\"\",\"potentialAction\":[{\"@type\":\"SearchAction\",\"target\":{\"@type\":\"EntryPoint\",\"urlTemplate\":\"https:\\\/\\\/idecesos.com\\\/seguros\\\/?s={search_term_string}\"},\"query-input\":{\"@type\":\"PropertyValueSpecification\",\"valueRequired\":true,\"valueName\":\"search_term_string\"}}],\"inLanguage\":\"es\"}]}<\/script>\n<!-- \/ Yoast SEO plugin. -->","yoast_head_json":{"title":"Tel\u00e9fono Gratuito Previsora Bilbaina \u25b7Atenci\u00f3n Cliente, Email, RRSS, Web","description":"Busca aqu\u00ed\u3010Previsora Bilbaina seguros tel\u00e9fono gratuito\u3011Previsora Bilbaina Decesos tel\u00e9fono gratis: atenci\u00f3n al cliente y contrataciones \u2611\ufe0fVerificado en 2026","robots":{"index":"index","follow":"follow","max-snippet":"max-snippet:-1","max-image-preview":"max-image-preview:large","max-video-preview":"max-video-preview:-1"},"canonical":"https:\/\/idecesos.com\/seguros\/companias\/previsora-bilbaina\/telefono\/","og_locale":"es_ES","og_type":"article","og_title":"Tel\u00e9fono Gratuito Previsora Bilbaina \u25b7Atenci\u00f3n Cliente, Email, RRSS, Web","og_description":"Busca aqu\u00ed\u3010Previsora Bilbaina seguros tel\u00e9fono gratuito\u3011Previsora Bilbaina Decesos tel\u00e9fono gratis: atenci\u00f3n al cliente y contrataciones \u2611\ufe0fVerificado en 2026","og_url":"https:\/\/idecesos.com\/seguros\/companias\/previsora-bilbaina\/telefono\/","article_modified_time":"2022-03-30T01:13:09+00:00","twitter_card":"summary_large_image","twitter_misc":{"Tiempo de lectura":"4 minutos"},"schema":{"@context":"https:\/\/schema.org","@graph":[{"@type":"WebPage","@id":"https:\/\/idecesos.com\/seguros\/companias\/previsora-bilbaina\/telefono\/","url":"https:\/\/idecesos.com\/seguros\/companias\/previsora-bilbaina\/telefono\/","name":"Tel\u00e9fono Gratuito Previsora Bilbaina \u25b7Atenci\u00f3n Cliente, Email, RRSS, Web","isPartOf":{"@id":"https:\/\/idecesos.com\/seguros\/#website"},"datePublished":"2021-11-25T10:17:49+00:00","dateModified":"2022-03-30T01:13:09+00:00","description":"Busca aqu\u00ed\u3010Previsora Bilbaina seguros tel\u00e9fono gratuito\u3011Previsora Bilbaina Decesos tel\u00e9fono gratis: atenci\u00f3n al cliente y contrataciones \u2611\ufe0fVerificado en 2026","breadcrumb":{"@id":"https:\/\/idecesos.com\/seguros\/companias\/previsora-bilbaina\/telefono\/#breadcrumb"},"inLanguage":"es","potentialAction":[{"@type":"ReadAction","target":["https:\/\/idecesos.com\/seguros\/companias\/previsora-bilbaina\/telefono\/"]}]},{"@type":"BreadcrumbList","@id":"https:\/\/idecesos.com\/seguros\/companias\/previsora-bilbaina\/telefono\/#breadcrumb","itemListElement":[{"@type":"ListItem","position":1,"name":"Portada","item":"https:\/\/idecesos.com\/seguros\/"},{"@type":"ListItem","position":2,"name":"Compa\u00f1\u00edas de Seguros de Decesos en Espa\u00f1a","item":"https:\/\/idecesos.com\/seguros\/companias\/"},{"@type":"ListItem","position":3,"name":"Seguro de Decesos Previsora Bilba\u00edna","item":"https:\/\/idecesos.com\/seguros\/companias\/previsora-bilbaina\/"},{"@type":"ListItem","position":4,"name":"Atenci\u00f3n al cliente Previsora Bilbaina: telefono gratuito, e-mail"}]},{"@type":"WebSite","@id":"https:\/\/idecesos.com\/seguros\/#website","url":"https:\/\/idecesos.com\/seguros\/","name":"","description":"","potentialAction":[{"@type":"SearchAction","target":{"@type":"EntryPoint","urlTemplate":"https:\/\/idecesos.com\/seguros\/?s={search_term_string}"},"query-input":{"@type":"PropertyValueSpecification","valueRequired":true,"valueName":"search_term_string"}}],"inLanguage":"es"}]}},"_links":{"self":[{"href":"https:\/\/idecesos.com\/seguros\/wp-json\/wp\/v2\/pages\/15438","targetHints":{"allow":["GET"]}}],"collection":[{"href":"https:\/\/idecesos.com\/seguros\/wp-json\/wp\/v2\/pages"}],"about":[{"href":"https:\/\/idecesos.com\/seguros\/wp-json\/wp\/v2\/types\/page"}],"author":[{"embeddable":true,"href":"https:\/\/idecesos.com\/seguros\/wp-json\/wp\/v2\/users\/1"}],"replies":[{"embeddable":true,"href":"https:\/\/idecesos.com\/seguros\/wp-json\/wp\/v2\/comments?post=15438"}],"version-history":[{"count":8,"href":"https:\/\/idecesos.com\/seguros\/wp-json\/wp\/v2\/pages\/15438\/revisions"}],"predecessor-version":[{"id":20903,"href":"https:\/\/idecesos.com\/seguros\/wp-json\/wp\/v2\/pages\/15438\/revisions\/20903"}],"up":[{"embeddable":true,"href":"https:\/\/idecesos.com\/seguros\/wp-json\/wp\/v2\/pages\/6380"}],"wp:attachment":[{"href":"https:\/\/idecesos.com\/seguros\/wp-json\/wp\/v2\/media?parent=15438"}],"curies":[{"name":"wp","href":"https:\/\/api.w.org\/{rel}","templated":true}]}}