{"id":15439,"date":"2021-11-26T09:13:06","date_gmt":"2021-11-25T10:17:50","guid":{"rendered":"https:\/\/idecesos.com\/seguros\/companias\/vital\/telefono\/"},"modified":"2022-04-07T09:03:17","modified_gmt":"2022-04-07T09:03:17","slug":"telefono","status":"publish","type":"page","link":"https:\/\/idecesos.com\/seguros\/companias\/vital\/telefono\/","title":{"rendered":"Atenci\u00f3n al cliente Vital: telefono gratuito, e-mail"},"content":{"rendered":"<div id=\"ez-toc-container\" class=\"ez-toc-v2_0_82_2 ez-toc-wrap-center counter-hierarchy ez-toc-counter ez-toc-custom ez-toc-container-direction\">\n<div class=\"ez-toc-title-container\">\n<p class=\"ez-toc-title\" style=\"cursor:inherit\">Tabla de Contenido<\/p>\n<span class=\"ez-toc-title-toggle\"><a href=\"#\" class=\"ez-toc-pull-right ez-toc-btn ez-toc-btn-xs ez-toc-btn-default ez-toc-toggle\" aria-label=\"Alternar tabla de contenidos\"><span class=\"ez-toc-js-icon-con\"><span class=\"\"><span class=\"eztoc-hide\" style=\"display:none;\">Toggle<\/span><span class=\"ez-toc-icon-toggle-span\"><svg style=\"fill: #db6415;color:#db6415\" xmlns=\"http:\/\/www.w3.org\/2000\/svg\" class=\"list-377408\" width=\"20px\" height=\"20px\" viewBox=\"0 0 24 24\" fill=\"none\"><path d=\"M6 6H4v2h2V6zm14 0H8v2h12V6zM4 11h2v2H4v-2zm16 0H8v2h12v-2zM4 16h2v2H4v-2zm16 0H8v2h12v-2z\" fill=\"currentColor\"><\/path><\/svg><svg style=\"fill: #db6415;color:#db6415\" class=\"arrow-unsorted-368013\" xmlns=\"http:\/\/www.w3.org\/2000\/svg\" width=\"10px\" height=\"10px\" viewBox=\"0 0 24 24\" version=\"1.2\" baseProfile=\"tiny\"><path d=\"M18.2 9.3l-6.2-6.3-6.2 6.3c-.2.2-.3.4-.3.7s.1.5.3.7c.2.2.4.3.7.3h11c.3 0 .5-.1.7-.3.2-.2.3-.5.3-.7s-.1-.5-.3-.7zM5.8 14.7l6.2 6.3 6.2-6.3c.2-.2.3-.5.3-.7s-.1-.5-.3-.7c-.2-.2-.4-.3-.7-.3h-11c-.3 0-.5.1-.7.3-.2.2-.3.5-.3.7s.1.5.3.7z\"\/><\/svg><\/span><\/span><\/span><\/a><\/span><\/div>\n<nav><ul class='ez-toc-list ez-toc-list-level-1 ' ><ul class='ez-toc-list-level-4' ><li class='ez-toc-heading-level-4'><ul class='ez-toc-list-level-4' ><li class='ez-toc-heading-level-4'><a class=\"ez-toc-link ez-toc-heading-1\" href=\"https:\/\/idecesos.com\/seguros\/companias\/vital\/telefono\/#Telefono_Contrataciones_951_127_403\" >Tel\u00e9fono Contrataciones \n951 127 403<\/a><\/li><\/ul><\/li><\/ul><\/li><li class='ez-toc-page-1 ez-toc-heading-level-2'><a class=\"ez-toc-link ez-toc-heading-2\" href=\"https:\/\/idecesos.com\/seguros\/companias\/vital\/telefono\/#%C2%BFComo_contactar_con_Vital\" >\u00bfC\u00f3mo contactar con Vital?<\/a><ul class='ez-toc-list-level-3' ><li class='ez-toc-heading-level-3'><a class=\"ez-toc-link ez-toc-heading-3\" href=\"https:\/\/idecesos.com\/seguros\/companias\/vital\/telefono\/#Telefono_gratuito_de_Vital\" >Tel\u00e9fono gratuito de Vital<\/a><\/li><li class='ez-toc-page-1 ez-toc-heading-level-3'><a class=\"ez-toc-link ez-toc-heading-4\" href=\"https:\/\/idecesos.com\/seguros\/companias\/vital\/telefono\/#Horario_de_atencion_al_cliente_de_Vital\" >Horario de atenci\u00f3n al cliente de Vital<\/a><\/li><li class='ez-toc-page-1 ez-toc-heading-level-3'><a class=\"ez-toc-link ez-toc-heading-5\" href=\"https:\/\/idecesos.com\/seguros\/companias\/vital\/telefono\/#Correo_electronico_de_Vital\" >Correo electr\u00f3nico de Vital<\/a><\/li><li class='ez-toc-page-1 ez-toc-heading-level-3'><a class=\"ez-toc-link ez-toc-heading-6\" href=\"https:\/\/idecesos.com\/seguros\/companias\/vital\/telefono\/#Formulario_en_el_sitio_Web_de_Vital\" >Formulario en el sitio Web de Vital<\/a><\/li><li class='ez-toc-page-1 ez-toc-heading-level-3'><a class=\"ez-toc-link ez-toc-heading-7\" href=\"https:\/\/idecesos.com\/seguros\/companias\/vital\/telefono\/#Redes_sociales_de_Vital\" >Redes sociales de Vital<\/a><\/li><li class='ez-toc-page-1 ez-toc-heading-level-3'><a class=\"ez-toc-link ez-toc-heading-8\" href=\"https:\/\/idecesos.com\/seguros\/companias\/vital\/telefono\/#Paginas_relacionadas\" >P\u00e1ginas relacionadas<\/a><\/li><\/ul><\/li><\/ul><\/nav><\/div>\n\n<div class=\"caja\">\n<div class=\"cajaIcono2 \"  ><div class=\"cuadro\" style=\"box-shadow: inset 0 0 0 3px #ff790e\"><div class=\"iconoCircular\" style=\"border: 3px solid #ff790e\">\t\t\n\t\t\t\t\t<div class=\"iconoCirculo\">\n\t\t\t\t\t  <i class=\"fas fa-phone-volume\"><\/i>\n\t\t\t\t\t<\/div>\n\t\t\t\t<\/div><div class=\"\">\n<h4 style=\"text-align: center;\"><span class=\"ez-toc-section\" id=\"Telefono_Contrataciones_951_127_403\"><\/span><strong>Tel\u00e9fono Contrataciones<br \/>\n951 127 403<\/strong><span class=\"ez-toc-section-end\"><\/span><\/h4>\n<p><\/div><\/div><\/div><br \/>\nVital tiene un amplio horario para atender sus necesidad en los peores instantes. Un agente especialista le atender\u00e1 para cubrir sus necesidades y se encargar\u00e1 de todos tr\u00e1mites de su seguro de decesos. La libre elecci\u00f3n del cementerio, tanatorio y corona, la administraci\u00f3n sobre la tramitaci\u00f3n funeraria, los gastos en ata\u00fad y servicios sanitarios, el traslado tanto nacional como internacional del fallecido y muchas otras coberturas que van a ser atendidas por los agentes expertos de Vital. Vital empatiza con los familiares cuando llegue el d\u00eda tan duro como es la p\u00e9rdida de un familiar y, es por este motivo que, todo estar\u00e1 gestionado y cerrado adecuadamente para esas datas. Los expertos de Vital tratar\u00e1n su situaci\u00f3n con toda la profesionalidad y respeto que merecen.<br \/>\n<\/div><\/p>\n<div class=\"colorf \"  ><div class=\"container clearfix\"><div class=\"col-md-7\"><\/p>\n<h2><span class=\"ez-toc-section\" id=\"%C2%BFComo_contactar_con_Vital\"><\/span>\u00bfC\u00f3mo contactar con Vital?<span class=\"ez-toc-section-end\"><\/span><\/h2>\n<p>Vital tiene libre los pr\u00f3ximos m\u00e9todos para poder contactar de manera gratuita: tel\u00e9fono de contacto, formulario en su p\u00e1gina web, e-mail y redes sociales.<br \/>\n<\/div><\/div><\/div>\n<h3><span class=\"ez-toc-section\" id=\"Telefono_gratuito_de_Vital\"><\/span>Tel\u00e9fono gratuito de Vital<span class=\"ez-toc-section-end\"><\/span><\/h3>\n<p>Para facilitar respuestas a dudas, cuestiones, asesoramiento, etc\u00e9teraEn torno a su seguro de decesos, se le proporcionar\u00e1 un n\u00famero de contacto y de esta manera conversar con la compa\u00f1\u00eda. Hoy, si su pretensi\u00f3n es poder conversar de forma extensa y sin prisas con el experto, es el mejor m\u00e9todo, por su contacto directo y simpleza. Con el pr\u00f3ximo tel\u00e9fono <strong>93 602 06 02<\/strong> no deber\u00e1s moverte de donde est\u00e9s para poder efectuar la llamada y charlar con alg\u00fan miembro de Vital veloz y gratis.<br \/>\n<div class=\"colorf\"><div class=\"container clearfix\"><div class=\"col-md-7\"><\/p>\n<div class=\"cabecera_tabla_ajustada \"  style=\"width:80%\" ><div class=\"row\"><\/div>\n<div class=\"fila_tabla4 \"  ><div class=\"row\"><div class=\"col-8 nosepara izq\"><p><strong>Tel\u00e9fono para contrataciones<\/strong><\/p><\/div><div class=\"col-4 nosepara centro\">951 127 403<\/div><\/div><\/div>\n<div class=\"pie_tabla \"  ><div class=\"row\"><div class=\"col-12 \"><\/div><\/div><\/div><\/div>\n<\/div><\/div><\/div>\n<h3><span class=\"ez-toc-section\" id=\"Horario_de_atencion_al_cliente_de_Vital\"><\/span>Horario de atenci\u00f3n al cliente de Vital<span class=\"ez-toc-section-end\"><\/span><\/h3>\n<p>Vital tiene disponible un horario de atenci\u00f3n al usuario para poder contestar de forma r\u00e1pida. Conseguir\u00e1 la posibilidad de hablar con la persona al mando de este servicio o con uno de los profesionales expertos toda vez que llame al tel\u00e9fono. Toda la informaci\u00f3n que desee recibir sobre su seguro de decesos, como por servirnos de un ejemplo los costes, ser\u00e1 dada de la mejor manera posible, para que de este modo pueda quedar contento con el trato ofrecido por la compa\u00f1\u00eda. El pr\u00f3ximo horario <strong>horario Vital<\/strong> est\u00e1 concebido para que la persona que desee establecer una conversaci\u00f3n con la compa\u00f1\u00eda pueda hacerlo a lo largo del d\u00eda.<br \/>\n<div class=\"colorf\"><div class=\"container clearfix\"><div class=\"col-md-7\"><\/p>\n<h3><span class=\"ez-toc-section\" id=\"Correo_electronico_de_Vital\"><\/span>Correo electr\u00f3nico de Vital<span class=\"ez-toc-section-end\"><\/span><\/h3>\n<p>Internet est\u00e1 a la orden del d\u00eda y la mayor\u00eda de la poblaci\u00f3n dispone de un perfil en las plataformas de Gmail, Hotmail, etc. Con esto, es posible desempe\u00f1ar funciones como recibir o mandar informaci\u00f3n, flujo de archivos\u2026El empleo de dicha herramienta favorecer\u00e1 el poder percibir datos y tambi\u00e9n informaci\u00f3n sobre su seguro de decesos. El siguiente mail <strong>barcelona@vitalseguro.com<\/strong> pertenece a Vital, con el que podr\u00e1 preguntar lo que desee sobre su prima, p\u00f3liza\u2026Al desempe\u00f1ar la funci\u00f3n del env\u00edo de un e mail, la contestaci\u00f3n que obtenga va a ser la mejor y, terminante, para poder aclarar sus ideas.<br \/>\n<\/div><\/div><\/div><\/p>\n<h3><span class=\"ez-toc-section\" id=\"Formulario_en_el_sitio_Web_de_Vital\"><\/span>Formulario en el sitio Web de Vital<span class=\"ez-toc-section-end\"><\/span><\/h3>\n<p>Entrar en la red de redes para buscar algo es de los actos m\u00e1s habituales que existen en la actualidad en esta nueva era de la digitalizaci\u00f3n. Con una disponible completa para todo el mundo y un acceso gratuito, Internet es la plataforma l\u00edder del mercado en buscas. Tecleando el nombre de Vital vas a poder hallar todo lo que quieras saber sobre su seguro de decesos en su p\u00e1gina web <strong>www.vitalseguro.com\/<\/strong>. All\u00e1 hallar\u00e1s sus diferentes coberturas y costes para que puedas informarte sobre todos y percibir informaci\u00f3n ya antes de contratar sus servicios. En la web de Vital encontrar\u00e1s un formulario que vas a deber rellenar con sus datos apartados como nombre y apellidos, correo electr\u00f3nico, n\u00famero de tel\u00e9fono&#8230; para que el agente especialista en el tema pueda solventar sus preguntas y cuestiones lo m\u00e1s veloz posible.<br \/>\n<div class=\"colorf\"><div class=\"container clearfix\"><div class=\"col-md-7\"><\/p>\n<h3><span class=\"ez-toc-section\" id=\"Redes_sociales_de_Vital\"><\/span>Redes sociales de Vital<span class=\"ez-toc-section-end\"><\/span><\/h3>\n<p>Instagram, Twitter, TikTok o bien Fb son una de las apps m\u00e1s utilizadas hoy en d\u00eda y donde sus usuarios pasan m\u00e1s tiempo. Son una herramienta \u00fatil para enviar informaci\u00f3n sencillamente a miles de personas. Vital cuenta con alguna de estas redes sociales a fin de que puedas seguirlos y enterarte de todas y cada una de las novedades y ofertas que tienen a su disposici\u00f3n sobre su seguro de decesos. En ellas podr\u00e1s ver la ubicaci\u00f3n de su sede, de qu\u00e9 manera trabajan, servicios que ofrecen, etc\u00e9tera Adem\u00e1s tienen un link directo a su p\u00e1gina web a fin de que puedas ampliar todo esto. Ciertos perfiles que tiene Vital te dan la opci\u00f3n de ponerte en contacto con ella para que puedan aconsejarte sobre sus servicios o responderte a cualquier pregunta.<br \/>\n<\/div><\/div><\/div><\/p>\n<\/div>\n<p><div class=\"oficinas\"> <h3><span class=\"ez-toc-section\" id=\"Paginas_relacionadas\"><\/span>P\u00e1ginas relacionadas<span class=\"ez-toc-section-end\"><\/span><\/h3><div class=\"enlazado\"><ul> <li><a href=\"https:\/\/idecesos.com\/seguros\/companias\/vital\/opiniones\/\">Opiniones Vital<\/a><\/li> <li><a href=\"https:\/\/idecesos.com\/seguros\/companias\/vital\/precio\/\">Precio seguro Vital<\/a><\/li> <li><a href=\"https:\/\/idecesos.com\/seguros\/companias\/vital\/prima-mixta\/\">Vital Prima Mixta<\/a><\/li> <li><a href=\"https:\/\/idecesos.com\/seguros\/companias\/vital\/prima-natural\/\">Vital Prima Natural<\/a><\/li> <li><a href=\"https:\/\/idecesos.com\/seguros\/companias\/vital\/prima-nivelada\/\">Vital Prima Nivelada<\/a><\/li> <li><a href=\"https:\/\/idecesos.com\/seguros\/companias\/vital\/prima-unica\/\">Vital Prima \u00danica<\/a><\/li> <li><a href=\"https:\/\/idecesos.com\/seguros\/companias\/vital\/repatriacion\/\">Vital Repatriaci\u00f3n<\/a><\/li> <li><a href=\"https:\/\/idecesos.com\/seguros\/companias\/vital\/telefono\/\">Tel\u00e9fono Gratuito Vital<\/a><\/li>                                                                                                                                                                                                                                                                                                                                                                                                                                                                                                                                                                                                                                                                                                                                                                                                                                                                                                                                                                                                                                                                                                                                                                                                                                                                                                                                                                                                                                                                                                                                                                                                                                                                                                                                                                                                                                                                                                                                                                                                                                                                                                                                                                                                                                                                                                                                                                                                                                                                                                                                                                                                                                                                                                                                                                                                                                                                                                                                                                                                                                                                                                                              <\/ul><\/div> <\/div><\/p>\n","protected":false},"excerpt":{"rendered":"<p>Vital tiene un amplio horario para atender sus necesidad en los peores instantes. Un agente especialista le atender\u00e1 para cubrir sus necesidades y se encargar\u00e1 de todos tr\u00e1mites de su seguro de decesos. La libre elecci\u00f3n del cementerio, tanatorio y corona, la administraci\u00f3n sobre la tramitaci\u00f3n funeraria, los gastos en ata\u00fad y servicios sanitarios, el&hellip; <\/p>\n","protected":false},"author":1,"featured_media":0,"parent":9454,"menu_order":0,"comment_status":"closed","ping_status":"closed","template":"single.php","meta":{"footnotes":""},"class_list":["post-15439","page","type-page","status-publish","hentry"],"yoast_head":"<!-- This site is optimized with the Yoast SEO plugin v27.3 - https:\/\/yoast.com\/product\/yoast-seo-wordpress\/ -->\n<title>Tel\u00e9fono Gratuito Vital \u25b7Atenci\u00f3n Cliente, Email, RRSS, Web<\/title>\n<meta name=\"description\" content=\"Busca aqu\u00ed\u3010Vital seguros tel\u00e9fono gratuito\u3011Vital Decesos tel\u00e9fono gratis: atenci\u00f3n al cliente y contrataciones \u2611\ufe0fVerificado en 2026\" \/>\n<meta name=\"robots\" content=\"index, follow, max-snippet:-1, max-image-preview:large, max-video-preview:-1\" \/>\n<link rel=\"canonical\" href=\"https:\/\/idecesos.com\/seguros\/companias\/vital\/telefono\/\" \/>\n<meta property=\"og:locale\" content=\"es_ES\" \/>\n<meta property=\"og:type\" content=\"article\" \/>\n<meta property=\"og:title\" content=\"Tel\u00e9fono Gratuito Vital \u25b7Atenci\u00f3n Cliente, Email, RRSS, Web\" \/>\n<meta property=\"og:description\" content=\"Busca aqu\u00ed\u3010Vital seguros tel\u00e9fono gratuito\u3011Vital Decesos tel\u00e9fono gratis: atenci\u00f3n al cliente y contrataciones \u2611\ufe0fVerificado en 2026\" \/>\n<meta property=\"og:url\" content=\"https:\/\/idecesos.com\/seguros\/companias\/vital\/telefono\/\" \/>\n<meta property=\"article:modified_time\" content=\"2022-04-07T09:03:17+00:00\" \/>\n<meta name=\"twitter:card\" content=\"summary_large_image\" \/>\n<meta name=\"twitter:label1\" content=\"Tiempo de lectura\" \/>\n\t<meta name=\"twitter:data1\" content=\"4 minutos\" \/>\n<script type=\"application\/ld+json\" class=\"yoast-schema-graph\">{\"@context\":\"https:\\\/\\\/schema.org\",\"@graph\":[{\"@type\":\"WebPage\",\"@id\":\"https:\\\/\\\/idecesos.com\\\/seguros\\\/companias\\\/vital\\\/telefono\\\/\",\"url\":\"https:\\\/\\\/idecesos.com\\\/seguros\\\/companias\\\/vital\\\/telefono\\\/\",\"name\":\"Tel\u00e9fono Gratuito Vital \u25b7Atenci\u00f3n Cliente, Email, RRSS, Web\",\"isPartOf\":{\"@id\":\"https:\\\/\\\/idecesos.com\\\/seguros\\\/#website\"},\"datePublished\":\"2021-11-25T10:17:50+00:00\",\"dateModified\":\"2022-04-07T09:03:17+00:00\",\"description\":\"Busca aqu\u00ed\u3010Vital seguros tel\u00e9fono gratuito\u3011Vital Decesos tel\u00e9fono gratis: atenci\u00f3n al cliente y contrataciones \u2611\ufe0fVerificado en 2026\",\"breadcrumb\":{\"@id\":\"https:\\\/\\\/idecesos.com\\\/seguros\\\/companias\\\/vital\\\/telefono\\\/#breadcrumb\"},\"inLanguage\":\"es\",\"potentialAction\":[{\"@type\":\"ReadAction\",\"target\":[\"https:\\\/\\\/idecesos.com\\\/seguros\\\/companias\\\/vital\\\/telefono\\\/\"]}]},{\"@type\":\"BreadcrumbList\",\"@id\":\"https:\\\/\\\/idecesos.com\\\/seguros\\\/companias\\\/vital\\\/telefono\\\/#breadcrumb\",\"itemListElement\":[{\"@type\":\"ListItem\",\"position\":1,\"name\":\"Portada\",\"item\":\"https:\\\/\\\/idecesos.com\\\/seguros\\\/\"},{\"@type\":\"ListItem\",\"position\":2,\"name\":\"Compa\u00f1\u00edas de Seguros de Decesos en Espa\u00f1a\",\"item\":\"https:\\\/\\\/idecesos.com\\\/seguros\\\/companias\\\/\"},{\"@type\":\"ListItem\",\"position\":3,\"name\":\"Seguros de decesos Vital\",\"item\":\"https:\\\/\\\/idecesos.com\\\/seguros\\\/companias\\\/vital\\\/\"},{\"@type\":\"ListItem\",\"position\":4,\"name\":\"Atenci\u00f3n al cliente Vital: telefono gratuito, e-mail\"}]},{\"@type\":\"WebSite\",\"@id\":\"https:\\\/\\\/idecesos.com\\\/seguros\\\/#website\",\"url\":\"https:\\\/\\\/idecesos.com\\\/seguros\\\/\",\"name\":\"\",\"description\":\"\",\"potentialAction\":[{\"@type\":\"SearchAction\",\"target\":{\"@type\":\"EntryPoint\",\"urlTemplate\":\"https:\\\/\\\/idecesos.com\\\/seguros\\\/?s={search_term_string}\"},\"query-input\":{\"@type\":\"PropertyValueSpecification\",\"valueRequired\":true,\"valueName\":\"search_term_string\"}}],\"inLanguage\":\"es\"}]}<\/script>\n<!-- \/ Yoast SEO plugin. -->","yoast_head_json":{"title":"Tel\u00e9fono Gratuito Vital \u25b7Atenci\u00f3n Cliente, Email, RRSS, Web","description":"Busca aqu\u00ed\u3010Vital seguros tel\u00e9fono gratuito\u3011Vital Decesos tel\u00e9fono gratis: atenci\u00f3n al cliente y contrataciones \u2611\ufe0fVerificado en 2026","robots":{"index":"index","follow":"follow","max-snippet":"max-snippet:-1","max-image-preview":"max-image-preview:large","max-video-preview":"max-video-preview:-1"},"canonical":"https:\/\/idecesos.com\/seguros\/companias\/vital\/telefono\/","og_locale":"es_ES","og_type":"article","og_title":"Tel\u00e9fono Gratuito Vital \u25b7Atenci\u00f3n Cliente, Email, RRSS, Web","og_description":"Busca aqu\u00ed\u3010Vital seguros tel\u00e9fono gratuito\u3011Vital Decesos tel\u00e9fono gratis: atenci\u00f3n al cliente y contrataciones \u2611\ufe0fVerificado en 2026","og_url":"https:\/\/idecesos.com\/seguros\/companias\/vital\/telefono\/","article_modified_time":"2022-04-07T09:03:17+00:00","twitter_card":"summary_large_image","twitter_misc":{"Tiempo de lectura":"4 minutos"},"schema":{"@context":"https:\/\/schema.org","@graph":[{"@type":"WebPage","@id":"https:\/\/idecesos.com\/seguros\/companias\/vital\/telefono\/","url":"https:\/\/idecesos.com\/seguros\/companias\/vital\/telefono\/","name":"Tel\u00e9fono Gratuito Vital \u25b7Atenci\u00f3n Cliente, Email, RRSS, Web","isPartOf":{"@id":"https:\/\/idecesos.com\/seguros\/#website"},"datePublished":"2021-11-25T10:17:50+00:00","dateModified":"2022-04-07T09:03:17+00:00","description":"Busca aqu\u00ed\u3010Vital seguros tel\u00e9fono gratuito\u3011Vital Decesos tel\u00e9fono gratis: atenci\u00f3n al cliente y contrataciones \u2611\ufe0fVerificado en 2026","breadcrumb":{"@id":"https:\/\/idecesos.com\/seguros\/companias\/vital\/telefono\/#breadcrumb"},"inLanguage":"es","potentialAction":[{"@type":"ReadAction","target":["https:\/\/idecesos.com\/seguros\/companias\/vital\/telefono\/"]}]},{"@type":"BreadcrumbList","@id":"https:\/\/idecesos.com\/seguros\/companias\/vital\/telefono\/#breadcrumb","itemListElement":[{"@type":"ListItem","position":1,"name":"Portada","item":"https:\/\/idecesos.com\/seguros\/"},{"@type":"ListItem","position":2,"name":"Compa\u00f1\u00edas de Seguros de Decesos en Espa\u00f1a","item":"https:\/\/idecesos.com\/seguros\/companias\/"},{"@type":"ListItem","position":3,"name":"Seguros de decesos Vital","item":"https:\/\/idecesos.com\/seguros\/companias\/vital\/"},{"@type":"ListItem","position":4,"name":"Atenci\u00f3n al cliente Vital: telefono gratuito, e-mail"}]},{"@type":"WebSite","@id":"https:\/\/idecesos.com\/seguros\/#website","url":"https:\/\/idecesos.com\/seguros\/","name":"","description":"","potentialAction":[{"@type":"SearchAction","target":{"@type":"EntryPoint","urlTemplate":"https:\/\/idecesos.com\/seguros\/?s={search_term_string}"},"query-input":{"@type":"PropertyValueSpecification","valueRequired":true,"valueName":"search_term_string"}}],"inLanguage":"es"}]}},"_links":{"self":[{"href":"https:\/\/idecesos.com\/seguros\/wp-json\/wp\/v2\/pages\/15439","targetHints":{"allow":["GET"]}}],"collection":[{"href":"https:\/\/idecesos.com\/seguros\/wp-json\/wp\/v2\/pages"}],"about":[{"href":"https:\/\/idecesos.com\/seguros\/wp-json\/wp\/v2\/types\/page"}],"author":[{"embeddable":true,"href":"https:\/\/idecesos.com\/seguros\/wp-json\/wp\/v2\/users\/1"}],"replies":[{"embeddable":true,"href":"https:\/\/idecesos.com\/seguros\/wp-json\/wp\/v2\/comments?post=15439"}],"version-history":[{"count":8,"href":"https:\/\/idecesos.com\/seguros\/wp-json\/wp\/v2\/pages\/15439\/revisions"}],"predecessor-version":[{"id":21060,"href":"https:\/\/idecesos.com\/seguros\/wp-json\/wp\/v2\/pages\/15439\/revisions\/21060"}],"up":[{"embeddable":true,"href":"https:\/\/idecesos.com\/seguros\/wp-json\/wp\/v2\/pages\/9454"}],"wp:attachment":[{"href":"https:\/\/idecesos.com\/seguros\/wp-json\/wp\/v2\/media?parent=15439"}],"curies":[{"name":"wp","href":"https:\/\/api.w.org\/{rel}","templated":true}]}}