{"id":15440,"date":"2021-11-26T09:13:07","date_gmt":"2021-11-25T10:17:50","guid":{"rendered":"https:\/\/idecesos.com\/seguros\/companias\/amic\/telefono\/"},"modified":"2022-04-07T09:05:07","modified_gmt":"2022-04-07T09:05:07","slug":"telefono","status":"publish","type":"page","link":"https:\/\/idecesos.com\/seguros\/companias\/amic\/telefono\/","title":{"rendered":"Atenci\u00f3n al cliente Amic: telefono gratuito, e-mail"},"content":{"rendered":"<div id=\"ez-toc-container\" class=\"ez-toc-v2_0_82_2 ez-toc-wrap-center counter-hierarchy ez-toc-counter ez-toc-custom ez-toc-container-direction\">\n<div class=\"ez-toc-title-container\">\n<p class=\"ez-toc-title\" style=\"cursor:inherit\">Tabla de Contenido<\/p>\n<span class=\"ez-toc-title-toggle\"><a href=\"#\" class=\"ez-toc-pull-right ez-toc-btn ez-toc-btn-xs ez-toc-btn-default ez-toc-toggle\" aria-label=\"Alternar tabla de contenidos\"><span class=\"ez-toc-js-icon-con\"><span class=\"\"><span class=\"eztoc-hide\" style=\"display:none;\">Toggle<\/span><span class=\"ez-toc-icon-toggle-span\"><svg style=\"fill: #db6415;color:#db6415\" xmlns=\"http:\/\/www.w3.org\/2000\/svg\" class=\"list-377408\" width=\"20px\" height=\"20px\" viewBox=\"0 0 24 24\" fill=\"none\"><path d=\"M6 6H4v2h2V6zm14 0H8v2h12V6zM4 11h2v2H4v-2zm16 0H8v2h12v-2zM4 16h2v2H4v-2zm16 0H8v2h12v-2z\" fill=\"currentColor\"><\/path><\/svg><svg style=\"fill: #db6415;color:#db6415\" class=\"arrow-unsorted-368013\" xmlns=\"http:\/\/www.w3.org\/2000\/svg\" width=\"10px\" height=\"10px\" viewBox=\"0 0 24 24\" version=\"1.2\" baseProfile=\"tiny\"><path d=\"M18.2 9.3l-6.2-6.3-6.2 6.3c-.2.2-.3.4-.3.7s.1.5.3.7c.2.2.4.3.7.3h11c.3 0 .5-.1.7-.3.2-.2.3-.5.3-.7s-.1-.5-.3-.7zM5.8 14.7l6.2 6.3 6.2-6.3c.2-.2.3-.5.3-.7s-.1-.5-.3-.7c-.2-.2-.4-.3-.7-.3h-11c-.3 0-.5.1-.7.3-.2.2-.3.5-.3.7s.1.5.3.7z\"\/><\/svg><\/span><\/span><\/span><\/a><\/span><\/div>\n<nav><ul class='ez-toc-list ez-toc-list-level-1 ' ><ul class='ez-toc-list-level-4' ><li class='ez-toc-heading-level-4'><ul class='ez-toc-list-level-4' ><li class='ez-toc-heading-level-4'><a class=\"ez-toc-link ez-toc-heading-1\" href=\"https:\/\/idecesos.com\/seguros\/companias\/amic\/telefono\/#Telefono_Contrataciones_951_127_403\" >Tel\u00e9fono Contrataciones \n951 127 403<\/a><\/li><\/ul><\/li><\/ul><\/li><li class='ez-toc-page-1 ez-toc-heading-level-2'><a class=\"ez-toc-link ez-toc-heading-2\" href=\"https:\/\/idecesos.com\/seguros\/companias\/amic\/telefono\/#%C2%BFComo_contactar_con_Amic\" >\u00bfC\u00f3mo contactar con Amic?<\/a><ul class='ez-toc-list-level-3' ><li class='ez-toc-heading-level-3'><a class=\"ez-toc-link ez-toc-heading-3\" href=\"https:\/\/idecesos.com\/seguros\/companias\/amic\/telefono\/#Telefono_gratuito_de_Amic\" >Tel\u00e9fono gratuito de Amic<\/a><\/li><li class='ez-toc-page-1 ez-toc-heading-level-3'><a class=\"ez-toc-link ez-toc-heading-4\" href=\"https:\/\/idecesos.com\/seguros\/companias\/amic\/telefono\/#Horario_de_atencion_al_cliente_de_Amic\" >Horario de atenci\u00f3n al cliente de Amic<\/a><\/li><li class='ez-toc-page-1 ez-toc-heading-level-3'><a class=\"ez-toc-link ez-toc-heading-5\" href=\"https:\/\/idecesos.com\/seguros\/companias\/amic\/telefono\/#Correo_electronico_de_Amic\" >Correo electr\u00f3nico de Amic<\/a><\/li><li class='ez-toc-page-1 ez-toc-heading-level-3'><a class=\"ez-toc-link ez-toc-heading-6\" href=\"https:\/\/idecesos.com\/seguros\/companias\/amic\/telefono\/#Formulario_en_el_sitio_Web_de_Amic\" >Formulario en el sitio Web de Amic<\/a><\/li><li class='ez-toc-page-1 ez-toc-heading-level-3'><a class=\"ez-toc-link ez-toc-heading-7\" href=\"https:\/\/idecesos.com\/seguros\/companias\/amic\/telefono\/#Redes_sociales_de_Amic\" >Redes sociales de Amic<\/a><\/li><li class='ez-toc-page-1 ez-toc-heading-level-3'><a class=\"ez-toc-link ez-toc-heading-8\" href=\"https:\/\/idecesos.com\/seguros\/companias\/amic\/telefono\/#Paginas_relacionadas\" >P\u00e1ginas relacionadas<\/a><\/li><\/ul><\/li><\/ul><\/nav><\/div>\n\n<div class=\"caja\">\n<div class=\"cajaIcono2 \"  ><div class=\"cuadro\" style=\"box-shadow: inset 0 0 0 3px #ff790e\"><div class=\"iconoCircular\" style=\"border: 3px solid #ff790e\">\t\t\n\t\t\t\t\t<div class=\"iconoCirculo\">\n\t\t\t\t\t  <i class=\"fas fa-phone-volume\"><\/i>\n\t\t\t\t\t<\/div>\n\t\t\t\t<\/div><div class=\"\">\n<h4 style=\"text-align: center;\"><span class=\"ez-toc-section\" id=\"Telefono_Contrataciones_951_127_403\"><\/span><strong>Tel\u00e9fono Contrataciones<br \/>\n951 127 403<\/strong><span class=\"ez-toc-section-end\"><\/span><\/h4>\n<p><\/div><\/div><\/div><br \/>\nPara ponerse en contacto con Amic, \u00e9sta le ofrece muchas opciones a fin de facilitar al usuario el contacto directo y poder contestar a todas sus preguntas sobre los seguros de decesos. En el procedimiento que elija para ello, estar\u00e1 al otro lado un asesor y especialista en el tema, que podr\u00e1 asistirle en todas las cuestiones, como los gastos entorno al ata\u00fad y la sanidad, la indemnizaci\u00f3n diaria que puede percibir por la hospitalizaci\u00f3n, la posibilidad de conservar el ADN, la corona floral, el tanatorio, la esquela\u2026 y muchos otros factores. Se tendr\u00e1 en cuenta la situaci\u00f3n por la que pasa la familia facilitandoles todos los tr\u00e1mites sobre la p\u00e9rdida de su ser querido a fin de que no haya ninguna complicaci\u00f3n y puedan estar apacibles.<br \/>\n<\/div><\/p>\n<div class=\"colorf \"  ><div class=\"container clearfix\"><div class=\"col-md-7\"><\/p>\n<h2><span class=\"ez-toc-section\" id=\"%C2%BFComo_contactar_con_Amic\"><\/span>\u00bfC\u00f3mo contactar con Amic?<span class=\"ez-toc-section-end\"><\/span><\/h2>\n<p>Para establecer la comunicaci\u00f3n con Amic, est\u00e1 disponible un tel\u00e9fono de contacto, absolutamente gratis, una p\u00e1gina web con un formulario a rellenar, correo electr\u00f3nico y redes sociales.<br \/>\n<\/div><\/div><\/div>\n<h3><span class=\"ez-toc-section\" id=\"Telefono_gratuito_de_Amic\"><\/span>Tel\u00e9fono gratuito de Amic<span class=\"ez-toc-section-end\"><\/span><\/h3>\n<p>El siguiente n\u00famero de tel\u00e9fono gratuito <strong>91 43 11 244<\/strong>, est\u00e1 a su disposici\u00f3n para que pueda mantener un buen di\u00e1logo con la compa\u00f1\u00eda. Es fundamental poder solucionar las dudas y necesidades en torno a sus caracter\u00edsticas sobre su seguro de decesos y, es tan sencillo como realizar una llamada. Es de gran importancia que sea siendo consciente del nulo coste que le va a suponer realizar la llamada. La conexi\u00f3n y el contacto que se establece entre el asesor especialista y el usuario, hace que resulte ser el procedimiento m\u00e1s ventajoso y f\u00e1cil posible.<br \/>\n<div class=\"colorf\"><div class=\"container clearfix\"><div class=\"col-md-7\"><\/p>\n<div class=\"cabecera_tabla_ajustada \"  style=\"width:80%\" ><div class=\"row\"><\/div>\n<p><div class=\"fila_tabla4 \"  ><div class=\"row\"><div class=\"col-8 nosepara izq\"><p><strong>Tel\u00e9fono para contrataciones<\/strong><\/p><\/div><div class=\"col-4 nosepara centro\">951 127 403<\/div><\/div><\/div><div class=\"fila_tabla4 \"  ><div class=\"row\"><div class=\"col-8 nosepara izq\"><p><strong>Tel\u00e9fono informaci\u00f3n<\/strong><\/p><\/div><div class=\"col-4 nosepara centro\">910 616 790<\/div><\/div><\/div><\/p>\n<div class=\"pie_tabla \"  ><div class=\"row\"><div class=\"col-12 \"><\/div><\/div><\/div><\/div>\n<\/div><\/div><\/div>\n<h3><span class=\"ez-toc-section\" id=\"Horario_de_atencion_al_cliente_de_Amic\"><\/span>Horario de atenci\u00f3n al cliente de Amic<span class=\"ez-toc-section-end\"><\/span><\/h3>\n<p>No sabiendo la disponibilidad de las personas, Amic tiene a su predisposici\u00f3n un horario, de ma\u00f1ana y de tarde, a fin de que puedas ponerte en contacto. Se le atender\u00e1 con la mayor sabidur\u00eda, confianza y experiencia posible para que el usuario quede satisfecho. Contactar directamente ser\u00e1, de esta forma, m\u00e1s f\u00e1cil y sencillo. El experto le responder\u00e1 a cada una de las preguntas que le vayan brotando en el mismo instante, adem\u00e1s de las que ya ten\u00eda preparadas. El horario de atenci\u00f3n al usuario que brinda Amic es: <strong>horario Amic.<\/strong><br \/>\n<div class=\"colorf\"><div class=\"container clearfix\"><div class=\"col-md-7\"><\/p>\n<h3><span class=\"ez-toc-section\" id=\"Correo_electronico_de_Amic\"><\/span>Correo electr\u00f3nico de Amic<span class=\"ez-toc-section-end\"><\/span><\/h3>\n<p>Gran parte de la poblaci\u00f3n es consciente de la influencia y tambi\u00e9n relevancia que tiene Internet, por lo que tienen perfiles en las plataformas de Hotmail, Gmail, etc. Y de esta manera, efectuar diferentes tr\u00e1mites como por servirnos de un ejemplo, env\u00edos o recibos de ficheros. El uso de dicha herramienta favorecer\u00e1 el poder percibir datos e informaci\u00f3n sobre su seguro de decesos. Amic dispone de la siguiente direcci\u00f3n de e-mail <b>comercial@amic.es <\/b>a fin de que pueda hacer llegar cualquier consulta o duda que le brote sobre su p\u00f3liza, el g\u00e9nero de prima, o bien otro tema. Al desempe\u00f1ar la funci\u00f3n del env\u00edo de un e-mail, la contestaci\u00f3n que consiga ser\u00e1 la mejor y, terminante, para poder aclarar sus ideas.<br \/>\n<\/div><\/div><\/div><\/p>\n<h3><span class=\"ez-toc-section\" id=\"Formulario_en_el_sitio_Web_de_Amic\"><\/span>Formulario en el sitio Web de Amic<span class=\"ez-toc-section-end\"><\/span><\/h3>\n<p>Buscar en internet es la manera m\u00e1s sencilla y pr\u00e1ctica que tenemos hoy en d\u00eda para buscar informaci\u00f3n. Su eficiencia y gran alcance hace que esta plataforma digital sea la m\u00e1s usada para buscar informaci\u00f3n puesto que todo est\u00e1 libre para todo el mundo. Tecleando en Google Amic podr\u00e1s encontrar toda la informaci\u00f3n sobre su seguro de decesos mediante su p\u00e1gina <strong>grupo.psn.es\/<\/strong>. Toda la informaci\u00f3n que encontrar\u00e1s virar\u00e1 en torno a las diferentes coberturas, costes y ventajas que tienen sus servicios a fin de que puedas obtener toda la informaci\u00f3n necesaria ya antes del asesoramiento. All\u00e1 podr\u00e1 hallar un apartado con un formulario que va a deber rellenar con sus datos para que m\u00e1s tarde un agente se ponga en contacto con usted lo m\u00e1s veloz posible para resolverle sus dudas sobre el tema que le all\u00e1 preguntado.<br \/>\n<div class=\"colorf\"><div class=\"container clearfix\"><div class=\"col-md-7\"><\/p>\n<h3><span class=\"ez-toc-section\" id=\"Redes_sociales_de_Amic\"><\/span>Redes sociales de Amic<span class=\"ez-toc-section-end\"><\/span><\/h3>\n<p>Twitter, Fb, Instagram\u2026 forman parte de las redes sociales con m\u00e1s difusi\u00f3n y tambi\u00e9n importancia y, de las que forman parte miles de personas del mundo entero. Amic es siendo consciente de este gran impacto y, es por ello, que dispone de un perfil en diferentes plataformas. Acceder a \u00e9l es sencill\u00edsimo, solo va a deber buscar el nombre de Amic en dichas aplicaciones. Informaci\u00f3n esencial sobre su seguro de decesos como peculiaridades, ofertas o enlace a web es lo que encontrar\u00e1 en el perfil de Amic. Adem\u00e1s, en algunas de las aplicaciones le ser\u00e1 posible ponerse en contacto con la compa\u00f1\u00eda si de esta forma lo precisa.<br \/>\n<\/div><\/div><\/div><\/p>\n<\/div>\n<p><div class=\"oficinas\"> <h3><span class=\"ez-toc-section\" id=\"Paginas_relacionadas\"><\/span>P\u00e1ginas relacionadas<span class=\"ez-toc-section-end\"><\/span><\/h3><div class=\"enlazado\"><ul> <li><a href=\"https:\/\/idecesos.com\/seguros\/companias\/amic\/opiniones\/\">Opiniones Amic<\/a><\/li> <li><a href=\"https:\/\/idecesos.com\/seguros\/companias\/amic\/precio\/\">Precio seguro Amic<\/a><\/li> <li><a href=\"https:\/\/idecesos.com\/seguros\/companias\/amic\/prima-mixta\/\">Amic Prima Mixta<\/a><\/li> <li><a href=\"https:\/\/idecesos.com\/seguros\/companias\/amic\/prima-natural\/\">Amic Prima Natural<\/a><\/li> <li><a href=\"https:\/\/idecesos.com\/seguros\/companias\/amic\/prima-nivelada\/\">Amic Prima Nivelada<\/a><\/li> <li><a href=\"https:\/\/idecesos.com\/seguros\/companias\/amic\/prima-unica\/\">Amic Prima \u00danica<\/a><\/li> <li><a href=\"https:\/\/idecesos.com\/seguros\/companias\/amic\/repatriacion\/\">Amic Repatriaci\u00f3n<\/a><\/li> <li><a href=\"https:\/\/idecesos.com\/seguros\/companias\/amic\/telefono\/\">Tel\u00e9fono Gratuito Amic<\/a><\/li><\/ul><\/div> <\/div><\/p>\n","protected":false},"excerpt":{"rendered":"<p>Para ponerse en contacto con Amic, \u00e9sta le ofrece muchas opciones a fin de facilitar al usuario el contacto directo y poder contestar a todas sus preguntas sobre los seguros de decesos. En el procedimiento que elija para ello, estar\u00e1 al otro lado un asesor y especialista en el tema, que podr\u00e1 asistirle en todas&hellip; <\/p>\n","protected":false},"author":1,"featured_media":0,"parent":9457,"menu_order":0,"comment_status":"closed","ping_status":"closed","template":"single.php","meta":{"footnotes":""},"class_list":["post-15440","page","type-page","status-publish","hentry"],"yoast_head":"<!-- This site is optimized with the Yoast SEO plugin v27.3 - https:\/\/yoast.com\/product\/yoast-seo-wordpress\/ -->\n<title>Tel\u00e9fono Gratuito Amic \u25b7Atenci\u00f3n Cliente, Email, RRSS, Web<\/title>\n<meta name=\"description\" content=\"Busca aqu\u00ed\u3010Amic seguros tel\u00e9fono gratuito\u3011Amic Decesos tel\u00e9fono gratis: atenci\u00f3n al cliente y contrataciones \u2611\ufe0fVerificado en 2026\" \/>\n<meta name=\"robots\" content=\"index, follow, max-snippet:-1, max-image-preview:large, max-video-preview:-1\" \/>\n<link rel=\"canonical\" href=\"https:\/\/idecesos.com\/seguros\/companias\/amic\/telefono\/\" \/>\n<meta property=\"og:locale\" content=\"es_ES\" \/>\n<meta property=\"og:type\" content=\"article\" \/>\n<meta property=\"og:title\" content=\"Tel\u00e9fono Gratuito Amic \u25b7Atenci\u00f3n Cliente, Email, RRSS, Web\" \/>\n<meta property=\"og:description\" content=\"Busca aqu\u00ed\u3010Amic seguros tel\u00e9fono gratuito\u3011Amic Decesos tel\u00e9fono gratis: atenci\u00f3n al cliente y contrataciones \u2611\ufe0fVerificado en 2026\" \/>\n<meta property=\"og:url\" content=\"https:\/\/idecesos.com\/seguros\/companias\/amic\/telefono\/\" \/>\n<meta property=\"article:modified_time\" content=\"2022-04-07T09:05:07+00:00\" \/>\n<meta name=\"twitter:card\" content=\"summary_large_image\" \/>\n<meta name=\"twitter:label1\" content=\"Tiempo de lectura\" \/>\n\t<meta name=\"twitter:data1\" content=\"4 minutos\" \/>\n<script type=\"application\/ld+json\" class=\"yoast-schema-graph\">{\"@context\":\"https:\\\/\\\/schema.org\",\"@graph\":[{\"@type\":\"WebPage\",\"@id\":\"https:\\\/\\\/idecesos.com\\\/seguros\\\/companias\\\/amic\\\/telefono\\\/\",\"url\":\"https:\\\/\\\/idecesos.com\\\/seguros\\\/companias\\\/amic\\\/telefono\\\/\",\"name\":\"Tel\u00e9fono Gratuito Amic \u25b7Atenci\u00f3n Cliente, Email, RRSS, Web\",\"isPartOf\":{\"@id\":\"https:\\\/\\\/idecesos.com\\\/seguros\\\/#website\"},\"datePublished\":\"2021-11-25T10:17:50+00:00\",\"dateModified\":\"2022-04-07T09:05:07+00:00\",\"description\":\"Busca aqu\u00ed\u3010Amic seguros tel\u00e9fono gratuito\u3011Amic Decesos tel\u00e9fono gratis: atenci\u00f3n al cliente y contrataciones \u2611\ufe0fVerificado en 2026\",\"breadcrumb\":{\"@id\":\"https:\\\/\\\/idecesos.com\\\/seguros\\\/companias\\\/amic\\\/telefono\\\/#breadcrumb\"},\"inLanguage\":\"es\",\"potentialAction\":[{\"@type\":\"ReadAction\",\"target\":[\"https:\\\/\\\/idecesos.com\\\/seguros\\\/companias\\\/amic\\\/telefono\\\/\"]}]},{\"@type\":\"BreadcrumbList\",\"@id\":\"https:\\\/\\\/idecesos.com\\\/seguros\\\/companias\\\/amic\\\/telefono\\\/#breadcrumb\",\"itemListElement\":[{\"@type\":\"ListItem\",\"position\":1,\"name\":\"Portada\",\"item\":\"https:\\\/\\\/idecesos.com\\\/seguros\\\/\"},{\"@type\":\"ListItem\",\"position\":2,\"name\":\"Compa\u00f1\u00edas de Seguros de Decesos en Espa\u00f1a\",\"item\":\"https:\\\/\\\/idecesos.com\\\/seguros\\\/companias\\\/\"},{\"@type\":\"ListItem\",\"position\":3,\"name\":\"Seguros de decesos AMIC\",\"item\":\"https:\\\/\\\/idecesos.com\\\/seguros\\\/companias\\\/amic\\\/\"},{\"@type\":\"ListItem\",\"position\":4,\"name\":\"Atenci\u00f3n al cliente Amic: telefono gratuito, e-mail\"}]},{\"@type\":\"WebSite\",\"@id\":\"https:\\\/\\\/idecesos.com\\\/seguros\\\/#website\",\"url\":\"https:\\\/\\\/idecesos.com\\\/seguros\\\/\",\"name\":\"\",\"description\":\"\",\"potentialAction\":[{\"@type\":\"SearchAction\",\"target\":{\"@type\":\"EntryPoint\",\"urlTemplate\":\"https:\\\/\\\/idecesos.com\\\/seguros\\\/?s={search_term_string}\"},\"query-input\":{\"@type\":\"PropertyValueSpecification\",\"valueRequired\":true,\"valueName\":\"search_term_string\"}}],\"inLanguage\":\"es\"}]}<\/script>\n<!-- \/ Yoast SEO plugin. -->","yoast_head_json":{"title":"Tel\u00e9fono Gratuito Amic \u25b7Atenci\u00f3n Cliente, Email, RRSS, Web","description":"Busca aqu\u00ed\u3010Amic seguros tel\u00e9fono gratuito\u3011Amic Decesos tel\u00e9fono gratis: atenci\u00f3n al cliente y contrataciones \u2611\ufe0fVerificado en 2026","robots":{"index":"index","follow":"follow","max-snippet":"max-snippet:-1","max-image-preview":"max-image-preview:large","max-video-preview":"max-video-preview:-1"},"canonical":"https:\/\/idecesos.com\/seguros\/companias\/amic\/telefono\/","og_locale":"es_ES","og_type":"article","og_title":"Tel\u00e9fono Gratuito Amic \u25b7Atenci\u00f3n Cliente, Email, RRSS, Web","og_description":"Busca aqu\u00ed\u3010Amic seguros tel\u00e9fono gratuito\u3011Amic Decesos tel\u00e9fono gratis: atenci\u00f3n al cliente y contrataciones \u2611\ufe0fVerificado en 2026","og_url":"https:\/\/idecesos.com\/seguros\/companias\/amic\/telefono\/","article_modified_time":"2022-04-07T09:05:07+00:00","twitter_card":"summary_large_image","twitter_misc":{"Tiempo de lectura":"4 minutos"},"schema":{"@context":"https:\/\/schema.org","@graph":[{"@type":"WebPage","@id":"https:\/\/idecesos.com\/seguros\/companias\/amic\/telefono\/","url":"https:\/\/idecesos.com\/seguros\/companias\/amic\/telefono\/","name":"Tel\u00e9fono Gratuito Amic \u25b7Atenci\u00f3n Cliente, Email, RRSS, Web","isPartOf":{"@id":"https:\/\/idecesos.com\/seguros\/#website"},"datePublished":"2021-11-25T10:17:50+00:00","dateModified":"2022-04-07T09:05:07+00:00","description":"Busca aqu\u00ed\u3010Amic seguros tel\u00e9fono gratuito\u3011Amic Decesos tel\u00e9fono gratis: atenci\u00f3n al cliente y contrataciones \u2611\ufe0fVerificado en 2026","breadcrumb":{"@id":"https:\/\/idecesos.com\/seguros\/companias\/amic\/telefono\/#breadcrumb"},"inLanguage":"es","potentialAction":[{"@type":"ReadAction","target":["https:\/\/idecesos.com\/seguros\/companias\/amic\/telefono\/"]}]},{"@type":"BreadcrumbList","@id":"https:\/\/idecesos.com\/seguros\/companias\/amic\/telefono\/#breadcrumb","itemListElement":[{"@type":"ListItem","position":1,"name":"Portada","item":"https:\/\/idecesos.com\/seguros\/"},{"@type":"ListItem","position":2,"name":"Compa\u00f1\u00edas de Seguros de Decesos en Espa\u00f1a","item":"https:\/\/idecesos.com\/seguros\/companias\/"},{"@type":"ListItem","position":3,"name":"Seguros de decesos AMIC","item":"https:\/\/idecesos.com\/seguros\/companias\/amic\/"},{"@type":"ListItem","position":4,"name":"Atenci\u00f3n al cliente Amic: telefono gratuito, e-mail"}]},{"@type":"WebSite","@id":"https:\/\/idecesos.com\/seguros\/#website","url":"https:\/\/idecesos.com\/seguros\/","name":"","description":"","potentialAction":[{"@type":"SearchAction","target":{"@type":"EntryPoint","urlTemplate":"https:\/\/idecesos.com\/seguros\/?s={search_term_string}"},"query-input":{"@type":"PropertyValueSpecification","valueRequired":true,"valueName":"search_term_string"}}],"inLanguage":"es"}]}},"_links":{"self":[{"href":"https:\/\/idecesos.com\/seguros\/wp-json\/wp\/v2\/pages\/15440","targetHints":{"allow":["GET"]}}],"collection":[{"href":"https:\/\/idecesos.com\/seguros\/wp-json\/wp\/v2\/pages"}],"about":[{"href":"https:\/\/idecesos.com\/seguros\/wp-json\/wp\/v2\/types\/page"}],"author":[{"embeddable":true,"href":"https:\/\/idecesos.com\/seguros\/wp-json\/wp\/v2\/users\/1"}],"replies":[{"embeddable":true,"href":"https:\/\/idecesos.com\/seguros\/wp-json\/wp\/v2\/comments?post=15440"}],"version-history":[{"count":8,"href":"https:\/\/idecesos.com\/seguros\/wp-json\/wp\/v2\/pages\/15440\/revisions"}],"predecessor-version":[{"id":21061,"href":"https:\/\/idecesos.com\/seguros\/wp-json\/wp\/v2\/pages\/15440\/revisions\/21061"}],"up":[{"embeddable":true,"href":"https:\/\/idecesos.com\/seguros\/wp-json\/wp\/v2\/pages\/9457"}],"wp:attachment":[{"href":"https:\/\/idecesos.com\/seguros\/wp-json\/wp\/v2\/media?parent=15440"}],"curies":[{"name":"wp","href":"https:\/\/api.w.org\/{rel}","templated":true}]}}