{"id":15441,"date":"2021-11-26T09:13:07","date_gmt":"2021-11-25T10:17:51","guid":{"rendered":"https:\/\/idecesos.com\/seguros\/companias\/soliss\/telefono\/"},"modified":"2022-04-07T09:06:44","modified_gmt":"2022-04-07T09:06:44","slug":"telefono","status":"publish","type":"page","link":"https:\/\/idecesos.com\/seguros\/companias\/soliss\/telefono\/","title":{"rendered":"Atenci\u00f3n al cliente Soliss: telefono gratuito, e-mail"},"content":{"rendered":"<div id=\"ez-toc-container\" class=\"ez-toc-v2_0_82_2 ez-toc-wrap-center counter-hierarchy ez-toc-counter ez-toc-custom ez-toc-container-direction\">\n<div class=\"ez-toc-title-container\">\n<p class=\"ez-toc-title\" style=\"cursor:inherit\">Tabla de Contenido<\/p>\n<span class=\"ez-toc-title-toggle\"><a href=\"#\" class=\"ez-toc-pull-right ez-toc-btn ez-toc-btn-xs ez-toc-btn-default ez-toc-toggle\" aria-label=\"Alternar tabla de contenidos\"><span class=\"ez-toc-js-icon-con\"><span class=\"\"><span class=\"eztoc-hide\" style=\"display:none;\">Toggle<\/span><span class=\"ez-toc-icon-toggle-span\"><svg style=\"fill: #db6415;color:#db6415\" xmlns=\"http:\/\/www.w3.org\/2000\/svg\" class=\"list-377408\" width=\"20px\" height=\"20px\" viewBox=\"0 0 24 24\" fill=\"none\"><path d=\"M6 6H4v2h2V6zm14 0H8v2h12V6zM4 11h2v2H4v-2zm16 0H8v2h12v-2zM4 16h2v2H4v-2zm16 0H8v2h12v-2z\" fill=\"currentColor\"><\/path><\/svg><svg style=\"fill: #db6415;color:#db6415\" class=\"arrow-unsorted-368013\" xmlns=\"http:\/\/www.w3.org\/2000\/svg\" width=\"10px\" height=\"10px\" viewBox=\"0 0 24 24\" version=\"1.2\" baseProfile=\"tiny\"><path d=\"M18.2 9.3l-6.2-6.3-6.2 6.3c-.2.2-.3.4-.3.7s.1.5.3.7c.2.2.4.3.7.3h11c.3 0 .5-.1.7-.3.2-.2.3-.5.3-.7s-.1-.5-.3-.7zM5.8 14.7l6.2 6.3 6.2-6.3c.2-.2.3-.5.3-.7s-.1-.5-.3-.7c-.2-.2-.4-.3-.7-.3h-11c-.3 0-.5.1-.7.3-.2.2-.3.5-.3.7s.1.5.3.7z\"\/><\/svg><\/span><\/span><\/span><\/a><\/span><\/div>\n<nav><ul class='ez-toc-list ez-toc-list-level-1 ' ><ul class='ez-toc-list-level-4' ><li class='ez-toc-heading-level-4'><ul class='ez-toc-list-level-4' ><li class='ez-toc-heading-level-4'><a class=\"ez-toc-link ez-toc-heading-1\" href=\"https:\/\/idecesos.com\/seguros\/companias\/soliss\/telefono\/#Telefono_Contrataciones_951_127_403\" >Tel\u00e9fono Contrataciones \n951 127 403<\/a><\/li><\/ul><\/li><\/ul><\/li><li class='ez-toc-page-1 ez-toc-heading-level-2'><a class=\"ez-toc-link ez-toc-heading-2\" href=\"https:\/\/idecesos.com\/seguros\/companias\/soliss\/telefono\/#%C2%BFComo_contactar_con_Soliss\" >\u00bfC\u00f3mo contactar con Soliss?<\/a><ul class='ez-toc-list-level-3' ><li class='ez-toc-heading-level-3'><a class=\"ez-toc-link ez-toc-heading-3\" href=\"https:\/\/idecesos.com\/seguros\/companias\/soliss\/telefono\/#Telefono_gratuito_de_Soliss\" >Tel\u00e9fono gratuito de Soliss<\/a><\/li><li class='ez-toc-page-1 ez-toc-heading-level-3'><a class=\"ez-toc-link ez-toc-heading-4\" href=\"https:\/\/idecesos.com\/seguros\/companias\/soliss\/telefono\/#Horario_de_atencion_al_cliente_de_Soliss\" >Horario de atenci\u00f3n al cliente de Soliss<\/a><\/li><li class='ez-toc-page-1 ez-toc-heading-level-3'><a class=\"ez-toc-link ez-toc-heading-5\" href=\"https:\/\/idecesos.com\/seguros\/companias\/soliss\/telefono\/#Correo_electronico_de_Soliss\" >Correo electr\u00f3nico de Soliss<\/a><\/li><li class='ez-toc-page-1 ez-toc-heading-level-3'><a class=\"ez-toc-link ez-toc-heading-6\" href=\"https:\/\/idecesos.com\/seguros\/companias\/soliss\/telefono\/#Formulario_en_el_sitio_Web_de_Soliss\" >Formulario en el sitio Web de Soliss<\/a><\/li><li class='ez-toc-page-1 ez-toc-heading-level-3'><a class=\"ez-toc-link ez-toc-heading-7\" href=\"https:\/\/idecesos.com\/seguros\/companias\/soliss\/telefono\/#Redes_sociales_de_Soliss\" >Redes sociales de Soliss<\/a><\/li><li class='ez-toc-page-1 ez-toc-heading-level-3'><a class=\"ez-toc-link ez-toc-heading-8\" href=\"https:\/\/idecesos.com\/seguros\/companias\/soliss\/telefono\/#Paginas_relacionadas\" >P\u00e1ginas relacionadas<\/a><\/li><\/ul><\/li><\/ul><\/nav><\/div>\n\n<div class=\"caja\">\n<div class=\"cajaIcono2 \"  ><div class=\"cuadro\" style=\"box-shadow: inset 0 0 0 3px #ff790e\"><div class=\"iconoCircular\" style=\"border: 3px solid #ff790e\">\t\t\n\t\t\t\t\t<div class=\"iconoCirculo\">\n\t\t\t\t\t  <i class=\"fas fa-phone-volume\"><\/i>\n\t\t\t\t\t<\/div>\n\t\t\t\t<\/div><div class=\"\">\n<h4 style=\"text-align: center;\"><span class=\"ez-toc-section\" id=\"Telefono_Contrataciones_951_127_403\"><\/span><strong>Tel\u00e9fono Contrataciones<br \/>\n951 127 403<\/strong><span class=\"ez-toc-section-end\"><\/span><\/h4>\n<p><\/div><\/div><\/div><br \/>\nLa atenci\u00f3n veinticuatro horas de Soliss los 365 d\u00edas del a\u00f1o hacen que todos tus problemas se solventen en minutos. Un agente especialista en su seguro de decesos le atender\u00e1 y va a poner en marcha todos los tr\u00e1mites necesarios para su tranquilidad: elecci\u00f3n del cementerio donde el asegurado desee ser inhumado, gesti\u00f3n de la tramitaci\u00f3n funeraria, la corona que usted quiera seleccionar, los gastos en ata\u00fad y sanitarios, atenci\u00f3n sicol\u00f3gica para la familia y muchos otros servicios de la mano de los mejores profesionales. Con el mayor tacto y su profesionalidad, Soliss se encargar\u00e1 de tenerlo todo bajo control en ese duro instante de su vida. Adem\u00e1s de esto, los expertos en todo momento tratar\u00e1n el tema con la delicadez y el respeto que merece.<br \/>\n<\/div><\/p>\n<div class=\"colorf \"  ><div class=\"container clearfix\"><div class=\"col-md-7\"><\/p>\n<h2><span class=\"ez-toc-section\" id=\"%C2%BFComo_contactar_con_Soliss\"><\/span>\u00bfC\u00f3mo contactar con Soliss?<span class=\"ez-toc-section-end\"><\/span><\/h2>\n<p>Ponerse en contacto con Soliss es muy f\u00e1cil. Soliss te ofrece las siguientes formas de contacto: tel\u00e9fono gratis, e-mail, un formulario mediante su web o bien sus redes sociales.<br \/>\n<\/div><\/div><\/div>\n<h3><span class=\"ez-toc-section\" id=\"Telefono_gratuito_de_Soliss\"><\/span>Tel\u00e9fono gratuito de Soliss<span class=\"ez-toc-section-end\"><\/span><\/h3>\n<p>La llamada a Soliss le saldr\u00e1 completamente sin costo. La llamada efectuada por sus agentes o por el usuario no tendr\u00e1 ning\u00fan costo en su factura telef\u00f3nica. Este es uno de los m\u00e9todos m\u00e1s eficientes y f\u00e1ciles, debido a que, pr\u00e1cticamente todo el planeta, dispone de telefon\u00eda m\u00f3vil y tiene la sencillez de no tener que desplazarse a ninguna sede de la compa\u00f1\u00eda para poder consultar y tratar el tema sobre su seguro de decesos. La persona con la que hable, va a ser un experto asesor en tal cuesti\u00f3n para que, tras concluir la llamada, sus dudas quedar\u00e1n resueltas y va a quedar plenamente satisfecho. El n\u00famero es el <strong>925 21 12 00.<\/strong><br \/>\n<div class=\"colorf\"><div class=\"container clearfix\"><div class=\"col-md-7\"><\/p>\n<div class=\"cabecera_tabla_ajustada \"  style=\"width:80%\" ><div class=\"row\"><\/div>\n<p><div class=\"fila_tabla4 \"  ><div class=\"row\"><div class=\"col-8 nosepara izq\"><p><strong>Tel\u00e9fono para contrataciones<\/strong><\/p><\/div><div class=\"col-4 nosepara centro\">951 127 403<\/div><\/div><\/div><div class=\"fila_tabla4 \"  ><div class=\"row\"><div class=\"col-8 nosepara izq\"><p><strong>Tel\u00e9fono para contrataciones<\/strong><\/p><\/div><div class=\"col-4 nosepara centro\">900 905 378<\/div><\/div><\/div><\/p>\n<div class=\"pie_tabla \"  ><div class=\"row\"><div class=\"col-12 \"><\/div><\/div><\/div><\/div>\n<\/div><\/div><\/div>\n<h3><span class=\"ez-toc-section\" id=\"Horario_de_atencion_al_cliente_de_Soliss\"><\/span>Horario de atenci\u00f3n al cliente de Soliss<span class=\"ez-toc-section-end\"><\/span><\/h3>\n<p>La compa\u00f1\u00eda no es siendo consciente de la disponibilidad horaria de cada persona, en consecuencia, ha creado un horario espec\u00edfico (ma\u00f1ana y tarde) para que pueda ponerse en contacto siempre y cuando lo desee. Se le dar\u00e1 la ayuda necesaria para que sea de su agrado el trato y la confianza dada por los asesores. Contactar de manera directa ser\u00e1, de este modo, m\u00e1s simple y sencillo. Podr\u00e1 resolver las distintas dudas que le broten sobre su posible o deseado seguro de decesos en el mismo momento, sosteniendo una conversaci\u00f3n fluida con el experto. El horario libre es: <strong>horario Soliss.<\/strong><br \/>\n<div class=\"colorf\"><div class=\"container clearfix\"><div class=\"col-md-7\"><\/p>\n<h3><span class=\"ez-toc-section\" id=\"Correo_electronico_de_Soliss\"><\/span>Correo electr\u00f3nico de Soliss<span class=\"ez-toc-section-end\"><\/span><\/h3>\n<p>Las nuevas tecnolog\u00edas no paran de avanzar y la sociedad lo hace junto a ellas, agarradas de la mano. Gmail y Hotmail han sido una enorme revoluci\u00f3n en internet. Estas plataformas han facilitado el env\u00edo y recibo de informaci\u00f3n de todo tipo, sin tener la necesidad de desplazarse a ning\u00fan lado. Soliss ha tenido en cuenta esta evoluci\u00f3n de la sociedad con lo que ofrece a sus usuarios un mail para poder contactar con ellos <strong>soliss@soliss.com<\/strong>. Gracias a esto podr\u00e1 expedir cualquier duda, petici\u00f3n o bien inquietud sobre su seguro de decesos. La respuesta que consiga va a ser meticulosamente estudiada y preparada por uno de los especialistas.<br \/>\n<\/div><\/div><\/div><\/p>\n<h3><span class=\"ez-toc-section\" id=\"Formulario_en_el_sitio_Web_de_Soliss\"><\/span>Formulario en el sitio Web de Soliss<span class=\"ez-toc-section-end\"><\/span><\/h3>\n<p>Un buscador de internet, en la actualidad, es la herramienta m\u00e1s utilizada por el mundo. Buscar informaci\u00f3n nunca hab\u00eda sido tan simple. Con solo teclear una palabra miles y miles de art\u00edculos y webs se ponen a tu disposici\u00f3n. Por lo tanto, con el acto de redactar en uno de los motores de b\u00fasqueda <strong>www.soliss.es\/<\/strong> va a poder entrar en la p\u00e1gina web de Soliss. En su web hallar\u00e1 una idea general sobre todo sus servicios de su seguro de decesos. Costos, coberturas, ofertas, ventajas&#8230; unos datos que le ayudar\u00e1n a hacerse una idea de la empresa aseguradora. Soliss pone a su disposici\u00f3n un formulario que debe rellenar con su nombre y apellidos, e-mail, tel\u00e9fono de contacto, etc. Una vez enviado, un agente especialista se va a poner de nuevo en contacto con usted resolviendo todas y cada una de las preguntas o cuestiones que le haya elaborado.<br \/>\n<div class=\"colorf\"><div class=\"container clearfix\"><div class=\"col-md-7\"><\/p>\n<h3><span class=\"ez-toc-section\" id=\"Redes_sociales_de_Soliss\"><\/span>Redes sociales de Soliss<span class=\"ez-toc-section-end\"><\/span><\/h3>\n<p>Las redes sociales al lado de internet han globalizado el planeta. Es precisamente por esto que son utilizadas como herramientas para propagar inform\u00f3 y alcanzar a miles y miles de personas. Casi todo el planeta tiene una de estas aplicaciones si no est\u00e1 registrado en todas. En alguna de estas aplicaciones Soliss tiene una cuenta. En cada perfil, vas a poder encontrar informaci\u00f3n ofertas, localizaci\u00f3n de la sede central, im\u00e1genes, v\u00eddeos y contenido adicional sobre la compa\u00f1\u00eda. Incluso, en alguna de ellas, es posible contactar con la compa\u00f1\u00eda, sin tener la necesidad de llamar o bien mandar un e-mail si de esta forma lo desea.<br \/>\n<\/div><\/div><\/div><\/p>\n<\/div>\n<p><div class=\"oficinas\"> <h3><span class=\"ez-toc-section\" id=\"Paginas_relacionadas\"><\/span>P\u00e1ginas relacionadas<span class=\"ez-toc-section-end\"><\/span><\/h3><div class=\"enlazado\"><ul> <li><a href=\"https:\/\/idecesos.com\/seguros\/companias\/soliss\/opiniones\/\">Opiniones Soliss<\/a><\/li> <li><a href=\"https:\/\/idecesos.com\/seguros\/companias\/soliss\/precio\/\">Precio seguro Soliss<\/a><\/li> <li><a href=\"https:\/\/idecesos.com\/seguros\/companias\/soliss\/prima-mixta\/\">Soliss Prima Mixta<\/a><\/li> <li><a href=\"https:\/\/idecesos.com\/seguros\/companias\/soliss\/prima-natural\/\">Soliss Prima Natural<\/a><\/li> <li><a href=\"https:\/\/idecesos.com\/seguros\/companias\/soliss\/prima-nivelada\/\">Soliss Prima Nivelada<\/a><\/li> <li><a href=\"https:\/\/idecesos.com\/seguros\/companias\/soliss\/prima-unica\/\">Soliss Prima \u00danica<\/a><\/li> <li><a href=\"https:\/\/idecesos.com\/seguros\/companias\/soliss\/repatriacion\/\">Soliss Repatriaci\u00f3n<\/a><\/li> <li><a href=\"https:\/\/idecesos.com\/seguros\/companias\/soliss\/telefono\/\">Tel\u00e9fono Gratuito Soliss<\/a><\/li><\/ul><\/div> <\/div><\/p>\n","protected":false},"excerpt":{"rendered":"<p>La atenci\u00f3n veinticuatro horas de Soliss los 365 d\u00edas del a\u00f1o hacen que todos tus problemas se solventen en minutos. Un agente especialista en su seguro de decesos le atender\u00e1 y va a poner en marcha todos los tr\u00e1mites necesarios para su tranquilidad: elecci\u00f3n del cementerio donde el asegurado desee ser inhumado, gesti\u00f3n de la&hellip; <\/p>\n","protected":false},"author":1,"featured_media":0,"parent":9463,"menu_order":0,"comment_status":"closed","ping_status":"closed","template":"single.php","meta":{"footnotes":""},"class_list":["post-15441","page","type-page","status-publish","hentry"],"yoast_head":"<!-- This site is optimized with the Yoast SEO plugin v27.5 - https:\/\/yoast.com\/product\/yoast-seo-wordpress\/ -->\n<title>Tel\u00e9fono Gratuito Soliss \u25b7Atenci\u00f3n Cliente, Email, RRSS, Web<\/title>\n<meta name=\"description\" content=\"Busca aqu\u00ed\u3010Soliss seguros tel\u00e9fono gratuito\u3011Soliss Decesos tel\u00e9fono gratis: atenci\u00f3n al cliente y contrataciones \u2611\ufe0fVerificado en 2026\" \/>\n<meta name=\"robots\" content=\"index, follow, max-snippet:-1, max-image-preview:large, max-video-preview:-1\" \/>\n<link rel=\"canonical\" href=\"https:\/\/idecesos.com\/seguros\/companias\/soliss\/telefono\/\" \/>\n<meta property=\"og:locale\" content=\"es_ES\" \/>\n<meta property=\"og:type\" content=\"article\" \/>\n<meta property=\"og:title\" content=\"Tel\u00e9fono Gratuito Soliss \u25b7Atenci\u00f3n Cliente, Email, RRSS, Web\" \/>\n<meta property=\"og:description\" content=\"Busca aqu\u00ed\u3010Soliss seguros tel\u00e9fono gratuito\u3011Soliss Decesos tel\u00e9fono gratis: atenci\u00f3n al cliente y contrataciones \u2611\ufe0fVerificado en 2026\" \/>\n<meta property=\"og:url\" content=\"https:\/\/idecesos.com\/seguros\/companias\/soliss\/telefono\/\" \/>\n<meta property=\"article:modified_time\" content=\"2022-04-07T09:06:44+00:00\" \/>\n<meta name=\"twitter:card\" content=\"summary_large_image\" \/>\n<meta name=\"twitter:label1\" content=\"Tiempo de lectura\" \/>\n\t<meta name=\"twitter:data1\" content=\"4 minutos\" \/>\n<script type=\"application\/ld+json\" class=\"yoast-schema-graph\">{\"@context\":\"https:\\\/\\\/schema.org\",\"@graph\":[{\"@type\":\"WebPage\",\"@id\":\"https:\\\/\\\/idecesos.com\\\/seguros\\\/companias\\\/soliss\\\/telefono\\\/\",\"url\":\"https:\\\/\\\/idecesos.com\\\/seguros\\\/companias\\\/soliss\\\/telefono\\\/\",\"name\":\"Tel\u00e9fono Gratuito Soliss \u25b7Atenci\u00f3n Cliente, Email, RRSS, Web\",\"isPartOf\":{\"@id\":\"https:\\\/\\\/idecesos.com\\\/seguros\\\/#website\"},\"datePublished\":\"2021-11-25T10:17:51+00:00\",\"dateModified\":\"2022-04-07T09:06:44+00:00\",\"description\":\"Busca aqu\u00ed\u3010Soliss seguros tel\u00e9fono gratuito\u3011Soliss Decesos tel\u00e9fono gratis: atenci\u00f3n al cliente y contrataciones \u2611\ufe0fVerificado en 2026\",\"breadcrumb\":{\"@id\":\"https:\\\/\\\/idecesos.com\\\/seguros\\\/companias\\\/soliss\\\/telefono\\\/#breadcrumb\"},\"inLanguage\":\"es\",\"potentialAction\":[{\"@type\":\"ReadAction\",\"target\":[\"https:\\\/\\\/idecesos.com\\\/seguros\\\/companias\\\/soliss\\\/telefono\\\/\"]}]},{\"@type\":\"BreadcrumbList\",\"@id\":\"https:\\\/\\\/idecesos.com\\\/seguros\\\/companias\\\/soliss\\\/telefono\\\/#breadcrumb\",\"itemListElement\":[{\"@type\":\"ListItem\",\"position\":1,\"name\":\"Portada\",\"item\":\"https:\\\/\\\/idecesos.com\\\/seguros\\\/\"},{\"@type\":\"ListItem\",\"position\":2,\"name\":\"Compa\u00f1\u00edas de Seguros de Decesos en Espa\u00f1a\",\"item\":\"https:\\\/\\\/idecesos.com\\\/seguros\\\/companias\\\/\"},{\"@type\":\"ListItem\",\"position\":3,\"name\":\"Seguros de decesos Soliss\",\"item\":\"https:\\\/\\\/idecesos.com\\\/seguros\\\/companias\\\/soliss\\\/\"},{\"@type\":\"ListItem\",\"position\":4,\"name\":\"Atenci\u00f3n al cliente Soliss: telefono gratuito, e-mail\"}]},{\"@type\":\"WebSite\",\"@id\":\"https:\\\/\\\/idecesos.com\\\/seguros\\\/#website\",\"url\":\"https:\\\/\\\/idecesos.com\\\/seguros\\\/\",\"name\":\"\",\"description\":\"\",\"potentialAction\":[{\"@type\":\"SearchAction\",\"target\":{\"@type\":\"EntryPoint\",\"urlTemplate\":\"https:\\\/\\\/idecesos.com\\\/seguros\\\/?s={search_term_string}\"},\"query-input\":{\"@type\":\"PropertyValueSpecification\",\"valueRequired\":true,\"valueName\":\"search_term_string\"}}],\"inLanguage\":\"es\"}]}<\/script>\n<!-- \/ Yoast SEO plugin. -->","yoast_head_json":{"title":"Tel\u00e9fono Gratuito Soliss \u25b7Atenci\u00f3n Cliente, Email, RRSS, Web","description":"Busca aqu\u00ed\u3010Soliss seguros tel\u00e9fono gratuito\u3011Soliss Decesos tel\u00e9fono gratis: atenci\u00f3n al cliente y contrataciones \u2611\ufe0fVerificado en 2026","robots":{"index":"index","follow":"follow","max-snippet":"max-snippet:-1","max-image-preview":"max-image-preview:large","max-video-preview":"max-video-preview:-1"},"canonical":"https:\/\/idecesos.com\/seguros\/companias\/soliss\/telefono\/","og_locale":"es_ES","og_type":"article","og_title":"Tel\u00e9fono Gratuito Soliss \u25b7Atenci\u00f3n Cliente, Email, RRSS, Web","og_description":"Busca aqu\u00ed\u3010Soliss seguros tel\u00e9fono gratuito\u3011Soliss Decesos tel\u00e9fono gratis: atenci\u00f3n al cliente y contrataciones \u2611\ufe0fVerificado en 2026","og_url":"https:\/\/idecesos.com\/seguros\/companias\/soliss\/telefono\/","article_modified_time":"2022-04-07T09:06:44+00:00","twitter_card":"summary_large_image","twitter_misc":{"Tiempo de lectura":"4 minutos"},"schema":{"@context":"https:\/\/schema.org","@graph":[{"@type":"WebPage","@id":"https:\/\/idecesos.com\/seguros\/companias\/soliss\/telefono\/","url":"https:\/\/idecesos.com\/seguros\/companias\/soliss\/telefono\/","name":"Tel\u00e9fono Gratuito Soliss \u25b7Atenci\u00f3n Cliente, Email, RRSS, Web","isPartOf":{"@id":"https:\/\/idecesos.com\/seguros\/#website"},"datePublished":"2021-11-25T10:17:51+00:00","dateModified":"2022-04-07T09:06:44+00:00","description":"Busca aqu\u00ed\u3010Soliss seguros tel\u00e9fono gratuito\u3011Soliss Decesos tel\u00e9fono gratis: atenci\u00f3n al cliente y contrataciones \u2611\ufe0fVerificado en 2026","breadcrumb":{"@id":"https:\/\/idecesos.com\/seguros\/companias\/soliss\/telefono\/#breadcrumb"},"inLanguage":"es","potentialAction":[{"@type":"ReadAction","target":["https:\/\/idecesos.com\/seguros\/companias\/soliss\/telefono\/"]}]},{"@type":"BreadcrumbList","@id":"https:\/\/idecesos.com\/seguros\/companias\/soliss\/telefono\/#breadcrumb","itemListElement":[{"@type":"ListItem","position":1,"name":"Portada","item":"https:\/\/idecesos.com\/seguros\/"},{"@type":"ListItem","position":2,"name":"Compa\u00f1\u00edas de Seguros de Decesos en Espa\u00f1a","item":"https:\/\/idecesos.com\/seguros\/companias\/"},{"@type":"ListItem","position":3,"name":"Seguros de decesos Soliss","item":"https:\/\/idecesos.com\/seguros\/companias\/soliss\/"},{"@type":"ListItem","position":4,"name":"Atenci\u00f3n al cliente Soliss: telefono gratuito, e-mail"}]},{"@type":"WebSite","@id":"https:\/\/idecesos.com\/seguros\/#website","url":"https:\/\/idecesos.com\/seguros\/","name":"","description":"","potentialAction":[{"@type":"SearchAction","target":{"@type":"EntryPoint","urlTemplate":"https:\/\/idecesos.com\/seguros\/?s={search_term_string}"},"query-input":{"@type":"PropertyValueSpecification","valueRequired":true,"valueName":"search_term_string"}}],"inLanguage":"es"}]}},"_links":{"self":[{"href":"https:\/\/idecesos.com\/seguros\/wp-json\/wp\/v2\/pages\/15441","targetHints":{"allow":["GET"]}}],"collection":[{"href":"https:\/\/idecesos.com\/seguros\/wp-json\/wp\/v2\/pages"}],"about":[{"href":"https:\/\/idecesos.com\/seguros\/wp-json\/wp\/v2\/types\/page"}],"author":[{"embeddable":true,"href":"https:\/\/idecesos.com\/seguros\/wp-json\/wp\/v2\/users\/1"}],"replies":[{"embeddable":true,"href":"https:\/\/idecesos.com\/seguros\/wp-json\/wp\/v2\/comments?post=15441"}],"version-history":[{"count":8,"href":"https:\/\/idecesos.com\/seguros\/wp-json\/wp\/v2\/pages\/15441\/revisions"}],"predecessor-version":[{"id":21062,"href":"https:\/\/idecesos.com\/seguros\/wp-json\/wp\/v2\/pages\/15441\/revisions\/21062"}],"up":[{"embeddable":true,"href":"https:\/\/idecesos.com\/seguros\/wp-json\/wp\/v2\/pages\/9463"}],"wp:attachment":[{"href":"https:\/\/idecesos.com\/seguros\/wp-json\/wp\/v2\/media?parent=15441"}],"curies":[{"name":"wp","href":"https:\/\/api.w.org\/{rel}","templated":true}]}}