{"id":15442,"date":"2021-11-26T09:13:08","date_gmt":"2021-11-25T10:17:51","guid":{"rendered":"https:\/\/idecesos.com\/seguros\/companias\/agrupacio-mutua\/telefono\/"},"modified":"2022-04-07T09:17:53","modified_gmt":"2022-04-07T09:17:53","slug":"telefono","status":"publish","type":"page","link":"https:\/\/idecesos.com\/seguros\/companias\/agrupacio-mutua\/telefono\/","title":{"rendered":"Atenci\u00f3n al cliente Agrupaci\u00f3 Mutua: telefono gratuito, e-mail"},"content":{"rendered":"<div id=\"ez-toc-container\" class=\"ez-toc-v2_0_82_2 ez-toc-wrap-center counter-hierarchy ez-toc-counter ez-toc-custom ez-toc-container-direction\">\n<div class=\"ez-toc-title-container\">\n<p class=\"ez-toc-title\" style=\"cursor:inherit\">Tabla de Contenido<\/p>\n<span class=\"ez-toc-title-toggle\"><a href=\"#\" class=\"ez-toc-pull-right ez-toc-btn ez-toc-btn-xs ez-toc-btn-default ez-toc-toggle\" aria-label=\"Alternar tabla de contenidos\"><span class=\"ez-toc-js-icon-con\"><span class=\"\"><span class=\"eztoc-hide\" style=\"display:none;\">Toggle<\/span><span class=\"ez-toc-icon-toggle-span\"><svg style=\"fill: #db6415;color:#db6415\" xmlns=\"http:\/\/www.w3.org\/2000\/svg\" class=\"list-377408\" width=\"20px\" height=\"20px\" viewBox=\"0 0 24 24\" fill=\"none\"><path d=\"M6 6H4v2h2V6zm14 0H8v2h12V6zM4 11h2v2H4v-2zm16 0H8v2h12v-2zM4 16h2v2H4v-2zm16 0H8v2h12v-2z\" fill=\"currentColor\"><\/path><\/svg><svg style=\"fill: #db6415;color:#db6415\" class=\"arrow-unsorted-368013\" xmlns=\"http:\/\/www.w3.org\/2000\/svg\" width=\"10px\" height=\"10px\" viewBox=\"0 0 24 24\" version=\"1.2\" baseProfile=\"tiny\"><path d=\"M18.2 9.3l-6.2-6.3-6.2 6.3c-.2.2-.3.4-.3.7s.1.5.3.7c.2.2.4.3.7.3h11c.3 0 .5-.1.7-.3.2-.2.3-.5.3-.7s-.1-.5-.3-.7zM5.8 14.7l6.2 6.3 6.2-6.3c.2-.2.3-.5.3-.7s-.1-.5-.3-.7c-.2-.2-.4-.3-.7-.3h-11c-.3 0-.5.1-.7.3-.2.2-.3.5-.3.7s.1.5.3.7z\"\/><\/svg><\/span><\/span><\/span><\/a><\/span><\/div>\n<nav><ul class='ez-toc-list ez-toc-list-level-1 ' ><ul class='ez-toc-list-level-4' ><li class='ez-toc-heading-level-4'><ul class='ez-toc-list-level-4' ><li class='ez-toc-heading-level-4'><a class=\"ez-toc-link ez-toc-heading-1\" href=\"https:\/\/idecesos.com\/seguros\/companias\/agrupacio-mutua\/telefono\/#Telefono_Contrataciones_951_127_403\" >Tel\u00e9fono Contrataciones \n951 127 403<\/a><\/li><\/ul><\/li><\/ul><\/li><li class='ez-toc-page-1 ez-toc-heading-level-2'><a class=\"ez-toc-link ez-toc-heading-2\" href=\"https:\/\/idecesos.com\/seguros\/companias\/agrupacio-mutua\/telefono\/#%C2%BFComo_contactar_con_Agrupacio_Mutua\" >\u00bfC\u00f3mo contactar con Agrupaci\u00f3 Mutua?<\/a><ul class='ez-toc-list-level-3' ><li class='ez-toc-heading-level-3'><a class=\"ez-toc-link ez-toc-heading-3\" href=\"https:\/\/idecesos.com\/seguros\/companias\/agrupacio-mutua\/telefono\/#Telefono_gratuito_de_Agrupacio_Mutua\" >Tel\u00e9fono gratuito de Agrupaci\u00f3 Mutua<\/a><\/li><li class='ez-toc-page-1 ez-toc-heading-level-3'><a class=\"ez-toc-link ez-toc-heading-4\" href=\"https:\/\/idecesos.com\/seguros\/companias\/agrupacio-mutua\/telefono\/#Horario_de_atencion_al_cliente_de_Agrupacio_Mutua\" >Horario de atenci\u00f3n al cliente de Agrupaci\u00f3 Mutua<\/a><\/li><li class='ez-toc-page-1 ez-toc-heading-level-3'><a class=\"ez-toc-link ez-toc-heading-5\" href=\"https:\/\/idecesos.com\/seguros\/companias\/agrupacio-mutua\/telefono\/#Correo_electronico_de_Agrupacio_Mutua\" >Correo electr\u00f3nico de Agrupaci\u00f3 Mutua<\/a><\/li><li class='ez-toc-page-1 ez-toc-heading-level-3'><a class=\"ez-toc-link ez-toc-heading-6\" href=\"https:\/\/idecesos.com\/seguros\/companias\/agrupacio-mutua\/telefono\/#Formulario_en_el_sitio_Web_de_Agrupacio_Mutua\" >Formulario en el sitio Web de Agrupaci\u00f3 Mutua<\/a><\/li><li class='ez-toc-page-1 ez-toc-heading-level-3'><a class=\"ez-toc-link ez-toc-heading-7\" href=\"https:\/\/idecesos.com\/seguros\/companias\/agrupacio-mutua\/telefono\/#Redes_sociales_de_Agrupacio_Mutua\" >Redes sociales de Agrupaci\u00f3 Mutua<\/a><\/li><\/ul><\/li><\/ul><\/nav><\/div>\n\n<div class=\"caja\">\n<div class=\"cajaIcono2 \"  ><div class=\"cuadro\" style=\"box-shadow: inset 0 0 0 3px #ff790e\"><div class=\"iconoCircular\" style=\"border: 3px solid #ff790e\">\t\t\n\t\t\t\t\t<div class=\"iconoCirculo\">\n\t\t\t\t\t  <i class=\"fas fa-phone-volume\"><\/i>\n\t\t\t\t\t<\/div>\n\t\t\t\t<\/div><div class=\"\">\n<h4 style=\"text-align: center;\"><span class=\"ez-toc-section\" id=\"Telefono_Contrataciones_951_127_403\"><\/span><strong>Tel\u00e9fono Contrataciones<br \/>\n951 127 403<\/strong><span class=\"ez-toc-section-end\"><\/span><\/h4>\n<p><\/div><\/div><\/div><br \/>\nLa atenci\u00f3n veinticuatro horas de Agrupaci\u00f3 Mutua los trescientos sesenta y cinco d\u00edas del a\u00f1o hacen que todos tus problemas se solucionen en minutos. Un agente experto en su seguro de decesos le atender\u00e1 y pondr\u00e1 en marcha todos los tr\u00e1mites precisos para su tranquilidad: elecci\u00f3n del cementerio donde el asegurado quiera ser inhumado, gesti\u00f3n de la tramitaci\u00f3n funeraria, la corona que usted desee escoger, los gastos en ata\u00fad y sanitarios, atenci\u00f3n psicol\u00f3gica para la familia y muchos otros servicios de la mano de los mejores profesionales. Agrupaci\u00f3 Mutua se encargar\u00e1 de tener todo gestionado y cerrado debidamente apoyando a la familia en el peor instante facilitandoles toda la calma que precisan. Sus especialistas tratar\u00e1n su situaci\u00f3n con toda la profesionalidad y delicadeza que merecen.<br \/>\n<\/div><\/p>\n<div class=\"colorf \"  ><div class=\"container clearfix\"><div class=\"col-md-7\"><\/p>\n<h2><span class=\"ez-toc-section\" id=\"%C2%BFComo_contactar_con_Agrupacio_Mutua\"><\/span>\u00bfC\u00f3mo contactar con Agrupaci\u00f3 Mutua?<span class=\"ez-toc-section-end\"><\/span><\/h2>\n<p>Puede ponerse en contacto de forma gratuita con Agrupaci\u00f3 Mutua mediante un tel\u00e9fono de contacto, que le atender\u00e1 en el horario libre de atenci\u00f3n al usuario, mail, formulario en p\u00e1gina web y redes sociales.<br \/>\n<\/div><\/div><\/div>\n<h3><span class=\"ez-toc-section\" id=\"Telefono_gratuito_de_Agrupacio_Mutua\"><\/span>Tel\u00e9fono gratuito de Agrupaci\u00f3 Mutua<span class=\"ez-toc-section-end\"><\/span><\/h3>\n<p>La llamada a Agrupaci\u00f3 Mutua le saldr\u00e1 absolutamente sin coste. La llamada efectuada por parte del usuario o bien del profesional, no tendr\u00e1 ning\u00fan costo, con independencia del tiempo que dure. Este m\u00e9todo es f\u00e1cil y sencillo de utilizar. En la actualidad todo el planeta dispone de un m\u00f3vil que te va a dar la sencillez de no tener que ir a ninguna oficina de Agrupaci\u00f3 Mutua pudiendo hacer todos y cada uno de los tr\u00e1mites sobre su seguro de decesos desde su sof\u00e1. El servicio que Agrupaci\u00f3 Mutua te ofrece a trav\u00e9s de sus agentes te resolver\u00e1 todas las cuestiones y tambi\u00e9n inquietudes que tenga al terminar la llamada. Gracias a su gran profesionalidad quedar\u00e1 satisfecho con sus servicios. El n\u00famero es el: <strong>934 826 600.<\/strong><br \/>\n<div class=\"colorf\"><div class=\"container clearfix\"><div class=\"col-md-7\"><\/p>\n<div class=\"cabecera_tabla_ajustada \"  style=\"width:80%\" ><div class=\"row\"><\/div>\n<p><div class=\"fila_tabla4 \"  ><div class=\"row\"><div class=\"col-8 nosepara izq\"><p><strong>Tel\u00e9fono para contrataciones<\/strong><\/p><\/div><div class=\"col-4 nosepara centro\">951 127 403<\/div><\/div><\/div><div class=\"fila_tabla4 \"  ><div class=\"row\"><div class=\"col-8 nosepara izq\"><p><strong>Tel\u00e9fono para quejas y reclamaciones<\/strong><\/p><\/div><div class=\"col-4 nosepara centro\">900 898 120<\/div><\/div><\/div><\/p>\n<div class=\"pie_tabla \"  ><div class=\"row\"><div class=\"col-12 \"><\/div><\/div><\/div><\/div>\n<\/div><\/div><\/div>\n<h3><span class=\"ez-toc-section\" id=\"Horario_de_atencion_al_cliente_de_Agrupacio_Mutua\"><\/span>Horario de atenci\u00f3n al cliente de Agrupaci\u00f3 Mutua<span class=\"ez-toc-section-end\"><\/span><\/h3>\n<p>Agrupaci\u00f3 Mutua, pensando en , considera de suma importancia contar con de un horario de atenci\u00f3n al usuario para poder atenderle lo m\u00e1s veloz posible. Toda vez que llame, va a haber una persona al lado del tel\u00e9fono para facilitarle la informaci\u00f3n que necesite y, si lo requiere, pasarle la llamada con uno de los asesores especialistas. Coberturas, costos y todas y cada una de las cuestiones que desee saber sobre su seguro de decesos van a ser resueltas de manera que quede satisfecho con el trato ofrecido por la compa\u00f1\u00eda. El tiempo libre de cada persona es relativo, por lo que la compa\u00f1\u00eda ofrece el pr\u00f3ximo horario <strong>horario Agrupaci\u00f3 Mutua<\/strong> y de esta forma, poder comunicarse con ella en diferentes horas.<br \/>\n<div class=\"colorf\"><div class=\"container clearfix\"><div class=\"col-md-7\"><\/p>\n<h3><span class=\"ez-toc-section\" id=\"Correo_electronico_de_Agrupacio_Mutua\"><\/span>Correo electr\u00f3nico de Agrupaci\u00f3 Mutua<span class=\"ez-toc-section-end\"><\/span><\/h3>\n<p>Es cierto que Internet est\u00e1 a la orden del d\u00eda y, es ah\u00ed donde se hallan las plataformas de correo r\u00e1pida como Hotmail y Gmail. Por tanto, Agrupaci\u00f3 Mutua ha creado la pr\u00f3xima direcci\u00f3n de mail <strong>comunicacion@agrupacio.es<\/strong> a fin de que pueda establecer una buena conexi\u00f3n con los profesionales que estar\u00e1n a su disposici\u00f3n. Cada profesional le responder\u00e1 de manera r\u00e1pida, reflejando la experiencia que poseen y el respeto cara el tema que desee tratar en torno a sus seguro de decesos.<br \/>\n<\/div><\/div><\/div><\/p>\n<h3><span class=\"ez-toc-section\" id=\"Formulario_en_el_sitio_Web_de_Agrupacio_Mutua\"><\/span>Formulario en el sitio Web de Agrupaci\u00f3 Mutua<span class=\"ez-toc-section-end\"><\/span><\/h3>\n<p>Simplemente pregunt\u00e1ndole al buscador de Internet lo que quieras saber, en ese instante te lo har\u00e1 saber. Por esta raz\u00f3n, es la plataforma con m\u00e1s relevancia y mayor acceso para las personas. Agrupaci\u00f3 Mutua no iba a ser menos, tiene disponible una p\u00e1gina web propia <strong>www.tomamosimpulso.com\/<\/strong>. En la p\u00e1gina web, tendr\u00e1 la opci\u00f3n de completar un formulario con sus datos (nombre, primer y segundo apellido, m\u00f3vil de contacto, direcci\u00f3n de correo electr\u00f3nico\u2026)Seguidamente, un especialista en el tema se va a poner en contacto para poder facilitarle informaci\u00f3n u ofrecerle la ayuda que necesite.<br \/>\n<div class=\"colorf\"><div class=\"container clearfix\"><div class=\"col-md-7\"><\/p>\n<h3><span class=\"ez-toc-section\" id=\"Redes_sociales_de_Agrupacio_Mutua\"><\/span>Redes sociales de Agrupaci\u00f3 Mutua<span class=\"ez-toc-section-end\"><\/span><\/h3>\n<p>Twitter, Fb, Instagram\u2026 forman parte de las redes sociales con m\u00e1s difusi\u00f3n y tambi\u00e9n importancia y, de las que forman parte miles de personas del planeta entero. Agrupaci\u00f3 Mutua ha creado un perfil en estas plataformas, debido a la influencia que tienen. Acceder a \u00e9l es muy sencillo, solo va a deber buscar el nombre de Agrupaci\u00f3 Mutua en dichas aplicaciones. Informaci\u00f3n esencial sobre su seguro de decesos como peculiaridades, ofertas o enlace a web es lo que hallar\u00e1 en el perfil de Agrupaci\u00f3 Mutua. Adem\u00e1s, en algunas de las aplicaciones le ser\u00e1 posible ponerse en contacto con la compa\u00f1\u00eda si de esta manera lo precisa.<br \/>\n<\/div><\/div><\/div><\/p>\n<\/div>\n<p><div class=\"oficinas\"> <!-- Shortcode [agrupacio-mutua-hijas] does not exist --> <\/div><\/p>\n","protected":false},"excerpt":{"rendered":"<p>La atenci\u00f3n veinticuatro horas de Agrupaci\u00f3 Mutua los trescientos sesenta y cinco d\u00edas del a\u00f1o hacen que todos tus problemas se solucionen en minutos. Un agente experto en su seguro de decesos le atender\u00e1 y pondr\u00e1 en marcha todos los tr\u00e1mites precisos para su tranquilidad: elecci\u00f3n del cementerio donde el asegurado quiera ser inhumado, gesti\u00f3n&hellip; <\/p>\n","protected":false},"author":1,"featured_media":0,"parent":9467,"menu_order":0,"comment_status":"closed","ping_status":"closed","template":"single.php","meta":{"footnotes":""},"class_list":["post-15442","page","type-page","status-publish","hentry"],"yoast_head":"<!-- This site is optimized with the Yoast SEO plugin v27.3 - https:\/\/yoast.com\/product\/yoast-seo-wordpress\/ -->\n<title>Tel\u00e9fono Gratuito Agrupaci\u00f3 Mutua \u25b7Atenci\u00f3n Cliente, Email, RRSS, Web<\/title>\n<meta name=\"description\" content=\"Busca aqu\u00ed\u3010Agrupaci\u00f3 Mutua seguros tel\u00e9fono gratuito\u3011Agrupaci\u00f3 Mutua Decesos tel\u00e9fono gratis: atenci\u00f3n al cliente y contrataciones \u2611\ufe0fVerificado en 2026\" \/>\n<meta name=\"robots\" content=\"index, follow, max-snippet:-1, max-image-preview:large, max-video-preview:-1\" \/>\n<link rel=\"canonical\" href=\"https:\/\/idecesos.com\/seguros\/companias\/agrupacio-mutua\/telefono\/\" \/>\n<meta property=\"og:locale\" content=\"es_ES\" \/>\n<meta property=\"og:type\" content=\"article\" \/>\n<meta property=\"og:title\" content=\"Tel\u00e9fono Gratuito Agrupaci\u00f3 Mutua \u25b7Atenci\u00f3n Cliente, Email, RRSS, Web\" \/>\n<meta property=\"og:description\" content=\"Busca aqu\u00ed\u3010Agrupaci\u00f3 Mutua seguros tel\u00e9fono gratuito\u3011Agrupaci\u00f3 Mutua Decesos tel\u00e9fono gratis: atenci\u00f3n al cliente y contrataciones \u2611\ufe0fVerificado en 2026\" \/>\n<meta property=\"og:url\" content=\"https:\/\/idecesos.com\/seguros\/companias\/agrupacio-mutua\/telefono\/\" \/>\n<meta property=\"article:modified_time\" content=\"2022-04-07T09:17:53+00:00\" \/>\n<meta name=\"twitter:card\" content=\"summary_large_image\" \/>\n<meta name=\"twitter:label1\" content=\"Tiempo de lectura\" \/>\n\t<meta name=\"twitter:data1\" content=\"4 minutos\" \/>\n<script type=\"application\/ld+json\" class=\"yoast-schema-graph\">{\"@context\":\"https:\\\/\\\/schema.org\",\"@graph\":[{\"@type\":\"WebPage\",\"@id\":\"https:\\\/\\\/idecesos.com\\\/seguros\\\/companias\\\/agrupacio-mutua\\\/telefono\\\/\",\"url\":\"https:\\\/\\\/idecesos.com\\\/seguros\\\/companias\\\/agrupacio-mutua\\\/telefono\\\/\",\"name\":\"Tel\u00e9fono Gratuito Agrupaci\u00f3 Mutua \u25b7Atenci\u00f3n Cliente, Email, RRSS, Web\",\"isPartOf\":{\"@id\":\"https:\\\/\\\/idecesos.com\\\/seguros\\\/#website\"},\"datePublished\":\"2021-11-25T10:17:51+00:00\",\"dateModified\":\"2022-04-07T09:17:53+00:00\",\"description\":\"Busca aqu\u00ed\u3010Agrupaci\u00f3 Mutua seguros tel\u00e9fono gratuito\u3011Agrupaci\u00f3 Mutua Decesos tel\u00e9fono gratis: atenci\u00f3n al cliente y contrataciones \u2611\ufe0fVerificado en 2026\",\"breadcrumb\":{\"@id\":\"https:\\\/\\\/idecesos.com\\\/seguros\\\/companias\\\/agrupacio-mutua\\\/telefono\\\/#breadcrumb\"},\"inLanguage\":\"es\",\"potentialAction\":[{\"@type\":\"ReadAction\",\"target\":[\"https:\\\/\\\/idecesos.com\\\/seguros\\\/companias\\\/agrupacio-mutua\\\/telefono\\\/\"]}]},{\"@type\":\"BreadcrumbList\",\"@id\":\"https:\\\/\\\/idecesos.com\\\/seguros\\\/companias\\\/agrupacio-mutua\\\/telefono\\\/#breadcrumb\",\"itemListElement\":[{\"@type\":\"ListItem\",\"position\":1,\"name\":\"Portada\",\"item\":\"https:\\\/\\\/idecesos.com\\\/seguros\\\/\"},{\"@type\":\"ListItem\",\"position\":2,\"name\":\"Compa\u00f1\u00edas de Seguros de Decesos en Espa\u00f1a\",\"item\":\"https:\\\/\\\/idecesos.com\\\/seguros\\\/companias\\\/\"},{\"@type\":\"ListItem\",\"position\":3,\"name\":\"Seguro de decesos Agrupaci\u00f3 M\u00fatua\",\"item\":\"https:\\\/\\\/idecesos.com\\\/seguros\\\/companias\\\/agrupacio-mutua\\\/\"},{\"@type\":\"ListItem\",\"position\":4,\"name\":\"Atenci\u00f3n al cliente Agrupaci\u00f3 Mutua: telefono gratuito, e-mail\"}]},{\"@type\":\"WebSite\",\"@id\":\"https:\\\/\\\/idecesos.com\\\/seguros\\\/#website\",\"url\":\"https:\\\/\\\/idecesos.com\\\/seguros\\\/\",\"name\":\"\",\"description\":\"\",\"potentialAction\":[{\"@type\":\"SearchAction\",\"target\":{\"@type\":\"EntryPoint\",\"urlTemplate\":\"https:\\\/\\\/idecesos.com\\\/seguros\\\/?s={search_term_string}\"},\"query-input\":{\"@type\":\"PropertyValueSpecification\",\"valueRequired\":true,\"valueName\":\"search_term_string\"}}],\"inLanguage\":\"es\"}]}<\/script>\n<!-- \/ Yoast SEO plugin. -->","yoast_head_json":{"title":"Tel\u00e9fono Gratuito Agrupaci\u00f3 Mutua \u25b7Atenci\u00f3n Cliente, Email, RRSS, Web","description":"Busca aqu\u00ed\u3010Agrupaci\u00f3 Mutua seguros tel\u00e9fono gratuito\u3011Agrupaci\u00f3 Mutua Decesos tel\u00e9fono gratis: atenci\u00f3n al cliente y contrataciones \u2611\ufe0fVerificado en 2026","robots":{"index":"index","follow":"follow","max-snippet":"max-snippet:-1","max-image-preview":"max-image-preview:large","max-video-preview":"max-video-preview:-1"},"canonical":"https:\/\/idecesos.com\/seguros\/companias\/agrupacio-mutua\/telefono\/","og_locale":"es_ES","og_type":"article","og_title":"Tel\u00e9fono Gratuito Agrupaci\u00f3 Mutua \u25b7Atenci\u00f3n Cliente, Email, RRSS, Web","og_description":"Busca aqu\u00ed\u3010Agrupaci\u00f3 Mutua seguros tel\u00e9fono gratuito\u3011Agrupaci\u00f3 Mutua Decesos tel\u00e9fono gratis: atenci\u00f3n al cliente y contrataciones \u2611\ufe0fVerificado en 2026","og_url":"https:\/\/idecesos.com\/seguros\/companias\/agrupacio-mutua\/telefono\/","article_modified_time":"2022-04-07T09:17:53+00:00","twitter_card":"summary_large_image","twitter_misc":{"Tiempo de lectura":"4 minutos"},"schema":{"@context":"https:\/\/schema.org","@graph":[{"@type":"WebPage","@id":"https:\/\/idecesos.com\/seguros\/companias\/agrupacio-mutua\/telefono\/","url":"https:\/\/idecesos.com\/seguros\/companias\/agrupacio-mutua\/telefono\/","name":"Tel\u00e9fono Gratuito Agrupaci\u00f3 Mutua \u25b7Atenci\u00f3n Cliente, Email, RRSS, Web","isPartOf":{"@id":"https:\/\/idecesos.com\/seguros\/#website"},"datePublished":"2021-11-25T10:17:51+00:00","dateModified":"2022-04-07T09:17:53+00:00","description":"Busca aqu\u00ed\u3010Agrupaci\u00f3 Mutua seguros tel\u00e9fono gratuito\u3011Agrupaci\u00f3 Mutua Decesos tel\u00e9fono gratis: atenci\u00f3n al cliente y contrataciones \u2611\ufe0fVerificado en 2026","breadcrumb":{"@id":"https:\/\/idecesos.com\/seguros\/companias\/agrupacio-mutua\/telefono\/#breadcrumb"},"inLanguage":"es","potentialAction":[{"@type":"ReadAction","target":["https:\/\/idecesos.com\/seguros\/companias\/agrupacio-mutua\/telefono\/"]}]},{"@type":"BreadcrumbList","@id":"https:\/\/idecesos.com\/seguros\/companias\/agrupacio-mutua\/telefono\/#breadcrumb","itemListElement":[{"@type":"ListItem","position":1,"name":"Portada","item":"https:\/\/idecesos.com\/seguros\/"},{"@type":"ListItem","position":2,"name":"Compa\u00f1\u00edas de Seguros de Decesos en Espa\u00f1a","item":"https:\/\/idecesos.com\/seguros\/companias\/"},{"@type":"ListItem","position":3,"name":"Seguro de decesos Agrupaci\u00f3 M\u00fatua","item":"https:\/\/idecesos.com\/seguros\/companias\/agrupacio-mutua\/"},{"@type":"ListItem","position":4,"name":"Atenci\u00f3n al cliente Agrupaci\u00f3 Mutua: telefono gratuito, e-mail"}]},{"@type":"WebSite","@id":"https:\/\/idecesos.com\/seguros\/#website","url":"https:\/\/idecesos.com\/seguros\/","name":"","description":"","potentialAction":[{"@type":"SearchAction","target":{"@type":"EntryPoint","urlTemplate":"https:\/\/idecesos.com\/seguros\/?s={search_term_string}"},"query-input":{"@type":"PropertyValueSpecification","valueRequired":true,"valueName":"search_term_string"}}],"inLanguage":"es"}]}},"_links":{"self":[{"href":"https:\/\/idecesos.com\/seguros\/wp-json\/wp\/v2\/pages\/15442","targetHints":{"allow":["GET"]}}],"collection":[{"href":"https:\/\/idecesos.com\/seguros\/wp-json\/wp\/v2\/pages"}],"about":[{"href":"https:\/\/idecesos.com\/seguros\/wp-json\/wp\/v2\/types\/page"}],"author":[{"embeddable":true,"href":"https:\/\/idecesos.com\/seguros\/wp-json\/wp\/v2\/users\/1"}],"replies":[{"embeddable":true,"href":"https:\/\/idecesos.com\/seguros\/wp-json\/wp\/v2\/comments?post=15442"}],"version-history":[{"count":8,"href":"https:\/\/idecesos.com\/seguros\/wp-json\/wp\/v2\/pages\/15442\/revisions"}],"predecessor-version":[{"id":21063,"href":"https:\/\/idecesos.com\/seguros\/wp-json\/wp\/v2\/pages\/15442\/revisions\/21063"}],"up":[{"embeddable":true,"href":"https:\/\/idecesos.com\/seguros\/wp-json\/wp\/v2\/pages\/9467"}],"wp:attachment":[{"href":"https:\/\/idecesos.com\/seguros\/wp-json\/wp\/v2\/media?parent=15442"}],"curies":[{"name":"wp","href":"https:\/\/api.w.org\/{rel}","templated":true}]}}