{"id":15443,"date":"2021-11-26T09:13:09","date_gmt":"2021-11-25T10:17:52","guid":{"rendered":"https:\/\/idecesos.com\/seguros\/companias\/mgc\/telefono\/"},"modified":"2022-04-07T09:19:36","modified_gmt":"2022-04-07T09:19:36","slug":"telefono","status":"publish","type":"page","link":"https:\/\/idecesos.com\/seguros\/companias\/mgc\/telefono\/","title":{"rendered":"Atenci\u00f3n al cliente MGC: telefono gratuito, e-mail"},"content":{"rendered":"<div id=\"ez-toc-container\" class=\"ez-toc-v2_0_82_2 ez-toc-wrap-center counter-hierarchy ez-toc-counter ez-toc-custom ez-toc-container-direction\">\n<div class=\"ez-toc-title-container\">\n<p class=\"ez-toc-title\" style=\"cursor:inherit\">Tabla de Contenido<\/p>\n<span class=\"ez-toc-title-toggle\"><a href=\"#\" class=\"ez-toc-pull-right ez-toc-btn ez-toc-btn-xs ez-toc-btn-default ez-toc-toggle\" aria-label=\"Alternar tabla de contenidos\"><span class=\"ez-toc-js-icon-con\"><span class=\"\"><span class=\"eztoc-hide\" style=\"display:none;\">Toggle<\/span><span class=\"ez-toc-icon-toggle-span\"><svg style=\"fill: #db6415;color:#db6415\" xmlns=\"http:\/\/www.w3.org\/2000\/svg\" class=\"list-377408\" width=\"20px\" height=\"20px\" viewBox=\"0 0 24 24\" fill=\"none\"><path d=\"M6 6H4v2h2V6zm14 0H8v2h12V6zM4 11h2v2H4v-2zm16 0H8v2h12v-2zM4 16h2v2H4v-2zm16 0H8v2h12v-2z\" fill=\"currentColor\"><\/path><\/svg><svg style=\"fill: #db6415;color:#db6415\" class=\"arrow-unsorted-368013\" xmlns=\"http:\/\/www.w3.org\/2000\/svg\" width=\"10px\" height=\"10px\" viewBox=\"0 0 24 24\" version=\"1.2\" baseProfile=\"tiny\"><path d=\"M18.2 9.3l-6.2-6.3-6.2 6.3c-.2.2-.3.4-.3.7s.1.5.3.7c.2.2.4.3.7.3h11c.3 0 .5-.1.7-.3.2-.2.3-.5.3-.7s-.1-.5-.3-.7zM5.8 14.7l6.2 6.3 6.2-6.3c.2-.2.3-.5.3-.7s-.1-.5-.3-.7c-.2-.2-.4-.3-.7-.3h-11c-.3 0-.5.1-.7.3-.2.2-.3.5-.3.7s.1.5.3.7z\"\/><\/svg><\/span><\/span><\/span><\/a><\/span><\/div>\n<nav><ul class='ez-toc-list ez-toc-list-level-1 ' ><ul class='ez-toc-list-level-4' ><li class='ez-toc-heading-level-4'><ul class='ez-toc-list-level-4' ><li class='ez-toc-heading-level-4'><a class=\"ez-toc-link ez-toc-heading-1\" href=\"https:\/\/idecesos.com\/seguros\/companias\/mgc\/telefono\/#Telefono_Contrataciones_951_127_403\" >Tel\u00e9fono Contrataciones \n951 127 403<\/a><\/li><\/ul><\/li><\/ul><\/li><li class='ez-toc-page-1 ez-toc-heading-level-2'><a class=\"ez-toc-link ez-toc-heading-2\" href=\"https:\/\/idecesos.com\/seguros\/companias\/mgc\/telefono\/#%C2%BFComo_contactar_con_MGC\" >\u00bfC\u00f3mo contactar con MGC?<\/a><ul class='ez-toc-list-level-3' ><li class='ez-toc-heading-level-3'><a class=\"ez-toc-link ez-toc-heading-3\" href=\"https:\/\/idecesos.com\/seguros\/companias\/mgc\/telefono\/#Telefono_gratuito_de_MGC\" >Tel\u00e9fono gratuito de MGC<\/a><\/li><li class='ez-toc-page-1 ez-toc-heading-level-3'><a class=\"ez-toc-link ez-toc-heading-4\" href=\"https:\/\/idecesos.com\/seguros\/companias\/mgc\/telefono\/#Horario_de_atencion_al_cliente_de_MGC\" >Horario de atenci\u00f3n al cliente de MGC<\/a><\/li><li class='ez-toc-page-1 ez-toc-heading-level-3'><a class=\"ez-toc-link ez-toc-heading-5\" href=\"https:\/\/idecesos.com\/seguros\/companias\/mgc\/telefono\/#Correo_electronico_de_MGC\" >Correo electr\u00f3nico de MGC<\/a><\/li><li class='ez-toc-page-1 ez-toc-heading-level-3'><a class=\"ez-toc-link ez-toc-heading-6\" href=\"https:\/\/idecesos.com\/seguros\/companias\/mgc\/telefono\/#Formulario_en_el_sitio_Web_de_MGC\" >Formulario en el sitio Web de MGC<\/a><\/li><li class='ez-toc-page-1 ez-toc-heading-level-3'><a class=\"ez-toc-link ez-toc-heading-7\" href=\"https:\/\/idecesos.com\/seguros\/companias\/mgc\/telefono\/#Redes_sociales_de_MGC\" >Redes sociales de MGC<\/a><\/li><li class='ez-toc-page-1 ez-toc-heading-level-3'><a class=\"ez-toc-link ez-toc-heading-8\" href=\"https:\/\/idecesos.com\/seguros\/companias\/mgc\/telefono\/#Paginas_relacionadas\" >P\u00e1ginas relacionadas<\/a><\/li><\/ul><\/li><\/ul><\/nav><\/div>\n\n<div class=\"caja\">\n<div class=\"cajaIcono2 \"  ><div class=\"cuadro\" style=\"box-shadow: inset 0 0 0 3px #ff790e\"><div class=\"iconoCircular\" style=\"border: 3px solid #ff790e\">\t\t\n\t\t\t\t\t<div class=\"iconoCirculo\">\n\t\t\t\t\t  <i class=\"fas fa-phone-volume\"><\/i>\n\t\t\t\t\t<\/div>\n\t\t\t\t<\/div><div class=\"\">\n<h4 style=\"text-align: center;\"><span class=\"ez-toc-section\" id=\"Telefono_Contrataciones_951_127_403\"><\/span><strong>Tel\u00e9fono Contrataciones<br \/>\n951 127 403<\/strong><span class=\"ez-toc-section-end\"><\/span><\/h4>\n<p><\/div><\/div><\/div><br \/>\nMGC le ofrece una atenci\u00f3n al cliente directa y personalizada que le va a ayudar a resolver sus dudas sobre los seguros de decesos. Tras haber elegido el procedimiento apropiado para usted, un consultor experto en el tema le ayudar\u00e1 en todo lo que necesite. Temas como el los gastos del ata\u00fad, tanatorio, coronas floral, esquela, atenci\u00f3n psicol\u00f3gica&#8230; todo lo relacionado con las coberturas de su seguro de decesos. Siempre se tendr\u00e1 en cuenta la situaci\u00f3n por la que pasa la familia en el instante de p\u00e9rdida del ser querido, por consiguiente, la compa\u00f1\u00eda se encargar\u00e1 de que todos y cada uno de los tr\u00e1mites est\u00e9n en perfectas condiciones y cerrados.<br \/>\n<\/div><\/p>\n<div class=\"colorf \"  ><div class=\"container clearfix\"><div class=\"col-md-7\"><\/p>\n<h2><span class=\"ez-toc-section\" id=\"%C2%BFComo_contactar_con_MGC\"><\/span>\u00bfC\u00f3mo contactar con MGC?<span class=\"ez-toc-section-end\"><\/span><\/h2>\n<p>A fin de que le resulte posible contactar con MGC, tiene a su disposici\u00f3n un tel\u00e9fono de contacto, completamente gratuito, un correo electr\u00f3nico, p\u00e1gina con un formulario a rellenar y perfiles en diferentes redes sociales.<br \/>\n<\/div><\/div><\/div>\n<h3><span class=\"ez-toc-section\" id=\"Telefono_gratuito_de_MGC\"><\/span>Tel\u00e9fono gratuito de MGC<span class=\"ez-toc-section-end\"><\/span><\/h3>\n<p>Debe resultar \u00fatil y simple establecer una charla fluida y directa con la compa\u00f1\u00eda, con lo que se le facilita el siguiente n\u00famero de tel\u00e9fono gratis <strong>93 414 36 00<\/strong>. Con el simple hecho de efectuar una llamada, conseguir\u00e1 todas las respuestas que necesite sobre su seguro de decesos y las caracter\u00edsticas que requieren sus necesidades. Es de suma importancia que sea consciente del nulo coste que le va a suponer efectuar la llamada. Sin planificar nada, este m\u00e9todo resulta ser el m\u00e1s simple y provechoso, sobre todo por la fluidez que se genera en la charla.<br \/>\n<div class=\"colorf\"><div class=\"container clearfix\"><div class=\"col-md-7\"><\/p>\n<div class=\"cabecera_tabla_ajustada \"  style=\"width:80%\" ><div class=\"row\"><\/div>\n<div class=\"fila_tabla4 \"  ><div class=\"row\"><div class=\"col-8 nosepara izq\"><p><strong>Tel\u00e9fono para contrataciones<\/strong><\/p><\/div><div class=\"col-4 nosepara centro\">951 127 403<\/div><\/div><\/div>\n<div class=\"pie_tabla \"  ><div class=\"row\"><div class=\"col-12 \"><\/div><\/div><\/div><\/div>\n<\/div><\/div><\/div>\n<h3><span class=\"ez-toc-section\" id=\"Horario_de_atencion_al_cliente_de_MGC\"><\/span>Horario de atenci\u00f3n al cliente de MGC<span class=\"ez-toc-section-end\"><\/span><\/h3>\n<p>Al usuario se le proporciona por parte de MGC un horario flexible de atenci\u00f3n al usuario, tanto de ma\u00f1ana como de tarde. As\u00ed va a poder llamar cuando pueda y sus agentes van a poder ayudarle. El agente que le atender\u00e1 le charlar\u00e1 de forma clara y f\u00e1cil para que haya un comprensi\u00f3n mutuo. Si la llamada lo necesita, va a ser desviado a uno de los asesores especialistas de la compa\u00f1\u00eda. Este va a poder resolverle todas sus dudas y preguntas que desee saber sobre su seguro de decesos. Tras finalizar la llamada, va a haber recabado todos los datos necesarios y ser\u00e1 de su agrado el trato recibido por parte de la empresa.<br \/>\n<div class=\"colorf\"><div class=\"container clearfix\"><div class=\"col-md-7\"><\/p>\n<h3><span class=\"ez-toc-section\" id=\"Correo_electronico_de_MGC\"><\/span>Correo electr\u00f3nico de MGC<span class=\"ez-toc-section-end\"><\/span><\/h3>\n<p>Internet est\u00e1 a la orden del d\u00eda y la mayor\u00eda de la poblaci\u00f3n dispone de un perfil en las plataformas de Gmail, Hotmail, etc. Con este servicio, formar\u00e1n parte del flujo de informaci\u00f3n que se establezca entre dos o bien m\u00e1s personas. Por consiguiente, es uno de los instrumentos m\u00e1s sencillos y \u00fatiles para el recibo de datos sobre su seguro de decesos. El e-mail de MGC es <strong>mgc@mgc.es<\/strong>\u00a0y va a tener la posibilidad de mandarle un mensaje con la cuesti\u00f3n que desee saber sobre, por poner un ejemplo, su p\u00f3liza. Si remite un mensaje, a trav\u00e9s de su correo electr\u00f3nico, sobre lo que quiera saber, llegar\u00e1 a un buen comprensi\u00f3n con la persona que le atienda y le ofrecer\u00e1 las mejores respuestas para, de este modo, aclarar cuestiones.<br \/>\n<\/div><\/div><\/div><\/p>\n<h3><span class=\"ez-toc-section\" id=\"Formulario_en_el_sitio_Web_de_MGC\"><\/span>Formulario en el sitio Web de MGC<span class=\"ez-toc-section-end\"><\/span><\/h3>\n<p>La plataforma m\u00e1s codiciada, a d\u00eda de hoy, son los buscadores de Internet y la poblaci\u00f3n tiene f\u00e1cil acceso a ellos. Con solo teclear una palabra, el usuario podr\u00e1 entrar en un planeta lleno de contestaciones. MGC le ofrece informaci\u00f3n sobre aspectos relacionados con su seguro de decesos como, por poner un ejemplo, los servicios que presentan, mediante su p\u00e1gina. De esta forma, recoger\u00e1 extensas notas para un asesoramiento de cara al futuro. Dependiendo de las caracter\u00edsticas que desee conseguir, va a tener unas garant\u00edas o bien otras, en tanto que la informaci\u00f3n dada en la p\u00e1gina web es general. El sitio web es la pr\u00f3xima <strong>www.mgc.es\/<\/strong>.<br \/>\n<div class=\"colorf\"><div class=\"container clearfix\"><div class=\"col-md-7\"><\/p>\n<h3><span class=\"ez-toc-section\" id=\"Redes_sociales_de_MGC\"><\/span>Redes sociales de MGC<span class=\"ez-toc-section-end\"><\/span><\/h3>\n<p>Las redes sociales al lado de internet han globalizado el planeta. Es por esto que son empleadas como herramientas para difundir inform\u00f3 y lograr a miles de personas. Su utilidad hace que las personas cuenten al menos con una de ellas o hasta con las cuatro. MGC tiene su perfil en alguna de estas redes sociales. En cada perfil, vas a poder encontrar informaci\u00f3n ofertas, ubicaci\u00f3n de la sede central, im\u00e1genes, v\u00eddeos y contenido adicional sobre la compa\u00f1\u00eda. Adem\u00e1s, mediante puedes ponerte en contacto con MGC sin la necesidad de llamar por tel\u00e9fono, rellenar un formulario o bien enviar un e-mail.<br \/>\n<\/div><\/div><\/div><\/p>\n<\/div>\n<p><div class=\"oficinas\"> <h3><span class=\"ez-toc-section\" id=\"Paginas_relacionadas\"><\/span>P\u00e1ginas relacionadas<span class=\"ez-toc-section-end\"><\/span><\/h3><div class=\"enlazado\"><ul> <li><a href=\"https:\/\/idecesos.com\/seguros\/companias\/mgc\/opiniones\/\">Opiniones MGC<\/a><\/li> <li><a href=\"https:\/\/idecesos.com\/seguros\/companias\/mgc\/precio\/\">Precio seguro MGC<\/a><\/li> <li><a href=\"https:\/\/idecesos.com\/seguros\/companias\/mgc\/prima-mixta\/\">MGC Prima Mixta<\/a><\/li> <li><a href=\"https:\/\/idecesos.com\/seguros\/companias\/mgc\/prima-natural\/\">MGC Prima Natural<\/a><\/li> <li><a href=\"https:\/\/idecesos.com\/seguros\/companias\/mgc\/prima-nivelada\/\">MGC Prima Nivelada<\/a><\/li> <li><a href=\"https:\/\/idecesos.com\/seguros\/companias\/mgc\/prima-unica\/\">MGC Prima \u00danica<\/a><\/li> <li><a href=\"https:\/\/idecesos.com\/seguros\/companias\/mgc\/repatriacion\/\">MGC Repatriaci\u00f3n<\/a><\/li> <li><a href=\"https:\/\/idecesos.com\/seguros\/companias\/mgc\/telefono\/\">Tel\u00e9fono Gratuito MGC<\/a><\/li><\/ul><\/div> <\/div><\/p>\n","protected":false},"excerpt":{"rendered":"<p>MGC le ofrece una atenci\u00f3n al cliente directa y personalizada que le va a ayudar a resolver sus dudas sobre los seguros de decesos. Tras haber elegido el procedimiento apropiado para usted, un consultor experto en el tema le ayudar\u00e1 en todo lo que necesite. Temas como el los gastos del ata\u00fad, tanatorio, coronas floral,&hellip; <\/p>\n","protected":false},"author":1,"featured_media":0,"parent":9472,"menu_order":0,"comment_status":"closed","ping_status":"closed","template":"single.php","meta":{"footnotes":""},"class_list":["post-15443","page","type-page","status-publish","hentry"],"yoast_head":"<!-- This site is optimized with the Yoast SEO plugin v27.3 - https:\/\/yoast.com\/product\/yoast-seo-wordpress\/ -->\n<title>Tel\u00e9fono Gratuito MGC \u25b7Atenci\u00f3n Cliente, Email, RRSS, Web<\/title>\n<meta name=\"description\" content=\"Busca aqu\u00ed\u3010MGC seguros tel\u00e9fono gratuito\u3011MGC Decesos tel\u00e9fono gratis: atenci\u00f3n al cliente y contrataciones \u2611\ufe0fVerificado en 2026\" \/>\n<meta name=\"robots\" content=\"index, follow, max-snippet:-1, max-image-preview:large, max-video-preview:-1\" \/>\n<link rel=\"canonical\" href=\"https:\/\/idecesos.com\/seguros\/companias\/mgc\/telefono\/\" \/>\n<meta property=\"og:locale\" content=\"es_ES\" \/>\n<meta property=\"og:type\" content=\"article\" \/>\n<meta property=\"og:title\" content=\"Tel\u00e9fono Gratuito MGC \u25b7Atenci\u00f3n Cliente, Email, RRSS, Web\" \/>\n<meta property=\"og:description\" content=\"Busca aqu\u00ed\u3010MGC seguros tel\u00e9fono gratuito\u3011MGC Decesos tel\u00e9fono gratis: atenci\u00f3n al cliente y contrataciones \u2611\ufe0fVerificado en 2026\" \/>\n<meta property=\"og:url\" content=\"https:\/\/idecesos.com\/seguros\/companias\/mgc\/telefono\/\" \/>\n<meta property=\"article:modified_time\" content=\"2022-04-07T09:19:36+00:00\" \/>\n<meta name=\"twitter:card\" content=\"summary_large_image\" \/>\n<meta name=\"twitter:label1\" content=\"Tiempo de lectura\" \/>\n\t<meta name=\"twitter:data1\" content=\"4 minutos\" \/>\n<script type=\"application\/ld+json\" class=\"yoast-schema-graph\">{\"@context\":\"https:\\\/\\\/schema.org\",\"@graph\":[{\"@type\":\"WebPage\",\"@id\":\"https:\\\/\\\/idecesos.com\\\/seguros\\\/companias\\\/mgc\\\/telefono\\\/\",\"url\":\"https:\\\/\\\/idecesos.com\\\/seguros\\\/companias\\\/mgc\\\/telefono\\\/\",\"name\":\"Tel\u00e9fono Gratuito MGC \u25b7Atenci\u00f3n Cliente, Email, RRSS, Web\",\"isPartOf\":{\"@id\":\"https:\\\/\\\/idecesos.com\\\/seguros\\\/#website\"},\"datePublished\":\"2021-11-25T10:17:52+00:00\",\"dateModified\":\"2022-04-07T09:19:36+00:00\",\"description\":\"Busca aqu\u00ed\u3010MGC seguros tel\u00e9fono gratuito\u3011MGC Decesos tel\u00e9fono gratis: atenci\u00f3n al cliente y contrataciones \u2611\ufe0fVerificado en 2026\",\"breadcrumb\":{\"@id\":\"https:\\\/\\\/idecesos.com\\\/seguros\\\/companias\\\/mgc\\\/telefono\\\/#breadcrumb\"},\"inLanguage\":\"es\",\"potentialAction\":[{\"@type\":\"ReadAction\",\"target\":[\"https:\\\/\\\/idecesos.com\\\/seguros\\\/companias\\\/mgc\\\/telefono\\\/\"]}]},{\"@type\":\"BreadcrumbList\",\"@id\":\"https:\\\/\\\/idecesos.com\\\/seguros\\\/companias\\\/mgc\\\/telefono\\\/#breadcrumb\",\"itemListElement\":[{\"@type\":\"ListItem\",\"position\":1,\"name\":\"Portada\",\"item\":\"https:\\\/\\\/idecesos.com\\\/seguros\\\/\"},{\"@type\":\"ListItem\",\"position\":2,\"name\":\"Compa\u00f1\u00edas de Seguros de Decesos en Espa\u00f1a\",\"item\":\"https:\\\/\\\/idecesos.com\\\/seguros\\\/companias\\\/\"},{\"@type\":\"ListItem\",\"position\":3,\"name\":\"Seguros de decesos MGC\",\"item\":\"https:\\\/\\\/idecesos.com\\\/seguros\\\/companias\\\/mgc\\\/\"},{\"@type\":\"ListItem\",\"position\":4,\"name\":\"Atenci\u00f3n al cliente MGC: telefono gratuito, e-mail\"}]},{\"@type\":\"WebSite\",\"@id\":\"https:\\\/\\\/idecesos.com\\\/seguros\\\/#website\",\"url\":\"https:\\\/\\\/idecesos.com\\\/seguros\\\/\",\"name\":\"\",\"description\":\"\",\"potentialAction\":[{\"@type\":\"SearchAction\",\"target\":{\"@type\":\"EntryPoint\",\"urlTemplate\":\"https:\\\/\\\/idecesos.com\\\/seguros\\\/?s={search_term_string}\"},\"query-input\":{\"@type\":\"PropertyValueSpecification\",\"valueRequired\":true,\"valueName\":\"search_term_string\"}}],\"inLanguage\":\"es\"}]}<\/script>\n<!-- \/ Yoast SEO plugin. -->","yoast_head_json":{"title":"Tel\u00e9fono Gratuito MGC \u25b7Atenci\u00f3n Cliente, Email, RRSS, Web","description":"Busca aqu\u00ed\u3010MGC seguros tel\u00e9fono gratuito\u3011MGC Decesos tel\u00e9fono gratis: atenci\u00f3n al cliente y contrataciones \u2611\ufe0fVerificado en 2026","robots":{"index":"index","follow":"follow","max-snippet":"max-snippet:-1","max-image-preview":"max-image-preview:large","max-video-preview":"max-video-preview:-1"},"canonical":"https:\/\/idecesos.com\/seguros\/companias\/mgc\/telefono\/","og_locale":"es_ES","og_type":"article","og_title":"Tel\u00e9fono Gratuito MGC \u25b7Atenci\u00f3n Cliente, Email, RRSS, Web","og_description":"Busca aqu\u00ed\u3010MGC seguros tel\u00e9fono gratuito\u3011MGC Decesos tel\u00e9fono gratis: atenci\u00f3n al cliente y contrataciones \u2611\ufe0fVerificado en 2026","og_url":"https:\/\/idecesos.com\/seguros\/companias\/mgc\/telefono\/","article_modified_time":"2022-04-07T09:19:36+00:00","twitter_card":"summary_large_image","twitter_misc":{"Tiempo de lectura":"4 minutos"},"schema":{"@context":"https:\/\/schema.org","@graph":[{"@type":"WebPage","@id":"https:\/\/idecesos.com\/seguros\/companias\/mgc\/telefono\/","url":"https:\/\/idecesos.com\/seguros\/companias\/mgc\/telefono\/","name":"Tel\u00e9fono Gratuito MGC \u25b7Atenci\u00f3n Cliente, Email, RRSS, Web","isPartOf":{"@id":"https:\/\/idecesos.com\/seguros\/#website"},"datePublished":"2021-11-25T10:17:52+00:00","dateModified":"2022-04-07T09:19:36+00:00","description":"Busca aqu\u00ed\u3010MGC seguros tel\u00e9fono gratuito\u3011MGC Decesos tel\u00e9fono gratis: atenci\u00f3n al cliente y contrataciones \u2611\ufe0fVerificado en 2026","breadcrumb":{"@id":"https:\/\/idecesos.com\/seguros\/companias\/mgc\/telefono\/#breadcrumb"},"inLanguage":"es","potentialAction":[{"@type":"ReadAction","target":["https:\/\/idecesos.com\/seguros\/companias\/mgc\/telefono\/"]}]},{"@type":"BreadcrumbList","@id":"https:\/\/idecesos.com\/seguros\/companias\/mgc\/telefono\/#breadcrumb","itemListElement":[{"@type":"ListItem","position":1,"name":"Portada","item":"https:\/\/idecesos.com\/seguros\/"},{"@type":"ListItem","position":2,"name":"Compa\u00f1\u00edas de Seguros de Decesos en Espa\u00f1a","item":"https:\/\/idecesos.com\/seguros\/companias\/"},{"@type":"ListItem","position":3,"name":"Seguros de decesos MGC","item":"https:\/\/idecesos.com\/seguros\/companias\/mgc\/"},{"@type":"ListItem","position":4,"name":"Atenci\u00f3n al cliente MGC: telefono gratuito, e-mail"}]},{"@type":"WebSite","@id":"https:\/\/idecesos.com\/seguros\/#website","url":"https:\/\/idecesos.com\/seguros\/","name":"","description":"","potentialAction":[{"@type":"SearchAction","target":{"@type":"EntryPoint","urlTemplate":"https:\/\/idecesos.com\/seguros\/?s={search_term_string}"},"query-input":{"@type":"PropertyValueSpecification","valueRequired":true,"valueName":"search_term_string"}}],"inLanguage":"es"}]}},"_links":{"self":[{"href":"https:\/\/idecesos.com\/seguros\/wp-json\/wp\/v2\/pages\/15443","targetHints":{"allow":["GET"]}}],"collection":[{"href":"https:\/\/idecesos.com\/seguros\/wp-json\/wp\/v2\/pages"}],"about":[{"href":"https:\/\/idecesos.com\/seguros\/wp-json\/wp\/v2\/types\/page"}],"author":[{"embeddable":true,"href":"https:\/\/idecesos.com\/seguros\/wp-json\/wp\/v2\/users\/1"}],"replies":[{"embeddable":true,"href":"https:\/\/idecesos.com\/seguros\/wp-json\/wp\/v2\/comments?post=15443"}],"version-history":[{"count":8,"href":"https:\/\/idecesos.com\/seguros\/wp-json\/wp\/v2\/pages\/15443\/revisions"}],"predecessor-version":[{"id":21064,"href":"https:\/\/idecesos.com\/seguros\/wp-json\/wp\/v2\/pages\/15443\/revisions\/21064"}],"up":[{"embeddable":true,"href":"https:\/\/idecesos.com\/seguros\/wp-json\/wp\/v2\/pages\/9472"}],"wp:attachment":[{"href":"https:\/\/idecesos.com\/seguros\/wp-json\/wp\/v2\/media?parent=15443"}],"curies":[{"name":"wp","href":"https:\/\/api.w.org\/{rel}","templated":true}]}}