{"id":15446,"date":"2021-11-26T09:13:10","date_gmt":"2021-11-25T10:17:54","guid":{"rendered":"https:\/\/idecesos.com\/seguros\/companias\/union-alcoyana\/telefono\/"},"modified":"2022-04-07T09:25:08","modified_gmt":"2022-04-07T09:25:08","slug":"telefono","status":"publish","type":"page","link":"https:\/\/idecesos.com\/seguros\/companias\/union-alcoyana\/telefono\/","title":{"rendered":"Atenci\u00f3n al cliente Uni\u00f3n Alcoyana: telefono gratuito, e-mail"},"content":{"rendered":"<div id=\"ez-toc-container\" class=\"ez-toc-v2_0_82_2 ez-toc-wrap-center counter-hierarchy ez-toc-counter ez-toc-custom ez-toc-container-direction\">\n<div class=\"ez-toc-title-container\">\n<p class=\"ez-toc-title\" style=\"cursor:inherit\">Tabla de Contenido<\/p>\n<span class=\"ez-toc-title-toggle\"><a href=\"#\" class=\"ez-toc-pull-right ez-toc-btn ez-toc-btn-xs ez-toc-btn-default ez-toc-toggle\" aria-label=\"Alternar tabla de contenidos\"><span class=\"ez-toc-js-icon-con\"><span class=\"\"><span class=\"eztoc-hide\" style=\"display:none;\">Toggle<\/span><span class=\"ez-toc-icon-toggle-span\"><svg style=\"fill: #db6415;color:#db6415\" xmlns=\"http:\/\/www.w3.org\/2000\/svg\" class=\"list-377408\" width=\"20px\" height=\"20px\" viewBox=\"0 0 24 24\" fill=\"none\"><path d=\"M6 6H4v2h2V6zm14 0H8v2h12V6zM4 11h2v2H4v-2zm16 0H8v2h12v-2zM4 16h2v2H4v-2zm16 0H8v2h12v-2z\" fill=\"currentColor\"><\/path><\/svg><svg style=\"fill: #db6415;color:#db6415\" class=\"arrow-unsorted-368013\" xmlns=\"http:\/\/www.w3.org\/2000\/svg\" width=\"10px\" height=\"10px\" viewBox=\"0 0 24 24\" version=\"1.2\" baseProfile=\"tiny\"><path d=\"M18.2 9.3l-6.2-6.3-6.2 6.3c-.2.2-.3.4-.3.7s.1.5.3.7c.2.2.4.3.7.3h11c.3 0 .5-.1.7-.3.2-.2.3-.5.3-.7s-.1-.5-.3-.7zM5.8 14.7l6.2 6.3 6.2-6.3c.2-.2.3-.5.3-.7s-.1-.5-.3-.7c-.2-.2-.4-.3-.7-.3h-11c-.3 0-.5.1-.7.3-.2.2-.3.5-.3.7s.1.5.3.7z\"\/><\/svg><\/span><\/span><\/span><\/a><\/span><\/div>\n<nav><ul class='ez-toc-list ez-toc-list-level-1 ' ><ul class='ez-toc-list-level-4' ><li class='ez-toc-heading-level-4'><ul class='ez-toc-list-level-4' ><li class='ez-toc-heading-level-4'><a class=\"ez-toc-link ez-toc-heading-1\" href=\"https:\/\/idecesos.com\/seguros\/companias\/union-alcoyana\/telefono\/#Telefono_Contrataciones_951_127_403\" >Tel\u00e9fono Contrataciones \n951 127 403<\/a><\/li><\/ul><\/li><\/ul><\/li><li class='ez-toc-page-1 ez-toc-heading-level-2'><a class=\"ez-toc-link ez-toc-heading-2\" href=\"https:\/\/idecesos.com\/seguros\/companias\/union-alcoyana\/telefono\/#%C2%BFComo_contactar_con_Union_Alcoyana\" >\u00bfC\u00f3mo contactar con Uni\u00f3n Alcoyana?<\/a><ul class='ez-toc-list-level-3' ><li class='ez-toc-heading-level-3'><a class=\"ez-toc-link ez-toc-heading-3\" href=\"https:\/\/idecesos.com\/seguros\/companias\/union-alcoyana\/telefono\/#Telefono_gratuito_de_Union_Alcoyana\" >Tel\u00e9fono gratuito de Uni\u00f3n Alcoyana<\/a><\/li><li class='ez-toc-page-1 ez-toc-heading-level-3'><a class=\"ez-toc-link ez-toc-heading-4\" href=\"https:\/\/idecesos.com\/seguros\/companias\/union-alcoyana\/telefono\/#Horario_de_atencion_al_cliente_de_Union_Alcoyana\" >Horario de atenci\u00f3n al cliente de Uni\u00f3n Alcoyana<\/a><\/li><li class='ez-toc-page-1 ez-toc-heading-level-3'><a class=\"ez-toc-link ez-toc-heading-5\" href=\"https:\/\/idecesos.com\/seguros\/companias\/union-alcoyana\/telefono\/#Correo_electronico_de_Union_Alcoyana\" >Correo electr\u00f3nico de Uni\u00f3n Alcoyana<\/a><\/li><li class='ez-toc-page-1 ez-toc-heading-level-3'><a class=\"ez-toc-link ez-toc-heading-6\" href=\"https:\/\/idecesos.com\/seguros\/companias\/union-alcoyana\/telefono\/#Formulario_en_el_sitio_Web_de_Union_Alcoyana\" >Formulario en el sitio Web de Uni\u00f3n Alcoyana<\/a><\/li><li class='ez-toc-page-1 ez-toc-heading-level-3'><a class=\"ez-toc-link ez-toc-heading-7\" href=\"https:\/\/idecesos.com\/seguros\/companias\/union-alcoyana\/telefono\/#Redes_sociales_de_Union_Alcoyana\" >Redes sociales de Uni\u00f3n Alcoyana<\/a><\/li><li class='ez-toc-page-1 ez-toc-heading-level-3'><a class=\"ez-toc-link ez-toc-heading-8\" href=\"https:\/\/idecesos.com\/seguros\/companias\/union-alcoyana\/telefono\/#Paginas_relacionadas\" >P\u00e1ginas relacionadas<\/a><\/li><\/ul><\/li><\/ul><\/nav><\/div>\n\n<div class=\"caja\">\n<div class=\"cajaIcono2 \"  ><div class=\"cuadro\" style=\"box-shadow: inset 0 0 0 3px #ff790e\"><div class=\"iconoCircular\" style=\"border: 3px solid #ff790e\">\t\t\n\t\t\t\t\t<div class=\"iconoCirculo\">\n\t\t\t\t\t  <i class=\"fas fa-phone-volume\"><\/i>\n\t\t\t\t\t<\/div>\n\t\t\t\t<\/div><div class=\"\">\n<h4 style=\"text-align: center;\"><span class=\"ez-toc-section\" id=\"Telefono_Contrataciones_951_127_403\"><\/span><strong>Tel\u00e9fono Contrataciones<br \/>\n951 127 403<\/strong><span class=\"ez-toc-section-end\"><\/span><\/h4>\n<p><\/div><\/div><\/div><br \/>\nContar con Uni\u00f3n Alcoyana es sencillo y no requiere ninguna dificultad gracias a los m\u00e9todos de contacto que tiene a su predisposici\u00f3n. Con cada una de las opciones, tendr\u00e1 una respuesta rapid\u00edsima por la parte de los especialistas asesores en su seguro de decesos y no va a tener la necesidad de moverse del lugar. Todos los tr\u00e1mites estar\u00e1n cerrados cuando llegue el momento de la muerte del ser querido, debido a que la compa\u00f1\u00eda comprende su situaci\u00f3n y tratar\u00e1 siempre el tema con el respeto que se merece. Va a estar a su predisposici\u00f3n toda la informaci\u00f3n precisa en torno a las coberturas de su seguro, como por poner un ejemplo, la ayuda sicol\u00f3gica que pueda percibir, diferentes servicios libres, el seguro bucal o de traslado, etc\u00e9tera<br \/>\n<\/div><\/p>\n<div class=\"colorf \"  ><div class=\"container clearfix\"><div class=\"col-md-7\"><\/p>\n<h2><span class=\"ez-toc-section\" id=\"%C2%BFComo_contactar_con_Union_Alcoyana\"><\/span>\u00bfC\u00f3mo contactar con Uni\u00f3n Alcoyana?<span class=\"ez-toc-section-end\"><\/span><\/h2>\n<p>Adem\u00e1s de esto, Uni\u00f3n Alcoyana te ofrece m\u00faltiples formas de contacto. Ofrece los pr\u00f3ximos m\u00e9todos para que el usuario pueda comunicarse con la empresa: tel\u00e9fono gratis, mail, formulario mediante la p\u00e1gina web y, para finalizar, redes sociales.<br \/>\n<\/div><\/div><\/div>\n<h3><span class=\"ez-toc-section\" id=\"Telefono_gratuito_de_Union_Alcoyana\"><\/span>Tel\u00e9fono gratuito de Uni\u00f3n Alcoyana<span class=\"ez-toc-section-end\"><\/span><\/h3>\n<p>Para facilitar respuestas a dudas, cuestiones, asesoramiento, etc. Referente al seguro de decesos que desee, le facilitar\u00e1 el tel\u00e9fono de contacto correspondiente y de este modo forjar un v\u00ednculo con . Este es, hoy d\u00eda, el proceso m\u00e1s sencillo para para hacer su cometido; sobre todo si su explicaci\u00f3n o consulta es algo espesa o bien extensa o, simplemente, prefiere mantener una conversaci\u00f3n m\u00e1s pr\u00f3xima con el experto asesor. Por lo tanto, para poder contactar con Uni\u00f3n Alcoyana de manera veloz, gratuita y directa, sin tener la necesidad de desplazarte y sin interrumpir lo que est\u00e9 haciendo en ese preciso momento, se ofrece el pr\u00f3ximo n\u00famero de tel\u00e9fono <b>800 888 888.<\/b><br \/>\n<div class=\"colorf\"><div class=\"container clearfix\"><div class=\"col-md-7\"><\/p>\n<div class=\"cabecera_tabla_ajustada \"  style=\"width:80%\" ><div class=\"row\"><\/div>\n<p><div class=\"fila_tabla4 \"  ><div class=\"row\"><div class=\"col-8 nosepara izq\"><p><strong>Tel\u00e9fono para contrataciones<\/strong><\/p><\/div><div class=\"col-4 nosepara centro\">951 127 403<\/div><\/div><\/div><div class=\"fila_tabla4 \"  ><div class=\"row\"><div class=\"col-8 nosepara izq\"><p><strong>Tel\u00e9fono atenci\u00f3n al cliente<\/strong><\/p><\/div><div class=\"col-4 nosepara centro\">965 54 89 16<\/div><\/div><\/div><\/p>\n<div class=\"pie_tabla \"  ><div class=\"row\"><div class=\"col-12 \"><\/div><\/div><\/div><\/div>\n<\/div><\/div><\/div>\n<h3><span class=\"ez-toc-section\" id=\"Horario_de_atencion_al_cliente_de_Union_Alcoyana\"><\/span>Horario de atenci\u00f3n al cliente de Uni\u00f3n Alcoyana<span class=\"ez-toc-section-end\"><\/span><\/h3>\n<p>Al usuario se le da por parte de Uni\u00f3n Alcoyana un horario flexible de atenci\u00f3n al usuario, tanto de ma\u00f1ana como de tarde. De esta manera, tendr\u00e1 m\u00e1s posibilidad de poder realizar la llamada a lo largo del d\u00eda. El agente que le atender\u00e1 le hablar\u00e1 de forma clara y sencilla para que haya un comprensi\u00f3n mutuo. Si lo precisa su llamada ser\u00e1 desviada a un agente especialista en seguro de decesos que le podr\u00e1 asistir con sus cuestiones y dudas acerca de sus servicios contratados. Con la llamada finalizada ya habr\u00e1 recibido respuesta a sus preguntas y ser\u00e1 de su agrado el trato recibido por el agente.<br \/>\n<div class=\"colorf\"><div class=\"container clearfix\"><div class=\"col-md-7\"><\/p>\n<h3><span class=\"ez-toc-section\" id=\"Correo_electronico_de_Union_Alcoyana\"><\/span>Correo electr\u00f3nico de Uni\u00f3n Alcoyana<span class=\"ez-toc-section-end\"><\/span><\/h3>\n<p>Plataformas como Hotmail y Gmail son parte del planeta de Internet y, en consecuencia, la poblaci\u00f3n dispone de perfiles en estas. Con este servicio, formar\u00e1n una parte del flujo de informaci\u00f3n que se establezca entre dos o m\u00e1s personas. En consecuencia, es uno de los instrumentos m\u00e1s sencillos y \u00fatiles para el recibo de datos sobre su seguro de decesos. El siguiente e mail <strong>info@unionalcoyana.es<\/strong>\u00a0pertenece a Uni\u00f3n Alcoyana, con el que podr\u00e1 preguntar lo que quiera sobre su prima, p\u00f3liza\u2026Si remite un mensaje, a trav\u00e9s de su e mail, sobre lo que desee saber, va a llegar a un buen entendimiento con la persona que le atienda y le brindar\u00e1 las mejores contestaciones para, de este modo, aclarar cuestiones.<br \/>\n<\/div><\/div><\/div><\/p>\n<h3><span class=\"ez-toc-section\" id=\"Formulario_en_el_sitio_Web_de_Union_Alcoyana\"><\/span>Formulario en el sitio Web de Uni\u00f3n Alcoyana<span class=\"ez-toc-section-end\"><\/span><\/h3>\n<p>Un buscador de Internet va a tener la sencillez de hacerle saber lo que desee en ese instante. Por este motivo, es la plataforma con m\u00e1s importancia y mayor acceso para las personas. Uni\u00f3n Alcoyana es siendo consciente de todo esto y ha creado su propia p\u00e1gina web <strong>unionalcoyana.com\/<\/strong>. En tal p\u00e1gina, se le va a facilitar un formulario el que tendr\u00e1 que rellenar los siguientes campos: nombre, apellidos, tel\u00e9fono de contacto, correo electr\u00f3nico\u2026Tras este paso, un especialista contactar\u00e1 con usted para asistirle en todo lo que necesite.<br \/>\n<div class=\"colorf\"><div class=\"container clearfix\"><div class=\"col-md-7\"><\/p>\n<h3><span class=\"ez-toc-section\" id=\"Redes_sociales_de_Union_Alcoyana\"><\/span>Redes sociales de Uni\u00f3n Alcoyana<span class=\"ez-toc-section-end\"><\/span><\/h3>\n<p>Las redes sociales con m\u00e1s importancia y difusi\u00f3n entre todas las personas del planeta son: Twitter, Instagram y\/o Facebook. Uni\u00f3n Alcoyana es consciente de este gran impacto y, es por este motivo, que dispone de un perfil en diferentes plataformas. Solo con buscar el nombre de la compa\u00f1\u00eda en la aplicaci\u00f3n tendr\u00e1 acceso a \u00e9l. Informaci\u00f3n esencial sobre su seguro de decesos como peculiaridades, ofertas o enlace a web es lo que encontrar\u00e1 en el perfil de Uni\u00f3n Alcoyana. La compa\u00f1\u00eda le va a ofrecer la posibilidad de contactar con ella a trav\u00e9s de ciertas aplicaciones.<br \/>\n<\/div><\/div><\/div><\/p>\n<\/div>\n<p><div class=\"oficinas\"> <h3><span class=\"ez-toc-section\" id=\"Paginas_relacionadas\"><\/span>P\u00e1ginas relacionadas<span class=\"ez-toc-section-end\"><\/span><\/h3><div class=\"enlazado\"><ul> <li><a href=\"https:\/\/idecesos.com\/seguros\/companias\/union-alcoyana\/opiniones\/\">Opiniones Uni\u00f3n Alcoyana<\/a><\/li> <li><a href=\"https:\/\/idecesos.com\/seguros\/companias\/union-alcoyana\/precio\/\">Precio seguro Uni\u00f3n Alcoyana<\/a><\/li> <li><a href=\"https:\/\/idecesos.com\/seguros\/companias\/union-alcoyana\/prima-mixta\/\">Uni\u00f3n Alcoyana Prima Mixta<\/a><\/li> <li><a href=\"https:\/\/idecesos.com\/seguros\/companias\/union-alcoyana\/prima-natural\/\">Uni\u00f3n Alcoyana Prima Natural<\/a><\/li> <li><a href=\"https:\/\/idecesos.com\/seguros\/companias\/union-alcoyana\/prima-nivelada\/\">Uni\u00f3n Alcoyana Prima Nivelada<\/a><\/li> <li><a href=\"https:\/\/idecesos.com\/seguros\/companias\/union-alcoyana\/prima-unica\/\">Uni\u00f3n Alcoyana Prima \u00danica<\/a><\/li> <li><a href=\"https:\/\/idecesos.com\/seguros\/companias\/union-alcoyana\/repatriacion\/\">Uni\u00f3n Alcoyana Repatriaci\u00f3n<\/a><\/li> <li><a href=\"https:\/\/idecesos.com\/seguros\/companias\/union-alcoyana\/telefono\/\">Tel\u00e9fono Gratuito Uni\u00f3n Alcoyana<\/a><\/li>                                                                                                                                                                                                                                                                                                                                                                                                                                                                                                                                                                                                                                                                                                                                                                                                                                                                                                                                                                                                                                                                                                                                                                                                                                                                                                                                                                                                                                                                                                                                                                                                                                                                                                                                                                                                                                                                                                                                                                                                                                                                                                                                                                                                                                                                                                                                                                                                                                                                                                                                                                                                                                                                                                                                                                                                                                                                                                                                                                                                                                                                                                                              <\/ul><\/div>\r\n <\/div><\/p>\n","protected":false},"excerpt":{"rendered":"<p>Contar con Uni\u00f3n Alcoyana es sencillo y no requiere ninguna dificultad gracias a los m\u00e9todos de contacto que tiene a su predisposici\u00f3n. Con cada una de las opciones, tendr\u00e1 una respuesta rapid\u00edsima por la parte de los especialistas asesores en su seguro de decesos y no va a tener la necesidad de moverse del lugar.&hellip; <\/p>\n","protected":false},"author":1,"featured_media":0,"parent":9485,"menu_order":0,"comment_status":"closed","ping_status":"closed","template":"single.php","meta":{"footnotes":""},"class_list":["post-15446","page","type-page","status-publish","hentry"],"yoast_head":"<!-- This site is optimized with the Yoast SEO plugin v27.5 - https:\/\/yoast.com\/product\/yoast-seo-wordpress\/ -->\n<title>Tel\u00e9fono Gratuito Uni\u00f3n Alcoyana \u25b7Atenci\u00f3n Cliente, Email, RRSS, Web<\/title>\n<meta name=\"description\" content=\"Busca aqu\u00ed\u3010Uni\u00f3n Alcoyana seguros tel\u00e9fono gratuito\u3011Uni\u00f3n Alcoyana Decesos tel\u00e9fono gratis: atenci\u00f3n al cliente y contrataciones \u2611\ufe0fVerificado en 2026\" \/>\n<meta name=\"robots\" content=\"index, follow, max-snippet:-1, max-image-preview:large, max-video-preview:-1\" \/>\n<link rel=\"canonical\" href=\"https:\/\/idecesos.com\/seguros\/companias\/union-alcoyana\/telefono\/\" \/>\n<meta property=\"og:locale\" content=\"es_ES\" \/>\n<meta property=\"og:type\" content=\"article\" \/>\n<meta property=\"og:title\" content=\"Tel\u00e9fono Gratuito Uni\u00f3n Alcoyana \u25b7Atenci\u00f3n Cliente, Email, RRSS, Web\" \/>\n<meta property=\"og:description\" content=\"Busca aqu\u00ed\u3010Uni\u00f3n Alcoyana seguros tel\u00e9fono gratuito\u3011Uni\u00f3n Alcoyana Decesos tel\u00e9fono gratis: atenci\u00f3n al cliente y contrataciones \u2611\ufe0fVerificado en 2026\" \/>\n<meta property=\"og:url\" content=\"https:\/\/idecesos.com\/seguros\/companias\/union-alcoyana\/telefono\/\" \/>\n<meta property=\"article:modified_time\" content=\"2022-04-07T09:25:08+00:00\" \/>\n<meta name=\"twitter:card\" content=\"summary_large_image\" \/>\n<meta name=\"twitter:label1\" content=\"Tiempo de lectura\" \/>\n\t<meta name=\"twitter:data1\" content=\"4 minutos\" \/>\n<script type=\"application\/ld+json\" class=\"yoast-schema-graph\">{\"@context\":\"https:\\\/\\\/schema.org\",\"@graph\":[{\"@type\":\"WebPage\",\"@id\":\"https:\\\/\\\/idecesos.com\\\/seguros\\\/companias\\\/union-alcoyana\\\/telefono\\\/\",\"url\":\"https:\\\/\\\/idecesos.com\\\/seguros\\\/companias\\\/union-alcoyana\\\/telefono\\\/\",\"name\":\"Tel\u00e9fono Gratuito Uni\u00f3n Alcoyana \u25b7Atenci\u00f3n Cliente, Email, RRSS, Web\",\"isPartOf\":{\"@id\":\"https:\\\/\\\/idecesos.com\\\/seguros\\\/#website\"},\"datePublished\":\"2021-11-25T10:17:54+00:00\",\"dateModified\":\"2022-04-07T09:25:08+00:00\",\"description\":\"Busca aqu\u00ed\u3010Uni\u00f3n Alcoyana seguros tel\u00e9fono gratuito\u3011Uni\u00f3n Alcoyana Decesos tel\u00e9fono gratis: atenci\u00f3n al cliente y contrataciones \u2611\ufe0fVerificado en 2026\",\"breadcrumb\":{\"@id\":\"https:\\\/\\\/idecesos.com\\\/seguros\\\/companias\\\/union-alcoyana\\\/telefono\\\/#breadcrumb\"},\"inLanguage\":\"es\",\"potentialAction\":[{\"@type\":\"ReadAction\",\"target\":[\"https:\\\/\\\/idecesos.com\\\/seguros\\\/companias\\\/union-alcoyana\\\/telefono\\\/\"]}]},{\"@type\":\"BreadcrumbList\",\"@id\":\"https:\\\/\\\/idecesos.com\\\/seguros\\\/companias\\\/union-alcoyana\\\/telefono\\\/#breadcrumb\",\"itemListElement\":[{\"@type\":\"ListItem\",\"position\":1,\"name\":\"Portada\",\"item\":\"https:\\\/\\\/idecesos.com\\\/seguros\\\/\"},{\"@type\":\"ListItem\",\"position\":2,\"name\":\"Compa\u00f1\u00edas de Seguros de Decesos en Espa\u00f1a\",\"item\":\"https:\\\/\\\/idecesos.com\\\/seguros\\\/companias\\\/\"},{\"@type\":\"ListItem\",\"position\":3,\"name\":\"Seguros de decesos Uni\u00f3n Alcoyana\",\"item\":\"https:\\\/\\\/idecesos.com\\\/seguros\\\/companias\\\/union-alcoyana\\\/\"},{\"@type\":\"ListItem\",\"position\":4,\"name\":\"Atenci\u00f3n al cliente Uni\u00f3n Alcoyana: telefono gratuito, e-mail\"}]},{\"@type\":\"WebSite\",\"@id\":\"https:\\\/\\\/idecesos.com\\\/seguros\\\/#website\",\"url\":\"https:\\\/\\\/idecesos.com\\\/seguros\\\/\",\"name\":\"\",\"description\":\"\",\"potentialAction\":[{\"@type\":\"SearchAction\",\"target\":{\"@type\":\"EntryPoint\",\"urlTemplate\":\"https:\\\/\\\/idecesos.com\\\/seguros\\\/?s={search_term_string}\"},\"query-input\":{\"@type\":\"PropertyValueSpecification\",\"valueRequired\":true,\"valueName\":\"search_term_string\"}}],\"inLanguage\":\"es\"}]}<\/script>\n<!-- \/ Yoast SEO plugin. -->","yoast_head_json":{"title":"Tel\u00e9fono Gratuito Uni\u00f3n Alcoyana \u25b7Atenci\u00f3n Cliente, Email, RRSS, Web","description":"Busca aqu\u00ed\u3010Uni\u00f3n Alcoyana seguros tel\u00e9fono gratuito\u3011Uni\u00f3n Alcoyana Decesos tel\u00e9fono gratis: atenci\u00f3n al cliente y contrataciones \u2611\ufe0fVerificado en 2026","robots":{"index":"index","follow":"follow","max-snippet":"max-snippet:-1","max-image-preview":"max-image-preview:large","max-video-preview":"max-video-preview:-1"},"canonical":"https:\/\/idecesos.com\/seguros\/companias\/union-alcoyana\/telefono\/","og_locale":"es_ES","og_type":"article","og_title":"Tel\u00e9fono Gratuito Uni\u00f3n Alcoyana \u25b7Atenci\u00f3n Cliente, Email, RRSS, Web","og_description":"Busca aqu\u00ed\u3010Uni\u00f3n Alcoyana seguros tel\u00e9fono gratuito\u3011Uni\u00f3n Alcoyana Decesos tel\u00e9fono gratis: atenci\u00f3n al cliente y contrataciones \u2611\ufe0fVerificado en 2026","og_url":"https:\/\/idecesos.com\/seguros\/companias\/union-alcoyana\/telefono\/","article_modified_time":"2022-04-07T09:25:08+00:00","twitter_card":"summary_large_image","twitter_misc":{"Tiempo de lectura":"4 minutos"},"schema":{"@context":"https:\/\/schema.org","@graph":[{"@type":"WebPage","@id":"https:\/\/idecesos.com\/seguros\/companias\/union-alcoyana\/telefono\/","url":"https:\/\/idecesos.com\/seguros\/companias\/union-alcoyana\/telefono\/","name":"Tel\u00e9fono Gratuito Uni\u00f3n Alcoyana \u25b7Atenci\u00f3n Cliente, Email, RRSS, Web","isPartOf":{"@id":"https:\/\/idecesos.com\/seguros\/#website"},"datePublished":"2021-11-25T10:17:54+00:00","dateModified":"2022-04-07T09:25:08+00:00","description":"Busca aqu\u00ed\u3010Uni\u00f3n Alcoyana seguros tel\u00e9fono gratuito\u3011Uni\u00f3n Alcoyana Decesos tel\u00e9fono gratis: atenci\u00f3n al cliente y contrataciones \u2611\ufe0fVerificado en 2026","breadcrumb":{"@id":"https:\/\/idecesos.com\/seguros\/companias\/union-alcoyana\/telefono\/#breadcrumb"},"inLanguage":"es","potentialAction":[{"@type":"ReadAction","target":["https:\/\/idecesos.com\/seguros\/companias\/union-alcoyana\/telefono\/"]}]},{"@type":"BreadcrumbList","@id":"https:\/\/idecesos.com\/seguros\/companias\/union-alcoyana\/telefono\/#breadcrumb","itemListElement":[{"@type":"ListItem","position":1,"name":"Portada","item":"https:\/\/idecesos.com\/seguros\/"},{"@type":"ListItem","position":2,"name":"Compa\u00f1\u00edas de Seguros de Decesos en Espa\u00f1a","item":"https:\/\/idecesos.com\/seguros\/companias\/"},{"@type":"ListItem","position":3,"name":"Seguros de decesos Uni\u00f3n Alcoyana","item":"https:\/\/idecesos.com\/seguros\/companias\/union-alcoyana\/"},{"@type":"ListItem","position":4,"name":"Atenci\u00f3n al cliente Uni\u00f3n Alcoyana: telefono gratuito, e-mail"}]},{"@type":"WebSite","@id":"https:\/\/idecesos.com\/seguros\/#website","url":"https:\/\/idecesos.com\/seguros\/","name":"","description":"","potentialAction":[{"@type":"SearchAction","target":{"@type":"EntryPoint","urlTemplate":"https:\/\/idecesos.com\/seguros\/?s={search_term_string}"},"query-input":{"@type":"PropertyValueSpecification","valueRequired":true,"valueName":"search_term_string"}}],"inLanguage":"es"}]}},"_links":{"self":[{"href":"https:\/\/idecesos.com\/seguros\/wp-json\/wp\/v2\/pages\/15446","targetHints":{"allow":["GET"]}}],"collection":[{"href":"https:\/\/idecesos.com\/seguros\/wp-json\/wp\/v2\/pages"}],"about":[{"href":"https:\/\/idecesos.com\/seguros\/wp-json\/wp\/v2\/types\/page"}],"author":[{"embeddable":true,"href":"https:\/\/idecesos.com\/seguros\/wp-json\/wp\/v2\/users\/1"}],"replies":[{"embeddable":true,"href":"https:\/\/idecesos.com\/seguros\/wp-json\/wp\/v2\/comments?post=15446"}],"version-history":[{"count":8,"href":"https:\/\/idecesos.com\/seguros\/wp-json\/wp\/v2\/pages\/15446\/revisions"}],"predecessor-version":[{"id":21067,"href":"https:\/\/idecesos.com\/seguros\/wp-json\/wp\/v2\/pages\/15446\/revisions\/21067"}],"up":[{"embeddable":true,"href":"https:\/\/idecesos.com\/seguros\/wp-json\/wp\/v2\/pages\/9485"}],"wp:attachment":[{"href":"https:\/\/idecesos.com\/seguros\/wp-json\/wp\/v2\/media?parent=15446"}],"curies":[{"name":"wp","href":"https:\/\/api.w.org\/{rel}","templated":true}]}}