{"id":15447,"date":"2021-11-26T09:13:11","date_gmt":"2021-11-25T10:17:54","guid":{"rendered":"https:\/\/idecesos.com\/seguros\/companias\/clinicum\/telefono\/"},"modified":"2022-04-07T09:26:58","modified_gmt":"2022-04-07T09:26:58","slug":"telefono","status":"publish","type":"page","link":"https:\/\/idecesos.com\/seguros\/companias\/clinicum\/telefono\/","title":{"rendered":"Atenci\u00f3n al cliente Clinicum: telefono gratuito, e-mail"},"content":{"rendered":"<div id=\"ez-toc-container\" class=\"ez-toc-v2_0_82_2 ez-toc-wrap-center counter-hierarchy ez-toc-counter ez-toc-custom ez-toc-container-direction\">\n<div class=\"ez-toc-title-container\">\n<p class=\"ez-toc-title\" style=\"cursor:inherit\">Tabla de Contenido<\/p>\n<span class=\"ez-toc-title-toggle\"><a href=\"#\" class=\"ez-toc-pull-right ez-toc-btn ez-toc-btn-xs ez-toc-btn-default ez-toc-toggle\" aria-label=\"Alternar tabla de contenidos\"><span class=\"ez-toc-js-icon-con\"><span class=\"\"><span class=\"eztoc-hide\" style=\"display:none;\">Toggle<\/span><span class=\"ez-toc-icon-toggle-span\"><svg style=\"fill: #db6415;color:#db6415\" xmlns=\"http:\/\/www.w3.org\/2000\/svg\" class=\"list-377408\" width=\"20px\" height=\"20px\" viewBox=\"0 0 24 24\" fill=\"none\"><path d=\"M6 6H4v2h2V6zm14 0H8v2h12V6zM4 11h2v2H4v-2zm16 0H8v2h12v-2zM4 16h2v2H4v-2zm16 0H8v2h12v-2z\" fill=\"currentColor\"><\/path><\/svg><svg style=\"fill: #db6415;color:#db6415\" class=\"arrow-unsorted-368013\" xmlns=\"http:\/\/www.w3.org\/2000\/svg\" width=\"10px\" height=\"10px\" viewBox=\"0 0 24 24\" version=\"1.2\" baseProfile=\"tiny\"><path d=\"M18.2 9.3l-6.2-6.3-6.2 6.3c-.2.2-.3.4-.3.7s.1.5.3.7c.2.2.4.3.7.3h11c.3 0 .5-.1.7-.3.2-.2.3-.5.3-.7s-.1-.5-.3-.7zM5.8 14.7l6.2 6.3 6.2-6.3c.2-.2.3-.5.3-.7s-.1-.5-.3-.7c-.2-.2-.4-.3-.7-.3h-11c-.3 0-.5.1-.7.3-.2.2-.3.5-.3.7s.1.5.3.7z\"\/><\/svg><\/span><\/span><\/span><\/a><\/span><\/div>\n<nav><ul class='ez-toc-list ez-toc-list-level-1 ' ><ul class='ez-toc-list-level-4' ><li class='ez-toc-heading-level-4'><ul class='ez-toc-list-level-4' ><li class='ez-toc-heading-level-4'><a class=\"ez-toc-link ez-toc-heading-1\" href=\"https:\/\/idecesos.com\/seguros\/companias\/clinicum\/telefono\/#Telefono_Contrataciones_951_127_403\" >Tel\u00e9fono Contrataciones \n951 127 403<\/a><\/li><\/ul><\/li><\/ul><\/li><li class='ez-toc-page-1 ez-toc-heading-level-2'><a class=\"ez-toc-link ez-toc-heading-2\" href=\"https:\/\/idecesos.com\/seguros\/companias\/clinicum\/telefono\/#%C2%BFComo_contactar_con_Clinicum\" >\u00bfC\u00f3mo contactar con Clinicum?<\/a><ul class='ez-toc-list-level-3' ><li class='ez-toc-heading-level-3'><a class=\"ez-toc-link ez-toc-heading-3\" href=\"https:\/\/idecesos.com\/seguros\/companias\/clinicum\/telefono\/#Telefono_gratuito_de_Clinicum\" >Tel\u00e9fono gratuito de Clinicum<\/a><\/li><li class='ez-toc-page-1 ez-toc-heading-level-3'><a class=\"ez-toc-link ez-toc-heading-4\" href=\"https:\/\/idecesos.com\/seguros\/companias\/clinicum\/telefono\/#Horario_de_atencion_al_cliente_de_Clinicum\" >Horario de atenci\u00f3n al cliente de Clinicum<\/a><\/li><li class='ez-toc-page-1 ez-toc-heading-level-3'><a class=\"ez-toc-link ez-toc-heading-5\" href=\"https:\/\/idecesos.com\/seguros\/companias\/clinicum\/telefono\/#Correo_electronico_de_Clinicum\" >Correo electr\u00f3nico de Clinicum<\/a><\/li><li class='ez-toc-page-1 ez-toc-heading-level-3'><a class=\"ez-toc-link ez-toc-heading-6\" href=\"https:\/\/idecesos.com\/seguros\/companias\/clinicum\/telefono\/#Formulario_en_el_sitio_Web_de_Clinicum\" >Formulario en el sitio Web de Clinicum<\/a><\/li><li class='ez-toc-page-1 ez-toc-heading-level-3'><a class=\"ez-toc-link ez-toc-heading-7\" href=\"https:\/\/idecesos.com\/seguros\/companias\/clinicum\/telefono\/#Redes_sociales_de_Clinicum\" >Redes sociales de Clinicum<\/a><\/li><li class='ez-toc-page-1 ez-toc-heading-level-3'><a class=\"ez-toc-link ez-toc-heading-8\" href=\"https:\/\/idecesos.com\/seguros\/companias\/clinicum\/telefono\/#Paginas_relacionadas\" >P\u00e1ginas relacionadas<\/a><\/li><\/ul><\/li><\/ul><\/nav><\/div>\n\n<div class=\"caja\">\n<div class=\"cajaIcono2 \"  ><div class=\"cuadro\" style=\"box-shadow: inset 0 0 0 3px #ff790e\"><div class=\"iconoCircular\" style=\"border: 3px solid #ff790e\">\t\t\n\t\t\t\t\t<div class=\"iconoCirculo\">\n\t\t\t\t\t  <i class=\"fas fa-phone-volume\"><\/i>\n\t\t\t\t\t<\/div>\n\t\t\t\t<\/div><div class=\"\">\n<h4 style=\"text-align: center;\"><span class=\"ez-toc-section\" id=\"Telefono_Contrataciones_951_127_403\"><\/span><strong>Tel\u00e9fono Contrataciones<br \/>\n951 127 403<\/strong><span class=\"ez-toc-section-end\"><\/span><\/h4>\n<p><\/div><\/div><\/div><br \/>\nLa atenci\u00f3n 24 horas de Clinicum los 365 d\u00edas del a\u00f1o hacen que todos tus problemas se solucionen en minutos. Un agente especialista en su seguro de decesos le atender\u00e1 y va a poner en marcha todos y cada uno de los tr\u00e1mites precisos para su tranquilidad: elecci\u00f3n del cementerio donde el asegurado quiera ser inhumado, gesti\u00f3n de la tramitaci\u00f3n funeraria, la corona que usted quiera elegir, los gastos en ata\u00fad y sanitarios, atenci\u00f3n psicol\u00f3gica para la familia y muchos otros servicios de la mano de los mejores profesionales. Clinicum se encargar\u00e1 de tener todo gestionado y cerrado adecuadamente apoyando a la familia en el peor instante facilitandoles toda la calma que precisan. Sus expertos tratar\u00e1n su situaci\u00f3n con toda la profesionalidad y delicadez que merecen.<br \/>\n<\/div><\/p>\n<div class=\"colorf \"  ><div class=\"container clearfix\"><div class=\"col-md-7\"><\/p>\n<h2><span class=\"ez-toc-section\" id=\"%C2%BFComo_contactar_con_Clinicum\"><\/span>\u00bfC\u00f3mo contactar con Clinicum?<span class=\"ez-toc-section-end\"><\/span><\/h2>\n<p>Ponerse en contacto con Clinicum es muy simple. Ofrece varios m\u00e9todos para contactar con ellos: tel\u00e9fono gratuito, mail, un formulario que vas a poder rellenar mediante su p\u00e1gina web o mediante sus redes sociales.<br \/>\n<\/div><\/div><\/div>\n<h3><span class=\"ez-toc-section\" id=\"Telefono_gratuito_de_Clinicum\"><\/span>Tel\u00e9fono gratuito de Clinicum<span class=\"ez-toc-section-end\"><\/span><\/h3>\n<p>El usuario debe tener la sencillez de poder sostener una charla directa con la compa\u00f1\u00eda y, es por esta raz\u00f3n que, se le facilita el pr\u00f3ximo tel\u00e9fono de contacto, completamente gratuito, <strong>93 237 11 22<\/strong>. Es fundamental poder solucionar las dudas y necesidades en torno a sus peculiaridades sobre su seguro de decesos y, es tan sencillo como efectuar una llamada. No importa el tiempo que transcurra del comienzo de la llamada hasta su final, no tendr\u00e1 ning\u00fan g\u00e9nero de coste. La conexi\u00f3n y el contacto que se establece entre el asesor experto y el cliente del servicio, hace que resulte ser el procedimiento m\u00e1s ventajoso y sencillo posible.<br \/>\n<div class=\"colorf\"><div class=\"container clearfix\"><div class=\"col-md-7\"><\/p>\n<div class=\"cabecera_tabla_ajustada \"  style=\"width:80%\" ><div class=\"row\"><\/div>\n<p><div class=\"fila_tabla4 \"  ><div class=\"row\"><div class=\"col-8 nosepara izq\"><p><strong>Tel\u00e9fono para contrataciones<\/strong><\/p><\/div><div class=\"col-4 nosepara centro\">951 127 403<\/div><\/div><\/div><div class=\"fila_tabla4 \"  ><div class=\"row\"><div class=\"col-8 nosepara izq\"><p><strong>Centro m\u00e9dico Clinicum<\/strong><\/p><\/div><div class=\"col-4 nosepara centro\">93 207 05 47<\/div><\/div><\/div><\/p>\n<div class=\"pie_tabla \"  ><div class=\"row\"><div class=\"col-12 \"><\/div><\/div><\/div><\/div>\n<\/div><\/div><\/div>\n<h3><span class=\"ez-toc-section\" id=\"Horario_de_atencion_al_cliente_de_Clinicum\"><\/span>Horario de atenci\u00f3n al cliente de Clinicum<span class=\"ez-toc-section-end\"><\/span><\/h3>\n<p>A fin de que puedas resolver sus inquietudes, Clinicum pone a su predisposici\u00f3n un horario flexible de atenci\u00f3n al cliente. Merced a este servicio podr\u00e1 efectuar la llamada durante el d\u00eda. El agente que le atender\u00e1 le hablar\u00e1 de forma clara y sencilla para que haya un comprensi\u00f3n mutuo. Cuando lo necesite, la llamada ser\u00e1 desviada para resolver sus dudas y preguntas que resolver\u00e1 un agente especialista en el tema de seguro de decesos. Finalizada la llamada, tendr\u00e1 contestaci\u00f3n a sus preguntas y va a estar contento con el trato recibido por la parte del personal.<br \/>\n<div class=\"colorf\"><div class=\"container clearfix\"><div class=\"col-md-7\"><\/p>\n<h3><span class=\"ez-toc-section\" id=\"Correo_electronico_de_Clinicum\"><\/span>Correo electr\u00f3nico de Clinicum<span class=\"ez-toc-section-end\"><\/span><\/h3>\n<p>Internet est\u00e1 a la orden del d\u00eda y la mayor parte de la poblaci\u00f3n dispone de un perfil en las plataformas de Gmail, Hotmail, etc. Y de este modo, efectuar diferentes tr\u00e1mites como por poner un ejemplo, env\u00edos o recibos de ficheros. El uso de dicha herramienta favorecer\u00e1 el poder recibir datos e informaci\u00f3n sobre su seguro de decesos. El e mail de Clinicum es <strong>at.cliente@clinicum.es<\/strong>\u00a0y va a tener la posibilidad de mandarle un mensaje con la cuesti\u00f3n que desee saber sobre, por poner un ejemplo, su p\u00f3liza. Al mandar un mail con lo que desee saber, se le responder\u00e1 de la forma m\u00e1s clara y breve, para un buen entendimiento, cubriendo de esta manera sus necesidades y ofreci\u00e9ndole las mejores respuestas posibles.<br \/>\n<\/div><\/div><\/div><\/p>\n<h3><span class=\"ez-toc-section\" id=\"Formulario_en_el_sitio_Web_de_Clinicum\"><\/span>Formulario en el sitio Web de Clinicum<span class=\"ez-toc-section-end\"><\/span><\/h3>\n<p>Un buscador de internet, en nuestros d\u00edas, es la herramienta m\u00e1s usada por el mundo. Esto se debe a su simpleza, solo con teclear una palabra o bien pregunta que desee saber, este se la dar\u00e1 en unos segundos. Escriba en su buscador <strong>www.clinicum.es\/<\/strong> y va a poder acceder sencillamente y veloz a la p\u00e1gina web de Clinicum. En esta p\u00e1gina hallar\u00e1 toda la informaci\u00f3n que busca sobre el seguro de decesos de Clinicum donde podr\u00e1 ver los servicios, costes, ventajas&#8230; que ofrecen para que usted se pueda hacer una idea. La empresa de seguros te facilita un usuario que podr\u00e1 rellenar f\u00e1cilmente poniendo a su disposici\u00f3n su nombre y apellidos, e-mail, tel\u00e9fono, etc\u00e9teraUna vez terminando, uno de los especialistas de Clinicum va a ser el encargado de ponerse en contacto con para poder resolver la duda que ha puesto.<br \/>\n<div class=\"colorf\"><div class=\"container clearfix\"><div class=\"col-md-7\"><\/p>\n<h3><span class=\"ez-toc-section\" id=\"Redes_sociales_de_Clinicum\"><\/span>Redes sociales de Clinicum<span class=\"ez-toc-section-end\"><\/span><\/h3>\n<p>Redes sociales como Twitter, Instagram, Fb o TikTok se han convertido en uno de los primordiales medios de las personas, es por esto que es una de las herramientas con mayor alcance y difusi\u00f3n que existen en nuestros d\u00edas. Es com\u00fan que, cada persona, tenga alguna de ellas o bien aun todas. En alguna de estas apps Clinicum tiene una cuenta. En cada uno de ellos podr\u00e1s hallar informaci\u00f3n sobre qui\u00e9nes son, ofertas libres que lanzan, la ubicaci\u00f3n precisa de su sede central, link a su p\u00e1gina web, im\u00e1genes, etc. En algunas redes sociales puedes contactar con Clinicum para que de este modo puedas sostener el contacto con ellos sin buscar ning\u00fan tel\u00e9fono o bien e-mail.<br \/>\n<\/div><\/div><\/div><\/p>\n<\/div>\n<p><div class=\"oficinas\"> <h3><span class=\"ez-toc-section\" id=\"Paginas_relacionadas\"><\/span>P\u00e1ginas relacionadas<span class=\"ez-toc-section-end\"><\/span><\/h3><div class=\"enlazado\"><ul> <li><a href=\"https:\/\/idecesos.com\/seguros\/companias\/clinicum\/opiniones\/\">Opiniones Clinicum<\/a><\/li> <li><a href=\"https:\/\/idecesos.com\/seguros\/companias\/clinicum\/precio\/\">Precio seguro Clinicum<\/a><\/li> <li><a href=\"https:\/\/idecesos.com\/seguros\/companias\/clinicum\/prima-mixta\/\">Clinicum Prima Mixta<\/a><\/li> <li><a href=\"https:\/\/idecesos.com\/seguros\/companias\/clinicum\/prima-natural\/\">Clinicum Prima Natural<\/a><\/li> <li><a href=\"https:\/\/idecesos.com\/seguros\/companias\/clinicum\/prima-nivelada\/\">Clinicum Prima Nivelada<\/a><\/li> <li><a href=\"https:\/\/idecesos.com\/seguros\/companias\/clinicum\/prima-unica\/\">Clinicum Prima \u00danica<\/a><\/li> <li><a href=\"https:\/\/idecesos.com\/seguros\/companias\/clinicum\/repatriacion\/\">Clinicum Repatriaci\u00f3n<\/a><\/li> <li><a href=\"https:\/\/idecesos.com\/seguros\/companias\/clinicum\/telefono\/\">Tel\u00e9fono Gratuito Clinicum<\/a><\/li><\/ul><\/div> <\/div><\/p>\n","protected":false},"excerpt":{"rendered":"<p>La atenci\u00f3n 24 horas de Clinicum los 365 d\u00edas del a\u00f1o hacen que todos tus problemas se solucionen en minutos. Un agente especialista en su seguro de decesos le atender\u00e1 y va a poner en marcha todos y cada uno de los tr\u00e1mites precisos para su tranquilidad: elecci\u00f3n del cementerio donde el asegurado quiera ser&hellip; <\/p>\n","protected":false},"author":1,"featured_media":0,"parent":9488,"menu_order":0,"comment_status":"closed","ping_status":"closed","template":"single.php","meta":{"footnotes":""},"class_list":["post-15447","page","type-page","status-publish","hentry"],"yoast_head":"<!-- This site is optimized with the Yoast SEO plugin v27.2 - https:\/\/yoast.com\/product\/yoast-seo-wordpress\/ -->\n<title>Tel\u00e9fono Gratuito Clinicum \u25b7Atenci\u00f3n Cliente, Email, RRSS, Web<\/title>\n<meta name=\"description\" content=\"Busca aqu\u00ed\u3010Clinicum seguros tel\u00e9fono gratuito\u3011Clinicum Decesos tel\u00e9fono gratis: atenci\u00f3n al cliente y contrataciones \u2611\ufe0fVerificado en 2026\" \/>\n<meta name=\"robots\" content=\"index, follow, max-snippet:-1, max-image-preview:large, max-video-preview:-1\" \/>\n<link rel=\"canonical\" href=\"https:\/\/idecesos.com\/seguros\/companias\/clinicum\/telefono\/\" \/>\n<meta property=\"og:locale\" content=\"es_ES\" \/>\n<meta property=\"og:type\" content=\"article\" \/>\n<meta property=\"og:title\" content=\"Tel\u00e9fono Gratuito Clinicum \u25b7Atenci\u00f3n Cliente, Email, RRSS, Web\" \/>\n<meta property=\"og:description\" content=\"Busca aqu\u00ed\u3010Clinicum seguros tel\u00e9fono gratuito\u3011Clinicum Decesos tel\u00e9fono gratis: atenci\u00f3n al cliente y contrataciones \u2611\ufe0fVerificado en 2026\" \/>\n<meta property=\"og:url\" content=\"https:\/\/idecesos.com\/seguros\/companias\/clinicum\/telefono\/\" \/>\n<meta property=\"article:modified_time\" content=\"2022-04-07T09:26:58+00:00\" \/>\n<meta name=\"twitter:card\" content=\"summary_large_image\" \/>\n<meta name=\"twitter:label1\" content=\"Tiempo de lectura\" \/>\n\t<meta name=\"twitter:data1\" content=\"4 minutos\" \/>\n<script type=\"application\/ld+json\" class=\"yoast-schema-graph\">{\"@context\":\"https:\/\/schema.org\",\"@graph\":[{\"@type\":\"WebPage\",\"@id\":\"https:\/\/idecesos.com\/seguros\/companias\/clinicum\/telefono\/\",\"url\":\"https:\/\/idecesos.com\/seguros\/companias\/clinicum\/telefono\/\",\"name\":\"Tel\u00e9fono Gratuito Clinicum \u25b7Atenci\u00f3n Cliente, Email, RRSS, Web\",\"isPartOf\":{\"@id\":\"https:\/\/idecesos.com\/seguros\/#website\"},\"datePublished\":\"2021-11-25T10:17:54+00:00\",\"dateModified\":\"2022-04-07T09:26:58+00:00\",\"description\":\"Busca aqu\u00ed\u3010Clinicum seguros tel\u00e9fono gratuito\u3011Clinicum Decesos tel\u00e9fono gratis: atenci\u00f3n al cliente y contrataciones \u2611\ufe0fVerificado en 2026\",\"breadcrumb\":{\"@id\":\"https:\/\/idecesos.com\/seguros\/companias\/clinicum\/telefono\/#breadcrumb\"},\"inLanguage\":\"es\",\"potentialAction\":[{\"@type\":\"ReadAction\",\"target\":[\"https:\/\/idecesos.com\/seguros\/companias\/clinicum\/telefono\/\"]}]},{\"@type\":\"BreadcrumbList\",\"@id\":\"https:\/\/idecesos.com\/seguros\/companias\/clinicum\/telefono\/#breadcrumb\",\"itemListElement\":[{\"@type\":\"ListItem\",\"position\":1,\"name\":\"Portada\",\"item\":\"https:\/\/idecesos.com\/seguros\/\"},{\"@type\":\"ListItem\",\"position\":2,\"name\":\"Compa\u00f1\u00edas de Seguros de Decesos en Espa\u00f1a\",\"item\":\"https:\/\/idecesos.com\/seguros\/companias\/\"},{\"@type\":\"ListItem\",\"position\":3,\"name\":\"Seguros de decesos Cl\u00ednicum\",\"item\":\"https:\/\/idecesos.com\/seguros\/companias\/clinicum\/\"},{\"@type\":\"ListItem\",\"position\":4,\"name\":\"Atenci\u00f3n al cliente Clinicum: telefono gratuito, e-mail\"}]},{\"@type\":\"WebSite\",\"@id\":\"https:\/\/idecesos.com\/seguros\/#website\",\"url\":\"https:\/\/idecesos.com\/seguros\/\",\"name\":\"\",\"description\":\"\",\"potentialAction\":[{\"@type\":\"SearchAction\",\"target\":{\"@type\":\"EntryPoint\",\"urlTemplate\":\"https:\/\/idecesos.com\/seguros\/?s={search_term_string}\"},\"query-input\":{\"@type\":\"PropertyValueSpecification\",\"valueRequired\":true,\"valueName\":\"search_term_string\"}}],\"inLanguage\":\"es\"}]}<\/script>\n<!-- \/ Yoast SEO plugin. -->","yoast_head_json":{"title":"Tel\u00e9fono Gratuito Clinicum \u25b7Atenci\u00f3n Cliente, Email, RRSS, Web","description":"Busca aqu\u00ed\u3010Clinicum seguros tel\u00e9fono gratuito\u3011Clinicum Decesos tel\u00e9fono gratis: atenci\u00f3n al cliente y contrataciones \u2611\ufe0fVerificado en 2026","robots":{"index":"index","follow":"follow","max-snippet":"max-snippet:-1","max-image-preview":"max-image-preview:large","max-video-preview":"max-video-preview:-1"},"canonical":"https:\/\/idecesos.com\/seguros\/companias\/clinicum\/telefono\/","og_locale":"es_ES","og_type":"article","og_title":"Tel\u00e9fono Gratuito Clinicum \u25b7Atenci\u00f3n Cliente, Email, RRSS, Web","og_description":"Busca aqu\u00ed\u3010Clinicum seguros tel\u00e9fono gratuito\u3011Clinicum Decesos tel\u00e9fono gratis: atenci\u00f3n al cliente y contrataciones \u2611\ufe0fVerificado en 2026","og_url":"https:\/\/idecesos.com\/seguros\/companias\/clinicum\/telefono\/","article_modified_time":"2022-04-07T09:26:58+00:00","twitter_card":"summary_large_image","twitter_misc":{"Tiempo de lectura":"4 minutos"},"schema":{"@context":"https:\/\/schema.org","@graph":[{"@type":"WebPage","@id":"https:\/\/idecesos.com\/seguros\/companias\/clinicum\/telefono\/","url":"https:\/\/idecesos.com\/seguros\/companias\/clinicum\/telefono\/","name":"Tel\u00e9fono Gratuito Clinicum \u25b7Atenci\u00f3n Cliente, Email, RRSS, Web","isPartOf":{"@id":"https:\/\/idecesos.com\/seguros\/#website"},"datePublished":"2021-11-25T10:17:54+00:00","dateModified":"2022-04-07T09:26:58+00:00","description":"Busca aqu\u00ed\u3010Clinicum seguros tel\u00e9fono gratuito\u3011Clinicum Decesos tel\u00e9fono gratis: atenci\u00f3n al cliente y contrataciones \u2611\ufe0fVerificado en 2026","breadcrumb":{"@id":"https:\/\/idecesos.com\/seguros\/companias\/clinicum\/telefono\/#breadcrumb"},"inLanguage":"es","potentialAction":[{"@type":"ReadAction","target":["https:\/\/idecesos.com\/seguros\/companias\/clinicum\/telefono\/"]}]},{"@type":"BreadcrumbList","@id":"https:\/\/idecesos.com\/seguros\/companias\/clinicum\/telefono\/#breadcrumb","itemListElement":[{"@type":"ListItem","position":1,"name":"Portada","item":"https:\/\/idecesos.com\/seguros\/"},{"@type":"ListItem","position":2,"name":"Compa\u00f1\u00edas de Seguros de Decesos en Espa\u00f1a","item":"https:\/\/idecesos.com\/seguros\/companias\/"},{"@type":"ListItem","position":3,"name":"Seguros de decesos Cl\u00ednicum","item":"https:\/\/idecesos.com\/seguros\/companias\/clinicum\/"},{"@type":"ListItem","position":4,"name":"Atenci\u00f3n al cliente Clinicum: telefono gratuito, e-mail"}]},{"@type":"WebSite","@id":"https:\/\/idecesos.com\/seguros\/#website","url":"https:\/\/idecesos.com\/seguros\/","name":"","description":"","potentialAction":[{"@type":"SearchAction","target":{"@type":"EntryPoint","urlTemplate":"https:\/\/idecesos.com\/seguros\/?s={search_term_string}"},"query-input":{"@type":"PropertyValueSpecification","valueRequired":true,"valueName":"search_term_string"}}],"inLanguage":"es"}]}},"_links":{"self":[{"href":"https:\/\/idecesos.com\/seguros\/wp-json\/wp\/v2\/pages\/15447","targetHints":{"allow":["GET"]}}],"collection":[{"href":"https:\/\/idecesos.com\/seguros\/wp-json\/wp\/v2\/pages"}],"about":[{"href":"https:\/\/idecesos.com\/seguros\/wp-json\/wp\/v2\/types\/page"}],"author":[{"embeddable":true,"href":"https:\/\/idecesos.com\/seguros\/wp-json\/wp\/v2\/users\/1"}],"replies":[{"embeddable":true,"href":"https:\/\/idecesos.com\/seguros\/wp-json\/wp\/v2\/comments?post=15447"}],"version-history":[{"count":8,"href":"https:\/\/idecesos.com\/seguros\/wp-json\/wp\/v2\/pages\/15447\/revisions"}],"predecessor-version":[{"id":21068,"href":"https:\/\/idecesos.com\/seguros\/wp-json\/wp\/v2\/pages\/15447\/revisions\/21068"}],"up":[{"embeddable":true,"href":"https:\/\/idecesos.com\/seguros\/wp-json\/wp\/v2\/pages\/9488"}],"wp:attachment":[{"href":"https:\/\/idecesos.com\/seguros\/wp-json\/wp\/v2\/media?parent=15447"}],"curies":[{"name":"wp","href":"https:\/\/api.w.org\/{rel}","templated":true}]}}