{"id":15448,"date":"2021-11-25T11:06:21","date_gmt":"2021-11-25T10:17:55","guid":{"rendered":"https:\/\/idecesos.com\/seguros\/telefono\/"},"modified":"2022-04-07T09:28:52","modified_gmt":"2022-04-07T09:28:52","slug":"telefono","status":"publish","type":"page","link":"https:\/\/idecesos.com\/seguros\/companias\/mutua-terrassa\/telefono\/","title":{"rendered":"Atenci\u00f3n al cliente Mutua Terrassa: telefono gratuito, e-mail"},"content":{"rendered":"<div id=\"ez-toc-container\" class=\"ez-toc-v2_0_82_2 ez-toc-wrap-center counter-hierarchy ez-toc-counter ez-toc-custom ez-toc-container-direction\">\n<div class=\"ez-toc-title-container\">\n<p class=\"ez-toc-title\" style=\"cursor:inherit\">Tabla de Contenido<\/p>\n<span class=\"ez-toc-title-toggle\"><a href=\"#\" class=\"ez-toc-pull-right ez-toc-btn ez-toc-btn-xs ez-toc-btn-default ez-toc-toggle\" aria-label=\"Alternar tabla de contenidos\"><span class=\"ez-toc-js-icon-con\"><span class=\"\"><span class=\"eztoc-hide\" style=\"display:none;\">Toggle<\/span><span class=\"ez-toc-icon-toggle-span\"><svg style=\"fill: #db6415;color:#db6415\" xmlns=\"http:\/\/www.w3.org\/2000\/svg\" class=\"list-377408\" width=\"20px\" height=\"20px\" viewBox=\"0 0 24 24\" fill=\"none\"><path d=\"M6 6H4v2h2V6zm14 0H8v2h12V6zM4 11h2v2H4v-2zm16 0H8v2h12v-2zM4 16h2v2H4v-2zm16 0H8v2h12v-2z\" fill=\"currentColor\"><\/path><\/svg><svg style=\"fill: #db6415;color:#db6415\" class=\"arrow-unsorted-368013\" xmlns=\"http:\/\/www.w3.org\/2000\/svg\" width=\"10px\" height=\"10px\" viewBox=\"0 0 24 24\" version=\"1.2\" baseProfile=\"tiny\"><path d=\"M18.2 9.3l-6.2-6.3-6.2 6.3c-.2.2-.3.4-.3.7s.1.5.3.7c.2.2.4.3.7.3h11c.3 0 .5-.1.7-.3.2-.2.3-.5.3-.7s-.1-.5-.3-.7zM5.8 14.7l6.2 6.3 6.2-6.3c.2-.2.3-.5.3-.7s-.1-.5-.3-.7c-.2-.2-.4-.3-.7-.3h-11c-.3 0-.5.1-.7.3-.2.2-.3.5-.3.7s.1.5.3.7z\"\/><\/svg><\/span><\/span><\/span><\/a><\/span><\/div>\n<nav><ul class='ez-toc-list ez-toc-list-level-1 ' ><ul class='ez-toc-list-level-4' ><li class='ez-toc-heading-level-4'><ul class='ez-toc-list-level-4' ><li class='ez-toc-heading-level-4'><a class=\"ez-toc-link ez-toc-heading-1\" href=\"https:\/\/idecesos.com\/seguros\/companias\/mutua-terrassa\/telefono\/#Telefono_Contrataciones_951_127_403\" >Tel\u00e9fono Contrataciones \n951 127 403<\/a><\/li><\/ul><\/li><\/ul><\/li><li class='ez-toc-page-1 ez-toc-heading-level-2'><a class=\"ez-toc-link ez-toc-heading-2\" href=\"https:\/\/idecesos.com\/seguros\/companias\/mutua-terrassa\/telefono\/#%C2%BFComo_contactar_con_Mutua_Terrassa\" >\u00bfC\u00f3mo contactar con Mutua Terrassa?<\/a><ul class='ez-toc-list-level-3' ><li class='ez-toc-heading-level-3'><a class=\"ez-toc-link ez-toc-heading-3\" href=\"https:\/\/idecesos.com\/seguros\/companias\/mutua-terrassa\/telefono\/#Telefono_gratuito_de_Mutua_Terrassa\" >Tel\u00e9fono gratuito de Mutua Terrassa<\/a><\/li><li class='ez-toc-page-1 ez-toc-heading-level-3'><a class=\"ez-toc-link ez-toc-heading-4\" href=\"https:\/\/idecesos.com\/seguros\/companias\/mutua-terrassa\/telefono\/#Horario_de_atencion_al_cliente_de_Mutua_Terrassa\" >Horario de atenci\u00f3n al cliente de Mutua Terrassa<\/a><\/li><li class='ez-toc-page-1 ez-toc-heading-level-3'><a class=\"ez-toc-link ez-toc-heading-5\" href=\"https:\/\/idecesos.com\/seguros\/companias\/mutua-terrassa\/telefono\/#Correo_electronico_de_Mutua_Terrassa\" >Correo electr\u00f3nico de Mutua Terrassa<\/a><\/li><li class='ez-toc-page-1 ez-toc-heading-level-3'><a class=\"ez-toc-link ez-toc-heading-6\" href=\"https:\/\/idecesos.com\/seguros\/companias\/mutua-terrassa\/telefono\/#Formulario_en_el_sitio_Web_de_Mutua_Terrassa\" >Formulario en el sitio Web de Mutua Terrassa<\/a><\/li><li class='ez-toc-page-1 ez-toc-heading-level-3'><a class=\"ez-toc-link ez-toc-heading-7\" href=\"https:\/\/idecesos.com\/seguros\/companias\/mutua-terrassa\/telefono\/#Redes_sociales_de_Mutua_Terrassa\" >Redes sociales de Mutua Terrassa<\/a><\/li><li class='ez-toc-page-1 ez-toc-heading-level-3'><a class=\"ez-toc-link ez-toc-heading-8\" href=\"https:\/\/idecesos.com\/seguros\/companias\/mutua-terrassa\/telefono\/#Paginas_relacionadas\" >P\u00e1ginas relacionadas<\/a><\/li><\/ul><\/li><\/ul><\/nav><\/div>\n\n<div class=\"caja\">\n<div class=\"cajaIcono2 \"  ><div class=\"cuadro\" style=\"box-shadow: inset 0 0 0 3px #ff790e\"><div class=\"iconoCircular\" style=\"border: 3px solid #ff790e\">\t\t\n\t\t\t\t\t<div class=\"iconoCirculo\">\n\t\t\t\t\t  <i class=\"fas fa-phone-volume\"><\/i>\n\t\t\t\t\t<\/div>\n\t\t\t\t<\/div><div class=\"\">\n<h4 style=\"text-align: center;\"><span class=\"ez-toc-section\" id=\"Telefono_Contrataciones_951_127_403\"><\/span><strong>Tel\u00e9fono Contrataciones<br \/>\n951 127 403<\/strong><span class=\"ez-toc-section-end\"><\/span><\/h4>\n<p><\/div><\/div><\/div><br \/>\nMutua Terrassa presenta una variedad de m\u00e9todos, plenamente gratis, a fin de que pueda tener la informaci\u00f3n precisa sobre la compa\u00f1\u00eda, f\u00e1cilmente y f\u00e1cil. Brinda la oportunidad de poder ser informado, mediante una persona al cargo del servicio de atenci\u00f3n al usuario, sobre los gastos que pueda acarrear cualquier tr\u00e1mite funerario, las orientaciones m\u00e9dicas disponibles, los diferentes camposantos disponibles y, otros m\u00e1s. De esta manera, cuando llegue el momento tan complicado y duro, como es la p\u00e9rdida de un ser querido, no deber\u00e1 preocuparse por ninguna gesti\u00f3n y tr\u00e1mite, en tanto que todo va a estar cubierto. Va a sentir el \u00e1nimo y respeto merecido en todos y cada momento del proceso.<br \/>\n<\/div><\/p>\n<div class=\"colorf \"  ><div class=\"container clearfix\"><div class=\"col-md-7\"><\/p>\n<h2><span class=\"ez-toc-section\" id=\"%C2%BFComo_contactar_con_Mutua_Terrassa\"><\/span>\u00bfC\u00f3mo contactar con Mutua Terrassa?<span class=\"ez-toc-section-end\"><\/span><\/h2>\n<p>Puede ponerse en contacto de manera gratuita con Mutua Terrassa a trav\u00e9s de un tel\u00e9fono de contacto, que le atender\u00e1 en el horario disponible de atenci\u00f3n al cliente, correo electr\u00f3nico, formulario en p\u00e1gina web y redes sociales.<br \/>\n<\/div><\/div><\/div>\n<h3><span class=\"ez-toc-section\" id=\"Telefono_gratuito_de_Mutua_Terrassa\"><\/span>Tel\u00e9fono gratuito de Mutua Terrassa<span class=\"ez-toc-section-end\"><\/span><\/h3>\n<p>A continuaci\u00f3n le mostramos el n\u00famero para contactar con Mutua Terrassa <strong>900 05 37 23<\/strong>. Hoy d\u00eda el tiempo es fundamental. Por eso Mutua Terrassa est\u00e1 al tanto de que este m\u00e9todo es veloz y simple de utilizar. Adem\u00e1s a trav\u00e9s de te podr\u00e1n solventar tus cuestiones o bien dudas acerca de tu seguro. Es esencial que sepas que la llamada a Mutua Terrassa es absolutamente gratuita por lo que los minutos que est\u00e9s hablando con ellos no repercutir\u00e1n en tu tarifa. La atenci\u00f3n al cliente especialista en seguro de decesos de Mutua Terrassa le atender\u00e1 para que pueda resolver todas sus cuestiones y no le quede nada en el tintero.<br \/>\n<div class=\"colorf\"><div class=\"container clearfix\"><div class=\"col-md-7\"><\/p>\n<div class=\"cabecera_tabla_ajustada \"  style=\"width:80%\" ><div class=\"row\"><\/div>\n<div class=\"fila_tabla4 \"  ><div class=\"row\"><div class=\"col-8 nosepara izq\"><p><strong>Tel\u00e9fono para contrataciones<\/strong><\/p><\/div><div class=\"col-4 nosepara centro\">951 127 403<\/div><\/div><\/div>\n<div class=\"pie_tabla \"  ><div class=\"row\"><div class=\"col-12 \"><\/div><\/div><\/div><\/div>\n<\/div><\/div><\/div>\n<h3><span class=\"ez-toc-section\" id=\"Horario_de_atencion_al_cliente_de_Mutua_Terrassa\"><\/span>Horario de atenci\u00f3n al cliente de Mutua Terrassa<span class=\"ez-toc-section-end\"><\/span><\/h3>\n<p>Mutua Terrassa, pensando en usted, considera de gran importancia contar con de un horario de atenci\u00f3n al usuario para poder atenderle lo m\u00e1s veloz posible. Una persona va a estar al otro lado del tel\u00e9fono siempre y cuando realice una llamada, para de esta manera poder ofrecerle la informaci\u00f3n que necesite o bien concertar cita con los expertos. Toda cuesti\u00f3n que quiera saber sobre su seguro de decesos y, por consecuencia, coberturas, precios\u2026 se le resolver\u00e1 de la manera m\u00e1s clara y breve posible, a fin de que cuando cuelgue la llamada, quede completamente satisfecho con el trato y los datos facilitados. El siguiente horario <strong>horario Mutua Terrassa<\/strong> est\u00e1 concebido a fin de que la persona que desee establecer una conversaci\u00f3n con la compa\u00f1\u00eda pueda hacerlo durante el d\u00eda.<br \/>\n<div class=\"colorf\"><div class=\"container clearfix\"><div class=\"col-md-7\"><\/p>\n<h3><span class=\"ez-toc-section\" id=\"Correo_electronico_de_Mutua_Terrassa\"><\/span>Correo electr\u00f3nico de Mutua Terrassa<span class=\"ez-toc-section-end\"><\/span><\/h3>\n<p>En la actualidad, nuestra sociedad est\u00e1 inmersa en el planeta de internet. La poblaci\u00f3n es siendo consciente de ello, por lo que tienen en su poder perfiles en diferentes plataformas como Hotmail, Gmail\u2026 Mutua Terrassa no se queda atr\u00e1s, tiene a su disposici\u00f3n el siguiente correo electr\u00f3nico <strong>uau@mutuaterrasa.cat<\/strong>. Un profesional experto en seguro de decesos se pondr\u00e1 en contacto con usted para resolverle sus dudas y le va a mandar toda la informaci\u00f3n que crea precisa para solventar sus cuestiones. Un servicio r\u00e1pido y eficaz que le ayudar\u00e1 en cualquier inconveniente que tenga.<br \/>\n<\/div><\/div><\/div><\/p>\n<h3><span class=\"ez-toc-section\" id=\"Formulario_en_el_sitio_Web_de_Mutua_Terrassa\"><\/span>Formulario en el sitio Web de Mutua Terrassa<span class=\"ez-toc-section-end\"><\/span><\/h3>\n<p>Asistir a los buscadores de Internet para localizar contestaciones a tus preguntas es, hoy d\u00eda, uno de los actos m\u00e1s comunes. Su eficiencia y gran alcance hace que esta plataforma digital sea la m\u00e1s utilizada para buscar informaci\u00f3n puesto que todo est\u00e1 disponible para todo el mundo. Merced al buscador, poniendo Mutua Terrassa podr\u00e1s localizar toda la informaci\u00f3n sobre su seguro de decesos en su p\u00e1gina <strong>www.mutuaterrassa.com\/<\/strong>. Toda la informaci\u00f3n que encontrar\u00e1s girar\u00e1 en torno a las diferentes coberturas, costos y ventajas que tienen sus servicios para que puedas obtener toda la informaci\u00f3n precisa ya antes del asesoramiento. En la web, podr\u00e1 encontrar un apartado con un formulario en el que tendr\u00e1 que poner sus datos como nombre y apellidos, tel\u00e9fono, mail&#8230; para que los agentes de Mutua Terrassa puedan ponerse en contacto con usted y de esta forma resolverle todas las dudas que le haya puesto en dicho documento.<br \/>\n<div class=\"colorf\"><div class=\"container clearfix\"><div class=\"col-md-7\"><\/p>\n<h3><span class=\"ez-toc-section\" id=\"Redes_sociales_de_Mutua_Terrassa\"><\/span>Redes sociales de Mutua Terrassa<span class=\"ez-toc-section-end\"><\/span><\/h3>\n<p>En la actualidad, las redes sociales como Twitter, Fb, Instagram\u2026 tienen gran relevancia para la mayor\u00eda de la poblaci\u00f3n y es, una de las herramientas con m\u00e1s difusi\u00f3n y alcance del planeta. Es normal que cada persona est\u00e9 registrado en alguna de estas aplicaciones si no es en las cuatro. Mutua Terrassa tiene una cuenta propia en alguna de estas redes sociales. En cada uno de ellos de ellos vas a poder hallar informaci\u00f3n sobre qui\u00e9nes son, ofertas disponibles que lanzan, la localizaci\u00f3n precisa de su sede central, link a su p\u00e1gina web, im\u00e1genes, etc\u00e9teraAun, en alguna de ellas, es posible contactar con la compa\u00f1\u00eda, sin tener la necesidad de llamar o bien mandar un e-mail si de esta forma lo quiere.<br \/>\n<\/div><\/div><\/div><\/p>\n<\/div>\n<p><div class=\"oficinas\"> <h3><span class=\"ez-toc-section\" id=\"Paginas_relacionadas\"><\/span>P\u00e1ginas relacionadas<span class=\"ez-toc-section-end\"><\/span><\/h3><div class=\"enlazado\"><ul> <li><a href=\"https:\/\/idecesos.com\/seguros\/companias\/mutua-terrassa\/opiniones\/\">Opiniones Mutua Terrassa<\/a><\/li> <li><a href=\"https:\/\/idecesos.com\/seguros\/companias\/mutua-terrassa\/prima-mixta\/\">Mutua Terrassa Prima Mixta<\/a><\/li> <li><a href=\"https:\/\/idecesos.com\/seguros\/companias\/mutua-terrassa\/prima-natural\/\">Mutua Terrassa Prima Natural<\/a><\/li> <li><a href=\"https:\/\/idecesos.com\/seguros\/companias\/mutua-terrassa\/prima-nivelada\/\">Mutua Terrassa Prima Nivelada<\/a><\/li> <li><a href=\"https:\/\/idecesos.com\/seguros\/companias\/mutua-terrassa\/prima-unica\/\">Mutua Terrassa Prima \u00danica<\/a><\/li> <li><a href=\"https:\/\/idecesos.com\/seguros\/companias\/mutua-terrassa\/repatriacion\/\">Mutua Terrassa Repatriaci\u00f3n<\/a><\/li> <li><a href=\"https:\/\/idecesos.com\/seguros\/companias\/mutua-terrassa\/telefono\/\">Tel\u00e9fono Gratuito Helvetia<\/a><\/li><\/ul><\/div> <\/div><\/p>\n","protected":false},"excerpt":{"rendered":"<p>Mutua Terrassa presenta una variedad de m\u00e9todos, plenamente gratis, a fin de que pueda tener la informaci\u00f3n precisa sobre la compa\u00f1\u00eda, f\u00e1cilmente y f\u00e1cil. Brinda la oportunidad de poder ser informado, mediante una persona al cargo del servicio de atenci\u00f3n al usuario, sobre los gastos que pueda acarrear cualquier tr\u00e1mite funerario, las orientaciones m\u00e9dicas disponibles,&hellip; <\/p>\n","protected":false},"author":3,"featured_media":0,"parent":10900,"menu_order":0,"comment_status":"closed","ping_status":"closed","template":"single.php","meta":{"footnotes":""},"class_list":["post-15448","page","type-page","status-publish","hentry"],"yoast_head":"<!-- This site is optimized with the Yoast SEO plugin v27.3 - https:\/\/yoast.com\/product\/yoast-seo-wordpress\/ -->\n<title>Tel\u00e9fono Gratuito Helvetia \u25b7Atenci\u00f3n Cliente, Email, RRSS, Web<\/title>\n<meta name=\"description\" content=\"Busca aqu\u00ed\u3010Mutua Terrassa seguros tel\u00e9fono gratuito\u3011Mutua Terrassa Decesos tel\u00e9fono gratis: atenci\u00f3n al cliente y contrataciones \u2611\ufe0fVerificado en\" \/>\n<meta name=\"robots\" content=\"index, follow, max-snippet:-1, max-image-preview:large, max-video-preview:-1\" \/>\n<link rel=\"canonical\" href=\"https:\/\/idecesos.com\/seguros\/companias\/mutua-terrassa\/telefono\/\" \/>\n<meta property=\"og:locale\" content=\"es_ES\" \/>\n<meta property=\"og:type\" content=\"article\" \/>\n<meta property=\"og:title\" content=\"Tel\u00e9fono Gratuito Helvetia \u25b7Atenci\u00f3n Cliente, Email, RRSS, Web\" \/>\n<meta property=\"og:description\" content=\"Busca aqu\u00ed\u3010Mutua Terrassa seguros tel\u00e9fono gratuito\u3011Mutua Terrassa Decesos tel\u00e9fono gratis: atenci\u00f3n al cliente y contrataciones \u2611\ufe0fVerificado en\" \/>\n<meta property=\"og:url\" content=\"https:\/\/idecesos.com\/seguros\/companias\/mutua-terrassa\/telefono\/\" \/>\n<meta property=\"article:modified_time\" content=\"2022-04-07T09:28:52+00:00\" \/>\n<meta name=\"twitter:card\" content=\"summary_large_image\" \/>\n<meta name=\"twitter:label1\" content=\"Tiempo de lectura\" \/>\n\t<meta name=\"twitter:data1\" content=\"4 minutos\" \/>\n<script type=\"application\/ld+json\" class=\"yoast-schema-graph\">{\"@context\":\"https:\\\/\\\/schema.org\",\"@graph\":[{\"@type\":\"WebPage\",\"@id\":\"https:\\\/\\\/idecesos.com\\\/seguros\\\/companias\\\/mutua-terrassa\\\/telefono\\\/\",\"url\":\"https:\\\/\\\/idecesos.com\\\/seguros\\\/companias\\\/mutua-terrassa\\\/telefono\\\/\",\"name\":\"Tel\u00e9fono Gratuito Helvetia \u25b7Atenci\u00f3n Cliente, Email, RRSS, Web\",\"isPartOf\":{\"@id\":\"https:\\\/\\\/idecesos.com\\\/seguros\\\/#website\"},\"datePublished\":\"2021-11-25T10:17:55+00:00\",\"dateModified\":\"2022-04-07T09:28:52+00:00\",\"description\":\"Busca aqu\u00ed\u3010Mutua Terrassa seguros tel\u00e9fono gratuito\u3011Mutua Terrassa Decesos tel\u00e9fono gratis: atenci\u00f3n al cliente y contrataciones \u2611\ufe0fVerificado en\",\"breadcrumb\":{\"@id\":\"https:\\\/\\\/idecesos.com\\\/seguros\\\/companias\\\/mutua-terrassa\\\/telefono\\\/#breadcrumb\"},\"inLanguage\":\"es\",\"potentialAction\":[{\"@type\":\"ReadAction\",\"target\":[\"https:\\\/\\\/idecesos.com\\\/seguros\\\/companias\\\/mutua-terrassa\\\/telefono\\\/\"]}]},{\"@type\":\"BreadcrumbList\",\"@id\":\"https:\\\/\\\/idecesos.com\\\/seguros\\\/companias\\\/mutua-terrassa\\\/telefono\\\/#breadcrumb\",\"itemListElement\":[{\"@type\":\"ListItem\",\"position\":1,\"name\":\"Portada\",\"item\":\"https:\\\/\\\/idecesos.com\\\/seguros\\\/\"},{\"@type\":\"ListItem\",\"position\":2,\"name\":\"Compa\u00f1\u00edas de Seguros de Decesos en Espa\u00f1a\",\"item\":\"https:\\\/\\\/idecesos.com\\\/seguros\\\/companias\\\/\"},{\"@type\":\"ListItem\",\"position\":3,\"name\":\"Seguros de decesos Mutua Terrassa\",\"item\":\"https:\\\/\\\/idecesos.com\\\/seguros\\\/companias\\\/mutua-terrassa\\\/\"},{\"@type\":\"ListItem\",\"position\":4,\"name\":\"Atenci\u00f3n al cliente Mutua Terrassa: telefono gratuito, e-mail\"}]},{\"@type\":\"WebSite\",\"@id\":\"https:\\\/\\\/idecesos.com\\\/seguros\\\/#website\",\"url\":\"https:\\\/\\\/idecesos.com\\\/seguros\\\/\",\"name\":\"\",\"description\":\"\",\"potentialAction\":[{\"@type\":\"SearchAction\",\"target\":{\"@type\":\"EntryPoint\",\"urlTemplate\":\"https:\\\/\\\/idecesos.com\\\/seguros\\\/?s={search_term_string}\"},\"query-input\":{\"@type\":\"PropertyValueSpecification\",\"valueRequired\":true,\"valueName\":\"search_term_string\"}}],\"inLanguage\":\"es\"}]}<\/script>\n<!-- \/ Yoast SEO plugin. -->","yoast_head_json":{"title":"Tel\u00e9fono Gratuito Helvetia \u25b7Atenci\u00f3n Cliente, Email, RRSS, Web","description":"Busca aqu\u00ed\u3010Mutua Terrassa seguros tel\u00e9fono gratuito\u3011Mutua Terrassa Decesos tel\u00e9fono gratis: atenci\u00f3n al cliente y contrataciones \u2611\ufe0fVerificado en","robots":{"index":"index","follow":"follow","max-snippet":"max-snippet:-1","max-image-preview":"max-image-preview:large","max-video-preview":"max-video-preview:-1"},"canonical":"https:\/\/idecesos.com\/seguros\/companias\/mutua-terrassa\/telefono\/","og_locale":"es_ES","og_type":"article","og_title":"Tel\u00e9fono Gratuito Helvetia \u25b7Atenci\u00f3n Cliente, Email, RRSS, Web","og_description":"Busca aqu\u00ed\u3010Mutua Terrassa seguros tel\u00e9fono gratuito\u3011Mutua Terrassa Decesos tel\u00e9fono gratis: atenci\u00f3n al cliente y contrataciones \u2611\ufe0fVerificado en","og_url":"https:\/\/idecesos.com\/seguros\/companias\/mutua-terrassa\/telefono\/","article_modified_time":"2022-04-07T09:28:52+00:00","twitter_card":"summary_large_image","twitter_misc":{"Tiempo de lectura":"4 minutos"},"schema":{"@context":"https:\/\/schema.org","@graph":[{"@type":"WebPage","@id":"https:\/\/idecesos.com\/seguros\/companias\/mutua-terrassa\/telefono\/","url":"https:\/\/idecesos.com\/seguros\/companias\/mutua-terrassa\/telefono\/","name":"Tel\u00e9fono Gratuito Helvetia \u25b7Atenci\u00f3n Cliente, Email, RRSS, Web","isPartOf":{"@id":"https:\/\/idecesos.com\/seguros\/#website"},"datePublished":"2021-11-25T10:17:55+00:00","dateModified":"2022-04-07T09:28:52+00:00","description":"Busca aqu\u00ed\u3010Mutua Terrassa seguros tel\u00e9fono gratuito\u3011Mutua Terrassa Decesos tel\u00e9fono gratis: atenci\u00f3n al cliente y contrataciones \u2611\ufe0fVerificado en","breadcrumb":{"@id":"https:\/\/idecesos.com\/seguros\/companias\/mutua-terrassa\/telefono\/#breadcrumb"},"inLanguage":"es","potentialAction":[{"@type":"ReadAction","target":["https:\/\/idecesos.com\/seguros\/companias\/mutua-terrassa\/telefono\/"]}]},{"@type":"BreadcrumbList","@id":"https:\/\/idecesos.com\/seguros\/companias\/mutua-terrassa\/telefono\/#breadcrumb","itemListElement":[{"@type":"ListItem","position":1,"name":"Portada","item":"https:\/\/idecesos.com\/seguros\/"},{"@type":"ListItem","position":2,"name":"Compa\u00f1\u00edas de Seguros de Decesos en Espa\u00f1a","item":"https:\/\/idecesos.com\/seguros\/companias\/"},{"@type":"ListItem","position":3,"name":"Seguros de decesos Mutua Terrassa","item":"https:\/\/idecesos.com\/seguros\/companias\/mutua-terrassa\/"},{"@type":"ListItem","position":4,"name":"Atenci\u00f3n al cliente Mutua Terrassa: telefono gratuito, e-mail"}]},{"@type":"WebSite","@id":"https:\/\/idecesos.com\/seguros\/#website","url":"https:\/\/idecesos.com\/seguros\/","name":"","description":"","potentialAction":[{"@type":"SearchAction","target":{"@type":"EntryPoint","urlTemplate":"https:\/\/idecesos.com\/seguros\/?s={search_term_string}"},"query-input":{"@type":"PropertyValueSpecification","valueRequired":true,"valueName":"search_term_string"}}],"inLanguage":"es"}]}},"_links":{"self":[{"href":"https:\/\/idecesos.com\/seguros\/wp-json\/wp\/v2\/pages\/15448","targetHints":{"allow":["GET"]}}],"collection":[{"href":"https:\/\/idecesos.com\/seguros\/wp-json\/wp\/v2\/pages"}],"about":[{"href":"https:\/\/idecesos.com\/seguros\/wp-json\/wp\/v2\/types\/page"}],"author":[{"embeddable":true,"href":"https:\/\/idecesos.com\/seguros\/wp-json\/wp\/v2\/users\/3"}],"replies":[{"embeddable":true,"href":"https:\/\/idecesos.com\/seguros\/wp-json\/wp\/v2\/comments?post=15448"}],"version-history":[{"count":6,"href":"https:\/\/idecesos.com\/seguros\/wp-json\/wp\/v2\/pages\/15448\/revisions"}],"predecessor-version":[{"id":21069,"href":"https:\/\/idecesos.com\/seguros\/wp-json\/wp\/v2\/pages\/15448\/revisions\/21069"}],"up":[{"embeddable":true,"href":"https:\/\/idecesos.com\/seguros\/wp-json\/wp\/v2\/pages\/10900"}],"wp:attachment":[{"href":"https:\/\/idecesos.com\/seguros\/wp-json\/wp\/v2\/media?parent=15448"}],"curies":[{"name":"wp","href":"https:\/\/api.w.org\/{rel}","templated":true}]}}