{"id":15449,"date":"2021-11-26T09:13:12","date_gmt":"2021-11-25T10:17:55","guid":{"rendered":"https:\/\/idecesos.com\/seguros\/companias\/afemefa\/telefono\/"},"modified":"2022-04-07T09:31:26","modified_gmt":"2022-04-07T09:31:26","slug":"telefono","status":"publish","type":"page","link":"https:\/\/idecesos.com\/seguros\/companias\/afemefa\/telefono\/","title":{"rendered":"Atenci\u00f3n al cliente Afemefa: telefono gratuito, e-mail"},"content":{"rendered":"<div id=\"ez-toc-container\" class=\"ez-toc-v2_0_82_2 ez-toc-wrap-center counter-hierarchy ez-toc-counter ez-toc-custom ez-toc-container-direction\">\n<div class=\"ez-toc-title-container\">\n<p class=\"ez-toc-title\" style=\"cursor:inherit\">Tabla de Contenido<\/p>\n<span class=\"ez-toc-title-toggle\"><a href=\"#\" class=\"ez-toc-pull-right ez-toc-btn ez-toc-btn-xs ez-toc-btn-default ez-toc-toggle\" aria-label=\"Alternar tabla de contenidos\"><span class=\"ez-toc-js-icon-con\"><span class=\"\"><span class=\"eztoc-hide\" style=\"display:none;\">Toggle<\/span><span class=\"ez-toc-icon-toggle-span\"><svg style=\"fill: #db6415;color:#db6415\" xmlns=\"http:\/\/www.w3.org\/2000\/svg\" class=\"list-377408\" width=\"20px\" height=\"20px\" viewBox=\"0 0 24 24\" fill=\"none\"><path d=\"M6 6H4v2h2V6zm14 0H8v2h12V6zM4 11h2v2H4v-2zm16 0H8v2h12v-2zM4 16h2v2H4v-2zm16 0H8v2h12v-2z\" fill=\"currentColor\"><\/path><\/svg><svg style=\"fill: #db6415;color:#db6415\" class=\"arrow-unsorted-368013\" xmlns=\"http:\/\/www.w3.org\/2000\/svg\" width=\"10px\" height=\"10px\" viewBox=\"0 0 24 24\" version=\"1.2\" baseProfile=\"tiny\"><path d=\"M18.2 9.3l-6.2-6.3-6.2 6.3c-.2.2-.3.4-.3.7s.1.5.3.7c.2.2.4.3.7.3h11c.3 0 .5-.1.7-.3.2-.2.3-.5.3-.7s-.1-.5-.3-.7zM5.8 14.7l6.2 6.3 6.2-6.3c.2-.2.3-.5.3-.7s-.1-.5-.3-.7c-.2-.2-.4-.3-.7-.3h-11c-.3 0-.5.1-.7.3-.2.2-.3.5-.3.7s.1.5.3.7z\"\/><\/svg><\/span><\/span><\/span><\/a><\/span><\/div>\n<nav><ul class='ez-toc-list ez-toc-list-level-1 ' ><ul class='ez-toc-list-level-4' ><li class='ez-toc-heading-level-4'><ul class='ez-toc-list-level-4' ><li class='ez-toc-heading-level-4'><a class=\"ez-toc-link ez-toc-heading-1\" href=\"https:\/\/idecesos.com\/seguros\/companias\/afemefa\/telefono\/#Telefono_Contrataciones_951_127_403\" >Tel\u00e9fono Contrataciones \n951 127 403<\/a><\/li><\/ul><\/li><\/ul><\/li><li class='ez-toc-page-1 ez-toc-heading-level-2'><a class=\"ez-toc-link ez-toc-heading-2\" href=\"https:\/\/idecesos.com\/seguros\/companias\/afemefa\/telefono\/#%C2%BFComo_contactar_con_Afemefa\" >\u00bfC\u00f3mo contactar con Afemefa?<\/a><ul class='ez-toc-list-level-3' ><li class='ez-toc-heading-level-3'><a class=\"ez-toc-link ez-toc-heading-3\" href=\"https:\/\/idecesos.com\/seguros\/companias\/afemefa\/telefono\/#Telefono_gratuito_de_Afemefa\" >Tel\u00e9fono gratuito de Afemefa<\/a><\/li><li class='ez-toc-page-1 ez-toc-heading-level-3'><a class=\"ez-toc-link ez-toc-heading-4\" href=\"https:\/\/idecesos.com\/seguros\/companias\/afemefa\/telefono\/#Horario_de_atencion_al_cliente_de_Afemefa\" >Horario de atenci\u00f3n al cliente de Afemefa<\/a><\/li><li class='ez-toc-page-1 ez-toc-heading-level-3'><a class=\"ez-toc-link ez-toc-heading-5\" href=\"https:\/\/idecesos.com\/seguros\/companias\/afemefa\/telefono\/#Correo_electronico_de_Afemefa\" >Correo electr\u00f3nico de Afemefa<\/a><\/li><li class='ez-toc-page-1 ez-toc-heading-level-3'><a class=\"ez-toc-link ez-toc-heading-6\" href=\"https:\/\/idecesos.com\/seguros\/companias\/afemefa\/telefono\/#Formulario_en_el_sitio_Web_de_Afemefa\" >Formulario en el sitio Web de Afemefa<\/a><\/li><li class='ez-toc-page-1 ez-toc-heading-level-3'><a class=\"ez-toc-link ez-toc-heading-7\" href=\"https:\/\/idecesos.com\/seguros\/companias\/afemefa\/telefono\/#Redes_sociales_de_Afemefa\" >Redes sociales de Afemefa<\/a><\/li><li class='ez-toc-page-1 ez-toc-heading-level-3'><a class=\"ez-toc-link ez-toc-heading-8\" href=\"https:\/\/idecesos.com\/seguros\/companias\/afemefa\/telefono\/#Paginas_relacionadas\" >P\u00e1ginas relacionadas<\/a><\/li><\/ul><\/li><\/ul><\/nav><\/div>\n\n<div class=\"caja\">\n<div class=\"cajaIcono2 \"  ><div class=\"cuadro\" style=\"box-shadow: inset 0 0 0 3px #ff790e\"><div class=\"iconoCircular\" style=\"border: 3px solid #ff790e\">\t\t\n\t\t\t\t\t<div class=\"iconoCirculo\">\n\t\t\t\t\t  <i class=\"fas fa-phone-volume\"><\/i>\n\t\t\t\t\t<\/div>\n\t\t\t\t<\/div><div class=\"\">\n<h4 style=\"text-align: center;\"><span class=\"ez-toc-section\" id=\"Telefono_Contrataciones_951_127_403\"><\/span><strong>Tel\u00e9fono Contrataciones<br \/>\n951 127 403<\/strong><span class=\"ez-toc-section-end\"><\/span><\/h4>\n<p><\/div><\/div><\/div><br \/>\nAfemefa presenta una pluralidad de m\u00e9todos, totalmente gratis, para que pueda tener la informaci\u00f3n precisa sobre la compa\u00f1\u00eda, de manera f\u00e1cil y sencilla. Brinda la oportunidad de poder ser informado, mediante una persona al cargo del servicio de atenci\u00f3n al cliente, sobre los gastos que pueda acarrear cualquier tr\u00e1mite funerario, las orientaciones m\u00e9dicas disponibles, los diferentes cementerios disponibles y, otros m\u00e1s. Es por ello que, los expertos se encargar\u00e1 de que todo est\u00e9 aclarado, gestiones y tr\u00e1mites cerrados, para cuando toque vivir el momento tan bastante dif\u00edcil de la muerte de un familiar. Adem\u00e1s de esto, tendr\u00e1 el mayor apoyo posible en tal proceso tan fr\u00e1gil.<br \/>\n<\/div><\/p>\n<div class=\"colorf \"  ><div class=\"container clearfix\"><div class=\"col-md-7\"><\/p>\n<h2><span class=\"ez-toc-section\" id=\"%C2%BFComo_contactar_con_Afemefa\"><\/span>\u00bfC\u00f3mo contactar con Afemefa?<span class=\"ez-toc-section-end\"><\/span><\/h2>\n<p>Puede ponerse en contacto de manera gratuita con Afemefa mediante un tel\u00e9fono de contacto, que le atender\u00e1 en el horario disponible de atenci\u00f3n al cliente, correo, formulario en p\u00e1gina web y redes sociales.<br \/>\n<\/div><\/div><\/div>\n<h3><span class=\"ez-toc-section\" id=\"Telefono_gratuito_de_Afemefa\"><\/span>Tel\u00e9fono gratuito de Afemefa<span class=\"ez-toc-section-end\"><\/span><\/h3>\n<p>El siguiente n\u00famero gratis <strong>900 204 204<\/strong>, est\u00e1 a su predisposici\u00f3n a fin de que pueda sostener un buen di\u00e1logo con la compa\u00f1\u00eda. Haciendo una simple llamada, va a poder hacer la consulta que desee y solucionar cualquier g\u00e9nero de duda que tenga o bien le brote en ese instante sobre su seguro de decesos o las peculiaridades que tiene para que se ajuste a sus necesidades. Es indiferente la duraci\u00f3n de la llamada, su total no le acarrear\u00e1 ning\u00fan coste. Es por esta raz\u00f3n que, resulta el procedimiento m\u00e1s ventajoso y sencillo por el contacto directo que se establece con el asesor.<br \/>\n<div class=\"colorf\"><div class=\"container clearfix\"><div class=\"col-md-7\"><\/p>\n<div class=\"cabecera_tabla_ajustada \"  style=\"width:80%\" ><div class=\"row\"><\/div>\n<div class=\"fila_tabla4 \"  ><div class=\"row\"><div class=\"col-8 nosepara izq\"><p><strong>Tel\u00e9fono para contrataciones<\/strong><\/p><\/div><div class=\"col-4 nosepara centro\">951 127 403<\/div><\/div><\/div>\n<div class=\"pie_tabla \"  ><div class=\"row\"><div class=\"col-12 \"><\/div><\/div><\/div><\/div>\n<\/div><\/div><\/div>\n<h3><span class=\"ez-toc-section\" id=\"Horario_de_atencion_al_cliente_de_Afemefa\"><\/span>Horario de atenci\u00f3n al cliente de Afemefa<span class=\"ez-toc-section-end\"><\/span><\/h3>\n<p>Para poder brindarle la mayor atenci\u00f3n por parte de Afemefa, tiene a su predisposici\u00f3n el servicio de atenci\u00f3n al cliente. Una persona estar\u00e1 del otro lado del tel\u00e9fono toda vez que realice una llamada, para as\u00ed poder ofrecerle la informaci\u00f3n que necesite o concertar cita con los expertos. Toda la informaci\u00f3n que quiera percibir sobre su seguro de decesos, como por poner un ejemplo los costos, va a ser dada de la mejor forma posible, a fin de que as\u00ed pueda quedar contento con el trato ofrecido por la compa\u00f1\u00eda. Para que puedas contar con del suficiente tiempo libre para poder realizar la llamada, queda a su predisposici\u00f3n el siguiente horario <strong>horario Afemefa<\/strong>.<br \/>\n<div class=\"colorf\"><div class=\"container clearfix\"><div class=\"col-md-7\"><\/p>\n<h3><span class=\"ez-toc-section\" id=\"Correo_electronico_de_Afemefa\"><\/span>Correo electr\u00f3nico de Afemefa<span class=\"ez-toc-section-end\"><\/span><\/h3>\n<p>La poblaci\u00f3n est\u00e1 al tanto de lo importante que es, en los tiempos que vivimos, Internet, por lo que disponen de perfiles en plataformas de correo como Hotmail o Gmail. Con esto, es posible desempe\u00f1ar funciones como percibir o mandar informaci\u00f3n, flujo de archivos\u2026Con el objetivo de recibir datos en torno a su seguro de decesos, es de las herramientas m\u00e1s ventajosas y convenientes. Con el siguiente mail <strong>afemefa@afemefa.com<\/strong>\u00a0de Afemefa le va a ser posible enviarle cualquier clase de duda que tenga con respecto a su prima, por poner un ejemplo. Obtener la mejor respuesta para aclarar lo que quieras saber es tan f\u00e1cil como, enviar un e mail y, adem\u00e1s de conseguir las mejores contestaciones, va a llegar a un buen entendimiento.<br \/>\n<\/div><\/div><\/div><\/p>\n<h3><span class=\"ez-toc-section\" id=\"Formulario_en_el_sitio_Web_de_Afemefa\"><\/span>Formulario en el sitio Web de Afemefa<span class=\"ez-toc-section-end\"><\/span><\/h3>\n<p>Pregunt\u00e1ndole a un buscador de Internet, hallar\u00e1 la respuesta en un instante. Por ese hecho, es la plataforma m\u00e1s esencial a la que la mayor parte de las personas del mundo tienen acceso. Afemefa forma parte de este planeta digital y tiene a su predisposici\u00f3n su propia p\u00e1gina web <strong>afemefa.com\/<\/strong>. En dicha p\u00e1gina, se le facilitar\u00e1 un formulario el que deber\u00e1 rellenar los pr\u00f3ximos campos: nombre, apellidos, tel\u00e9fono de contacto, correo electr\u00f3nico\u2026Seguidamente, un experto en el tema se pondr\u00e1 en contacto para poder facilitarle informaci\u00f3n u ofrecerle la ayuda que necesite.<br \/>\n<div class=\"colorf\"><div class=\"container clearfix\"><div class=\"col-md-7\"><\/p>\n<h3><span class=\"ez-toc-section\" id=\"Redes_sociales_de_Afemefa\"><\/span>Redes sociales de Afemefa<span class=\"ez-toc-section-end\"><\/span><\/h3>\n<p>Hoy en d\u00eda, las redes sociales como Twitter, Facebook, Instagram\u2026 tienen gran relevancia para la mayor parte de la poblaci\u00f3n y es, una de las herramientas con m\u00e1s difusi\u00f3n y alcance del planeta. Su utilidad hace que las personas cuenten por lo menos con una de ellas o bien hasta con las 4. Afemefa tiene su propia perfil en alguna de estas redes sociales. En todos y cada cuenta, Afemefa ofrece im\u00e1genes, ofertas, v\u00eddeos y muchos m\u00e1s sobre sus servicios con un trato m\u00e1s cercano al cliente. Adem\u00e1s de esto, mediante puedes contactar con Afemefa sin la necesidad de llamar por tel\u00e9fono, rellenar un formulario o bien enviar un correo electr\u00f3nico.<br \/>\n<\/div><\/div><\/div><\/p>\n<\/div>\n<p><div class=\"oficinas\"> <h3><span class=\"ez-toc-section\" id=\"Paginas_relacionadas\"><\/span>P\u00e1ginas relacionadas<span class=\"ez-toc-section-end\"><\/span><\/h3><div class=\"enlazado\"><ul> <li><a href=\"https:\/\/idecesos.com\/seguros\/companias\/afemefa\/opiniones\/\">Opiniones AFEMEFA<\/a><\/li> <li><a href=\"https:\/\/idecesos.com\/seguros\/companias\/afemefa\/precio\/\">Precio seguro Afemefa<\/a><\/li> <li><a href=\"https:\/\/idecesos.com\/seguros\/companias\/afemefa\/prima-mixta\/\">Afemefa Prima Mixta<\/a><\/li> <li><a href=\"https:\/\/idecesos.com\/seguros\/companias\/afemefa\/prima-natural\/\">Afemefa Prima Natural<\/a><\/li> <li><a href=\"https:\/\/idecesos.com\/seguros\/companias\/afemefa\/prima-nivelada\/\">Afemefa Prima Nivelada<\/a><\/li> <li><a href=\"https:\/\/idecesos.com\/seguros\/companias\/afemefa\/prima-unica\/\">Afemefa Prima \u00danica<\/a><\/li> <li><a href=\"https:\/\/idecesos.com\/seguros\/companias\/afemefa\/repatriacion\/\">Afemefa Repatriaci\u00f3n<\/a><\/li> <li><a href=\"https:\/\/idecesos.com\/seguros\/companias\/afemefa\/telefono\/\">Tel\u00e9fono Gratuito Afemefa<\/a><\/li><\/ul><\/div> <\/div><\/p>\n","protected":false},"excerpt":{"rendered":"<p>Afemefa presenta una pluralidad de m\u00e9todos, totalmente gratis, para que pueda tener la informaci\u00f3n precisa sobre la compa\u00f1\u00eda, de manera f\u00e1cil y sencilla. Brinda la oportunidad de poder ser informado, mediante una persona al cargo del servicio de atenci\u00f3n al cliente, sobre los gastos que pueda acarrear cualquier tr\u00e1mite funerario, las orientaciones m\u00e9dicas disponibles, los&hellip; <\/p>\n","protected":false},"author":1,"featured_media":0,"parent":9500,"menu_order":0,"comment_status":"closed","ping_status":"closed","template":"single.php","meta":{"footnotes":""},"class_list":["post-15449","page","type-page","status-publish","hentry"],"yoast_head":"<!-- This site is optimized with the Yoast SEO plugin v27.4 - https:\/\/yoast.com\/product\/yoast-seo-wordpress\/ -->\n<title>Tel\u00e9fono Gratuito Afemefa \u25b7Atenci\u00f3n Cliente, Email, RRSS, Web<\/title>\n<meta name=\"description\" content=\"Busca aqu\u00ed\u3010Afemefa seguros tel\u00e9fono gratuito\u3011Afemefa Decesos tel\u00e9fono gratis: atenci\u00f3n al cliente y contrataciones \u2611\ufe0fVerificado en 2026\" \/>\n<meta name=\"robots\" content=\"index, follow, max-snippet:-1, max-image-preview:large, max-video-preview:-1\" \/>\n<link rel=\"canonical\" href=\"https:\/\/idecesos.com\/seguros\/companias\/afemefa\/telefono\/\" \/>\n<meta property=\"og:locale\" content=\"es_ES\" \/>\n<meta property=\"og:type\" content=\"article\" \/>\n<meta property=\"og:title\" content=\"Tel\u00e9fono Gratuito Afemefa \u25b7Atenci\u00f3n Cliente, Email, RRSS, Web\" \/>\n<meta property=\"og:description\" content=\"Busca aqu\u00ed\u3010Afemefa seguros tel\u00e9fono gratuito\u3011Afemefa Decesos tel\u00e9fono gratis: atenci\u00f3n al cliente y contrataciones \u2611\ufe0fVerificado en 2026\" \/>\n<meta property=\"og:url\" content=\"https:\/\/idecesos.com\/seguros\/companias\/afemefa\/telefono\/\" \/>\n<meta property=\"article:modified_time\" content=\"2022-04-07T09:31:26+00:00\" \/>\n<meta name=\"twitter:card\" content=\"summary_large_image\" \/>\n<meta name=\"twitter:label1\" content=\"Tiempo de lectura\" \/>\n\t<meta name=\"twitter:data1\" content=\"4 minutos\" \/>\n<script type=\"application\/ld+json\" class=\"yoast-schema-graph\">{\"@context\":\"https:\\\/\\\/schema.org\",\"@graph\":[{\"@type\":\"WebPage\",\"@id\":\"https:\\\/\\\/idecesos.com\\\/seguros\\\/companias\\\/afemefa\\\/telefono\\\/\",\"url\":\"https:\\\/\\\/idecesos.com\\\/seguros\\\/companias\\\/afemefa\\\/telefono\\\/\",\"name\":\"Tel\u00e9fono Gratuito Afemefa \u25b7Atenci\u00f3n Cliente, Email, RRSS, Web\",\"isPartOf\":{\"@id\":\"https:\\\/\\\/idecesos.com\\\/seguros\\\/#website\"},\"datePublished\":\"2021-11-25T10:17:55+00:00\",\"dateModified\":\"2022-04-07T09:31:26+00:00\",\"description\":\"Busca aqu\u00ed\u3010Afemefa seguros tel\u00e9fono gratuito\u3011Afemefa Decesos tel\u00e9fono gratis: atenci\u00f3n al cliente y contrataciones \u2611\ufe0fVerificado en 2026\",\"breadcrumb\":{\"@id\":\"https:\\\/\\\/idecesos.com\\\/seguros\\\/companias\\\/afemefa\\\/telefono\\\/#breadcrumb\"},\"inLanguage\":\"es\",\"potentialAction\":[{\"@type\":\"ReadAction\",\"target\":[\"https:\\\/\\\/idecesos.com\\\/seguros\\\/companias\\\/afemefa\\\/telefono\\\/\"]}]},{\"@type\":\"BreadcrumbList\",\"@id\":\"https:\\\/\\\/idecesos.com\\\/seguros\\\/companias\\\/afemefa\\\/telefono\\\/#breadcrumb\",\"itemListElement\":[{\"@type\":\"ListItem\",\"position\":1,\"name\":\"Portada\",\"item\":\"https:\\\/\\\/idecesos.com\\\/seguros\\\/\"},{\"@type\":\"ListItem\",\"position\":2,\"name\":\"Compa\u00f1\u00edas de Seguros de Decesos en Espa\u00f1a\",\"item\":\"https:\\\/\\\/idecesos.com\\\/seguros\\\/companias\\\/\"},{\"@type\":\"ListItem\",\"position\":3,\"name\":\"Seguros de decesos AFEMEFA\",\"item\":\"https:\\\/\\\/idecesos.com\\\/seguros\\\/companias\\\/afemefa\\\/\"},{\"@type\":\"ListItem\",\"position\":4,\"name\":\"Atenci\u00f3n al cliente Afemefa: telefono gratuito, e-mail\"}]},{\"@type\":\"WebSite\",\"@id\":\"https:\\\/\\\/idecesos.com\\\/seguros\\\/#website\",\"url\":\"https:\\\/\\\/idecesos.com\\\/seguros\\\/\",\"name\":\"\",\"description\":\"\",\"potentialAction\":[{\"@type\":\"SearchAction\",\"target\":{\"@type\":\"EntryPoint\",\"urlTemplate\":\"https:\\\/\\\/idecesos.com\\\/seguros\\\/?s={search_term_string}\"},\"query-input\":{\"@type\":\"PropertyValueSpecification\",\"valueRequired\":true,\"valueName\":\"search_term_string\"}}],\"inLanguage\":\"es\"}]}<\/script>\n<!-- \/ Yoast SEO plugin. -->","yoast_head_json":{"title":"Tel\u00e9fono Gratuito Afemefa \u25b7Atenci\u00f3n Cliente, Email, RRSS, Web","description":"Busca aqu\u00ed\u3010Afemefa seguros tel\u00e9fono gratuito\u3011Afemefa Decesos tel\u00e9fono gratis: atenci\u00f3n al cliente y contrataciones \u2611\ufe0fVerificado en 2026","robots":{"index":"index","follow":"follow","max-snippet":"max-snippet:-1","max-image-preview":"max-image-preview:large","max-video-preview":"max-video-preview:-1"},"canonical":"https:\/\/idecesos.com\/seguros\/companias\/afemefa\/telefono\/","og_locale":"es_ES","og_type":"article","og_title":"Tel\u00e9fono Gratuito Afemefa \u25b7Atenci\u00f3n Cliente, Email, RRSS, Web","og_description":"Busca aqu\u00ed\u3010Afemefa seguros tel\u00e9fono gratuito\u3011Afemefa Decesos tel\u00e9fono gratis: atenci\u00f3n al cliente y contrataciones \u2611\ufe0fVerificado en 2026","og_url":"https:\/\/idecesos.com\/seguros\/companias\/afemefa\/telefono\/","article_modified_time":"2022-04-07T09:31:26+00:00","twitter_card":"summary_large_image","twitter_misc":{"Tiempo de lectura":"4 minutos"},"schema":{"@context":"https:\/\/schema.org","@graph":[{"@type":"WebPage","@id":"https:\/\/idecesos.com\/seguros\/companias\/afemefa\/telefono\/","url":"https:\/\/idecesos.com\/seguros\/companias\/afemefa\/telefono\/","name":"Tel\u00e9fono Gratuito Afemefa \u25b7Atenci\u00f3n Cliente, Email, RRSS, Web","isPartOf":{"@id":"https:\/\/idecesos.com\/seguros\/#website"},"datePublished":"2021-11-25T10:17:55+00:00","dateModified":"2022-04-07T09:31:26+00:00","description":"Busca aqu\u00ed\u3010Afemefa seguros tel\u00e9fono gratuito\u3011Afemefa Decesos tel\u00e9fono gratis: atenci\u00f3n al cliente y contrataciones \u2611\ufe0fVerificado en 2026","breadcrumb":{"@id":"https:\/\/idecesos.com\/seguros\/companias\/afemefa\/telefono\/#breadcrumb"},"inLanguage":"es","potentialAction":[{"@type":"ReadAction","target":["https:\/\/idecesos.com\/seguros\/companias\/afemefa\/telefono\/"]}]},{"@type":"BreadcrumbList","@id":"https:\/\/idecesos.com\/seguros\/companias\/afemefa\/telefono\/#breadcrumb","itemListElement":[{"@type":"ListItem","position":1,"name":"Portada","item":"https:\/\/idecesos.com\/seguros\/"},{"@type":"ListItem","position":2,"name":"Compa\u00f1\u00edas de Seguros de Decesos en Espa\u00f1a","item":"https:\/\/idecesos.com\/seguros\/companias\/"},{"@type":"ListItem","position":3,"name":"Seguros de decesos AFEMEFA","item":"https:\/\/idecesos.com\/seguros\/companias\/afemefa\/"},{"@type":"ListItem","position":4,"name":"Atenci\u00f3n al cliente Afemefa: telefono gratuito, e-mail"}]},{"@type":"WebSite","@id":"https:\/\/idecesos.com\/seguros\/#website","url":"https:\/\/idecesos.com\/seguros\/","name":"","description":"","potentialAction":[{"@type":"SearchAction","target":{"@type":"EntryPoint","urlTemplate":"https:\/\/idecesos.com\/seguros\/?s={search_term_string}"},"query-input":{"@type":"PropertyValueSpecification","valueRequired":true,"valueName":"search_term_string"}}],"inLanguage":"es"}]}},"_links":{"self":[{"href":"https:\/\/idecesos.com\/seguros\/wp-json\/wp\/v2\/pages\/15449","targetHints":{"allow":["GET"]}}],"collection":[{"href":"https:\/\/idecesos.com\/seguros\/wp-json\/wp\/v2\/pages"}],"about":[{"href":"https:\/\/idecesos.com\/seguros\/wp-json\/wp\/v2\/types\/page"}],"author":[{"embeddable":true,"href":"https:\/\/idecesos.com\/seguros\/wp-json\/wp\/v2\/users\/1"}],"replies":[{"embeddable":true,"href":"https:\/\/idecesos.com\/seguros\/wp-json\/wp\/v2\/comments?post=15449"}],"version-history":[{"count":8,"href":"https:\/\/idecesos.com\/seguros\/wp-json\/wp\/v2\/pages\/15449\/revisions"}],"predecessor-version":[{"id":21070,"href":"https:\/\/idecesos.com\/seguros\/wp-json\/wp\/v2\/pages\/15449\/revisions\/21070"}],"up":[{"embeddable":true,"href":"https:\/\/idecesos.com\/seguros\/wp-json\/wp\/v2\/pages\/9500"}],"wp:attachment":[{"href":"https:\/\/idecesos.com\/seguros\/wp-json\/wp\/v2\/media?parent=15449"}],"curies":[{"name":"wp","href":"https:\/\/api.w.org\/{rel}","templated":true}]}}