{"id":15450,"date":"2021-11-26T09:13:13","date_gmt":"2021-11-25T10:17:56","guid":{"rendered":"https:\/\/idecesos.com\/seguros\/companias\/sanen-mutua\/telefono\/"},"modified":"2022-04-07T11:39:13","modified_gmt":"2022-04-07T11:39:13","slug":"telefono","status":"publish","type":"page","link":"https:\/\/idecesos.com\/seguros\/companias\/sanen-mutua\/telefono\/","title":{"rendered":"Atenci\u00f3n al cliente Sanen Mutua: telefono gratuito, e-mail"},"content":{"rendered":"<div id=\"ez-toc-container\" class=\"ez-toc-v2_0_82_2 ez-toc-wrap-center counter-hierarchy ez-toc-counter ez-toc-custom ez-toc-container-direction\">\n<div class=\"ez-toc-title-container\">\n<p class=\"ez-toc-title\" style=\"cursor:inherit\">Tabla de Contenido<\/p>\n<span class=\"ez-toc-title-toggle\"><a href=\"#\" class=\"ez-toc-pull-right ez-toc-btn ez-toc-btn-xs ez-toc-btn-default ez-toc-toggle\" aria-label=\"Alternar tabla de contenidos\"><span class=\"ez-toc-js-icon-con\"><span class=\"\"><span class=\"eztoc-hide\" style=\"display:none;\">Toggle<\/span><span class=\"ez-toc-icon-toggle-span\"><svg style=\"fill: #db6415;color:#db6415\" xmlns=\"http:\/\/www.w3.org\/2000\/svg\" class=\"list-377408\" width=\"20px\" height=\"20px\" viewBox=\"0 0 24 24\" fill=\"none\"><path d=\"M6 6H4v2h2V6zm14 0H8v2h12V6zM4 11h2v2H4v-2zm16 0H8v2h12v-2zM4 16h2v2H4v-2zm16 0H8v2h12v-2z\" fill=\"currentColor\"><\/path><\/svg><svg style=\"fill: #db6415;color:#db6415\" class=\"arrow-unsorted-368013\" xmlns=\"http:\/\/www.w3.org\/2000\/svg\" width=\"10px\" height=\"10px\" viewBox=\"0 0 24 24\" version=\"1.2\" baseProfile=\"tiny\"><path d=\"M18.2 9.3l-6.2-6.3-6.2 6.3c-.2.2-.3.4-.3.7s.1.5.3.7c.2.2.4.3.7.3h11c.3 0 .5-.1.7-.3.2-.2.3-.5.3-.7s-.1-.5-.3-.7zM5.8 14.7l6.2 6.3 6.2-6.3c.2-.2.3-.5.3-.7s-.1-.5-.3-.7c-.2-.2-.4-.3-.7-.3h-11c-.3 0-.5.1-.7.3-.2.2-.3.5-.3.7s.1.5.3.7z\"\/><\/svg><\/span><\/span><\/span><\/a><\/span><\/div>\n<nav><ul class='ez-toc-list ez-toc-list-level-1 ' ><ul class='ez-toc-list-level-4' ><li class='ez-toc-heading-level-4'><ul class='ez-toc-list-level-4' ><li class='ez-toc-heading-level-4'><a class=\"ez-toc-link ez-toc-heading-1\" href=\"https:\/\/idecesos.com\/seguros\/companias\/sanen-mutua\/telefono\/#Telefono_Contrataciones_951_127_403\" >Tel\u00e9fono Contrataciones \n951 127 403<\/a><\/li><\/ul><\/li><\/ul><\/li><li class='ez-toc-page-1 ez-toc-heading-level-2'><a class=\"ez-toc-link ez-toc-heading-2\" href=\"https:\/\/idecesos.com\/seguros\/companias\/sanen-mutua\/telefono\/#%C2%BFComo_contactar_con_Sanen_Mutua\" >\u00bfC\u00f3mo contactar con Sanen Mutua?<\/a><ul class='ez-toc-list-level-3' ><li class='ez-toc-heading-level-3'><a class=\"ez-toc-link ez-toc-heading-3\" href=\"https:\/\/idecesos.com\/seguros\/companias\/sanen-mutua\/telefono\/#Telefono_gratuito_de_Sanen_Mutua\" >Tel\u00e9fono gratuito de Sanen Mutua<\/a><\/li><li class='ez-toc-page-1 ez-toc-heading-level-3'><a class=\"ez-toc-link ez-toc-heading-4\" href=\"https:\/\/idecesos.com\/seguros\/companias\/sanen-mutua\/telefono\/#Horario_de_atencion_al_cliente_de_Sanen_Mutua\" >Horario de atenci\u00f3n al cliente de Sanen Mutua<\/a><\/li><li class='ez-toc-page-1 ez-toc-heading-level-3'><a class=\"ez-toc-link ez-toc-heading-5\" href=\"https:\/\/idecesos.com\/seguros\/companias\/sanen-mutua\/telefono\/#Correo_electronico_de_Sanen_Mutua\" >Correo electr\u00f3nico de Sanen Mutua<\/a><\/li><li class='ez-toc-page-1 ez-toc-heading-level-3'><a class=\"ez-toc-link ez-toc-heading-6\" href=\"https:\/\/idecesos.com\/seguros\/companias\/sanen-mutua\/telefono\/#Formulario_en_el_sitio_Web_de_Sanen_Mutua\" >Formulario en el sitio Web de Sanen Mutua<\/a><\/li><li class='ez-toc-page-1 ez-toc-heading-level-3'><a class=\"ez-toc-link ez-toc-heading-7\" href=\"https:\/\/idecesos.com\/seguros\/companias\/sanen-mutua\/telefono\/#Redes_sociales_de_Sanen_Mutua\" >Redes sociales de Sanen Mutua<\/a><\/li><li class='ez-toc-page-1 ez-toc-heading-level-3'><a class=\"ez-toc-link ez-toc-heading-8\" href=\"https:\/\/idecesos.com\/seguros\/companias\/sanen-mutua\/telefono\/#Paginas_relacionadas\" >P\u00e1ginas relacionadas<\/a><\/li><\/ul><\/li><\/ul><\/nav><\/div>\n\n<div class=\"caja\">\n<div class=\"cajaIcono2 \"  ><div class=\"cuadro\" style=\"box-shadow: inset 0 0 0 3px #ff790e\"><div class=\"iconoCircular\" style=\"border: 3px solid #ff790e\">\t\t\n\t\t\t\t\t<div class=\"iconoCirculo\">\n\t\t\t\t\t  <i class=\"fas fa-phone-volume\"><\/i>\n\t\t\t\t\t<\/div>\n\t\t\t\t<\/div><div class=\"\">\n<h4 style=\"text-align: center;\"><span class=\"ez-toc-section\" id=\"Telefono_Contrataciones_951_127_403\"><\/span><strong>Tel\u00e9fono Contrataciones<br \/>\n951 127 403<\/strong><span class=\"ez-toc-section-end\"><\/span><\/h4>\n<p><\/div><\/div><\/div><br \/>\nSanen Mutua tiene un extenso horario para atender sus necesidad en los peores instantes. Un agente especialista le atender\u00e1 para cubrir sus necesidades y se ocupar\u00e1 de todos tr\u00e1mites de su seguro de decesos. La libre elecci\u00f3n del camposanto, tanatorio y corona, la gesti\u00f3n sobre la tramitaci\u00f3n funeraria, los gastos en ata\u00fad y servicios sanitarios, el traslado tanto nacional como internacional del fallecido y muchas otras coberturas que van a ser atendidas por los agentes expertos de Sanen Mutua. Con el mayor tacto y toda su profesionalidad, Sanen Mutua se encargar\u00e1 de tenerlo todo bajo control en ese duro momento de su vida. Adem\u00e1s, sus agentes van a tratar esta situaci\u00f3n con la delicadez, respeto y profesionalidad que mereces.<br \/>\n<\/div><\/p>\n<div class=\"colorf \"  ><div class=\"container clearfix\"><div class=\"col-md-7\"><\/p>\n<h2><span class=\"ez-toc-section\" id=\"%C2%BFComo_contactar_con_Sanen_Mutua\"><\/span>\u00bfC\u00f3mo contactar con Sanen Mutua?<span class=\"ez-toc-section-end\"><\/span><\/h2>\n<p>Para que le resulte posible contactar con Sanen Mutua, tiene a su disposici\u00f3n un tel\u00e9fono de contacto, absolutamente gratuito, un e mail, p\u00e1gina con un formulario a rellenar y perfiles en diferentes redes sociales.<br \/>\n<\/div><\/div><\/div>\n<h3><span class=\"ez-toc-section\" id=\"Telefono_gratuito_de_Sanen_Mutua\"><\/span>Tel\u00e9fono gratuito de Sanen Mutua<span class=\"ez-toc-section-end\"><\/span><\/h3>\n<p>El tel\u00e9fono de Sanen Mutua es absolutamente gratis. La llamada reali zada por la parte del usuario o bien del profesional, no va a tener ning\u00fan coste, con independencia del tiempo que dure. Este es uno de los m\u00e9todos m\u00e1s eficaces y sencillos, debido a que, casi todo el planeta, dispone de telefon\u00eda m\u00f3vil y tiene la facilidad de no tener que desplazarse a ninguna sede de la compa\u00f1\u00eda para poder preguntar y tratar el tema sobre su seguro de decesos. El servicio que Sanen Mutua te ofrece a trav\u00e9s de sus agentes te resolver\u00e1 todas y cada una de las cuestiones e inquietudes que tenga al terminar la llamada. Gracias a su gran profesionalidad va a quedar satisfecho con sus servicios. El n\u00famero es el: <strong>91 539 03 43.<\/strong><br \/>\n<div class=\"colorf\"><div class=\"container clearfix\"><div class=\"col-md-7\"><\/p>\n<div class=\"cabecera_tabla_ajustada \"  style=\"width:80%\" ><div class=\"row\"><\/div>\n<p><div class=\"fila_tabla4 \"  ><div class=\"row\"><div class=\"col-8 nosepara izq\"><p><strong>Tel\u00e9fono para contrataciones<\/strong><\/p><\/div><div class=\"col-4 nosepara centro\">951 127 403<\/div><\/div><\/div><div class=\"fila_tabla4 \"  ><div class=\"row\"><div class=\"col-8 nosepara izq\"><p><strong>Tel\u00e9fono informaci\u00f3n<\/strong><\/p><\/div><div class=\"col-4 nosepara centro\">91 530 77 28<\/div><\/div><\/div><\/p>\n<div class=\"pie_tabla \"  ><div class=\"row\"><div class=\"col-12 \"><\/div><\/div><\/div><\/div>\n<\/div><\/div><\/div>\n<h3><span class=\"ez-toc-section\" id=\"Horario_de_atencion_al_cliente_de_Sanen_Mutua\"><\/span>Horario de atenci\u00f3n al cliente de Sanen Mutua<span class=\"ez-toc-section-end\"><\/span><\/h3>\n<p>Para que puedas solucionar sus inquietudes, Sanen Mutua pone a su predisposici\u00f3n un horario flexible de atenci\u00f3n al usuario. De esta forma podr\u00e1 llamar cuando pueda y sus agentes van a poder ayudarle. La persona con la que hable le atender\u00e1 de la mejor forma posible, con un lenguaje claro y conciso para el buen comprensi\u00f3n. Si lo necesita su llamada va a ser desviada a un agente especialista en seguro de decesos que le podr\u00e1 ayudar con sus cuestiones y dudas sobre sus servicios contratados. Tras finalizar la llamada, habr\u00e1 recabado todos los datos precisos y ser\u00e1 de su agrado el trato recibido por la parte de la compa\u00f1\u00eda.<br \/>\n<div class=\"colorf\"><div class=\"container clearfix\"><div class=\"col-md-7\"><\/p>\n<h3><span class=\"ez-toc-section\" id=\"Correo_electronico_de_Sanen_Mutua\"><\/span>Correo electr\u00f3nico de Sanen Mutua<span class=\"ez-toc-section-end\"><\/span><\/h3>\n<p>La poblaci\u00f3n est\u00e1 al tanto de lo esencial que es, en los tiempos que vivimos, Internet, por lo que disponen de perfiles en plataformas de correo como Hotmail o Gmail. para poder hacer distintos tr\u00e1mites, env\u00edos de archivos, consultas. El uso de dicha herramienta favorecer\u00e1 el poder recibir datos y tambi\u00e9n informaci\u00f3n sobre su seguro de decesos. Sanen Mutua dispone de la pr\u00f3xima direcci\u00f3n de mail <strong>info@sanenmutua.es<\/strong> para que pueda hacer llegar cualquier consulta o bien duda que le brote sobre su p\u00f3liza, el tipo de prima, u otro tema. Al desempe\u00f1ar la funci\u00f3n del env\u00edo de un correo, la contestaci\u00f3n que consiga va a ser la mejor y, terminante, para poder aclarar sus ideas.<br \/>\n<\/div><\/div><\/div><\/p>\n<h3><span class=\"ez-toc-section\" id=\"Formulario_en_el_sitio_Web_de_Sanen_Mutua\"><\/span>Formulario en el sitio Web de Sanen Mutua<span class=\"ez-toc-section-end\"><\/span><\/h3>\n<p>Internet hoy en d\u00eda es la herramienta m\u00e1s utilizada en la vida cotidiana de la gente. Su simpleza se ha transformado en \u00e9xito. Con teclear una palabra o frase hallar\u00e1s millones de resultados relacionados con su b\u00fasqueda. Escriba en su buscador <strong>http:\/\/sanenmutua.es\/<\/strong> y va a poder acceder de forma sencilla y veloz a la p\u00e1gina web de Sanen Mutua. Ah\u00ed encontrar\u00e1 la informaci\u00f3n b\u00e1sica sobre el seguro de decesos que tienen a su predisposici\u00f3n, sus costes, ventajas, los servicios que ofrecen\u2026 para que pueda tener una idea sobre este. Sanen Mutua pone a su predisposici\u00f3n un formulario que debe rellenar con su nombre y apellidos, e-mail, tel\u00e9fono de contacto, etc. Una vez finalizado y mandado, uno de los profesionales de la compa\u00f1\u00eda se pondr\u00e1 en contacto para poder resolverle cualquier duda o cuesti\u00f3n.<br \/>\n<div class=\"colorf\"><div class=\"container clearfix\"><div class=\"col-md-7\"><\/p>\n<h3><span class=\"ez-toc-section\" id=\"Redes_sociales_de_Sanen_Mutua\"><\/span>Redes sociales de Sanen Mutua<span class=\"ez-toc-section-end\"><\/span><\/h3>\n<p>Instagram, Twitter, TikTok o Fb son una de las apps m\u00e1s empleadas en la actualidad y donde sus usuarios pasan m\u00e1s tiempo. Son una herramienta \u00fatil para enviar informaci\u00f3n de manera sencilla a miles de personas. Sanen Mutua dispone de algunas de estas redes sociales para que pueda estar al corriente de todas las novedades de la compa\u00f1\u00eda de seguros de decesos: ofertas, ubicaci\u00f3n de sus oficinas, de qu\u00e9 manera trabajan, etc\u00e9tera Adem\u00e1s de esto asimismo disponen de enlaces directos a su p\u00e1gina web donde puedes continuar ampliando toda esta informaci\u00f3n. Sanen Mutua cuenta con algunos perfiles que te permiten ponerte en contactos con ellos para poder resolver cualquier cuesti\u00f3n que te brote en ese momento o bien hacerte un posible asesoramiento futuro.<br \/>\n<\/div><\/div><\/div><\/p>\n<\/div>\n<p><div class=\"oficinas\"> <h3><span class=\"ez-toc-section\" id=\"Paginas_relacionadas\"><\/span>P\u00e1ginas relacionadas<span class=\"ez-toc-section-end\"><\/span><\/h3><div class=\"enlazado\"><ul> <li><a href=\"https:\/\/idecesos.com\/seguros\/companias\/sanen-mutua\/opiniones\/\">Opiniones Sanen Mutua<\/a><\/li> <li><a href=\"https:\/\/idecesos.com\/seguros\/companias\/sanen-mutua\/precio\/\">Precio seguro Sanen Mutua<\/a><\/li> <li><a href=\"https:\/\/idecesos.com\/seguros\/companias\/sanen-mutua\/prima-mixta\/\">Sanen Mutua Prima Mixta<\/a><\/li> <li><a href=\"https:\/\/idecesos.com\/seguros\/companias\/sanen-mutua\/prima-natural\/\">Sanen Mutua Prima Natural<\/a><\/li> <li><a href=\"https:\/\/idecesos.com\/seguros\/companias\/sanen-mutua\/prima-nivelada\/\">Sanen Mutua Prima Nivelada<\/a><\/li> <li><a href=\"https:\/\/idecesos.com\/seguros\/companias\/sanen-mutua\/prima-unica\/\">Sanen Mutua Prima \u00danica<\/a><\/li> <li><a href=\"https:\/\/idecesos.com\/seguros\/companias\/sanen-mutua\/repatriacion\/\">Sanen Mutua Repatriaci\u00f3n<\/a><\/li> <li><a href=\"https:\/\/idecesos.com\/seguros\/companias\/sanen-mutua\/telefono\/\">Tel\u00e9fono Gratuito Sanen Mutua<\/a><\/li><\/ul><\/div> <\/div><\/p>\n","protected":false},"excerpt":{"rendered":"<p>Sanen Mutua tiene un extenso horario para atender sus necesidad en los peores instantes. Un agente especialista le atender\u00e1 para cubrir sus necesidades y se ocupar\u00e1 de todos tr\u00e1mites de su seguro de decesos. La libre elecci\u00f3n del camposanto, tanatorio y corona, la gesti\u00f3n sobre la tramitaci\u00f3n funeraria, los gastos en ata\u00fad y servicios sanitarios,&hellip; <\/p>\n","protected":false},"author":1,"featured_media":0,"parent":9503,"menu_order":0,"comment_status":"closed","ping_status":"closed","template":"single.php","meta":{"footnotes":""},"class_list":["post-15450","page","type-page","status-publish","hentry"],"yoast_head":"<!-- This site is optimized with the Yoast SEO plugin v27.3 - https:\/\/yoast.com\/product\/yoast-seo-wordpress\/ -->\n<title>Tel\u00e9fono Gratuito Sanen Mutua \u25b7Atenci\u00f3n Cliente, Email, RRSS, Web<\/title>\n<meta name=\"description\" content=\"Busca aqu\u00ed\u3010Sanen Mutua seguros tel\u00e9fono gratuito\u3011Sanen Mutua Decesos tel\u00e9fono gratis: atenci\u00f3n al cliente y contrataciones \u2611\ufe0fVerificado en 2026\" \/>\n<meta name=\"robots\" content=\"index, follow, max-snippet:-1, max-image-preview:large, max-video-preview:-1\" \/>\n<link rel=\"canonical\" href=\"https:\/\/idecesos.com\/seguros\/companias\/sanen-mutua\/telefono\/\" \/>\n<meta property=\"og:locale\" content=\"es_ES\" \/>\n<meta property=\"og:type\" content=\"article\" \/>\n<meta property=\"og:title\" content=\"Tel\u00e9fono Gratuito Sanen Mutua \u25b7Atenci\u00f3n Cliente, Email, RRSS, Web\" \/>\n<meta property=\"og:description\" content=\"Busca aqu\u00ed\u3010Sanen Mutua seguros tel\u00e9fono gratuito\u3011Sanen Mutua Decesos tel\u00e9fono gratis: atenci\u00f3n al cliente y contrataciones \u2611\ufe0fVerificado en 2026\" \/>\n<meta property=\"og:url\" content=\"https:\/\/idecesos.com\/seguros\/companias\/sanen-mutua\/telefono\/\" \/>\n<meta property=\"article:modified_time\" content=\"2022-04-07T11:39:13+00:00\" \/>\n<meta name=\"twitter:card\" content=\"summary_large_image\" \/>\n<meta name=\"twitter:label1\" content=\"Tiempo de lectura\" \/>\n\t<meta name=\"twitter:data1\" content=\"4 minutos\" \/>\n<script type=\"application\/ld+json\" class=\"yoast-schema-graph\">{\"@context\":\"https:\\\/\\\/schema.org\",\"@graph\":[{\"@type\":\"WebPage\",\"@id\":\"https:\\\/\\\/idecesos.com\\\/seguros\\\/companias\\\/sanen-mutua\\\/telefono\\\/\",\"url\":\"https:\\\/\\\/idecesos.com\\\/seguros\\\/companias\\\/sanen-mutua\\\/telefono\\\/\",\"name\":\"Tel\u00e9fono Gratuito Sanen Mutua \u25b7Atenci\u00f3n Cliente, Email, RRSS, Web\",\"isPartOf\":{\"@id\":\"https:\\\/\\\/idecesos.com\\\/seguros\\\/#website\"},\"datePublished\":\"2021-11-25T10:17:56+00:00\",\"dateModified\":\"2022-04-07T11:39:13+00:00\",\"description\":\"Busca aqu\u00ed\u3010Sanen Mutua seguros tel\u00e9fono gratuito\u3011Sanen Mutua Decesos tel\u00e9fono gratis: atenci\u00f3n al cliente y contrataciones \u2611\ufe0fVerificado en 2026\",\"breadcrumb\":{\"@id\":\"https:\\\/\\\/idecesos.com\\\/seguros\\\/companias\\\/sanen-mutua\\\/telefono\\\/#breadcrumb\"},\"inLanguage\":\"es\",\"potentialAction\":[{\"@type\":\"ReadAction\",\"target\":[\"https:\\\/\\\/idecesos.com\\\/seguros\\\/companias\\\/sanen-mutua\\\/telefono\\\/\"]}]},{\"@type\":\"BreadcrumbList\",\"@id\":\"https:\\\/\\\/idecesos.com\\\/seguros\\\/companias\\\/sanen-mutua\\\/telefono\\\/#breadcrumb\",\"itemListElement\":[{\"@type\":\"ListItem\",\"position\":1,\"name\":\"Portada\",\"item\":\"https:\\\/\\\/idecesos.com\\\/seguros\\\/\"},{\"@type\":\"ListItem\",\"position\":2,\"name\":\"Compa\u00f1\u00edas de Seguros de Decesos en Espa\u00f1a\",\"item\":\"https:\\\/\\\/idecesos.com\\\/seguros\\\/companias\\\/\"},{\"@type\":\"ListItem\",\"position\":3,\"name\":\"Seguro de decesos Sanen Mutua\",\"item\":\"https:\\\/\\\/idecesos.com\\\/seguros\\\/companias\\\/sanen-mutua\\\/\"},{\"@type\":\"ListItem\",\"position\":4,\"name\":\"Atenci\u00f3n al cliente Sanen Mutua: telefono gratuito, e-mail\"}]},{\"@type\":\"WebSite\",\"@id\":\"https:\\\/\\\/idecesos.com\\\/seguros\\\/#website\",\"url\":\"https:\\\/\\\/idecesos.com\\\/seguros\\\/\",\"name\":\"\",\"description\":\"\",\"potentialAction\":[{\"@type\":\"SearchAction\",\"target\":{\"@type\":\"EntryPoint\",\"urlTemplate\":\"https:\\\/\\\/idecesos.com\\\/seguros\\\/?s={search_term_string}\"},\"query-input\":{\"@type\":\"PropertyValueSpecification\",\"valueRequired\":true,\"valueName\":\"search_term_string\"}}],\"inLanguage\":\"es\"}]}<\/script>\n<!-- \/ Yoast SEO plugin. -->","yoast_head_json":{"title":"Tel\u00e9fono Gratuito Sanen Mutua \u25b7Atenci\u00f3n Cliente, Email, RRSS, Web","description":"Busca aqu\u00ed\u3010Sanen Mutua seguros tel\u00e9fono gratuito\u3011Sanen Mutua Decesos tel\u00e9fono gratis: atenci\u00f3n al cliente y contrataciones \u2611\ufe0fVerificado en 2026","robots":{"index":"index","follow":"follow","max-snippet":"max-snippet:-1","max-image-preview":"max-image-preview:large","max-video-preview":"max-video-preview:-1"},"canonical":"https:\/\/idecesos.com\/seguros\/companias\/sanen-mutua\/telefono\/","og_locale":"es_ES","og_type":"article","og_title":"Tel\u00e9fono Gratuito Sanen Mutua \u25b7Atenci\u00f3n Cliente, Email, RRSS, Web","og_description":"Busca aqu\u00ed\u3010Sanen Mutua seguros tel\u00e9fono gratuito\u3011Sanen Mutua Decesos tel\u00e9fono gratis: atenci\u00f3n al cliente y contrataciones \u2611\ufe0fVerificado en 2026","og_url":"https:\/\/idecesos.com\/seguros\/companias\/sanen-mutua\/telefono\/","article_modified_time":"2022-04-07T11:39:13+00:00","twitter_card":"summary_large_image","twitter_misc":{"Tiempo de lectura":"4 minutos"},"schema":{"@context":"https:\/\/schema.org","@graph":[{"@type":"WebPage","@id":"https:\/\/idecesos.com\/seguros\/companias\/sanen-mutua\/telefono\/","url":"https:\/\/idecesos.com\/seguros\/companias\/sanen-mutua\/telefono\/","name":"Tel\u00e9fono Gratuito Sanen Mutua \u25b7Atenci\u00f3n Cliente, Email, RRSS, Web","isPartOf":{"@id":"https:\/\/idecesos.com\/seguros\/#website"},"datePublished":"2021-11-25T10:17:56+00:00","dateModified":"2022-04-07T11:39:13+00:00","description":"Busca aqu\u00ed\u3010Sanen Mutua seguros tel\u00e9fono gratuito\u3011Sanen Mutua Decesos tel\u00e9fono gratis: atenci\u00f3n al cliente y contrataciones \u2611\ufe0fVerificado en 2026","breadcrumb":{"@id":"https:\/\/idecesos.com\/seguros\/companias\/sanen-mutua\/telefono\/#breadcrumb"},"inLanguage":"es","potentialAction":[{"@type":"ReadAction","target":["https:\/\/idecesos.com\/seguros\/companias\/sanen-mutua\/telefono\/"]}]},{"@type":"BreadcrumbList","@id":"https:\/\/idecesos.com\/seguros\/companias\/sanen-mutua\/telefono\/#breadcrumb","itemListElement":[{"@type":"ListItem","position":1,"name":"Portada","item":"https:\/\/idecesos.com\/seguros\/"},{"@type":"ListItem","position":2,"name":"Compa\u00f1\u00edas de Seguros de Decesos en Espa\u00f1a","item":"https:\/\/idecesos.com\/seguros\/companias\/"},{"@type":"ListItem","position":3,"name":"Seguro de decesos Sanen Mutua","item":"https:\/\/idecesos.com\/seguros\/companias\/sanen-mutua\/"},{"@type":"ListItem","position":4,"name":"Atenci\u00f3n al cliente Sanen Mutua: telefono gratuito, e-mail"}]},{"@type":"WebSite","@id":"https:\/\/idecesos.com\/seguros\/#website","url":"https:\/\/idecesos.com\/seguros\/","name":"","description":"","potentialAction":[{"@type":"SearchAction","target":{"@type":"EntryPoint","urlTemplate":"https:\/\/idecesos.com\/seguros\/?s={search_term_string}"},"query-input":{"@type":"PropertyValueSpecification","valueRequired":true,"valueName":"search_term_string"}}],"inLanguage":"es"}]}},"_links":{"self":[{"href":"https:\/\/idecesos.com\/seguros\/wp-json\/wp\/v2\/pages\/15450","targetHints":{"allow":["GET"]}}],"collection":[{"href":"https:\/\/idecesos.com\/seguros\/wp-json\/wp\/v2\/pages"}],"about":[{"href":"https:\/\/idecesos.com\/seguros\/wp-json\/wp\/v2\/types\/page"}],"author":[{"embeddable":true,"href":"https:\/\/idecesos.com\/seguros\/wp-json\/wp\/v2\/users\/1"}],"replies":[{"embeddable":true,"href":"https:\/\/idecesos.com\/seguros\/wp-json\/wp\/v2\/comments?post=15450"}],"version-history":[{"count":8,"href":"https:\/\/idecesos.com\/seguros\/wp-json\/wp\/v2\/pages\/15450\/revisions"}],"predecessor-version":[{"id":21071,"href":"https:\/\/idecesos.com\/seguros\/wp-json\/wp\/v2\/pages\/15450\/revisions\/21071"}],"up":[{"embeddable":true,"href":"https:\/\/idecesos.com\/seguros\/wp-json\/wp\/v2\/pages\/9503"}],"wp:attachment":[{"href":"https:\/\/idecesos.com\/seguros\/wp-json\/wp\/v2\/media?parent=15450"}],"curies":[{"name":"wp","href":"https:\/\/api.w.org\/{rel}","templated":true}]}}