{"id":15452,"date":"2021-11-26T09:13:15","date_gmt":"2021-11-25T10:17:57","guid":{"rendered":"https:\/\/idecesos.com\/seguros\/companias\/previsora-general\/telefono\/"},"modified":"2022-04-07T11:54:58","modified_gmt":"2022-04-07T11:54:58","slug":"telefono","status":"publish","type":"page","link":"https:\/\/idecesos.com\/seguros\/companias\/previsora-general\/telefono\/","title":{"rendered":"Atenci\u00f3n al cliente Previsora General: telefono gratuito, e-mail"},"content":{"rendered":"<div id=\"ez-toc-container\" class=\"ez-toc-v2_0_82_2 ez-toc-wrap-center counter-hierarchy ez-toc-counter ez-toc-custom ez-toc-container-direction\">\n<div class=\"ez-toc-title-container\">\n<p class=\"ez-toc-title\" style=\"cursor:inherit\">Tabla de Contenido<\/p>\n<span class=\"ez-toc-title-toggle\"><a href=\"#\" class=\"ez-toc-pull-right ez-toc-btn ez-toc-btn-xs ez-toc-btn-default ez-toc-toggle\" aria-label=\"Alternar tabla de contenidos\"><span class=\"ez-toc-js-icon-con\"><span class=\"\"><span class=\"eztoc-hide\" style=\"display:none;\">Toggle<\/span><span class=\"ez-toc-icon-toggle-span\"><svg style=\"fill: #db6415;color:#db6415\" xmlns=\"http:\/\/www.w3.org\/2000\/svg\" class=\"list-377408\" width=\"20px\" height=\"20px\" viewBox=\"0 0 24 24\" fill=\"none\"><path d=\"M6 6H4v2h2V6zm14 0H8v2h12V6zM4 11h2v2H4v-2zm16 0H8v2h12v-2zM4 16h2v2H4v-2zm16 0H8v2h12v-2z\" fill=\"currentColor\"><\/path><\/svg><svg style=\"fill: #db6415;color:#db6415\" class=\"arrow-unsorted-368013\" xmlns=\"http:\/\/www.w3.org\/2000\/svg\" width=\"10px\" height=\"10px\" viewBox=\"0 0 24 24\" version=\"1.2\" baseProfile=\"tiny\"><path d=\"M18.2 9.3l-6.2-6.3-6.2 6.3c-.2.2-.3.4-.3.7s.1.5.3.7c.2.2.4.3.7.3h11c.3 0 .5-.1.7-.3.2-.2.3-.5.3-.7s-.1-.5-.3-.7zM5.8 14.7l6.2 6.3 6.2-6.3c.2-.2.3-.5.3-.7s-.1-.5-.3-.7c-.2-.2-.4-.3-.7-.3h-11c-.3 0-.5.1-.7.3-.2.2-.3.5-.3.7s.1.5.3.7z\"\/><\/svg><\/span><\/span><\/span><\/a><\/span><\/div>\n<nav><ul class='ez-toc-list ez-toc-list-level-1 ' ><ul class='ez-toc-list-level-4' ><li class='ez-toc-heading-level-4'><ul class='ez-toc-list-level-4' ><li class='ez-toc-heading-level-4'><a class=\"ez-toc-link ez-toc-heading-1\" href=\"https:\/\/idecesos.com\/seguros\/companias\/previsora-general\/telefono\/#Telefono_Contrataciones_951_127_403\" >Tel\u00e9fono Contrataciones \n951 127 403<\/a><\/li><\/ul><\/li><\/ul><\/li><li class='ez-toc-page-1 ez-toc-heading-level-2'><a class=\"ez-toc-link ez-toc-heading-2\" href=\"https:\/\/idecesos.com\/seguros\/companias\/previsora-general\/telefono\/#%C2%BFComo_contactar_con_Previsora_General\" >\u00bfC\u00f3mo contactar con Previsora General?<\/a><ul class='ez-toc-list-level-3' ><li class='ez-toc-heading-level-3'><a class=\"ez-toc-link ez-toc-heading-3\" href=\"https:\/\/idecesos.com\/seguros\/companias\/previsora-general\/telefono\/#Telefono_gratuito_de_Previsora_General\" >Tel\u00e9fono gratuito de Previsora General<\/a><\/li><li class='ez-toc-page-1 ez-toc-heading-level-3'><a class=\"ez-toc-link ez-toc-heading-4\" href=\"https:\/\/idecesos.com\/seguros\/companias\/previsora-general\/telefono\/#Horario_de_atencion_al_cliente_de_Previsora_General\" >Horario de atenci\u00f3n al cliente de Previsora General<\/a><\/li><li class='ez-toc-page-1 ez-toc-heading-level-3'><a class=\"ez-toc-link ez-toc-heading-5\" href=\"https:\/\/idecesos.com\/seguros\/companias\/previsora-general\/telefono\/#Correo_electronico_de_Previsora_General\" >Correo electr\u00f3nico de Previsora General<\/a><\/li><li class='ez-toc-page-1 ez-toc-heading-level-3'><a class=\"ez-toc-link ez-toc-heading-6\" href=\"https:\/\/idecesos.com\/seguros\/companias\/previsora-general\/telefono\/#Formulario_en_el_sitio_Web_de_Previsora_General\" >Formulario en el sitio Web de Previsora General<\/a><\/li><li class='ez-toc-page-1 ez-toc-heading-level-3'><a class=\"ez-toc-link ez-toc-heading-7\" href=\"https:\/\/idecesos.com\/seguros\/companias\/previsora-general\/telefono\/#Redes_sociales_de_Previsora_General\" >Redes sociales de Previsora General<\/a><\/li><li class='ez-toc-page-1 ez-toc-heading-level-3'><a class=\"ez-toc-link ez-toc-heading-8\" href=\"https:\/\/idecesos.com\/seguros\/companias\/previsora-general\/telefono\/#Paginas_relacionadas\" >P\u00e1ginas relacionadas<\/a><\/li><\/ul><\/li><\/ul><\/nav><\/div>\n\n<div class=\"caja\">\n<div class=\"cajaIcono2 \"  ><div class=\"cuadro\" style=\"box-shadow: inset 0 0 0 3px #ff790e\"><div class=\"iconoCircular\" style=\"border: 3px solid #ff790e\">\t\t\n\t\t\t\t\t<div class=\"iconoCirculo\">\n\t\t\t\t\t  <i class=\"fas fa-phone-volume\"><\/i>\n\t\t\t\t\t<\/div>\n\t\t\t\t<\/div><div class=\"\">\n<h4 style=\"text-align: center;\"><span class=\"ez-toc-section\" id=\"Telefono_Contrataciones_951_127_403\"><\/span><strong>Tel\u00e9fono Contrataciones<br \/>\n951 127 403<\/strong><span class=\"ez-toc-section-end\"><\/span><\/h4>\n<p><\/div><\/div><\/div><br \/>\nEs accesible a todo aquel quiera, los m\u00e9todos de contacto que ofrece Previsora General para poder encontrar la informaci\u00f3n necesaria de forma f\u00e1cil. Los aconsejes y expertos le dar\u00e1n contestaciones sucintas y sencillas, sobre su seguro de decesos, con cada uno de los m\u00e9todos que elija y, adem\u00e1s de esto, no ser\u00e1 preciso su desplazamiento para esto. Perder a un familiar o ser querido es una ocasi\u00f3n dur\u00edsima y complicada, por lo que todos los miembros de la compa\u00f1\u00eda respetar\u00e1n cada instante del proceso y, sobre todo, finalizar\u00e1n todos los tr\u00e1mites antes de la fecha. Se le dar\u00e1 toda la informaci\u00f3n respectiva a su seguro, como coberturas, la indemnizaci\u00f3n que pueda percibir por la hospitalizaci\u00f3n, los servicios de testamento y mortuorio, y m\u00e1s.<br \/>\n<\/div><\/p>\n<div class=\"colorf \"  ><div class=\"container clearfix\"><div class=\"col-md-7\"><\/p>\n<h2><span class=\"ez-toc-section\" id=\"%C2%BFComo_contactar_con_Previsora_General\"><\/span>\u00bfC\u00f3mo contactar con Previsora General?<span class=\"ez-toc-section-end\"><\/span><\/h2>\n<p>Gratuitamente, puede contactar con Previsora General, mandando un e-mail a la direcci\u00f3n de correo electr\u00f3nico que ofrecen, llamando al n\u00famero de contacto en horario de atenci\u00f3n al usuario, rellenando un formulario en su p\u00e1gina web y a trav\u00e9s de los perfiles en sus redes sociales.<br \/>\n<\/div><\/div><\/div>\n<h3><span class=\"ez-toc-section\" id=\"Telefono_gratuito_de_Previsora_General\"><\/span>Tel\u00e9fono gratuito de Previsora General<span class=\"ez-toc-section-end\"><\/span><\/h3>\n<p>El siguiente n\u00famero gratis <strong>933 041 600<\/strong>, est\u00e1 a su disposici\u00f3n a fin de que pueda mantener un buen di\u00e1logo con la compa\u00f1\u00eda. Pensando en sus necesidades, efectuar esa llamada le llevar\u00e1 a un mundo lleno de respuestas, sobre cualquier pregunta que tenga acerca de su seguro de decesos. Es indiferente la duraci\u00f3n de la llamada, su total no le acarrear\u00e1 ning\u00fan costo. Sin tener que planificar nada, este procedimiento resulta ser el m\u00e1s simple y provechoso, sobre todo por la fluidez que se genera en la conversaci\u00f3n.<br \/>\n<div class=\"colorf\"><div class=\"container clearfix\"><div class=\"col-md-7\"><\/p>\n<div class=\"cabecera_tabla_ajustada \"  style=\"width:80%\" ><div class=\"row\"><\/div>\n<div class=\"fila_tabla4 \"  ><div class=\"row\"><div class=\"col-8 nosepara izq\"><p><strong>Tel\u00e9fono para contrataciones<\/strong><\/p><\/div><div class=\"col-4 nosepara centro\">951 127 403<\/div><\/div><\/div>\n<div class=\"pie_tabla \"  ><div class=\"row\"><div class=\"col-12 \"><\/div><\/div><\/div><\/div>\n<\/div><\/div><\/div>\n<h3><span class=\"ez-toc-section\" id=\"Horario_de_atencion_al_cliente_de_Previsora_General\"><\/span>Horario de atenci\u00f3n al cliente de Previsora General<span class=\"ez-toc-section-end\"><\/span><\/h3>\n<p>Previsora General ofrece un horario variad\u00edsimo para que pueda ponerse en contacto con ellos en cualquier momento del d\u00eda y de este modo puede solventar sus dudas en su tiempo libre sin preocuparse por nada. La persona que le atender\u00e1 va a pasar su llamada a uno de los expertos de Previsora General para que pueda hablar con usted y pueda solventarle cualquier duda o bien cuesti\u00f3n que tenga sobre su seguro de decesos contratado. Merced a esta llamada sus dudas por las que hab\u00eda contactado con los agentes de Previsora General van a quedar resueltas.<br \/>\n<div class=\"colorf\"><div class=\"container clearfix\"><div class=\"col-md-7\"><\/p>\n<h3><span class=\"ez-toc-section\" id=\"Correo_electronico_de_Previsora_General\"><\/span>Correo electr\u00f3nico de Previsora General<span class=\"ez-toc-section-end\"><\/span><\/h3>\n<p>Tras la llegada de Internet, la creaci\u00f3n de perfiles en plataformas como Hotmail o bien Gmail, hacen sencillo el env\u00edo y recibo de mensajes y documentos. En consecuencia, Previsora General ha creado la siguiente direcci\u00f3n de mail <strong>consultas@previsorageneral.com<\/strong>\u00a0para que pueda establecer una buena conexi\u00f3n con los profesionales que van a estar a su predisposici\u00f3n. Cada profesional le responder\u00e1 de manera r\u00e1pida, reflejando la experiencia que tienen y el respeto cara el tema que desee tratar en torno a sus seguro de decesos.<br \/>\n<\/div><\/div><\/div><\/p>\n<h3><span class=\"ez-toc-section\" id=\"Formulario_en_el_sitio_Web_de_Previsora_General\"><\/span>Formulario en el sitio Web de Previsora General<span class=\"ez-toc-section-end\"><\/span><\/h3>\n<p>Internet en la actualidad es la herramienta m\u00e1s utilizada en la vida cotidiana de la gente. Su simpleza se ha convertido en \u00e9xito. Con teclear una palabra o oraci\u00f3n encontrar\u00e1s millones de resultados relacionados con su b\u00fasqueda. Con solo poner en Google <strong>www.previsorageneral.com\/<\/strong> acceder\u00e1 f\u00e1cilmente a la web de Previsora General. Ah\u00ed hallar\u00e1 la informaci\u00f3n b\u00e1sica sobre el seguro de decesos que tienen a su disposici\u00f3n, sus costos, ventajas, los servicios que ofrecen\u2026 para que pueda tener una peque\u00f1a idea sobre este. La web te facilita un formulario simple de rellenar en el que deber\u00e1 llenar diferentes campos: nombre y apellidos, n\u00famero de tel\u00e9fono, e mail, etc\u00e9teraFinalizado dicho formulario, un agente de Previsora General se pondr\u00e1 en contacto con a la mayor brevedad para resolver sus dudas.<br \/>\n<div class=\"colorf\"><div class=\"container clearfix\"><div class=\"col-md-7\"><\/p>\n<h3><span class=\"ez-toc-section\" id=\"Redes_sociales_de_Previsora_General\"><\/span>Redes sociales de Previsora General<span class=\"ez-toc-section-end\"><\/span><\/h3>\n<p>Las redes sociales est\u00e1n a la orden del d\u00eda: Instagram, Facebook, Twitter\u2026 Son una herramienta muy \u00fatil que llega, a diario, a miles y miles de personas. Previsora General dispone de algunas de estas redes sociales a fin de que pueda estar al tanto de todas las novedades de la empresa de seguros de decesos: ofertas, localizaci\u00f3n de sus oficinas, de qu\u00e9 forma trabajan, etc. Adem\u00e1s de esto tambi\u00e9n disponen de enlaces directos a su p\u00e1gina web donde puedes continuar ampliando toda esta informaci\u00f3n. Determinados perfiles de Previsora General te dejan contactar con ellos a fin de que pueda resolver cualquier tipo de duda o bien pueda ampliar la informaci\u00f3n que ya dan en su perfil.<br \/>\n<\/div><\/div><\/div><\/p>\n<\/div>\n<p><div class=\"oficinas\"> <h3><span class=\"ez-toc-section\" id=\"Paginas_relacionadas\"><\/span>P\u00e1ginas relacionadas<span class=\"ez-toc-section-end\"><\/span><\/h3><div class=\"enlazado\"><ul> <li><a href=\"https:\/\/idecesos.com\/seguros\/companias\/previsora-general\/opiniones\/\">Opiniones Previsora General<\/a><\/li> <li><a href=\"https:\/\/idecesos.com\/seguros\/companias\/previsora-general\/precio\/\">Precio seguro Previsora General<\/a><\/li> <li><a href=\"https:\/\/idecesos.com\/seguros\/companias\/previsora-general\/prima-mixta\/\">Previsora General Prima Mixta<\/a><\/li> <li><a href=\"https:\/\/idecesos.com\/seguros\/companias\/previsora-general\/prima-natural\/\">Previsora General Prima Natural<\/a><\/li> <li><a href=\"https:\/\/idecesos.com\/seguros\/companias\/previsora-general\/prima-nivelada\/\">Previsora General Prima Nivelada<\/a><\/li> <li><a href=\"https:\/\/idecesos.com\/seguros\/companias\/previsora-general\/prima-unica\/\">Previsora General Prima \u00danica<\/a><\/li> <li><a href=\"https:\/\/idecesos.com\/seguros\/companias\/previsora-general\/repatriacion\/\">Previsora General Repatriaci\u00f3n<\/a><\/li> <li><a href=\"https:\/\/idecesos.com\/seguros\/companias\/previsora-general\/telefono\/\">Tel\u00e9fono Gratuito Previsora General<\/a><\/li><\/ul><\/div> <\/div><\/p>\n","protected":false},"excerpt":{"rendered":"<p>Es accesible a todo aquel quiera, los m\u00e9todos de contacto que ofrece Previsora General para poder encontrar la informaci\u00f3n necesaria de forma f\u00e1cil. Los aconsejes y expertos le dar\u00e1n contestaciones sucintas y sencillas, sobre su seguro de decesos, con cada uno de los m\u00e9todos que elija y, adem\u00e1s de esto, no ser\u00e1 preciso su desplazamiento&hellip; <\/p>\n","protected":false},"author":1,"featured_media":0,"parent":9508,"menu_order":0,"comment_status":"closed","ping_status":"closed","template":"single.php","meta":{"footnotes":""},"class_list":["post-15452","page","type-page","status-publish","hentry"],"yoast_head":"<!-- This site is optimized with the Yoast SEO plugin v27.4 - https:\/\/yoast.com\/product\/yoast-seo-wordpress\/ -->\n<title>Tel\u00e9fono Gratuito Previsora General \u25b7Atenci\u00f3n Cliente, Email, RRSS, Web<\/title>\n<meta name=\"description\" content=\"Busca aqu\u00ed\u3010Previsora General seguros tel\u00e9fono gratuito\u3011Previsora General Decesos tel\u00e9fono gratis: atenci\u00f3n al cliente y contrataciones \u2611\ufe0fVerificado en 2026\" \/>\n<meta name=\"robots\" content=\"index, follow, max-snippet:-1, max-image-preview:large, max-video-preview:-1\" \/>\n<link rel=\"canonical\" href=\"https:\/\/idecesos.com\/seguros\/companias\/previsora-general\/telefono\/\" \/>\n<meta property=\"og:locale\" content=\"es_ES\" \/>\n<meta property=\"og:type\" content=\"article\" \/>\n<meta property=\"og:title\" content=\"Tel\u00e9fono Gratuito Previsora General \u25b7Atenci\u00f3n Cliente, Email, RRSS, Web\" \/>\n<meta property=\"og:description\" content=\"Busca aqu\u00ed\u3010Previsora General seguros tel\u00e9fono gratuito\u3011Previsora General Decesos tel\u00e9fono gratis: atenci\u00f3n al cliente y contrataciones \u2611\ufe0fVerificado en 2026\" \/>\n<meta property=\"og:url\" content=\"https:\/\/idecesos.com\/seguros\/companias\/previsora-general\/telefono\/\" \/>\n<meta property=\"article:modified_time\" content=\"2022-04-07T11:54:58+00:00\" \/>\n<meta name=\"twitter:card\" content=\"summary_large_image\" \/>\n<meta name=\"twitter:label1\" content=\"Tiempo de lectura\" \/>\n\t<meta name=\"twitter:data1\" content=\"4 minutos\" \/>\n<script type=\"application\/ld+json\" class=\"yoast-schema-graph\">{\"@context\":\"https:\\\/\\\/schema.org\",\"@graph\":[{\"@type\":\"WebPage\",\"@id\":\"https:\\\/\\\/idecesos.com\\\/seguros\\\/companias\\\/previsora-general\\\/telefono\\\/\",\"url\":\"https:\\\/\\\/idecesos.com\\\/seguros\\\/companias\\\/previsora-general\\\/telefono\\\/\",\"name\":\"Tel\u00e9fono Gratuito Previsora General \u25b7Atenci\u00f3n Cliente, Email, RRSS, Web\",\"isPartOf\":{\"@id\":\"https:\\\/\\\/idecesos.com\\\/seguros\\\/#website\"},\"datePublished\":\"2021-11-25T10:17:57+00:00\",\"dateModified\":\"2022-04-07T11:54:58+00:00\",\"description\":\"Busca aqu\u00ed\u3010Previsora General seguros tel\u00e9fono gratuito\u3011Previsora General Decesos tel\u00e9fono gratis: atenci\u00f3n al cliente y contrataciones \u2611\ufe0fVerificado en 2026\",\"breadcrumb\":{\"@id\":\"https:\\\/\\\/idecesos.com\\\/seguros\\\/companias\\\/previsora-general\\\/telefono\\\/#breadcrumb\"},\"inLanguage\":\"es\",\"potentialAction\":[{\"@type\":\"ReadAction\",\"target\":[\"https:\\\/\\\/idecesos.com\\\/seguros\\\/companias\\\/previsora-general\\\/telefono\\\/\"]}]},{\"@type\":\"BreadcrumbList\",\"@id\":\"https:\\\/\\\/idecesos.com\\\/seguros\\\/companias\\\/previsora-general\\\/telefono\\\/#breadcrumb\",\"itemListElement\":[{\"@type\":\"ListItem\",\"position\":1,\"name\":\"Portada\",\"item\":\"https:\\\/\\\/idecesos.com\\\/seguros\\\/\"},{\"@type\":\"ListItem\",\"position\":2,\"name\":\"Compa\u00f1\u00edas de Seguros de Decesos en Espa\u00f1a\",\"item\":\"https:\\\/\\\/idecesos.com\\\/seguros\\\/companias\\\/\"},{\"@type\":\"ListItem\",\"position\":3,\"name\":\"Seguro de decesos Previsora General\",\"item\":\"https:\\\/\\\/idecesos.com\\\/seguros\\\/companias\\\/previsora-general\\\/\"},{\"@type\":\"ListItem\",\"position\":4,\"name\":\"Atenci\u00f3n al cliente Previsora General: telefono gratuito, e-mail\"}]},{\"@type\":\"WebSite\",\"@id\":\"https:\\\/\\\/idecesos.com\\\/seguros\\\/#website\",\"url\":\"https:\\\/\\\/idecesos.com\\\/seguros\\\/\",\"name\":\"\",\"description\":\"\",\"potentialAction\":[{\"@type\":\"SearchAction\",\"target\":{\"@type\":\"EntryPoint\",\"urlTemplate\":\"https:\\\/\\\/idecesos.com\\\/seguros\\\/?s={search_term_string}\"},\"query-input\":{\"@type\":\"PropertyValueSpecification\",\"valueRequired\":true,\"valueName\":\"search_term_string\"}}],\"inLanguage\":\"es\"}]}<\/script>\n<!-- \/ Yoast SEO plugin. -->","yoast_head_json":{"title":"Tel\u00e9fono Gratuito Previsora General \u25b7Atenci\u00f3n Cliente, Email, RRSS, Web","description":"Busca aqu\u00ed\u3010Previsora General seguros tel\u00e9fono gratuito\u3011Previsora General Decesos tel\u00e9fono gratis: atenci\u00f3n al cliente y contrataciones \u2611\ufe0fVerificado en 2026","robots":{"index":"index","follow":"follow","max-snippet":"max-snippet:-1","max-image-preview":"max-image-preview:large","max-video-preview":"max-video-preview:-1"},"canonical":"https:\/\/idecesos.com\/seguros\/companias\/previsora-general\/telefono\/","og_locale":"es_ES","og_type":"article","og_title":"Tel\u00e9fono Gratuito Previsora General \u25b7Atenci\u00f3n Cliente, Email, RRSS, Web","og_description":"Busca aqu\u00ed\u3010Previsora General seguros tel\u00e9fono gratuito\u3011Previsora General Decesos tel\u00e9fono gratis: atenci\u00f3n al cliente y contrataciones \u2611\ufe0fVerificado en 2026","og_url":"https:\/\/idecesos.com\/seguros\/companias\/previsora-general\/telefono\/","article_modified_time":"2022-04-07T11:54:58+00:00","twitter_card":"summary_large_image","twitter_misc":{"Tiempo de lectura":"4 minutos"},"schema":{"@context":"https:\/\/schema.org","@graph":[{"@type":"WebPage","@id":"https:\/\/idecesos.com\/seguros\/companias\/previsora-general\/telefono\/","url":"https:\/\/idecesos.com\/seguros\/companias\/previsora-general\/telefono\/","name":"Tel\u00e9fono Gratuito Previsora General \u25b7Atenci\u00f3n Cliente, Email, RRSS, Web","isPartOf":{"@id":"https:\/\/idecesos.com\/seguros\/#website"},"datePublished":"2021-11-25T10:17:57+00:00","dateModified":"2022-04-07T11:54:58+00:00","description":"Busca aqu\u00ed\u3010Previsora General seguros tel\u00e9fono gratuito\u3011Previsora General Decesos tel\u00e9fono gratis: atenci\u00f3n al cliente y contrataciones \u2611\ufe0fVerificado en 2026","breadcrumb":{"@id":"https:\/\/idecesos.com\/seguros\/companias\/previsora-general\/telefono\/#breadcrumb"},"inLanguage":"es","potentialAction":[{"@type":"ReadAction","target":["https:\/\/idecesos.com\/seguros\/companias\/previsora-general\/telefono\/"]}]},{"@type":"BreadcrumbList","@id":"https:\/\/idecesos.com\/seguros\/companias\/previsora-general\/telefono\/#breadcrumb","itemListElement":[{"@type":"ListItem","position":1,"name":"Portada","item":"https:\/\/idecesos.com\/seguros\/"},{"@type":"ListItem","position":2,"name":"Compa\u00f1\u00edas de Seguros de Decesos en Espa\u00f1a","item":"https:\/\/idecesos.com\/seguros\/companias\/"},{"@type":"ListItem","position":3,"name":"Seguro de decesos Previsora General","item":"https:\/\/idecesos.com\/seguros\/companias\/previsora-general\/"},{"@type":"ListItem","position":4,"name":"Atenci\u00f3n al cliente Previsora General: telefono gratuito, e-mail"}]},{"@type":"WebSite","@id":"https:\/\/idecesos.com\/seguros\/#website","url":"https:\/\/idecesos.com\/seguros\/","name":"","description":"","potentialAction":[{"@type":"SearchAction","target":{"@type":"EntryPoint","urlTemplate":"https:\/\/idecesos.com\/seguros\/?s={search_term_string}"},"query-input":{"@type":"PropertyValueSpecification","valueRequired":true,"valueName":"search_term_string"}}],"inLanguage":"es"}]}},"_links":{"self":[{"href":"https:\/\/idecesos.com\/seguros\/wp-json\/wp\/v2\/pages\/15452","targetHints":{"allow":["GET"]}}],"collection":[{"href":"https:\/\/idecesos.com\/seguros\/wp-json\/wp\/v2\/pages"}],"about":[{"href":"https:\/\/idecesos.com\/seguros\/wp-json\/wp\/v2\/types\/page"}],"author":[{"embeddable":true,"href":"https:\/\/idecesos.com\/seguros\/wp-json\/wp\/v2\/users\/1"}],"replies":[{"embeddable":true,"href":"https:\/\/idecesos.com\/seguros\/wp-json\/wp\/v2\/comments?post=15452"}],"version-history":[{"count":8,"href":"https:\/\/idecesos.com\/seguros\/wp-json\/wp\/v2\/pages\/15452\/revisions"}],"predecessor-version":[{"id":21073,"href":"https:\/\/idecesos.com\/seguros\/wp-json\/wp\/v2\/pages\/15452\/revisions\/21073"}],"up":[{"embeddable":true,"href":"https:\/\/idecesos.com\/seguros\/wp-json\/wp\/v2\/pages\/9508"}],"wp:attachment":[{"href":"https:\/\/idecesos.com\/seguros\/wp-json\/wp\/v2\/media?parent=15452"}],"curies":[{"name":"wp","href":"https:\/\/api.w.org\/{rel}","templated":true}]}}