{"id":15454,"date":"2021-11-26T09:13:16","date_gmt":"2021-11-25T10:17:58","guid":{"rendered":"https:\/\/idecesos.com\/seguros\/companias\/aegon\/telefono\/"},"modified":"2022-04-07T12:06:08","modified_gmt":"2022-04-07T12:06:08","slug":"telefono","status":"publish","type":"page","link":"https:\/\/idecesos.com\/seguros\/companias\/aegon\/telefono\/","title":{"rendered":"Atenci\u00f3n al cliente Aegon: telefono gratuito, e-mail"},"content":{"rendered":"<div id=\"ez-toc-container\" class=\"ez-toc-v2_0_82_2 ez-toc-wrap-center counter-hierarchy ez-toc-counter ez-toc-custom ez-toc-container-direction\">\n<div class=\"ez-toc-title-container\">\n<p class=\"ez-toc-title\" style=\"cursor:inherit\">Tabla de Contenido<\/p>\n<span class=\"ez-toc-title-toggle\"><a href=\"#\" class=\"ez-toc-pull-right ez-toc-btn ez-toc-btn-xs ez-toc-btn-default ez-toc-toggle\" aria-label=\"Alternar tabla de contenidos\"><span class=\"ez-toc-js-icon-con\"><span class=\"\"><span class=\"eztoc-hide\" style=\"display:none;\">Toggle<\/span><span class=\"ez-toc-icon-toggle-span\"><svg style=\"fill: #db6415;color:#db6415\" xmlns=\"http:\/\/www.w3.org\/2000\/svg\" class=\"list-377408\" width=\"20px\" height=\"20px\" viewBox=\"0 0 24 24\" fill=\"none\"><path d=\"M6 6H4v2h2V6zm14 0H8v2h12V6zM4 11h2v2H4v-2zm16 0H8v2h12v-2zM4 16h2v2H4v-2zm16 0H8v2h12v-2z\" fill=\"currentColor\"><\/path><\/svg><svg style=\"fill: #db6415;color:#db6415\" class=\"arrow-unsorted-368013\" xmlns=\"http:\/\/www.w3.org\/2000\/svg\" width=\"10px\" height=\"10px\" viewBox=\"0 0 24 24\" version=\"1.2\" baseProfile=\"tiny\"><path d=\"M18.2 9.3l-6.2-6.3-6.2 6.3c-.2.2-.3.4-.3.7s.1.5.3.7c.2.2.4.3.7.3h11c.3 0 .5-.1.7-.3.2-.2.3-.5.3-.7s-.1-.5-.3-.7zM5.8 14.7l6.2 6.3 6.2-6.3c.2-.2.3-.5.3-.7s-.1-.5-.3-.7c-.2-.2-.4-.3-.7-.3h-11c-.3 0-.5.1-.7.3-.2.2-.3.5-.3.7s.1.5.3.7z\"\/><\/svg><\/span><\/span><\/span><\/a><\/span><\/div>\n<nav><ul class='ez-toc-list ez-toc-list-level-1 ' ><ul class='ez-toc-list-level-4' ><li class='ez-toc-heading-level-4'><ul class='ez-toc-list-level-4' ><li class='ez-toc-heading-level-4'><a class=\"ez-toc-link ez-toc-heading-1\" href=\"https:\/\/idecesos.com\/seguros\/companias\/aegon\/telefono\/#Telefono_Contrataciones_951_127_403\" >Tel\u00e9fono Contrataciones \n951 127 403<\/a><\/li><\/ul><\/li><\/ul><\/li><li class='ez-toc-page-1 ez-toc-heading-level-2'><a class=\"ez-toc-link ez-toc-heading-2\" href=\"https:\/\/idecesos.com\/seguros\/companias\/aegon\/telefono\/#%C2%BFComo_contactar_con_Aegon\" >\u00bfC\u00f3mo contactar con Aegon?<\/a><ul class='ez-toc-list-level-3' ><li class='ez-toc-heading-level-3'><a class=\"ez-toc-link ez-toc-heading-3\" href=\"https:\/\/idecesos.com\/seguros\/companias\/aegon\/telefono\/#Telefono_gratuito_de_Aegon\" >Tel\u00e9fono gratuito de Aegon<\/a><\/li><li class='ez-toc-page-1 ez-toc-heading-level-3'><a class=\"ez-toc-link ez-toc-heading-4\" href=\"https:\/\/idecesos.com\/seguros\/companias\/aegon\/telefono\/#Horario_de_atencion_al_cliente_de_Aegon\" >Horario de atenci\u00f3n al cliente de Aegon<\/a><\/li><li class='ez-toc-page-1 ez-toc-heading-level-3'><a class=\"ez-toc-link ez-toc-heading-5\" href=\"https:\/\/idecesos.com\/seguros\/companias\/aegon\/telefono\/#Correo_electronico_de_Aegon\" >Correo electr\u00f3nico de Aegon<\/a><\/li><li class='ez-toc-page-1 ez-toc-heading-level-3'><a class=\"ez-toc-link ez-toc-heading-6\" href=\"https:\/\/idecesos.com\/seguros\/companias\/aegon\/telefono\/#Formulario_en_el_sitio_Web_de_Aegon\" >Formulario en el sitio Web de Aegon<\/a><\/li><li class='ez-toc-page-1 ez-toc-heading-level-3'><a class=\"ez-toc-link ez-toc-heading-7\" href=\"https:\/\/idecesos.com\/seguros\/companias\/aegon\/telefono\/#Redes_sociales_de_Aegon\" >Redes sociales de Aegon<\/a><\/li><li class='ez-toc-page-1 ez-toc-heading-level-3'><a class=\"ez-toc-link ez-toc-heading-8\" href=\"https:\/\/idecesos.com\/seguros\/companias\/aegon\/telefono\/#Paginas_relacionadas\" >P\u00e1ginas relacionadas<\/a><\/li><\/ul><\/li><\/ul><\/nav><\/div>\n\n<div class=\"caja\">\n<div class=\"cajaIcono2 \"  ><div class=\"cuadro\" style=\"box-shadow: inset 0 0 0 3px #ff790e\"><div class=\"iconoCircular\" style=\"border: 3px solid #ff790e\">\t\t\n\t\t\t\t\t<div class=\"iconoCirculo\">\n\t\t\t\t\t  <i class=\"fas fa-phone-volume\"><\/i>\n\t\t\t\t\t<\/div>\n\t\t\t\t<\/div><div class=\"\">\n<h4 style=\"text-align: center;\"><span class=\"ez-toc-section\" id=\"Telefono_Contrataciones_951_127_403\"><\/span><strong>Tel\u00e9fono Contrataciones<br \/>\n951 127 403<\/strong><span class=\"ez-toc-section-end\"><\/span><\/h4>\n<p><\/div><\/div><\/div><br \/>\nAegon tiene un amplio horario para atender sus necesidad en los peores momentos. Un agente experto le atender\u00e1 para cubrir todas sus necesidades y se encargar\u00e1 de todos tr\u00e1mites de su seguro de decesos. La libre elecci\u00f3n del camposanto, tanatorio y corona, la gesti\u00f3n sobre la tramitaci\u00f3n funeraria, los gastos en ata\u00fad y servicios sanitarios, el traslado tanto nacional como internacional del fallecido y otras muchas coberturas que ser\u00e1n atendidas por los agentes expertos de Aegon. Aegon simpatiza con los familiares cuando llegue el d\u00eda tan duro como es la p\u00e9rdida de un familiar y, es por esta raz\u00f3n que, todo va a estar gestionado y cerrado debidamente para esas fechas. Sus especialistas tratar\u00e1n su situaci\u00f3n con toda la profesionalidad y delicadez que merecen.<br \/>\n<\/div><\/p>\n<div class=\"colorf \"  ><div class=\"container clearfix\"><div class=\"col-md-7\"><\/p>\n<h2><span class=\"ez-toc-section\" id=\"%C2%BFComo_contactar_con_Aegon\"><\/span>\u00bfC\u00f3mo contactar con Aegon?<span class=\"ez-toc-section-end\"><\/span><\/h2>\n<p>Para contactar con Aegon, dispone de un tel\u00e9fono gratis de contacto, e mail, p\u00e1gina, en la que se le facilitar\u00e1 un formulario y, para finalizar, perfiles en diferentes redes sociales.<br \/>\n<\/div><\/div><\/div>\n<h3><span class=\"ez-toc-section\" id=\"Telefono_gratuito_de_Aegon\"><\/span>Tel\u00e9fono gratuito de Aegon<span class=\"ez-toc-section-end\"><\/span><\/h3>\n<p>Su tel\u00e9fono de contacto es completamente gratuito. La llamada realizada por sus agentes o por el usuario no va a tener ning\u00fan costo en su factura telef\u00f3nica. Este m\u00e9todo es f\u00e1cil y f\u00e1cil de emplear. Actualmente todo el mundo dispone de un m\u00f3vil que te dar\u00e1 la sencillez de no tener que ir a ninguna oficina de Aegon pudiendo hacer todos los tr\u00e1mites sobre su seguro de decesos desde su sof\u00e1. El servicio que Aegon te ofrece atrav\u00e9s de sus agentes te resolver\u00e1 todas y cada una de las cuestiones e inquietudes que tenga al concluir la llamada. Merced a su gran profesionalidad va a quedar satisfecho con sus servicios. El n\u00famero es el: <strong>91 198 79 22.<\/strong><br \/>\n<div class=\"colorf\"><div class=\"container clearfix\"><div class=\"col-md-7\"><\/p>\n<div class=\"cabecera_tabla_ajustada \"  style=\"width:80%\" ><div class=\"row\"><\/div>\n<div class=\"fila_tabla4 \"  ><div class=\"row\"><div class=\"col-8 nosepara izq\"><p><strong>Tel\u00e9fono para contrataciones<\/strong><\/p><\/div><div class=\"col-4 nosepara centro\">951 127 403<\/div><\/div><\/div>\n<div class=\"pie_tabla \"  ><div class=\"row\"><div class=\"col-12 \"><\/div><\/div><\/div><\/div>\n<\/div><\/div><\/div>\n<h3><span class=\"ez-toc-section\" id=\"Horario_de_atencion_al_cliente_de_Aegon\"><\/span>Horario de atenci\u00f3n al cliente de Aegon<span class=\"ez-toc-section-end\"><\/span><\/h3>\n<p>Aegon es consciente de los diferentes horarios que puedan tener sus clientes por ellos tienen asistencia en diferentes franjas horarias para que no te debas preocupar por nada y puedas resolver sus dudas sin inconveniente. Va a ser atendido por una persona que le pasar\u00e1 con un agente especialista en seguro de decesos con el que podr\u00e1 resolver todas y cada una de las cuestiones que se le ocurran y que le va a ayudar a solucionar todos sus problemas. Gracias a este servicio van a quedar resueltas todas sus dudas.<br \/>\n<div class=\"colorf\"><div class=\"container clearfix\"><div class=\"col-md-7\"><\/p>\n<h3><span class=\"ez-toc-section\" id=\"Correo_electronico_de_Aegon\"><\/span>Correo electr\u00f3nico de Aegon<span class=\"ez-toc-section-end\"><\/span><\/h3>\n<p>Las nuevas tecnolog\u00edas no paran de avanzar y la sociedad lo hace junto a ellas, agarradas de la mano. Esto ha supuesto que internet lo invada todo y que cualquier ciudadano pueda optar a tenerlo. Plataformas como Gmail o Hotmail han hecho que el env\u00edo y recibo de documentos y tambi\u00e9n informaci\u00f3n sea algo sencillo y pr\u00e1ctico sin tener que desplazarse a ning\u00fan lado. Aegon se ha dado cuenta de las nuevas necesidad de sus clientes y les ofrece este correo electr\u00f3nico <strong>clientes@aegon.es<\/strong>\u00a0para su comodidad. Con este servicio podr\u00e1 mandar cualquier pregunta o bien duda sobre su seguro de decesos. La contestaci\u00f3n que le den los agentes va a haber sido estudiada y preparada por los especialistas de Aegon.<br \/>\n<\/div><\/div><\/div><\/p>\n<h3><span class=\"ez-toc-section\" id=\"Formulario_en_el_sitio_Web_de_Aegon\"><\/span>Formulario en el sitio Web de Aegon<span class=\"ez-toc-section-end\"><\/span><\/h3>\n<p>Internet ha hecho que nuestras vidas cambien y se ha convertido en la plataforma m\u00e1s utilizada. Esto se debe a su simple forma de utilizaci\u00f3n. Con solo poner una palabra tienes a tu disposici\u00f3n miles y miles de resultados. En consecuencia, con el acto de escribir en uno de los buscadores <strong>www.aegon.es\/<\/strong> va a poder entrar en la p\u00e1gina web de Aegon. En esta p\u00e1gina encontrar\u00e1 toda la informaci\u00f3n que busca sobre el seguro de decesos de Aegon donde podr\u00e1 ver los servicios, precios, ventajas&#8230; que ofrecen para que usted se pueda hacer una idea. Aegon pone a su disposici\u00f3n un formulario que debe rellenar con su nombre y apellidos, e mail, tel\u00e9fono de contacto, etc\u00e9tera. Una vez terminado, uno de los expertos de Aegon va a ser el encargado de ponerse en contacto con para poder solucionar la duda que ha puesto.<br \/>\n<div class=\"colorf\"><div class=\"container clearfix\"><div class=\"col-md-7\"><\/p>\n<h3><span class=\"ez-toc-section\" id=\"Redes_sociales_de_Aegon\"><\/span>Redes sociales de Aegon<span class=\"ez-toc-section-end\"><\/span><\/h3>\n<p>Las redes sociales est\u00e1n a la orden del d\u00eda: Instagram, Fb, Twitter\u2026 Son una herramienta muy \u00fatil que llega, diariamente, a miles de personas. Aegon dispone de ciertas de ellas, a fin de que el usuario est\u00e9 al tanto de las novedades sobre su seguro de decesos, si disponen de alguna oferta en esa data, d\u00f3nde est\u00e1 la sede oficial de la compa\u00f1\u00eda\u2026 Tambi\u00e9n podr\u00e1 encontrar un enlace directo a su p\u00e1gina web, obtener informaci\u00f3n sobre qui\u00e9nes son y ver ciertas im\u00e1genes. Ciertos perfiles que tiene Aegon te dan la opci\u00f3n de ponerte en contacto con ella a fin de que puedan aconsejarte sobre sus servicios o responderte a cualquier pregunta.<br \/>\n<\/div><\/div><\/div><\/p>\n<\/div>\n<p><div class=\"oficinas\"> <h3><span class=\"ez-toc-section\" id=\"Paginas_relacionadas\"><\/span>P\u00e1ginas relacionadas<span class=\"ez-toc-section-end\"><\/span><\/h3><div class=\"enlazado\"><ul> <li><a href=\"https:\/\/idecesos.com\/seguros\/companias\/aegon\/opiniones\/\">Opiniones AEGON<\/a><\/li> <li><a href=\"https:\/\/idecesos.com\/seguros\/companias\/aegon\/precio\/\">Precio seguro Aegon<\/a><\/li> <li><a href=\"https:\/\/idecesos.com\/seguros\/companias\/aegon\/prima-mixta\/\">Aegon Prima Mixta<\/a><\/li> <li><a href=\"https:\/\/idecesos.com\/seguros\/companias\/aegon\/prima-natural\/\">Aegon Prima Natural<\/a><\/li> <li><a href=\"https:\/\/idecesos.com\/seguros\/companias\/aegon\/prima-nivelada\/\">Aegon Prima Nivelada<\/a><\/li> <li><a href=\"https:\/\/idecesos.com\/seguros\/companias\/aegon\/prima-unica\/\">Aegon Prima \u00danica<\/a><\/li> <li><a href=\"https:\/\/idecesos.com\/seguros\/companias\/aegon\/repatriacion\/\">Aegon Repatriaci\u00f3n<\/a><\/li> <li><a href=\"https:\/\/idecesos.com\/seguros\/companias\/aegon\/telefono\/\">Tel\u00e9fono Gratuito Aegon<\/a><\/li><\/ul><\/div> <\/div><\/p>\n","protected":false},"excerpt":{"rendered":"<p>Aegon tiene un amplio horario para atender sus necesidad en los peores momentos. Un agente experto le atender\u00e1 para cubrir todas sus necesidades y se encargar\u00e1 de todos tr\u00e1mites de su seguro de decesos. La libre elecci\u00f3n del camposanto, tanatorio y corona, la gesti\u00f3n sobre la tramitaci\u00f3n funeraria, los gastos en ata\u00fad y servicios sanitarios,&hellip; <\/p>\n","protected":false},"author":1,"featured_media":0,"parent":9512,"menu_order":0,"comment_status":"closed","ping_status":"closed","template":"single.php","meta":{"footnotes":""},"class_list":["post-15454","page","type-page","status-publish","hentry"],"yoast_head":"<!-- This site is optimized with the Yoast SEO plugin v27.4 - https:\/\/yoast.com\/product\/yoast-seo-wordpress\/ -->\n<title>Tel\u00e9fono Gratuito Aegon \u25b7Atenci\u00f3n Cliente, Email, RRSS, Web<\/title>\n<meta name=\"description\" content=\"Busca aqu\u00ed\u3010Aegon seguros tel\u00e9fono gratuito\u3011Aegon Decesos tel\u00e9fono gratis: atenci\u00f3n al cliente y contrataciones \u2611\ufe0fVerificado en 2026\" \/>\n<meta name=\"robots\" content=\"index, follow, max-snippet:-1, max-image-preview:large, max-video-preview:-1\" \/>\n<link rel=\"canonical\" href=\"https:\/\/idecesos.com\/seguros\/companias\/aegon\/telefono\/\" \/>\n<meta property=\"og:locale\" content=\"es_ES\" \/>\n<meta property=\"og:type\" content=\"article\" \/>\n<meta property=\"og:title\" content=\"Tel\u00e9fono Gratuito Aegon \u25b7Atenci\u00f3n Cliente, Email, RRSS, Web\" \/>\n<meta property=\"og:description\" content=\"Busca aqu\u00ed\u3010Aegon seguros tel\u00e9fono gratuito\u3011Aegon Decesos tel\u00e9fono gratis: atenci\u00f3n al cliente y contrataciones \u2611\ufe0fVerificado en 2026\" \/>\n<meta property=\"og:url\" content=\"https:\/\/idecesos.com\/seguros\/companias\/aegon\/telefono\/\" \/>\n<meta property=\"article:modified_time\" content=\"2022-04-07T12:06:08+00:00\" \/>\n<meta name=\"twitter:card\" content=\"summary_large_image\" \/>\n<meta name=\"twitter:label1\" content=\"Tiempo de lectura\" \/>\n\t<meta name=\"twitter:data1\" content=\"4 minutos\" \/>\n<script type=\"application\/ld+json\" class=\"yoast-schema-graph\">{\"@context\":\"https:\\\/\\\/schema.org\",\"@graph\":[{\"@type\":\"WebPage\",\"@id\":\"https:\\\/\\\/idecesos.com\\\/seguros\\\/companias\\\/aegon\\\/telefono\\\/\",\"url\":\"https:\\\/\\\/idecesos.com\\\/seguros\\\/companias\\\/aegon\\\/telefono\\\/\",\"name\":\"Tel\u00e9fono Gratuito Aegon \u25b7Atenci\u00f3n Cliente, Email, RRSS, Web\",\"isPartOf\":{\"@id\":\"https:\\\/\\\/idecesos.com\\\/seguros\\\/#website\"},\"datePublished\":\"2021-11-25T10:17:58+00:00\",\"dateModified\":\"2022-04-07T12:06:08+00:00\",\"description\":\"Busca aqu\u00ed\u3010Aegon seguros tel\u00e9fono gratuito\u3011Aegon Decesos tel\u00e9fono gratis: atenci\u00f3n al cliente y contrataciones \u2611\ufe0fVerificado en 2026\",\"breadcrumb\":{\"@id\":\"https:\\\/\\\/idecesos.com\\\/seguros\\\/companias\\\/aegon\\\/telefono\\\/#breadcrumb\"},\"inLanguage\":\"es\",\"potentialAction\":[{\"@type\":\"ReadAction\",\"target\":[\"https:\\\/\\\/idecesos.com\\\/seguros\\\/companias\\\/aegon\\\/telefono\\\/\"]}]},{\"@type\":\"BreadcrumbList\",\"@id\":\"https:\\\/\\\/idecesos.com\\\/seguros\\\/companias\\\/aegon\\\/telefono\\\/#breadcrumb\",\"itemListElement\":[{\"@type\":\"ListItem\",\"position\":1,\"name\":\"Portada\",\"item\":\"https:\\\/\\\/idecesos.com\\\/seguros\\\/\"},{\"@type\":\"ListItem\",\"position\":2,\"name\":\"Compa\u00f1\u00edas de Seguros de Decesos en Espa\u00f1a\",\"item\":\"https:\\\/\\\/idecesos.com\\\/seguros\\\/companias\\\/\"},{\"@type\":\"ListItem\",\"position\":3,\"name\":\"Seguro de decesos AEGON\",\"item\":\"https:\\\/\\\/idecesos.com\\\/seguros\\\/companias\\\/aegon\\\/\"},{\"@type\":\"ListItem\",\"position\":4,\"name\":\"Atenci\u00f3n al cliente Aegon: telefono gratuito, e-mail\"}]},{\"@type\":\"WebSite\",\"@id\":\"https:\\\/\\\/idecesos.com\\\/seguros\\\/#website\",\"url\":\"https:\\\/\\\/idecesos.com\\\/seguros\\\/\",\"name\":\"\",\"description\":\"\",\"potentialAction\":[{\"@type\":\"SearchAction\",\"target\":{\"@type\":\"EntryPoint\",\"urlTemplate\":\"https:\\\/\\\/idecesos.com\\\/seguros\\\/?s={search_term_string}\"},\"query-input\":{\"@type\":\"PropertyValueSpecification\",\"valueRequired\":true,\"valueName\":\"search_term_string\"}}],\"inLanguage\":\"es\"}]}<\/script>\n<!-- \/ Yoast SEO plugin. -->","yoast_head_json":{"title":"Tel\u00e9fono Gratuito Aegon \u25b7Atenci\u00f3n Cliente, Email, RRSS, Web","description":"Busca aqu\u00ed\u3010Aegon seguros tel\u00e9fono gratuito\u3011Aegon Decesos tel\u00e9fono gratis: atenci\u00f3n al cliente y contrataciones \u2611\ufe0fVerificado en 2026","robots":{"index":"index","follow":"follow","max-snippet":"max-snippet:-1","max-image-preview":"max-image-preview:large","max-video-preview":"max-video-preview:-1"},"canonical":"https:\/\/idecesos.com\/seguros\/companias\/aegon\/telefono\/","og_locale":"es_ES","og_type":"article","og_title":"Tel\u00e9fono Gratuito Aegon \u25b7Atenci\u00f3n Cliente, Email, RRSS, Web","og_description":"Busca aqu\u00ed\u3010Aegon seguros tel\u00e9fono gratuito\u3011Aegon Decesos tel\u00e9fono gratis: atenci\u00f3n al cliente y contrataciones \u2611\ufe0fVerificado en 2026","og_url":"https:\/\/idecesos.com\/seguros\/companias\/aegon\/telefono\/","article_modified_time":"2022-04-07T12:06:08+00:00","twitter_card":"summary_large_image","twitter_misc":{"Tiempo de lectura":"4 minutos"},"schema":{"@context":"https:\/\/schema.org","@graph":[{"@type":"WebPage","@id":"https:\/\/idecesos.com\/seguros\/companias\/aegon\/telefono\/","url":"https:\/\/idecesos.com\/seguros\/companias\/aegon\/telefono\/","name":"Tel\u00e9fono Gratuito Aegon \u25b7Atenci\u00f3n Cliente, Email, RRSS, Web","isPartOf":{"@id":"https:\/\/idecesos.com\/seguros\/#website"},"datePublished":"2021-11-25T10:17:58+00:00","dateModified":"2022-04-07T12:06:08+00:00","description":"Busca aqu\u00ed\u3010Aegon seguros tel\u00e9fono gratuito\u3011Aegon Decesos tel\u00e9fono gratis: atenci\u00f3n al cliente y contrataciones \u2611\ufe0fVerificado en 2026","breadcrumb":{"@id":"https:\/\/idecesos.com\/seguros\/companias\/aegon\/telefono\/#breadcrumb"},"inLanguage":"es","potentialAction":[{"@type":"ReadAction","target":["https:\/\/idecesos.com\/seguros\/companias\/aegon\/telefono\/"]}]},{"@type":"BreadcrumbList","@id":"https:\/\/idecesos.com\/seguros\/companias\/aegon\/telefono\/#breadcrumb","itemListElement":[{"@type":"ListItem","position":1,"name":"Portada","item":"https:\/\/idecesos.com\/seguros\/"},{"@type":"ListItem","position":2,"name":"Compa\u00f1\u00edas de Seguros de Decesos en Espa\u00f1a","item":"https:\/\/idecesos.com\/seguros\/companias\/"},{"@type":"ListItem","position":3,"name":"Seguro de decesos AEGON","item":"https:\/\/idecesos.com\/seguros\/companias\/aegon\/"},{"@type":"ListItem","position":4,"name":"Atenci\u00f3n al cliente Aegon: telefono gratuito, e-mail"}]},{"@type":"WebSite","@id":"https:\/\/idecesos.com\/seguros\/#website","url":"https:\/\/idecesos.com\/seguros\/","name":"","description":"","potentialAction":[{"@type":"SearchAction","target":{"@type":"EntryPoint","urlTemplate":"https:\/\/idecesos.com\/seguros\/?s={search_term_string}"},"query-input":{"@type":"PropertyValueSpecification","valueRequired":true,"valueName":"search_term_string"}}],"inLanguage":"es"}]}},"_links":{"self":[{"href":"https:\/\/idecesos.com\/seguros\/wp-json\/wp\/v2\/pages\/15454","targetHints":{"allow":["GET"]}}],"collection":[{"href":"https:\/\/idecesos.com\/seguros\/wp-json\/wp\/v2\/pages"}],"about":[{"href":"https:\/\/idecesos.com\/seguros\/wp-json\/wp\/v2\/types\/page"}],"author":[{"embeddable":true,"href":"https:\/\/idecesos.com\/seguros\/wp-json\/wp\/v2\/users\/1"}],"replies":[{"embeddable":true,"href":"https:\/\/idecesos.com\/seguros\/wp-json\/wp\/v2\/comments?post=15454"}],"version-history":[{"count":8,"href":"https:\/\/idecesos.com\/seguros\/wp-json\/wp\/v2\/pages\/15454\/revisions"}],"predecessor-version":[{"id":21075,"href":"https:\/\/idecesos.com\/seguros\/wp-json\/wp\/v2\/pages\/15454\/revisions\/21075"}],"up":[{"embeddable":true,"href":"https:\/\/idecesos.com\/seguros\/wp-json\/wp\/v2\/pages\/9512"}],"wp:attachment":[{"href":"https:\/\/idecesos.com\/seguros\/wp-json\/wp\/v2\/media?parent=15454"}],"curies":[{"name":"wp","href":"https:\/\/api.w.org\/{rel}","templated":true}]}}