{"id":15455,"date":"2021-11-26T09:13:16","date_gmt":"2021-11-25T10:17:59","guid":{"rendered":"https:\/\/idecesos.com\/seguros\/companias\/mmt\/telefono\/"},"modified":"2022-04-07T12:21:22","modified_gmt":"2022-04-07T12:21:22","slug":"telefono","status":"publish","type":"page","link":"https:\/\/idecesos.com\/seguros\/companias\/mmt\/telefono\/","title":{"rendered":"Atenci\u00f3n al cliente Mmt: telefono gratuito, e-mail"},"content":{"rendered":"<div id=\"ez-toc-container\" class=\"ez-toc-v2_0_82_2 ez-toc-wrap-center counter-hierarchy ez-toc-counter ez-toc-custom ez-toc-container-direction\">\n<div class=\"ez-toc-title-container\">\n<p class=\"ez-toc-title\" style=\"cursor:inherit\">Tabla de Contenido<\/p>\n<span class=\"ez-toc-title-toggle\"><a href=\"#\" class=\"ez-toc-pull-right ez-toc-btn ez-toc-btn-xs ez-toc-btn-default ez-toc-toggle\" aria-label=\"Alternar tabla de contenidos\"><span class=\"ez-toc-js-icon-con\"><span class=\"\"><span class=\"eztoc-hide\" style=\"display:none;\">Toggle<\/span><span class=\"ez-toc-icon-toggle-span\"><svg style=\"fill: #db6415;color:#db6415\" xmlns=\"http:\/\/www.w3.org\/2000\/svg\" class=\"list-377408\" width=\"20px\" height=\"20px\" viewBox=\"0 0 24 24\" fill=\"none\"><path d=\"M6 6H4v2h2V6zm14 0H8v2h12V6zM4 11h2v2H4v-2zm16 0H8v2h12v-2zM4 16h2v2H4v-2zm16 0H8v2h12v-2z\" fill=\"currentColor\"><\/path><\/svg><svg style=\"fill: #db6415;color:#db6415\" class=\"arrow-unsorted-368013\" xmlns=\"http:\/\/www.w3.org\/2000\/svg\" width=\"10px\" height=\"10px\" viewBox=\"0 0 24 24\" version=\"1.2\" baseProfile=\"tiny\"><path d=\"M18.2 9.3l-6.2-6.3-6.2 6.3c-.2.2-.3.4-.3.7s.1.5.3.7c.2.2.4.3.7.3h11c.3 0 .5-.1.7-.3.2-.2.3-.5.3-.7s-.1-.5-.3-.7zM5.8 14.7l6.2 6.3 6.2-6.3c.2-.2.3-.5.3-.7s-.1-.5-.3-.7c-.2-.2-.4-.3-.7-.3h-11c-.3 0-.5.1-.7.3-.2.2-.3.5-.3.7s.1.5.3.7z\"\/><\/svg><\/span><\/span><\/span><\/a><\/span><\/div>\n<nav><ul class='ez-toc-list ez-toc-list-level-1 ' ><ul class='ez-toc-list-level-4' ><li class='ez-toc-heading-level-4'><ul class='ez-toc-list-level-4' ><li class='ez-toc-heading-level-4'><a class=\"ez-toc-link ez-toc-heading-1\" href=\"https:\/\/idecesos.com\/seguros\/companias\/mmt\/telefono\/#Telefono_Contrataciones_951_127_403\" >Tel\u00e9fono Contrataciones \n951 127 403<\/a><\/li><\/ul><\/li><\/ul><\/li><li class='ez-toc-page-1 ez-toc-heading-level-2'><a class=\"ez-toc-link ez-toc-heading-2\" href=\"https:\/\/idecesos.com\/seguros\/companias\/mmt\/telefono\/#%C2%BFComo_contactar_con_Mmt\" >\u00bfC\u00f3mo contactar con Mmt?<\/a><ul class='ez-toc-list-level-3' ><li class='ez-toc-heading-level-3'><a class=\"ez-toc-link ez-toc-heading-3\" href=\"https:\/\/idecesos.com\/seguros\/companias\/mmt\/telefono\/#Telefono_gratuito_de_Mmt\" >Tel\u00e9fono gratuito de Mmt<\/a><\/li><li class='ez-toc-page-1 ez-toc-heading-level-3'><a class=\"ez-toc-link ez-toc-heading-4\" href=\"https:\/\/idecesos.com\/seguros\/companias\/mmt\/telefono\/#Horario_de_atencion_al_cliente_de_Mmt\" >Horario de atenci\u00f3n al cliente de Mmt<\/a><\/li><li class='ez-toc-page-1 ez-toc-heading-level-3'><a class=\"ez-toc-link ez-toc-heading-5\" href=\"https:\/\/idecesos.com\/seguros\/companias\/mmt\/telefono\/#Correo_electronico_de_Mmt\" >Correo electr\u00f3nico de Mmt<\/a><\/li><li class='ez-toc-page-1 ez-toc-heading-level-3'><a class=\"ez-toc-link ez-toc-heading-6\" href=\"https:\/\/idecesos.com\/seguros\/companias\/mmt\/telefono\/#Formulario_en_el_sitio_Web_de_Mmt\" >Formulario en el sitio Web de Mmt<\/a><\/li><li class='ez-toc-page-1 ez-toc-heading-level-3'><a class=\"ez-toc-link ez-toc-heading-7\" href=\"https:\/\/idecesos.com\/seguros\/companias\/mmt\/telefono\/#Redes_sociales_de_Mmt\" >Redes sociales de Mmt<\/a><\/li><li class='ez-toc-page-1 ez-toc-heading-level-3'><a class=\"ez-toc-link ez-toc-heading-8\" href=\"https:\/\/idecesos.com\/seguros\/companias\/mmt\/telefono\/#Paginas_relacionadas\" >P\u00e1ginas relacionadas<\/a><\/li><\/ul><\/li><\/ul><\/nav><\/div>\n\n<div class=\"caja\">\n<div class=\"cajaIcono2 \"  ><div class=\"cuadro\" style=\"box-shadow: inset 0 0 0 3px #ff790e\"><div class=\"iconoCircular\" style=\"border: 3px solid #ff790e\">\t\t\n\t\t\t\t\t<div class=\"iconoCirculo\">\n\t\t\t\t\t  <i class=\"fas fa-phone-volume\"><\/i>\n\t\t\t\t\t<\/div>\n\t\t\t\t<\/div><div class=\"\">\n<h4 style=\"text-align: center;\"><span class=\"ez-toc-section\" id=\"Telefono_Contrataciones_951_127_403\"><\/span><strong>Tel\u00e9fono Contrataciones<br \/>\n951 127 403<\/strong><span class=\"ez-toc-section-end\"><\/span><\/h4>\n<p><\/div><\/div><\/div><br \/>\nMmt tiene un amplio horario para atender sus necesidad en los peores momentos. Un agente experto le atender\u00e1 para cubrir todas sus necesidades y se encargar\u00e1 de todos tr\u00e1mites de su seguro de decesos. La libre elecci\u00f3n del cementerio, tanatorio y corona, la gesti\u00f3n sobre la tramitaci\u00f3n funeraria, los gastos en ata\u00fad y servicios sanitarios, el traslado tanto nacional como internacional del fallecido y otras muchas coberturas que van a ser atendidas por los agentes expertos de Mmt. Mmt se ocupar\u00e1 de tener todo gestionado y cerrado correctamente apoyando a la familia en el peor momento facilitandoles toda la calma que necesitan. Adem\u00e1s de esto, los expertos en todo instante tratar\u00e1n el tema con la delicadez y el respeto que merece.<br \/>\n<\/div><\/p>\n<div class=\"colorf \"  ><div class=\"container clearfix\"><div class=\"col-md-7\"><\/p>\n<h2><span class=\"ez-toc-section\" id=\"%C2%BFComo_contactar_con_Mmt\"><\/span>\u00bfC\u00f3mo contactar con Mmt?<span class=\"ez-toc-section-end\"><\/span><\/h2>\n<p>Puede ponerse en contacto de forma gratuita con Mmt mediante un tel\u00e9fono de contacto, que le atender\u00e1 en el horario disponible de atenci\u00f3n al cliente, correo electr\u00f3nico, formulario en web y redes sociales.<br \/>\n<\/div><\/div><\/div>\n<h3><span class=\"ez-toc-section\" id=\"Telefono_gratuito_de_Mmt\"><\/span>Tel\u00e9fono gratuito de Mmt<span class=\"ez-toc-section-end\"><\/span><\/h3>\n<p>Debe resultar \u00fatil y f\u00e1cil establecer una conversaci\u00f3n fluida y directa con la compa\u00f1\u00eda, con lo que se le facilita el siguiente n\u00famero gratis <strong>915 94 88 00<\/strong>. Con el mero hecho de efectuar una llamada, conseguir\u00e1 todas y cada una de las respuestas que necesite sobre su seguro de decesos y las peculiaridades que requieren sus necesidades. No importa el tiempo que transcurra del comienzo de la llamada hasta su final, no va a tener ning\u00fan tipo de costo. Es por este motivo que, resulta el m\u00e9todo m\u00e1s ventajoso y f\u00e1cil por el contacto directo que se establece con el consultor.<br \/>\n<div class=\"colorf\"><div class=\"container clearfix\"><div class=\"col-md-7\"><\/p>\n<div class=\"cabecera_tabla_ajustada \"  style=\"width:80%\" ><div class=\"row\"><\/div>\n<p><div class=\"fila_tabla4 \"  ><div class=\"row\"><div class=\"col-8 nosepara izq\"><p><strong>Tel\u00e9fono para contrataciones<\/strong><\/p><\/div><div class=\"col-4 nosepara centro\">951 127 403<\/div><\/div><\/div><div class=\"fila_tabla4 \"  ><div class=\"row\"><div class=\"col-8 nosepara izq\"><p><strong>Tel\u00e9fono Asistencia Jur\u00eddica<\/strong><\/p><\/div><div class=\"col-4 nosepara centro\">91 594 88 11<\/div><\/div><\/div><\/p>\n<div class=\"pie_tabla \"  ><div class=\"row\"><div class=\"col-12 \"><\/div><\/div><\/div><\/div>\n<\/div><\/div><\/div>\n<h3><span class=\"ez-toc-section\" id=\"Horario_de_atencion_al_cliente_de_Mmt\"><\/span>Horario de atenci\u00f3n al cliente de Mmt<span class=\"ez-toc-section-end\"><\/span><\/h3>\n<p>La compa\u00f1\u00eda al no ser consciente del tiempo libre que dispone cada persona para poder realizar la llamada telef\u00f3nica o bien ponerse en contacto, ofrece un horario concreto y concreto, tanto de ma\u00f1ana como de tarde, a fin de que puedan tener flexibilidad en el momento de comunicarse con la empresa. La persona que le atender\u00e1 va a pasar su llamada a uno de los especialistas de Mmt para que pueda hablar con usted y pueda solucionarle cualquier duda o cuesti\u00f3n que tenga sobre su seguro de decesos contratado. Gracias a este servicio van a quedar resueltas todas sus dudas.<br \/>\n<div class=\"colorf\"><div class=\"container clearfix\"><div class=\"col-md-7\"><\/p>\n<h3><span class=\"ez-toc-section\" id=\"Correo_electronico_de_Mmt\"><\/span>Correo electr\u00f3nico de Mmt<span class=\"ez-toc-section-end\"><\/span><\/h3>\n<p>Internet ha creado una nueva era y, es por ello que, para poder enviar o bien recibir informaci\u00f3n lo m\u00e1s veloz posible, se hace mediante plataformas como Gmail y Hotmail. Por consiguiente, Mmt ha creado la siguiente direcci\u00f3n de correo electr\u00f3nico <strong>ventas@mmtseguros.es<\/strong>\u00a0para que pueda establecer una buena conexi\u00f3n con los profesionales que estar\u00e1n a su disposici\u00f3n. Las contestaciones que obtenga mostrar\u00e1n la experiencia y respeto de los profesionales, adem\u00e1s de su eficacia en el momento de contestar sobre cualquier factor de su seguro de decesos que le compete.<br \/>\n<\/div><\/div><\/div><\/p>\n<h3><span class=\"ez-toc-section\" id=\"Formulario_en_el_sitio_Web_de_Mmt\"><\/span>Formulario en el sitio Web de Mmt<span class=\"ez-toc-section-end\"><\/span><\/h3>\n<p>Con el sencillo acto de preguntarle a un buscador de Internet lo que desees saber, te lo resolver\u00e1 en ese mismo momento. Por esta raz\u00f3n, es la plataforma con m\u00e1s importancia y mayor acceso para las personas. Mmt es parte integrante de este planeta digital y tiene a su predisposici\u00f3n su propia p\u00e1gina <strong>www.mmtseguros.com\/<\/strong>. En el sitio web, tendr\u00e1 la opci\u00f3n de llenar un formulario con sus datos (nombre, primer y segundo apellido, tel\u00e9fono m\u00f3vil de contacto, direcci\u00f3n de correo electr\u00f3nico\u2026)Tras este paso, un experto contactar\u00e1 con para asistirle en todo cuanto necesite.<br \/>\n<div class=\"colorf\"><div class=\"container clearfix\"><div class=\"col-md-7\"><\/p>\n<h3><span class=\"ez-toc-section\" id=\"Redes_sociales_de_Mmt\"><\/span>Redes sociales de Mmt<span class=\"ez-toc-section-end\"><\/span><\/h3>\n<p>Las redes sociales con m\u00e1s relevancia y difusi\u00f3n entre todas y cada una de las personas del mundo son: Twitter, Instagram y\/o Fb. Mmt ha creado un perfil en estas plataformas, debido a la influencia que tienen. Acceder a \u00e9l es muy sencillo, solo deber\u00e1 buscar el nombre de Mmt en dichas aplicaciones. Va a poder hallar en el perfil informaci\u00f3n sobre sus peculiaridades en torno al seguro de decesos, ofertas disponibles, im\u00e1genes de la compa\u00f1\u00eda y otros m\u00e1s. Adem\u00e1s de esto, en algunas de las aplicaciones le ser\u00e1 posible ponerse en contacto con la compa\u00f1\u00eda si as\u00ed lo precisa.<br \/>\n<\/div><\/div><\/div><\/p>\n<\/div>\n<p><div class=\"oficinas\"> <h3><span class=\"ez-toc-section\" id=\"Paginas_relacionadas\"><\/span>P\u00e1ginas relacionadas<span class=\"ez-toc-section-end\"><\/span><\/h3><div class=\"enlazado\"><ul> <li><a href=\"https:\/\/idecesos.com\/seguros\/companias\/mmt\/opiniones\/\">Opiniones MMT<\/a><\/li> <li><a href=\"https:\/\/idecesos.com\/seguros\/companias\/mmt\/precio\/\">Precio seguro Mmt<\/a><\/li> <li><a href=\"https:\/\/idecesos.com\/seguros\/companias\/mmt\/prima-mixta\/\">Mmt Prima Mixta<\/a><\/li> <li><a href=\"https:\/\/idecesos.com\/seguros\/companias\/mmt\/prima-natural\/\">Mmt Prima Natural<\/a><\/li> <li><a href=\"https:\/\/idecesos.com\/seguros\/companias\/mmt\/prima-nivelada\/\">Mmt Prima Nivelada<\/a><\/li> <li><a href=\"https:\/\/idecesos.com\/seguros\/companias\/mmt\/prima-unica\/\">Mmt Prima \u00danica<\/a><\/li> <li><a href=\"https:\/\/idecesos.com\/seguros\/companias\/mmt\/repatriacion\/\">Mmt Repatriaci\u00f3n<\/a><\/li> <li><a href=\"https:\/\/idecesos.com\/seguros\/companias\/mmt\/telefono\/\">Tel\u00e9fono Gratuito Mmt<\/a><\/li><\/ul><\/div> <\/div><\/p>\n","protected":false},"excerpt":{"rendered":"<p>Mmt tiene un amplio horario para atender sus necesidad en los peores momentos. Un agente experto le atender\u00e1 para cubrir todas sus necesidades y se encargar\u00e1 de todos tr\u00e1mites de su seguro de decesos. La libre elecci\u00f3n del cementerio, tanatorio y corona, la gesti\u00f3n sobre la tramitaci\u00f3n funeraria, los gastos en ata\u00fad y servicios sanitarios,&hellip; <\/p>\n","protected":false},"author":1,"featured_media":0,"parent":9515,"menu_order":0,"comment_status":"closed","ping_status":"closed","template":"single.php","meta":{"footnotes":""},"class_list":["post-15455","page","type-page","status-publish","hentry"],"yoast_head":"<!-- This site is optimized with the Yoast SEO plugin v27.3 - https:\/\/yoast.com\/product\/yoast-seo-wordpress\/ -->\n<title>Tel\u00e9fono Gratuito Mmt \u25b7Atenci\u00f3n Cliente, Email, RRSS, Web<\/title>\n<meta name=\"description\" content=\"Busca aqu\u00ed\u3010Mmt seguros tel\u00e9fono gratuito\u3011Mmt Decesos tel\u00e9fono gratis: atenci\u00f3n al cliente y contrataciones \u2611\ufe0fVerificado en 2026\" \/>\n<meta name=\"robots\" content=\"index, follow, max-snippet:-1, max-image-preview:large, max-video-preview:-1\" \/>\n<link rel=\"canonical\" href=\"https:\/\/idecesos.com\/seguros\/companias\/mmt\/telefono\/\" \/>\n<meta property=\"og:locale\" content=\"es_ES\" \/>\n<meta property=\"og:type\" content=\"article\" \/>\n<meta property=\"og:title\" content=\"Tel\u00e9fono Gratuito Mmt \u25b7Atenci\u00f3n Cliente, Email, RRSS, Web\" \/>\n<meta property=\"og:description\" content=\"Busca aqu\u00ed\u3010Mmt seguros tel\u00e9fono gratuito\u3011Mmt Decesos tel\u00e9fono gratis: atenci\u00f3n al cliente y contrataciones \u2611\ufe0fVerificado en 2026\" \/>\n<meta property=\"og:url\" content=\"https:\/\/idecesos.com\/seguros\/companias\/mmt\/telefono\/\" \/>\n<meta property=\"article:modified_time\" content=\"2022-04-07T12:21:22+00:00\" \/>\n<meta name=\"twitter:card\" content=\"summary_large_image\" \/>\n<meta name=\"twitter:label1\" content=\"Tiempo de lectura\" \/>\n\t<meta name=\"twitter:data1\" content=\"4 minutos\" \/>\n<script type=\"application\/ld+json\" class=\"yoast-schema-graph\">{\"@context\":\"https:\\\/\\\/schema.org\",\"@graph\":[{\"@type\":\"WebPage\",\"@id\":\"https:\\\/\\\/idecesos.com\\\/seguros\\\/companias\\\/mmt\\\/telefono\\\/\",\"url\":\"https:\\\/\\\/idecesos.com\\\/seguros\\\/companias\\\/mmt\\\/telefono\\\/\",\"name\":\"Tel\u00e9fono Gratuito Mmt \u25b7Atenci\u00f3n Cliente, Email, RRSS, Web\",\"isPartOf\":{\"@id\":\"https:\\\/\\\/idecesos.com\\\/seguros\\\/#website\"},\"datePublished\":\"2021-11-25T10:17:59+00:00\",\"dateModified\":\"2022-04-07T12:21:22+00:00\",\"description\":\"Busca aqu\u00ed\u3010Mmt seguros tel\u00e9fono gratuito\u3011Mmt Decesos tel\u00e9fono gratis: atenci\u00f3n al cliente y contrataciones \u2611\ufe0fVerificado en 2026\",\"breadcrumb\":{\"@id\":\"https:\\\/\\\/idecesos.com\\\/seguros\\\/companias\\\/mmt\\\/telefono\\\/#breadcrumb\"},\"inLanguage\":\"es\",\"potentialAction\":[{\"@type\":\"ReadAction\",\"target\":[\"https:\\\/\\\/idecesos.com\\\/seguros\\\/companias\\\/mmt\\\/telefono\\\/\"]}]},{\"@type\":\"BreadcrumbList\",\"@id\":\"https:\\\/\\\/idecesos.com\\\/seguros\\\/companias\\\/mmt\\\/telefono\\\/#breadcrumb\",\"itemListElement\":[{\"@type\":\"ListItem\",\"position\":1,\"name\":\"Portada\",\"item\":\"https:\\\/\\\/idecesos.com\\\/seguros\\\/\"},{\"@type\":\"ListItem\",\"position\":2,\"name\":\"Compa\u00f1\u00edas de Seguros de Decesos en Espa\u00f1a\",\"item\":\"https:\\\/\\\/idecesos.com\\\/seguros\\\/companias\\\/\"},{\"@type\":\"ListItem\",\"position\":3,\"name\":\"Seguro de decesos MMT\",\"item\":\"https:\\\/\\\/idecesos.com\\\/seguros\\\/companias\\\/mmt\\\/\"},{\"@type\":\"ListItem\",\"position\":4,\"name\":\"Atenci\u00f3n al cliente Mmt: telefono gratuito, e-mail\"}]},{\"@type\":\"WebSite\",\"@id\":\"https:\\\/\\\/idecesos.com\\\/seguros\\\/#website\",\"url\":\"https:\\\/\\\/idecesos.com\\\/seguros\\\/\",\"name\":\"\",\"description\":\"\",\"potentialAction\":[{\"@type\":\"SearchAction\",\"target\":{\"@type\":\"EntryPoint\",\"urlTemplate\":\"https:\\\/\\\/idecesos.com\\\/seguros\\\/?s={search_term_string}\"},\"query-input\":{\"@type\":\"PropertyValueSpecification\",\"valueRequired\":true,\"valueName\":\"search_term_string\"}}],\"inLanguage\":\"es\"}]}<\/script>\n<!-- \/ Yoast SEO plugin. -->","yoast_head_json":{"title":"Tel\u00e9fono Gratuito Mmt \u25b7Atenci\u00f3n Cliente, Email, RRSS, Web","description":"Busca aqu\u00ed\u3010Mmt seguros tel\u00e9fono gratuito\u3011Mmt Decesos tel\u00e9fono gratis: atenci\u00f3n al cliente y contrataciones \u2611\ufe0fVerificado en 2026","robots":{"index":"index","follow":"follow","max-snippet":"max-snippet:-1","max-image-preview":"max-image-preview:large","max-video-preview":"max-video-preview:-1"},"canonical":"https:\/\/idecesos.com\/seguros\/companias\/mmt\/telefono\/","og_locale":"es_ES","og_type":"article","og_title":"Tel\u00e9fono Gratuito Mmt \u25b7Atenci\u00f3n Cliente, Email, RRSS, Web","og_description":"Busca aqu\u00ed\u3010Mmt seguros tel\u00e9fono gratuito\u3011Mmt Decesos tel\u00e9fono gratis: atenci\u00f3n al cliente y contrataciones \u2611\ufe0fVerificado en 2026","og_url":"https:\/\/idecesos.com\/seguros\/companias\/mmt\/telefono\/","article_modified_time":"2022-04-07T12:21:22+00:00","twitter_card":"summary_large_image","twitter_misc":{"Tiempo de lectura":"4 minutos"},"schema":{"@context":"https:\/\/schema.org","@graph":[{"@type":"WebPage","@id":"https:\/\/idecesos.com\/seguros\/companias\/mmt\/telefono\/","url":"https:\/\/idecesos.com\/seguros\/companias\/mmt\/telefono\/","name":"Tel\u00e9fono Gratuito Mmt \u25b7Atenci\u00f3n Cliente, Email, RRSS, Web","isPartOf":{"@id":"https:\/\/idecesos.com\/seguros\/#website"},"datePublished":"2021-11-25T10:17:59+00:00","dateModified":"2022-04-07T12:21:22+00:00","description":"Busca aqu\u00ed\u3010Mmt seguros tel\u00e9fono gratuito\u3011Mmt Decesos tel\u00e9fono gratis: atenci\u00f3n al cliente y contrataciones \u2611\ufe0fVerificado en 2026","breadcrumb":{"@id":"https:\/\/idecesos.com\/seguros\/companias\/mmt\/telefono\/#breadcrumb"},"inLanguage":"es","potentialAction":[{"@type":"ReadAction","target":["https:\/\/idecesos.com\/seguros\/companias\/mmt\/telefono\/"]}]},{"@type":"BreadcrumbList","@id":"https:\/\/idecesos.com\/seguros\/companias\/mmt\/telefono\/#breadcrumb","itemListElement":[{"@type":"ListItem","position":1,"name":"Portada","item":"https:\/\/idecesos.com\/seguros\/"},{"@type":"ListItem","position":2,"name":"Compa\u00f1\u00edas de Seguros de Decesos en Espa\u00f1a","item":"https:\/\/idecesos.com\/seguros\/companias\/"},{"@type":"ListItem","position":3,"name":"Seguro de decesos MMT","item":"https:\/\/idecesos.com\/seguros\/companias\/mmt\/"},{"@type":"ListItem","position":4,"name":"Atenci\u00f3n al cliente Mmt: telefono gratuito, e-mail"}]},{"@type":"WebSite","@id":"https:\/\/idecesos.com\/seguros\/#website","url":"https:\/\/idecesos.com\/seguros\/","name":"","description":"","potentialAction":[{"@type":"SearchAction","target":{"@type":"EntryPoint","urlTemplate":"https:\/\/idecesos.com\/seguros\/?s={search_term_string}"},"query-input":{"@type":"PropertyValueSpecification","valueRequired":true,"valueName":"search_term_string"}}],"inLanguage":"es"}]}},"_links":{"self":[{"href":"https:\/\/idecesos.com\/seguros\/wp-json\/wp\/v2\/pages\/15455","targetHints":{"allow":["GET"]}}],"collection":[{"href":"https:\/\/idecesos.com\/seguros\/wp-json\/wp\/v2\/pages"}],"about":[{"href":"https:\/\/idecesos.com\/seguros\/wp-json\/wp\/v2\/types\/page"}],"author":[{"embeddable":true,"href":"https:\/\/idecesos.com\/seguros\/wp-json\/wp\/v2\/users\/1"}],"replies":[{"embeddable":true,"href":"https:\/\/idecesos.com\/seguros\/wp-json\/wp\/v2\/comments?post=15455"}],"version-history":[{"count":8,"href":"https:\/\/idecesos.com\/seguros\/wp-json\/wp\/v2\/pages\/15455\/revisions"}],"predecessor-version":[{"id":21076,"href":"https:\/\/idecesos.com\/seguros\/wp-json\/wp\/v2\/pages\/15455\/revisions\/21076"}],"up":[{"embeddable":true,"href":"https:\/\/idecesos.com\/seguros\/wp-json\/wp\/v2\/pages\/9515"}],"wp:attachment":[{"href":"https:\/\/idecesos.com\/seguros\/wp-json\/wp\/v2\/media?parent=15455"}],"curies":[{"name":"wp","href":"https:\/\/api.w.org\/{rel}","templated":true}]}}