{"id":15457,"date":"2021-11-26T09:13:17","date_gmt":"2021-11-25T10:17:59","guid":{"rendered":"https:\/\/idecesos.com\/seguros\/companias\/genesis\/telefono\/"},"modified":"2022-04-07T12:30:18","modified_gmt":"2022-04-07T12:30:18","slug":"telefono","status":"publish","type":"page","link":"https:\/\/idecesos.com\/seguros\/companias\/genesis\/telefono\/","title":{"rendered":"Atenci\u00f3n al cliente Genesis: telefono gratuito, e-mail"},"content":{"rendered":"<div id=\"ez-toc-container\" class=\"ez-toc-v2_0_82_2 ez-toc-wrap-center counter-hierarchy ez-toc-counter ez-toc-custom ez-toc-container-direction\">\n<div class=\"ez-toc-title-container\">\n<p class=\"ez-toc-title\" style=\"cursor:inherit\">Tabla de Contenido<\/p>\n<span class=\"ez-toc-title-toggle\"><a href=\"#\" class=\"ez-toc-pull-right ez-toc-btn ez-toc-btn-xs ez-toc-btn-default ez-toc-toggle\" aria-label=\"Alternar tabla de contenidos\"><span class=\"ez-toc-js-icon-con\"><span class=\"\"><span class=\"eztoc-hide\" style=\"display:none;\">Toggle<\/span><span class=\"ez-toc-icon-toggle-span\"><svg style=\"fill: #db6415;color:#db6415\" xmlns=\"http:\/\/www.w3.org\/2000\/svg\" class=\"list-377408\" width=\"20px\" height=\"20px\" viewBox=\"0 0 24 24\" fill=\"none\"><path d=\"M6 6H4v2h2V6zm14 0H8v2h12V6zM4 11h2v2H4v-2zm16 0H8v2h12v-2zM4 16h2v2H4v-2zm16 0H8v2h12v-2z\" fill=\"currentColor\"><\/path><\/svg><svg style=\"fill: #db6415;color:#db6415\" class=\"arrow-unsorted-368013\" xmlns=\"http:\/\/www.w3.org\/2000\/svg\" width=\"10px\" height=\"10px\" viewBox=\"0 0 24 24\" version=\"1.2\" baseProfile=\"tiny\"><path d=\"M18.2 9.3l-6.2-6.3-6.2 6.3c-.2.2-.3.4-.3.7s.1.5.3.7c.2.2.4.3.7.3h11c.3 0 .5-.1.7-.3.2-.2.3-.5.3-.7s-.1-.5-.3-.7zM5.8 14.7l6.2 6.3 6.2-6.3c.2-.2.3-.5.3-.7s-.1-.5-.3-.7c-.2-.2-.4-.3-.7-.3h-11c-.3 0-.5.1-.7.3-.2.2-.3.5-.3.7s.1.5.3.7z\"\/><\/svg><\/span><\/span><\/span><\/a><\/span><\/div>\n<nav><ul class='ez-toc-list ez-toc-list-level-1 ' ><ul class='ez-toc-list-level-4' ><li class='ez-toc-heading-level-4'><ul class='ez-toc-list-level-4' ><li class='ez-toc-heading-level-4'><a class=\"ez-toc-link ez-toc-heading-1\" href=\"https:\/\/idecesos.com\/seguros\/companias\/genesis\/telefono\/#Telefono_Contrataciones_951_127_403\" >Tel\u00e9fono Contrataciones \n951 127 403<\/a><\/li><\/ul><\/li><\/ul><\/li><li class='ez-toc-page-1 ez-toc-heading-level-2'><a class=\"ez-toc-link ez-toc-heading-2\" href=\"https:\/\/idecesos.com\/seguros\/companias\/genesis\/telefono\/#%C2%BFComo_contactar_con_Genesis\" >\u00bfC\u00f3mo contactar con Genesis?<\/a><ul class='ez-toc-list-level-3' ><li class='ez-toc-heading-level-3'><a class=\"ez-toc-link ez-toc-heading-3\" href=\"https:\/\/idecesos.com\/seguros\/companias\/genesis\/telefono\/#Telefono_gratuito_de_Genesis\" >Tel\u00e9fono gratuito de Genesis<\/a><\/li><li class='ez-toc-page-1 ez-toc-heading-level-3'><a class=\"ez-toc-link ez-toc-heading-4\" href=\"https:\/\/idecesos.com\/seguros\/companias\/genesis\/telefono\/#Horario_de_atencion_al_cliente_de_Genesis\" >Horario de atenci\u00f3n al cliente de Genesis<\/a><\/li><li class='ez-toc-page-1 ez-toc-heading-level-3'><a class=\"ez-toc-link ez-toc-heading-5\" href=\"https:\/\/idecesos.com\/seguros\/companias\/genesis\/telefono\/#Correo_electronico_de_Genesis\" >Correo electr\u00f3nico de Genesis<\/a><\/li><li class='ez-toc-page-1 ez-toc-heading-level-3'><a class=\"ez-toc-link ez-toc-heading-6\" href=\"https:\/\/idecesos.com\/seguros\/companias\/genesis\/telefono\/#Formulario_en_el_sitio_Web_de_Genesis\" >Formulario en el sitio Web de Genesis<\/a><\/li><li class='ez-toc-page-1 ez-toc-heading-level-3'><a class=\"ez-toc-link ez-toc-heading-7\" href=\"https:\/\/idecesos.com\/seguros\/companias\/genesis\/telefono\/#Redes_sociales_de_Genesis\" >Redes sociales de Genesis<\/a><\/li><li class='ez-toc-page-1 ez-toc-heading-level-3'><a class=\"ez-toc-link ez-toc-heading-8\" href=\"https:\/\/idecesos.com\/seguros\/companias\/genesis\/telefono\/#Paginas_relacionadas\" >P\u00e1ginas relacionadas<\/a><\/li><\/ul><\/li><\/ul><\/nav><\/div>\n\n<div class=\"caja\">\n<div class=\"cajaIcono2 \"  ><div class=\"cuadro\" style=\"box-shadow: inset 0 0 0 3px #ff790e\"><div class=\"iconoCircular\" style=\"border: 3px solid #ff790e\">\t\t\n\t\t\t\t\t<div class=\"iconoCirculo\">\n\t\t\t\t\t  <i class=\"fas fa-phone-volume\"><\/i>\n\t\t\t\t\t<\/div>\n\t\t\t\t<\/div><div class=\"\">\n<h4 style=\"text-align: center;\"><span class=\"ez-toc-section\" id=\"Telefono_Contrataciones_951_127_403\"><\/span><strong>Tel\u00e9fono Contrataciones<br \/>\n951 127 403<\/strong><span class=\"ez-toc-section-end\"><\/span><\/h4>\n<p><\/div><\/div><\/div><br \/>\nGenesis ofrece diferentes m\u00e9todos de contacto, accesibles a todo el mundo, a fin de que puedan obtener informaci\u00f3n sin ning\u00fan g\u00e9nero de complejidad y complejidad. Con todas y cada una ellas, no tendr\u00e1 la necesidad de desplazarse si no le es posible y, conseguir\u00e1 una r\u00e1pida y sencilla contestaci\u00f3n por parte del asesor especialista en seguros de decesos. La compa\u00f1\u00eda es consciente del momento tan fr\u00e1gil que es la p\u00e9rdida de un ser querido, con lo que todo va a estar cerrado para cuando llegue el d\u00eda y cada uno de ellos de los profesionales van a tratar las cuestiones con la delicadez y respeto que merece. Se le dar\u00e1 toda la informaci\u00f3n respectiva a su seguro, como coberturas, la indemnizaci\u00f3n que pueda percibir por la hospitalizaci\u00f3n, los servicios de testamento y mortuorio, y m\u00e1s.<br \/>\n<\/div><\/p>\n<div class=\"colorf \"  ><div class=\"container clearfix\"><div class=\"col-md-7\"><\/p>\n<h2><span class=\"ez-toc-section\" id=\"%C2%BFComo_contactar_con_Genesis\"><\/span>\u00bfC\u00f3mo contactar con Genesis?<span class=\"ez-toc-section-end\"><\/span><\/h2>\n<p>Para establecer la comunicaci\u00f3n con Genesis, est\u00e1 libre un tel\u00e9fono de contacto, completamente gratuito, una p\u00e1gina web con un formulario a rellenar, mail y redes sociales.<br \/>\n<\/div><\/div><\/div>\n<h3><span class=\"ez-toc-section\" id=\"Telefono_gratuito_de_Genesis\"><\/span>Tel\u00e9fono gratuito de Genesis<span class=\"ez-toc-section-end\"><\/span><\/h3>\n<p>Su tel\u00e9fono de contacto es completamente gratuito. La llamada efectuada por parte del usuario o del profesional, no va a tener ning\u00fan costo, independientemente del tiempo que dure. Su seguro de decesos estar\u00e1 listo con una simple llamada. Una forma sencilla y pr\u00e1ctica que te facilita la vida a fin de que no tengas que preocuparte de nada y puedas hacerlo todo desde casa, siempre y en toda circunstancia acompa\u00f1ado de los mejores profesionales. La persona con la que hable, va a ser un especialista asesor en dicha cuesti\u00f3n para que, tras concluir la llamada, sus dudas quedar\u00e1n resueltas y va a quedar absolutamente satisfecho. El n\u00famero es el:<strong> 91 342 25 32.<\/strong><br \/>\n<div class=\"colorf\"><div class=\"container clearfix\"><div class=\"col-md-7\"><\/p>\n<div class=\"cabecera_tabla_ajustada \"  style=\"width:80%\" ><div class=\"row\"><\/div>\n<p><div class=\"fila_tabla4 \"  ><div class=\"row\"><div class=\"col-8 nosepara izq\"><p><strong>Tel\u00e9fono para contrataciones<\/strong><\/p><\/div><div class=\"col-4 nosepara centro\">951 127 403<\/div><\/div><\/div><div class=\"fila_tabla4 \"  ><div class=\"row\"><div class=\"col-8 nosepara izq\"><p><strong>Atenci\u00f3n para no clientes<\/strong><\/p><\/div><div class=\"col-4 nosepara centro\">91 342 25 20<\/div><\/div><\/div><\/p>\n<div class=\"pie_tabla \"  ><div class=\"row\"><div class=\"col-12 \"><\/div><\/div><\/div><\/div>\n<\/div><\/div><\/div>\n<h3><span class=\"ez-toc-section\" id=\"Horario_de_atencion_al_cliente_de_Genesis\"><\/span>Horario de atenci\u00f3n al cliente de Genesis<span class=\"ez-toc-section-end\"><\/span><\/h3>\n<p>La compa\u00f1\u00eda no es siendo consciente de la disponibilidad horaria de cada persona, por lo tanto, ha creado un horario espec\u00edfico (ma\u00f1ana y tarde) a fin de que pueda ponerse en contacto siempre que lo desee. El personal expondr\u00e1 toda su experiencia, conocimientos y confianza para su satisfacci\u00f3n. Contactar de forma directa ser\u00e1, as\u00ed, m\u00e1s simple y f\u00e1cil. El especialista le responder\u00e1 a cada una de las preguntas que le vayan surgiendo en exactamente el mismo momento, aparte de las que ten\u00eda preparadas. Las horas en las que va a poder efectuar la llamada son las siguientes: <strong>horario Genesis.<\/strong><br \/>\n<div class=\"colorf\"><div class=\"container clearfix\"><div class=\"col-md-7\"><\/p>\n<h3><span class=\"ez-toc-section\" id=\"Correo_electronico_de_Genesis\"><\/span>Correo electr\u00f3nico de Genesis<span class=\"ez-toc-section-end\"><\/span><\/h3>\n<p>Una gran parte de la poblaci\u00f3n es consciente de la influencia y tambi\u00e9n relevancia que tiene Internet, con lo que tienen perfiles en las plataformas de Hotmail, Gmail, etc\u00e9teraCon este servicio, formar\u00e1n una parte del flujo de informaci\u00f3n que se establezca entre 2 o bien m\u00e1s personas. Es una de las herramientas m\u00e1s \u00fatiles para poder percibir informaci\u00f3n o documentaci\u00f3n, en este caso, sobre su seguro de decesos. El correo electr\u00f3nico de Genesis es <strong>contacto@genesis.es<\/strong>\u00a0y va a tener la posibilidad de mandarle un mensaje con la cuesti\u00f3n que desee saber sobre, por ejemplo, su p\u00f3liza. Al desempe\u00f1ar la funci\u00f3n del env\u00edo de un mail, la respuesta que consiga ser\u00e1 la mejor y, terminante, para poder aclarar sus ideas.<br \/>\n<\/div><\/div><\/div><\/p>\n<h3><span class=\"ez-toc-section\" id=\"Formulario_en_el_sitio_Web_de_Genesis\"><\/span>Formulario en el sitio Web de Genesis<span class=\"ez-toc-section-end\"><\/span><\/h3>\n<p>La mayor\u00eda de la poblaci\u00f3n tiene acceso a la plataforma con m\u00e1s repercusi\u00f3n, los buscadores de Internet. Con solo teclear una palabra, el usuario podr\u00e1 entrar en un mundo lleno de contestaciones. Genesis le ofrece informaci\u00f3n sobre aspectos relacionados con su seguro de decesos como, por ejemplo, los servicios que presentan, mediante su p\u00e1gina. As\u00ed, va a recoger amplias notas para un asesoramiento de cara al futuro. Dependiendo de las peculiaridades que desee conseguir, va a tener unas garant\u00edas o bien otras, puesto que la informaci\u00f3n dada en la web es general. La p\u00e1gina web es la siguiente <strong>www.genesis.es\/<\/strong>.<br \/>\n<div class=\"colorf\"><div class=\"container clearfix\"><div class=\"col-md-7\"><\/p>\n<h3><span class=\"ez-toc-section\" id=\"Redes_sociales_de_Genesis\"><\/span>Redes sociales de Genesis<span class=\"ez-toc-section-end\"><\/span><\/h3>\n<p>Las redes sociales, Insragram, Twitter o Facebook, establecen una gran conexi\u00f3n con la poblaci\u00f3n y pertenecen a las herramientas con m\u00e1s difusi\u00f3n y alcance. Genesis avanza a pasos desmedidos. Dispone de diferentes plataformas, en las que podr\u00e1s localizar la informaci\u00f3n b\u00e1sica para que pueda ponerse en contacto con ella o bien saber un poco sobre qui\u00e9nes son. Buscando su nombre, hallar\u00e1 el perfil y va a acceder a la informaci\u00f3n. Gracias a \u00e9l, va a tener acceso a los datos, como enlace de p\u00e1gina, caracter\u00edsticas\u2026 que postee la compa\u00f1\u00eda sobre su seguro de decesos y tambi\u00e9n, va a poder mandar un mensaje para comunicarse en el futuro con sus profesionales.<br \/>\n<\/div><\/div><\/div><\/p>\n<\/div>\n<p><div class=\"oficinas\"> <h3><span class=\"ez-toc-section\" id=\"Paginas_relacionadas\"><\/span>P\u00e1ginas relacionadas<span class=\"ez-toc-section-end\"><\/span><\/h3><div class=\"enlazado\"><ul> <li><a href=\"https:\/\/idecesos.com\/seguros\/companias\/genesis\/opiniones\/\">Opiniones Genesis<\/a><\/li> <li><a href=\"https:\/\/idecesos.com\/seguros\/companias\/genesis\/precio\/\">Precio seguro Genesis<\/a><\/li> <li><a href=\"https:\/\/idecesos.com\/seguros\/companias\/genesis\/prima-mixta\/\">Genesis Prima Mixta<\/a><\/li> <li><a href=\"https:\/\/idecesos.com\/seguros\/companias\/genesis\/prima-natural\/\">Genesis Prima Natural<\/a><\/li> <li><a href=\"https:\/\/idecesos.com\/seguros\/companias\/genesis\/prima-nivelada\/\">Genesis Prima Nivelada<\/a><\/li> <li><a href=\"https:\/\/idecesos.com\/seguros\/companias\/genesis\/prima-unica\/\">Genesis Prima \u00danica<\/a><\/li> <li><a href=\"https:\/\/idecesos.com\/seguros\/companias\/genesis\/repatriacion\/\">Genesis Repatriaci\u00f3n<\/a><\/li> <li><a href=\"https:\/\/idecesos.com\/seguros\/companias\/genesis\/telefono\/\">Tel\u00e9fono Gratuito Genesis<\/a><\/li><\/ul><\/div> <\/div><\/p>\n","protected":false},"excerpt":{"rendered":"<p>Genesis ofrece diferentes m\u00e9todos de contacto, accesibles a todo el mundo, a fin de que puedan obtener informaci\u00f3n sin ning\u00fan g\u00e9nero de complejidad y complejidad. Con todas y cada una ellas, no tendr\u00e1 la necesidad de desplazarse si no le es posible y, conseguir\u00e1 una r\u00e1pida y sencilla contestaci\u00f3n por parte del asesor especialista en&hellip; <\/p>\n","protected":false},"author":1,"featured_media":0,"parent":9519,"menu_order":0,"comment_status":"closed","ping_status":"closed","template":"single.php","meta":{"footnotes":""},"class_list":["post-15457","page","type-page","status-publish","hentry"],"yoast_head":"<!-- This site is optimized with the Yoast SEO plugin v27.2 - https:\/\/yoast.com\/product\/yoast-seo-wordpress\/ -->\n<title>Tel\u00e9fono Gratuito Genesis \u25b7Atenci\u00f3n Cliente, Email, RRSS, Web<\/title>\n<meta name=\"description\" content=\"Busca aqu\u00ed\u3010Genesis seguros tel\u00e9fono gratuito\u3011Genesis Decesos tel\u00e9fono gratis: atenci\u00f3n al cliente y contrataciones \u2611\ufe0fVerificado en 2026\" \/>\n<meta name=\"robots\" content=\"index, follow, max-snippet:-1, max-image-preview:large, max-video-preview:-1\" \/>\n<link rel=\"canonical\" href=\"https:\/\/idecesos.com\/seguros\/companias\/genesis\/telefono\/\" \/>\n<meta property=\"og:locale\" content=\"es_ES\" \/>\n<meta property=\"og:type\" content=\"article\" \/>\n<meta property=\"og:title\" content=\"Tel\u00e9fono Gratuito Genesis \u25b7Atenci\u00f3n Cliente, Email, RRSS, Web\" \/>\n<meta property=\"og:description\" content=\"Busca aqu\u00ed\u3010Genesis seguros tel\u00e9fono gratuito\u3011Genesis Decesos tel\u00e9fono gratis: atenci\u00f3n al cliente y contrataciones \u2611\ufe0fVerificado en 2026\" \/>\n<meta property=\"og:url\" content=\"https:\/\/idecesos.com\/seguros\/companias\/genesis\/telefono\/\" \/>\n<meta property=\"article:modified_time\" content=\"2022-04-07T12:30:18+00:00\" \/>\n<meta name=\"twitter:card\" content=\"summary_large_image\" \/>\n<meta name=\"twitter:label1\" content=\"Tiempo de lectura\" \/>\n\t<meta name=\"twitter:data1\" content=\"4 minutos\" \/>\n<script type=\"application\/ld+json\" class=\"yoast-schema-graph\">{\"@context\":\"https:\/\/schema.org\",\"@graph\":[{\"@type\":\"WebPage\",\"@id\":\"https:\/\/idecesos.com\/seguros\/companias\/genesis\/telefono\/\",\"url\":\"https:\/\/idecesos.com\/seguros\/companias\/genesis\/telefono\/\",\"name\":\"Tel\u00e9fono Gratuito Genesis \u25b7Atenci\u00f3n Cliente, Email, RRSS, Web\",\"isPartOf\":{\"@id\":\"https:\/\/idecesos.com\/seguros\/#website\"},\"datePublished\":\"2021-11-25T10:17:59+00:00\",\"dateModified\":\"2022-04-07T12:30:18+00:00\",\"description\":\"Busca aqu\u00ed\u3010Genesis seguros tel\u00e9fono gratuito\u3011Genesis Decesos tel\u00e9fono gratis: atenci\u00f3n al cliente y contrataciones \u2611\ufe0fVerificado en 2026\",\"breadcrumb\":{\"@id\":\"https:\/\/idecesos.com\/seguros\/companias\/genesis\/telefono\/#breadcrumb\"},\"inLanguage\":\"es\",\"potentialAction\":[{\"@type\":\"ReadAction\",\"target\":[\"https:\/\/idecesos.com\/seguros\/companias\/genesis\/telefono\/\"]}]},{\"@type\":\"BreadcrumbList\",\"@id\":\"https:\/\/idecesos.com\/seguros\/companias\/genesis\/telefono\/#breadcrumb\",\"itemListElement\":[{\"@type\":\"ListItem\",\"position\":1,\"name\":\"Portada\",\"item\":\"https:\/\/idecesos.com\/seguros\/\"},{\"@type\":\"ListItem\",\"position\":2,\"name\":\"Compa\u00f1\u00edas de Seguros de Decesos en Espa\u00f1a\",\"item\":\"https:\/\/idecesos.com\/seguros\/companias\/\"},{\"@type\":\"ListItem\",\"position\":3,\"name\":\"Seguro de decesos G\u00e9nesis\",\"item\":\"https:\/\/idecesos.com\/seguros\/companias\/genesis\/\"},{\"@type\":\"ListItem\",\"position\":4,\"name\":\"Atenci\u00f3n al cliente Genesis: telefono gratuito, e-mail\"}]},{\"@type\":\"WebSite\",\"@id\":\"https:\/\/idecesos.com\/seguros\/#website\",\"url\":\"https:\/\/idecesos.com\/seguros\/\",\"name\":\"\",\"description\":\"\",\"potentialAction\":[{\"@type\":\"SearchAction\",\"target\":{\"@type\":\"EntryPoint\",\"urlTemplate\":\"https:\/\/idecesos.com\/seguros\/?s={search_term_string}\"},\"query-input\":{\"@type\":\"PropertyValueSpecification\",\"valueRequired\":true,\"valueName\":\"search_term_string\"}}],\"inLanguage\":\"es\"}]}<\/script>\n<!-- \/ Yoast SEO plugin. -->","yoast_head_json":{"title":"Tel\u00e9fono Gratuito Genesis \u25b7Atenci\u00f3n Cliente, Email, RRSS, Web","description":"Busca aqu\u00ed\u3010Genesis seguros tel\u00e9fono gratuito\u3011Genesis Decesos tel\u00e9fono gratis: atenci\u00f3n al cliente y contrataciones \u2611\ufe0fVerificado en 2026","robots":{"index":"index","follow":"follow","max-snippet":"max-snippet:-1","max-image-preview":"max-image-preview:large","max-video-preview":"max-video-preview:-1"},"canonical":"https:\/\/idecesos.com\/seguros\/companias\/genesis\/telefono\/","og_locale":"es_ES","og_type":"article","og_title":"Tel\u00e9fono Gratuito Genesis \u25b7Atenci\u00f3n Cliente, Email, RRSS, Web","og_description":"Busca aqu\u00ed\u3010Genesis seguros tel\u00e9fono gratuito\u3011Genesis Decesos tel\u00e9fono gratis: atenci\u00f3n al cliente y contrataciones \u2611\ufe0fVerificado en 2026","og_url":"https:\/\/idecesos.com\/seguros\/companias\/genesis\/telefono\/","article_modified_time":"2022-04-07T12:30:18+00:00","twitter_card":"summary_large_image","twitter_misc":{"Tiempo de lectura":"4 minutos"},"schema":{"@context":"https:\/\/schema.org","@graph":[{"@type":"WebPage","@id":"https:\/\/idecesos.com\/seguros\/companias\/genesis\/telefono\/","url":"https:\/\/idecesos.com\/seguros\/companias\/genesis\/telefono\/","name":"Tel\u00e9fono Gratuito Genesis \u25b7Atenci\u00f3n Cliente, Email, RRSS, Web","isPartOf":{"@id":"https:\/\/idecesos.com\/seguros\/#website"},"datePublished":"2021-11-25T10:17:59+00:00","dateModified":"2022-04-07T12:30:18+00:00","description":"Busca aqu\u00ed\u3010Genesis seguros tel\u00e9fono gratuito\u3011Genesis Decesos tel\u00e9fono gratis: atenci\u00f3n al cliente y contrataciones \u2611\ufe0fVerificado en 2026","breadcrumb":{"@id":"https:\/\/idecesos.com\/seguros\/companias\/genesis\/telefono\/#breadcrumb"},"inLanguage":"es","potentialAction":[{"@type":"ReadAction","target":["https:\/\/idecesos.com\/seguros\/companias\/genesis\/telefono\/"]}]},{"@type":"BreadcrumbList","@id":"https:\/\/idecesos.com\/seguros\/companias\/genesis\/telefono\/#breadcrumb","itemListElement":[{"@type":"ListItem","position":1,"name":"Portada","item":"https:\/\/idecesos.com\/seguros\/"},{"@type":"ListItem","position":2,"name":"Compa\u00f1\u00edas de Seguros de Decesos en Espa\u00f1a","item":"https:\/\/idecesos.com\/seguros\/companias\/"},{"@type":"ListItem","position":3,"name":"Seguro de decesos G\u00e9nesis","item":"https:\/\/idecesos.com\/seguros\/companias\/genesis\/"},{"@type":"ListItem","position":4,"name":"Atenci\u00f3n al cliente Genesis: telefono gratuito, e-mail"}]},{"@type":"WebSite","@id":"https:\/\/idecesos.com\/seguros\/#website","url":"https:\/\/idecesos.com\/seguros\/","name":"","description":"","potentialAction":[{"@type":"SearchAction","target":{"@type":"EntryPoint","urlTemplate":"https:\/\/idecesos.com\/seguros\/?s={search_term_string}"},"query-input":{"@type":"PropertyValueSpecification","valueRequired":true,"valueName":"search_term_string"}}],"inLanguage":"es"}]}},"_links":{"self":[{"href":"https:\/\/idecesos.com\/seguros\/wp-json\/wp\/v2\/pages\/15457","targetHints":{"allow":["GET"]}}],"collection":[{"href":"https:\/\/idecesos.com\/seguros\/wp-json\/wp\/v2\/pages"}],"about":[{"href":"https:\/\/idecesos.com\/seguros\/wp-json\/wp\/v2\/types\/page"}],"author":[{"embeddable":true,"href":"https:\/\/idecesos.com\/seguros\/wp-json\/wp\/v2\/users\/1"}],"replies":[{"embeddable":true,"href":"https:\/\/idecesos.com\/seguros\/wp-json\/wp\/v2\/comments?post=15457"}],"version-history":[{"count":8,"href":"https:\/\/idecesos.com\/seguros\/wp-json\/wp\/v2\/pages\/15457\/revisions"}],"predecessor-version":[{"id":21078,"href":"https:\/\/idecesos.com\/seguros\/wp-json\/wp\/v2\/pages\/15457\/revisions\/21078"}],"up":[{"embeddable":true,"href":"https:\/\/idecesos.com\/seguros\/wp-json\/wp\/v2\/pages\/9519"}],"wp:attachment":[{"href":"https:\/\/idecesos.com\/seguros\/wp-json\/wp\/v2\/media?parent=15457"}],"curies":[{"name":"wp","href":"https:\/\/api.w.org\/{rel}","templated":true}]}}