{"id":15458,"date":"2021-11-26T09:13:18","date_gmt":"2021-11-25T10:18:00","guid":{"rendered":"https:\/\/idecesos.com\/seguros\/companias\/prevision-mallorquina\/telefono\/"},"modified":"2022-01-21T08:07:11","modified_gmt":"2022-01-21T08:07:11","slug":"telefono","status":"publish","type":"page","link":"https:\/\/idecesos.com\/seguros\/companias\/prevision-mallorquina\/telefono\/","title":{"rendered":"Atenci\u00f3n al cliente Previsi\u00f3n Mallorquina: telefono gratuito, e-mail"},"content":{"rendered":"<div id=\"ez-toc-container\" class=\"ez-toc-v2_0_82_2 ez-toc-wrap-center counter-hierarchy ez-toc-counter ez-toc-custom ez-toc-container-direction\">\n<div class=\"ez-toc-title-container\">\n<p class=\"ez-toc-title\" style=\"cursor:inherit\">Tabla de Contenido<\/p>\n<span class=\"ez-toc-title-toggle\"><a href=\"#\" class=\"ez-toc-pull-right ez-toc-btn ez-toc-btn-xs ez-toc-btn-default ez-toc-toggle\" aria-label=\"Alternar tabla de contenidos\"><span class=\"ez-toc-js-icon-con\"><span class=\"\"><span class=\"eztoc-hide\" style=\"display:none;\">Toggle<\/span><span class=\"ez-toc-icon-toggle-span\"><svg style=\"fill: #db6415;color:#db6415\" xmlns=\"http:\/\/www.w3.org\/2000\/svg\" class=\"list-377408\" width=\"20px\" height=\"20px\" viewBox=\"0 0 24 24\" fill=\"none\"><path d=\"M6 6H4v2h2V6zm14 0H8v2h12V6zM4 11h2v2H4v-2zm16 0H8v2h12v-2zM4 16h2v2H4v-2zm16 0H8v2h12v-2z\" fill=\"currentColor\"><\/path><\/svg><svg style=\"fill: #db6415;color:#db6415\" class=\"arrow-unsorted-368013\" xmlns=\"http:\/\/www.w3.org\/2000\/svg\" width=\"10px\" height=\"10px\" viewBox=\"0 0 24 24\" version=\"1.2\" baseProfile=\"tiny\"><path d=\"M18.2 9.3l-6.2-6.3-6.2 6.3c-.2.2-.3.4-.3.7s.1.5.3.7c.2.2.4.3.7.3h11c.3 0 .5-.1.7-.3.2-.2.3-.5.3-.7s-.1-.5-.3-.7zM5.8 14.7l6.2 6.3 6.2-6.3c.2-.2.3-.5.3-.7s-.1-.5-.3-.7c-.2-.2-.4-.3-.7-.3h-11c-.3 0-.5.1-.7.3-.2.2-.3.5-.3.7s.1.5.3.7z\"\/><\/svg><\/span><\/span><\/span><\/a><\/span><\/div>\n<nav><ul class='ez-toc-list ez-toc-list-level-1 ' ><ul class='ez-toc-list-level-4' ><li class='ez-toc-heading-level-4'><ul class='ez-toc-list-level-4' ><li class='ez-toc-heading-level-4'><a class=\"ez-toc-link ez-toc-heading-1\" href=\"https:\/\/idecesos.com\/seguros\/companias\/prevision-mallorquina\/telefono\/#Telefono_Contrataciones_951_127_403\" >Tel\u00e9fono Contrataciones \n951 127 403<\/a><\/li><\/ul><\/li><\/ul><\/li><li class='ez-toc-page-1 ez-toc-heading-level-2'><a class=\"ez-toc-link ez-toc-heading-2\" href=\"https:\/\/idecesos.com\/seguros\/companias\/prevision-mallorquina\/telefono\/#%C2%BFComo_contactar_con_Prevision_Mallorquina\" >\u00bfC\u00f3mo contactar con Previsi\u00f3n Mallorquina?<\/a><ul class='ez-toc-list-level-3' ><li class='ez-toc-heading-level-3'><a class=\"ez-toc-link ez-toc-heading-3\" href=\"https:\/\/idecesos.com\/seguros\/companias\/prevision-mallorquina\/telefono\/#Telefono_gratuito_de_Prevision_Mallorquina\" >Tel\u00e9fono gratuito de Previsi\u00f3n Mallorquina<\/a><\/li><li class='ez-toc-page-1 ez-toc-heading-level-3'><a class=\"ez-toc-link ez-toc-heading-4\" href=\"https:\/\/idecesos.com\/seguros\/companias\/prevision-mallorquina\/telefono\/#Horario_de_atencion_al_cliente_de_Prevision_Mallorquina\" >Horario de atenci\u00f3n al cliente de Previsi\u00f3n Mallorquina<\/a><\/li><li class='ez-toc-page-1 ez-toc-heading-level-3'><a class=\"ez-toc-link ez-toc-heading-5\" href=\"https:\/\/idecesos.com\/seguros\/companias\/prevision-mallorquina\/telefono\/#Correo_electronico_de_Prevision_Mallorquina\" >Correo electr\u00f3nico de Previsi\u00f3n Mallorquina<\/a><\/li><li class='ez-toc-page-1 ez-toc-heading-level-3'><a class=\"ez-toc-link ez-toc-heading-6\" href=\"https:\/\/idecesos.com\/seguros\/companias\/prevision-mallorquina\/telefono\/#Formulario_en_el_sitio_Web_de_Prevision_Mallorquina\" >Formulario en el sitio Web de Previsi\u00f3n Mallorquina<\/a><\/li><li class='ez-toc-page-1 ez-toc-heading-level-3'><a class=\"ez-toc-link ez-toc-heading-7\" href=\"https:\/\/idecesos.com\/seguros\/companias\/prevision-mallorquina\/telefono\/#Redes_sociales_de_Prevision_Mallorquina\" >Redes sociales de Previsi\u00f3n Mallorquina<\/a><\/li><li class='ez-toc-page-1 ez-toc-heading-level-3'><a class=\"ez-toc-link ez-toc-heading-8\" href=\"https:\/\/idecesos.com\/seguros\/companias\/prevision-mallorquina\/telefono\/#Paginas_relacionadas\" >P\u00e1ginas relacionadas<\/a><\/li><\/ul><\/li><\/ul><\/nav><\/div>\n\n<div class=\"caja\">\n<div class=\"cajaIcono2 \"  ><div class=\"cuadro\" style=\"box-shadow: inset 0 0 0 3px #ff790e\"><div class=\"iconoCircular\" style=\"border: 3px solid #ff790e\">\t\t\n\t\t\t\t\t<div class=\"iconoCirculo\">\n\t\t\t\t\t  <i class=\"fas fa-phone-volume\"><\/i>\n\t\t\t\t\t<\/div>\n\t\t\t\t<\/div><div class=\"\">\n<h4 style=\"text-align: center;\"><span class=\"ez-toc-section\" id=\"Telefono_Contrataciones_951_127_403\"><\/span><strong>Tel\u00e9fono Contrataciones<br \/>\n951 127 403<\/strong><span class=\"ez-toc-section-end\"><\/span><\/h4>\n<p><\/div><\/div><\/div><br \/>\nPrevisi\u00f3n Mallorquina tiene un horario de atenci\u00f3n al usuario las veinticuatro horas del d\u00eda, los trescientos sesenta y cinco d\u00edas del a\u00f1o. En pocos minutos le atender\u00e1 un profesional experto en el tema que le va a facilitar toda la informaci\u00f3n precisa sobre su seguro de decesos contrato. Temas como la libre elecci\u00f3n del cementerio, ayuda sicol\u00f3gica, servicio l\u00fagubre y de testamento, traslado a su pa\u00eds de origen, gastos sanitarios y de ata\u00fad, la posibilidad de preservar el ADN del fallecido y muchas otras m\u00e1s coberturas ser\u00e1n atendidas por los mejores agentes. Los agentes de Previsi\u00f3n Mallorquina empatizan con los familiares cuando llegue el instante a fin de que pueda estar tranquilo y pueda encargarse de lo realmente importante, su ser querido. Adem\u00e1s de esto, sus agentes van a tratar esta situaci\u00f3n con la delicadez, respeto y profesionalidad que mereces.<br \/>\n<\/div><\/p>\n<div class=\"colorf \"  ><div class=\"container clearfix\"><div class=\"col-md-7\"><\/p>\n<h2><span class=\"ez-toc-section\" id=\"%C2%BFComo_contactar_con_Prevision_Mallorquina\"><\/span>\u00bfC\u00f3mo contactar con Previsi\u00f3n Mallorquina?<span class=\"ez-toc-section-end\"><\/span><\/h2>\n<p>Para establecer la comunicaci\u00f3n con Previsi\u00f3n Mallorquina, est\u00e1 disponible un tel\u00e9fono de contacto, absolutamente gratis, una p\u00e1gina web con un formulario a rellenar, mail y redes sociales.<br \/>\n<\/div><\/div><\/div>\n<h3><span class=\"ez-toc-section\" id=\"Telefono_gratuito_de_Prevision_Mallorquina\"><\/span>Tel\u00e9fono gratuito de Previsi\u00f3n Mallorquina<span class=\"ez-toc-section-end\"><\/span><\/h3>\n<p>A continuaci\u00f3n le mostramos el n\u00famero para contactar con Previsi\u00f3n Mallorquina <strong>900 103 057<\/strong>. Previsi\u00f3n Mallorquina ha pensado en ti y en tu tiempo. Es precisamente por esto que te presta este servicio r\u00e1pido y eficaz donde sus agentes expertos en estos temas te ayudar\u00e1n a solucionar tus dudas y cuestiones. La llamada que hagas a Previsi\u00f3n Mallorquina no te supondr\u00e1 ning\u00fan tipo de coste, da lo mismo el tiempo que transcurre en ella. Sus gatos son nulos. La atenci\u00f3n al usuario experta en seguro de decesos de Previsi\u00f3n Mallorquina le atender\u00e1 a fin de que pueda solucionar sus cuestiones y no le quede nada en el tintero.<br \/>\n<div class=\"colorf\"><div class=\"container clearfix\"><div class=\"col-md-7\"><\/p>\n<div class=\"cabecera_tabla_ajustada \"  style=\"width:80%\" ><div class=\"row\"><\/div>\n<div class=\"fila_tabla4 \"  ><div class=\"row\"><div class=\"col-8 nosepara izq\"><p><strong>Tel\u00e9fono para contrataciones<\/strong><\/p><\/div><div class=\"col-4 nosepara centro\">951 127 403<\/div><\/div><\/div>\n<div class=\"pie_tabla \"  ><div class=\"row\"><div class=\"col-12 \"><\/div><\/div><\/div><\/div>\n<\/div><\/div><\/div>\n<h3><span class=\"ez-toc-section\" id=\"Horario_de_atencion_al_cliente_de_Prevision_Mallorquina\"><\/span>Horario de atenci\u00f3n al cliente de Previsi\u00f3n Mallorquina<span class=\"ez-toc-section-end\"><\/span><\/h3>\n<p>A fin de que puedas resolver sus inquietudes, Previsi\u00f3n Mallorquina pone a su predisposici\u00f3n un horario flexible de atenci\u00f3n al usuario. De esta manera podr\u00e1 llamar cuando pueda y sus agentes van a poder asistirle. La persona de atenci\u00f3n al cliente se va a poner a su total predisposici\u00f3n para ayudarle en lo que necesite. Si lo precisa su llamada va a ser desviada a un agente especialista en seguro de decesos que le podr\u00e1 asistir con sus cuestiones y dudas acerca de sus servicios contratados. Con la llamada finalizada ya habr\u00e1 recibido respuesta a todas sus preguntas y va a ser de su agrado el trato recibido por el agente.<br \/>\n<div class=\"colorf\"><div class=\"container clearfix\"><div class=\"col-md-7\"><\/p>\n<h3><span class=\"ez-toc-section\" id=\"Correo_electronico_de_Prevision_Mallorquina\"><\/span>Correo electr\u00f3nico de Previsi\u00f3n Mallorquina<span class=\"ez-toc-section-end\"><\/span><\/h3>\n<p>La poblaci\u00f3n est\u00e1 al tanto de lo importante que es, en los tiempos que vivimos, Internet, con lo que disponen de perfiles en plataformas de mensajer\u00eda como Hotmail o Gmail. para poder llevar a cabo distintos tr\u00e1mites, env\u00edos de archivos, consultas. Con la intenci\u00f3n de recibir datos en torno a su seguro de decesos, es de las herramientas m\u00e1s beneficiosas y recomendables. El e-mail de Previsi\u00f3n Mallorquina es <strong>central@laprevisionmallorquina.com<\/strong>\u00a0y tendr\u00e1 la posibilidad de mandarle un mensaje con la cuesti\u00f3n que desee saber sobre, por servirnos de un ejemplo, su p\u00f3liza. Obtener la mejor respuesta para esclarecer cuanto quieras saber es tan sencillo como, mandar un correo y, adem\u00e1s de conseguir las mejores contestaciones, va a llegar a un buen comprensi\u00f3n.<br \/>\n<\/div><\/div><\/div><\/p>\n<h3><span class=\"ez-toc-section\" id=\"Formulario_en_el_sitio_Web_de_Prevision_Mallorquina\"><\/span>Formulario en el sitio Web de Previsi\u00f3n Mallorquina<span class=\"ez-toc-section-end\"><\/span><\/h3>\n<p>Internet ha hecho que nuestras vidas cambien y se ha convertido en la plataforma m\u00e1s usada. Su simpleza se ha convertido en \u00e9xito. Con teclear una palabra o bien oraci\u00f3n hallar\u00e1s millones de resultados relacionados con su busca. Con solo poner en Google <strong>www.previsionmallorquina.com\/<\/strong> acceder\u00e1 f\u00e1cilmente a la web de Previsi\u00f3n Mallorquina. En su web encontrar\u00e1 una idea general sobre todo sus servicios de su seguro de decesos. Costes, coberturas, ofertas, ventajas&#8230; unos datos que le ayudar\u00e1n a hacerse una ligera idea de la compa\u00f1\u00eda de seguros. La web te facilita un formulario f\u00e1cil de rellenar en el que tendr\u00e1 que completar diferentes campos: nombre y apellidos, n\u00famero, mail, etc\u00e9teraUna vez enviado, un agente especialista se va a poner de nuevo en contacto con resolviendo todas y cada una de las preguntas o bien cuestiones que usted le haya formulado.<br \/>\n<div class=\"colorf\"><div class=\"container clearfix\"><div class=\"col-md-7\"><\/p>\n<h3><span class=\"ez-toc-section\" id=\"Redes_sociales_de_Prevision_Mallorquina\"><\/span>Redes sociales de Previsi\u00f3n Mallorquina<span class=\"ez-toc-section-end\"><\/span><\/h3>\n<p>Miles y miles de personas son parte de las redes sociales con mayor relevancia y difusi\u00f3n: Instagram, Twitter y Fb. Previsi\u00f3n Mallorquina es conocedora del gran impacto y repercusi\u00f3n que tienen estas plataformas, con lo que dispone de un perfil en ellas. Es suficiente con teclear Previsi\u00f3n Mallorquina en la aplicaci\u00f3n para acceder a \u00e9l. Informaci\u00f3n esencial sobre su seguro de decesos como peculiaridades, ofertas o bien link a web es lo que hallar\u00e1 en el perfil de Previsi\u00f3n Mallorquina. Este servicio le ser\u00e1 de mucha ayuda para sostener contacto con la compa\u00f1\u00eda si de esta manera lo quiere.<br \/>\n<\/div><\/div><\/div><br \/>\n<div class=\"oficinas\"><br \/>\n<h3><span class=\"ez-toc-section\" id=\"Paginas_relacionadas\"><\/span>P\u00e1ginas relacionadas<span class=\"ez-toc-section-end\"><\/span><\/h3><div class=\"enlazado\"><ul> <li><a href=\"https:\/\/idecesos.com\/seguros\/companias\/atocha\/opiniones\/\">Opiniones Atocha<\/a><\/li> <li><a href=\"https:\/\/idecesos.com\/seguros\/companias\/atocha\/precio\/\">Precio seguro Atocha<\/a><\/li> <li><a href=\"https:\/\/idecesos.com\/seguros\/companias\/atocha\/prima-mixta\/\">Atocha Prima Mixta<\/a><\/li> <li><a href=\"https:\/\/idecesos.com\/seguros\/companias\/atocha\/prima-natural\/\">Atocha Prima Natural<\/a><\/li> <li><a href=\"https:\/\/idecesos.com\/seguros\/companias\/atocha\/prima-nivelada\/\">Atocha Prima Nivelada<\/a><\/li> <li><a href=\"https:\/\/idecesos.com\/seguros\/companias\/atocha\/prima-unica\/\">Atocha Prima \u00danica<\/a><\/li> <li><a href=\"https:\/\/idecesos.com\/seguros\/companias\/atocha\/repatriacion\/\">Atocha Repatriaci\u00f3n<\/a><\/li> <li><a href=\"https:\/\/idecesos.com\/seguros\/companias\/atocha\/telefono\/\">Tel\u00e9fono Gratuito Atocha<\/a><\/li><\/ul><\/div><br \/>\n<\/div><\/p>\n<\/div>\n","protected":false},"excerpt":{"rendered":"<p>Previsi\u00f3n Mallorquina tiene un horario de atenci\u00f3n al usuario las veinticuatro horas del d\u00eda, los trescientos sesenta y cinco d\u00edas del a\u00f1o. En pocos minutos le atender\u00e1 un profesional experto en el tema que le va a facilitar toda la informaci\u00f3n precisa sobre su seguro de decesos contrato. Temas como la libre elecci\u00f3n del cementerio,&hellip; <\/p>\n","protected":false},"author":1,"featured_media":0,"parent":9564,"menu_order":0,"comment_status":"closed","ping_status":"closed","template":"single.php","meta":{"footnotes":""},"class_list":["post-15458","page","type-page","status-publish","hentry"],"yoast_head":"<!-- This site is optimized with the Yoast SEO plugin v27.5 - https:\/\/yoast.com\/product\/yoast-seo-wordpress\/ -->\n<title>Tel\u00e9fono Gratuito Previsi\u00f3n Mallorquina \u25b7Atenci\u00f3n Cliente, Email, RRSS, Web<\/title>\n<meta name=\"description\" content=\"Busca aqu\u00ed\u3010Previsi\u00f3n Mallorquina seguros tel\u00e9fono gratuito\u3011Previsi\u00f3n Mallorquina Decesos tel\u00e9fono gratis: atenci\u00f3n al cliente y contrataciones \u2611\ufe0fVerificado en 2026\" \/>\n<meta name=\"robots\" content=\"index, follow, max-snippet:-1, max-image-preview:large, max-video-preview:-1\" \/>\n<link rel=\"canonical\" href=\"https:\/\/idecesos.com\/seguros\/companias\/prevision-mallorquina\/telefono\/\" \/>\n<meta property=\"og:locale\" content=\"es_ES\" \/>\n<meta property=\"og:type\" content=\"article\" \/>\n<meta property=\"og:title\" content=\"Tel\u00e9fono Gratuito Previsi\u00f3n Mallorquina \u25b7Atenci\u00f3n Cliente, Email, RRSS, Web\" \/>\n<meta property=\"og:description\" content=\"Busca aqu\u00ed\u3010Previsi\u00f3n Mallorquina seguros tel\u00e9fono gratuito\u3011Previsi\u00f3n Mallorquina Decesos tel\u00e9fono gratis: atenci\u00f3n al cliente y contrataciones \u2611\ufe0fVerificado en 2026\" \/>\n<meta property=\"og:url\" content=\"https:\/\/idecesos.com\/seguros\/companias\/prevision-mallorquina\/telefono\/\" \/>\n<meta property=\"article:modified_time\" content=\"2022-01-21T08:07:11+00:00\" \/>\n<meta name=\"twitter:card\" content=\"summary_large_image\" \/>\n<meta name=\"twitter:label1\" content=\"Tiempo de lectura\" \/>\n\t<meta name=\"twitter:data1\" content=\"4 minutos\" \/>\n<script type=\"application\/ld+json\" class=\"yoast-schema-graph\">{\"@context\":\"https:\\\/\\\/schema.org\",\"@graph\":[{\"@type\":\"WebPage\",\"@id\":\"https:\\\/\\\/idecesos.com\\\/seguros\\\/companias\\\/prevision-mallorquina\\\/telefono\\\/\",\"url\":\"https:\\\/\\\/idecesos.com\\\/seguros\\\/companias\\\/prevision-mallorquina\\\/telefono\\\/\",\"name\":\"Tel\u00e9fono Gratuito Previsi\u00f3n Mallorquina \u25b7Atenci\u00f3n Cliente, Email, RRSS, Web\",\"isPartOf\":{\"@id\":\"https:\\\/\\\/idecesos.com\\\/seguros\\\/#website\"},\"datePublished\":\"2021-11-25T10:18:00+00:00\",\"dateModified\":\"2022-01-21T08:07:11+00:00\",\"description\":\"Busca aqu\u00ed\u3010Previsi\u00f3n Mallorquina seguros tel\u00e9fono gratuito\u3011Previsi\u00f3n Mallorquina Decesos tel\u00e9fono gratis: atenci\u00f3n al cliente y contrataciones \u2611\ufe0fVerificado en 2026\",\"breadcrumb\":{\"@id\":\"https:\\\/\\\/idecesos.com\\\/seguros\\\/companias\\\/prevision-mallorquina\\\/telefono\\\/#breadcrumb\"},\"inLanguage\":\"es\",\"potentialAction\":[{\"@type\":\"ReadAction\",\"target\":[\"https:\\\/\\\/idecesos.com\\\/seguros\\\/companias\\\/prevision-mallorquina\\\/telefono\\\/\"]}]},{\"@type\":\"BreadcrumbList\",\"@id\":\"https:\\\/\\\/idecesos.com\\\/seguros\\\/companias\\\/prevision-mallorquina\\\/telefono\\\/#breadcrumb\",\"itemListElement\":[{\"@type\":\"ListItem\",\"position\":1,\"name\":\"Portada\",\"item\":\"https:\\\/\\\/idecesos.com\\\/seguros\\\/\"},{\"@type\":\"ListItem\",\"position\":2,\"name\":\"Compa\u00f1\u00edas de Seguros de Decesos en Espa\u00f1a\",\"item\":\"https:\\\/\\\/idecesos.com\\\/seguros\\\/companias\\\/\"},{\"@type\":\"ListItem\",\"position\":3,\"name\":\"Seguro de decesos Previsi\u00f3n Mallorquina\",\"item\":\"https:\\\/\\\/idecesos.com\\\/seguros\\\/companias\\\/prevision-mallorquina\\\/\"},{\"@type\":\"ListItem\",\"position\":4,\"name\":\"Atenci\u00f3n al cliente Previsi\u00f3n Mallorquina: telefono gratuito, e-mail\"}]},{\"@type\":\"WebSite\",\"@id\":\"https:\\\/\\\/idecesos.com\\\/seguros\\\/#website\",\"url\":\"https:\\\/\\\/idecesos.com\\\/seguros\\\/\",\"name\":\"\",\"description\":\"\",\"potentialAction\":[{\"@type\":\"SearchAction\",\"target\":{\"@type\":\"EntryPoint\",\"urlTemplate\":\"https:\\\/\\\/idecesos.com\\\/seguros\\\/?s={search_term_string}\"},\"query-input\":{\"@type\":\"PropertyValueSpecification\",\"valueRequired\":true,\"valueName\":\"search_term_string\"}}],\"inLanguage\":\"es\"}]}<\/script>\n<!-- \/ Yoast SEO plugin. -->","yoast_head_json":{"title":"Tel\u00e9fono Gratuito Previsi\u00f3n Mallorquina \u25b7Atenci\u00f3n Cliente, Email, RRSS, Web","description":"Busca aqu\u00ed\u3010Previsi\u00f3n Mallorquina seguros tel\u00e9fono gratuito\u3011Previsi\u00f3n Mallorquina Decesos tel\u00e9fono gratis: atenci\u00f3n al cliente y contrataciones \u2611\ufe0fVerificado en 2026","robots":{"index":"index","follow":"follow","max-snippet":"max-snippet:-1","max-image-preview":"max-image-preview:large","max-video-preview":"max-video-preview:-1"},"canonical":"https:\/\/idecesos.com\/seguros\/companias\/prevision-mallorquina\/telefono\/","og_locale":"es_ES","og_type":"article","og_title":"Tel\u00e9fono Gratuito Previsi\u00f3n Mallorquina \u25b7Atenci\u00f3n Cliente, Email, RRSS, Web","og_description":"Busca aqu\u00ed\u3010Previsi\u00f3n Mallorquina seguros tel\u00e9fono gratuito\u3011Previsi\u00f3n Mallorquina Decesos tel\u00e9fono gratis: atenci\u00f3n al cliente y contrataciones \u2611\ufe0fVerificado en 2026","og_url":"https:\/\/idecesos.com\/seguros\/companias\/prevision-mallorquina\/telefono\/","article_modified_time":"2022-01-21T08:07:11+00:00","twitter_card":"summary_large_image","twitter_misc":{"Tiempo de lectura":"4 minutos"},"schema":{"@context":"https:\/\/schema.org","@graph":[{"@type":"WebPage","@id":"https:\/\/idecesos.com\/seguros\/companias\/prevision-mallorquina\/telefono\/","url":"https:\/\/idecesos.com\/seguros\/companias\/prevision-mallorquina\/telefono\/","name":"Tel\u00e9fono Gratuito Previsi\u00f3n Mallorquina \u25b7Atenci\u00f3n Cliente, Email, RRSS, Web","isPartOf":{"@id":"https:\/\/idecesos.com\/seguros\/#website"},"datePublished":"2021-11-25T10:18:00+00:00","dateModified":"2022-01-21T08:07:11+00:00","description":"Busca aqu\u00ed\u3010Previsi\u00f3n Mallorquina seguros tel\u00e9fono gratuito\u3011Previsi\u00f3n Mallorquina Decesos tel\u00e9fono gratis: atenci\u00f3n al cliente y contrataciones \u2611\ufe0fVerificado en 2026","breadcrumb":{"@id":"https:\/\/idecesos.com\/seguros\/companias\/prevision-mallorquina\/telefono\/#breadcrumb"},"inLanguage":"es","potentialAction":[{"@type":"ReadAction","target":["https:\/\/idecesos.com\/seguros\/companias\/prevision-mallorquina\/telefono\/"]}]},{"@type":"BreadcrumbList","@id":"https:\/\/idecesos.com\/seguros\/companias\/prevision-mallorquina\/telefono\/#breadcrumb","itemListElement":[{"@type":"ListItem","position":1,"name":"Portada","item":"https:\/\/idecesos.com\/seguros\/"},{"@type":"ListItem","position":2,"name":"Compa\u00f1\u00edas de Seguros de Decesos en Espa\u00f1a","item":"https:\/\/idecesos.com\/seguros\/companias\/"},{"@type":"ListItem","position":3,"name":"Seguro de decesos Previsi\u00f3n Mallorquina","item":"https:\/\/idecesos.com\/seguros\/companias\/prevision-mallorquina\/"},{"@type":"ListItem","position":4,"name":"Atenci\u00f3n al cliente Previsi\u00f3n Mallorquina: telefono gratuito, e-mail"}]},{"@type":"WebSite","@id":"https:\/\/idecesos.com\/seguros\/#website","url":"https:\/\/idecesos.com\/seguros\/","name":"","description":"","potentialAction":[{"@type":"SearchAction","target":{"@type":"EntryPoint","urlTemplate":"https:\/\/idecesos.com\/seguros\/?s={search_term_string}"},"query-input":{"@type":"PropertyValueSpecification","valueRequired":true,"valueName":"search_term_string"}}],"inLanguage":"es"}]}},"_links":{"self":[{"href":"https:\/\/idecesos.com\/seguros\/wp-json\/wp\/v2\/pages\/15458","targetHints":{"allow":["GET"]}}],"collection":[{"href":"https:\/\/idecesos.com\/seguros\/wp-json\/wp\/v2\/pages"}],"about":[{"href":"https:\/\/idecesos.com\/seguros\/wp-json\/wp\/v2\/types\/page"}],"author":[{"embeddable":true,"href":"https:\/\/idecesos.com\/seguros\/wp-json\/wp\/v2\/users\/1"}],"replies":[{"embeddable":true,"href":"https:\/\/idecesos.com\/seguros\/wp-json\/wp\/v2\/comments?post=15458"}],"version-history":[{"count":7,"href":"https:\/\/idecesos.com\/seguros\/wp-json\/wp\/v2\/pages\/15458\/revisions"}],"predecessor-version":[{"id":18960,"href":"https:\/\/idecesos.com\/seguros\/wp-json\/wp\/v2\/pages\/15458\/revisions\/18960"}],"up":[{"embeddable":true,"href":"https:\/\/idecesos.com\/seguros\/wp-json\/wp\/v2\/pages\/9564"}],"wp:attachment":[{"href":"https:\/\/idecesos.com\/seguros\/wp-json\/wp\/v2\/media?parent=15458"}],"curies":[{"name":"wp","href":"https:\/\/api.w.org\/{rel}","templated":true}]}}